{"id":119254,"date":"2015-02-24T20:13:29","date_gmt":"2015-02-24T20:13:29","guid":{"rendered":"https:\/\/henrik.www.ivinio.com\/?product=domaine-art-mas-classic-rouge"},"modified":"2022-03-13T10:19:52","modified_gmt":"2022-03-13T09:19:52","slug":"domaine-art-mas-classic-rouge","status":"publish","type":"product","link":"https:\/\/www.ivinio.com\/fr\/produit\/domaine-art-mas-classic-rouge\/","title":{"rendered":"Domaine Art Mas &#8211; Classic &#8211; Rouge"},"content":{"rendered":"<p>La cuv&eacute;e &quot;Classic&quot;&nbsp;du Vignoble Art Mas est un C&ocirc;tes-du-Rh&ocirc;ne Village du village de Visan entre Vacqueyras et Gigondas. Le vin est biologiquement cultiv&eacute; &agrave; 65% de Syrah et 35% de Grenache dont les vignes sont expos&eacute;es sud \/ sud-est. Xavier est int&eacute;ress&eacute; par la viticulture biodynamique et par l&#39;importance des crit&egrave;res astrales pour la vinification. Seulement 25hl \/ ha sont extraits et les raisins sont ramass&eacute;s&nbsp;&agrave; la main.<\/p>\n","protected":false},"excerpt":{"rendered":"<p>&quot;Classic&quot; du&nbsp;vignoble Art Mas est un vin rouge cultiv&eacute; en biodynamie et&nbsp;compos&eacute;&nbsp;de 65% de Syrah et 35% de Grenache. Un C&ocirc;tes-du-Rh&ocirc;ne Villages fruit&eacute; de Visan avec des ar&ocirc;mes intenses de cassis, une vraie d&eacute;couverte&nbsp;!<\/p>\n","protected":false},"featured_media":130661,"comment_status":"open","ping_status":"closed","template":"","meta":{"_monsterinsights_skip_tracking":false,"_monsterinsights_sitenote_active":false,"_monsterinsights_sitenote_note":"","_monsterinsights_sitenote_category":0,"_uf_show_specific_survey":0,"_uf_disable_surveys":false},"product_brand":[],"product_cat":[36619,36586],"product_tag":[],"class_list":{"0":"post-119254","1":"product","2":"type-product","3":"status-publish","4":"has-post-thumbnail","6":"product_cat-fr-cotes-du-rhone","7":"product_cat-vins-francais","8":"pa_alcohol-degree-15-fr","9":"pa_classification-aop-cotes-du-rhone-villages-visan-fr","10":"pa_color-rouge-fr","11":"pa_country-france-fr","12":"pa_grape-variety-grenache-fr","13":"pa_grape-variety-syrah-fr","14":"pa_region-vallee-du-rhone-fr","15":"pa_storage-potential-7-ans","16":"pa_vintage-2020-fr","17":"pa_volume-75-cl-fr","19":"first","20":"outofstock","21":"taxable","22":"shipping-taxable","23":"purchasable","24":"product-type-simple"},"bundled_by":["119388"],"bundle_stock_status":"outofstock","bundle_stock_quantity":1,"bundle_virtual":false,"bundle_layout":"","bundle_add_to_cart_form_location":"","bundle_editable_in_cart":false,"bundle_sold_individually_context":"","bundle_item_grouping":"","bundle_min_size":"","bundle_max_size":"","bundle_price":[],"bundled_items":[],"bundle_sell_ids":[],"yoast_head":"<!-- This site is optimized with the Yoast SEO plugin v27.3 - https:\/\/yoast.com\/product\/yoast-seo-wordpress\/ -->\n<title>Art Domaine Mas - acheter du vin en ligne - boutique de vins en ligne Ivinio.com<\/title>\n<meta name=\"description\" content=\"Classic du Domaine Art Mas est un vin rouge cultiv\u00e9 biologiquement fabriqu\u00e9 \u00e0 partir de 65% de Syrah et 35% de Grenache. Un C\u00f4tes-du-Rh\u00f4ne Villages fruit\u00e9 aux notes de cassis, un vrai canon !\" \/>\n<meta name=\"robots\" content=\"index, follow, max-snippet:-1, max-image-preview:large, max-video-preview:-1\" \/>\n<link rel=\"canonical\" href=\"https:\/\/www.ivinio.com\/fr\/produit\/domaine-art-mas-classic-rouge\/\" \/>\n<meta property=\"og:locale\" content=\"fr_FR\" \/>\n<meta property=\"og:type\" content=\"article\" \/>\n<meta property=\"og:title\" content=\"Art Domaine Mas - acheter du vin en ligne - boutique de vins en ligne Ivinio.com\" \/>\n<meta property=\"og:description\" content=\"Classic du Domaine Art Mas est un vin rouge cultiv\u00e9 biologiquement fabriqu\u00e9 \u00e0 partir de 65% de Syrah et 35% de Grenache. Un C\u00f4tes-du-Rh\u00f4ne Villages fruit\u00e9 aux notes de cassis, un vrai canon !\" \/>\n<meta property=\"og:url\" content=\"https:\/\/www.ivinio.com\/fr\/produit\/domaine-art-mas-classic-rouge\/\" \/>\n<meta property=\"og:site_name\" content=\"IVINIO Wine Shop\" \/>\n<meta property=\"article:publisher\" content=\"https:\/\/www.facebook.com\/groups\/165217837022391\/?ref=bookmarks\" \/>\n<meta property=\"article:modified_time\" content=\"2022-03-13T09:19:52+00:00\" \/>\n<meta property=\"og:image\" content=\"https:\/\/www.ivinio.com\/wp-content\/uploads\/nc\/public\/modules\/file\/pictures\/5493.art-mas-classic-ivinio.jpg\" \/>\n\t<meta property=\"og:image:width\" content=\"500\" \/>\n\t<meta property=\"og:image:height\" content=\"500\" \/>\n\t<meta property=\"og:image:type\" content=\"image\/jpeg\" \/>\n<meta name=\"twitter:card\" content=\"summary_large_image\" \/>\n<script type=\"application\/ld+json\" class=\"yoast-schema-graph\">{\"@context\":\"https:\\\/\\\/schema.org\",\"@graph\":[{\"@type\":\"WebPage\",\"@id\":\"https:\\\/\\\/www.ivinio.com\\\/fr\\\/produit\\\/domaine-art-mas-classic-rouge\\\/\",\"url\":\"https:\\\/\\\/www.ivinio.com\\\/fr\\\/produit\\\/domaine-art-mas-classic-rouge\\\/\",\"name\":\"Art Domaine Mas - acheter du vin en ligne - boutique de vins en ligne Ivinio.com\",\"isPartOf\":{\"@id\":\"https:\\\/\\\/www.ivinio.com\\\/fr\\\/#website\"},\"primaryImageOfPage\":{\"@id\":\"https:\\\/\\\/www.ivinio.com\\\/fr\\\/produit\\\/domaine-art-mas-classic-rouge\\\/#primaryimage\"},\"image\":{\"@id\":\"https:\\\/\\\/www.ivinio.com\\\/fr\\\/produit\\\/domaine-art-mas-classic-rouge\\\/#primaryimage\"},\"thumbnailUrl\":\"https:\\\/\\\/www.ivinio.com\\\/wp-content\\\/uploads\\\/nc\\\/public\\\/modules\\\/file\\\/pictures\\\/5493.art-mas-classic-ivinio.jpg\",\"datePublished\":\"2015-02-24T20:13:29+00:00\",\"dateModified\":\"2022-03-13T09:19:52+00:00\",\"description\":\"Classic du Domaine Art Mas est un vin rouge cultiv\u00e9 biologiquement fabriqu\u00e9 \u00e0 partir de 65% de Syrah et 35% de Grenache. Un C\u00f4tes-du-Rh\u00f4ne Villages fruit\u00e9 aux notes de cassis, un vrai canon !\",\"breadcrumb\":{\"@id\":\"https:\\\/\\\/www.ivinio.com\\\/fr\\\/produit\\\/domaine-art-mas-classic-rouge\\\/#breadcrumb\"},\"inLanguage\":\"fr-FR\",\"potentialAction\":[{\"@type\":\"ReadAction\",\"target\":[\"https:\\\/\\\/www.ivinio.com\\\/fr\\\/produit\\\/domaine-art-mas-classic-rouge\\\/\"]}]},{\"@type\":\"ImageObject\",\"inLanguage\":\"fr-FR\",\"@id\":\"https:\\\/\\\/www.ivinio.com\\\/fr\\\/produit\\\/domaine-art-mas-classic-rouge\\\/#primaryimage\",\"url\":\"https:\\\/\\\/www.ivinio.com\\\/wp-content\\\/uploads\\\/nc\\\/public\\\/modules\\\/file\\\/pictures\\\/5493.art-mas-classic-ivinio.jpg\",\"contentUrl\":\"https:\\\/\\\/www.ivinio.com\\\/wp-content\\\/uploads\\\/nc\\\/public\\\/modules\\\/file\\\/pictures\\\/5493.art-mas-classic-ivinio.jpg\",\"width\":500,\"height\":500},{\"@type\":\"BreadcrumbList\",\"@id\":\"https:\\\/\\\/www.ivinio.com\\\/fr\\\/produit\\\/domaine-art-mas-classic-rouge\\\/#breadcrumb\",\"itemListElement\":[{\"@type\":\"ListItem\",\"position\":1,\"name\":\"Home\",\"item\":\"https:\\\/\\\/www.ivinio.com\\\/fr\\\/\"},{\"@type\":\"ListItem\",\"position\":2,\"name\":\"Boutique de vin\",\"item\":\"https:\\\/\\\/www.ivinio.com\\\/fr\\\/boutique-de-vin\\\/\"},{\"@type\":\"ListItem\",\"position\":3,\"name\":\"Domaine Art Mas &#8211; Classic &#8211; Rouge\"}]},{\"@type\":\"WebSite\",\"@id\":\"https:\\\/\\\/www.ivinio.com\\\/fr\\\/#website\",\"url\":\"https:\\\/\\\/www.ivinio.com\\\/fr\\\/\",\"name\":\"IVINIO Wine Shop\",\"description\":\"French and Italian wines with delivery to your door\",\"publisher\":{\"@id\":\"https:\\\/\\\/www.ivinio.com\\\/fr\\\/#organization\"},\"potentialAction\":[{\"@type\":\"SearchAction\",\"target\":{\"@type\":\"EntryPoint\",\"urlTemplate\":\"https:\\\/\\\/www.ivinio.com\\\/fr\\\/?s={search_term_string}\"},\"query-input\":{\"@type\":\"PropertyValueSpecification\",\"valueRequired\":true,\"valueName\":\"search_term_string\"}}],\"inLanguage\":\"fr-FR\"},{\"@type\":\"Organization\",\"@id\":\"https:\\\/\\\/www.ivinio.com\\\/fr\\\/#organization\",\"name\":\"IVINIO\",\"url\":\"https:\\\/\\\/www.ivinio.com\\\/fr\\\/\",\"logo\":{\"@type\":\"ImageObject\",\"inLanguage\":\"fr-FR\",\"@id\":\"https:\\\/\\\/www.ivinio.com\\\/fr\\\/#\\\/schema\\\/logo\\\/image\\\/\",\"url\":\"https:\\\/\\\/www.ivinio.com\\\/wp-content\\\/uploads\\\/2021\\\/01\\\/Logo-Ivinio-v2.jpg\",\"contentUrl\":\"https:\\\/\\\/www.ivinio.com\\\/wp-content\\\/uploads\\\/2021\\\/01\\\/Logo-Ivinio-v2.jpg\",\"width\":1194,\"height\":1194,\"caption\":\"IVINIO\"},\"image\":{\"@id\":\"https:\\\/\\\/www.ivinio.com\\\/fr\\\/#\\\/schema\\\/logo\\\/image\\\/\"},\"sameAs\":[\"https:\\\/\\\/www.facebook.com\\\/groups\\\/165217837022391\\\/?ref=bookmarks\",\"https:\\\/\\\/www.instagram.com\\\/_ivinio_\\\/?hl=fr\"]}]}<\/script>\n<!-- \/ Yoast SEO plugin. -->","yoast_head_json":{"title":"Art Domaine Mas - acheter du vin en ligne - boutique de vins en ligne Ivinio.com","description":"Classic du Domaine Art Mas est un vin rouge cultiv\u00e9 biologiquement fabriqu\u00e9 \u00e0 partir de 65% de Syrah et 35% de Grenache. Un C\u00f4tes-du-Rh\u00f4ne Villages fruit\u00e9 aux notes de cassis, un vrai canon !","robots":{"index":"index","follow":"follow","max-snippet":"max-snippet:-1","max-image-preview":"max-image-preview:large","max-video-preview":"max-video-preview:-1"},"canonical":"https:\/\/www.ivinio.com\/fr\/produit\/domaine-art-mas-classic-rouge\/","og_locale":"fr_FR","og_type":"article","og_title":"Art Domaine Mas - acheter du vin en ligne - boutique de vins en ligne Ivinio.com","og_description":"Classic du Domaine Art Mas est un vin rouge cultiv\u00e9 biologiquement fabriqu\u00e9 \u00e0 partir de 65% de Syrah et 35% de Grenache. Un C\u00f4tes-du-Rh\u00f4ne Villages fruit\u00e9 aux notes de cassis, un vrai canon !","og_url":"https:\/\/www.ivinio.com\/fr\/produit\/domaine-art-mas-classic-rouge\/","og_site_name":"IVINIO Wine Shop","article_publisher":"https:\/\/www.facebook.com\/groups\/165217837022391\/?ref=bookmarks","article_modified_time":"2022-03-13T09:19:52+00:00","og_image":[{"width":500,"height":500,"url":"https:\/\/www.ivinio.com\/wp-content\/uploads\/nc\/public\/modules\/file\/pictures\/5493.art-mas-classic-ivinio.jpg","type":"image\/jpeg"}],"twitter_card":"summary_large_image","schema":{"@context":"https:\/\/schema.org","@graph":[{"@type":"WebPage","@id":"https:\/\/www.ivinio.com\/fr\/produit\/domaine-art-mas-classic-rouge\/","url":"https:\/\/www.ivinio.com\/fr\/produit\/domaine-art-mas-classic-rouge\/","name":"Art Domaine Mas - acheter du vin en ligne - boutique de vins en ligne Ivinio.com","isPartOf":{"@id":"https:\/\/www.ivinio.com\/fr\/#website"},"primaryImageOfPage":{"@id":"https:\/\/www.ivinio.com\/fr\/produit\/domaine-art-mas-classic-rouge\/#primaryimage"},"image":{"@id":"https:\/\/www.ivinio.com\/fr\/produit\/domaine-art-mas-classic-rouge\/#primaryimage"},"thumbnailUrl":"https:\/\/www.ivinio.com\/wp-content\/uploads\/nc\/public\/modules\/file\/pictures\/5493.art-mas-classic-ivinio.jpg","datePublished":"2015-02-24T20:13:29+00:00","dateModified":"2022-03-13T09:19:52+00:00","description":"Classic du Domaine Art Mas est un vin rouge cultiv\u00e9 biologiquement fabriqu\u00e9 \u00e0 partir de 65% de Syrah et 35% de Grenache. Un C\u00f4tes-du-Rh\u00f4ne Villages fruit\u00e9 aux notes de cassis, un vrai canon !","breadcrumb":{"@id":"https:\/\/www.ivinio.com\/fr\/produit\/domaine-art-mas-classic-rouge\/#breadcrumb"},"inLanguage":"fr-FR","potentialAction":[{"@type":"ReadAction","target":["https:\/\/www.ivinio.com\/fr\/produit\/domaine-art-mas-classic-rouge\/"]}]},{"@type":"ImageObject","inLanguage":"fr-FR","@id":"https:\/\/www.ivinio.com\/fr\/produit\/domaine-art-mas-classic-rouge\/#primaryimage","url":"https:\/\/www.ivinio.com\/wp-content\/uploads\/nc\/public\/modules\/file\/pictures\/5493.art-mas-classic-ivinio.jpg","contentUrl":"https:\/\/www.ivinio.com\/wp-content\/uploads\/nc\/public\/modules\/file\/pictures\/5493.art-mas-classic-ivinio.jpg","width":500,"height":500},{"@type":"BreadcrumbList","@id":"https:\/\/www.ivinio.com\/fr\/produit\/domaine-art-mas-classic-rouge\/#breadcrumb","itemListElement":[{"@type":"ListItem","position":1,"name":"Home","item":"https:\/\/www.ivinio.com\/fr\/"},{"@type":"ListItem","position":2,"name":"Boutique de vin","item":"https:\/\/www.ivinio.com\/fr\/boutique-de-vin\/"},{"@type":"ListItem","position":3,"name":"Domaine Art Mas &#8211; Classic &#8211; Rouge"}]},{"@type":"WebSite","@id":"https:\/\/www.ivinio.com\/fr\/#website","url":"https:\/\/www.ivinio.com\/fr\/","name":"IVINIO Wine Shop","description":"French and Italian wines with delivery to your door","publisher":{"@id":"https:\/\/www.ivinio.com\/fr\/#organization"},"potentialAction":[{"@type":"SearchAction","target":{"@type":"EntryPoint","urlTemplate":"https:\/\/www.ivinio.com\/fr\/?s={search_term_string}"},"query-input":{"@type":"PropertyValueSpecification","valueRequired":true,"valueName":"search_term_string"}}],"inLanguage":"fr-FR"},{"@type":"Organization","@id":"https:\/\/www.ivinio.com\/fr\/#organization","name":"IVINIO","url":"https:\/\/www.ivinio.com\/fr\/","logo":{"@type":"ImageObject","inLanguage":"fr-FR","@id":"https:\/\/www.ivinio.com\/fr\/#\/schema\/logo\/image\/","url":"https:\/\/www.ivinio.com\/wp-content\/uploads\/2021\/01\/Logo-Ivinio-v2.jpg","contentUrl":"https:\/\/www.ivinio.com\/wp-content\/uploads\/2021\/01\/Logo-Ivinio-v2.jpg","width":1194,"height":1194,"caption":"IVINIO"},"image":{"@id":"https:\/\/www.ivinio.com\/fr\/#\/schema\/logo\/image\/"},"sameAs":["https:\/\/www.facebook.com\/groups\/165217837022391\/?ref=bookmarks","https:\/\/www.instagram.com\/_ivinio_\/?hl=fr"]}]}},"jetpack_sharing_enabled":true,"_links":{"self":[{"href":"https:\/\/www.ivinio.com\/fr\/wp-json\/wp\/v2\/product\/119254","targetHints":{"allow":["GET"]}}],"collection":[{"href":"https:\/\/www.ivinio.com\/fr\/wp-json\/wp\/v2\/product"}],"about":[{"href":"https:\/\/www.ivinio.com\/fr\/wp-json\/wp\/v2\/types\/product"}],"replies":[{"embeddable":true,"href":"https:\/\/www.ivinio.com\/fr\/wp-json\/wp\/v2\/comments?post=119254"}],"wp:featuredmedia":[{"embeddable":true,"href":"https:\/\/www.ivinio.com\/fr\/wp-json\/wp\/v2\/media\/130661"}],"wp:attachment":[{"href":"https:\/\/www.ivinio.com\/fr\/wp-json\/wp\/v2\/media?parent=119254"}],"wp:term":[{"taxonomy":"product_brand","embeddable":true,"href":"https:\/\/www.ivinio.com\/fr\/wp-json\/wp\/v2\/product_brand?post=119254"},{"taxonomy":"product_cat","embeddable":true,"href":"https:\/\/www.ivinio.com\/fr\/wp-json\/wp\/v2\/product_cat?post=119254"},{"taxonomy":"product_tag","embeddable":true,"href":"https:\/\/www.ivinio.com\/fr\/wp-json\/wp\/v2\/product_tag?post=119254"}],"curies":[{"name":"wp","href":"https:\/\/api.w.org\/{rel}","templated":true}]}}