{"id":119248,"date":"2015-02-24T20:13:29","date_gmt":"2015-02-24T20:13:29","guid":{"rendered":"https:\/\/henrik.www.ivinio.com\/?product=domaine-art-mas-il-etait-une-fois-rouge"},"modified":"2026-04-25T17:11:08","modified_gmt":"2026-04-25T15:11:08","slug":"vignoble-art-mas-il-etait-une-fois-rouge","status":"publish","type":"product","link":"https:\/\/www.ivinio.com\/fr\/produit\/vignoble-art-mas-il-etait-une-fois-rouge\/","title":{"rendered":"Vignoble Art Mas &#8211; &#8220;Il \u00e9tait une fois&#8230;&#8221; &#8211; Rouge"},"content":{"rendered":"<p>&#8220;Il \u00e9tait une fois&#8230;&#8221; est un hommage au grand p\u00e8re de Xavier Combes dont sont aujourd&#8217;hui cultiv\u00e9es les vignes comme autrefois. Le vin est biologiquement cultiv\u00e9 et produit \u00e0 70% de Syrah et 30% de Grenache expos\u00e9s \u00e0 est. Xavier est particuli\u00e8rement int\u00e9ress\u00e9 par la viticulture biodynamique et la vinfication se fait selon les crit\u00e8res astrales. Le vin est cultiv\u00e9 \u00e0 Visan, une petite ville entre les c\u00e9l\u00e8bres appellations Vacqueyras et Gigondas.<\/p>\n","protected":false},"excerpt":{"rendered":"<p>Il \u00e9tait une fois&#8230; est un vin rouge bio compos\u00e9 \u00e0\u00a070% de Syrah et\u00a030% de Grenache. Une v\u00e9rtiable &#8220;bombe de fruit&#8221; aux saveurs de baies rouges et une grande fra\u00eecheur.<\/p>\n","protected":false},"featured_media":130026,"comment_status":"open","ping_status":"closed","template":"","meta":{"_monsterinsights_skip_tracking":false,"_monsterinsights_sitenote_active":false,"_monsterinsights_sitenote_note":"","_monsterinsights_sitenote_category":0,"_uf_show_specific_survey":0,"_uf_disable_surveys":false},"product_brand":[],"product_cat":[36619,36586],"product_tag":[],"class_list":{"0":"post-119248","1":"product","2":"type-product","3":"status-publish","4":"has-post-thumbnail","6":"product_cat-fr-cotes-du-rhone","7":"product_cat-vins-francais","8":"pa_alcohol-degree-14-fr","9":"pa_awards-guide-hachette-fr","10":"pa_classification-aop-cotes-du-rhone-villages-visan-fr","11":"pa_color-rouge-fr","12":"pa_country-france-fr","13":"pa_grape-variety-grenache-fr","14":"pa_grape-variety-syrah-fr","15":"pa_region-vallee-du-rhone-fr","16":"pa_storage-potential-5-ans-fr","17":"pa_vintage-2023-fr","18":"pa_volume-75-cl-fr","20":"first","21":"instock","22":"taxable","23":"shipping-taxable","24":"purchasable","25":"product-type-simple"},"bundled_by":["119388"],"bundle_stock_status":"instock","bundle_stock_quantity":null,"bundle_virtual":false,"bundle_layout":"","bundle_add_to_cart_form_location":"","bundle_editable_in_cart":false,"bundle_sold_individually_context":"","bundle_item_grouping":"","bundle_min_size":"","bundle_max_size":"","bundle_price":[],"bundled_items":[],"bundle_sell_ids":[],"yoast_head":"<!-- This site is optimized with the Yoast SEO plugin v27.5 - https:\/\/yoast.com\/product\/yoast-seo-wordpress\/ -->\n<title>Acheter Vignoble Art Mas - &quot;Il \u00e9tait une fois...&quot; - vin rouge - IVINIO Caviste<\/title>\n<meta name=\"description\" content=\"Acheter Vignoble Art Mas - &quot;Il \u00e9tait une fois...&quot; - vin rouge biodynamique. Tr\u00e8s fruit\u00e9, saveurs de baies rouges et une belle fra\u00eecheur !\" \/>\n<meta name=\"robots\" content=\"index, follow, max-snippet:-1, max-image-preview:large, max-video-preview:-1\" \/>\n<link rel=\"canonical\" href=\"https:\/\/www.ivinio.com\/fr\/produit\/vignoble-art-mas-il-etait-une-fois-rouge\/\" \/>\n<meta property=\"og:locale\" content=\"fr_FR\" \/>\n<meta property=\"og:type\" content=\"article\" \/>\n<meta property=\"og:title\" content=\"Acheter Vignoble Art Mas - &quot;Il \u00e9tait une fois...&quot; - vin rouge - IVINIO Caviste\" \/>\n<meta property=\"og:description\" content=\"Acheter Vignoble Art Mas - &quot;Il \u00e9tait une fois...&quot; - vin rouge biodynamique. Tr\u00e8s fruit\u00e9, saveurs de baies rouges et une belle fra\u00eecheur !\" \/>\n<meta property=\"og:url\" content=\"https:\/\/www.ivinio.com\/fr\/produit\/vignoble-art-mas-il-etait-une-fois-rouge\/\" \/>\n<meta property=\"og:site_name\" content=\"IVINIO Caviste\" \/>\n<meta property=\"article:publisher\" content=\"https:\/\/www.facebook.com\/groups\/165217837022391\/?ref=bookmarks\" \/>\n<meta property=\"article:modified_time\" content=\"2026-04-25T15:11:08+00:00\" \/>\n<meta property=\"og:image\" content=\"https:\/\/www.ivinio.com\/wp-content\/uploads\/nc\/public\/modules\/file\/pictures\/5490.art-mas-il-tait-une-fois-ivinio.jpg\" \/>\n\t<meta property=\"og:image:width\" content=\"500\" \/>\n\t<meta property=\"og:image:height\" content=\"500\" \/>\n\t<meta property=\"og:image:type\" content=\"image\/jpeg\" \/>\n<meta name=\"twitter:card\" content=\"summary_large_image\" \/>\n<meta name=\"twitter:label1\" content=\"Dur\u00e9e de lecture estim\u00e9e\" \/>\n\t<meta name=\"twitter:data1\" content=\"1 minute\" \/>\n<script type=\"application\/ld+json\" class=\"yoast-schema-graph\">{\"@context\":\"https:\\\/\\\/schema.org\",\"@graph\":[{\"@type\":\"WebPage\",\"@id\":\"https:\\\/\\\/www.ivinio.com\\\/fr\\\/produit\\\/vignoble-art-mas-il-etait-une-fois-rouge\\\/\",\"url\":\"https:\\\/\\\/www.ivinio.com\\\/fr\\\/produit\\\/vignoble-art-mas-il-etait-une-fois-rouge\\\/\",\"name\":\"Acheter Vignoble Art Mas - \\\"Il \u00e9tait une fois...\\\" - vin rouge - IVINIO Caviste\",\"isPartOf\":{\"@id\":\"https:\\\/\\\/www.ivinio.com\\\/fr\\\/#website\"},\"primaryImageOfPage\":{\"@id\":\"https:\\\/\\\/www.ivinio.com\\\/fr\\\/produit\\\/vignoble-art-mas-il-etait-une-fois-rouge\\\/#primaryimage\"},\"image\":{\"@id\":\"https:\\\/\\\/www.ivinio.com\\\/fr\\\/produit\\\/vignoble-art-mas-il-etait-une-fois-rouge\\\/#primaryimage\"},\"thumbnailUrl\":\"https:\\\/\\\/www.ivinio.com\\\/wp-content\\\/uploads\\\/nc\\\/public\\\/modules\\\/file\\\/pictures\\\/5490.art-mas-il-tait-une-fois-ivinio.jpg\",\"datePublished\":\"2015-02-24T20:13:29+00:00\",\"dateModified\":\"2026-04-25T15:11:08+00:00\",\"description\":\"Acheter Vignoble Art Mas - \\\"Il \u00e9tait une fois...\\\" - vin rouge biodynamique. Tr\u00e8s fruit\u00e9, saveurs de baies rouges et une belle fra\u00eecheur !\",\"breadcrumb\":{\"@id\":\"https:\\\/\\\/www.ivinio.com\\\/fr\\\/produit\\\/vignoble-art-mas-il-etait-une-fois-rouge\\\/#breadcrumb\"},\"inLanguage\":\"fr-FR\",\"potentialAction\":[{\"@type\":\"ReadAction\",\"target\":[\"https:\\\/\\\/www.ivinio.com\\\/fr\\\/produit\\\/vignoble-art-mas-il-etait-une-fois-rouge\\\/\"]}]},{\"@type\":\"ImageObject\",\"inLanguage\":\"fr-FR\",\"@id\":\"https:\\\/\\\/www.ivinio.com\\\/fr\\\/produit\\\/vignoble-art-mas-il-etait-une-fois-rouge\\\/#primaryimage\",\"url\":\"https:\\\/\\\/www.ivinio.com\\\/wp-content\\\/uploads\\\/nc\\\/public\\\/modules\\\/file\\\/pictures\\\/5490.art-mas-il-tait-une-fois-ivinio.jpg\",\"contentUrl\":\"https:\\\/\\\/www.ivinio.com\\\/wp-content\\\/uploads\\\/nc\\\/public\\\/modules\\\/file\\\/pictures\\\/5490.art-mas-il-tait-une-fois-ivinio.jpg\",\"width\":500,\"height\":500,\"caption\":\"Vignoble Art Mas - Il \u00e9tait une fois...\"},{\"@type\":\"BreadcrumbList\",\"@id\":\"https:\\\/\\\/www.ivinio.com\\\/fr\\\/produit\\\/vignoble-art-mas-il-etait-une-fois-rouge\\\/#breadcrumb\",\"itemListElement\":[{\"@type\":\"ListItem\",\"position\":1,\"name\":\"Home\",\"item\":\"https:\\\/\\\/www.ivinio.com\\\/fr\\\/\"},{\"@type\":\"ListItem\",\"position\":2,\"name\":\"Boutique de vin\",\"item\":\"https:\\\/\\\/www.ivinio.com\\\/fr\\\/boutique-de-vin\\\/\"},{\"@type\":\"ListItem\",\"position\":3,\"name\":\"Vignoble Art Mas &#8211; &#8220;Il \u00e9tait une fois&#8230;&#8221; &#8211; Rouge\"}]},{\"@type\":\"WebSite\",\"@id\":\"https:\\\/\\\/www.ivinio.com\\\/fr\\\/#website\",\"url\":\"https:\\\/\\\/www.ivinio.com\\\/fr\\\/\",\"name\":\"IVINIO Caviste\",\"description\":\"Vins de France et d&#039;Italie avec livraison \u00e0 domicile\",\"publisher\":{\"@id\":\"https:\\\/\\\/www.ivinio.com\\\/fr\\\/#organization\"},\"potentialAction\":[{\"@type\":\"SearchAction\",\"target\":{\"@type\":\"EntryPoint\",\"urlTemplate\":\"https:\\\/\\\/www.ivinio.com\\\/fr\\\/?s={search_term_string}\"},\"query-input\":{\"@type\":\"PropertyValueSpecification\",\"valueRequired\":true,\"valueName\":\"search_term_string\"}}],\"inLanguage\":\"fr-FR\"},{\"@type\":\"Organization\",\"@id\":\"https:\\\/\\\/www.ivinio.com\\\/fr\\\/#organization\",\"name\":\"IVINIO\",\"url\":\"https:\\\/\\\/www.ivinio.com\\\/fr\\\/\",\"logo\":{\"@type\":\"ImageObject\",\"inLanguage\":\"fr-FR\",\"@id\":\"https:\\\/\\\/www.ivinio.com\\\/fr\\\/#\\\/schema\\\/logo\\\/image\\\/\",\"url\":\"https:\\\/\\\/www.ivinio.com\\\/wp-content\\\/uploads\\\/2021\\\/01\\\/Logo-Ivinio-v2.jpg\",\"contentUrl\":\"https:\\\/\\\/www.ivinio.com\\\/wp-content\\\/uploads\\\/2021\\\/01\\\/Logo-Ivinio-v2.jpg\",\"width\":1194,\"height\":1194,\"caption\":\"IVINIO\"},\"image\":{\"@id\":\"https:\\\/\\\/www.ivinio.com\\\/fr\\\/#\\\/schema\\\/logo\\\/image\\\/\"},\"sameAs\":[\"https:\\\/\\\/www.facebook.com\\\/groups\\\/165217837022391\\\/?ref=bookmarks\",\"https:\\\/\\\/www.instagram.com\\\/_ivinio_\\\/?hl=fr\"]}]}<\/script>\n<!-- \/ Yoast SEO plugin. -->","yoast_head_json":{"title":"Acheter Vignoble Art Mas - \"Il \u00e9tait une fois...\" - vin rouge - IVINIO Caviste","description":"Acheter Vignoble Art Mas - \"Il \u00e9tait une fois...\" - vin rouge biodynamique. Tr\u00e8s fruit\u00e9, saveurs de baies rouges et une belle fra\u00eecheur !","robots":{"index":"index","follow":"follow","max-snippet":"max-snippet:-1","max-image-preview":"max-image-preview:large","max-video-preview":"max-video-preview:-1"},"canonical":"https:\/\/www.ivinio.com\/fr\/produit\/vignoble-art-mas-il-etait-une-fois-rouge\/","og_locale":"fr_FR","og_type":"article","og_title":"Acheter Vignoble Art Mas - \"Il \u00e9tait une fois...\" - vin rouge - IVINIO Caviste","og_description":"Acheter Vignoble Art Mas - \"Il \u00e9tait une fois...\" - vin rouge biodynamique. Tr\u00e8s fruit\u00e9, saveurs de baies rouges et une belle fra\u00eecheur !","og_url":"https:\/\/www.ivinio.com\/fr\/produit\/vignoble-art-mas-il-etait-une-fois-rouge\/","og_site_name":"IVINIO Caviste","article_publisher":"https:\/\/www.facebook.com\/groups\/165217837022391\/?ref=bookmarks","article_modified_time":"2026-04-25T15:11:08+00:00","og_image":[{"width":500,"height":500,"url":"https:\/\/www.ivinio.com\/wp-content\/uploads\/nc\/public\/modules\/file\/pictures\/5490.art-mas-il-tait-une-fois-ivinio.jpg","type":"image\/jpeg"}],"twitter_card":"summary_large_image","twitter_misc":{"Dur\u00e9e de lecture estim\u00e9e":"1 minute"},"schema":{"@context":"https:\/\/schema.org","@graph":[{"@type":"WebPage","@id":"https:\/\/www.ivinio.com\/fr\/produit\/vignoble-art-mas-il-etait-une-fois-rouge\/","url":"https:\/\/www.ivinio.com\/fr\/produit\/vignoble-art-mas-il-etait-une-fois-rouge\/","name":"Acheter Vignoble Art Mas - \"Il \u00e9tait une fois...\" - vin rouge - IVINIO Caviste","isPartOf":{"@id":"https:\/\/www.ivinio.com\/fr\/#website"},"primaryImageOfPage":{"@id":"https:\/\/www.ivinio.com\/fr\/produit\/vignoble-art-mas-il-etait-une-fois-rouge\/#primaryimage"},"image":{"@id":"https:\/\/www.ivinio.com\/fr\/produit\/vignoble-art-mas-il-etait-une-fois-rouge\/#primaryimage"},"thumbnailUrl":"https:\/\/www.ivinio.com\/wp-content\/uploads\/nc\/public\/modules\/file\/pictures\/5490.art-mas-il-tait-une-fois-ivinio.jpg","datePublished":"2015-02-24T20:13:29+00:00","dateModified":"2026-04-25T15:11:08+00:00","description":"Acheter Vignoble Art Mas - \"Il \u00e9tait une fois...\" - vin rouge biodynamique. Tr\u00e8s fruit\u00e9, saveurs de baies rouges et une belle fra\u00eecheur !","breadcrumb":{"@id":"https:\/\/www.ivinio.com\/fr\/produit\/vignoble-art-mas-il-etait-une-fois-rouge\/#breadcrumb"},"inLanguage":"fr-FR","potentialAction":[{"@type":"ReadAction","target":["https:\/\/www.ivinio.com\/fr\/produit\/vignoble-art-mas-il-etait-une-fois-rouge\/"]}]},{"@type":"ImageObject","inLanguage":"fr-FR","@id":"https:\/\/www.ivinio.com\/fr\/produit\/vignoble-art-mas-il-etait-une-fois-rouge\/#primaryimage","url":"https:\/\/www.ivinio.com\/wp-content\/uploads\/nc\/public\/modules\/file\/pictures\/5490.art-mas-il-tait-une-fois-ivinio.jpg","contentUrl":"https:\/\/www.ivinio.com\/wp-content\/uploads\/nc\/public\/modules\/file\/pictures\/5490.art-mas-il-tait-une-fois-ivinio.jpg","width":500,"height":500,"caption":"Vignoble Art Mas - Il \u00e9tait une fois..."},{"@type":"BreadcrumbList","@id":"https:\/\/www.ivinio.com\/fr\/produit\/vignoble-art-mas-il-etait-une-fois-rouge\/#breadcrumb","itemListElement":[{"@type":"ListItem","position":1,"name":"Home","item":"https:\/\/www.ivinio.com\/fr\/"},{"@type":"ListItem","position":2,"name":"Boutique de vin","item":"https:\/\/www.ivinio.com\/fr\/boutique-de-vin\/"},{"@type":"ListItem","position":3,"name":"Vignoble Art Mas &#8211; &#8220;Il \u00e9tait une fois&#8230;&#8221; &#8211; Rouge"}]},{"@type":"WebSite","@id":"https:\/\/www.ivinio.com\/fr\/#website","url":"https:\/\/www.ivinio.com\/fr\/","name":"IVINIO Caviste","description":"Vins de France et d&#039;Italie avec livraison \u00e0 domicile","publisher":{"@id":"https:\/\/www.ivinio.com\/fr\/#organization"},"potentialAction":[{"@type":"SearchAction","target":{"@type":"EntryPoint","urlTemplate":"https:\/\/www.ivinio.com\/fr\/?s={search_term_string}"},"query-input":{"@type":"PropertyValueSpecification","valueRequired":true,"valueName":"search_term_string"}}],"inLanguage":"fr-FR"},{"@type":"Organization","@id":"https:\/\/www.ivinio.com\/fr\/#organization","name":"IVINIO","url":"https:\/\/www.ivinio.com\/fr\/","logo":{"@type":"ImageObject","inLanguage":"fr-FR","@id":"https:\/\/www.ivinio.com\/fr\/#\/schema\/logo\/image\/","url":"https:\/\/www.ivinio.com\/wp-content\/uploads\/2021\/01\/Logo-Ivinio-v2.jpg","contentUrl":"https:\/\/www.ivinio.com\/wp-content\/uploads\/2021\/01\/Logo-Ivinio-v2.jpg","width":1194,"height":1194,"caption":"IVINIO"},"image":{"@id":"https:\/\/www.ivinio.com\/fr\/#\/schema\/logo\/image\/"},"sameAs":["https:\/\/www.facebook.com\/groups\/165217837022391\/?ref=bookmarks","https:\/\/www.instagram.com\/_ivinio_\/?hl=fr"]}]}},"jetpack_sharing_enabled":true,"_links":{"self":[{"href":"https:\/\/www.ivinio.com\/fr\/wp-json\/wp\/v2\/product\/119248","targetHints":{"allow":["GET"]}}],"collection":[{"href":"https:\/\/www.ivinio.com\/fr\/wp-json\/wp\/v2\/product"}],"about":[{"href":"https:\/\/www.ivinio.com\/fr\/wp-json\/wp\/v2\/types\/product"}],"replies":[{"embeddable":true,"href":"https:\/\/www.ivinio.com\/fr\/wp-json\/wp\/v2\/comments?post=119248"}],"wp:featuredmedia":[{"embeddable":true,"href":"https:\/\/www.ivinio.com\/fr\/wp-json\/wp\/v2\/media\/130026"}],"wp:attachment":[{"href":"https:\/\/www.ivinio.com\/fr\/wp-json\/wp\/v2\/media?parent=119248"}],"wp:term":[{"taxonomy":"product_brand","embeddable":true,"href":"https:\/\/www.ivinio.com\/fr\/wp-json\/wp\/v2\/product_brand?post=119248"},{"taxonomy":"product_cat","embeddable":true,"href":"https:\/\/www.ivinio.com\/fr\/wp-json\/wp\/v2\/product_cat?post=119248"},{"taxonomy":"product_tag","embeddable":true,"href":"https:\/\/www.ivinio.com\/fr\/wp-json\/wp\/v2\/product_tag?post=119248"}],"curies":[{"name":"wp","href":"https:\/\/api.w.org\/{rel}","templated":true}]}}