{"id":119233,"date":"2014-07-04T17:31:31","date_gmt":"2014-07-04T17:31:31","guid":{"rendered":"https:\/\/henrik.www.ivinio.com\/?product=chateau-de-belleverne-moulin-a-vent-vieilles-vignes-2016-rouge"},"modified":"2022-05-14T12:21:38","modified_gmt":"2022-05-14T10:21:38","slug":"chateau-de-belleverne-moulin-a-vent-vieilles-vignes-rouge","status":"publish","type":"product","link":"https:\/\/www.ivinio.com\/fr\/produit\/chateau-de-belleverne-moulin-a-vent-vieilles-vignes-rouge\/","title":{"rendered":"Chateau de Belleverne &#8211; Moulin-\u00e0-vent &#8211; Vieilles Vignes &#8211; Rouge"},"content":{"rendered":"<p>Moulin \u00e0 Vent\u00a0&#8220;Vieilles Vignes&#8221; est compos\u00e9 \u00e00 100% de Gamay de vignes assez ag\u00e9es ce qui donne \u00e0 ce vin une belle concentration. Les grappes sont r\u00e9colt\u00e9es manuellement et vinfi\u00e9es de fa\u00e7on classique. Le vin est stock\u00e9 en cuve inox afin de conserver les ar\u00f4mes de fruits rouges au maximum. Le domaine est en agriculture raisonn\u00e9e.<\/p>\n","protected":false},"excerpt":{"rendered":"<p>Moulin \u00e0 Vent Vieilles vignes du Ch\u00e2teau de Belleverne est un vin rouge, un\u00a0&#8220;Cru&#8221; du\u00a0Beaujolais. Un\u00a0Moulin \u00e0 Vent floral, aux ar\u00f4mes \u00e9pic\u00e9s et un bon go\u00fbt de fruits rouges. A servir sur un gigot d&#8217;agneau et des l\u00e9gumes grill\u00e9s !<\/p>\n","protected":false},"featured_media":119236,"comment_status":"open","ping_status":"closed","template":"","meta":{"_monsterinsights_skip_tracking":false,"_monsterinsights_sitenote_active":false,"_monsterinsights_sitenote_note":"","_monsterinsights_sitenote_category":0,"_uf_show_specific_survey":0,"_uf_disable_surveys":false},"product_brand":[],"product_cat":[36616,36586],"product_tag":[],"class_list":{"0":"post-119233","1":"product","2":"type-product","3":"status-publish","4":"has-post-thumbnail","6":"product_cat-fr-beaujolais","7":"product_cat-vins-francais","8":"pa_alcohol-degree-13-fr","9":"pa_classification-aop-moulin-a-vent-fr","10":"pa_color-rouge-fr","11":"pa_country-france-fr","12":"pa_grape-variety-gamay-fr","13":"pa_region-beaujolais-fr","14":"pa_storage-potential-7-ans","15":"pa_vintage-2021-fr","16":"pa_volume-75-cl-fr","18":"first","19":"instock","20":"taxable","21":"shipping-taxable","22":"purchasable","23":"product-type-simple"},"bundled_by":["119308"],"bundle_stock_status":"instock","bundle_stock_quantity":null,"bundle_virtual":false,"bundle_layout":"","bundle_add_to_cart_form_location":"","bundle_editable_in_cart":false,"bundle_sold_individually_context":"","bundle_item_grouping":"","bundle_min_size":"","bundle_max_size":"","bundle_price":[],"bundled_items":[],"bundle_sell_ids":[],"yoast_head":"<!-- This site is optimized with the Yoast SEO plugin v27.5 - https:\/\/yoast.com\/product\/yoast-seo-wordpress\/ -->\n<title>Achat Chateau de Belleverne - Moulin-\u00e0-vent - Vieilles Vignes - IVINIO Caviste<\/title>\n<meta name=\"description\" content=\"Achat Chateau de Belleverne - Moulin-\u00e0-vent - Vieilles Vignes - Rouge. Un vin rouge floral et \u00e9pic\u00e9. S&#039;accorde tr\u00e8s bien avec de l&#039;agneau et des l\u00e9gumes.\" \/>\n<meta name=\"robots\" content=\"index, follow, max-snippet:-1, max-image-preview:large, max-video-preview:-1\" \/>\n<link rel=\"canonical\" href=\"https:\/\/www.ivinio.com\/fr\/produit\/chateau-de-belleverne-moulin-a-vent-vieilles-vignes-rouge\/\" \/>\n<meta property=\"og:locale\" content=\"fr_FR\" \/>\n<meta property=\"og:type\" content=\"article\" \/>\n<meta property=\"og:title\" content=\"Achat Chateau de Belleverne - Moulin-\u00e0-vent - Vieilles Vignes - IVINIO Caviste\" \/>\n<meta property=\"og:description\" content=\"Achat Chateau de Belleverne - Moulin-\u00e0-vent - Vieilles Vignes - Rouge. Un vin rouge floral et \u00e9pic\u00e9. S&#039;accorde tr\u00e8s bien avec de l&#039;agneau et des l\u00e9gumes.\" \/>\n<meta property=\"og:url\" content=\"https:\/\/www.ivinio.com\/fr\/produit\/chateau-de-belleverne-moulin-a-vent-vieilles-vignes-rouge\/\" \/>\n<meta property=\"og:site_name\" content=\"IVINIO Caviste\" \/>\n<meta property=\"article:publisher\" content=\"https:\/\/www.facebook.com\/groups\/165217837022391\/?ref=bookmarks\" \/>\n<meta property=\"article:modified_time\" content=\"2022-05-14T10:21:38+00:00\" \/>\n<meta property=\"og:image\" content=\"https:\/\/www.ivinio.com\/wp-content\/uploads\/nc\/public\/modules\/file\/pictures\/5484.chateau-Belleverne-Moulin-vent-ivinio.jpg\" \/>\n\t<meta property=\"og:image:width\" content=\"500\" \/>\n\t<meta property=\"og:image:height\" content=\"500\" \/>\n\t<meta property=\"og:image:type\" content=\"image\/jpeg\" \/>\n<meta name=\"twitter:card\" content=\"summary_large_image\" \/>\n<script type=\"application\/ld+json\" class=\"yoast-schema-graph\">{\"@context\":\"https:\\\/\\\/schema.org\",\"@graph\":[{\"@type\":\"WebPage\",\"@id\":\"https:\\\/\\\/www.ivinio.com\\\/fr\\\/produit\\\/chateau-de-belleverne-moulin-a-vent-vieilles-vignes-rouge\\\/\",\"url\":\"https:\\\/\\\/www.ivinio.com\\\/fr\\\/produit\\\/chateau-de-belleverne-moulin-a-vent-vieilles-vignes-rouge\\\/\",\"name\":\"Achat Chateau de Belleverne - Moulin-\u00e0-vent - Vieilles Vignes - IVINIO Caviste\",\"isPartOf\":{\"@id\":\"https:\\\/\\\/www.ivinio.com\\\/fr\\\/#website\"},\"primaryImageOfPage\":{\"@id\":\"https:\\\/\\\/www.ivinio.com\\\/fr\\\/produit\\\/chateau-de-belleverne-moulin-a-vent-vieilles-vignes-rouge\\\/#primaryimage\"},\"image\":{\"@id\":\"https:\\\/\\\/www.ivinio.com\\\/fr\\\/produit\\\/chateau-de-belleverne-moulin-a-vent-vieilles-vignes-rouge\\\/#primaryimage\"},\"thumbnailUrl\":\"https:\\\/\\\/www.ivinio.com\\\/wp-content\\\/uploads\\\/nc\\\/public\\\/modules\\\/file\\\/pictures\\\/5484.chateau-Belleverne-Moulin-vent-ivinio.jpg\",\"datePublished\":\"2014-07-04T17:31:31+00:00\",\"dateModified\":\"2022-05-14T10:21:38+00:00\",\"description\":\"Achat Chateau de Belleverne - Moulin-\u00e0-vent - Vieilles Vignes - Rouge. Un vin rouge floral et \u00e9pic\u00e9. S'accorde tr\u00e8s bien avec de l'agneau et des l\u00e9gumes.\",\"breadcrumb\":{\"@id\":\"https:\\\/\\\/www.ivinio.com\\\/fr\\\/produit\\\/chateau-de-belleverne-moulin-a-vent-vieilles-vignes-rouge\\\/#breadcrumb\"},\"inLanguage\":\"fr-FR\",\"potentialAction\":[{\"@type\":\"ReadAction\",\"target\":[\"https:\\\/\\\/www.ivinio.com\\\/fr\\\/produit\\\/chateau-de-belleverne-moulin-a-vent-vieilles-vignes-rouge\\\/\"]}]},{\"@type\":\"ImageObject\",\"inLanguage\":\"fr-FR\",\"@id\":\"https:\\\/\\\/www.ivinio.com\\\/fr\\\/produit\\\/chateau-de-belleverne-moulin-a-vent-vieilles-vignes-rouge\\\/#primaryimage\",\"url\":\"https:\\\/\\\/www.ivinio.com\\\/wp-content\\\/uploads\\\/nc\\\/public\\\/modules\\\/file\\\/pictures\\\/5484.chateau-Belleverne-Moulin-vent-ivinio.jpg\",\"contentUrl\":\"https:\\\/\\\/www.ivinio.com\\\/wp-content\\\/uploads\\\/nc\\\/public\\\/modules\\\/file\\\/pictures\\\/5484.chateau-Belleverne-Moulin-vent-ivinio.jpg\",\"width\":500,\"height\":500,\"caption\":\"Ch\u00e2teau de Belleverne - Moulin \u00e0 Vent Vieilles Vignes\"},{\"@type\":\"BreadcrumbList\",\"@id\":\"https:\\\/\\\/www.ivinio.com\\\/fr\\\/produit\\\/chateau-de-belleverne-moulin-a-vent-vieilles-vignes-rouge\\\/#breadcrumb\",\"itemListElement\":[{\"@type\":\"ListItem\",\"position\":1,\"name\":\"Home\",\"item\":\"https:\\\/\\\/www.ivinio.com\\\/fr\\\/\"},{\"@type\":\"ListItem\",\"position\":2,\"name\":\"Boutique de vin\",\"item\":\"https:\\\/\\\/www.ivinio.com\\\/fr\\\/boutique-de-vin\\\/\"},{\"@type\":\"ListItem\",\"position\":3,\"name\":\"Chateau de Belleverne &#8211; Moulin-\u00e0-vent &#8211; Vieilles Vignes &#8211; Rouge\"}]},{\"@type\":\"WebSite\",\"@id\":\"https:\\\/\\\/www.ivinio.com\\\/fr\\\/#website\",\"url\":\"https:\\\/\\\/www.ivinio.com\\\/fr\\\/\",\"name\":\"IVINIO Caviste\",\"description\":\"Vins de France et d&#039;Italie avec livraison \u00e0 domicile\",\"publisher\":{\"@id\":\"https:\\\/\\\/www.ivinio.com\\\/fr\\\/#organization\"},\"potentialAction\":[{\"@type\":\"SearchAction\",\"target\":{\"@type\":\"EntryPoint\",\"urlTemplate\":\"https:\\\/\\\/www.ivinio.com\\\/fr\\\/?s={search_term_string}\"},\"query-input\":{\"@type\":\"PropertyValueSpecification\",\"valueRequired\":true,\"valueName\":\"search_term_string\"}}],\"inLanguage\":\"fr-FR\"},{\"@type\":\"Organization\",\"@id\":\"https:\\\/\\\/www.ivinio.com\\\/fr\\\/#organization\",\"name\":\"IVINIO\",\"url\":\"https:\\\/\\\/www.ivinio.com\\\/fr\\\/\",\"logo\":{\"@type\":\"ImageObject\",\"inLanguage\":\"fr-FR\",\"@id\":\"https:\\\/\\\/www.ivinio.com\\\/fr\\\/#\\\/schema\\\/logo\\\/image\\\/\",\"url\":\"https:\\\/\\\/www.ivinio.com\\\/wp-content\\\/uploads\\\/2021\\\/01\\\/Logo-Ivinio-v2.jpg\",\"contentUrl\":\"https:\\\/\\\/www.ivinio.com\\\/wp-content\\\/uploads\\\/2021\\\/01\\\/Logo-Ivinio-v2.jpg\",\"width\":1194,\"height\":1194,\"caption\":\"IVINIO\"},\"image\":{\"@id\":\"https:\\\/\\\/www.ivinio.com\\\/fr\\\/#\\\/schema\\\/logo\\\/image\\\/\"},\"sameAs\":[\"https:\\\/\\\/www.facebook.com\\\/groups\\\/165217837022391\\\/?ref=bookmarks\",\"https:\\\/\\\/www.instagram.com\\\/_ivinio_\\\/?hl=fr\"]}]}<\/script>\n<!-- \/ Yoast SEO plugin. -->","yoast_head_json":{"title":"Achat Chateau de Belleverne - Moulin-\u00e0-vent - Vieilles Vignes - IVINIO Caviste","description":"Achat Chateau de Belleverne - Moulin-\u00e0-vent - Vieilles Vignes - Rouge. Un vin rouge floral et \u00e9pic\u00e9. S'accorde tr\u00e8s bien avec de l'agneau et des l\u00e9gumes.","robots":{"index":"index","follow":"follow","max-snippet":"max-snippet:-1","max-image-preview":"max-image-preview:large","max-video-preview":"max-video-preview:-1"},"canonical":"https:\/\/www.ivinio.com\/fr\/produit\/chateau-de-belleverne-moulin-a-vent-vieilles-vignes-rouge\/","og_locale":"fr_FR","og_type":"article","og_title":"Achat Chateau de Belleverne - Moulin-\u00e0-vent - Vieilles Vignes - IVINIO Caviste","og_description":"Achat Chateau de Belleverne - Moulin-\u00e0-vent - Vieilles Vignes - Rouge. Un vin rouge floral et \u00e9pic\u00e9. S'accorde tr\u00e8s bien avec de l'agneau et des l\u00e9gumes.","og_url":"https:\/\/www.ivinio.com\/fr\/produit\/chateau-de-belleverne-moulin-a-vent-vieilles-vignes-rouge\/","og_site_name":"IVINIO Caviste","article_publisher":"https:\/\/www.facebook.com\/groups\/165217837022391\/?ref=bookmarks","article_modified_time":"2022-05-14T10:21:38+00:00","og_image":[{"width":500,"height":500,"url":"https:\/\/www.ivinio.com\/wp-content\/uploads\/nc\/public\/modules\/file\/pictures\/5484.chateau-Belleverne-Moulin-vent-ivinio.jpg","type":"image\/jpeg"}],"twitter_card":"summary_large_image","schema":{"@context":"https:\/\/schema.org","@graph":[{"@type":"WebPage","@id":"https:\/\/www.ivinio.com\/fr\/produit\/chateau-de-belleverne-moulin-a-vent-vieilles-vignes-rouge\/","url":"https:\/\/www.ivinio.com\/fr\/produit\/chateau-de-belleverne-moulin-a-vent-vieilles-vignes-rouge\/","name":"Achat Chateau de Belleverne - Moulin-\u00e0-vent - Vieilles Vignes - IVINIO Caviste","isPartOf":{"@id":"https:\/\/www.ivinio.com\/fr\/#website"},"primaryImageOfPage":{"@id":"https:\/\/www.ivinio.com\/fr\/produit\/chateau-de-belleverne-moulin-a-vent-vieilles-vignes-rouge\/#primaryimage"},"image":{"@id":"https:\/\/www.ivinio.com\/fr\/produit\/chateau-de-belleverne-moulin-a-vent-vieilles-vignes-rouge\/#primaryimage"},"thumbnailUrl":"https:\/\/www.ivinio.com\/wp-content\/uploads\/nc\/public\/modules\/file\/pictures\/5484.chateau-Belleverne-Moulin-vent-ivinio.jpg","datePublished":"2014-07-04T17:31:31+00:00","dateModified":"2022-05-14T10:21:38+00:00","description":"Achat Chateau de Belleverne - Moulin-\u00e0-vent - Vieilles Vignes - Rouge. Un vin rouge floral et \u00e9pic\u00e9. S'accorde tr\u00e8s bien avec de l'agneau et des l\u00e9gumes.","breadcrumb":{"@id":"https:\/\/www.ivinio.com\/fr\/produit\/chateau-de-belleverne-moulin-a-vent-vieilles-vignes-rouge\/#breadcrumb"},"inLanguage":"fr-FR","potentialAction":[{"@type":"ReadAction","target":["https:\/\/www.ivinio.com\/fr\/produit\/chateau-de-belleverne-moulin-a-vent-vieilles-vignes-rouge\/"]}]},{"@type":"ImageObject","inLanguage":"fr-FR","@id":"https:\/\/www.ivinio.com\/fr\/produit\/chateau-de-belleverne-moulin-a-vent-vieilles-vignes-rouge\/#primaryimage","url":"https:\/\/www.ivinio.com\/wp-content\/uploads\/nc\/public\/modules\/file\/pictures\/5484.chateau-Belleverne-Moulin-vent-ivinio.jpg","contentUrl":"https:\/\/www.ivinio.com\/wp-content\/uploads\/nc\/public\/modules\/file\/pictures\/5484.chateau-Belleverne-Moulin-vent-ivinio.jpg","width":500,"height":500,"caption":"Ch\u00e2teau de Belleverne - Moulin \u00e0 Vent Vieilles Vignes"},{"@type":"BreadcrumbList","@id":"https:\/\/www.ivinio.com\/fr\/produit\/chateau-de-belleverne-moulin-a-vent-vieilles-vignes-rouge\/#breadcrumb","itemListElement":[{"@type":"ListItem","position":1,"name":"Home","item":"https:\/\/www.ivinio.com\/fr\/"},{"@type":"ListItem","position":2,"name":"Boutique de vin","item":"https:\/\/www.ivinio.com\/fr\/boutique-de-vin\/"},{"@type":"ListItem","position":3,"name":"Chateau de Belleverne &#8211; Moulin-\u00e0-vent &#8211; Vieilles Vignes &#8211; Rouge"}]},{"@type":"WebSite","@id":"https:\/\/www.ivinio.com\/fr\/#website","url":"https:\/\/www.ivinio.com\/fr\/","name":"IVINIO Caviste","description":"Vins de France et d&#039;Italie avec livraison \u00e0 domicile","publisher":{"@id":"https:\/\/www.ivinio.com\/fr\/#organization"},"potentialAction":[{"@type":"SearchAction","target":{"@type":"EntryPoint","urlTemplate":"https:\/\/www.ivinio.com\/fr\/?s={search_term_string}"},"query-input":{"@type":"PropertyValueSpecification","valueRequired":true,"valueName":"search_term_string"}}],"inLanguage":"fr-FR"},{"@type":"Organization","@id":"https:\/\/www.ivinio.com\/fr\/#organization","name":"IVINIO","url":"https:\/\/www.ivinio.com\/fr\/","logo":{"@type":"ImageObject","inLanguage":"fr-FR","@id":"https:\/\/www.ivinio.com\/fr\/#\/schema\/logo\/image\/","url":"https:\/\/www.ivinio.com\/wp-content\/uploads\/2021\/01\/Logo-Ivinio-v2.jpg","contentUrl":"https:\/\/www.ivinio.com\/wp-content\/uploads\/2021\/01\/Logo-Ivinio-v2.jpg","width":1194,"height":1194,"caption":"IVINIO"},"image":{"@id":"https:\/\/www.ivinio.com\/fr\/#\/schema\/logo\/image\/"},"sameAs":["https:\/\/www.facebook.com\/groups\/165217837022391\/?ref=bookmarks","https:\/\/www.instagram.com\/_ivinio_\/?hl=fr"]}]}},"jetpack_sharing_enabled":true,"_links":{"self":[{"href":"https:\/\/www.ivinio.com\/fr\/wp-json\/wp\/v2\/product\/119233","targetHints":{"allow":["GET"]}}],"collection":[{"href":"https:\/\/www.ivinio.com\/fr\/wp-json\/wp\/v2\/product"}],"about":[{"href":"https:\/\/www.ivinio.com\/fr\/wp-json\/wp\/v2\/types\/product"}],"replies":[{"embeddable":true,"href":"https:\/\/www.ivinio.com\/fr\/wp-json\/wp\/v2\/comments?post=119233"}],"wp:featuredmedia":[{"embeddable":true,"href":"https:\/\/www.ivinio.com\/fr\/wp-json\/wp\/v2\/media\/119236"}],"wp:attachment":[{"href":"https:\/\/www.ivinio.com\/fr\/wp-json\/wp\/v2\/media?parent=119233"}],"wp:term":[{"taxonomy":"product_brand","embeddable":true,"href":"https:\/\/www.ivinio.com\/fr\/wp-json\/wp\/v2\/product_brand?post=119233"},{"taxonomy":"product_cat","embeddable":true,"href":"https:\/\/www.ivinio.com\/fr\/wp-json\/wp\/v2\/product_cat?post=119233"},{"taxonomy":"product_tag","embeddable":true,"href":"https:\/\/www.ivinio.com\/fr\/wp-json\/wp\/v2\/product_tag?post=119233"}],"curies":[{"name":"wp","href":"https:\/\/api.w.org\/{rel}","templated":true}]}}