{"id":119212,"date":"2015-02-12T20:50:04","date_gmt":"2015-02-12T20:50:04","guid":{"rendered":"https:\/\/henrik.www.ivinio.com\/?product=domaine-de-venus-leffrontee-cotes-du-roussillon-blanc"},"modified":"2024-04-11T18:45:26","modified_gmt":"2024-04-11T16:45:26","slug":"domaine-de-venus-leffrontee-cotes-du-roussillon-blanc","status":"publish","type":"product","link":"https:\/\/www.ivinio.com\/fr\/produit\/domaine-de-venus-leffrontee-cotes-du-roussillon-blanc\/","title":{"rendered":"Domaine de V\u00e9nus &#8211; &#8220;L&#8217;Effront\u00e9e&#8221; C\u00f4tes du Roussillon &#8211; Blanc"},"content":{"rendered":"<p>L&#8217; &#8220;Effront\u00e9e&#8221;, C\u00f4tes de Roussillon du Domaine de V\u00e9nus est un vin blanc issu de 50% Macabeu, 25% Grenache gris, 15% Carignan Blanc et 10% Vermentino. Toutes les vignes ont plus de 50 ans. Les raisins sont press\u00e9s imm\u00e9diatement apr\u00e8s la r\u00e9colte et le mo\u00fbt est clarifi\u00e9 dans la journ\u00e9e \u00e0 8 \u00b0 C (d\u00e9bourbage). Le d\u00e9but de la fermentation a lieu en cuves d&#8217;acier de 16 \u00e0 18 \u00b0 et se termine en f\u00fbts de ch\u00eane. Le vin est ensuite \u00e9lev\u00e9 pendant au moins un an sur ses lies avant l&#8217;embouteillage.<\/p>\n","protected":false},"excerpt":{"rendered":"<p>&#8220;L&#8217;Effront\u00e9e&#8221;, C\u00f4tes du Roussillon du Domaine de V\u00e9nus est un vin blanc tr\u00e8s \u00e9l\u00e9gant et typique du Roussillon.\u00a0Elev\u00e9\u00a0en\u00a0f\u00fbts de ch\u00eane dans le style bourguignon, il est\u00a0produit \u00e0 partir de 50% de Macabeu, 25% de Grenache gris, 15% de Carignan Blanc et 10% de Vermentino. Un vin blanc \u00e0 d\u00e9guster avec des plats de poisson ou\u00a0de la volaille, de pr\u00e9f\u00e9rence en sauce \u00e0 la cr\u00e8me.<\/p>\n<p>&nbsp;<\/p>\n","protected":false},"featured_media":131369,"comment_status":"open","ping_status":"closed","template":"","meta":{"_monsterinsights_skip_tracking":false,"_monsterinsights_sitenote_active":false,"_monsterinsights_sitenote_note":"","_monsterinsights_sitenote_category":0,"_uf_show_specific_survey":0,"_uf_disable_surveys":false},"product_brand":[],"product_cat":[36649,36586],"product_tag":[],"class_list":{"0":"post-119212","1":"product","2":"type-product","3":"status-publish","4":"has-post-thumbnail","6":"product_cat-fr-roussillon","7":"product_cat-vins-francais","8":"pa_alcohol-degree-14-fr","9":"pa_awards-decanter-fr","10":"pa_awards-jancis-robinson-fr","11":"pa_classification-aop-cotes-du-roussillon","12":"pa_grape-variety-grenache-gris","13":"pa_grape-variety-macabeu-fr","14":"pa_grape-variety-vermentino-fr","15":"pa_region-roussillon-fr","16":"pa_vintage-2016-fr","17":"pa_volume-75-cl-fr","19":"first","20":"instock","21":"taxable","22":"shipping-taxable","23":"purchasable","24":"product-type-simple"},"bundled_by":["119217"],"bundle_stock_status":"instock","bundle_stock_quantity":null,"bundle_virtual":false,"bundle_layout":"","bundle_add_to_cart_form_location":"","bundle_editable_in_cart":false,"bundle_sold_individually_context":"","bundle_item_grouping":"","bundle_min_size":"","bundle_max_size":"","bundle_price":[],"bundled_items":[],"bundle_sell_ids":[],"yoast_head":"<!-- This site is optimized with the Yoast SEO plugin v27.5 - https:\/\/yoast.com\/product\/yoast-seo-wordpress\/ -->\n<title>Domaine de V\u00e9nus - &quot;L&#039;Effront\u00e9e&quot; C\u00f4tes du Roussillon - Blanc - IVINIO Caviste<\/title>\n<meta name=\"description\" content=\"Domaine de V\u00e9nus - &quot;L&#039;Effront\u00e9e&quot; C\u00f4tes du Roussillon - Blanc. Tr\u00e8s \u00e9l\u00e9gant et typique du Roussillon, stock\u00e9e dans des f\u00fbts de ch\u00eane dans le style bourguignon.\" \/>\n<meta name=\"robots\" content=\"index, follow, max-snippet:-1, max-image-preview:large, max-video-preview:-1\" \/>\n<link rel=\"canonical\" href=\"https:\/\/www.ivinio.com\/fr\/produit\/domaine-de-venus-leffrontee-cotes-du-roussillon-blanc\/\" \/>\n<meta property=\"og:locale\" content=\"fr_FR\" \/>\n<meta property=\"og:type\" content=\"article\" \/>\n<meta property=\"og:title\" content=\"Domaine de V\u00e9nus - &quot;L&#039;Effront\u00e9e&quot; C\u00f4tes du Roussillon - Blanc - IVINIO Caviste\" \/>\n<meta property=\"og:description\" content=\"Domaine de V\u00e9nus - &quot;L&#039;Effront\u00e9e&quot; C\u00f4tes du Roussillon - Blanc. Tr\u00e8s \u00e9l\u00e9gant et typique du Roussillon, stock\u00e9e dans des f\u00fbts de ch\u00eane dans le style bourguignon.\" \/>\n<meta property=\"og:url\" content=\"https:\/\/www.ivinio.com\/fr\/produit\/domaine-de-venus-leffrontee-cotes-du-roussillon-blanc\/\" \/>\n<meta property=\"og:site_name\" content=\"IVINIO Caviste\" \/>\n<meta property=\"article:publisher\" content=\"https:\/\/www.facebook.com\/groups\/165217837022391\/?ref=bookmarks\" \/>\n<meta property=\"article:modified_time\" content=\"2024-04-11T16:45:26+00:00\" \/>\n<meta property=\"og:image\" content=\"https:\/\/www.ivinio.com\/wp-content\/uploads\/nc\/public\/modules\/file\/pictures\/5446.domaine-de-v-nus-l-Effront.jpg\" \/>\n\t<meta property=\"og:image:width\" content=\"500\" \/>\n\t<meta property=\"og:image:height\" content=\"500\" \/>\n\t<meta property=\"og:image:type\" content=\"image\/jpeg\" \/>\n<meta name=\"twitter:card\" content=\"summary_large_image\" \/>\n<meta name=\"twitter:label1\" content=\"Dur\u00e9e de lecture estim\u00e9e\" \/>\n\t<meta name=\"twitter:data1\" content=\"1 minute\" \/>\n<script type=\"application\/ld+json\" class=\"yoast-schema-graph\">{\"@context\":\"https:\\\/\\\/schema.org\",\"@graph\":[{\"@type\":\"WebPage\",\"@id\":\"https:\\\/\\\/www.ivinio.com\\\/fr\\\/produit\\\/domaine-de-venus-leffrontee-cotes-du-roussillon-blanc\\\/\",\"url\":\"https:\\\/\\\/www.ivinio.com\\\/fr\\\/produit\\\/domaine-de-venus-leffrontee-cotes-du-roussillon-blanc\\\/\",\"name\":\"Domaine de V\u00e9nus - \\\"L'Effront\u00e9e\\\" C\u00f4tes du Roussillon - Blanc - IVINIO Caviste\",\"isPartOf\":{\"@id\":\"https:\\\/\\\/www.ivinio.com\\\/fr\\\/#website\"},\"primaryImageOfPage\":{\"@id\":\"https:\\\/\\\/www.ivinio.com\\\/fr\\\/produit\\\/domaine-de-venus-leffrontee-cotes-du-roussillon-blanc\\\/#primaryimage\"},\"image\":{\"@id\":\"https:\\\/\\\/www.ivinio.com\\\/fr\\\/produit\\\/domaine-de-venus-leffrontee-cotes-du-roussillon-blanc\\\/#primaryimage\"},\"thumbnailUrl\":\"https:\\\/\\\/www.ivinio.com\\\/wp-content\\\/uploads\\\/nc\\\/public\\\/modules\\\/file\\\/pictures\\\/5446.domaine-de-v-nus-l-Effront.jpg\",\"datePublished\":\"2015-02-12T20:50:04+00:00\",\"dateModified\":\"2024-04-11T16:45:26+00:00\",\"description\":\"Domaine de V\u00e9nus - \\\"L'Effront\u00e9e\\\" C\u00f4tes du Roussillon - Blanc. Tr\u00e8s \u00e9l\u00e9gant et typique du Roussillon, stock\u00e9e dans des f\u00fbts de ch\u00eane dans le style bourguignon.\",\"breadcrumb\":{\"@id\":\"https:\\\/\\\/www.ivinio.com\\\/fr\\\/produit\\\/domaine-de-venus-leffrontee-cotes-du-roussillon-blanc\\\/#breadcrumb\"},\"inLanguage\":\"fr-FR\",\"potentialAction\":[{\"@type\":\"ReadAction\",\"target\":[\"https:\\\/\\\/www.ivinio.com\\\/fr\\\/produit\\\/domaine-de-venus-leffrontee-cotes-du-roussillon-blanc\\\/\"]}]},{\"@type\":\"ImageObject\",\"inLanguage\":\"fr-FR\",\"@id\":\"https:\\\/\\\/www.ivinio.com\\\/fr\\\/produit\\\/domaine-de-venus-leffrontee-cotes-du-roussillon-blanc\\\/#primaryimage\",\"url\":\"https:\\\/\\\/www.ivinio.com\\\/wp-content\\\/uploads\\\/nc\\\/public\\\/modules\\\/file\\\/pictures\\\/5446.domaine-de-v-nus-l-Effront.jpg\",\"contentUrl\":\"https:\\\/\\\/www.ivinio.com\\\/wp-content\\\/uploads\\\/nc\\\/public\\\/modules\\\/file\\\/pictures\\\/5446.domaine-de-v-nus-l-Effront.jpg\",\"width\":500,\"height\":500,\"caption\":\"Domaine de V\u00e9nus - \\\"L'Effront\u00e9e\\\" C\u00f4tes du Roussillon\"},{\"@type\":\"BreadcrumbList\",\"@id\":\"https:\\\/\\\/www.ivinio.com\\\/fr\\\/produit\\\/domaine-de-venus-leffrontee-cotes-du-roussillon-blanc\\\/#breadcrumb\",\"itemListElement\":[{\"@type\":\"ListItem\",\"position\":1,\"name\":\"Home\",\"item\":\"https:\\\/\\\/www.ivinio.com\\\/fr\\\/\"},{\"@type\":\"ListItem\",\"position\":2,\"name\":\"Boutique de vin\",\"item\":\"https:\\\/\\\/www.ivinio.com\\\/fr\\\/boutique-de-vin\\\/\"},{\"@type\":\"ListItem\",\"position\":3,\"name\":\"Domaine de V\u00e9nus &#8211; &#8220;L&#8217;Effront\u00e9e&#8221; C\u00f4tes du Roussillon &#8211; Blanc\"}]},{\"@type\":\"WebSite\",\"@id\":\"https:\\\/\\\/www.ivinio.com\\\/fr\\\/#website\",\"url\":\"https:\\\/\\\/www.ivinio.com\\\/fr\\\/\",\"name\":\"IVINIO Caviste\",\"description\":\"Vins de France et d&#039;Italie avec livraison \u00e0 domicile\",\"publisher\":{\"@id\":\"https:\\\/\\\/www.ivinio.com\\\/fr\\\/#organization\"},\"potentialAction\":[{\"@type\":\"SearchAction\",\"target\":{\"@type\":\"EntryPoint\",\"urlTemplate\":\"https:\\\/\\\/www.ivinio.com\\\/fr\\\/?s={search_term_string}\"},\"query-input\":{\"@type\":\"PropertyValueSpecification\",\"valueRequired\":true,\"valueName\":\"search_term_string\"}}],\"inLanguage\":\"fr-FR\"},{\"@type\":\"Organization\",\"@id\":\"https:\\\/\\\/www.ivinio.com\\\/fr\\\/#organization\",\"name\":\"IVINIO\",\"url\":\"https:\\\/\\\/www.ivinio.com\\\/fr\\\/\",\"logo\":{\"@type\":\"ImageObject\",\"inLanguage\":\"fr-FR\",\"@id\":\"https:\\\/\\\/www.ivinio.com\\\/fr\\\/#\\\/schema\\\/logo\\\/image\\\/\",\"url\":\"https:\\\/\\\/www.ivinio.com\\\/wp-content\\\/uploads\\\/2021\\\/01\\\/Logo-Ivinio-v2.jpg\",\"contentUrl\":\"https:\\\/\\\/www.ivinio.com\\\/wp-content\\\/uploads\\\/2021\\\/01\\\/Logo-Ivinio-v2.jpg\",\"width\":1194,\"height\":1194,\"caption\":\"IVINIO\"},\"image\":{\"@id\":\"https:\\\/\\\/www.ivinio.com\\\/fr\\\/#\\\/schema\\\/logo\\\/image\\\/\"},\"sameAs\":[\"https:\\\/\\\/www.facebook.com\\\/groups\\\/165217837022391\\\/?ref=bookmarks\",\"https:\\\/\\\/www.instagram.com\\\/_ivinio_\\\/?hl=fr\"]}]}<\/script>\n<!-- \/ Yoast SEO plugin. -->","yoast_head_json":{"title":"Domaine de V\u00e9nus - \"L'Effront\u00e9e\" C\u00f4tes du Roussillon - Blanc - IVINIO Caviste","description":"Domaine de V\u00e9nus - \"L'Effront\u00e9e\" C\u00f4tes du Roussillon - Blanc. Tr\u00e8s \u00e9l\u00e9gant et typique du Roussillon, stock\u00e9e dans des f\u00fbts de ch\u00eane dans le style bourguignon.","robots":{"index":"index","follow":"follow","max-snippet":"max-snippet:-1","max-image-preview":"max-image-preview:large","max-video-preview":"max-video-preview:-1"},"canonical":"https:\/\/www.ivinio.com\/fr\/produit\/domaine-de-venus-leffrontee-cotes-du-roussillon-blanc\/","og_locale":"fr_FR","og_type":"article","og_title":"Domaine de V\u00e9nus - \"L'Effront\u00e9e\" C\u00f4tes du Roussillon - Blanc - IVINIO Caviste","og_description":"Domaine de V\u00e9nus - \"L'Effront\u00e9e\" C\u00f4tes du Roussillon - Blanc. Tr\u00e8s \u00e9l\u00e9gant et typique du Roussillon, stock\u00e9e dans des f\u00fbts de ch\u00eane dans le style bourguignon.","og_url":"https:\/\/www.ivinio.com\/fr\/produit\/domaine-de-venus-leffrontee-cotes-du-roussillon-blanc\/","og_site_name":"IVINIO Caviste","article_publisher":"https:\/\/www.facebook.com\/groups\/165217837022391\/?ref=bookmarks","article_modified_time":"2024-04-11T16:45:26+00:00","og_image":[{"width":500,"height":500,"url":"https:\/\/www.ivinio.com\/wp-content\/uploads\/nc\/public\/modules\/file\/pictures\/5446.domaine-de-v-nus-l-Effront.jpg","type":"image\/jpeg"}],"twitter_card":"summary_large_image","twitter_misc":{"Dur\u00e9e de lecture estim\u00e9e":"1 minute"},"schema":{"@context":"https:\/\/schema.org","@graph":[{"@type":"WebPage","@id":"https:\/\/www.ivinio.com\/fr\/produit\/domaine-de-venus-leffrontee-cotes-du-roussillon-blanc\/","url":"https:\/\/www.ivinio.com\/fr\/produit\/domaine-de-venus-leffrontee-cotes-du-roussillon-blanc\/","name":"Domaine de V\u00e9nus - \"L'Effront\u00e9e\" C\u00f4tes du Roussillon - Blanc - IVINIO Caviste","isPartOf":{"@id":"https:\/\/www.ivinio.com\/fr\/#website"},"primaryImageOfPage":{"@id":"https:\/\/www.ivinio.com\/fr\/produit\/domaine-de-venus-leffrontee-cotes-du-roussillon-blanc\/#primaryimage"},"image":{"@id":"https:\/\/www.ivinio.com\/fr\/produit\/domaine-de-venus-leffrontee-cotes-du-roussillon-blanc\/#primaryimage"},"thumbnailUrl":"https:\/\/www.ivinio.com\/wp-content\/uploads\/nc\/public\/modules\/file\/pictures\/5446.domaine-de-v-nus-l-Effront.jpg","datePublished":"2015-02-12T20:50:04+00:00","dateModified":"2024-04-11T16:45:26+00:00","description":"Domaine de V\u00e9nus - \"L'Effront\u00e9e\" C\u00f4tes du Roussillon - Blanc. Tr\u00e8s \u00e9l\u00e9gant et typique du Roussillon, stock\u00e9e dans des f\u00fbts de ch\u00eane dans le style bourguignon.","breadcrumb":{"@id":"https:\/\/www.ivinio.com\/fr\/produit\/domaine-de-venus-leffrontee-cotes-du-roussillon-blanc\/#breadcrumb"},"inLanguage":"fr-FR","potentialAction":[{"@type":"ReadAction","target":["https:\/\/www.ivinio.com\/fr\/produit\/domaine-de-venus-leffrontee-cotes-du-roussillon-blanc\/"]}]},{"@type":"ImageObject","inLanguage":"fr-FR","@id":"https:\/\/www.ivinio.com\/fr\/produit\/domaine-de-venus-leffrontee-cotes-du-roussillon-blanc\/#primaryimage","url":"https:\/\/www.ivinio.com\/wp-content\/uploads\/nc\/public\/modules\/file\/pictures\/5446.domaine-de-v-nus-l-Effront.jpg","contentUrl":"https:\/\/www.ivinio.com\/wp-content\/uploads\/nc\/public\/modules\/file\/pictures\/5446.domaine-de-v-nus-l-Effront.jpg","width":500,"height":500,"caption":"Domaine de V\u00e9nus - \"L'Effront\u00e9e\" C\u00f4tes du Roussillon"},{"@type":"BreadcrumbList","@id":"https:\/\/www.ivinio.com\/fr\/produit\/domaine-de-venus-leffrontee-cotes-du-roussillon-blanc\/#breadcrumb","itemListElement":[{"@type":"ListItem","position":1,"name":"Home","item":"https:\/\/www.ivinio.com\/fr\/"},{"@type":"ListItem","position":2,"name":"Boutique de vin","item":"https:\/\/www.ivinio.com\/fr\/boutique-de-vin\/"},{"@type":"ListItem","position":3,"name":"Domaine de V\u00e9nus &#8211; &#8220;L&#8217;Effront\u00e9e&#8221; C\u00f4tes du Roussillon &#8211; Blanc"}]},{"@type":"WebSite","@id":"https:\/\/www.ivinio.com\/fr\/#website","url":"https:\/\/www.ivinio.com\/fr\/","name":"IVINIO Caviste","description":"Vins de France et d&#039;Italie avec livraison \u00e0 domicile","publisher":{"@id":"https:\/\/www.ivinio.com\/fr\/#organization"},"potentialAction":[{"@type":"SearchAction","target":{"@type":"EntryPoint","urlTemplate":"https:\/\/www.ivinio.com\/fr\/?s={search_term_string}"},"query-input":{"@type":"PropertyValueSpecification","valueRequired":true,"valueName":"search_term_string"}}],"inLanguage":"fr-FR"},{"@type":"Organization","@id":"https:\/\/www.ivinio.com\/fr\/#organization","name":"IVINIO","url":"https:\/\/www.ivinio.com\/fr\/","logo":{"@type":"ImageObject","inLanguage":"fr-FR","@id":"https:\/\/www.ivinio.com\/fr\/#\/schema\/logo\/image\/","url":"https:\/\/www.ivinio.com\/wp-content\/uploads\/2021\/01\/Logo-Ivinio-v2.jpg","contentUrl":"https:\/\/www.ivinio.com\/wp-content\/uploads\/2021\/01\/Logo-Ivinio-v2.jpg","width":1194,"height":1194,"caption":"IVINIO"},"image":{"@id":"https:\/\/www.ivinio.com\/fr\/#\/schema\/logo\/image\/"},"sameAs":["https:\/\/www.facebook.com\/groups\/165217837022391\/?ref=bookmarks","https:\/\/www.instagram.com\/_ivinio_\/?hl=fr"]}]}},"jetpack_sharing_enabled":true,"_links":{"self":[{"href":"https:\/\/www.ivinio.com\/fr\/wp-json\/wp\/v2\/product\/119212","targetHints":{"allow":["GET"]}}],"collection":[{"href":"https:\/\/www.ivinio.com\/fr\/wp-json\/wp\/v2\/product"}],"about":[{"href":"https:\/\/www.ivinio.com\/fr\/wp-json\/wp\/v2\/types\/product"}],"replies":[{"embeddable":true,"href":"https:\/\/www.ivinio.com\/fr\/wp-json\/wp\/v2\/comments?post=119212"}],"wp:featuredmedia":[{"embeddable":true,"href":"https:\/\/www.ivinio.com\/fr\/wp-json\/wp\/v2\/media\/131369"}],"wp:attachment":[{"href":"https:\/\/www.ivinio.com\/fr\/wp-json\/wp\/v2\/media?parent=119212"}],"wp:term":[{"taxonomy":"product_brand","embeddable":true,"href":"https:\/\/www.ivinio.com\/fr\/wp-json\/wp\/v2\/product_brand?post=119212"},{"taxonomy":"product_cat","embeddable":true,"href":"https:\/\/www.ivinio.com\/fr\/wp-json\/wp\/v2\/product_cat?post=119212"},{"taxonomy":"product_tag","embeddable":true,"href":"https:\/\/www.ivinio.com\/fr\/wp-json\/wp\/v2\/product_tag?post=119212"}],"curies":[{"name":"wp","href":"https:\/\/api.w.org\/{rel}","templated":true}]}}