{"id":119188,"date":"2014-05-21T10:20:31","date_gmt":"2014-05-21T10:20:31","guid":{"rendered":"https:\/\/henrik.www.ivinio.com\/?product=domaine-boudau-cotes-du-roussillon-padri-rouge"},"modified":"2022-11-04T23:00:10","modified_gmt":"2022-11-04T22:00:10","slug":"domaine-boudau-cotes-du-roussillon-padri-rouge","status":"publish","type":"product","link":"https:\/\/www.ivinio.com\/fr\/produit\/domaine-boudau-cotes-du-roussillon-padri-rouge\/","title":{"rendered":"Domaine Boudau &#8211; C\u00f4tes du Roussillon &#8220;Padri&#8221; &#8211; Rouge"},"content":{"rendered":"<p>Domaine Boudau &#8211; C\u00f4tes du Roussillon &#8220;Padri&#8221; est compos\u00e9s de 70% de mourv\u00e8dre, de 20% de Syrah et 10% grenache. Les raisins sont cueillis \u00e0 la main et ferment\u00e9s pendant 24 jours avec pigeage reguli\u00e8rement. Le vin fini est \u00e9lev\u00e9 pendant un an dans des f\u00fbts de ch\u00eane fran\u00e7ais. Souvent r\u00e9compens\u00e9 comme l&#8217;un des meilleurs vins du Roussillon.<\/p>\n<p>&nbsp;<\/p>\n","protected":false},"excerpt":{"rendered":"<p>&#8220;Padri&#8221; est un C\u00f4tes-du-Roussillon-Villages du Domaine Boudau, compos\u00e9 de 70% de mourv\u00e8dre, de 20% de Syrah et 10 % de Grenache. R\u00e9guli\u00e8rement r\u00e9compens\u00e9 comme l&#8217;un des meilleurs vins rouges du Roussillon.<\/p>\n<p>&nbsp;<\/p>\n","protected":false},"featured_media":119191,"comment_status":"open","ping_status":"closed","template":"","meta":{"_monsterinsights_skip_tracking":false,"_monsterinsights_sitenote_active":false,"_monsterinsights_sitenote_note":"","_monsterinsights_sitenote_category":0,"_uf_show_specific_survey":0,"_uf_disable_surveys":false},"product_brand":[],"product_cat":[36649,36586],"product_tag":[],"class_list":{"0":"post-119188","1":"product","2":"type-product","3":"status-publish","4":"has-post-thumbnail","6":"product_cat-fr-roussillon","7":"product_cat-vins-francais","8":"pa_awards-decanter-fr","9":"pa_awards-guide-hachette-fr","10":"pa_classification-aop-cotes-de-roussillon-villages-fr-fr","11":"pa_color-rouge-fr","12":"pa_country-france-fr","13":"pa_grape-variety-grenache-fr","14":"pa_grape-variety-mourvedre-fr","15":"pa_region-roussillon-fr","16":"pa_storage-potential-9-ans","17":"pa_vintage-2018-fr","18":"pa_volume-75-cl-fr","20":"first","21":"instock","22":"taxable","23":"shipping-taxable","24":"purchasable","25":"product-type-simple"},"bundled_by":[],"bundle_stock_status":"instock","bundle_stock_quantity":null,"bundle_virtual":false,"bundle_layout":"","bundle_add_to_cart_form_location":"","bundle_editable_in_cart":false,"bundle_sold_individually_context":"","bundle_item_grouping":"","bundle_min_size":"","bundle_max_size":"","bundle_price":[],"bundled_items":[],"bundle_sell_ids":[],"yoast_head":"<!-- This site is optimized with the Yoast SEO plugin v27.6 - https:\/\/yoast.com\/product\/yoast-seo-wordpress\/ -->\n<title>Acheter Domaine Boudau - C\u00f4tes du Roussillon &quot;Padri&quot; - IVINIO Caviste<\/title>\n<meta name=\"description\" content=\"Buy Domaine Boudau - C\u00f4tes du Roussillon &quot;Padri&quot;. Ar\u00f4mes de sous bois, de baies noires et d&#039;\u00e9pices subtils. R\u00e9guli\u00e8rement r\u00e9compens\u00e9 !\" \/>\n<meta name=\"robots\" content=\"index, follow, max-snippet:-1, max-image-preview:large, max-video-preview:-1\" \/>\n<link rel=\"canonical\" href=\"https:\/\/www.ivinio.com\/fr\/produit\/domaine-boudau-cotes-du-roussillon-padri-rouge\/\" \/>\n<meta property=\"og:locale\" content=\"fr_FR\" \/>\n<meta property=\"og:type\" content=\"article\" \/>\n<meta property=\"og:title\" content=\"Acheter Domaine Boudau - C\u00f4tes du Roussillon &quot;Padri&quot; - IVINIO Caviste\" \/>\n<meta property=\"og:description\" content=\"Buy Domaine Boudau - C\u00f4tes du Roussillon &quot;Padri&quot;. Ar\u00f4mes de sous bois, de baies noires et d&#039;\u00e9pices subtils. R\u00e9guli\u00e8rement r\u00e9compens\u00e9 !\" \/>\n<meta property=\"og:url\" content=\"https:\/\/www.ivinio.com\/fr\/produit\/domaine-boudau-cotes-du-roussillon-padri-rouge\/\" \/>\n<meta property=\"og:site_name\" content=\"IVINIO Caviste\" \/>\n<meta property=\"article:publisher\" content=\"https:\/\/www.facebook.com\/groups\/165217837022391\/?ref=bookmarks\" \/>\n<meta property=\"article:modified_time\" content=\"2022-11-04T22:00:10+00:00\" \/>\n<meta property=\"og:image\" content=\"https:\/\/www.ivinio.com\/wp-content\/uploads\/nc\/public\/modules\/file\/pictures\/5428.boudau-padri-cotes-du-rouss.jpg\" \/>\n\t<meta property=\"og:image:width\" content=\"500\" \/>\n\t<meta property=\"og:image:height\" content=\"500\" \/>\n\t<meta property=\"og:image:type\" content=\"image\/jpeg\" \/>\n<meta name=\"twitter:card\" content=\"summary_large_image\" \/>\n<meta name=\"twitter:label1\" content=\"Dur\u00e9e de lecture estim\u00e9e\" \/>\n\t<meta name=\"twitter:data1\" content=\"1 minute\" \/>\n<script type=\"application\/ld+json\" class=\"yoast-schema-graph\">{\"@context\":\"https:\\\/\\\/schema.org\",\"@graph\":[{\"@type\":\"WebPage\",\"@id\":\"https:\\\/\\\/www.ivinio.com\\\/fr\\\/produit\\\/domaine-boudau-cotes-du-roussillon-padri-rouge\\\/\",\"url\":\"https:\\\/\\\/www.ivinio.com\\\/fr\\\/produit\\\/domaine-boudau-cotes-du-roussillon-padri-rouge\\\/\",\"name\":\"Acheter Domaine Boudau - C\u00f4tes du Roussillon \\\"Padri\\\" - IVINIO Caviste\",\"isPartOf\":{\"@id\":\"https:\\\/\\\/www.ivinio.com\\\/fr\\\/#website\"},\"primaryImageOfPage\":{\"@id\":\"https:\\\/\\\/www.ivinio.com\\\/fr\\\/produit\\\/domaine-boudau-cotes-du-roussillon-padri-rouge\\\/#primaryimage\"},\"image\":{\"@id\":\"https:\\\/\\\/www.ivinio.com\\\/fr\\\/produit\\\/domaine-boudau-cotes-du-roussillon-padri-rouge\\\/#primaryimage\"},\"thumbnailUrl\":\"https:\\\/\\\/www.ivinio.com\\\/wp-content\\\/uploads\\\/nc\\\/public\\\/modules\\\/file\\\/pictures\\\/5428.boudau-padri-cotes-du-rouss.jpg\",\"datePublished\":\"2014-05-21T10:20:31+00:00\",\"dateModified\":\"2022-11-04T22:00:10+00:00\",\"description\":\"Buy Domaine Boudau - C\u00f4tes du Roussillon \\\"Padri\\\". Ar\u00f4mes de sous bois, de baies noires et d'\u00e9pices subtils. R\u00e9guli\u00e8rement r\u00e9compens\u00e9 !\",\"breadcrumb\":{\"@id\":\"https:\\\/\\\/www.ivinio.com\\\/fr\\\/produit\\\/domaine-boudau-cotes-du-roussillon-padri-rouge\\\/#breadcrumb\"},\"inLanguage\":\"fr-FR\",\"potentialAction\":[{\"@type\":\"ReadAction\",\"target\":[\"https:\\\/\\\/www.ivinio.com\\\/fr\\\/produit\\\/domaine-boudau-cotes-du-roussillon-padri-rouge\\\/\"]}]},{\"@type\":\"ImageObject\",\"inLanguage\":\"fr-FR\",\"@id\":\"https:\\\/\\\/www.ivinio.com\\\/fr\\\/produit\\\/domaine-boudau-cotes-du-roussillon-padri-rouge\\\/#primaryimage\",\"url\":\"https:\\\/\\\/www.ivinio.com\\\/wp-content\\\/uploads\\\/nc\\\/public\\\/modules\\\/file\\\/pictures\\\/5428.boudau-padri-cotes-du-rouss.jpg\",\"contentUrl\":\"https:\\\/\\\/www.ivinio.com\\\/wp-content\\\/uploads\\\/nc\\\/public\\\/modules\\\/file\\\/pictures\\\/5428.boudau-padri-cotes-du-rouss.jpg\",\"width\":500,\"height\":500,\"caption\":\"Domaine Boudau - C\u00f4tes du Roussillon \\\"Padri\\\"\"},{\"@type\":\"BreadcrumbList\",\"@id\":\"https:\\\/\\\/www.ivinio.com\\\/fr\\\/produit\\\/domaine-boudau-cotes-du-roussillon-padri-rouge\\\/#breadcrumb\",\"itemListElement\":[{\"@type\":\"ListItem\",\"position\":1,\"name\":\"Home\",\"item\":\"https:\\\/\\\/www.ivinio.com\\\/fr\\\/\"},{\"@type\":\"ListItem\",\"position\":2,\"name\":\"Boutique de vin\",\"item\":\"https:\\\/\\\/www.ivinio.com\\\/fr\\\/boutique-de-vin\\\/\"},{\"@type\":\"ListItem\",\"position\":3,\"name\":\"Domaine Boudau &#8211; C\u00f4tes du Roussillon &#8220;Padri&#8221; &#8211; Rouge\"}]},{\"@type\":\"WebSite\",\"@id\":\"https:\\\/\\\/www.ivinio.com\\\/fr\\\/#website\",\"url\":\"https:\\\/\\\/www.ivinio.com\\\/fr\\\/\",\"name\":\"IVINIO Caviste\",\"description\":\"Vins de France et d&#039;Italie avec livraison \u00e0 domicile\",\"publisher\":{\"@id\":\"https:\\\/\\\/www.ivinio.com\\\/fr\\\/#organization\"},\"potentialAction\":[{\"@type\":\"SearchAction\",\"target\":{\"@type\":\"EntryPoint\",\"urlTemplate\":\"https:\\\/\\\/www.ivinio.com\\\/fr\\\/?s={search_term_string}\"},\"query-input\":{\"@type\":\"PropertyValueSpecification\",\"valueRequired\":true,\"valueName\":\"search_term_string\"}}],\"inLanguage\":\"fr-FR\"},{\"@type\":\"Organization\",\"@id\":\"https:\\\/\\\/www.ivinio.com\\\/fr\\\/#organization\",\"name\":\"IVINIO\",\"url\":\"https:\\\/\\\/www.ivinio.com\\\/fr\\\/\",\"logo\":{\"@type\":\"ImageObject\",\"inLanguage\":\"fr-FR\",\"@id\":\"https:\\\/\\\/www.ivinio.com\\\/fr\\\/#\\\/schema\\\/logo\\\/image\\\/\",\"url\":\"https:\\\/\\\/www.ivinio.com\\\/wp-content\\\/uploads\\\/2021\\\/01\\\/Logo-Ivinio-v2.jpg\",\"contentUrl\":\"https:\\\/\\\/www.ivinio.com\\\/wp-content\\\/uploads\\\/2021\\\/01\\\/Logo-Ivinio-v2.jpg\",\"width\":1194,\"height\":1194,\"caption\":\"IVINIO\"},\"image\":{\"@id\":\"https:\\\/\\\/www.ivinio.com\\\/fr\\\/#\\\/schema\\\/logo\\\/image\\\/\"},\"sameAs\":[\"https:\\\/\\\/www.facebook.com\\\/groups\\\/165217837022391\\\/?ref=bookmarks\",\"https:\\\/\\\/www.instagram.com\\\/_ivinio_\\\/?hl=fr\"]}]}<\/script>\n<!-- \/ Yoast SEO plugin. -->","yoast_head_json":{"title":"Acheter Domaine Boudau - C\u00f4tes du Roussillon \"Padri\" - IVINIO Caviste","description":"Buy Domaine Boudau - C\u00f4tes du Roussillon \"Padri\". Ar\u00f4mes de sous bois, de baies noires et d'\u00e9pices subtils. R\u00e9guli\u00e8rement r\u00e9compens\u00e9 !","robots":{"index":"index","follow":"follow","max-snippet":"max-snippet:-1","max-image-preview":"max-image-preview:large","max-video-preview":"max-video-preview:-1"},"canonical":"https:\/\/www.ivinio.com\/fr\/produit\/domaine-boudau-cotes-du-roussillon-padri-rouge\/","og_locale":"fr_FR","og_type":"article","og_title":"Acheter Domaine Boudau - C\u00f4tes du Roussillon \"Padri\" - IVINIO Caviste","og_description":"Buy Domaine Boudau - C\u00f4tes du Roussillon \"Padri\". Ar\u00f4mes de sous bois, de baies noires et d'\u00e9pices subtils. R\u00e9guli\u00e8rement r\u00e9compens\u00e9 !","og_url":"https:\/\/www.ivinio.com\/fr\/produit\/domaine-boudau-cotes-du-roussillon-padri-rouge\/","og_site_name":"IVINIO Caviste","article_publisher":"https:\/\/www.facebook.com\/groups\/165217837022391\/?ref=bookmarks","article_modified_time":"2022-11-04T22:00:10+00:00","og_image":[{"width":500,"height":500,"url":"https:\/\/www.ivinio.com\/wp-content\/uploads\/nc\/public\/modules\/file\/pictures\/5428.boudau-padri-cotes-du-rouss.jpg","type":"image\/jpeg"}],"twitter_card":"summary_large_image","twitter_misc":{"Dur\u00e9e de lecture estim\u00e9e":"1 minute"},"schema":{"@context":"https:\/\/schema.org","@graph":[{"@type":"WebPage","@id":"https:\/\/www.ivinio.com\/fr\/produit\/domaine-boudau-cotes-du-roussillon-padri-rouge\/","url":"https:\/\/www.ivinio.com\/fr\/produit\/domaine-boudau-cotes-du-roussillon-padri-rouge\/","name":"Acheter Domaine Boudau - C\u00f4tes du Roussillon \"Padri\" - IVINIO Caviste","isPartOf":{"@id":"https:\/\/www.ivinio.com\/fr\/#website"},"primaryImageOfPage":{"@id":"https:\/\/www.ivinio.com\/fr\/produit\/domaine-boudau-cotes-du-roussillon-padri-rouge\/#primaryimage"},"image":{"@id":"https:\/\/www.ivinio.com\/fr\/produit\/domaine-boudau-cotes-du-roussillon-padri-rouge\/#primaryimage"},"thumbnailUrl":"https:\/\/www.ivinio.com\/wp-content\/uploads\/nc\/public\/modules\/file\/pictures\/5428.boudau-padri-cotes-du-rouss.jpg","datePublished":"2014-05-21T10:20:31+00:00","dateModified":"2022-11-04T22:00:10+00:00","description":"Buy Domaine Boudau - C\u00f4tes du Roussillon \"Padri\". Ar\u00f4mes de sous bois, de baies noires et d'\u00e9pices subtils. R\u00e9guli\u00e8rement r\u00e9compens\u00e9 !","breadcrumb":{"@id":"https:\/\/www.ivinio.com\/fr\/produit\/domaine-boudau-cotes-du-roussillon-padri-rouge\/#breadcrumb"},"inLanguage":"fr-FR","potentialAction":[{"@type":"ReadAction","target":["https:\/\/www.ivinio.com\/fr\/produit\/domaine-boudau-cotes-du-roussillon-padri-rouge\/"]}]},{"@type":"ImageObject","inLanguage":"fr-FR","@id":"https:\/\/www.ivinio.com\/fr\/produit\/domaine-boudau-cotes-du-roussillon-padri-rouge\/#primaryimage","url":"https:\/\/www.ivinio.com\/wp-content\/uploads\/nc\/public\/modules\/file\/pictures\/5428.boudau-padri-cotes-du-rouss.jpg","contentUrl":"https:\/\/www.ivinio.com\/wp-content\/uploads\/nc\/public\/modules\/file\/pictures\/5428.boudau-padri-cotes-du-rouss.jpg","width":500,"height":500,"caption":"Domaine Boudau - C\u00f4tes du Roussillon \"Padri\""},{"@type":"BreadcrumbList","@id":"https:\/\/www.ivinio.com\/fr\/produit\/domaine-boudau-cotes-du-roussillon-padri-rouge\/#breadcrumb","itemListElement":[{"@type":"ListItem","position":1,"name":"Home","item":"https:\/\/www.ivinio.com\/fr\/"},{"@type":"ListItem","position":2,"name":"Boutique de vin","item":"https:\/\/www.ivinio.com\/fr\/boutique-de-vin\/"},{"@type":"ListItem","position":3,"name":"Domaine Boudau &#8211; C\u00f4tes du Roussillon &#8220;Padri&#8221; &#8211; Rouge"}]},{"@type":"WebSite","@id":"https:\/\/www.ivinio.com\/fr\/#website","url":"https:\/\/www.ivinio.com\/fr\/","name":"IVINIO Caviste","description":"Vins de France et d&#039;Italie avec livraison \u00e0 domicile","publisher":{"@id":"https:\/\/www.ivinio.com\/fr\/#organization"},"potentialAction":[{"@type":"SearchAction","target":{"@type":"EntryPoint","urlTemplate":"https:\/\/www.ivinio.com\/fr\/?s={search_term_string}"},"query-input":{"@type":"PropertyValueSpecification","valueRequired":true,"valueName":"search_term_string"}}],"inLanguage":"fr-FR"},{"@type":"Organization","@id":"https:\/\/www.ivinio.com\/fr\/#organization","name":"IVINIO","url":"https:\/\/www.ivinio.com\/fr\/","logo":{"@type":"ImageObject","inLanguage":"fr-FR","@id":"https:\/\/www.ivinio.com\/fr\/#\/schema\/logo\/image\/","url":"https:\/\/www.ivinio.com\/wp-content\/uploads\/2021\/01\/Logo-Ivinio-v2.jpg","contentUrl":"https:\/\/www.ivinio.com\/wp-content\/uploads\/2021\/01\/Logo-Ivinio-v2.jpg","width":1194,"height":1194,"caption":"IVINIO"},"image":{"@id":"https:\/\/www.ivinio.com\/fr\/#\/schema\/logo\/image\/"},"sameAs":["https:\/\/www.facebook.com\/groups\/165217837022391\/?ref=bookmarks","https:\/\/www.instagram.com\/_ivinio_\/?hl=fr"]}]}},"jetpack_sharing_enabled":true,"_links":{"self":[{"href":"https:\/\/www.ivinio.com\/fr\/wp-json\/wp\/v2\/product\/119188","targetHints":{"allow":["GET"]}}],"collection":[{"href":"https:\/\/www.ivinio.com\/fr\/wp-json\/wp\/v2\/product"}],"about":[{"href":"https:\/\/www.ivinio.com\/fr\/wp-json\/wp\/v2\/types\/product"}],"replies":[{"embeddable":true,"href":"https:\/\/www.ivinio.com\/fr\/wp-json\/wp\/v2\/comments?post=119188"}],"wp:featuredmedia":[{"embeddable":true,"href":"https:\/\/www.ivinio.com\/fr\/wp-json\/wp\/v2\/media\/119191"}],"wp:attachment":[{"href":"https:\/\/www.ivinio.com\/fr\/wp-json\/wp\/v2\/media?parent=119188"}],"wp:term":[{"taxonomy":"product_brand","embeddable":true,"href":"https:\/\/www.ivinio.com\/fr\/wp-json\/wp\/v2\/product_brand?post=119188"},{"taxonomy":"product_cat","embeddable":true,"href":"https:\/\/www.ivinio.com\/fr\/wp-json\/wp\/v2\/product_cat?post=119188"},{"taxonomy":"product_tag","embeddable":true,"href":"https:\/\/www.ivinio.com\/fr\/wp-json\/wp\/v2\/product_tag?post=119188"}],"curies":[{"name":"wp","href":"https:\/\/api.w.org\/{rel}","templated":true}]}}