{"id":119174,"date":"2015-01-31T19:31:53","date_gmt":"2015-01-31T19:31:53","guid":{"rendered":"https:\/\/henrik.www.ivinio.com\/?product=santi-solane-valpolicella-classico-superiore-ripasso-doc-rouge"},"modified":"2021-11-24T01:15:23","modified_gmt":"2021-11-24T00:15:23","slug":"santi-solane-valpolicella-classico-superiore-ripasso-doc-rouge-1","status":"publish","type":"product","link":"https:\/\/www.ivinio.com\/fr\/produit\/santi-solane-valpolicella-classico-superiore-ripasso-doc-rouge-1\/","title":{"rendered":"Santi &#8211; &#8220;Solane&#8221; Valpolicella Classico Superiore Ripasso DOC &#8211; Rouge"},"content":{"rendered":"<p>&#8220;Solane&#8221; Valpolicella Classico Superiore Ripasso de Santi est compos\u00e9\u00a0\u00e0 70% de\u00a0Corvina et 30% de\u00a0Rondinella. Le vin est cultiv\u00e9 en pergola sur des terres calcaires et rocheuses. Les raisins sont r\u00e9colt\u00e9s manuellement\u00a0au d\u00e9but du mois d&#8217; Octobre. La fermentation dure 15 jours \u00e0 temp\u00e9rature contr\u00f4l\u00e9e et agitation r\u00e9guli\u00e8re. En Novembre, une partie du vin fermente\u00a0\u00e0 nouveau avec des raisins partiellement s\u00e9ch\u00e9s entiers (appassimiento). Le reste du vin est stock\u00e9 jusqu&#8217;en\u00a0F\u00e9vriepuis il\u00a0est \u00a0&#8220;ripassata&#8221; ou replac\u00e9 sur les lies d&#8217;Amarone, ce qui lui fait\u00a0gagner en\u00a0puissance et en\u00a0caract\u00e8re. Les deux vins diff\u00e9rents sont ensuite m\u00e9lang\u00e9s et stock\u00e9s\u00a0en ch\u00eane pendant 15 mois. Le vin est mis en bouteille et stock\u00e9 encore pour une certaine dur\u00e9e.<\/p>\n","protected":false},"excerpt":{"rendered":"<p>&#8220;Solane&#8221; Valpolicella Classico Superiore Ripasso Santi est compos\u00e9 \u00e0\u00a070% de Corvina et 30% de\u00a0Rondinella. Un concentr\u00e9 de vin rouge ripasso\u00a0avec des notes de compot\u00e9e\u00a0de cerises. &#8220;Solane&#8221; est le mot italien pour d\u00e9signer les locaux sans\u00a0toitures o\u00f9 les raisins sont entrepos\u00e9s pour s\u00e9cher. A d\u00e9guster\u00a0avec des viandes rouges grill\u00e9es ou fromage.<\/p>\n","protected":false},"featured_media":119177,"comment_status":"open","ping_status":"closed","template":"","meta":{"_monsterinsights_skip_tracking":false,"_monsterinsights_sitenote_active":false,"_monsterinsights_sitenote_note":"","_monsterinsights_sitenote_category":0,"_uf_show_specific_survey":0,"_uf_disable_surveys":false},"product_brand":[],"product_cat":[36592,36589],"product_tag":[],"class_list":{"0":"post-119174","1":"product","2":"type-product","3":"status-publish","4":"has-post-thumbnail","6":"product_cat-fr-veneto-friuli","7":"product_cat-vins-italiens","8":"pa_alcohol-degree-152-fr","9":"pa_awards-jancis-robinson-fr","10":"pa_classification-doc-valpolicella-classico-superiore-ripasso-fr","11":"pa_color-rouge-fr","12":"pa_country-italie-fr","13":"pa_grape-variety-corvina-fr","14":"pa_grape-variety-rondinella-fr","15":"pa_region-veneto-fr","16":"pa_storage-potential-10-ans-fr","17":"pa_vintage-2018-fr","18":"pa_volume-75-cl-fr","20":"first","21":"instock","22":"taxable","23":"shipping-taxable","24":"purchasable","25":"product-type-simple"},"bundled_by":["119178"],"bundle_stock_status":"instock","bundle_stock_quantity":null,"bundle_virtual":false,"bundle_layout":"","bundle_add_to_cart_form_location":"","bundle_editable_in_cart":false,"bundle_sold_individually_context":"","bundle_item_grouping":"","bundle_min_size":"","bundle_max_size":"","bundle_price":[],"bundled_items":[],"bundle_sell_ids":[],"yoast_head":"<!-- This site is optimized with the Yoast SEO plugin v27.5 - https:\/\/yoast.com\/product\/yoast-seo-wordpress\/ -->\n<title>Acheter Santi - &quot;Solane&quot; Valpolicella Classico Superiore Ripasso - IVINIO Caviste<\/title>\n<meta name=\"description\" content=\"Acheter Santi - &quot;Solane&quot; Valpolicella Classico Superiore Ripasso. Un vin concentr\u00e9 et complexe avec des notes \u00e9pic\u00e9es de cerise.\" \/>\n<meta name=\"robots\" content=\"index, follow, max-snippet:-1, max-image-preview:large, max-video-preview:-1\" \/>\n<link rel=\"canonical\" href=\"https:\/\/www.ivinio.com\/fr\/produit\/santi-solane-valpolicella-classico-superiore-ripasso-doc-rouge-1\/\" \/>\n<meta property=\"og:locale\" content=\"fr_FR\" \/>\n<meta property=\"og:type\" content=\"article\" \/>\n<meta property=\"og:title\" content=\"Acheter Santi - &quot;Solane&quot; Valpolicella Classico Superiore Ripasso - IVINIO Caviste\" \/>\n<meta property=\"og:description\" content=\"Acheter Santi - &quot;Solane&quot; Valpolicella Classico Superiore Ripasso. Un vin concentr\u00e9 et complexe avec des notes \u00e9pic\u00e9es de cerise.\" \/>\n<meta property=\"og:url\" content=\"https:\/\/www.ivinio.com\/fr\/produit\/santi-solane-valpolicella-classico-superiore-ripasso-doc-rouge-1\/\" \/>\n<meta property=\"og:site_name\" content=\"IVINIO Caviste\" \/>\n<meta property=\"article:publisher\" content=\"https:\/\/www.facebook.com\/groups\/165217837022391\/?ref=bookmarks\" \/>\n<meta property=\"article:modified_time\" content=\"2021-11-24T00:15:23+00:00\" \/>\n<meta property=\"og:image\" content=\"https:\/\/www.ivinio.com\/wp-content\/uploads\/nc\/public\/modules\/file\/pictures\/5415.Santi-Solane-Ivinio.jpg\" \/>\n\t<meta property=\"og:image:width\" content=\"500\" \/>\n\t<meta property=\"og:image:height\" content=\"500\" \/>\n\t<meta property=\"og:image:type\" content=\"image\/jpeg\" \/>\n<meta name=\"twitter:card\" content=\"summary_large_image\" \/>\n<meta name=\"twitter:label1\" content=\"Dur\u00e9e de lecture estim\u00e9e\" \/>\n\t<meta name=\"twitter:data1\" content=\"1 minute\" \/>\n<script type=\"application\/ld+json\" class=\"yoast-schema-graph\">{\"@context\":\"https:\\\/\\\/schema.org\",\"@graph\":[{\"@type\":\"WebPage\",\"@id\":\"https:\\\/\\\/www.ivinio.com\\\/fr\\\/produit\\\/santi-solane-valpolicella-classico-superiore-ripasso-doc-rouge-1\\\/\",\"url\":\"https:\\\/\\\/www.ivinio.com\\\/fr\\\/produit\\\/santi-solane-valpolicella-classico-superiore-ripasso-doc-rouge-1\\\/\",\"name\":\"Acheter Santi - \\\"Solane\\\" Valpolicella Classico Superiore Ripasso - IVINIO Caviste\",\"isPartOf\":{\"@id\":\"https:\\\/\\\/www.ivinio.com\\\/fr\\\/#website\"},\"primaryImageOfPage\":{\"@id\":\"https:\\\/\\\/www.ivinio.com\\\/fr\\\/produit\\\/santi-solane-valpolicella-classico-superiore-ripasso-doc-rouge-1\\\/#primaryimage\"},\"image\":{\"@id\":\"https:\\\/\\\/www.ivinio.com\\\/fr\\\/produit\\\/santi-solane-valpolicella-classico-superiore-ripasso-doc-rouge-1\\\/#primaryimage\"},\"thumbnailUrl\":\"https:\\\/\\\/www.ivinio.com\\\/wp-content\\\/uploads\\\/nc\\\/public\\\/modules\\\/file\\\/pictures\\\/5415.Santi-Solane-Ivinio.jpg\",\"datePublished\":\"2015-01-31T19:31:53+00:00\",\"dateModified\":\"2021-11-24T00:15:23+00:00\",\"description\":\"Acheter Santi - \\\"Solane\\\" Valpolicella Classico Superiore Ripasso. Un vin concentr\u00e9 et complexe avec des notes \u00e9pic\u00e9es de cerise.\",\"breadcrumb\":{\"@id\":\"https:\\\/\\\/www.ivinio.com\\\/fr\\\/produit\\\/santi-solane-valpolicella-classico-superiore-ripasso-doc-rouge-1\\\/#breadcrumb\"},\"inLanguage\":\"fr-FR\",\"potentialAction\":[{\"@type\":\"ReadAction\",\"target\":[\"https:\\\/\\\/www.ivinio.com\\\/fr\\\/produit\\\/santi-solane-valpolicella-classico-superiore-ripasso-doc-rouge-1\\\/\"]}]},{\"@type\":\"ImageObject\",\"inLanguage\":\"fr-FR\",\"@id\":\"https:\\\/\\\/www.ivinio.com\\\/fr\\\/produit\\\/santi-solane-valpolicella-classico-superiore-ripasso-doc-rouge-1\\\/#primaryimage\",\"url\":\"https:\\\/\\\/www.ivinio.com\\\/wp-content\\\/uploads\\\/nc\\\/public\\\/modules\\\/file\\\/pictures\\\/5415.Santi-Solane-Ivinio.jpg\",\"contentUrl\":\"https:\\\/\\\/www.ivinio.com\\\/wp-content\\\/uploads\\\/nc\\\/public\\\/modules\\\/file\\\/pictures\\\/5415.Santi-Solane-Ivinio.jpg\",\"width\":500,\"height\":500,\"caption\":\"Santi - \\\"Solane\\\" Valpolicella Classico Superiore Ripasso\"},{\"@type\":\"BreadcrumbList\",\"@id\":\"https:\\\/\\\/www.ivinio.com\\\/fr\\\/produit\\\/santi-solane-valpolicella-classico-superiore-ripasso-doc-rouge-1\\\/#breadcrumb\",\"itemListElement\":[{\"@type\":\"ListItem\",\"position\":1,\"name\":\"Home\",\"item\":\"https:\\\/\\\/www.ivinio.com\\\/fr\\\/\"},{\"@type\":\"ListItem\",\"position\":2,\"name\":\"Boutique de vin\",\"item\":\"https:\\\/\\\/www.ivinio.com\\\/fr\\\/boutique-de-vin\\\/\"},{\"@type\":\"ListItem\",\"position\":3,\"name\":\"Santi &#8211; &#8220;Solane&#8221; Valpolicella Classico Superiore Ripasso DOC &#8211; Rouge\"}]},{\"@type\":\"WebSite\",\"@id\":\"https:\\\/\\\/www.ivinio.com\\\/fr\\\/#website\",\"url\":\"https:\\\/\\\/www.ivinio.com\\\/fr\\\/\",\"name\":\"IVINIO Caviste\",\"description\":\"Vins de France et d&#039;Italie avec livraison \u00e0 domicile\",\"publisher\":{\"@id\":\"https:\\\/\\\/www.ivinio.com\\\/fr\\\/#organization\"},\"potentialAction\":[{\"@type\":\"SearchAction\",\"target\":{\"@type\":\"EntryPoint\",\"urlTemplate\":\"https:\\\/\\\/www.ivinio.com\\\/fr\\\/?s={search_term_string}\"},\"query-input\":{\"@type\":\"PropertyValueSpecification\",\"valueRequired\":true,\"valueName\":\"search_term_string\"}}],\"inLanguage\":\"fr-FR\"},{\"@type\":\"Organization\",\"@id\":\"https:\\\/\\\/www.ivinio.com\\\/fr\\\/#organization\",\"name\":\"IVINIO\",\"url\":\"https:\\\/\\\/www.ivinio.com\\\/fr\\\/\",\"logo\":{\"@type\":\"ImageObject\",\"inLanguage\":\"fr-FR\",\"@id\":\"https:\\\/\\\/www.ivinio.com\\\/fr\\\/#\\\/schema\\\/logo\\\/image\\\/\",\"url\":\"https:\\\/\\\/www.ivinio.com\\\/wp-content\\\/uploads\\\/2021\\\/01\\\/Logo-Ivinio-v2.jpg\",\"contentUrl\":\"https:\\\/\\\/www.ivinio.com\\\/wp-content\\\/uploads\\\/2021\\\/01\\\/Logo-Ivinio-v2.jpg\",\"width\":1194,\"height\":1194,\"caption\":\"IVINIO\"},\"image\":{\"@id\":\"https:\\\/\\\/www.ivinio.com\\\/fr\\\/#\\\/schema\\\/logo\\\/image\\\/\"},\"sameAs\":[\"https:\\\/\\\/www.facebook.com\\\/groups\\\/165217837022391\\\/?ref=bookmarks\",\"https:\\\/\\\/www.instagram.com\\\/_ivinio_\\\/?hl=fr\"]}]}<\/script>\n<!-- \/ Yoast SEO plugin. -->","yoast_head_json":{"title":"Acheter Santi - \"Solane\" Valpolicella Classico Superiore Ripasso - IVINIO Caviste","description":"Acheter Santi - \"Solane\" Valpolicella Classico Superiore Ripasso. Un vin concentr\u00e9 et complexe avec des notes \u00e9pic\u00e9es de cerise.","robots":{"index":"index","follow":"follow","max-snippet":"max-snippet:-1","max-image-preview":"max-image-preview:large","max-video-preview":"max-video-preview:-1"},"canonical":"https:\/\/www.ivinio.com\/fr\/produit\/santi-solane-valpolicella-classico-superiore-ripasso-doc-rouge-1\/","og_locale":"fr_FR","og_type":"article","og_title":"Acheter Santi - \"Solane\" Valpolicella Classico Superiore Ripasso - IVINIO Caviste","og_description":"Acheter Santi - \"Solane\" Valpolicella Classico Superiore Ripasso. Un vin concentr\u00e9 et complexe avec des notes \u00e9pic\u00e9es de cerise.","og_url":"https:\/\/www.ivinio.com\/fr\/produit\/santi-solane-valpolicella-classico-superiore-ripasso-doc-rouge-1\/","og_site_name":"IVINIO Caviste","article_publisher":"https:\/\/www.facebook.com\/groups\/165217837022391\/?ref=bookmarks","article_modified_time":"2021-11-24T00:15:23+00:00","og_image":[{"width":500,"height":500,"url":"https:\/\/www.ivinio.com\/wp-content\/uploads\/nc\/public\/modules\/file\/pictures\/5415.Santi-Solane-Ivinio.jpg","type":"image\/jpeg"}],"twitter_card":"summary_large_image","twitter_misc":{"Dur\u00e9e de lecture estim\u00e9e":"1 minute"},"schema":{"@context":"https:\/\/schema.org","@graph":[{"@type":"WebPage","@id":"https:\/\/www.ivinio.com\/fr\/produit\/santi-solane-valpolicella-classico-superiore-ripasso-doc-rouge-1\/","url":"https:\/\/www.ivinio.com\/fr\/produit\/santi-solane-valpolicella-classico-superiore-ripasso-doc-rouge-1\/","name":"Acheter Santi - \"Solane\" Valpolicella Classico Superiore Ripasso - IVINIO Caviste","isPartOf":{"@id":"https:\/\/www.ivinio.com\/fr\/#website"},"primaryImageOfPage":{"@id":"https:\/\/www.ivinio.com\/fr\/produit\/santi-solane-valpolicella-classico-superiore-ripasso-doc-rouge-1\/#primaryimage"},"image":{"@id":"https:\/\/www.ivinio.com\/fr\/produit\/santi-solane-valpolicella-classico-superiore-ripasso-doc-rouge-1\/#primaryimage"},"thumbnailUrl":"https:\/\/www.ivinio.com\/wp-content\/uploads\/nc\/public\/modules\/file\/pictures\/5415.Santi-Solane-Ivinio.jpg","datePublished":"2015-01-31T19:31:53+00:00","dateModified":"2021-11-24T00:15:23+00:00","description":"Acheter Santi - \"Solane\" Valpolicella Classico Superiore Ripasso. Un vin concentr\u00e9 et complexe avec des notes \u00e9pic\u00e9es de cerise.","breadcrumb":{"@id":"https:\/\/www.ivinio.com\/fr\/produit\/santi-solane-valpolicella-classico-superiore-ripasso-doc-rouge-1\/#breadcrumb"},"inLanguage":"fr-FR","potentialAction":[{"@type":"ReadAction","target":["https:\/\/www.ivinio.com\/fr\/produit\/santi-solane-valpolicella-classico-superiore-ripasso-doc-rouge-1\/"]}]},{"@type":"ImageObject","inLanguage":"fr-FR","@id":"https:\/\/www.ivinio.com\/fr\/produit\/santi-solane-valpolicella-classico-superiore-ripasso-doc-rouge-1\/#primaryimage","url":"https:\/\/www.ivinio.com\/wp-content\/uploads\/nc\/public\/modules\/file\/pictures\/5415.Santi-Solane-Ivinio.jpg","contentUrl":"https:\/\/www.ivinio.com\/wp-content\/uploads\/nc\/public\/modules\/file\/pictures\/5415.Santi-Solane-Ivinio.jpg","width":500,"height":500,"caption":"Santi - \"Solane\" Valpolicella Classico Superiore Ripasso"},{"@type":"BreadcrumbList","@id":"https:\/\/www.ivinio.com\/fr\/produit\/santi-solane-valpolicella-classico-superiore-ripasso-doc-rouge-1\/#breadcrumb","itemListElement":[{"@type":"ListItem","position":1,"name":"Home","item":"https:\/\/www.ivinio.com\/fr\/"},{"@type":"ListItem","position":2,"name":"Boutique de vin","item":"https:\/\/www.ivinio.com\/fr\/boutique-de-vin\/"},{"@type":"ListItem","position":3,"name":"Santi &#8211; &#8220;Solane&#8221; Valpolicella Classico Superiore Ripasso DOC &#8211; Rouge"}]},{"@type":"WebSite","@id":"https:\/\/www.ivinio.com\/fr\/#website","url":"https:\/\/www.ivinio.com\/fr\/","name":"IVINIO Caviste","description":"Vins de France et d&#039;Italie avec livraison \u00e0 domicile","publisher":{"@id":"https:\/\/www.ivinio.com\/fr\/#organization"},"potentialAction":[{"@type":"SearchAction","target":{"@type":"EntryPoint","urlTemplate":"https:\/\/www.ivinio.com\/fr\/?s={search_term_string}"},"query-input":{"@type":"PropertyValueSpecification","valueRequired":true,"valueName":"search_term_string"}}],"inLanguage":"fr-FR"},{"@type":"Organization","@id":"https:\/\/www.ivinio.com\/fr\/#organization","name":"IVINIO","url":"https:\/\/www.ivinio.com\/fr\/","logo":{"@type":"ImageObject","inLanguage":"fr-FR","@id":"https:\/\/www.ivinio.com\/fr\/#\/schema\/logo\/image\/","url":"https:\/\/www.ivinio.com\/wp-content\/uploads\/2021\/01\/Logo-Ivinio-v2.jpg","contentUrl":"https:\/\/www.ivinio.com\/wp-content\/uploads\/2021\/01\/Logo-Ivinio-v2.jpg","width":1194,"height":1194,"caption":"IVINIO"},"image":{"@id":"https:\/\/www.ivinio.com\/fr\/#\/schema\/logo\/image\/"},"sameAs":["https:\/\/www.facebook.com\/groups\/165217837022391\/?ref=bookmarks","https:\/\/www.instagram.com\/_ivinio_\/?hl=fr"]}]}},"jetpack_sharing_enabled":true,"_links":{"self":[{"href":"https:\/\/www.ivinio.com\/fr\/wp-json\/wp\/v2\/product\/119174","targetHints":{"allow":["GET"]}}],"collection":[{"href":"https:\/\/www.ivinio.com\/fr\/wp-json\/wp\/v2\/product"}],"about":[{"href":"https:\/\/www.ivinio.com\/fr\/wp-json\/wp\/v2\/types\/product"}],"replies":[{"embeddable":true,"href":"https:\/\/www.ivinio.com\/fr\/wp-json\/wp\/v2\/comments?post=119174"}],"wp:featuredmedia":[{"embeddable":true,"href":"https:\/\/www.ivinio.com\/fr\/wp-json\/wp\/v2\/media\/119177"}],"wp:attachment":[{"href":"https:\/\/www.ivinio.com\/fr\/wp-json\/wp\/v2\/media?parent=119174"}],"wp:term":[{"taxonomy":"product_brand","embeddable":true,"href":"https:\/\/www.ivinio.com\/fr\/wp-json\/wp\/v2\/product_brand?post=119174"},{"taxonomy":"product_cat","embeddable":true,"href":"https:\/\/www.ivinio.com\/fr\/wp-json\/wp\/v2\/product_cat?post=119174"},{"taxonomy":"product_tag","embeddable":true,"href":"https:\/\/www.ivinio.com\/fr\/wp-json\/wp\/v2\/product_tag?post=119174"}],"curies":[{"name":"wp","href":"https:\/\/api.w.org\/{rel}","templated":true}]}}