{"id":119157,"date":"2014-05-21T10:20:34","date_gmt":"2014-05-21T10:20:34","guid":{"rendered":"https:\/\/henrik.www.ivinio.com\/?product=daldin-mesai-prosecco-doc-treviso-brut-blanc-mousseux"},"modified":"2026-02-17T19:31:37","modified_gmt":"2026-02-17T18:31:37","slug":"dal-din-mesai-extra-dry-prosecco-doc-treviso-mousseux","status":"publish","type":"product","link":"https:\/\/www.ivinio.com\/fr\/produit\/dal-din-mesai-extra-dry-prosecco-doc-treviso-mousseux\/","title":{"rendered":"Dal din \u2013 Mesai Extra-dry Prosecco DOC Treviso"},"content":{"rendered":"<p>Dal din \u2013 Mesai Extra-dry Prosecco DOC Treviso est un 100% du c\u00e9page Glera cultiv\u00e9 sur les collines autour de Valdobbiadene et Conegliano. Les grappes sont \u00a0r\u00e9colt\u00e9es fin Septembre d\u00e9but Octobre. Ils utilisent la m\u00e9thode traditionnelle avec la seule diff\u00e9rence que les bulles de vin sont produites dans la cuve d&#8217;acier sous pression et pas dans la bouteille.<\/p>\n","protected":false},"excerpt":{"rendered":"<p>Dal din \u2013 Mesai Extra-dry Prosecco DOC Treviso fruit\u00e9 et aromatique des collines alentours de Valdobbiadene et Congliano.<\/p>\n","protected":false},"featured_media":129399,"comment_status":"open","ping_status":"closed","template":"","meta":{"_monsterinsights_skip_tracking":false,"_monsterinsights_sitenote_active":false,"_monsterinsights_sitenote_note":"","_monsterinsights_sitenote_category":0,"_uf_show_specific_survey":0,"_uf_disable_surveys":false},"product_brand":[],"product_cat":[36594,36591],"product_tag":[],"class_list":{"0":"post-119157","1":"product","2":"type-product","3":"status-publish","4":"has-post-thumbnail","6":"product_cat-sv-veneto-friuli","7":"product_cat-italienska-viner","8":"pa_alcohol-degree-11-sv","9":"pa_awards-falstaff-sv","10":"pa_awards-mostra-nazionale-vini","11":"pa_classification-doc-prosecco-treviso-sv","12":"pa_color-mousserande-sv","13":"pa_country-italien-sv","14":"pa_grape-variety-glera-sv","15":"pa_region-veneto-sv","16":"pa_storage-potential-2-ar-sv","17":"pa_volume-75-cl-sv","19":"first","20":"instock","21":"taxable","22":"shipping-taxable","23":"purchasable","24":"product-type-simple"},"bundled_by":["119725"],"bundle_stock_status":"instock","bundle_stock_quantity":null,"bundle_virtual":false,"bundle_layout":"","bundle_add_to_cart_form_location":"","bundle_editable_in_cart":false,"bundle_sold_individually_context":"","bundle_item_grouping":"","bundle_min_size":"","bundle_max_size":"","bundle_price":[],"bundled_items":[],"bundle_sell_ids":[],"yoast_head":"<!-- This site is optimized with the Yoast SEO plugin v27.3 - https:\/\/yoast.com\/product\/yoast-seo-wordpress\/ -->\n<title>Acheter Dal din \u2013 Mesai Extra-dry Prosecco DOC Treviso - IVINIO Caviste<\/title>\n<meta name=\"description\" content=\"Acheter Dal din \u2013 Mesai Extra-dry Prosecco DOC Treviso. Mousseux italien fruit\u00e9 et aromatique de la r\u00e9gion du Veneto. Ar\u00f4mes de pomme et de poire.\" \/>\n<meta name=\"robots\" content=\"index, follow, max-snippet:-1, max-image-preview:large, max-video-preview:-1\" \/>\n<link rel=\"canonical\" href=\"https:\/\/www.ivinio.com\/fr\/produit\/dal-din-mesai-extra-dry-prosecco-doc-treviso-mousseux\/\" \/>\n<meta property=\"og:locale\" content=\"fr_FR\" \/>\n<meta property=\"og:type\" content=\"article\" \/>\n<meta property=\"og:title\" content=\"Acheter Dal din \u2013 Mesai Extra-dry Prosecco DOC Treviso - IVINIO Caviste\" \/>\n<meta property=\"og:description\" content=\"Acheter Dal din \u2013 Mesai Extra-dry Prosecco DOC Treviso. Mousseux italien fruit\u00e9 et aromatique de la r\u00e9gion du Veneto. Ar\u00f4mes de pomme et de poire.\" \/>\n<meta property=\"og:url\" content=\"https:\/\/www.ivinio.com\/fr\/produit\/dal-din-mesai-extra-dry-prosecco-doc-treviso-mousseux\/\" \/>\n<meta property=\"og:site_name\" content=\"IVINIO Caviste\" \/>\n<meta property=\"article:publisher\" content=\"https:\/\/www.facebook.com\/groups\/165217837022391\/?ref=bookmarks\" \/>\n<meta property=\"article:modified_time\" content=\"2026-02-17T18:31:37+00:00\" \/>\n<meta property=\"og:image\" content=\"https:\/\/www.ivinio.com\/wp-content\/uploads\/nc\/public\/modules\/file\/pictures\/6280.daldin-mesai-prosecco-extradry-ivinio.jpg\" \/>\n\t<meta property=\"og:image:width\" content=\"500\" \/>\n\t<meta property=\"og:image:height\" content=\"500\" \/>\n\t<meta property=\"og:image:type\" content=\"image\/jpeg\" \/>\n<meta name=\"twitter:card\" content=\"summary_large_image\" \/>\n<meta name=\"twitter:label1\" content=\"Dur\u00e9e de lecture estim\u00e9e\" \/>\n\t<meta name=\"twitter:data1\" content=\"1 minute\" \/>\n<script type=\"application\/ld+json\" class=\"yoast-schema-graph\">{\"@context\":\"https:\\\/\\\/schema.org\",\"@graph\":[{\"@type\":\"WebPage\",\"@id\":\"https:\\\/\\\/www.ivinio.com\\\/fr\\\/produit\\\/dal-din-mesai-extra-dry-prosecco-doc-treviso-mousseux\\\/\",\"url\":\"https:\\\/\\\/www.ivinio.com\\\/fr\\\/produit\\\/dal-din-mesai-extra-dry-prosecco-doc-treviso-mousseux\\\/\",\"name\":\"Acheter Dal din \u2013 Mesai Extra-dry Prosecco DOC Treviso - IVINIO Caviste\",\"isPartOf\":{\"@id\":\"https:\\\/\\\/www.ivinio.com\\\/fr\\\/#website\"},\"primaryImageOfPage\":{\"@id\":\"https:\\\/\\\/www.ivinio.com\\\/fr\\\/produit\\\/dal-din-mesai-extra-dry-prosecco-doc-treviso-mousseux\\\/#primaryimage\"},\"image\":{\"@id\":\"https:\\\/\\\/www.ivinio.com\\\/fr\\\/produit\\\/dal-din-mesai-extra-dry-prosecco-doc-treviso-mousseux\\\/#primaryimage\"},\"thumbnailUrl\":\"https:\\\/\\\/www.ivinio.com\\\/wp-content\\\/uploads\\\/nc\\\/public\\\/modules\\\/file\\\/pictures\\\/6280.daldin-mesai-prosecco-extradry-ivinio.jpg\",\"datePublished\":\"2014-05-21T10:20:34+00:00\",\"dateModified\":\"2026-02-17T18:31:37+00:00\",\"description\":\"Acheter Dal din \u2013 Mesai Extra-dry Prosecco DOC Treviso. Mousseux italien fruit\u00e9 et aromatique de la r\u00e9gion du Veneto. Ar\u00f4mes de pomme et de poire.\",\"breadcrumb\":{\"@id\":\"https:\\\/\\\/www.ivinio.com\\\/fr\\\/produit\\\/dal-din-mesai-extra-dry-prosecco-doc-treviso-mousseux\\\/#breadcrumb\"},\"inLanguage\":\"fr-FR\",\"potentialAction\":[{\"@type\":\"ReadAction\",\"target\":[\"https:\\\/\\\/www.ivinio.com\\\/fr\\\/produit\\\/dal-din-mesai-extra-dry-prosecco-doc-treviso-mousseux\\\/\"]}]},{\"@type\":\"ImageObject\",\"inLanguage\":\"fr-FR\",\"@id\":\"https:\\\/\\\/www.ivinio.com\\\/fr\\\/produit\\\/dal-din-mesai-extra-dry-prosecco-doc-treviso-mousseux\\\/#primaryimage\",\"url\":\"https:\\\/\\\/www.ivinio.com\\\/wp-content\\\/uploads\\\/nc\\\/public\\\/modules\\\/file\\\/pictures\\\/6280.daldin-mesai-prosecco-extradry-ivinio.jpg\",\"contentUrl\":\"https:\\\/\\\/www.ivinio.com\\\/wp-content\\\/uploads\\\/nc\\\/public\\\/modules\\\/file\\\/pictures\\\/6280.daldin-mesai-prosecco-extradry-ivinio.jpg\",\"width\":500,\"height\":500,\"caption\":\"Dal din - Mesai Brut Prosecco DOC Treviso\"},{\"@type\":\"BreadcrumbList\",\"@id\":\"https:\\\/\\\/www.ivinio.com\\\/fr\\\/produit\\\/dal-din-mesai-extra-dry-prosecco-doc-treviso-mousseux\\\/#breadcrumb\",\"itemListElement\":[{\"@type\":\"ListItem\",\"position\":1,\"name\":\"Home\",\"item\":\"https:\\\/\\\/www.ivinio.com\\\/fr\\\/\"},{\"@type\":\"ListItem\",\"position\":2,\"name\":\"Boutique de vin\",\"item\":\"https:\\\/\\\/www.ivinio.com\\\/fr\\\/boutique-de-vin\\\/\"},{\"@type\":\"ListItem\",\"position\":3,\"name\":\"Dal din \u2013 Mesai Extra-dry Prosecco DOC Treviso\"}]},{\"@type\":\"WebSite\",\"@id\":\"https:\\\/\\\/www.ivinio.com\\\/fr\\\/#website\",\"url\":\"https:\\\/\\\/www.ivinio.com\\\/fr\\\/\",\"name\":\"IVINIO Caviste\",\"description\":\"Vins de France et d&#039;Italie avec livraison \u00e0 domicile\",\"publisher\":{\"@id\":\"https:\\\/\\\/www.ivinio.com\\\/fr\\\/#organization\"},\"potentialAction\":[{\"@type\":\"SearchAction\",\"target\":{\"@type\":\"EntryPoint\",\"urlTemplate\":\"https:\\\/\\\/www.ivinio.com\\\/fr\\\/?s={search_term_string}\"},\"query-input\":{\"@type\":\"PropertyValueSpecification\",\"valueRequired\":true,\"valueName\":\"search_term_string\"}}],\"inLanguage\":\"fr-FR\"},{\"@type\":\"Organization\",\"@id\":\"https:\\\/\\\/www.ivinio.com\\\/fr\\\/#organization\",\"name\":\"IVINIO\",\"url\":\"https:\\\/\\\/www.ivinio.com\\\/fr\\\/\",\"logo\":{\"@type\":\"ImageObject\",\"inLanguage\":\"fr-FR\",\"@id\":\"https:\\\/\\\/www.ivinio.com\\\/fr\\\/#\\\/schema\\\/logo\\\/image\\\/\",\"url\":\"https:\\\/\\\/www.ivinio.com\\\/wp-content\\\/uploads\\\/2021\\\/01\\\/Logo-Ivinio-v2.jpg\",\"contentUrl\":\"https:\\\/\\\/www.ivinio.com\\\/wp-content\\\/uploads\\\/2021\\\/01\\\/Logo-Ivinio-v2.jpg\",\"width\":1194,\"height\":1194,\"caption\":\"IVINIO\"},\"image\":{\"@id\":\"https:\\\/\\\/www.ivinio.com\\\/fr\\\/#\\\/schema\\\/logo\\\/image\\\/\"},\"sameAs\":[\"https:\\\/\\\/www.facebook.com\\\/groups\\\/165217837022391\\\/?ref=bookmarks\",\"https:\\\/\\\/www.instagram.com\\\/_ivinio_\\\/?hl=fr\"]}]}<\/script>\n<!-- \/ Yoast SEO plugin. -->","yoast_head_json":{"title":"Acheter Dal din \u2013 Mesai Extra-dry Prosecco DOC Treviso - IVINIO Caviste","description":"Acheter Dal din \u2013 Mesai Extra-dry Prosecco DOC Treviso. Mousseux italien fruit\u00e9 et aromatique de la r\u00e9gion du Veneto. Ar\u00f4mes de pomme et de poire.","robots":{"index":"index","follow":"follow","max-snippet":"max-snippet:-1","max-image-preview":"max-image-preview:large","max-video-preview":"max-video-preview:-1"},"canonical":"https:\/\/www.ivinio.com\/fr\/produit\/dal-din-mesai-extra-dry-prosecco-doc-treviso-mousseux\/","og_locale":"fr_FR","og_type":"article","og_title":"Acheter Dal din \u2013 Mesai Extra-dry Prosecco DOC Treviso - IVINIO Caviste","og_description":"Acheter Dal din \u2013 Mesai Extra-dry Prosecco DOC Treviso. Mousseux italien fruit\u00e9 et aromatique de la r\u00e9gion du Veneto. Ar\u00f4mes de pomme et de poire.","og_url":"https:\/\/www.ivinio.com\/fr\/produit\/dal-din-mesai-extra-dry-prosecco-doc-treviso-mousseux\/","og_site_name":"IVINIO Caviste","article_publisher":"https:\/\/www.facebook.com\/groups\/165217837022391\/?ref=bookmarks","article_modified_time":"2026-02-17T18:31:37+00:00","og_image":[{"width":500,"height":500,"url":"https:\/\/www.ivinio.com\/wp-content\/uploads\/nc\/public\/modules\/file\/pictures\/6280.daldin-mesai-prosecco-extradry-ivinio.jpg","type":"image\/jpeg"}],"twitter_card":"summary_large_image","twitter_misc":{"Dur\u00e9e de lecture estim\u00e9e":"1 minute"},"schema":{"@context":"https:\/\/schema.org","@graph":[{"@type":"WebPage","@id":"https:\/\/www.ivinio.com\/fr\/produit\/dal-din-mesai-extra-dry-prosecco-doc-treviso-mousseux\/","url":"https:\/\/www.ivinio.com\/fr\/produit\/dal-din-mesai-extra-dry-prosecco-doc-treviso-mousseux\/","name":"Acheter Dal din \u2013 Mesai Extra-dry Prosecco DOC Treviso - IVINIO Caviste","isPartOf":{"@id":"https:\/\/www.ivinio.com\/fr\/#website"},"primaryImageOfPage":{"@id":"https:\/\/www.ivinio.com\/fr\/produit\/dal-din-mesai-extra-dry-prosecco-doc-treviso-mousseux\/#primaryimage"},"image":{"@id":"https:\/\/www.ivinio.com\/fr\/produit\/dal-din-mesai-extra-dry-prosecco-doc-treviso-mousseux\/#primaryimage"},"thumbnailUrl":"https:\/\/www.ivinio.com\/wp-content\/uploads\/nc\/public\/modules\/file\/pictures\/6280.daldin-mesai-prosecco-extradry-ivinio.jpg","datePublished":"2014-05-21T10:20:34+00:00","dateModified":"2026-02-17T18:31:37+00:00","description":"Acheter Dal din \u2013 Mesai Extra-dry Prosecco DOC Treviso. Mousseux italien fruit\u00e9 et aromatique de la r\u00e9gion du Veneto. Ar\u00f4mes de pomme et de poire.","breadcrumb":{"@id":"https:\/\/www.ivinio.com\/fr\/produit\/dal-din-mesai-extra-dry-prosecco-doc-treviso-mousseux\/#breadcrumb"},"inLanguage":"fr-FR","potentialAction":[{"@type":"ReadAction","target":["https:\/\/www.ivinio.com\/fr\/produit\/dal-din-mesai-extra-dry-prosecco-doc-treviso-mousseux\/"]}]},{"@type":"ImageObject","inLanguage":"fr-FR","@id":"https:\/\/www.ivinio.com\/fr\/produit\/dal-din-mesai-extra-dry-prosecco-doc-treviso-mousseux\/#primaryimage","url":"https:\/\/www.ivinio.com\/wp-content\/uploads\/nc\/public\/modules\/file\/pictures\/6280.daldin-mesai-prosecco-extradry-ivinio.jpg","contentUrl":"https:\/\/www.ivinio.com\/wp-content\/uploads\/nc\/public\/modules\/file\/pictures\/6280.daldin-mesai-prosecco-extradry-ivinio.jpg","width":500,"height":500,"caption":"Dal din - Mesai Brut Prosecco DOC Treviso"},{"@type":"BreadcrumbList","@id":"https:\/\/www.ivinio.com\/fr\/produit\/dal-din-mesai-extra-dry-prosecco-doc-treviso-mousseux\/#breadcrumb","itemListElement":[{"@type":"ListItem","position":1,"name":"Home","item":"https:\/\/www.ivinio.com\/fr\/"},{"@type":"ListItem","position":2,"name":"Boutique de vin","item":"https:\/\/www.ivinio.com\/fr\/boutique-de-vin\/"},{"@type":"ListItem","position":3,"name":"Dal din \u2013 Mesai Extra-dry Prosecco DOC Treviso"}]},{"@type":"WebSite","@id":"https:\/\/www.ivinio.com\/fr\/#website","url":"https:\/\/www.ivinio.com\/fr\/","name":"IVINIO Caviste","description":"Vins de France et d&#039;Italie avec livraison \u00e0 domicile","publisher":{"@id":"https:\/\/www.ivinio.com\/fr\/#organization"},"potentialAction":[{"@type":"SearchAction","target":{"@type":"EntryPoint","urlTemplate":"https:\/\/www.ivinio.com\/fr\/?s={search_term_string}"},"query-input":{"@type":"PropertyValueSpecification","valueRequired":true,"valueName":"search_term_string"}}],"inLanguage":"fr-FR"},{"@type":"Organization","@id":"https:\/\/www.ivinio.com\/fr\/#organization","name":"IVINIO","url":"https:\/\/www.ivinio.com\/fr\/","logo":{"@type":"ImageObject","inLanguage":"fr-FR","@id":"https:\/\/www.ivinio.com\/fr\/#\/schema\/logo\/image\/","url":"https:\/\/www.ivinio.com\/wp-content\/uploads\/2021\/01\/Logo-Ivinio-v2.jpg","contentUrl":"https:\/\/www.ivinio.com\/wp-content\/uploads\/2021\/01\/Logo-Ivinio-v2.jpg","width":1194,"height":1194,"caption":"IVINIO"},"image":{"@id":"https:\/\/www.ivinio.com\/fr\/#\/schema\/logo\/image\/"},"sameAs":["https:\/\/www.facebook.com\/groups\/165217837022391\/?ref=bookmarks","https:\/\/www.instagram.com\/_ivinio_\/?hl=fr"]}]}},"jetpack_sharing_enabled":true,"_links":{"self":[{"href":"https:\/\/www.ivinio.com\/fr\/wp-json\/wp\/v2\/product\/119157","targetHints":{"allow":["GET"]}}],"collection":[{"href":"https:\/\/www.ivinio.com\/fr\/wp-json\/wp\/v2\/product"}],"about":[{"href":"https:\/\/www.ivinio.com\/fr\/wp-json\/wp\/v2\/types\/product"}],"replies":[{"embeddable":true,"href":"https:\/\/www.ivinio.com\/fr\/wp-json\/wp\/v2\/comments?post=119157"}],"wp:featuredmedia":[{"embeddable":true,"href":"https:\/\/www.ivinio.com\/fr\/wp-json\/wp\/v2\/media\/129399"}],"wp:attachment":[{"href":"https:\/\/www.ivinio.com\/fr\/wp-json\/wp\/v2\/media?parent=119157"}],"wp:term":[{"taxonomy":"product_brand","embeddable":true,"href":"https:\/\/www.ivinio.com\/fr\/wp-json\/wp\/v2\/product_brand?post=119157"},{"taxonomy":"product_cat","embeddable":true,"href":"https:\/\/www.ivinio.com\/fr\/wp-json\/wp\/v2\/product_cat?post=119157"},{"taxonomy":"product_tag","embeddable":true,"href":"https:\/\/www.ivinio.com\/fr\/wp-json\/wp\/v2\/product_tag?post=119157"}],"curies":[{"name":"wp","href":"https:\/\/api.w.org\/{rel}","templated":true}]}}