{"id":119129,"date":"2015-01-31T19:31:53","date_gmt":"2015-01-31T19:31:53","guid":{"rendered":"https:\/\/henrik.www.ivinio.com\/?product=santi-amarone-della-valpolicella-rouge"},"modified":"2022-12-06T19:44:13","modified_gmt":"2022-12-06T18:44:13","slug":"santi-amarone-della-valpolicella-rouge","status":"publish","type":"product","link":"https:\/\/www.ivinio.com\/fr\/produit\/santi-amarone-della-valpolicella-rouge\/","title":{"rendered":"Santi &#8211; Amarone della Valpolicella &#8211; Rouge"},"content":{"rendered":"<p>L&#8217;Amarone de Santi est compos\u00e9\u00a0de 75% de\u00a0Corvina et 25% de\u00a0Rondinella. Les vignes sont\u00a0cultiv\u00e9es en\u00a0pergola dans sur les villages de Negrar, Marano et Fumane sur des sols argilo calcaires et rocheux,\u00a0exposition sud. Quelques jours avant la grande r\u00e9colte,\u00a05-15% des grappes sont r\u00e9colt\u00e9es manuellement, ce sont les plus belles et les meilleures. Les raisins sont ensuite s\u00e9ch\u00e9s \u00e0 l&#8217;air pendant 3 mois. En Janvier les raisons sont \u00e9cras\u00e9s et d\u00e9bute alors une longue fermentation traditionnelle\u00a0avec b\u00e2tonnage r\u00e9gulier. Le vin est ensuite mis\u00a0deux ans en f\u00fbts de ch\u00eane de divers types. Le vin est mis en bouteille et\u00a0stock\u00e9\u00a06 mois suppl\u00e9mentaires en bouteille.<\/p>\n","protected":false},"excerpt":{"rendered":"<p>Amarone Santi est compos\u00e9 \u00e0\u00a075% de\u00a0Corvina et 25% de\u00a0Rondinella. Un vin concentr\u00e9 et complexe,\u00a0\u00e9pic\u00e9\u00a0et aux saveurs de pruneaux. A d\u00e9guster\u00a0avec des viandes rouges grill\u00e9es, fromages affin\u00e9s ou un risotto assez\u00a0neutre!<\/p>\n","protected":false},"featured_media":119132,"comment_status":"open","ping_status":"closed","template":"","meta":{"_monsterinsights_skip_tracking":false,"_monsterinsights_sitenote_active":false,"_monsterinsights_sitenote_note":"","_monsterinsights_sitenote_category":0,"_uf_show_specific_survey":0,"_uf_disable_surveys":false},"product_brand":[],"product_cat":[36592,36589],"product_tag":[],"class_list":{"0":"post-119129","1":"product","2":"type-product","3":"status-publish","4":"has-post-thumbnail","6":"product_cat-fr-veneto-friuli","7":"product_cat-vins-italiens","8":"pa_alcohol-degree-152-fr","9":"pa_awards-jancis-robinson-fr","10":"pa_color-rouge-fr","11":"pa_country-italie-fr","12":"pa_grape-variety-corvina-fr","13":"pa_grape-variety-rondinella-fr","14":"pa_package-1x1-fr","15":"pa_package-1x6-fr","16":"pa_region-veneto-fr","17":"pa_storage-potential-10-ans-fr","18":"pa_vintage-2017-fr","19":"pa_volume-75-cl-fr","21":"first","22":"instock","23":"taxable","24":"shipping-taxable","25":"purchasable","26":"product-type-variable"},"bundled_by":["119164"],"bundle_stock_status":"instock","bundle_stock_quantity":null,"bundle_virtual":false,"bundle_layout":"","bundle_add_to_cart_form_location":"","bundle_editable_in_cart":false,"bundle_sold_individually_context":"","bundle_item_grouping":"","bundle_min_size":"","bundle_max_size":"","bundle_price":[],"bundled_items":[],"bundle_sell_ids":[],"yoast_head":"<!-- This site is optimized with the Yoast SEO plugin v27.4 - https:\/\/yoast.com\/product\/yoast-seo-wordpress\/ -->\n<title>Acheter Santi - Amarone della Valpolicella - IVINIO Caviste<\/title>\n<meta name=\"description\" content=\"Buy Santi - Amarone della Valpolicella. Un vin concentr\u00e9 et complexe avec des notes \u00e9pic\u00e9es de raisins et pruneaux. Livr\u00e9 \u00e0 votre porte.\" \/>\n<meta name=\"robots\" content=\"index, follow, max-snippet:-1, max-image-preview:large, max-video-preview:-1\" \/>\n<link rel=\"canonical\" href=\"https:\/\/www.ivinio.com\/fr\/produit\/santi-amarone-della-valpolicella-rouge\/\" \/>\n<meta property=\"og:locale\" content=\"fr_FR\" \/>\n<meta property=\"og:type\" content=\"article\" \/>\n<meta property=\"og:title\" content=\"Acheter Santi - Amarone della Valpolicella - IVINIO Caviste\" \/>\n<meta property=\"og:description\" content=\"Buy Santi - Amarone della Valpolicella. Un vin concentr\u00e9 et complexe avec des notes \u00e9pic\u00e9es de raisins et pruneaux. Livr\u00e9 \u00e0 votre porte.\" \/>\n<meta property=\"og:url\" content=\"https:\/\/www.ivinio.com\/fr\/produit\/santi-amarone-della-valpolicella-rouge\/\" \/>\n<meta property=\"og:site_name\" content=\"IVINIO Caviste\" \/>\n<meta property=\"article:publisher\" content=\"https:\/\/www.facebook.com\/groups\/165217837022391\/?ref=bookmarks\" \/>\n<meta property=\"article:modified_time\" content=\"2022-12-06T18:44:13+00:00\" \/>\n<meta property=\"og:image\" content=\"https:\/\/www.ivinio.com\/wp-content\/uploads\/nc\/public\/modules\/file\/pictures\/5396.Santi-Amarone-ivinio.jpg\" \/>\n\t<meta property=\"og:image:width\" content=\"500\" \/>\n\t<meta property=\"og:image:height\" content=\"500\" \/>\n\t<meta property=\"og:image:type\" content=\"image\/jpeg\" \/>\n<meta name=\"twitter:card\" content=\"summary_large_image\" \/>\n<meta name=\"twitter:label1\" content=\"Dur\u00e9e de lecture estim\u00e9e\" \/>\n\t<meta name=\"twitter:data1\" content=\"1 minute\" \/>\n<script type=\"application\/ld+json\" class=\"yoast-schema-graph\">{\"@context\":\"https:\\\/\\\/schema.org\",\"@graph\":[{\"@type\":\"WebPage\",\"@id\":\"https:\\\/\\\/www.ivinio.com\\\/fr\\\/produit\\\/santi-amarone-della-valpolicella-rouge\\\/\",\"url\":\"https:\\\/\\\/www.ivinio.com\\\/fr\\\/produit\\\/santi-amarone-della-valpolicella-rouge\\\/\",\"name\":\"Acheter Santi - Amarone della Valpolicella - IVINIO Caviste\",\"isPartOf\":{\"@id\":\"https:\\\/\\\/www.ivinio.com\\\/fr\\\/#website\"},\"primaryImageOfPage\":{\"@id\":\"https:\\\/\\\/www.ivinio.com\\\/fr\\\/produit\\\/santi-amarone-della-valpolicella-rouge\\\/#primaryimage\"},\"image\":{\"@id\":\"https:\\\/\\\/www.ivinio.com\\\/fr\\\/produit\\\/santi-amarone-della-valpolicella-rouge\\\/#primaryimage\"},\"thumbnailUrl\":\"https:\\\/\\\/www.ivinio.com\\\/wp-content\\\/uploads\\\/nc\\\/public\\\/modules\\\/file\\\/pictures\\\/5396.Santi-Amarone-ivinio.jpg\",\"datePublished\":\"2015-01-31T19:31:53+00:00\",\"dateModified\":\"2022-12-06T18:44:13+00:00\",\"description\":\"Buy Santi - Amarone della Valpolicella. Un vin concentr\u00e9 et complexe avec des notes \u00e9pic\u00e9es de raisins et pruneaux. Livr\u00e9 \u00e0 votre porte.\",\"breadcrumb\":{\"@id\":\"https:\\\/\\\/www.ivinio.com\\\/fr\\\/produit\\\/santi-amarone-della-valpolicella-rouge\\\/#breadcrumb\"},\"inLanguage\":\"fr-FR\",\"potentialAction\":[{\"@type\":\"ReadAction\",\"target\":[\"https:\\\/\\\/www.ivinio.com\\\/fr\\\/produit\\\/santi-amarone-della-valpolicella-rouge\\\/\"]}]},{\"@type\":\"ImageObject\",\"inLanguage\":\"fr-FR\",\"@id\":\"https:\\\/\\\/www.ivinio.com\\\/fr\\\/produit\\\/santi-amarone-della-valpolicella-rouge\\\/#primaryimage\",\"url\":\"https:\\\/\\\/www.ivinio.com\\\/wp-content\\\/uploads\\\/nc\\\/public\\\/modules\\\/file\\\/pictures\\\/5396.Santi-Amarone-ivinio.jpg\",\"contentUrl\":\"https:\\\/\\\/www.ivinio.com\\\/wp-content\\\/uploads\\\/nc\\\/public\\\/modules\\\/file\\\/pictures\\\/5396.Santi-Amarone-ivinio.jpg\",\"width\":500,\"height\":500,\"caption\":\"Santi - Amarone della Valpolicella\"},{\"@type\":\"BreadcrumbList\",\"@id\":\"https:\\\/\\\/www.ivinio.com\\\/fr\\\/produit\\\/santi-amarone-della-valpolicella-rouge\\\/#breadcrumb\",\"itemListElement\":[{\"@type\":\"ListItem\",\"position\":1,\"name\":\"Home\",\"item\":\"https:\\\/\\\/www.ivinio.com\\\/fr\\\/\"},{\"@type\":\"ListItem\",\"position\":2,\"name\":\"Boutique de vin\",\"item\":\"https:\\\/\\\/www.ivinio.com\\\/fr\\\/boutique-de-vin\\\/\"},{\"@type\":\"ListItem\",\"position\":3,\"name\":\"Santi &#8211; Amarone della Valpolicella &#8211; Rouge\"}]},{\"@type\":\"WebSite\",\"@id\":\"https:\\\/\\\/www.ivinio.com\\\/fr\\\/#website\",\"url\":\"https:\\\/\\\/www.ivinio.com\\\/fr\\\/\",\"name\":\"IVINIO Caviste\",\"description\":\"Vins de France et d&#039;Italie avec livraison \u00e0 domicile\",\"publisher\":{\"@id\":\"https:\\\/\\\/www.ivinio.com\\\/fr\\\/#organization\"},\"potentialAction\":[{\"@type\":\"SearchAction\",\"target\":{\"@type\":\"EntryPoint\",\"urlTemplate\":\"https:\\\/\\\/www.ivinio.com\\\/fr\\\/?s={search_term_string}\"},\"query-input\":{\"@type\":\"PropertyValueSpecification\",\"valueRequired\":true,\"valueName\":\"search_term_string\"}}],\"inLanguage\":\"fr-FR\"},{\"@type\":\"Organization\",\"@id\":\"https:\\\/\\\/www.ivinio.com\\\/fr\\\/#organization\",\"name\":\"IVINIO\",\"url\":\"https:\\\/\\\/www.ivinio.com\\\/fr\\\/\",\"logo\":{\"@type\":\"ImageObject\",\"inLanguage\":\"fr-FR\",\"@id\":\"https:\\\/\\\/www.ivinio.com\\\/fr\\\/#\\\/schema\\\/logo\\\/image\\\/\",\"url\":\"https:\\\/\\\/www.ivinio.com\\\/wp-content\\\/uploads\\\/2021\\\/01\\\/Logo-Ivinio-v2.jpg\",\"contentUrl\":\"https:\\\/\\\/www.ivinio.com\\\/wp-content\\\/uploads\\\/2021\\\/01\\\/Logo-Ivinio-v2.jpg\",\"width\":1194,\"height\":1194,\"caption\":\"IVINIO\"},\"image\":{\"@id\":\"https:\\\/\\\/www.ivinio.com\\\/fr\\\/#\\\/schema\\\/logo\\\/image\\\/\"},\"sameAs\":[\"https:\\\/\\\/www.facebook.com\\\/groups\\\/165217837022391\\\/?ref=bookmarks\",\"https:\\\/\\\/www.instagram.com\\\/_ivinio_\\\/?hl=fr\"]}]}<\/script>\n<!-- \/ Yoast SEO plugin. -->","yoast_head_json":{"title":"Acheter Santi - Amarone della Valpolicella - IVINIO Caviste","description":"Buy Santi - Amarone della Valpolicella. Un vin concentr\u00e9 et complexe avec des notes \u00e9pic\u00e9es de raisins et pruneaux. Livr\u00e9 \u00e0 votre porte.","robots":{"index":"index","follow":"follow","max-snippet":"max-snippet:-1","max-image-preview":"max-image-preview:large","max-video-preview":"max-video-preview:-1"},"canonical":"https:\/\/www.ivinio.com\/fr\/produit\/santi-amarone-della-valpolicella-rouge\/","og_locale":"fr_FR","og_type":"article","og_title":"Acheter Santi - Amarone della Valpolicella - IVINIO Caviste","og_description":"Buy Santi - Amarone della Valpolicella. Un vin concentr\u00e9 et complexe avec des notes \u00e9pic\u00e9es de raisins et pruneaux. Livr\u00e9 \u00e0 votre porte.","og_url":"https:\/\/www.ivinio.com\/fr\/produit\/santi-amarone-della-valpolicella-rouge\/","og_site_name":"IVINIO Caviste","article_publisher":"https:\/\/www.facebook.com\/groups\/165217837022391\/?ref=bookmarks","article_modified_time":"2022-12-06T18:44:13+00:00","og_image":[{"width":500,"height":500,"url":"https:\/\/www.ivinio.com\/wp-content\/uploads\/nc\/public\/modules\/file\/pictures\/5396.Santi-Amarone-ivinio.jpg","type":"image\/jpeg"}],"twitter_card":"summary_large_image","twitter_misc":{"Dur\u00e9e de lecture estim\u00e9e":"1 minute"},"schema":{"@context":"https:\/\/schema.org","@graph":[{"@type":"WebPage","@id":"https:\/\/www.ivinio.com\/fr\/produit\/santi-amarone-della-valpolicella-rouge\/","url":"https:\/\/www.ivinio.com\/fr\/produit\/santi-amarone-della-valpolicella-rouge\/","name":"Acheter Santi - Amarone della Valpolicella - IVINIO Caviste","isPartOf":{"@id":"https:\/\/www.ivinio.com\/fr\/#website"},"primaryImageOfPage":{"@id":"https:\/\/www.ivinio.com\/fr\/produit\/santi-amarone-della-valpolicella-rouge\/#primaryimage"},"image":{"@id":"https:\/\/www.ivinio.com\/fr\/produit\/santi-amarone-della-valpolicella-rouge\/#primaryimage"},"thumbnailUrl":"https:\/\/www.ivinio.com\/wp-content\/uploads\/nc\/public\/modules\/file\/pictures\/5396.Santi-Amarone-ivinio.jpg","datePublished":"2015-01-31T19:31:53+00:00","dateModified":"2022-12-06T18:44:13+00:00","description":"Buy Santi - Amarone della Valpolicella. Un vin concentr\u00e9 et complexe avec des notes \u00e9pic\u00e9es de raisins et pruneaux. Livr\u00e9 \u00e0 votre porte.","breadcrumb":{"@id":"https:\/\/www.ivinio.com\/fr\/produit\/santi-amarone-della-valpolicella-rouge\/#breadcrumb"},"inLanguage":"fr-FR","potentialAction":[{"@type":"ReadAction","target":["https:\/\/www.ivinio.com\/fr\/produit\/santi-amarone-della-valpolicella-rouge\/"]}]},{"@type":"ImageObject","inLanguage":"fr-FR","@id":"https:\/\/www.ivinio.com\/fr\/produit\/santi-amarone-della-valpolicella-rouge\/#primaryimage","url":"https:\/\/www.ivinio.com\/wp-content\/uploads\/nc\/public\/modules\/file\/pictures\/5396.Santi-Amarone-ivinio.jpg","contentUrl":"https:\/\/www.ivinio.com\/wp-content\/uploads\/nc\/public\/modules\/file\/pictures\/5396.Santi-Amarone-ivinio.jpg","width":500,"height":500,"caption":"Santi - Amarone della Valpolicella"},{"@type":"BreadcrumbList","@id":"https:\/\/www.ivinio.com\/fr\/produit\/santi-amarone-della-valpolicella-rouge\/#breadcrumb","itemListElement":[{"@type":"ListItem","position":1,"name":"Home","item":"https:\/\/www.ivinio.com\/fr\/"},{"@type":"ListItem","position":2,"name":"Boutique de vin","item":"https:\/\/www.ivinio.com\/fr\/boutique-de-vin\/"},{"@type":"ListItem","position":3,"name":"Santi &#8211; Amarone della Valpolicella &#8211; Rouge"}]},{"@type":"WebSite","@id":"https:\/\/www.ivinio.com\/fr\/#website","url":"https:\/\/www.ivinio.com\/fr\/","name":"IVINIO Caviste","description":"Vins de France et d&#039;Italie avec livraison \u00e0 domicile","publisher":{"@id":"https:\/\/www.ivinio.com\/fr\/#organization"},"potentialAction":[{"@type":"SearchAction","target":{"@type":"EntryPoint","urlTemplate":"https:\/\/www.ivinio.com\/fr\/?s={search_term_string}"},"query-input":{"@type":"PropertyValueSpecification","valueRequired":true,"valueName":"search_term_string"}}],"inLanguage":"fr-FR"},{"@type":"Organization","@id":"https:\/\/www.ivinio.com\/fr\/#organization","name":"IVINIO","url":"https:\/\/www.ivinio.com\/fr\/","logo":{"@type":"ImageObject","inLanguage":"fr-FR","@id":"https:\/\/www.ivinio.com\/fr\/#\/schema\/logo\/image\/","url":"https:\/\/www.ivinio.com\/wp-content\/uploads\/2021\/01\/Logo-Ivinio-v2.jpg","contentUrl":"https:\/\/www.ivinio.com\/wp-content\/uploads\/2021\/01\/Logo-Ivinio-v2.jpg","width":1194,"height":1194,"caption":"IVINIO"},"image":{"@id":"https:\/\/www.ivinio.com\/fr\/#\/schema\/logo\/image\/"},"sameAs":["https:\/\/www.facebook.com\/groups\/165217837022391\/?ref=bookmarks","https:\/\/www.instagram.com\/_ivinio_\/?hl=fr"]}]}},"jetpack_sharing_enabled":true,"_links":{"self":[{"href":"https:\/\/www.ivinio.com\/fr\/wp-json\/wp\/v2\/product\/119129","targetHints":{"allow":["GET"]}}],"collection":[{"href":"https:\/\/www.ivinio.com\/fr\/wp-json\/wp\/v2\/product"}],"about":[{"href":"https:\/\/www.ivinio.com\/fr\/wp-json\/wp\/v2\/types\/product"}],"replies":[{"embeddable":true,"href":"https:\/\/www.ivinio.com\/fr\/wp-json\/wp\/v2\/comments?post=119129"}],"wp:featuredmedia":[{"embeddable":true,"href":"https:\/\/www.ivinio.com\/fr\/wp-json\/wp\/v2\/media\/119132"}],"wp:attachment":[{"href":"https:\/\/www.ivinio.com\/fr\/wp-json\/wp\/v2\/media?parent=119129"}],"wp:term":[{"taxonomy":"product_brand","embeddable":true,"href":"https:\/\/www.ivinio.com\/fr\/wp-json\/wp\/v2\/product_brand?post=119129"},{"taxonomy":"product_cat","embeddable":true,"href":"https:\/\/www.ivinio.com\/fr\/wp-json\/wp\/v2\/product_cat?post=119129"},{"taxonomy":"product_tag","embeddable":true,"href":"https:\/\/www.ivinio.com\/fr\/wp-json\/wp\/v2\/product_tag?post=119129"}],"curies":[{"name":"wp","href":"https:\/\/api.w.org\/{rel}","templated":true}]}}