{"id":119116,"date":"2015-01-29T18:08:09","date_gmt":"2015-01-29T18:08:09","guid":{"rendered":"https:\/\/henrik.www.ivinio.com\/?product=azienda-agricola-manara-postera-amarone-della-valpolicella-d-o-c-classico-2011-rouge"},"modified":"2025-04-11T18:21:27","modified_gmt":"2025-04-11T16:21:27","slug":"azienda-agricola-manara-postera-amarone-della-valpolicella-classico-rouge","status":"publish","type":"product","link":"https:\/\/www.ivinio.com\/fr\/produit\/azienda-agricola-manara-postera-amarone-della-valpolicella-classico-rouge\/","title":{"rendered":"Azienda Agricola Manara &#8211; \u201cPostera\u201d Amarone della Valpolicella Classico &#8211; Rouge"},"content":{"rendered":"<p>&#8220;Le Postera&#8221; de l&#8217;Azienda Agricola Manara est un Amarone classique compos\u00e9\u00a0\u00e0\u00a070% de Corvina, 20% de Rondinella, 10% de Croatina, Oseleta ainsi que d&#8217;autres vari\u00e9t\u00e9s. Les vignes poussent sur des terres au-dessus Mirabele, \u00e0 l&#8217;est de la r\u00e9gion Valpolicella Classico Marano. Le nom de &#8220;Postera&#8221;\u00a0vient du dialecte local et se r\u00e9f\u00e8re au\u00a0fait que les vignes sont expos\u00e9es au soleil toute la journ\u00e9e. Le processus de s\u00e9chage est d&#8217;environ 3 mois. Les raisins sont ensuite broy\u00e9s l\u00e9g\u00e8rement et fermentent\u00a0lentement dans des cuves en acier pendant 40 \u00e0\u00a060 jours. Vieilli pendant 18 mois en f\u00fbts de ch\u00eane slov\u00e8nes et encore\u00a018 mois en cuves d&#8217;acier. Le vin est mis en bouteille\u00a0et stock\u00e9\u00a0pour\u00a06 \u00e0 12 mois suppl\u00e9mentaires avant la commercialisation.<\/p>\n","protected":false},"excerpt":{"rendered":"<p>L&#8217;Amarone &#8220;Postera&#8221; de l&#8217;Azienda Agricola Manara est un\u00a0Amarone Classico\u00a0compos\u00e9 \u00e0\u00a070% de Corvina, 20% de Rondinella, 10% de Croatina, Oseleta ainsi que d&#8217;autres vari\u00e9t\u00e9s. Un Amarone de qualit\u00e9 \u00e0 d\u00e9guster\u00a0avec la viande grill\u00e9e, un beau plateau de fromages puissants.<\/p>\n","protected":false},"featured_media":131939,"comment_status":"open","ping_status":"closed","template":"","meta":{"_monsterinsights_skip_tracking":false,"_monsterinsights_sitenote_active":false,"_monsterinsights_sitenote_note":"","_monsterinsights_sitenote_category":0,"_uf_show_specific_survey":0,"_uf_disable_surveys":false},"product_brand":[],"product_cat":[36592,36589],"product_tag":[],"class_list":{"0":"post-119116","1":"product","2":"type-product","3":"status-publish","4":"has-post-thumbnail","6":"product_cat-fr-veneto-friuli","7":"product_cat-vins-italiens","8":"pa_alcohol-degree-15-fr","9":"pa_awards-go-wine-fr","10":"pa_classification-docg-amarone-della-valpolicella-classico-fr","11":"pa_color-rouge-fr","12":"pa_country-italie-fr","13":"pa_grape-variety-corvina-fr","14":"pa_grape-variety-croatina-fr","15":"pa_grape-variety-rondinella-fr","16":"pa_package-1x1-fr","17":"pa_package-1x6-fr","18":"pa_region-veneto-fr","19":"pa_storage-potential-plus-de-10-ans-fr","20":"pa_vintage-2020-fr","21":"pa_volume-75-cl-fr","23":"first","24":"instock","25":"taxable","26":"shipping-taxable","27":"purchasable","28":"product-type-variable"},"bundled_by":[],"bundle_stock_status":"instock","bundle_stock_quantity":null,"bundle_virtual":false,"bundle_layout":"","bundle_add_to_cart_form_location":"","bundle_editable_in_cart":false,"bundle_sold_individually_context":"","bundle_item_grouping":"","bundle_min_size":"","bundle_max_size":"","bundle_price":[],"bundled_items":[],"bundle_sell_ids":[],"yoast_head":"<!-- This site is optimized with the Yoast SEO plugin v27.5 - https:\/\/yoast.com\/product\/yoast-seo-wordpress\/ -->\n<title>Acheter Azienda Agricola Manara - Amarone - &quot;Postera&quot; - IVINIO Caviste<\/title>\n<meta name=\"description\" content=\"Acheter Azienda Agricola Manara - Amarone Classico- &quot;Postera&quot;. Vin rouge cors\u00e9 \u00e0 boire avec un risotto. Livr\u00e9 le plus rapide \u00e0 votre porte.\" \/>\n<meta name=\"robots\" content=\"index, follow, max-snippet:-1, max-image-preview:large, max-video-preview:-1\" \/>\n<link rel=\"canonical\" href=\"https:\/\/www.ivinio.com\/fr\/produit\/azienda-agricola-manara-postera-amarone-della-valpolicella-classico-rouge\/\" \/>\n<meta property=\"og:locale\" content=\"fr_FR\" \/>\n<meta property=\"og:type\" content=\"article\" \/>\n<meta property=\"og:title\" content=\"Acheter Azienda Agricola Manara - Amarone - &quot;Postera&quot; - IVINIO Caviste\" \/>\n<meta property=\"og:description\" content=\"Acheter Azienda Agricola Manara - Amarone Classico- &quot;Postera&quot;. Vin rouge cors\u00e9 \u00e0 boire avec un risotto. Livr\u00e9 le plus rapide \u00e0 votre porte.\" \/>\n<meta property=\"og:url\" content=\"https:\/\/www.ivinio.com\/fr\/produit\/azienda-agricola-manara-postera-amarone-della-valpolicella-classico-rouge\/\" \/>\n<meta property=\"og:site_name\" content=\"IVINIO Caviste\" \/>\n<meta property=\"article:publisher\" content=\"https:\/\/www.facebook.com\/groups\/165217837022391\/?ref=bookmarks\" \/>\n<meta property=\"article:modified_time\" content=\"2025-04-11T16:21:27+00:00\" \/>\n<meta property=\"og:image\" content=\"https:\/\/www.ivinio.com\/wp-content\/uploads\/2015\/01\/Manara-amarone-postera-IVINIO.jpg\" \/>\n\t<meta property=\"og:image:width\" content=\"500\" \/>\n\t<meta property=\"og:image:height\" content=\"500\" \/>\n\t<meta property=\"og:image:type\" content=\"image\/jpeg\" \/>\n<meta name=\"twitter:card\" content=\"summary_large_image\" \/>\n<meta name=\"twitter:label1\" content=\"Dur\u00e9e de lecture estim\u00e9e\" \/>\n\t<meta name=\"twitter:data1\" content=\"1 minute\" \/>\n<script type=\"application\/ld+json\" class=\"yoast-schema-graph\">{\"@context\":\"https:\\\/\\\/schema.org\",\"@graph\":[{\"@type\":\"WebPage\",\"@id\":\"https:\\\/\\\/www.ivinio.com\\\/fr\\\/produit\\\/azienda-agricola-manara-postera-amarone-della-valpolicella-classico-rouge\\\/\",\"url\":\"https:\\\/\\\/www.ivinio.com\\\/fr\\\/produit\\\/azienda-agricola-manara-postera-amarone-della-valpolicella-classico-rouge\\\/\",\"name\":\"Acheter Azienda Agricola Manara - Amarone - \\\"Postera\\\" - IVINIO Caviste\",\"isPartOf\":{\"@id\":\"https:\\\/\\\/www.ivinio.com\\\/fr\\\/#website\"},\"primaryImageOfPage\":{\"@id\":\"https:\\\/\\\/www.ivinio.com\\\/fr\\\/produit\\\/azienda-agricola-manara-postera-amarone-della-valpolicella-classico-rouge\\\/#primaryimage\"},\"image\":{\"@id\":\"https:\\\/\\\/www.ivinio.com\\\/fr\\\/produit\\\/azienda-agricola-manara-postera-amarone-della-valpolicella-classico-rouge\\\/#primaryimage\"},\"thumbnailUrl\":\"https:\\\/\\\/www.ivinio.com\\\/wp-content\\\/uploads\\\/2015\\\/01\\\/Manara-amarone-postera-IVINIO.jpg\",\"datePublished\":\"2015-01-29T18:08:09+00:00\",\"dateModified\":\"2025-04-11T16:21:27+00:00\",\"description\":\"Acheter Azienda Agricola Manara - Amarone Classico- \\\"Postera\\\". Vin rouge cors\u00e9 \u00e0 boire avec un risotto. Livr\u00e9 le plus rapide \u00e0 votre porte.\",\"breadcrumb\":{\"@id\":\"https:\\\/\\\/www.ivinio.com\\\/fr\\\/produit\\\/azienda-agricola-manara-postera-amarone-della-valpolicella-classico-rouge\\\/#breadcrumb\"},\"inLanguage\":\"fr-FR\",\"potentialAction\":[{\"@type\":\"ReadAction\",\"target\":[\"https:\\\/\\\/www.ivinio.com\\\/fr\\\/produit\\\/azienda-agricola-manara-postera-amarone-della-valpolicella-classico-rouge\\\/\"]}]},{\"@type\":\"ImageObject\",\"inLanguage\":\"fr-FR\",\"@id\":\"https:\\\/\\\/www.ivinio.com\\\/fr\\\/produit\\\/azienda-agricola-manara-postera-amarone-della-valpolicella-classico-rouge\\\/#primaryimage\",\"url\":\"https:\\\/\\\/www.ivinio.com\\\/wp-content\\\/uploads\\\/2015\\\/01\\\/Manara-amarone-postera-IVINIO.jpg\",\"contentUrl\":\"https:\\\/\\\/www.ivinio.com\\\/wp-content\\\/uploads\\\/2015\\\/01\\\/Manara-amarone-postera-IVINIO.jpg\",\"width\":500,\"height\":500},{\"@type\":\"BreadcrumbList\",\"@id\":\"https:\\\/\\\/www.ivinio.com\\\/fr\\\/produit\\\/azienda-agricola-manara-postera-amarone-della-valpolicella-classico-rouge\\\/#breadcrumb\",\"itemListElement\":[{\"@type\":\"ListItem\",\"position\":1,\"name\":\"Home\",\"item\":\"https:\\\/\\\/www.ivinio.com\\\/fr\\\/\"},{\"@type\":\"ListItem\",\"position\":2,\"name\":\"Boutique de vin\",\"item\":\"https:\\\/\\\/www.ivinio.com\\\/fr\\\/boutique-de-vin\\\/\"},{\"@type\":\"ListItem\",\"position\":3,\"name\":\"Azienda Agricola Manara &#8211; \u201cPostera\u201d Amarone della Valpolicella Classico &#8211; Rouge\"}]},{\"@type\":\"WebSite\",\"@id\":\"https:\\\/\\\/www.ivinio.com\\\/fr\\\/#website\",\"url\":\"https:\\\/\\\/www.ivinio.com\\\/fr\\\/\",\"name\":\"IVINIO Caviste\",\"description\":\"Vins de France et d&#039;Italie avec livraison \u00e0 domicile\",\"publisher\":{\"@id\":\"https:\\\/\\\/www.ivinio.com\\\/fr\\\/#organization\"},\"potentialAction\":[{\"@type\":\"SearchAction\",\"target\":{\"@type\":\"EntryPoint\",\"urlTemplate\":\"https:\\\/\\\/www.ivinio.com\\\/fr\\\/?s={search_term_string}\"},\"query-input\":{\"@type\":\"PropertyValueSpecification\",\"valueRequired\":true,\"valueName\":\"search_term_string\"}}],\"inLanguage\":\"fr-FR\"},{\"@type\":\"Organization\",\"@id\":\"https:\\\/\\\/www.ivinio.com\\\/fr\\\/#organization\",\"name\":\"IVINIO\",\"url\":\"https:\\\/\\\/www.ivinio.com\\\/fr\\\/\",\"logo\":{\"@type\":\"ImageObject\",\"inLanguage\":\"fr-FR\",\"@id\":\"https:\\\/\\\/www.ivinio.com\\\/fr\\\/#\\\/schema\\\/logo\\\/image\\\/\",\"url\":\"https:\\\/\\\/www.ivinio.com\\\/wp-content\\\/uploads\\\/2021\\\/01\\\/Logo-Ivinio-v2.jpg\",\"contentUrl\":\"https:\\\/\\\/www.ivinio.com\\\/wp-content\\\/uploads\\\/2021\\\/01\\\/Logo-Ivinio-v2.jpg\",\"width\":1194,\"height\":1194,\"caption\":\"IVINIO\"},\"image\":{\"@id\":\"https:\\\/\\\/www.ivinio.com\\\/fr\\\/#\\\/schema\\\/logo\\\/image\\\/\"},\"sameAs\":[\"https:\\\/\\\/www.facebook.com\\\/groups\\\/165217837022391\\\/?ref=bookmarks\",\"https:\\\/\\\/www.instagram.com\\\/_ivinio_\\\/?hl=fr\"]}]}<\/script>\n<!-- \/ Yoast SEO plugin. -->","yoast_head_json":{"title":"Acheter Azienda Agricola Manara - Amarone - \"Postera\" - IVINIO Caviste","description":"Acheter Azienda Agricola Manara - Amarone Classico- \"Postera\". Vin rouge cors\u00e9 \u00e0 boire avec un risotto. Livr\u00e9 le plus rapide \u00e0 votre porte.","robots":{"index":"index","follow":"follow","max-snippet":"max-snippet:-1","max-image-preview":"max-image-preview:large","max-video-preview":"max-video-preview:-1"},"canonical":"https:\/\/www.ivinio.com\/fr\/produit\/azienda-agricola-manara-postera-amarone-della-valpolicella-classico-rouge\/","og_locale":"fr_FR","og_type":"article","og_title":"Acheter Azienda Agricola Manara - Amarone - \"Postera\" - IVINIO Caviste","og_description":"Acheter Azienda Agricola Manara - Amarone Classico- \"Postera\". Vin rouge cors\u00e9 \u00e0 boire avec un risotto. Livr\u00e9 le plus rapide \u00e0 votre porte.","og_url":"https:\/\/www.ivinio.com\/fr\/produit\/azienda-agricola-manara-postera-amarone-della-valpolicella-classico-rouge\/","og_site_name":"IVINIO Caviste","article_publisher":"https:\/\/www.facebook.com\/groups\/165217837022391\/?ref=bookmarks","article_modified_time":"2025-04-11T16:21:27+00:00","og_image":[{"width":500,"height":500,"url":"https:\/\/www.ivinio.com\/wp-content\/uploads\/2015\/01\/Manara-amarone-postera-IVINIO.jpg","type":"image\/jpeg"}],"twitter_card":"summary_large_image","twitter_misc":{"Dur\u00e9e de lecture estim\u00e9e":"1 minute"},"schema":{"@context":"https:\/\/schema.org","@graph":[{"@type":"WebPage","@id":"https:\/\/www.ivinio.com\/fr\/produit\/azienda-agricola-manara-postera-amarone-della-valpolicella-classico-rouge\/","url":"https:\/\/www.ivinio.com\/fr\/produit\/azienda-agricola-manara-postera-amarone-della-valpolicella-classico-rouge\/","name":"Acheter Azienda Agricola Manara - Amarone - \"Postera\" - IVINIO Caviste","isPartOf":{"@id":"https:\/\/www.ivinio.com\/fr\/#website"},"primaryImageOfPage":{"@id":"https:\/\/www.ivinio.com\/fr\/produit\/azienda-agricola-manara-postera-amarone-della-valpolicella-classico-rouge\/#primaryimage"},"image":{"@id":"https:\/\/www.ivinio.com\/fr\/produit\/azienda-agricola-manara-postera-amarone-della-valpolicella-classico-rouge\/#primaryimage"},"thumbnailUrl":"https:\/\/www.ivinio.com\/wp-content\/uploads\/2015\/01\/Manara-amarone-postera-IVINIO.jpg","datePublished":"2015-01-29T18:08:09+00:00","dateModified":"2025-04-11T16:21:27+00:00","description":"Acheter Azienda Agricola Manara - Amarone Classico- \"Postera\". Vin rouge cors\u00e9 \u00e0 boire avec un risotto. Livr\u00e9 le plus rapide \u00e0 votre porte.","breadcrumb":{"@id":"https:\/\/www.ivinio.com\/fr\/produit\/azienda-agricola-manara-postera-amarone-della-valpolicella-classico-rouge\/#breadcrumb"},"inLanguage":"fr-FR","potentialAction":[{"@type":"ReadAction","target":["https:\/\/www.ivinio.com\/fr\/produit\/azienda-agricola-manara-postera-amarone-della-valpolicella-classico-rouge\/"]}]},{"@type":"ImageObject","inLanguage":"fr-FR","@id":"https:\/\/www.ivinio.com\/fr\/produit\/azienda-agricola-manara-postera-amarone-della-valpolicella-classico-rouge\/#primaryimage","url":"https:\/\/www.ivinio.com\/wp-content\/uploads\/2015\/01\/Manara-amarone-postera-IVINIO.jpg","contentUrl":"https:\/\/www.ivinio.com\/wp-content\/uploads\/2015\/01\/Manara-amarone-postera-IVINIO.jpg","width":500,"height":500},{"@type":"BreadcrumbList","@id":"https:\/\/www.ivinio.com\/fr\/produit\/azienda-agricola-manara-postera-amarone-della-valpolicella-classico-rouge\/#breadcrumb","itemListElement":[{"@type":"ListItem","position":1,"name":"Home","item":"https:\/\/www.ivinio.com\/fr\/"},{"@type":"ListItem","position":2,"name":"Boutique de vin","item":"https:\/\/www.ivinio.com\/fr\/boutique-de-vin\/"},{"@type":"ListItem","position":3,"name":"Azienda Agricola Manara &#8211; \u201cPostera\u201d Amarone della Valpolicella Classico &#8211; Rouge"}]},{"@type":"WebSite","@id":"https:\/\/www.ivinio.com\/fr\/#website","url":"https:\/\/www.ivinio.com\/fr\/","name":"IVINIO Caviste","description":"Vins de France et d&#039;Italie avec livraison \u00e0 domicile","publisher":{"@id":"https:\/\/www.ivinio.com\/fr\/#organization"},"potentialAction":[{"@type":"SearchAction","target":{"@type":"EntryPoint","urlTemplate":"https:\/\/www.ivinio.com\/fr\/?s={search_term_string}"},"query-input":{"@type":"PropertyValueSpecification","valueRequired":true,"valueName":"search_term_string"}}],"inLanguage":"fr-FR"},{"@type":"Organization","@id":"https:\/\/www.ivinio.com\/fr\/#organization","name":"IVINIO","url":"https:\/\/www.ivinio.com\/fr\/","logo":{"@type":"ImageObject","inLanguage":"fr-FR","@id":"https:\/\/www.ivinio.com\/fr\/#\/schema\/logo\/image\/","url":"https:\/\/www.ivinio.com\/wp-content\/uploads\/2021\/01\/Logo-Ivinio-v2.jpg","contentUrl":"https:\/\/www.ivinio.com\/wp-content\/uploads\/2021\/01\/Logo-Ivinio-v2.jpg","width":1194,"height":1194,"caption":"IVINIO"},"image":{"@id":"https:\/\/www.ivinio.com\/fr\/#\/schema\/logo\/image\/"},"sameAs":["https:\/\/www.facebook.com\/groups\/165217837022391\/?ref=bookmarks","https:\/\/www.instagram.com\/_ivinio_\/?hl=fr"]}]}},"jetpack_sharing_enabled":true,"_links":{"self":[{"href":"https:\/\/www.ivinio.com\/fr\/wp-json\/wp\/v2\/product\/119116","targetHints":{"allow":["GET"]}}],"collection":[{"href":"https:\/\/www.ivinio.com\/fr\/wp-json\/wp\/v2\/product"}],"about":[{"href":"https:\/\/www.ivinio.com\/fr\/wp-json\/wp\/v2\/types\/product"}],"replies":[{"embeddable":true,"href":"https:\/\/www.ivinio.com\/fr\/wp-json\/wp\/v2\/comments?post=119116"}],"wp:featuredmedia":[{"embeddable":true,"href":"https:\/\/www.ivinio.com\/fr\/wp-json\/wp\/v2\/media\/131939"}],"wp:attachment":[{"href":"https:\/\/www.ivinio.com\/fr\/wp-json\/wp\/v2\/media?parent=119116"}],"wp:term":[{"taxonomy":"product_brand","embeddable":true,"href":"https:\/\/www.ivinio.com\/fr\/wp-json\/wp\/v2\/product_brand?post=119116"},{"taxonomy":"product_cat","embeddable":true,"href":"https:\/\/www.ivinio.com\/fr\/wp-json\/wp\/v2\/product_cat?post=119116"},{"taxonomy":"product_tag","embeddable":true,"href":"https:\/\/www.ivinio.com\/fr\/wp-json\/wp\/v2\/product_tag?post=119116"}],"curies":[{"name":"wp","href":"https:\/\/api.w.org\/{rel}","templated":true}]}}