{"id":119109,"date":"2015-01-29T18:08:09","date_gmt":"2015-01-29T18:08:09","guid":{"rendered":"https:\/\/henrik.www.ivinio.com\/?product=azienda-agricola-manara-vecio-belo-valpolicella-classico-superiore-d-o-c-rouge"},"modified":"2022-01-21T10:45:34","modified_gmt":"2022-01-21T09:45:34","slug":"azienda-agricola-manara-vecio-belo-valpolicella-classico-superiore-doc-rouge","status":"publish","type":"product","link":"https:\/\/www.ivinio.com\/fr\/produit\/azienda-agricola-manara-vecio-belo-valpolicella-classico-superiore-doc-rouge\/","title":{"rendered":"Azienda Agricola Manara &#8211; \u201cVecio Belo\u201d Valpolicella Classico Superiore DOC &#8211; Rouge"},"content":{"rendered":"<p>&#8220;Vecio Bello&#8221; de l&#8217; Azienda Agricola Manara est un Valpolicella Classico Superiore compos\u00e9 \u00e0\u00a070% de Corvina, 20% de\u00a0Rondinella et 10% de Dindarella et\u00a0autres c\u00e9pages. Le vin tire son nom du fondateur du domaine\u00a0Angelo Manara &#8211; &#8220;Vecio Bello&#8221; \u00e9tait son surnom (&#8220;vieux beau&#8221;). Les raisins sont r\u00e9colt\u00e9s \u00e0 la main \u00e0 la fin de la premi\u00e8re semaine de Novembre. Ils\u00a0sont l\u00e9g\u00e8rement \u00e9cras\u00e9s et ferment ensuite dans des cuves en acier inoxydable. Vieilli pendant 18 mois en cuves d&#8217;acier, le vin est ensuite\u00a0mis en bouteille et gard\u00e9 en cave encore\u00a0six mois avant sa commercialisation.<\/p>\n","protected":false},"excerpt":{"rendered":"<p>&#8220;Vecio Bello&#8221; de l&#8217; Azienda Agricola Manara est un\u00a0Valpolicella Classico Superiore compos\u00e9 du\u00a0c\u00e9page\u00a0italien\u00a0San Pietro di Cariano. Un Ripasso puissant \u00e0 d\u00e9guster avec une viande rouge ou un beau plateau de fromages affin\u00e9s\u00a0!<\/p>\n","protected":false},"featured_media":119112,"comment_status":"open","ping_status":"closed","template":"","meta":{"_monsterinsights_skip_tracking":false,"_monsterinsights_sitenote_active":false,"_monsterinsights_sitenote_note":"","_monsterinsights_sitenote_category":0,"_uf_show_specific_survey":0,"_uf_disable_surveys":false},"product_brand":[],"product_cat":[36592,36589],"product_tag":[],"class_list":{"0":"post-119109","1":"product","2":"type-product","3":"status-publish","4":"has-post-thumbnail","6":"product_cat-fr-veneto-friuli","7":"product_cat-vins-italiens","8":"pa_alcohol-degree-13-5","9":"pa_awards-go-wine-fr","10":"pa_classification-doc-valpolicella-classico-superiore-fr","11":"pa_color-rouge-fr","12":"pa_country-italie-fr","13":"pa_grape-variety-corvina-fr","14":"pa_grape-variety-rondinella-fr","15":"pa_region-veneto-fr","16":"pa_storage-potential-plus-de-5-ans-fr","17":"pa_vintage-2016-fr","18":"pa_volume-75-cl-fr","20":"first","21":"instock","22":"taxable","23":"shipping-taxable","24":"purchasable","25":"product-type-simple"},"bundled_by":[],"bundle_stock_status":"instock","bundle_stock_quantity":null,"bundle_virtual":false,"bundle_layout":"","bundle_add_to_cart_form_location":"","bundle_editable_in_cart":false,"bundle_sold_individually_context":"","bundle_item_grouping":"","bundle_min_size":"","bundle_max_size":"","bundle_price":[],"bundled_items":[],"bundle_sell_ids":[],"yoast_head":"<!-- This site is optimized with the Yoast SEO plugin v27.4 - https:\/\/yoast.com\/product\/yoast-seo-wordpress\/ -->\n<title>Azienda Agricola Manara - \u201cVecio Belo\u201d Valpolicella Superiore - IVINIO Caviste<\/title>\n<meta name=\"description\" content=\"Azienda Agricola Manara - \u201cVecio Belo\u201d Valpolicella Superiore est un beau vin rouge italien \u00e0 d\u00e9guster sur une viande blanche ou rouge.\" \/>\n<meta name=\"robots\" content=\"index, follow, max-snippet:-1, max-image-preview:large, max-video-preview:-1\" \/>\n<link rel=\"canonical\" href=\"https:\/\/www.ivinio.com\/fr\/produit\/azienda-agricola-manara-vecio-belo-valpolicella-classico-superiore-doc-rouge\/\" \/>\n<meta property=\"og:locale\" content=\"fr_FR\" \/>\n<meta property=\"og:type\" content=\"article\" \/>\n<meta property=\"og:title\" content=\"Azienda Agricola Manara - \u201cVecio Belo\u201d Valpolicella Superiore - IVINIO Caviste\" \/>\n<meta property=\"og:description\" content=\"Azienda Agricola Manara - \u201cVecio Belo\u201d Valpolicella Superiore est un beau vin rouge italien \u00e0 d\u00e9guster sur une viande blanche ou rouge.\" \/>\n<meta property=\"og:url\" content=\"https:\/\/www.ivinio.com\/fr\/produit\/azienda-agricola-manara-vecio-belo-valpolicella-classico-superiore-doc-rouge\/\" \/>\n<meta property=\"og:site_name\" content=\"IVINIO Caviste\" \/>\n<meta property=\"article:publisher\" content=\"https:\/\/www.facebook.com\/groups\/165217837022391\/?ref=bookmarks\" \/>\n<meta property=\"article:modified_time\" content=\"2022-01-21T09:45:34+00:00\" \/>\n<meta property=\"og:image\" content=\"https:\/\/www.ivinio.com\/wp-content\/uploads\/nc\/public\/modules\/file\/pictures\/7017.manara-vecio-belo-valpolicella-IVINIO.jpg\" \/>\n\t<meta property=\"og:image:width\" content=\"500\" \/>\n\t<meta property=\"og:image:height\" content=\"500\" \/>\n\t<meta property=\"og:image:type\" content=\"image\/jpeg\" \/>\n<meta name=\"twitter:card\" content=\"summary_large_image\" \/>\n<script type=\"application\/ld+json\" class=\"yoast-schema-graph\">{\"@context\":\"https:\\\/\\\/schema.org\",\"@graph\":[{\"@type\":\"WebPage\",\"@id\":\"https:\\\/\\\/www.ivinio.com\\\/fr\\\/produit\\\/azienda-agricola-manara-vecio-belo-valpolicella-classico-superiore-doc-rouge\\\/\",\"url\":\"https:\\\/\\\/www.ivinio.com\\\/fr\\\/produit\\\/azienda-agricola-manara-vecio-belo-valpolicella-classico-superiore-doc-rouge\\\/\",\"name\":\"Azienda Agricola Manara - \u201cVecio Belo\u201d Valpolicella Superiore - IVINIO Caviste\",\"isPartOf\":{\"@id\":\"https:\\\/\\\/www.ivinio.com\\\/fr\\\/#website\"},\"primaryImageOfPage\":{\"@id\":\"https:\\\/\\\/www.ivinio.com\\\/fr\\\/produit\\\/azienda-agricola-manara-vecio-belo-valpolicella-classico-superiore-doc-rouge\\\/#primaryimage\"},\"image\":{\"@id\":\"https:\\\/\\\/www.ivinio.com\\\/fr\\\/produit\\\/azienda-agricola-manara-vecio-belo-valpolicella-classico-superiore-doc-rouge\\\/#primaryimage\"},\"thumbnailUrl\":\"https:\\\/\\\/www.ivinio.com\\\/wp-content\\\/uploads\\\/nc\\\/public\\\/modules\\\/file\\\/pictures\\\/7017.manara-vecio-belo-valpolicella-IVINIO.jpg\",\"datePublished\":\"2015-01-29T18:08:09+00:00\",\"dateModified\":\"2022-01-21T09:45:34+00:00\",\"description\":\"Azienda Agricola Manara - \u201cVecio Belo\u201d Valpolicella Superiore est un beau vin rouge italien \u00e0 d\u00e9guster sur une viande blanche ou rouge.\",\"breadcrumb\":{\"@id\":\"https:\\\/\\\/www.ivinio.com\\\/fr\\\/produit\\\/azienda-agricola-manara-vecio-belo-valpolicella-classico-superiore-doc-rouge\\\/#breadcrumb\"},\"inLanguage\":\"fr-FR\",\"potentialAction\":[{\"@type\":\"ReadAction\",\"target\":[\"https:\\\/\\\/www.ivinio.com\\\/fr\\\/produit\\\/azienda-agricola-manara-vecio-belo-valpolicella-classico-superiore-doc-rouge\\\/\"]}]},{\"@type\":\"ImageObject\",\"inLanguage\":\"fr-FR\",\"@id\":\"https:\\\/\\\/www.ivinio.com\\\/fr\\\/produit\\\/azienda-agricola-manara-vecio-belo-valpolicella-classico-superiore-doc-rouge\\\/#primaryimage\",\"url\":\"https:\\\/\\\/www.ivinio.com\\\/wp-content\\\/uploads\\\/nc\\\/public\\\/modules\\\/file\\\/pictures\\\/7017.manara-vecio-belo-valpolicella-IVINIO.jpg\",\"contentUrl\":\"https:\\\/\\\/www.ivinio.com\\\/wp-content\\\/uploads\\\/nc\\\/public\\\/modules\\\/file\\\/pictures\\\/7017.manara-vecio-belo-valpolicella-IVINIO.jpg\",\"width\":500,\"height\":500,\"caption\":\"Azienda Agricola Manara - \u201cVecio Belo\u201d Valpolicella Superiore\"},{\"@type\":\"BreadcrumbList\",\"@id\":\"https:\\\/\\\/www.ivinio.com\\\/fr\\\/produit\\\/azienda-agricola-manara-vecio-belo-valpolicella-classico-superiore-doc-rouge\\\/#breadcrumb\",\"itemListElement\":[{\"@type\":\"ListItem\",\"position\":1,\"name\":\"Home\",\"item\":\"https:\\\/\\\/www.ivinio.com\\\/fr\\\/\"},{\"@type\":\"ListItem\",\"position\":2,\"name\":\"Boutique de vin\",\"item\":\"https:\\\/\\\/www.ivinio.com\\\/fr\\\/boutique-de-vin\\\/\"},{\"@type\":\"ListItem\",\"position\":3,\"name\":\"Azienda Agricola Manara &#8211; \u201cVecio Belo\u201d Valpolicella Classico Superiore DOC &#8211; Rouge\"}]},{\"@type\":\"WebSite\",\"@id\":\"https:\\\/\\\/www.ivinio.com\\\/fr\\\/#website\",\"url\":\"https:\\\/\\\/www.ivinio.com\\\/fr\\\/\",\"name\":\"IVINIO Caviste\",\"description\":\"Vins de France et d&#039;Italie avec livraison \u00e0 domicile\",\"publisher\":{\"@id\":\"https:\\\/\\\/www.ivinio.com\\\/fr\\\/#organization\"},\"potentialAction\":[{\"@type\":\"SearchAction\",\"target\":{\"@type\":\"EntryPoint\",\"urlTemplate\":\"https:\\\/\\\/www.ivinio.com\\\/fr\\\/?s={search_term_string}\"},\"query-input\":{\"@type\":\"PropertyValueSpecification\",\"valueRequired\":true,\"valueName\":\"search_term_string\"}}],\"inLanguage\":\"fr-FR\"},{\"@type\":\"Organization\",\"@id\":\"https:\\\/\\\/www.ivinio.com\\\/fr\\\/#organization\",\"name\":\"IVINIO\",\"url\":\"https:\\\/\\\/www.ivinio.com\\\/fr\\\/\",\"logo\":{\"@type\":\"ImageObject\",\"inLanguage\":\"fr-FR\",\"@id\":\"https:\\\/\\\/www.ivinio.com\\\/fr\\\/#\\\/schema\\\/logo\\\/image\\\/\",\"url\":\"https:\\\/\\\/www.ivinio.com\\\/wp-content\\\/uploads\\\/2021\\\/01\\\/Logo-Ivinio-v2.jpg\",\"contentUrl\":\"https:\\\/\\\/www.ivinio.com\\\/wp-content\\\/uploads\\\/2021\\\/01\\\/Logo-Ivinio-v2.jpg\",\"width\":1194,\"height\":1194,\"caption\":\"IVINIO\"},\"image\":{\"@id\":\"https:\\\/\\\/www.ivinio.com\\\/fr\\\/#\\\/schema\\\/logo\\\/image\\\/\"},\"sameAs\":[\"https:\\\/\\\/www.facebook.com\\\/groups\\\/165217837022391\\\/?ref=bookmarks\",\"https:\\\/\\\/www.instagram.com\\\/_ivinio_\\\/?hl=fr\"]}]}<\/script>\n<!-- \/ Yoast SEO plugin. -->","yoast_head_json":{"title":"Azienda Agricola Manara - \u201cVecio Belo\u201d Valpolicella Superiore - IVINIO Caviste","description":"Azienda Agricola Manara - \u201cVecio Belo\u201d Valpolicella Superiore est un beau vin rouge italien \u00e0 d\u00e9guster sur une viande blanche ou rouge.","robots":{"index":"index","follow":"follow","max-snippet":"max-snippet:-1","max-image-preview":"max-image-preview:large","max-video-preview":"max-video-preview:-1"},"canonical":"https:\/\/www.ivinio.com\/fr\/produit\/azienda-agricola-manara-vecio-belo-valpolicella-classico-superiore-doc-rouge\/","og_locale":"fr_FR","og_type":"article","og_title":"Azienda Agricola Manara - \u201cVecio Belo\u201d Valpolicella Superiore - IVINIO Caviste","og_description":"Azienda Agricola Manara - \u201cVecio Belo\u201d Valpolicella Superiore est un beau vin rouge italien \u00e0 d\u00e9guster sur une viande blanche ou rouge.","og_url":"https:\/\/www.ivinio.com\/fr\/produit\/azienda-agricola-manara-vecio-belo-valpolicella-classico-superiore-doc-rouge\/","og_site_name":"IVINIO Caviste","article_publisher":"https:\/\/www.facebook.com\/groups\/165217837022391\/?ref=bookmarks","article_modified_time":"2022-01-21T09:45:34+00:00","og_image":[{"width":500,"height":500,"url":"https:\/\/www.ivinio.com\/wp-content\/uploads\/nc\/public\/modules\/file\/pictures\/7017.manara-vecio-belo-valpolicella-IVINIO.jpg","type":"image\/jpeg"}],"twitter_card":"summary_large_image","schema":{"@context":"https:\/\/schema.org","@graph":[{"@type":"WebPage","@id":"https:\/\/www.ivinio.com\/fr\/produit\/azienda-agricola-manara-vecio-belo-valpolicella-classico-superiore-doc-rouge\/","url":"https:\/\/www.ivinio.com\/fr\/produit\/azienda-agricola-manara-vecio-belo-valpolicella-classico-superiore-doc-rouge\/","name":"Azienda Agricola Manara - \u201cVecio Belo\u201d Valpolicella Superiore - IVINIO Caviste","isPartOf":{"@id":"https:\/\/www.ivinio.com\/fr\/#website"},"primaryImageOfPage":{"@id":"https:\/\/www.ivinio.com\/fr\/produit\/azienda-agricola-manara-vecio-belo-valpolicella-classico-superiore-doc-rouge\/#primaryimage"},"image":{"@id":"https:\/\/www.ivinio.com\/fr\/produit\/azienda-agricola-manara-vecio-belo-valpolicella-classico-superiore-doc-rouge\/#primaryimage"},"thumbnailUrl":"https:\/\/www.ivinio.com\/wp-content\/uploads\/nc\/public\/modules\/file\/pictures\/7017.manara-vecio-belo-valpolicella-IVINIO.jpg","datePublished":"2015-01-29T18:08:09+00:00","dateModified":"2022-01-21T09:45:34+00:00","description":"Azienda Agricola Manara - \u201cVecio Belo\u201d Valpolicella Superiore est un beau vin rouge italien \u00e0 d\u00e9guster sur une viande blanche ou rouge.","breadcrumb":{"@id":"https:\/\/www.ivinio.com\/fr\/produit\/azienda-agricola-manara-vecio-belo-valpolicella-classico-superiore-doc-rouge\/#breadcrumb"},"inLanguage":"fr-FR","potentialAction":[{"@type":"ReadAction","target":["https:\/\/www.ivinio.com\/fr\/produit\/azienda-agricola-manara-vecio-belo-valpolicella-classico-superiore-doc-rouge\/"]}]},{"@type":"ImageObject","inLanguage":"fr-FR","@id":"https:\/\/www.ivinio.com\/fr\/produit\/azienda-agricola-manara-vecio-belo-valpolicella-classico-superiore-doc-rouge\/#primaryimage","url":"https:\/\/www.ivinio.com\/wp-content\/uploads\/nc\/public\/modules\/file\/pictures\/7017.manara-vecio-belo-valpolicella-IVINIO.jpg","contentUrl":"https:\/\/www.ivinio.com\/wp-content\/uploads\/nc\/public\/modules\/file\/pictures\/7017.manara-vecio-belo-valpolicella-IVINIO.jpg","width":500,"height":500,"caption":"Azienda Agricola Manara - \u201cVecio Belo\u201d Valpolicella Superiore"},{"@type":"BreadcrumbList","@id":"https:\/\/www.ivinio.com\/fr\/produit\/azienda-agricola-manara-vecio-belo-valpolicella-classico-superiore-doc-rouge\/#breadcrumb","itemListElement":[{"@type":"ListItem","position":1,"name":"Home","item":"https:\/\/www.ivinio.com\/fr\/"},{"@type":"ListItem","position":2,"name":"Boutique de vin","item":"https:\/\/www.ivinio.com\/fr\/boutique-de-vin\/"},{"@type":"ListItem","position":3,"name":"Azienda Agricola Manara &#8211; \u201cVecio Belo\u201d Valpolicella Classico Superiore DOC &#8211; Rouge"}]},{"@type":"WebSite","@id":"https:\/\/www.ivinio.com\/fr\/#website","url":"https:\/\/www.ivinio.com\/fr\/","name":"IVINIO Caviste","description":"Vins de France et d&#039;Italie avec livraison \u00e0 domicile","publisher":{"@id":"https:\/\/www.ivinio.com\/fr\/#organization"},"potentialAction":[{"@type":"SearchAction","target":{"@type":"EntryPoint","urlTemplate":"https:\/\/www.ivinio.com\/fr\/?s={search_term_string}"},"query-input":{"@type":"PropertyValueSpecification","valueRequired":true,"valueName":"search_term_string"}}],"inLanguage":"fr-FR"},{"@type":"Organization","@id":"https:\/\/www.ivinio.com\/fr\/#organization","name":"IVINIO","url":"https:\/\/www.ivinio.com\/fr\/","logo":{"@type":"ImageObject","inLanguage":"fr-FR","@id":"https:\/\/www.ivinio.com\/fr\/#\/schema\/logo\/image\/","url":"https:\/\/www.ivinio.com\/wp-content\/uploads\/2021\/01\/Logo-Ivinio-v2.jpg","contentUrl":"https:\/\/www.ivinio.com\/wp-content\/uploads\/2021\/01\/Logo-Ivinio-v2.jpg","width":1194,"height":1194,"caption":"IVINIO"},"image":{"@id":"https:\/\/www.ivinio.com\/fr\/#\/schema\/logo\/image\/"},"sameAs":["https:\/\/www.facebook.com\/groups\/165217837022391\/?ref=bookmarks","https:\/\/www.instagram.com\/_ivinio_\/?hl=fr"]}]}},"jetpack_sharing_enabled":true,"_links":{"self":[{"href":"https:\/\/www.ivinio.com\/fr\/wp-json\/wp\/v2\/product\/119109","targetHints":{"allow":["GET"]}}],"collection":[{"href":"https:\/\/www.ivinio.com\/fr\/wp-json\/wp\/v2\/product"}],"about":[{"href":"https:\/\/www.ivinio.com\/fr\/wp-json\/wp\/v2\/types\/product"}],"replies":[{"embeddable":true,"href":"https:\/\/www.ivinio.com\/fr\/wp-json\/wp\/v2\/comments?post=119109"}],"wp:featuredmedia":[{"embeddable":true,"href":"https:\/\/www.ivinio.com\/fr\/wp-json\/wp\/v2\/media\/119112"}],"wp:attachment":[{"href":"https:\/\/www.ivinio.com\/fr\/wp-json\/wp\/v2\/media?parent=119109"}],"wp:term":[{"taxonomy":"product_brand","embeddable":true,"href":"https:\/\/www.ivinio.com\/fr\/wp-json\/wp\/v2\/product_brand?post=119109"},{"taxonomy":"product_cat","embeddable":true,"href":"https:\/\/www.ivinio.com\/fr\/wp-json\/wp\/v2\/product_cat?post=119109"},{"taxonomy":"product_tag","embeddable":true,"href":"https:\/\/www.ivinio.com\/fr\/wp-json\/wp\/v2\/product_tag?post=119109"}],"curies":[{"name":"wp","href":"https:\/\/api.w.org\/{rel}","templated":true}]}}