{"id":119089,"date":"2015-01-29T18:08:09","date_gmt":"2015-01-29T18:08:09","guid":{"rendered":"https:\/\/henrik.www.ivinio.com\/?product=azienda-agricola-manara-le-morete-valpolicella-d-o-c-classico-superiore-ripasso"},"modified":"2024-09-24T16:24:20","modified_gmt":"2024-09-24T14:24:20","slug":"azienda-agricola-manara-le-morete-valpolicella-doc-classico-superiore-ripasso","status":"publish","type":"product","link":"https:\/\/www.ivinio.com\/fr\/produit\/azienda-agricola-manara-le-morete-valpolicella-doc-classico-superiore-ripasso\/","title":{"rendered":"Azienda Agricola Manara &#8211; \u201cLe Morete\u201d Valpolicella D.O.C. Classico Superiore Ripasso"},"content":{"rendered":"<p>&#8220;Le Morete&#8221; de l&#8217;Azienda Agricola Manara est un Valpolicella Classico Superiore Ripasso compos\u00e9 \u00e0 70% de Corvina, 20 % de Rondinella et 10% d&#8217;autres vari\u00e9t\u00e9s. Les vignes poussent sur une colline de Valpolicella Classico appel\u00e9e &#8220;Le Morete&#8221;. Les raisins sont l\u00e9g\u00e8rement \u00e9cras\u00e9es imm\u00e9diatement apr\u00e8s la r\u00e9colte et la fermentation se fait en cuves d&#8217;acier. Le vin est ensuite m\u00e9lang\u00e9 avec les restes de vins Amarone et Recioto. Vieilli 12 mois en f\u00fbts de ch\u00eane fran\u00e7ais et slov\u00e8nes avant d&#8217;\u00eatre embouteill\u00e9 et stock\u00e9 encore 6 mois.<\/p>\n","protected":false},"excerpt":{"rendered":"<p>&#8220;Le Morete&#8221; de l&#8217;Azienda Agricola Manara est un Valpolicella Classico Superiore Ripasso fait \u00e0 partir de raisins de la colline de la r\u00e9gion\u00a0Valpolicella Classico du m\u00eame nom. Un Ripasso puissant \u00e0 d\u00e9guster sur\u00a0un risotto aux\u00a0c\u00e8pes!<\/p>\n","protected":false},"featured_media":129563,"comment_status":"open","ping_status":"closed","template":"","meta":{"_monsterinsights_skip_tracking":false,"_monsterinsights_sitenote_active":false,"_monsterinsights_sitenote_note":"","_monsterinsights_sitenote_category":0,"_uf_show_specific_survey":0,"_uf_disable_surveys":false},"product_brand":[],"product_cat":[36592,36589],"product_tag":[],"class_list":{"0":"post-119089","1":"product","2":"type-product","3":"status-publish","4":"has-post-thumbnail","6":"product_cat-fr-veneto-friuli","7":"product_cat-vins-italiens","8":"pa_alcohol-degree-14-fr","9":"pa_awards-go-wine-fr","10":"pa_classification-doc-valpolicella-classico-superiore-ripasso-fr","11":"pa_color-rouge-fr","12":"pa_country-italie-fr","13":"pa_grape-variety-corvina-fr","14":"pa_grape-variety-rondinella-fr","15":"pa_region-veneto-fr","16":"pa_storage-potential-7-ans","17":"pa_vintage-2022-fr","18":"pa_volume-75-cl-fr","20":"first","21":"instock","22":"taxable","23":"shipping-taxable","24":"purchasable","25":"product-type-simple"},"bundled_by":["119178"],"bundle_stock_status":"instock","bundle_stock_quantity":null,"bundle_virtual":false,"bundle_layout":"","bundle_add_to_cart_form_location":"","bundle_editable_in_cart":false,"bundle_sold_individually_context":"","bundle_item_grouping":"","bundle_min_size":"","bundle_max_size":"","bundle_price":[],"bundled_items":[],"bundle_sell_ids":[],"yoast_head":"<!-- This site is optimized with the Yoast SEO plugin v27.5 - https:\/\/yoast.com\/product\/yoast-seo-wordpress\/ -->\n<title>Manara - \u201cLe Morete\u201d Valpolicella Classico Superiore Ripasso - IVINIO Caviste<\/title>\n<meta name=\"description\" content=\"Manara - \u201cLe Morete\u201d Valpolicella Classico Superiore Ripasso. Un vin rouge cors\u00e9 \u00e0 boire avec un risotto. Livraison rapide et pas cher !\" \/>\n<meta name=\"robots\" content=\"index, follow, max-snippet:-1, max-image-preview:large, max-video-preview:-1\" \/>\n<link rel=\"canonical\" href=\"https:\/\/www.ivinio.com\/fr\/produit\/azienda-agricola-manara-le-morete-valpolicella-doc-classico-superiore-ripasso\/\" \/>\n<meta property=\"og:locale\" content=\"fr_FR\" \/>\n<meta property=\"og:type\" content=\"article\" \/>\n<meta property=\"og:title\" content=\"Manara - \u201cLe Morete\u201d Valpolicella Classico Superiore Ripasso - IVINIO Caviste\" \/>\n<meta property=\"og:description\" content=\"Manara - \u201cLe Morete\u201d Valpolicella Classico Superiore Ripasso. Un vin rouge cors\u00e9 \u00e0 boire avec un risotto. Livraison rapide et pas cher !\" \/>\n<meta property=\"og:url\" content=\"https:\/\/www.ivinio.com\/fr\/produit\/azienda-agricola-manara-le-morete-valpolicella-doc-classico-superiore-ripasso\/\" \/>\n<meta property=\"og:site_name\" content=\"IVINIO Caviste\" \/>\n<meta property=\"article:publisher\" content=\"https:\/\/www.facebook.com\/groups\/165217837022391\/?ref=bookmarks\" \/>\n<meta property=\"article:modified_time\" content=\"2024-09-24T14:24:20+00:00\" \/>\n<meta property=\"og:image\" content=\"https:\/\/www.ivinio.com\/wp-content\/uploads\/2015\/01\/Manara-Le-morete-valpolicella-ripasso-IVINIO-1.jpg\" \/>\n\t<meta property=\"og:image:width\" content=\"500\" \/>\n\t<meta property=\"og:image:height\" content=\"500\" \/>\n\t<meta property=\"og:image:type\" content=\"image\/jpeg\" \/>\n<meta name=\"twitter:card\" content=\"summary_large_image\" \/>\n<meta name=\"twitter:label1\" content=\"Dur\u00e9e de lecture estim\u00e9e\" \/>\n\t<meta name=\"twitter:data1\" content=\"1 minute\" \/>\n<script type=\"application\/ld+json\" class=\"yoast-schema-graph\">{\"@context\":\"https:\\\/\\\/schema.org\",\"@graph\":[{\"@type\":\"WebPage\",\"@id\":\"https:\\\/\\\/www.ivinio.com\\\/fr\\\/produit\\\/azienda-agricola-manara-le-morete-valpolicella-doc-classico-superiore-ripasso\\\/\",\"url\":\"https:\\\/\\\/www.ivinio.com\\\/fr\\\/produit\\\/azienda-agricola-manara-le-morete-valpolicella-doc-classico-superiore-ripasso\\\/\",\"name\":\"Manara - \u201cLe Morete\u201d Valpolicella Classico Superiore Ripasso - IVINIO Caviste\",\"isPartOf\":{\"@id\":\"https:\\\/\\\/www.ivinio.com\\\/fr\\\/#website\"},\"primaryImageOfPage\":{\"@id\":\"https:\\\/\\\/www.ivinio.com\\\/fr\\\/produit\\\/azienda-agricola-manara-le-morete-valpolicella-doc-classico-superiore-ripasso\\\/#primaryimage\"},\"image\":{\"@id\":\"https:\\\/\\\/www.ivinio.com\\\/fr\\\/produit\\\/azienda-agricola-manara-le-morete-valpolicella-doc-classico-superiore-ripasso\\\/#primaryimage\"},\"thumbnailUrl\":\"https:\\\/\\\/www.ivinio.com\\\/wp-content\\\/uploads\\\/2015\\\/01\\\/Manara-Le-morete-valpolicella-ripasso-IVINIO-1.jpg\",\"datePublished\":\"2015-01-29T18:08:09+00:00\",\"dateModified\":\"2024-09-24T14:24:20+00:00\",\"description\":\"Manara - \u201cLe Morete\u201d Valpolicella Classico Superiore Ripasso. Un vin rouge cors\u00e9 \u00e0 boire avec un risotto. Livraison rapide et pas cher !\",\"breadcrumb\":{\"@id\":\"https:\\\/\\\/www.ivinio.com\\\/fr\\\/produit\\\/azienda-agricola-manara-le-morete-valpolicella-doc-classico-superiore-ripasso\\\/#breadcrumb\"},\"inLanguage\":\"fr-FR\",\"potentialAction\":[{\"@type\":\"ReadAction\",\"target\":[\"https:\\\/\\\/www.ivinio.com\\\/fr\\\/produit\\\/azienda-agricola-manara-le-morete-valpolicella-doc-classico-superiore-ripasso\\\/\"]}]},{\"@type\":\"ImageObject\",\"inLanguage\":\"fr-FR\",\"@id\":\"https:\\\/\\\/www.ivinio.com\\\/fr\\\/produit\\\/azienda-agricola-manara-le-morete-valpolicella-doc-classico-superiore-ripasso\\\/#primaryimage\",\"url\":\"https:\\\/\\\/www.ivinio.com\\\/wp-content\\\/uploads\\\/2015\\\/01\\\/Manara-Le-morete-valpolicella-ripasso-IVINIO-1.jpg\",\"contentUrl\":\"https:\\\/\\\/www.ivinio.com\\\/wp-content\\\/uploads\\\/2015\\\/01\\\/Manara-Le-morete-valpolicella-ripasso-IVINIO-1.jpg\",\"width\":500,\"height\":500,\"caption\":\"Azienda Agricola Manara - \u201cLe Morete\u201d Valpolicella D.O.C. Classico Superiore Ripasso\"},{\"@type\":\"BreadcrumbList\",\"@id\":\"https:\\\/\\\/www.ivinio.com\\\/fr\\\/produit\\\/azienda-agricola-manara-le-morete-valpolicella-doc-classico-superiore-ripasso\\\/#breadcrumb\",\"itemListElement\":[{\"@type\":\"ListItem\",\"position\":1,\"name\":\"Home\",\"item\":\"https:\\\/\\\/www.ivinio.com\\\/fr\\\/\"},{\"@type\":\"ListItem\",\"position\":2,\"name\":\"Boutique de vin\",\"item\":\"https:\\\/\\\/www.ivinio.com\\\/fr\\\/boutique-de-vin\\\/\"},{\"@type\":\"ListItem\",\"position\":3,\"name\":\"Azienda Agricola Manara &#8211; \u201cLe Morete\u201d Valpolicella D.O.C. Classico Superiore Ripasso\"}]},{\"@type\":\"WebSite\",\"@id\":\"https:\\\/\\\/www.ivinio.com\\\/fr\\\/#website\",\"url\":\"https:\\\/\\\/www.ivinio.com\\\/fr\\\/\",\"name\":\"IVINIO Caviste\",\"description\":\"Vins de France et d&#039;Italie avec livraison \u00e0 domicile\",\"publisher\":{\"@id\":\"https:\\\/\\\/www.ivinio.com\\\/fr\\\/#organization\"},\"potentialAction\":[{\"@type\":\"SearchAction\",\"target\":{\"@type\":\"EntryPoint\",\"urlTemplate\":\"https:\\\/\\\/www.ivinio.com\\\/fr\\\/?s={search_term_string}\"},\"query-input\":{\"@type\":\"PropertyValueSpecification\",\"valueRequired\":true,\"valueName\":\"search_term_string\"}}],\"inLanguage\":\"fr-FR\"},{\"@type\":\"Organization\",\"@id\":\"https:\\\/\\\/www.ivinio.com\\\/fr\\\/#organization\",\"name\":\"IVINIO\",\"url\":\"https:\\\/\\\/www.ivinio.com\\\/fr\\\/\",\"logo\":{\"@type\":\"ImageObject\",\"inLanguage\":\"fr-FR\",\"@id\":\"https:\\\/\\\/www.ivinio.com\\\/fr\\\/#\\\/schema\\\/logo\\\/image\\\/\",\"url\":\"https:\\\/\\\/www.ivinio.com\\\/wp-content\\\/uploads\\\/2021\\\/01\\\/Logo-Ivinio-v2.jpg\",\"contentUrl\":\"https:\\\/\\\/www.ivinio.com\\\/wp-content\\\/uploads\\\/2021\\\/01\\\/Logo-Ivinio-v2.jpg\",\"width\":1194,\"height\":1194,\"caption\":\"IVINIO\"},\"image\":{\"@id\":\"https:\\\/\\\/www.ivinio.com\\\/fr\\\/#\\\/schema\\\/logo\\\/image\\\/\"},\"sameAs\":[\"https:\\\/\\\/www.facebook.com\\\/groups\\\/165217837022391\\\/?ref=bookmarks\",\"https:\\\/\\\/www.instagram.com\\\/_ivinio_\\\/?hl=fr\"]}]}<\/script>\n<!-- \/ Yoast SEO plugin. -->","yoast_head_json":{"title":"Manara - \u201cLe Morete\u201d Valpolicella Classico Superiore Ripasso - IVINIO Caviste","description":"Manara - \u201cLe Morete\u201d Valpolicella Classico Superiore Ripasso. Un vin rouge cors\u00e9 \u00e0 boire avec un risotto. Livraison rapide et pas cher !","robots":{"index":"index","follow":"follow","max-snippet":"max-snippet:-1","max-image-preview":"max-image-preview:large","max-video-preview":"max-video-preview:-1"},"canonical":"https:\/\/www.ivinio.com\/fr\/produit\/azienda-agricola-manara-le-morete-valpolicella-doc-classico-superiore-ripasso\/","og_locale":"fr_FR","og_type":"article","og_title":"Manara - \u201cLe Morete\u201d Valpolicella Classico Superiore Ripasso - IVINIO Caviste","og_description":"Manara - \u201cLe Morete\u201d Valpolicella Classico Superiore Ripasso. Un vin rouge cors\u00e9 \u00e0 boire avec un risotto. Livraison rapide et pas cher !","og_url":"https:\/\/www.ivinio.com\/fr\/produit\/azienda-agricola-manara-le-morete-valpolicella-doc-classico-superiore-ripasso\/","og_site_name":"IVINIO Caviste","article_publisher":"https:\/\/www.facebook.com\/groups\/165217837022391\/?ref=bookmarks","article_modified_time":"2024-09-24T14:24:20+00:00","og_image":[{"width":500,"height":500,"url":"https:\/\/www.ivinio.com\/wp-content\/uploads\/2015\/01\/Manara-Le-morete-valpolicella-ripasso-IVINIO-1.jpg","type":"image\/jpeg"}],"twitter_card":"summary_large_image","twitter_misc":{"Dur\u00e9e de lecture estim\u00e9e":"1 minute"},"schema":{"@context":"https:\/\/schema.org","@graph":[{"@type":"WebPage","@id":"https:\/\/www.ivinio.com\/fr\/produit\/azienda-agricola-manara-le-morete-valpolicella-doc-classico-superiore-ripasso\/","url":"https:\/\/www.ivinio.com\/fr\/produit\/azienda-agricola-manara-le-morete-valpolicella-doc-classico-superiore-ripasso\/","name":"Manara - \u201cLe Morete\u201d Valpolicella Classico Superiore Ripasso - IVINIO Caviste","isPartOf":{"@id":"https:\/\/www.ivinio.com\/fr\/#website"},"primaryImageOfPage":{"@id":"https:\/\/www.ivinio.com\/fr\/produit\/azienda-agricola-manara-le-morete-valpolicella-doc-classico-superiore-ripasso\/#primaryimage"},"image":{"@id":"https:\/\/www.ivinio.com\/fr\/produit\/azienda-agricola-manara-le-morete-valpolicella-doc-classico-superiore-ripasso\/#primaryimage"},"thumbnailUrl":"https:\/\/www.ivinio.com\/wp-content\/uploads\/2015\/01\/Manara-Le-morete-valpolicella-ripasso-IVINIO-1.jpg","datePublished":"2015-01-29T18:08:09+00:00","dateModified":"2024-09-24T14:24:20+00:00","description":"Manara - \u201cLe Morete\u201d Valpolicella Classico Superiore Ripasso. Un vin rouge cors\u00e9 \u00e0 boire avec un risotto. Livraison rapide et pas cher !","breadcrumb":{"@id":"https:\/\/www.ivinio.com\/fr\/produit\/azienda-agricola-manara-le-morete-valpolicella-doc-classico-superiore-ripasso\/#breadcrumb"},"inLanguage":"fr-FR","potentialAction":[{"@type":"ReadAction","target":["https:\/\/www.ivinio.com\/fr\/produit\/azienda-agricola-manara-le-morete-valpolicella-doc-classico-superiore-ripasso\/"]}]},{"@type":"ImageObject","inLanguage":"fr-FR","@id":"https:\/\/www.ivinio.com\/fr\/produit\/azienda-agricola-manara-le-morete-valpolicella-doc-classico-superiore-ripasso\/#primaryimage","url":"https:\/\/www.ivinio.com\/wp-content\/uploads\/2015\/01\/Manara-Le-morete-valpolicella-ripasso-IVINIO-1.jpg","contentUrl":"https:\/\/www.ivinio.com\/wp-content\/uploads\/2015\/01\/Manara-Le-morete-valpolicella-ripasso-IVINIO-1.jpg","width":500,"height":500,"caption":"Azienda Agricola Manara - \u201cLe Morete\u201d Valpolicella D.O.C. Classico Superiore Ripasso"},{"@type":"BreadcrumbList","@id":"https:\/\/www.ivinio.com\/fr\/produit\/azienda-agricola-manara-le-morete-valpolicella-doc-classico-superiore-ripasso\/#breadcrumb","itemListElement":[{"@type":"ListItem","position":1,"name":"Home","item":"https:\/\/www.ivinio.com\/fr\/"},{"@type":"ListItem","position":2,"name":"Boutique de vin","item":"https:\/\/www.ivinio.com\/fr\/boutique-de-vin\/"},{"@type":"ListItem","position":3,"name":"Azienda Agricola Manara &#8211; \u201cLe Morete\u201d Valpolicella D.O.C. Classico Superiore Ripasso"}]},{"@type":"WebSite","@id":"https:\/\/www.ivinio.com\/fr\/#website","url":"https:\/\/www.ivinio.com\/fr\/","name":"IVINIO Caviste","description":"Vins de France et d&#039;Italie avec livraison \u00e0 domicile","publisher":{"@id":"https:\/\/www.ivinio.com\/fr\/#organization"},"potentialAction":[{"@type":"SearchAction","target":{"@type":"EntryPoint","urlTemplate":"https:\/\/www.ivinio.com\/fr\/?s={search_term_string}"},"query-input":{"@type":"PropertyValueSpecification","valueRequired":true,"valueName":"search_term_string"}}],"inLanguage":"fr-FR"},{"@type":"Organization","@id":"https:\/\/www.ivinio.com\/fr\/#organization","name":"IVINIO","url":"https:\/\/www.ivinio.com\/fr\/","logo":{"@type":"ImageObject","inLanguage":"fr-FR","@id":"https:\/\/www.ivinio.com\/fr\/#\/schema\/logo\/image\/","url":"https:\/\/www.ivinio.com\/wp-content\/uploads\/2021\/01\/Logo-Ivinio-v2.jpg","contentUrl":"https:\/\/www.ivinio.com\/wp-content\/uploads\/2021\/01\/Logo-Ivinio-v2.jpg","width":1194,"height":1194,"caption":"IVINIO"},"image":{"@id":"https:\/\/www.ivinio.com\/fr\/#\/schema\/logo\/image\/"},"sameAs":["https:\/\/www.facebook.com\/groups\/165217837022391\/?ref=bookmarks","https:\/\/www.instagram.com\/_ivinio_\/?hl=fr"]}]}},"jetpack_sharing_enabled":true,"_links":{"self":[{"href":"https:\/\/www.ivinio.com\/fr\/wp-json\/wp\/v2\/product\/119089","targetHints":{"allow":["GET"]}}],"collection":[{"href":"https:\/\/www.ivinio.com\/fr\/wp-json\/wp\/v2\/product"}],"about":[{"href":"https:\/\/www.ivinio.com\/fr\/wp-json\/wp\/v2\/types\/product"}],"replies":[{"embeddable":true,"href":"https:\/\/www.ivinio.com\/fr\/wp-json\/wp\/v2\/comments?post=119089"}],"wp:featuredmedia":[{"embeddable":true,"href":"https:\/\/www.ivinio.com\/fr\/wp-json\/wp\/v2\/media\/129563"}],"wp:attachment":[{"href":"https:\/\/www.ivinio.com\/fr\/wp-json\/wp\/v2\/media?parent=119089"}],"wp:term":[{"taxonomy":"product_brand","embeddable":true,"href":"https:\/\/www.ivinio.com\/fr\/wp-json\/wp\/v2\/product_brand?post=119089"},{"taxonomy":"product_cat","embeddable":true,"href":"https:\/\/www.ivinio.com\/fr\/wp-json\/wp\/v2\/product_cat?post=119089"},{"taxonomy":"product_tag","embeddable":true,"href":"https:\/\/www.ivinio.com\/fr\/wp-json\/wp\/v2\/product_tag?post=119089"}],"curies":[{"name":"wp","href":"https:\/\/api.w.org\/{rel}","templated":true}]}}