{"id":119067,"date":"2014-12-11T10:10:53","date_gmt":"2014-12-11T10:10:53","guid":{"rendered":"https:\/\/henrik.www.ivinio.com\/?product=besserat-de-bellefon-cuvee-des-moines-brut"},"modified":"2026-05-01T10:12:50","modified_gmt":"2026-05-01T08:12:50","slug":"besserat-de-bellefon-bleu-brut-cuvee-des-moines-brut","status":"publish","type":"product","link":"https:\/\/www.ivinio.com\/fr\/produit\/besserat-de-bellefon-bleu-brut-cuvee-des-moines-brut\/","title":{"rendered":"Besserat de Bellefon &#8211; Bleu Brut &#8211; Cuv\u00e9e des Moines &#8211; Brut"},"content":{"rendered":"<p>Besserat de Bellefon \u2013 Bleu Brut \u00ab Cuv\u00e9e des Moines \u00bb est un \u00e9l\u00e9gant champagne compos\u00e9 de 30% Chardonnay, 25% Pinor noir et 45% Pinot Meunier. Les raisins poussent dans les meilleurs terroirs champenois : Avize, Mesnil-sur-Oger, Louvois, Bisseuil, Vertus, Mareuil-sur-A\u00ff, Grauves et Cumi\u00e8res. Le vin a son propre et unique processus de production qui a \u00e9t\u00e9 d\u00e9velopp\u00e9 d\u00e8s 1930. La Maison Besserat de Bellefon utilise moins de liqueur de tirage, ce qui donne une mousse plus l\u00e9g\u00e8re et moins agressive. La mousse est onctueuse et persistante. Bleu Brut n&#8217;a pas subi la fermentation malolactique. 30% de vin de r\u00e9serve en Solera, le dosage est de 8g\/L et le vin est vieilli 3 ans pendant 3 ans sur lies avant sa mise \u00e0 la vente.<\/p>\n","protected":false},"excerpt":{"rendered":"<p>Besserat Bellefon la &#8220;Cuv\u00e9e des Moines&#8221; Brut est un champagne sec qui est r\u00e9put\u00e9\u00a0dans le monde entier pour sa mousse l\u00e9g\u00e8re, sa texture presque cr\u00e9meuse qui le rend id\u00e9al comme boisson d&#8217;accompagnement pour\u00a0un repas complet.<\/p>\n","protected":false},"featured_media":131512,"comment_status":"open","ping_status":"closed","template":"","meta":{"_monsterinsights_skip_tracking":false,"_monsterinsights_sitenote_active":false,"_monsterinsights_sitenote_note":"","_monsterinsights_sitenote_category":0,"_uf_show_specific_survey":0,"_uf_disable_surveys":false},"product_brand":[],"product_cat":[36615,36588],"product_tag":[],"class_list":{"0":"post-119067","1":"product","2":"type-product","3":"status-publish","4":"has-post-thumbnail","6":"product_cat-sv-champagne","7":"product_cat-franska-viner","8":"pa_alcohol-degree-12-5-sv","9":"pa_grape-variety-chardonnay-sv","10":"pa_grape-variety-pinot-meunier","11":"pa_grape-variety-pinot-noir-sv","12":"pa_package-1x1-sv","13":"pa_package-1x6-sv","14":"pa_region-champagne-sv","15":"pa_volume-75-cl-sv","17":"first","18":"instock","19":"taxable","20":"shipping-taxable","21":"purchasable","22":"product-type-variable"},"bundled_by":["119078"],"bundle_stock_status":"instock","bundle_stock_quantity":null,"bundle_virtual":false,"bundle_layout":"","bundle_add_to_cart_form_location":"","bundle_editable_in_cart":false,"bundle_sold_individually_context":"","bundle_item_grouping":"","bundle_min_size":"","bundle_max_size":"","bundle_price":[],"bundled_items":[],"bundle_sell_ids":[],"yoast_head":"<!-- This site is optimized with the Yoast SEO plugin v27.5 - https:\/\/yoast.com\/product\/yoast-seo-wordpress\/ -->\n<title>Achat Besserat de Bellefon - Bleu Brut - Cuv\u00e9e des Moines - Brut - IVINIO Caviste<\/title>\n<meta name=\"description\" content=\"Achat Besserat de Bellefon - Bleu Brut - Cuv\u00e9e des Moines. Champagne r\u00e9put\u00e9\u00a0dans le monde entier pour sa mousse l\u00e9g\u00e8re, sa texture presque cr\u00e9meuse\" \/>\n<meta name=\"robots\" content=\"index, follow, max-snippet:-1, max-image-preview:large, max-video-preview:-1\" \/>\n<link rel=\"canonical\" href=\"https:\/\/www.ivinio.com\/fr\/produit\/besserat-de-bellefon-bleu-brut-cuvee-des-moines-brut\/\" \/>\n<meta property=\"og:locale\" content=\"fr_FR\" \/>\n<meta property=\"og:type\" content=\"article\" \/>\n<meta property=\"og:title\" content=\"Achat Besserat de Bellefon - Bleu Brut - Cuv\u00e9e des Moines - Brut - IVINIO Caviste\" \/>\n<meta property=\"og:description\" content=\"Achat Besserat de Bellefon - Bleu Brut - Cuv\u00e9e des Moines. Champagne r\u00e9put\u00e9\u00a0dans le monde entier pour sa mousse l\u00e9g\u00e8re, sa texture presque cr\u00e9meuse\" \/>\n<meta property=\"og:url\" content=\"https:\/\/www.ivinio.com\/fr\/produit\/besserat-de-bellefon-bleu-brut-cuvee-des-moines-brut\/\" \/>\n<meta property=\"og:site_name\" content=\"IVINIO Caviste\" \/>\n<meta property=\"article:publisher\" content=\"https:\/\/www.facebook.com\/groups\/165217837022391\/?ref=bookmarks\" \/>\n<meta property=\"article:modified_time\" content=\"2026-05-01T08:12:50+00:00\" \/>\n<meta property=\"og:image\" content=\"https:\/\/www.ivinio.com\/wp-content\/uploads\/2014\/12\/Besserat-de-Bellefon-Bleu-brut-cuvee-des-moines-IVINIO.jpg\" \/>\n\t<meta property=\"og:image:width\" content=\"500\" \/>\n\t<meta property=\"og:image:height\" content=\"500\" \/>\n\t<meta property=\"og:image:type\" content=\"image\/jpeg\" \/>\n<meta name=\"twitter:card\" content=\"summary_large_image\" \/>\n<meta name=\"twitter:label1\" content=\"Dur\u00e9e de lecture estim\u00e9e\" \/>\n\t<meta name=\"twitter:data1\" content=\"1 minute\" \/>\n<script type=\"application\/ld+json\" class=\"yoast-schema-graph\">{\"@context\":\"https:\\\/\\\/schema.org\",\"@graph\":[{\"@type\":\"WebPage\",\"@id\":\"https:\\\/\\\/www.ivinio.com\\\/fr\\\/produit\\\/besserat-de-bellefon-bleu-brut-cuvee-des-moines-brut\\\/\",\"url\":\"https:\\\/\\\/www.ivinio.com\\\/fr\\\/produit\\\/besserat-de-bellefon-bleu-brut-cuvee-des-moines-brut\\\/\",\"name\":\"Achat Besserat de Bellefon - Bleu Brut - Cuv\u00e9e des Moines - Brut - IVINIO Caviste\",\"isPartOf\":{\"@id\":\"https:\\\/\\\/www.ivinio.com\\\/fr\\\/#website\"},\"primaryImageOfPage\":{\"@id\":\"https:\\\/\\\/www.ivinio.com\\\/fr\\\/produit\\\/besserat-de-bellefon-bleu-brut-cuvee-des-moines-brut\\\/#primaryimage\"},\"image\":{\"@id\":\"https:\\\/\\\/www.ivinio.com\\\/fr\\\/produit\\\/besserat-de-bellefon-bleu-brut-cuvee-des-moines-brut\\\/#primaryimage\"},\"thumbnailUrl\":\"https:\\\/\\\/www.ivinio.com\\\/wp-content\\\/uploads\\\/2014\\\/12\\\/Besserat-de-Bellefon-Bleu-brut-cuvee-des-moines-IVINIO.jpg\",\"datePublished\":\"2014-12-11T10:10:53+00:00\",\"dateModified\":\"2026-05-01T08:12:50+00:00\",\"description\":\"Achat Besserat de Bellefon - Bleu Brut - Cuv\u00e9e des Moines. Champagne r\u00e9put\u00e9\u00a0dans le monde entier pour sa mousse l\u00e9g\u00e8re, sa texture presque cr\u00e9meuse\",\"breadcrumb\":{\"@id\":\"https:\\\/\\\/www.ivinio.com\\\/fr\\\/produit\\\/besserat-de-bellefon-bleu-brut-cuvee-des-moines-brut\\\/#breadcrumb\"},\"inLanguage\":\"fr-FR\",\"potentialAction\":[{\"@type\":\"ReadAction\",\"target\":[\"https:\\\/\\\/www.ivinio.com\\\/fr\\\/produit\\\/besserat-de-bellefon-bleu-brut-cuvee-des-moines-brut\\\/\"]}]},{\"@type\":\"ImageObject\",\"inLanguage\":\"fr-FR\",\"@id\":\"https:\\\/\\\/www.ivinio.com\\\/fr\\\/produit\\\/besserat-de-bellefon-bleu-brut-cuvee-des-moines-brut\\\/#primaryimage\",\"url\":\"https:\\\/\\\/www.ivinio.com\\\/wp-content\\\/uploads\\\/2014\\\/12\\\/Besserat-de-Bellefon-Bleu-brut-cuvee-des-moines-IVINIO.jpg\",\"contentUrl\":\"https:\\\/\\\/www.ivinio.com\\\/wp-content\\\/uploads\\\/2014\\\/12\\\/Besserat-de-Bellefon-Bleu-brut-cuvee-des-moines-IVINIO.jpg\",\"width\":500,\"height\":500,\"caption\":\"Besserat de Bellefon - Bleu Brut - Cuv\u00e9e des Moines\"},{\"@type\":\"BreadcrumbList\",\"@id\":\"https:\\\/\\\/www.ivinio.com\\\/fr\\\/produit\\\/besserat-de-bellefon-bleu-brut-cuvee-des-moines-brut\\\/#breadcrumb\",\"itemListElement\":[{\"@type\":\"ListItem\",\"position\":1,\"name\":\"Home\",\"item\":\"https:\\\/\\\/www.ivinio.com\\\/fr\\\/\"},{\"@type\":\"ListItem\",\"position\":2,\"name\":\"Boutique de vin\",\"item\":\"https:\\\/\\\/www.ivinio.com\\\/fr\\\/boutique-de-vin\\\/\"},{\"@type\":\"ListItem\",\"position\":3,\"name\":\"Besserat de Bellefon &#8211; Bleu Brut &#8211; Cuv\u00e9e des Moines &#8211; Brut\"}]},{\"@type\":\"WebSite\",\"@id\":\"https:\\\/\\\/www.ivinio.com\\\/fr\\\/#website\",\"url\":\"https:\\\/\\\/www.ivinio.com\\\/fr\\\/\",\"name\":\"IVINIO Caviste\",\"description\":\"Vins de France et d&#039;Italie avec livraison \u00e0 domicile\",\"publisher\":{\"@id\":\"https:\\\/\\\/www.ivinio.com\\\/fr\\\/#organization\"},\"potentialAction\":[{\"@type\":\"SearchAction\",\"target\":{\"@type\":\"EntryPoint\",\"urlTemplate\":\"https:\\\/\\\/www.ivinio.com\\\/fr\\\/?s={search_term_string}\"},\"query-input\":{\"@type\":\"PropertyValueSpecification\",\"valueRequired\":true,\"valueName\":\"search_term_string\"}}],\"inLanguage\":\"fr-FR\"},{\"@type\":\"Organization\",\"@id\":\"https:\\\/\\\/www.ivinio.com\\\/fr\\\/#organization\",\"name\":\"IVINIO\",\"url\":\"https:\\\/\\\/www.ivinio.com\\\/fr\\\/\",\"logo\":{\"@type\":\"ImageObject\",\"inLanguage\":\"fr-FR\",\"@id\":\"https:\\\/\\\/www.ivinio.com\\\/fr\\\/#\\\/schema\\\/logo\\\/image\\\/\",\"url\":\"https:\\\/\\\/www.ivinio.com\\\/wp-content\\\/uploads\\\/2021\\\/01\\\/Logo-Ivinio-v2.jpg\",\"contentUrl\":\"https:\\\/\\\/www.ivinio.com\\\/wp-content\\\/uploads\\\/2021\\\/01\\\/Logo-Ivinio-v2.jpg\",\"width\":1194,\"height\":1194,\"caption\":\"IVINIO\"},\"image\":{\"@id\":\"https:\\\/\\\/www.ivinio.com\\\/fr\\\/#\\\/schema\\\/logo\\\/image\\\/\"},\"sameAs\":[\"https:\\\/\\\/www.facebook.com\\\/groups\\\/165217837022391\\\/?ref=bookmarks\",\"https:\\\/\\\/www.instagram.com\\\/_ivinio_\\\/?hl=fr\"]}]}<\/script>\n<!-- \/ Yoast SEO plugin. -->","yoast_head_json":{"title":"Achat Besserat de Bellefon - Bleu Brut - Cuv\u00e9e des Moines - Brut - IVINIO Caviste","description":"Achat Besserat de Bellefon - Bleu Brut - Cuv\u00e9e des Moines. Champagne r\u00e9put\u00e9\u00a0dans le monde entier pour sa mousse l\u00e9g\u00e8re, sa texture presque cr\u00e9meuse","robots":{"index":"index","follow":"follow","max-snippet":"max-snippet:-1","max-image-preview":"max-image-preview:large","max-video-preview":"max-video-preview:-1"},"canonical":"https:\/\/www.ivinio.com\/fr\/produit\/besserat-de-bellefon-bleu-brut-cuvee-des-moines-brut\/","og_locale":"fr_FR","og_type":"article","og_title":"Achat Besserat de Bellefon - Bleu Brut - Cuv\u00e9e des Moines - Brut - IVINIO Caviste","og_description":"Achat Besserat de Bellefon - Bleu Brut - Cuv\u00e9e des Moines. Champagne r\u00e9put\u00e9\u00a0dans le monde entier pour sa mousse l\u00e9g\u00e8re, sa texture presque cr\u00e9meuse","og_url":"https:\/\/www.ivinio.com\/fr\/produit\/besserat-de-bellefon-bleu-brut-cuvee-des-moines-brut\/","og_site_name":"IVINIO Caviste","article_publisher":"https:\/\/www.facebook.com\/groups\/165217837022391\/?ref=bookmarks","article_modified_time":"2026-05-01T08:12:50+00:00","og_image":[{"width":500,"height":500,"url":"https:\/\/www.ivinio.com\/wp-content\/uploads\/2014\/12\/Besserat-de-Bellefon-Bleu-brut-cuvee-des-moines-IVINIO.jpg","type":"image\/jpeg"}],"twitter_card":"summary_large_image","twitter_misc":{"Dur\u00e9e de lecture estim\u00e9e":"1 minute"},"schema":{"@context":"https:\/\/schema.org","@graph":[{"@type":"WebPage","@id":"https:\/\/www.ivinio.com\/fr\/produit\/besserat-de-bellefon-bleu-brut-cuvee-des-moines-brut\/","url":"https:\/\/www.ivinio.com\/fr\/produit\/besserat-de-bellefon-bleu-brut-cuvee-des-moines-brut\/","name":"Achat Besserat de Bellefon - Bleu Brut - Cuv\u00e9e des Moines - Brut - IVINIO Caviste","isPartOf":{"@id":"https:\/\/www.ivinio.com\/fr\/#website"},"primaryImageOfPage":{"@id":"https:\/\/www.ivinio.com\/fr\/produit\/besserat-de-bellefon-bleu-brut-cuvee-des-moines-brut\/#primaryimage"},"image":{"@id":"https:\/\/www.ivinio.com\/fr\/produit\/besserat-de-bellefon-bleu-brut-cuvee-des-moines-brut\/#primaryimage"},"thumbnailUrl":"https:\/\/www.ivinio.com\/wp-content\/uploads\/2014\/12\/Besserat-de-Bellefon-Bleu-brut-cuvee-des-moines-IVINIO.jpg","datePublished":"2014-12-11T10:10:53+00:00","dateModified":"2026-05-01T08:12:50+00:00","description":"Achat Besserat de Bellefon - Bleu Brut - Cuv\u00e9e des Moines. Champagne r\u00e9put\u00e9\u00a0dans le monde entier pour sa mousse l\u00e9g\u00e8re, sa texture presque cr\u00e9meuse","breadcrumb":{"@id":"https:\/\/www.ivinio.com\/fr\/produit\/besserat-de-bellefon-bleu-brut-cuvee-des-moines-brut\/#breadcrumb"},"inLanguage":"fr-FR","potentialAction":[{"@type":"ReadAction","target":["https:\/\/www.ivinio.com\/fr\/produit\/besserat-de-bellefon-bleu-brut-cuvee-des-moines-brut\/"]}]},{"@type":"ImageObject","inLanguage":"fr-FR","@id":"https:\/\/www.ivinio.com\/fr\/produit\/besserat-de-bellefon-bleu-brut-cuvee-des-moines-brut\/#primaryimage","url":"https:\/\/www.ivinio.com\/wp-content\/uploads\/2014\/12\/Besserat-de-Bellefon-Bleu-brut-cuvee-des-moines-IVINIO.jpg","contentUrl":"https:\/\/www.ivinio.com\/wp-content\/uploads\/2014\/12\/Besserat-de-Bellefon-Bleu-brut-cuvee-des-moines-IVINIO.jpg","width":500,"height":500,"caption":"Besserat de Bellefon - Bleu Brut - Cuv\u00e9e des Moines"},{"@type":"BreadcrumbList","@id":"https:\/\/www.ivinio.com\/fr\/produit\/besserat-de-bellefon-bleu-brut-cuvee-des-moines-brut\/#breadcrumb","itemListElement":[{"@type":"ListItem","position":1,"name":"Home","item":"https:\/\/www.ivinio.com\/fr\/"},{"@type":"ListItem","position":2,"name":"Boutique de vin","item":"https:\/\/www.ivinio.com\/fr\/boutique-de-vin\/"},{"@type":"ListItem","position":3,"name":"Besserat de Bellefon &#8211; Bleu Brut &#8211; Cuv\u00e9e des Moines &#8211; Brut"}]},{"@type":"WebSite","@id":"https:\/\/www.ivinio.com\/fr\/#website","url":"https:\/\/www.ivinio.com\/fr\/","name":"IVINIO Caviste","description":"Vins de France et d&#039;Italie avec livraison \u00e0 domicile","publisher":{"@id":"https:\/\/www.ivinio.com\/fr\/#organization"},"potentialAction":[{"@type":"SearchAction","target":{"@type":"EntryPoint","urlTemplate":"https:\/\/www.ivinio.com\/fr\/?s={search_term_string}"},"query-input":{"@type":"PropertyValueSpecification","valueRequired":true,"valueName":"search_term_string"}}],"inLanguage":"fr-FR"},{"@type":"Organization","@id":"https:\/\/www.ivinio.com\/fr\/#organization","name":"IVINIO","url":"https:\/\/www.ivinio.com\/fr\/","logo":{"@type":"ImageObject","inLanguage":"fr-FR","@id":"https:\/\/www.ivinio.com\/fr\/#\/schema\/logo\/image\/","url":"https:\/\/www.ivinio.com\/wp-content\/uploads\/2021\/01\/Logo-Ivinio-v2.jpg","contentUrl":"https:\/\/www.ivinio.com\/wp-content\/uploads\/2021\/01\/Logo-Ivinio-v2.jpg","width":1194,"height":1194,"caption":"IVINIO"},"image":{"@id":"https:\/\/www.ivinio.com\/fr\/#\/schema\/logo\/image\/"},"sameAs":["https:\/\/www.facebook.com\/groups\/165217837022391\/?ref=bookmarks","https:\/\/www.instagram.com\/_ivinio_\/?hl=fr"]}]}},"jetpack_sharing_enabled":true,"_links":{"self":[{"href":"https:\/\/www.ivinio.com\/fr\/wp-json\/wp\/v2\/product\/119067","targetHints":{"allow":["GET"]}}],"collection":[{"href":"https:\/\/www.ivinio.com\/fr\/wp-json\/wp\/v2\/product"}],"about":[{"href":"https:\/\/www.ivinio.com\/fr\/wp-json\/wp\/v2\/types\/product"}],"replies":[{"embeddable":true,"href":"https:\/\/www.ivinio.com\/fr\/wp-json\/wp\/v2\/comments?post=119067"}],"wp:featuredmedia":[{"embeddable":true,"href":"https:\/\/www.ivinio.com\/fr\/wp-json\/wp\/v2\/media\/131512"}],"wp:attachment":[{"href":"https:\/\/www.ivinio.com\/fr\/wp-json\/wp\/v2\/media?parent=119067"}],"wp:term":[{"taxonomy":"product_brand","embeddable":true,"href":"https:\/\/www.ivinio.com\/fr\/wp-json\/wp\/v2\/product_brand?post=119067"},{"taxonomy":"product_cat","embeddable":true,"href":"https:\/\/www.ivinio.com\/fr\/wp-json\/wp\/v2\/product_cat?post=119067"},{"taxonomy":"product_tag","embeddable":true,"href":"https:\/\/www.ivinio.com\/fr\/wp-json\/wp\/v2\/product_tag?post=119067"}],"curies":[{"name":"wp","href":"https:\/\/api.w.org\/{rel}","templated":true}]}}