{"id":119032,"date":"2015-01-15T17:51:05","date_gmt":"2015-01-15T17:51:05","guid":{"rendered":"https:\/\/henrik.www.ivinio.com\/?product=domaine-vidal-fleury-saint-joseph-rouge"},"modified":"2024-02-08T19:36:33","modified_gmt":"2024-02-08T18:36:33","slug":"domaine-vidal-fleury-saint-joseph-rouge","status":"publish","type":"product","link":"https:\/\/www.ivinio.com\/fr\/produit\/domaine-vidal-fleury-saint-joseph-rouge\/","title":{"rendered":"Domaine Vidal-Fleury &#8211; Saint-Joseph &#8211; Rouge"},"content":{"rendered":"<p>Le Saint Joseph de Vidal-Fleury est compos\u00e9 \u00e0 100% de Syrah. Les raisins sont r\u00e9colt\u00e9s manuellement \u00e0 la fin Septembre. La fermentation a lieu \u00e0 30 \u00b0 C. Le jus de raisin du fond de la cuve en acier est r\u00e9guli\u00e8rement pomp\u00e9 pour se retrouver au sommet (chapeau de marc, d\u00e9lestage). Ceci est suivi par la fermentation malolactique. Le vin est laiss\u00e9 sur lies pendant 3 mois en cuves d&#8217;acier, puis un an en f\u00fbts de ch\u00eane. Le vin est ensuite filtr\u00e9, mis en bouteille et peut \u00eatre stock\u00e9 encore quatre mois.<\/p>\n","protected":false},"excerpt":{"rendered":"<p>Le Saint Joseph est un vin compos\u00e9 \u00e0 100% de Syrah qui est r\u00e9guli\u00e8rement r\u00e9compens\u00e9. Un vin fruit\u00e9, \u00e9pic\u00e9 et\u00a0frais\u00a0qui se d\u00e9guste volontiers avec un\u00a0plat\u00a0de gibier.<\/p>\n","protected":false},"featured_media":119035,"comment_status":"open","ping_status":"closed","template":"","meta":{"_monsterinsights_skip_tracking":false,"_monsterinsights_sitenote_active":false,"_monsterinsights_sitenote_note":"","_monsterinsights_sitenote_category":0,"_uf_show_specific_survey":0,"_uf_disable_surveys":false},"product_brand":[],"product_cat":[36619,36586],"product_tag":[],"class_list":{"0":"post-119032","1":"product","2":"type-product","3":"status-publish","4":"has-post-thumbnail","6":"product_cat-fr-cotes-du-rhone","7":"product_cat-vins-francais","8":"pa_alcohol-degree-13-5","9":"pa_awards-guide-hachette-fr","10":"pa_awards-robert-parker-fr","11":"pa_classification-aop-saint-joseph-fr","12":"pa_color-rouge-fr","13":"pa_country-france-fr","14":"pa_grape-variety-syrah-fr","15":"pa_region-vallee-du-rhone-fr","16":"pa_storage-potential-10-ans-fr","17":"pa_vintage-2019-fr","18":"pa_volume-75-cl-fr","20":"first","21":"instock","22":"taxable","23":"shipping-taxable","24":"purchasable","25":"product-type-simple"},"bundled_by":["119039"],"bundle_stock_status":"instock","bundle_stock_quantity":null,"bundle_virtual":false,"bundle_layout":"","bundle_add_to_cart_form_location":"","bundle_editable_in_cart":false,"bundle_sold_individually_context":"","bundle_item_grouping":"","bundle_min_size":"","bundle_max_size":"","bundle_price":[],"bundled_items":[],"bundle_sell_ids":[],"yoast_head":"<!-- This site is optimized with the Yoast SEO plugin v27.5 - https:\/\/yoast.com\/product\/yoast-seo-wordpress\/ -->\n<title>Acheter Vidal-Fleury - Saint-Joseph - Rouge - IVINIO Caviste<\/title>\n<meta name=\"description\" content=\"Acheter Vidal-Fleury - Saint-Joseph - Rouge. Vin de la plus ancienne maison de vigneron de la vall\u00e9e du Rh\u00f4ne. Livraison \u00e0 votre porte.\" \/>\n<meta name=\"robots\" content=\"index, follow, max-snippet:-1, max-image-preview:large, max-video-preview:-1\" \/>\n<link rel=\"canonical\" href=\"https:\/\/www.ivinio.com\/fr\/produit\/domaine-vidal-fleury-saint-joseph-rouge\/\" \/>\n<meta property=\"og:locale\" content=\"fr_FR\" \/>\n<meta property=\"og:type\" content=\"article\" \/>\n<meta property=\"og:title\" content=\"Acheter Vidal-Fleury - Saint-Joseph - Rouge - IVINIO Caviste\" \/>\n<meta property=\"og:description\" content=\"Acheter Vidal-Fleury - Saint-Joseph - Rouge. Vin de la plus ancienne maison de vigneron de la vall\u00e9e du Rh\u00f4ne. Livraison \u00e0 votre porte.\" \/>\n<meta property=\"og:url\" content=\"https:\/\/www.ivinio.com\/fr\/produit\/domaine-vidal-fleury-saint-joseph-rouge\/\" \/>\n<meta property=\"og:site_name\" content=\"IVINIO Caviste\" \/>\n<meta property=\"article:publisher\" content=\"https:\/\/www.facebook.com\/groups\/165217837022391\/?ref=bookmarks\" \/>\n<meta property=\"article:modified_time\" content=\"2024-02-08T18:36:33+00:00\" \/>\n<meta property=\"og:image\" content=\"https:\/\/www.ivinio.com\/wp-content\/uploads\/nc\/public\/modules\/file\/pictures\/5352.vidal-fleury-saint-joseph-5.jpg\" \/>\n\t<meta property=\"og:image:width\" content=\"500\" \/>\n\t<meta property=\"og:image:height\" content=\"500\" \/>\n\t<meta property=\"og:image:type\" content=\"image\/jpeg\" \/>\n<meta name=\"twitter:card\" content=\"summary_large_image\" \/>\n<meta name=\"twitter:label1\" content=\"Dur\u00e9e de lecture estim\u00e9e\" \/>\n\t<meta name=\"twitter:data1\" content=\"1 minute\" \/>\n<script type=\"application\/ld+json\" class=\"yoast-schema-graph\">{\"@context\":\"https:\\\/\\\/schema.org\",\"@graph\":[{\"@type\":\"WebPage\",\"@id\":\"https:\\\/\\\/www.ivinio.com\\\/fr\\\/produit\\\/domaine-vidal-fleury-saint-joseph-rouge\\\/\",\"url\":\"https:\\\/\\\/www.ivinio.com\\\/fr\\\/produit\\\/domaine-vidal-fleury-saint-joseph-rouge\\\/\",\"name\":\"Acheter Vidal-Fleury - Saint-Joseph - Rouge - IVINIO Caviste\",\"isPartOf\":{\"@id\":\"https:\\\/\\\/www.ivinio.com\\\/fr\\\/#website\"},\"primaryImageOfPage\":{\"@id\":\"https:\\\/\\\/www.ivinio.com\\\/fr\\\/produit\\\/domaine-vidal-fleury-saint-joseph-rouge\\\/#primaryimage\"},\"image\":{\"@id\":\"https:\\\/\\\/www.ivinio.com\\\/fr\\\/produit\\\/domaine-vidal-fleury-saint-joseph-rouge\\\/#primaryimage\"},\"thumbnailUrl\":\"https:\\\/\\\/www.ivinio.com\\\/wp-content\\\/uploads\\\/nc\\\/public\\\/modules\\\/file\\\/pictures\\\/5352.vidal-fleury-saint-joseph-5.jpg\",\"datePublished\":\"2015-01-15T17:51:05+00:00\",\"dateModified\":\"2024-02-08T18:36:33+00:00\",\"description\":\"Acheter Vidal-Fleury - Saint-Joseph - Rouge. Vin de la plus ancienne maison de vigneron de la vall\u00e9e du Rh\u00f4ne. Livraison \u00e0 votre porte.\",\"breadcrumb\":{\"@id\":\"https:\\\/\\\/www.ivinio.com\\\/fr\\\/produit\\\/domaine-vidal-fleury-saint-joseph-rouge\\\/#breadcrumb\"},\"inLanguage\":\"fr-FR\",\"potentialAction\":[{\"@type\":\"ReadAction\",\"target\":[\"https:\\\/\\\/www.ivinio.com\\\/fr\\\/produit\\\/domaine-vidal-fleury-saint-joseph-rouge\\\/\"]}]},{\"@type\":\"ImageObject\",\"inLanguage\":\"fr-FR\",\"@id\":\"https:\\\/\\\/www.ivinio.com\\\/fr\\\/produit\\\/domaine-vidal-fleury-saint-joseph-rouge\\\/#primaryimage\",\"url\":\"https:\\\/\\\/www.ivinio.com\\\/wp-content\\\/uploads\\\/nc\\\/public\\\/modules\\\/file\\\/pictures\\\/5352.vidal-fleury-saint-joseph-5.jpg\",\"contentUrl\":\"https:\\\/\\\/www.ivinio.com\\\/wp-content\\\/uploads\\\/nc\\\/public\\\/modules\\\/file\\\/pictures\\\/5352.vidal-fleury-saint-joseph-5.jpg\",\"width\":500,\"height\":500,\"caption\":\"Domaine Vidal-Fleury - Saint Joseph\"},{\"@type\":\"BreadcrumbList\",\"@id\":\"https:\\\/\\\/www.ivinio.com\\\/fr\\\/produit\\\/domaine-vidal-fleury-saint-joseph-rouge\\\/#breadcrumb\",\"itemListElement\":[{\"@type\":\"ListItem\",\"position\":1,\"name\":\"Home\",\"item\":\"https:\\\/\\\/www.ivinio.com\\\/fr\\\/\"},{\"@type\":\"ListItem\",\"position\":2,\"name\":\"Boutique de vin\",\"item\":\"https:\\\/\\\/www.ivinio.com\\\/fr\\\/boutique-de-vin\\\/\"},{\"@type\":\"ListItem\",\"position\":3,\"name\":\"Domaine Vidal-Fleury &#8211; Saint-Joseph &#8211; Rouge\"}]},{\"@type\":\"WebSite\",\"@id\":\"https:\\\/\\\/www.ivinio.com\\\/fr\\\/#website\",\"url\":\"https:\\\/\\\/www.ivinio.com\\\/fr\\\/\",\"name\":\"IVINIO Caviste\",\"description\":\"Vins de France et d&#039;Italie avec livraison \u00e0 domicile\",\"publisher\":{\"@id\":\"https:\\\/\\\/www.ivinio.com\\\/fr\\\/#organization\"},\"potentialAction\":[{\"@type\":\"SearchAction\",\"target\":{\"@type\":\"EntryPoint\",\"urlTemplate\":\"https:\\\/\\\/www.ivinio.com\\\/fr\\\/?s={search_term_string}\"},\"query-input\":{\"@type\":\"PropertyValueSpecification\",\"valueRequired\":true,\"valueName\":\"search_term_string\"}}],\"inLanguage\":\"fr-FR\"},{\"@type\":\"Organization\",\"@id\":\"https:\\\/\\\/www.ivinio.com\\\/fr\\\/#organization\",\"name\":\"IVINIO\",\"url\":\"https:\\\/\\\/www.ivinio.com\\\/fr\\\/\",\"logo\":{\"@type\":\"ImageObject\",\"inLanguage\":\"fr-FR\",\"@id\":\"https:\\\/\\\/www.ivinio.com\\\/fr\\\/#\\\/schema\\\/logo\\\/image\\\/\",\"url\":\"https:\\\/\\\/www.ivinio.com\\\/wp-content\\\/uploads\\\/2021\\\/01\\\/Logo-Ivinio-v2.jpg\",\"contentUrl\":\"https:\\\/\\\/www.ivinio.com\\\/wp-content\\\/uploads\\\/2021\\\/01\\\/Logo-Ivinio-v2.jpg\",\"width\":1194,\"height\":1194,\"caption\":\"IVINIO\"},\"image\":{\"@id\":\"https:\\\/\\\/www.ivinio.com\\\/fr\\\/#\\\/schema\\\/logo\\\/image\\\/\"},\"sameAs\":[\"https:\\\/\\\/www.facebook.com\\\/groups\\\/165217837022391\\\/?ref=bookmarks\",\"https:\\\/\\\/www.instagram.com\\\/_ivinio_\\\/?hl=fr\"]}]}<\/script>\n<!-- \/ Yoast SEO plugin. -->","yoast_head_json":{"title":"Acheter Vidal-Fleury - Saint-Joseph - Rouge - IVINIO Caviste","description":"Acheter Vidal-Fleury - Saint-Joseph - Rouge. Vin de la plus ancienne maison de vigneron de la vall\u00e9e du Rh\u00f4ne. Livraison \u00e0 votre porte.","robots":{"index":"index","follow":"follow","max-snippet":"max-snippet:-1","max-image-preview":"max-image-preview:large","max-video-preview":"max-video-preview:-1"},"canonical":"https:\/\/www.ivinio.com\/fr\/produit\/domaine-vidal-fleury-saint-joseph-rouge\/","og_locale":"fr_FR","og_type":"article","og_title":"Acheter Vidal-Fleury - Saint-Joseph - Rouge - IVINIO Caviste","og_description":"Acheter Vidal-Fleury - Saint-Joseph - Rouge. Vin de la plus ancienne maison de vigneron de la vall\u00e9e du Rh\u00f4ne. Livraison \u00e0 votre porte.","og_url":"https:\/\/www.ivinio.com\/fr\/produit\/domaine-vidal-fleury-saint-joseph-rouge\/","og_site_name":"IVINIO Caviste","article_publisher":"https:\/\/www.facebook.com\/groups\/165217837022391\/?ref=bookmarks","article_modified_time":"2024-02-08T18:36:33+00:00","og_image":[{"width":500,"height":500,"url":"https:\/\/www.ivinio.com\/wp-content\/uploads\/nc\/public\/modules\/file\/pictures\/5352.vidal-fleury-saint-joseph-5.jpg","type":"image\/jpeg"}],"twitter_card":"summary_large_image","twitter_misc":{"Dur\u00e9e de lecture estim\u00e9e":"1 minute"},"schema":{"@context":"https:\/\/schema.org","@graph":[{"@type":"WebPage","@id":"https:\/\/www.ivinio.com\/fr\/produit\/domaine-vidal-fleury-saint-joseph-rouge\/","url":"https:\/\/www.ivinio.com\/fr\/produit\/domaine-vidal-fleury-saint-joseph-rouge\/","name":"Acheter Vidal-Fleury - Saint-Joseph - Rouge - IVINIO Caviste","isPartOf":{"@id":"https:\/\/www.ivinio.com\/fr\/#website"},"primaryImageOfPage":{"@id":"https:\/\/www.ivinio.com\/fr\/produit\/domaine-vidal-fleury-saint-joseph-rouge\/#primaryimage"},"image":{"@id":"https:\/\/www.ivinio.com\/fr\/produit\/domaine-vidal-fleury-saint-joseph-rouge\/#primaryimage"},"thumbnailUrl":"https:\/\/www.ivinio.com\/wp-content\/uploads\/nc\/public\/modules\/file\/pictures\/5352.vidal-fleury-saint-joseph-5.jpg","datePublished":"2015-01-15T17:51:05+00:00","dateModified":"2024-02-08T18:36:33+00:00","description":"Acheter Vidal-Fleury - Saint-Joseph - Rouge. Vin de la plus ancienne maison de vigneron de la vall\u00e9e du Rh\u00f4ne. Livraison \u00e0 votre porte.","breadcrumb":{"@id":"https:\/\/www.ivinio.com\/fr\/produit\/domaine-vidal-fleury-saint-joseph-rouge\/#breadcrumb"},"inLanguage":"fr-FR","potentialAction":[{"@type":"ReadAction","target":["https:\/\/www.ivinio.com\/fr\/produit\/domaine-vidal-fleury-saint-joseph-rouge\/"]}]},{"@type":"ImageObject","inLanguage":"fr-FR","@id":"https:\/\/www.ivinio.com\/fr\/produit\/domaine-vidal-fleury-saint-joseph-rouge\/#primaryimage","url":"https:\/\/www.ivinio.com\/wp-content\/uploads\/nc\/public\/modules\/file\/pictures\/5352.vidal-fleury-saint-joseph-5.jpg","contentUrl":"https:\/\/www.ivinio.com\/wp-content\/uploads\/nc\/public\/modules\/file\/pictures\/5352.vidal-fleury-saint-joseph-5.jpg","width":500,"height":500,"caption":"Domaine Vidal-Fleury - Saint Joseph"},{"@type":"BreadcrumbList","@id":"https:\/\/www.ivinio.com\/fr\/produit\/domaine-vidal-fleury-saint-joseph-rouge\/#breadcrumb","itemListElement":[{"@type":"ListItem","position":1,"name":"Home","item":"https:\/\/www.ivinio.com\/fr\/"},{"@type":"ListItem","position":2,"name":"Boutique de vin","item":"https:\/\/www.ivinio.com\/fr\/boutique-de-vin\/"},{"@type":"ListItem","position":3,"name":"Domaine Vidal-Fleury &#8211; Saint-Joseph &#8211; Rouge"}]},{"@type":"WebSite","@id":"https:\/\/www.ivinio.com\/fr\/#website","url":"https:\/\/www.ivinio.com\/fr\/","name":"IVINIO Caviste","description":"Vins de France et d&#039;Italie avec livraison \u00e0 domicile","publisher":{"@id":"https:\/\/www.ivinio.com\/fr\/#organization"},"potentialAction":[{"@type":"SearchAction","target":{"@type":"EntryPoint","urlTemplate":"https:\/\/www.ivinio.com\/fr\/?s={search_term_string}"},"query-input":{"@type":"PropertyValueSpecification","valueRequired":true,"valueName":"search_term_string"}}],"inLanguage":"fr-FR"},{"@type":"Organization","@id":"https:\/\/www.ivinio.com\/fr\/#organization","name":"IVINIO","url":"https:\/\/www.ivinio.com\/fr\/","logo":{"@type":"ImageObject","inLanguage":"fr-FR","@id":"https:\/\/www.ivinio.com\/fr\/#\/schema\/logo\/image\/","url":"https:\/\/www.ivinio.com\/wp-content\/uploads\/2021\/01\/Logo-Ivinio-v2.jpg","contentUrl":"https:\/\/www.ivinio.com\/wp-content\/uploads\/2021\/01\/Logo-Ivinio-v2.jpg","width":1194,"height":1194,"caption":"IVINIO"},"image":{"@id":"https:\/\/www.ivinio.com\/fr\/#\/schema\/logo\/image\/"},"sameAs":["https:\/\/www.facebook.com\/groups\/165217837022391\/?ref=bookmarks","https:\/\/www.instagram.com\/_ivinio_\/?hl=fr"]}]}},"jetpack_sharing_enabled":true,"_links":{"self":[{"href":"https:\/\/www.ivinio.com\/fr\/wp-json\/wp\/v2\/product\/119032","targetHints":{"allow":["GET"]}}],"collection":[{"href":"https:\/\/www.ivinio.com\/fr\/wp-json\/wp\/v2\/product"}],"about":[{"href":"https:\/\/www.ivinio.com\/fr\/wp-json\/wp\/v2\/types\/product"}],"replies":[{"embeddable":true,"href":"https:\/\/www.ivinio.com\/fr\/wp-json\/wp\/v2\/comments?post=119032"}],"wp:featuredmedia":[{"embeddable":true,"href":"https:\/\/www.ivinio.com\/fr\/wp-json\/wp\/v2\/media\/119035"}],"wp:attachment":[{"href":"https:\/\/www.ivinio.com\/fr\/wp-json\/wp\/v2\/media?parent=119032"}],"wp:term":[{"taxonomy":"product_brand","embeddable":true,"href":"https:\/\/www.ivinio.com\/fr\/wp-json\/wp\/v2\/product_brand?post=119032"},{"taxonomy":"product_cat","embeddable":true,"href":"https:\/\/www.ivinio.com\/fr\/wp-json\/wp\/v2\/product_cat?post=119032"},{"taxonomy":"product_tag","embeddable":true,"href":"https:\/\/www.ivinio.com\/fr\/wp-json\/wp\/v2\/product_tag?post=119032"}],"curies":[{"name":"wp","href":"https:\/\/api.w.org\/{rel}","templated":true}]}}