{"id":119001,"date":"2015-01-15T17:51:05","date_gmt":"2015-01-15T17:51:05","guid":{"rendered":"https:\/\/henrik.www.ivinio.com\/?product=domaine-vidal-fleury-cotes-du-rhone-villages-rouge"},"modified":"2025-12-27T00:25:43","modified_gmt":"2025-12-26T23:25:43","slug":"domaine-vidal-fleury-cotes-du-rhone-villages-rouge","status":"publish","type":"product","link":"https:\/\/www.ivinio.com\/fr\/produit\/domaine-vidal-fleury-cotes-du-rhone-villages-rouge\/","title":{"rendered":"Domaine Vidal-Fleury C\u00f4tes-du-Rh\u00f4ne Villages &#8211; Rouge"},"content":{"rendered":"<p>Le C\u00f4tes-du-Rh\u00f4ne Villages de Vidal-Fleury est \u00e9labor\u00e9 \u00e0 partir de Grenache, de Syrah et de Mourv\u00e8dre. Ce vin est cultiv\u00e9 sur un sol calcaire et pierreux du sud des C\u00f4tes-du-Rh\u00f4ne. La fermentation est effectu\u00e9e s\u00e9par\u00e9ment pour chaque c\u00e9page pendant 3 \u00e0 4 semaines. Le jus de raisin est r\u00e9guli\u00e8rement soutir\u00e9 du fond de la cuve en acier, puis pomp\u00e9 sur le chapeau de marc restant (d\u00e9lestage). Elle est suivie de la fermentation malolactique. Le vin est \u00e9lev\u00e9 10 mois en foudres de ch\u00eane.<\/p>\n","protected":false},"excerpt":{"rendered":"<p>Le C\u00f4tes-du-Rh\u00f4ne Villages est \u00e9labor\u00e9 principalement \u00e0 partir de Grenache, mais aussi de Syrah et de Mourv\u00e8dre. Un vin de qualit\u00e9, issu de la plus ancienne maison de vinification encore en activit\u00e9 des C\u00f4tes-du-Rh\u00f4ne !<\/p>\n","protected":false},"featured_media":138926,"comment_status":"open","ping_status":"closed","template":"","meta":{"_monsterinsights_skip_tracking":false,"_monsterinsights_sitenote_active":false,"_monsterinsights_sitenote_note":"","_monsterinsights_sitenote_category":0,"_uf_show_specific_survey":0,"_uf_disable_surveys":false},"product_brand":[],"product_cat":[36619,36586],"product_tag":[],"class_list":{"0":"post-119001","1":"product","2":"type-product","3":"status-publish","4":"has-post-thumbnail","6":"product_cat-fr-cotes-du-rhone","7":"product_cat-vins-francais","8":"pa_alcohol-degree-145-fr","9":"pa_awards-jeb-dunnuck-fr","10":"pa_classification-aop-cotes-du-rhone-villages-fr","11":"pa_color-rouge-fr","12":"pa_country-france-fr","13":"pa_grape-variety-grenache-fr","14":"pa_grape-variety-mourvedre-fr","15":"pa_grape-variety-syrah-fr","16":"pa_region-vallee-du-rhone-fr","17":"pa_storage-potential-7-ans","18":"pa_vintage-2020-fr","19":"pa_volume-75-cl-fr","21":"first","22":"instock","23":"taxable","24":"shipping-taxable","25":"purchasable","26":"product-type-simple"},"bundled_by":["138958"],"bundle_stock_status":"instock","bundle_stock_quantity":null,"bundle_virtual":false,"bundle_layout":"","bundle_add_to_cart_form_location":"","bundle_editable_in_cart":false,"bundle_sold_individually_context":"","bundle_item_grouping":"","bundle_min_size":"","bundle_max_size":"","bundle_price":[],"bundled_items":[],"bundle_sell_ids":[],"yoast_head":"<!-- This site is optimized with the Yoast SEO plugin v27.4 - https:\/\/yoast.com\/product\/yoast-seo-wordpress\/ -->\n<title>Acheter Vidal-Fleury C\u00f4tes-du-Rh\u00f4ne Villages - IVINIO Caviste<\/title>\n<meta name=\"description\" content=\"Achetez le Vidal-Fleury C\u00f4tes-du-Rh\u00f4ne Villages. Un vin de qualit\u00e9, issu de la plus ancienne maison de vinification encore en activit\u00e9 de la Vall\u00e9e du Rh\u00f4ne. Livr\u00e9 \u00e0 domicile.\" \/>\n<meta name=\"robots\" content=\"index, follow, max-snippet:-1, max-image-preview:large, max-video-preview:-1\" \/>\n<link rel=\"canonical\" href=\"https:\/\/www.ivinio.com\/fr\/produit\/domaine-vidal-fleury-cotes-du-rhone-villages-rouge\/\" \/>\n<meta property=\"og:locale\" content=\"fr_FR\" \/>\n<meta property=\"og:type\" content=\"article\" \/>\n<meta property=\"og:title\" content=\"Acheter Vidal-Fleury C\u00f4tes-du-Rh\u00f4ne Villages - IVINIO Caviste\" \/>\n<meta property=\"og:description\" content=\"Achetez le Vidal-Fleury C\u00f4tes-du-Rh\u00f4ne Villages. Un vin de qualit\u00e9, issu de la plus ancienne maison de vinification encore en activit\u00e9 de la Vall\u00e9e du Rh\u00f4ne. Livr\u00e9 \u00e0 domicile.\" \/>\n<meta property=\"og:url\" content=\"https:\/\/www.ivinio.com\/fr\/produit\/domaine-vidal-fleury-cotes-du-rhone-villages-rouge\/\" \/>\n<meta property=\"og:site_name\" content=\"IVINIO Caviste\" \/>\n<meta property=\"article:publisher\" content=\"https:\/\/www.facebook.com\/groups\/165217837022391\/?ref=bookmarks\" \/>\n<meta property=\"article:modified_time\" content=\"2025-12-26T23:25:43+00:00\" \/>\n<meta property=\"og:image\" content=\"https:\/\/www.ivinio.com\/wp-content\/uploads\/nc\/public\/modules\/file\/pictures\/5335.vidal-fleury-cotes-du-rh-ne.jpg\" \/>\n\t<meta property=\"og:image:width\" content=\"500\" \/>\n\t<meta property=\"og:image:height\" content=\"500\" \/>\n\t<meta property=\"og:image:type\" content=\"image\/jpeg\" \/>\n<meta name=\"twitter:card\" content=\"summary_large_image\" \/>\n<meta name=\"twitter:label1\" content=\"Dur\u00e9e de lecture estim\u00e9e\" \/>\n\t<meta name=\"twitter:data1\" content=\"1 minute\" \/>\n<script type=\"application\/ld+json\" class=\"yoast-schema-graph\">{\"@context\":\"https:\\\/\\\/schema.org\",\"@graph\":[{\"@type\":\"WebPage\",\"@id\":\"https:\\\/\\\/www.ivinio.com\\\/fr\\\/produit\\\/domaine-vidal-fleury-cotes-du-rhone-villages-rouge\\\/\",\"url\":\"https:\\\/\\\/www.ivinio.com\\\/fr\\\/produit\\\/domaine-vidal-fleury-cotes-du-rhone-villages-rouge\\\/\",\"name\":\"Acheter Vidal-Fleury C\u00f4tes-du-Rh\u00f4ne Villages - IVINIO Caviste\",\"isPartOf\":{\"@id\":\"https:\\\/\\\/www.ivinio.com\\\/fr\\\/#website\"},\"primaryImageOfPage\":{\"@id\":\"https:\\\/\\\/www.ivinio.com\\\/fr\\\/produit\\\/domaine-vidal-fleury-cotes-du-rhone-villages-rouge\\\/#primaryimage\"},\"image\":{\"@id\":\"https:\\\/\\\/www.ivinio.com\\\/fr\\\/produit\\\/domaine-vidal-fleury-cotes-du-rhone-villages-rouge\\\/#primaryimage\"},\"thumbnailUrl\":\"https:\\\/\\\/www.ivinio.com\\\/wp-content\\\/uploads\\\/nc\\\/public\\\/modules\\\/file\\\/pictures\\\/5335.vidal-fleury-cotes-du-rh-ne.jpg\",\"datePublished\":\"2015-01-15T17:51:05+00:00\",\"dateModified\":\"2025-12-26T23:25:43+00:00\",\"description\":\"Achetez le Vidal-Fleury C\u00f4tes-du-Rh\u00f4ne Villages. Un vin de qualit\u00e9, issu de la plus ancienne maison de vinification encore en activit\u00e9 de la Vall\u00e9e du Rh\u00f4ne. Livr\u00e9 \u00e0 domicile.\",\"breadcrumb\":{\"@id\":\"https:\\\/\\\/www.ivinio.com\\\/fr\\\/produit\\\/domaine-vidal-fleury-cotes-du-rhone-villages-rouge\\\/#breadcrumb\"},\"inLanguage\":\"fr-FR\",\"potentialAction\":[{\"@type\":\"ReadAction\",\"target\":[\"https:\\\/\\\/www.ivinio.com\\\/fr\\\/produit\\\/domaine-vidal-fleury-cotes-du-rhone-villages-rouge\\\/\"]}]},{\"@type\":\"ImageObject\",\"inLanguage\":\"fr-FR\",\"@id\":\"https:\\\/\\\/www.ivinio.com\\\/fr\\\/produit\\\/domaine-vidal-fleury-cotes-du-rhone-villages-rouge\\\/#primaryimage\",\"url\":\"https:\\\/\\\/www.ivinio.com\\\/wp-content\\\/uploads\\\/nc\\\/public\\\/modules\\\/file\\\/pictures\\\/5335.vidal-fleury-cotes-du-rh-ne.jpg\",\"contentUrl\":\"https:\\\/\\\/www.ivinio.com\\\/wp-content\\\/uploads\\\/nc\\\/public\\\/modules\\\/file\\\/pictures\\\/5335.vidal-fleury-cotes-du-rh-ne.jpg\",\"width\":500,\"height\":500},{\"@type\":\"BreadcrumbList\",\"@id\":\"https:\\\/\\\/www.ivinio.com\\\/fr\\\/produit\\\/domaine-vidal-fleury-cotes-du-rhone-villages-rouge\\\/#breadcrumb\",\"itemListElement\":[{\"@type\":\"ListItem\",\"position\":1,\"name\":\"Home\",\"item\":\"https:\\\/\\\/www.ivinio.com\\\/fr\\\/\"},{\"@type\":\"ListItem\",\"position\":2,\"name\":\"Boutique de vin\",\"item\":\"https:\\\/\\\/www.ivinio.com\\\/fr\\\/boutique-de-vin\\\/\"},{\"@type\":\"ListItem\",\"position\":3,\"name\":\"Domaine Vidal-Fleury C\u00f4tes-du-Rh\u00f4ne Villages &#8211; Rouge\"}]},{\"@type\":\"WebSite\",\"@id\":\"https:\\\/\\\/www.ivinio.com\\\/fr\\\/#website\",\"url\":\"https:\\\/\\\/www.ivinio.com\\\/fr\\\/\",\"name\":\"IVINIO Caviste\",\"description\":\"Vins de France et d&#039;Italie avec livraison \u00e0 domicile\",\"publisher\":{\"@id\":\"https:\\\/\\\/www.ivinio.com\\\/fr\\\/#organization\"},\"potentialAction\":[{\"@type\":\"SearchAction\",\"target\":{\"@type\":\"EntryPoint\",\"urlTemplate\":\"https:\\\/\\\/www.ivinio.com\\\/fr\\\/?s={search_term_string}\"},\"query-input\":{\"@type\":\"PropertyValueSpecification\",\"valueRequired\":true,\"valueName\":\"search_term_string\"}}],\"inLanguage\":\"fr-FR\"},{\"@type\":\"Organization\",\"@id\":\"https:\\\/\\\/www.ivinio.com\\\/fr\\\/#organization\",\"name\":\"IVINIO\",\"url\":\"https:\\\/\\\/www.ivinio.com\\\/fr\\\/\",\"logo\":{\"@type\":\"ImageObject\",\"inLanguage\":\"fr-FR\",\"@id\":\"https:\\\/\\\/www.ivinio.com\\\/fr\\\/#\\\/schema\\\/logo\\\/image\\\/\",\"url\":\"https:\\\/\\\/www.ivinio.com\\\/wp-content\\\/uploads\\\/2021\\\/01\\\/Logo-Ivinio-v2.jpg\",\"contentUrl\":\"https:\\\/\\\/www.ivinio.com\\\/wp-content\\\/uploads\\\/2021\\\/01\\\/Logo-Ivinio-v2.jpg\",\"width\":1194,\"height\":1194,\"caption\":\"IVINIO\"},\"image\":{\"@id\":\"https:\\\/\\\/www.ivinio.com\\\/fr\\\/#\\\/schema\\\/logo\\\/image\\\/\"},\"sameAs\":[\"https:\\\/\\\/www.facebook.com\\\/groups\\\/165217837022391\\\/?ref=bookmarks\",\"https:\\\/\\\/www.instagram.com\\\/_ivinio_\\\/?hl=fr\"]}]}<\/script>\n<!-- \/ Yoast SEO plugin. -->","yoast_head_json":{"title":"Acheter Vidal-Fleury C\u00f4tes-du-Rh\u00f4ne Villages - IVINIO Caviste","description":"Achetez le Vidal-Fleury C\u00f4tes-du-Rh\u00f4ne Villages. Un vin de qualit\u00e9, issu de la plus ancienne maison de vinification encore en activit\u00e9 de la Vall\u00e9e du Rh\u00f4ne. Livr\u00e9 \u00e0 domicile.","robots":{"index":"index","follow":"follow","max-snippet":"max-snippet:-1","max-image-preview":"max-image-preview:large","max-video-preview":"max-video-preview:-1"},"canonical":"https:\/\/www.ivinio.com\/fr\/produit\/domaine-vidal-fleury-cotes-du-rhone-villages-rouge\/","og_locale":"fr_FR","og_type":"article","og_title":"Acheter Vidal-Fleury C\u00f4tes-du-Rh\u00f4ne Villages - IVINIO Caviste","og_description":"Achetez le Vidal-Fleury C\u00f4tes-du-Rh\u00f4ne Villages. Un vin de qualit\u00e9, issu de la plus ancienne maison de vinification encore en activit\u00e9 de la Vall\u00e9e du Rh\u00f4ne. Livr\u00e9 \u00e0 domicile.","og_url":"https:\/\/www.ivinio.com\/fr\/produit\/domaine-vidal-fleury-cotes-du-rhone-villages-rouge\/","og_site_name":"IVINIO Caviste","article_publisher":"https:\/\/www.facebook.com\/groups\/165217837022391\/?ref=bookmarks","article_modified_time":"2025-12-26T23:25:43+00:00","og_image":[{"width":500,"height":500,"url":"https:\/\/www.ivinio.com\/wp-content\/uploads\/nc\/public\/modules\/file\/pictures\/5335.vidal-fleury-cotes-du-rh-ne.jpg","type":"image\/jpeg"}],"twitter_card":"summary_large_image","twitter_misc":{"Dur\u00e9e de lecture estim\u00e9e":"1 minute"},"schema":{"@context":"https:\/\/schema.org","@graph":[{"@type":"WebPage","@id":"https:\/\/www.ivinio.com\/fr\/produit\/domaine-vidal-fleury-cotes-du-rhone-villages-rouge\/","url":"https:\/\/www.ivinio.com\/fr\/produit\/domaine-vidal-fleury-cotes-du-rhone-villages-rouge\/","name":"Acheter Vidal-Fleury C\u00f4tes-du-Rh\u00f4ne Villages - IVINIO Caviste","isPartOf":{"@id":"https:\/\/www.ivinio.com\/fr\/#website"},"primaryImageOfPage":{"@id":"https:\/\/www.ivinio.com\/fr\/produit\/domaine-vidal-fleury-cotes-du-rhone-villages-rouge\/#primaryimage"},"image":{"@id":"https:\/\/www.ivinio.com\/fr\/produit\/domaine-vidal-fleury-cotes-du-rhone-villages-rouge\/#primaryimage"},"thumbnailUrl":"https:\/\/www.ivinio.com\/wp-content\/uploads\/nc\/public\/modules\/file\/pictures\/5335.vidal-fleury-cotes-du-rh-ne.jpg","datePublished":"2015-01-15T17:51:05+00:00","dateModified":"2025-12-26T23:25:43+00:00","description":"Achetez le Vidal-Fleury C\u00f4tes-du-Rh\u00f4ne Villages. Un vin de qualit\u00e9, issu de la plus ancienne maison de vinification encore en activit\u00e9 de la Vall\u00e9e du Rh\u00f4ne. Livr\u00e9 \u00e0 domicile.","breadcrumb":{"@id":"https:\/\/www.ivinio.com\/fr\/produit\/domaine-vidal-fleury-cotes-du-rhone-villages-rouge\/#breadcrumb"},"inLanguage":"fr-FR","potentialAction":[{"@type":"ReadAction","target":["https:\/\/www.ivinio.com\/fr\/produit\/domaine-vidal-fleury-cotes-du-rhone-villages-rouge\/"]}]},{"@type":"ImageObject","inLanguage":"fr-FR","@id":"https:\/\/www.ivinio.com\/fr\/produit\/domaine-vidal-fleury-cotes-du-rhone-villages-rouge\/#primaryimage","url":"https:\/\/www.ivinio.com\/wp-content\/uploads\/nc\/public\/modules\/file\/pictures\/5335.vidal-fleury-cotes-du-rh-ne.jpg","contentUrl":"https:\/\/www.ivinio.com\/wp-content\/uploads\/nc\/public\/modules\/file\/pictures\/5335.vidal-fleury-cotes-du-rh-ne.jpg","width":500,"height":500},{"@type":"BreadcrumbList","@id":"https:\/\/www.ivinio.com\/fr\/produit\/domaine-vidal-fleury-cotes-du-rhone-villages-rouge\/#breadcrumb","itemListElement":[{"@type":"ListItem","position":1,"name":"Home","item":"https:\/\/www.ivinio.com\/fr\/"},{"@type":"ListItem","position":2,"name":"Boutique de vin","item":"https:\/\/www.ivinio.com\/fr\/boutique-de-vin\/"},{"@type":"ListItem","position":3,"name":"Domaine Vidal-Fleury C\u00f4tes-du-Rh\u00f4ne Villages &#8211; Rouge"}]},{"@type":"WebSite","@id":"https:\/\/www.ivinio.com\/fr\/#website","url":"https:\/\/www.ivinio.com\/fr\/","name":"IVINIO Caviste","description":"Vins de France et d&#039;Italie avec livraison \u00e0 domicile","publisher":{"@id":"https:\/\/www.ivinio.com\/fr\/#organization"},"potentialAction":[{"@type":"SearchAction","target":{"@type":"EntryPoint","urlTemplate":"https:\/\/www.ivinio.com\/fr\/?s={search_term_string}"},"query-input":{"@type":"PropertyValueSpecification","valueRequired":true,"valueName":"search_term_string"}}],"inLanguage":"fr-FR"},{"@type":"Organization","@id":"https:\/\/www.ivinio.com\/fr\/#organization","name":"IVINIO","url":"https:\/\/www.ivinio.com\/fr\/","logo":{"@type":"ImageObject","inLanguage":"fr-FR","@id":"https:\/\/www.ivinio.com\/fr\/#\/schema\/logo\/image\/","url":"https:\/\/www.ivinio.com\/wp-content\/uploads\/2021\/01\/Logo-Ivinio-v2.jpg","contentUrl":"https:\/\/www.ivinio.com\/wp-content\/uploads\/2021\/01\/Logo-Ivinio-v2.jpg","width":1194,"height":1194,"caption":"IVINIO"},"image":{"@id":"https:\/\/www.ivinio.com\/fr\/#\/schema\/logo\/image\/"},"sameAs":["https:\/\/www.facebook.com\/groups\/165217837022391\/?ref=bookmarks","https:\/\/www.instagram.com\/_ivinio_\/?hl=fr"]}]}},"jetpack_sharing_enabled":true,"_links":{"self":[{"href":"https:\/\/www.ivinio.com\/fr\/wp-json\/wp\/v2\/product\/119001","targetHints":{"allow":["GET"]}}],"collection":[{"href":"https:\/\/www.ivinio.com\/fr\/wp-json\/wp\/v2\/product"}],"about":[{"href":"https:\/\/www.ivinio.com\/fr\/wp-json\/wp\/v2\/types\/product"}],"replies":[{"embeddable":true,"href":"https:\/\/www.ivinio.com\/fr\/wp-json\/wp\/v2\/comments?post=119001"}],"wp:featuredmedia":[{"embeddable":true,"href":"https:\/\/www.ivinio.com\/fr\/wp-json\/wp\/v2\/media\/138926"}],"wp:attachment":[{"href":"https:\/\/www.ivinio.com\/fr\/wp-json\/wp\/v2\/media?parent=119001"}],"wp:term":[{"taxonomy":"product_brand","embeddable":true,"href":"https:\/\/www.ivinio.com\/fr\/wp-json\/wp\/v2\/product_brand?post=119001"},{"taxonomy":"product_cat","embeddable":true,"href":"https:\/\/www.ivinio.com\/fr\/wp-json\/wp\/v2\/product_cat?post=119001"},{"taxonomy":"product_tag","embeddable":true,"href":"https:\/\/www.ivinio.com\/fr\/wp-json\/wp\/v2\/product_tag?post=119001"}],"curies":[{"name":"wp","href":"https:\/\/api.w.org\/{rel}","templated":true}]}}