{"id":118986,"date":"2014-12-28T17:47:23","date_gmt":"2014-12-28T17:47:23","guid":{"rendered":"https:\/\/henrik.www.ivinio.com\/?product=domaine-du-meteore-les-leonides-rouge"},"modified":"2022-03-13T10:43:49","modified_gmt":"2022-03-13T09:43:49","slug":"domaine-du-meteore-les-leonides-rouge","status":"publish","type":"product","link":"https:\/\/www.ivinio.com\/fr\/produit\/domaine-du-meteore-les-leonides-rouge\/","title":{"rendered":"Domaine du M\u00e9t\u00e9ore &#8211; Les L\u00e9onides &#8211; Rouge"},"content":{"rendered":"<p>Les L&eacute;onides du Domaine du M&eacute;t&eacute;ore est compos&eacute; de Grenache, Syrah, Mourv&egrave;dre, Carignan et Cinsault. La culture des vigne est biologique&nbsp;et la r&eacute;colte est faite &agrave; la main. La fermentation se fait par c&eacute;page s&eacute;par&eacute;.&nbsp;Le vin fini est &eacute;lev&eacute;&nbsp;dans des&nbsp;cuves en acier afin de pr&eacute;server le fruit et la fra&icirc;cheur&nbsp;du vin.<\/p>\n","protected":false},"excerpt":{"rendered":"<p>Les L&eacute;onides du Domaine du M&eacute;t&eacute;ore est un vin rouge bio, puissant de l&#39;appellation Faug&egrave;res. Des tanins ronds avec une saveur fruit&eacute;e et l&eacute;g&egrave;rement florale, ainsi que des notes d&#39;herbes du sud de la France. Servir avec des&nbsp;viandes grill&eacute;es.<\/p>\n","protected":false},"featured_media":130675,"comment_status":"open","ping_status":"closed","template":"","meta":{"_monsterinsights_skip_tracking":false,"_monsterinsights_sitenote_active":false,"_monsterinsights_sitenote_note":"","_monsterinsights_sitenote_category":0,"_uf_show_specific_survey":0,"_uf_disable_surveys":false},"product_brand":[],"product_cat":[36625,36586],"product_tag":[],"class_list":{"0":"post-118986","1":"product","2":"type-product","3":"status-publish","4":"has-post-thumbnail","6":"product_cat-fr-languedoc","7":"product_cat-vins-francais","8":"pa_alcohol-degree-14-fr","9":"pa_classification-aop-faugeres-fr","10":"pa_color-rouge-fr","11":"pa_country-france-fr","12":"pa_grape-variety-carignan-fr","13":"pa_grape-variety-cinsault-fr","14":"pa_grape-variety-grenache-fr","15":"pa_grape-variety-mourvedre-fr","16":"pa_grape-variety-syrah-fr","17":"pa_region-languedoc-fr","18":"pa_storage-potential-6-ans-fr","19":"pa_vintage-2016-fr","20":"pa_volume-75-cl-fr","22":"first","23":"outofstock","24":"taxable","25":"shipping-taxable","26":"purchasable","27":"product-type-simple"},"bundled_by":["118991"],"bundle_stock_status":"outofstock","bundle_stock_quantity":1,"bundle_virtual":false,"bundle_layout":"","bundle_add_to_cart_form_location":"","bundle_editable_in_cart":false,"bundle_sold_individually_context":"","bundle_item_grouping":"","bundle_min_size":"","bundle_max_size":"","bundle_price":[],"bundled_items":[],"bundle_sell_ids":[],"yoast_head":"<!-- This site is optimized with the Yoast SEO plugin v27.4 - https:\/\/yoast.com\/product\/yoast-seo-wordpress\/ -->\n<title>Domaine du M\u00e9t\u00e9ore - Les L\u00e9onides - Acheter du vin en ligne - Boutique de vin en ligne Ivinio.com<\/title>\n<meta name=\"description\" content=\"Les L\u00e9onides du Domaine du M\u00e9t\u00e9ore est un vin rouge bio, puissant de l&#039;appellation Faug\u00e8res. Des tanins ronds avec une saveur fruit\u00e9e et l\u00e9g\u00e8rement florale, ainsi que des notes d&#039;herbes du sud de la France. Servir avec des viandes grill\u00e9es.\" \/>\n<meta name=\"robots\" content=\"index, follow, max-snippet:-1, max-image-preview:large, max-video-preview:-1\" \/>\n<link rel=\"canonical\" href=\"https:\/\/www.ivinio.com\/fr\/produit\/domaine-du-meteore-les-leonides-rouge\/\" \/>\n<meta property=\"og:locale\" content=\"fr_FR\" \/>\n<meta property=\"og:type\" content=\"article\" \/>\n<meta property=\"og:title\" content=\"Domaine du M\u00e9t\u00e9ore - Les L\u00e9onides - Acheter du vin en ligne - Boutique de vin en ligne Ivinio.com\" \/>\n<meta property=\"og:description\" content=\"Les L\u00e9onides du Domaine du M\u00e9t\u00e9ore est un vin rouge bio, puissant de l&#039;appellation Faug\u00e8res. Des tanins ronds avec une saveur fruit\u00e9e et l\u00e9g\u00e8rement florale, ainsi que des notes d&#039;herbes du sud de la France. Servir avec des viandes grill\u00e9es.\" \/>\n<meta property=\"og:url\" content=\"https:\/\/www.ivinio.com\/fr\/produit\/domaine-du-meteore-les-leonides-rouge\/\" \/>\n<meta property=\"og:site_name\" content=\"IVINIO Caviste\" \/>\n<meta property=\"article:publisher\" content=\"https:\/\/www.facebook.com\/groups\/165217837022391\/?ref=bookmarks\" \/>\n<meta property=\"article:modified_time\" content=\"2022-03-13T09:43:49+00:00\" \/>\n<meta property=\"og:image\" content=\"https:\/\/www.ivinio.com\/wp-content\/uploads\/nc\/public\/modules\/file\/pictures\/5287.domaine-de-m-t-ore-les-l-on.jpg\" \/>\n\t<meta property=\"og:image:width\" content=\"500\" \/>\n\t<meta property=\"og:image:height\" content=\"500\" \/>\n\t<meta property=\"og:image:type\" content=\"image\/jpeg\" \/>\n<meta name=\"twitter:card\" content=\"summary_large_image\" \/>\n<script type=\"application\/ld+json\" class=\"yoast-schema-graph\">{\"@context\":\"https:\\\/\\\/schema.org\",\"@graph\":[{\"@type\":\"WebPage\",\"@id\":\"https:\\\/\\\/www.ivinio.com\\\/fr\\\/produit\\\/domaine-du-meteore-les-leonides-rouge\\\/\",\"url\":\"https:\\\/\\\/www.ivinio.com\\\/fr\\\/produit\\\/domaine-du-meteore-les-leonides-rouge\\\/\",\"name\":\"Domaine du M\u00e9t\u00e9ore - Les L\u00e9onides - Acheter du vin en ligne - Boutique de vin en ligne Ivinio.com\",\"isPartOf\":{\"@id\":\"https:\\\/\\\/www.ivinio.com\\\/fr\\\/#website\"},\"primaryImageOfPage\":{\"@id\":\"https:\\\/\\\/www.ivinio.com\\\/fr\\\/produit\\\/domaine-du-meteore-les-leonides-rouge\\\/#primaryimage\"},\"image\":{\"@id\":\"https:\\\/\\\/www.ivinio.com\\\/fr\\\/produit\\\/domaine-du-meteore-les-leonides-rouge\\\/#primaryimage\"},\"thumbnailUrl\":\"https:\\\/\\\/www.ivinio.com\\\/wp-content\\\/uploads\\\/nc\\\/public\\\/modules\\\/file\\\/pictures\\\/5287.domaine-de-m-t-ore-les-l-on.jpg\",\"datePublished\":\"2014-12-28T17:47:23+00:00\",\"dateModified\":\"2022-03-13T09:43:49+00:00\",\"description\":\"Les L\u00e9onides du Domaine du M\u00e9t\u00e9ore est un vin rouge bio, puissant de l'appellation Faug\u00e8res. Des tanins ronds avec une saveur fruit\u00e9e et l\u00e9g\u00e8rement florale, ainsi que des notes d'herbes du sud de la France. Servir avec des viandes grill\u00e9es.\",\"breadcrumb\":{\"@id\":\"https:\\\/\\\/www.ivinio.com\\\/fr\\\/produit\\\/domaine-du-meteore-les-leonides-rouge\\\/#breadcrumb\"},\"inLanguage\":\"fr-FR\",\"potentialAction\":[{\"@type\":\"ReadAction\",\"target\":[\"https:\\\/\\\/www.ivinio.com\\\/fr\\\/produit\\\/domaine-du-meteore-les-leonides-rouge\\\/\"]}]},{\"@type\":\"ImageObject\",\"inLanguage\":\"fr-FR\",\"@id\":\"https:\\\/\\\/www.ivinio.com\\\/fr\\\/produit\\\/domaine-du-meteore-les-leonides-rouge\\\/#primaryimage\",\"url\":\"https:\\\/\\\/www.ivinio.com\\\/wp-content\\\/uploads\\\/nc\\\/public\\\/modules\\\/file\\\/pictures\\\/5287.domaine-de-m-t-ore-les-l-on.jpg\",\"contentUrl\":\"https:\\\/\\\/www.ivinio.com\\\/wp-content\\\/uploads\\\/nc\\\/public\\\/modules\\\/file\\\/pictures\\\/5287.domaine-de-m-t-ore-les-l-on.jpg\",\"width\":500,\"height\":500},{\"@type\":\"BreadcrumbList\",\"@id\":\"https:\\\/\\\/www.ivinio.com\\\/fr\\\/produit\\\/domaine-du-meteore-les-leonides-rouge\\\/#breadcrumb\",\"itemListElement\":[{\"@type\":\"ListItem\",\"position\":1,\"name\":\"Home\",\"item\":\"https:\\\/\\\/www.ivinio.com\\\/fr\\\/\"},{\"@type\":\"ListItem\",\"position\":2,\"name\":\"Boutique de vin\",\"item\":\"https:\\\/\\\/www.ivinio.com\\\/fr\\\/boutique-de-vin\\\/\"},{\"@type\":\"ListItem\",\"position\":3,\"name\":\"Domaine du M\u00e9t\u00e9ore &#8211; Les L\u00e9onides &#8211; Rouge\"}]},{\"@type\":\"WebSite\",\"@id\":\"https:\\\/\\\/www.ivinio.com\\\/fr\\\/#website\",\"url\":\"https:\\\/\\\/www.ivinio.com\\\/fr\\\/\",\"name\":\"IVINIO Caviste\",\"description\":\"Vins de France et d&#039;Italie avec livraison \u00e0 domicile\",\"publisher\":{\"@id\":\"https:\\\/\\\/www.ivinio.com\\\/fr\\\/#organization\"},\"potentialAction\":[{\"@type\":\"SearchAction\",\"target\":{\"@type\":\"EntryPoint\",\"urlTemplate\":\"https:\\\/\\\/www.ivinio.com\\\/fr\\\/?s={search_term_string}\"},\"query-input\":{\"@type\":\"PropertyValueSpecification\",\"valueRequired\":true,\"valueName\":\"search_term_string\"}}],\"inLanguage\":\"fr-FR\"},{\"@type\":\"Organization\",\"@id\":\"https:\\\/\\\/www.ivinio.com\\\/fr\\\/#organization\",\"name\":\"IVINIO\",\"url\":\"https:\\\/\\\/www.ivinio.com\\\/fr\\\/\",\"logo\":{\"@type\":\"ImageObject\",\"inLanguage\":\"fr-FR\",\"@id\":\"https:\\\/\\\/www.ivinio.com\\\/fr\\\/#\\\/schema\\\/logo\\\/image\\\/\",\"url\":\"https:\\\/\\\/www.ivinio.com\\\/wp-content\\\/uploads\\\/2021\\\/01\\\/Logo-Ivinio-v2.jpg\",\"contentUrl\":\"https:\\\/\\\/www.ivinio.com\\\/wp-content\\\/uploads\\\/2021\\\/01\\\/Logo-Ivinio-v2.jpg\",\"width\":1194,\"height\":1194,\"caption\":\"IVINIO\"},\"image\":{\"@id\":\"https:\\\/\\\/www.ivinio.com\\\/fr\\\/#\\\/schema\\\/logo\\\/image\\\/\"},\"sameAs\":[\"https:\\\/\\\/www.facebook.com\\\/groups\\\/165217837022391\\\/?ref=bookmarks\",\"https:\\\/\\\/www.instagram.com\\\/_ivinio_\\\/?hl=fr\"]}]}<\/script>\n<!-- \/ Yoast SEO plugin. -->","yoast_head_json":{"title":"Domaine du M\u00e9t\u00e9ore - Les L\u00e9onides - Acheter du vin en ligne - Boutique de vin en ligne Ivinio.com","description":"Les L\u00e9onides du Domaine du M\u00e9t\u00e9ore est un vin rouge bio, puissant de l'appellation Faug\u00e8res. Des tanins ronds avec une saveur fruit\u00e9e et l\u00e9g\u00e8rement florale, ainsi que des notes d'herbes du sud de la France. Servir avec des viandes grill\u00e9es.","robots":{"index":"index","follow":"follow","max-snippet":"max-snippet:-1","max-image-preview":"max-image-preview:large","max-video-preview":"max-video-preview:-1"},"canonical":"https:\/\/www.ivinio.com\/fr\/produit\/domaine-du-meteore-les-leonides-rouge\/","og_locale":"fr_FR","og_type":"article","og_title":"Domaine du M\u00e9t\u00e9ore - Les L\u00e9onides - Acheter du vin en ligne - Boutique de vin en ligne Ivinio.com","og_description":"Les L\u00e9onides du Domaine du M\u00e9t\u00e9ore est un vin rouge bio, puissant de l'appellation Faug\u00e8res. Des tanins ronds avec une saveur fruit\u00e9e et l\u00e9g\u00e8rement florale, ainsi que des notes d'herbes du sud de la France. Servir avec des viandes grill\u00e9es.","og_url":"https:\/\/www.ivinio.com\/fr\/produit\/domaine-du-meteore-les-leonides-rouge\/","og_site_name":"IVINIO Caviste","article_publisher":"https:\/\/www.facebook.com\/groups\/165217837022391\/?ref=bookmarks","article_modified_time":"2022-03-13T09:43:49+00:00","og_image":[{"width":500,"height":500,"url":"https:\/\/www.ivinio.com\/wp-content\/uploads\/nc\/public\/modules\/file\/pictures\/5287.domaine-de-m-t-ore-les-l-on.jpg","type":"image\/jpeg"}],"twitter_card":"summary_large_image","schema":{"@context":"https:\/\/schema.org","@graph":[{"@type":"WebPage","@id":"https:\/\/www.ivinio.com\/fr\/produit\/domaine-du-meteore-les-leonides-rouge\/","url":"https:\/\/www.ivinio.com\/fr\/produit\/domaine-du-meteore-les-leonides-rouge\/","name":"Domaine du M\u00e9t\u00e9ore - Les L\u00e9onides - Acheter du vin en ligne - Boutique de vin en ligne Ivinio.com","isPartOf":{"@id":"https:\/\/www.ivinio.com\/fr\/#website"},"primaryImageOfPage":{"@id":"https:\/\/www.ivinio.com\/fr\/produit\/domaine-du-meteore-les-leonides-rouge\/#primaryimage"},"image":{"@id":"https:\/\/www.ivinio.com\/fr\/produit\/domaine-du-meteore-les-leonides-rouge\/#primaryimage"},"thumbnailUrl":"https:\/\/www.ivinio.com\/wp-content\/uploads\/nc\/public\/modules\/file\/pictures\/5287.domaine-de-m-t-ore-les-l-on.jpg","datePublished":"2014-12-28T17:47:23+00:00","dateModified":"2022-03-13T09:43:49+00:00","description":"Les L\u00e9onides du Domaine du M\u00e9t\u00e9ore est un vin rouge bio, puissant de l'appellation Faug\u00e8res. Des tanins ronds avec une saveur fruit\u00e9e et l\u00e9g\u00e8rement florale, ainsi que des notes d'herbes du sud de la France. Servir avec des viandes grill\u00e9es.","breadcrumb":{"@id":"https:\/\/www.ivinio.com\/fr\/produit\/domaine-du-meteore-les-leonides-rouge\/#breadcrumb"},"inLanguage":"fr-FR","potentialAction":[{"@type":"ReadAction","target":["https:\/\/www.ivinio.com\/fr\/produit\/domaine-du-meteore-les-leonides-rouge\/"]}]},{"@type":"ImageObject","inLanguage":"fr-FR","@id":"https:\/\/www.ivinio.com\/fr\/produit\/domaine-du-meteore-les-leonides-rouge\/#primaryimage","url":"https:\/\/www.ivinio.com\/wp-content\/uploads\/nc\/public\/modules\/file\/pictures\/5287.domaine-de-m-t-ore-les-l-on.jpg","contentUrl":"https:\/\/www.ivinio.com\/wp-content\/uploads\/nc\/public\/modules\/file\/pictures\/5287.domaine-de-m-t-ore-les-l-on.jpg","width":500,"height":500},{"@type":"BreadcrumbList","@id":"https:\/\/www.ivinio.com\/fr\/produit\/domaine-du-meteore-les-leonides-rouge\/#breadcrumb","itemListElement":[{"@type":"ListItem","position":1,"name":"Home","item":"https:\/\/www.ivinio.com\/fr\/"},{"@type":"ListItem","position":2,"name":"Boutique de vin","item":"https:\/\/www.ivinio.com\/fr\/boutique-de-vin\/"},{"@type":"ListItem","position":3,"name":"Domaine du M\u00e9t\u00e9ore &#8211; Les L\u00e9onides &#8211; Rouge"}]},{"@type":"WebSite","@id":"https:\/\/www.ivinio.com\/fr\/#website","url":"https:\/\/www.ivinio.com\/fr\/","name":"IVINIO Caviste","description":"Vins de France et d&#039;Italie avec livraison \u00e0 domicile","publisher":{"@id":"https:\/\/www.ivinio.com\/fr\/#organization"},"potentialAction":[{"@type":"SearchAction","target":{"@type":"EntryPoint","urlTemplate":"https:\/\/www.ivinio.com\/fr\/?s={search_term_string}"},"query-input":{"@type":"PropertyValueSpecification","valueRequired":true,"valueName":"search_term_string"}}],"inLanguage":"fr-FR"},{"@type":"Organization","@id":"https:\/\/www.ivinio.com\/fr\/#organization","name":"IVINIO","url":"https:\/\/www.ivinio.com\/fr\/","logo":{"@type":"ImageObject","inLanguage":"fr-FR","@id":"https:\/\/www.ivinio.com\/fr\/#\/schema\/logo\/image\/","url":"https:\/\/www.ivinio.com\/wp-content\/uploads\/2021\/01\/Logo-Ivinio-v2.jpg","contentUrl":"https:\/\/www.ivinio.com\/wp-content\/uploads\/2021\/01\/Logo-Ivinio-v2.jpg","width":1194,"height":1194,"caption":"IVINIO"},"image":{"@id":"https:\/\/www.ivinio.com\/fr\/#\/schema\/logo\/image\/"},"sameAs":["https:\/\/www.facebook.com\/groups\/165217837022391\/?ref=bookmarks","https:\/\/www.instagram.com\/_ivinio_\/?hl=fr"]}]}},"jetpack_sharing_enabled":true,"_links":{"self":[{"href":"https:\/\/www.ivinio.com\/fr\/wp-json\/wp\/v2\/product\/118986","targetHints":{"allow":["GET"]}}],"collection":[{"href":"https:\/\/www.ivinio.com\/fr\/wp-json\/wp\/v2\/product"}],"about":[{"href":"https:\/\/www.ivinio.com\/fr\/wp-json\/wp\/v2\/types\/product"}],"replies":[{"embeddable":true,"href":"https:\/\/www.ivinio.com\/fr\/wp-json\/wp\/v2\/comments?post=118986"}],"wp:featuredmedia":[{"embeddable":true,"href":"https:\/\/www.ivinio.com\/fr\/wp-json\/wp\/v2\/media\/130675"}],"wp:attachment":[{"href":"https:\/\/www.ivinio.com\/fr\/wp-json\/wp\/v2\/media?parent=118986"}],"wp:term":[{"taxonomy":"product_brand","embeddable":true,"href":"https:\/\/www.ivinio.com\/fr\/wp-json\/wp\/v2\/product_brand?post=118986"},{"taxonomy":"product_cat","embeddable":true,"href":"https:\/\/www.ivinio.com\/fr\/wp-json\/wp\/v2\/product_cat?post=118986"},{"taxonomy":"product_tag","embeddable":true,"href":"https:\/\/www.ivinio.com\/fr\/wp-json\/wp\/v2\/product_tag?post=118986"}],"curies":[{"name":"wp","href":"https:\/\/api.w.org\/{rel}","templated":true}]}}