{"id":118933,"date":"2014-11-28T17:47:04","date_gmt":"2014-11-28T17:47:04","guid":{"rendered":"https:\/\/henrik.www.ivinio.com\/?product=domaine-roux-pere-fils-bourgogne-chardonnay-les-murelles-2017"},"modified":"2026-03-25T17:11:37","modified_gmt":"2026-03-25T16:11:37","slug":"domaine-roux-pere-fils-bourgogne-chardonnay-les-murelles","status":"publish","type":"product","link":"https:\/\/www.ivinio.com\/fr\/produit\/domaine-roux-pere-fils-bourgogne-chardonnay-les-murelles\/","title":{"rendered":"Domaine Roux P\u00e8re &#038; fils Bourgogne Chardonnay &#8220;Les Murelles&#8221;"},"content":{"rendered":"<p>Domaine Roux P\u00e8re &amp; fils &#8220;Les Murelles&#8221; est un vin blanc \u00e9labor\u00e9 \u00e0 partir de 100% de c\u00e9pages Chardonnay. Les raisins sont cueillis \u00e0 la main. La vinification est classique, mais on tire parti des technologies modernes, notamment en ce qui concerne le contr\u00f4le de la temp\u00e9rature pendant le processus de fermentation. Le vin est \u00e9lev\u00e9 dans des f\u00fbts de ch\u00eane pendant un an avant la mise en bouteille.<\/p>\n","protected":false},"excerpt":{"rendered":"<p>Bourgogne Chardonnay &#8220;Les Murelles&#8221; est un vin blanc du Domaine Roux P\u00e8re &amp; fils \u00e9labor\u00e9 \u00e0 partir de 100% de Chardonnay.<\/p>\n","protected":false},"featured_media":130624,"comment_status":"open","ping_status":"closed","template":"","meta":{"_monsterinsights_skip_tracking":false,"_monsterinsights_sitenote_active":false,"_monsterinsights_sitenote_note":"","_monsterinsights_sitenote_category":0,"_uf_show_specific_survey":0,"_uf_disable_surveys":false},"product_brand":[],"product_cat":[36610,36586],"product_tag":[],"class_list":{"0":"post-118933","1":"product","2":"type-product","3":"status-publish","4":"has-post-thumbnail","6":"product_cat-fr-bourgogne","7":"product_cat-vins-francais","8":"pa_alcohol-degree-13-fr","9":"pa_awards-decanter-fr","10":"pa_classification-aop-bourgogne-fr","11":"pa_color-blanc-fr","12":"pa_country-france-fr","13":"pa_grape-variety-chardonnay-fr","14":"pa_region-bourgogne-fr","15":"pa_storage-potential-7-ans","16":"pa_vintage-2020-fr","17":"pa_volume-75-cl-fr","19":"first","20":"instock","21":"taxable","22":"shipping-taxable","23":"purchasable","24":"product-type-simple"},"bundled_by":["118943"],"bundle_stock_status":"instock","bundle_stock_quantity":null,"bundle_virtual":false,"bundle_layout":"","bundle_add_to_cart_form_location":"","bundle_editable_in_cart":false,"bundle_sold_individually_context":"","bundle_item_grouping":"","bundle_min_size":"","bundle_max_size":"","bundle_price":[],"bundled_items":[],"bundle_sell_ids":[],"yoast_head":"<!-- This site is optimized with the Yoast SEO plugin v27.5 - https:\/\/yoast.com\/product\/yoast-seo-wordpress\/ -->\n<title>Domaine Roux P\u00e8re &amp; fils Bourgogne Chardonnay &quot;Les Murelles&quot; - IVINIO Caviste<\/title>\n<meta name=\"description\" content=\"Domaine Roux P\u00e8re &amp; fils Bourgogne Chardonnay &quot;Les Murelles&quot;. Compos\u00e9 de 100% de Chardonnay, livr\u00e9 \u00e0 la porte.\" \/>\n<meta name=\"robots\" content=\"index, follow, max-snippet:-1, max-image-preview:large, max-video-preview:-1\" \/>\n<link rel=\"canonical\" href=\"https:\/\/www.ivinio.com\/fr\/produit\/domaine-roux-pere-fils-bourgogne-chardonnay-les-murelles\/\" \/>\n<meta property=\"og:locale\" content=\"fr_FR\" \/>\n<meta property=\"og:type\" content=\"article\" \/>\n<meta property=\"og:title\" content=\"Domaine Roux P\u00e8re &amp; fils Bourgogne Chardonnay &quot;Les Murelles&quot; - IVINIO Caviste\" \/>\n<meta property=\"og:description\" content=\"Domaine Roux P\u00e8re &amp; fils Bourgogne Chardonnay &quot;Les Murelles&quot;. Compos\u00e9 de 100% de Chardonnay, livr\u00e9 \u00e0 la porte.\" \/>\n<meta property=\"og:url\" content=\"https:\/\/www.ivinio.com\/fr\/produit\/domaine-roux-pere-fils-bourgogne-chardonnay-les-murelles\/\" \/>\n<meta property=\"og:site_name\" content=\"IVINIO Caviste\" \/>\n<meta property=\"article:publisher\" content=\"https:\/\/www.facebook.com\/groups\/165217837022391\/?ref=bookmarks\" \/>\n<meta property=\"article:modified_time\" content=\"2026-03-25T16:11:37+00:00\" \/>\n<meta property=\"og:image\" content=\"https:\/\/www.ivinio.com\/wp-content\/uploads\/nc\/public\/modules\/file\/pictures\/5266.Roux-Bourgogne-les-Murelles.jpg\" \/>\n\t<meta property=\"og:image:width\" content=\"500\" \/>\n\t<meta property=\"og:image:height\" content=\"500\" \/>\n\t<meta property=\"og:image:type\" content=\"image\/jpeg\" \/>\n<meta name=\"twitter:card\" content=\"summary_large_image\" \/>\n<meta name=\"twitter:label1\" content=\"Dur\u00e9e de lecture estim\u00e9e\" \/>\n\t<meta name=\"twitter:data1\" content=\"1 minute\" \/>\n<script type=\"application\/ld+json\" class=\"yoast-schema-graph\">{\"@context\":\"https:\\\/\\\/schema.org\",\"@graph\":[{\"@type\":\"WebPage\",\"@id\":\"https:\\\/\\\/www.ivinio.com\\\/fr\\\/produit\\\/domaine-roux-pere-fils-bourgogne-chardonnay-les-murelles\\\/\",\"url\":\"https:\\\/\\\/www.ivinio.com\\\/fr\\\/produit\\\/domaine-roux-pere-fils-bourgogne-chardonnay-les-murelles\\\/\",\"name\":\"Domaine Roux P\u00e8re & fils Bourgogne Chardonnay \\\"Les Murelles\\\" - IVINIO Caviste\",\"isPartOf\":{\"@id\":\"https:\\\/\\\/www.ivinio.com\\\/fr\\\/#website\"},\"primaryImageOfPage\":{\"@id\":\"https:\\\/\\\/www.ivinio.com\\\/fr\\\/produit\\\/domaine-roux-pere-fils-bourgogne-chardonnay-les-murelles\\\/#primaryimage\"},\"image\":{\"@id\":\"https:\\\/\\\/www.ivinio.com\\\/fr\\\/produit\\\/domaine-roux-pere-fils-bourgogne-chardonnay-les-murelles\\\/#primaryimage\"},\"thumbnailUrl\":\"https:\\\/\\\/www.ivinio.com\\\/wp-content\\\/uploads\\\/nc\\\/public\\\/modules\\\/file\\\/pictures\\\/5266.Roux-Bourgogne-les-Murelles.jpg\",\"datePublished\":\"2014-11-28T17:47:04+00:00\",\"dateModified\":\"2026-03-25T16:11:37+00:00\",\"description\":\"Domaine Roux P\u00e8re & fils Bourgogne Chardonnay \\\"Les Murelles\\\". Compos\u00e9 de 100% de Chardonnay, livr\u00e9 \u00e0 la porte.\",\"breadcrumb\":{\"@id\":\"https:\\\/\\\/www.ivinio.com\\\/fr\\\/produit\\\/domaine-roux-pere-fils-bourgogne-chardonnay-les-murelles\\\/#breadcrumb\"},\"inLanguage\":\"fr-FR\",\"potentialAction\":[{\"@type\":\"ReadAction\",\"target\":[\"https:\\\/\\\/www.ivinio.com\\\/fr\\\/produit\\\/domaine-roux-pere-fils-bourgogne-chardonnay-les-murelles\\\/\"]}]},{\"@type\":\"ImageObject\",\"inLanguage\":\"fr-FR\",\"@id\":\"https:\\\/\\\/www.ivinio.com\\\/fr\\\/produit\\\/domaine-roux-pere-fils-bourgogne-chardonnay-les-murelles\\\/#primaryimage\",\"url\":\"https:\\\/\\\/www.ivinio.com\\\/wp-content\\\/uploads\\\/nc\\\/public\\\/modules\\\/file\\\/pictures\\\/5266.Roux-Bourgogne-les-Murelles.jpg\",\"contentUrl\":\"https:\\\/\\\/www.ivinio.com\\\/wp-content\\\/uploads\\\/nc\\\/public\\\/modules\\\/file\\\/pictures\\\/5266.Roux-Bourgogne-les-Murelles.jpg\",\"width\":500,\"height\":500,\"caption\":\"Domaine Roux P\u00e8re & fils Bourgogne Chardonnay \\\"Les Murelles\\\"\"},{\"@type\":\"BreadcrumbList\",\"@id\":\"https:\\\/\\\/www.ivinio.com\\\/fr\\\/produit\\\/domaine-roux-pere-fils-bourgogne-chardonnay-les-murelles\\\/#breadcrumb\",\"itemListElement\":[{\"@type\":\"ListItem\",\"position\":1,\"name\":\"Home\",\"item\":\"https:\\\/\\\/www.ivinio.com\\\/fr\\\/\"},{\"@type\":\"ListItem\",\"position\":2,\"name\":\"Boutique de vin\",\"item\":\"https:\\\/\\\/www.ivinio.com\\\/fr\\\/boutique-de-vin\\\/\"},{\"@type\":\"ListItem\",\"position\":3,\"name\":\"Domaine Roux P\u00e8re &#038; fils Bourgogne Chardonnay &#8220;Les Murelles&#8221;\"}]},{\"@type\":\"WebSite\",\"@id\":\"https:\\\/\\\/www.ivinio.com\\\/fr\\\/#website\",\"url\":\"https:\\\/\\\/www.ivinio.com\\\/fr\\\/\",\"name\":\"IVINIO Caviste\",\"description\":\"Vins de France et d&#039;Italie avec livraison \u00e0 domicile\",\"publisher\":{\"@id\":\"https:\\\/\\\/www.ivinio.com\\\/fr\\\/#organization\"},\"potentialAction\":[{\"@type\":\"SearchAction\",\"target\":{\"@type\":\"EntryPoint\",\"urlTemplate\":\"https:\\\/\\\/www.ivinio.com\\\/fr\\\/?s={search_term_string}\"},\"query-input\":{\"@type\":\"PropertyValueSpecification\",\"valueRequired\":true,\"valueName\":\"search_term_string\"}}],\"inLanguage\":\"fr-FR\"},{\"@type\":\"Organization\",\"@id\":\"https:\\\/\\\/www.ivinio.com\\\/fr\\\/#organization\",\"name\":\"IVINIO\",\"url\":\"https:\\\/\\\/www.ivinio.com\\\/fr\\\/\",\"logo\":{\"@type\":\"ImageObject\",\"inLanguage\":\"fr-FR\",\"@id\":\"https:\\\/\\\/www.ivinio.com\\\/fr\\\/#\\\/schema\\\/logo\\\/image\\\/\",\"url\":\"https:\\\/\\\/www.ivinio.com\\\/wp-content\\\/uploads\\\/2021\\\/01\\\/Logo-Ivinio-v2.jpg\",\"contentUrl\":\"https:\\\/\\\/www.ivinio.com\\\/wp-content\\\/uploads\\\/2021\\\/01\\\/Logo-Ivinio-v2.jpg\",\"width\":1194,\"height\":1194,\"caption\":\"IVINIO\"},\"image\":{\"@id\":\"https:\\\/\\\/www.ivinio.com\\\/fr\\\/#\\\/schema\\\/logo\\\/image\\\/\"},\"sameAs\":[\"https:\\\/\\\/www.facebook.com\\\/groups\\\/165217837022391\\\/?ref=bookmarks\",\"https:\\\/\\\/www.instagram.com\\\/_ivinio_\\\/?hl=fr\"]}]}<\/script>\n<!-- \/ Yoast SEO plugin. -->","yoast_head_json":{"title":"Domaine Roux P\u00e8re & fils Bourgogne Chardonnay \"Les Murelles\" - IVINIO Caviste","description":"Domaine Roux P\u00e8re & fils Bourgogne Chardonnay \"Les Murelles\". Compos\u00e9 de 100% de Chardonnay, livr\u00e9 \u00e0 la porte.","robots":{"index":"index","follow":"follow","max-snippet":"max-snippet:-1","max-image-preview":"max-image-preview:large","max-video-preview":"max-video-preview:-1"},"canonical":"https:\/\/www.ivinio.com\/fr\/produit\/domaine-roux-pere-fils-bourgogne-chardonnay-les-murelles\/","og_locale":"fr_FR","og_type":"article","og_title":"Domaine Roux P\u00e8re & fils Bourgogne Chardonnay \"Les Murelles\" - IVINIO Caviste","og_description":"Domaine Roux P\u00e8re & fils Bourgogne Chardonnay \"Les Murelles\". Compos\u00e9 de 100% de Chardonnay, livr\u00e9 \u00e0 la porte.","og_url":"https:\/\/www.ivinio.com\/fr\/produit\/domaine-roux-pere-fils-bourgogne-chardonnay-les-murelles\/","og_site_name":"IVINIO Caviste","article_publisher":"https:\/\/www.facebook.com\/groups\/165217837022391\/?ref=bookmarks","article_modified_time":"2026-03-25T16:11:37+00:00","og_image":[{"width":500,"height":500,"url":"https:\/\/www.ivinio.com\/wp-content\/uploads\/nc\/public\/modules\/file\/pictures\/5266.Roux-Bourgogne-les-Murelles.jpg","type":"image\/jpeg"}],"twitter_card":"summary_large_image","twitter_misc":{"Dur\u00e9e de lecture estim\u00e9e":"1 minute"},"schema":{"@context":"https:\/\/schema.org","@graph":[{"@type":"WebPage","@id":"https:\/\/www.ivinio.com\/fr\/produit\/domaine-roux-pere-fils-bourgogne-chardonnay-les-murelles\/","url":"https:\/\/www.ivinio.com\/fr\/produit\/domaine-roux-pere-fils-bourgogne-chardonnay-les-murelles\/","name":"Domaine Roux P\u00e8re & fils Bourgogne Chardonnay \"Les Murelles\" - IVINIO Caviste","isPartOf":{"@id":"https:\/\/www.ivinio.com\/fr\/#website"},"primaryImageOfPage":{"@id":"https:\/\/www.ivinio.com\/fr\/produit\/domaine-roux-pere-fils-bourgogne-chardonnay-les-murelles\/#primaryimage"},"image":{"@id":"https:\/\/www.ivinio.com\/fr\/produit\/domaine-roux-pere-fils-bourgogne-chardonnay-les-murelles\/#primaryimage"},"thumbnailUrl":"https:\/\/www.ivinio.com\/wp-content\/uploads\/nc\/public\/modules\/file\/pictures\/5266.Roux-Bourgogne-les-Murelles.jpg","datePublished":"2014-11-28T17:47:04+00:00","dateModified":"2026-03-25T16:11:37+00:00","description":"Domaine Roux P\u00e8re & fils Bourgogne Chardonnay \"Les Murelles\". Compos\u00e9 de 100% de Chardonnay, livr\u00e9 \u00e0 la porte.","breadcrumb":{"@id":"https:\/\/www.ivinio.com\/fr\/produit\/domaine-roux-pere-fils-bourgogne-chardonnay-les-murelles\/#breadcrumb"},"inLanguage":"fr-FR","potentialAction":[{"@type":"ReadAction","target":["https:\/\/www.ivinio.com\/fr\/produit\/domaine-roux-pere-fils-bourgogne-chardonnay-les-murelles\/"]}]},{"@type":"ImageObject","inLanguage":"fr-FR","@id":"https:\/\/www.ivinio.com\/fr\/produit\/domaine-roux-pere-fils-bourgogne-chardonnay-les-murelles\/#primaryimage","url":"https:\/\/www.ivinio.com\/wp-content\/uploads\/nc\/public\/modules\/file\/pictures\/5266.Roux-Bourgogne-les-Murelles.jpg","contentUrl":"https:\/\/www.ivinio.com\/wp-content\/uploads\/nc\/public\/modules\/file\/pictures\/5266.Roux-Bourgogne-les-Murelles.jpg","width":500,"height":500,"caption":"Domaine Roux P\u00e8re & fils Bourgogne Chardonnay \"Les Murelles\""},{"@type":"BreadcrumbList","@id":"https:\/\/www.ivinio.com\/fr\/produit\/domaine-roux-pere-fils-bourgogne-chardonnay-les-murelles\/#breadcrumb","itemListElement":[{"@type":"ListItem","position":1,"name":"Home","item":"https:\/\/www.ivinio.com\/fr\/"},{"@type":"ListItem","position":2,"name":"Boutique de vin","item":"https:\/\/www.ivinio.com\/fr\/boutique-de-vin\/"},{"@type":"ListItem","position":3,"name":"Domaine Roux P\u00e8re &#038; fils Bourgogne Chardonnay &#8220;Les Murelles&#8221;"}]},{"@type":"WebSite","@id":"https:\/\/www.ivinio.com\/fr\/#website","url":"https:\/\/www.ivinio.com\/fr\/","name":"IVINIO Caviste","description":"Vins de France et d&#039;Italie avec livraison \u00e0 domicile","publisher":{"@id":"https:\/\/www.ivinio.com\/fr\/#organization"},"potentialAction":[{"@type":"SearchAction","target":{"@type":"EntryPoint","urlTemplate":"https:\/\/www.ivinio.com\/fr\/?s={search_term_string}"},"query-input":{"@type":"PropertyValueSpecification","valueRequired":true,"valueName":"search_term_string"}}],"inLanguage":"fr-FR"},{"@type":"Organization","@id":"https:\/\/www.ivinio.com\/fr\/#organization","name":"IVINIO","url":"https:\/\/www.ivinio.com\/fr\/","logo":{"@type":"ImageObject","inLanguage":"fr-FR","@id":"https:\/\/www.ivinio.com\/fr\/#\/schema\/logo\/image\/","url":"https:\/\/www.ivinio.com\/wp-content\/uploads\/2021\/01\/Logo-Ivinio-v2.jpg","contentUrl":"https:\/\/www.ivinio.com\/wp-content\/uploads\/2021\/01\/Logo-Ivinio-v2.jpg","width":1194,"height":1194,"caption":"IVINIO"},"image":{"@id":"https:\/\/www.ivinio.com\/fr\/#\/schema\/logo\/image\/"},"sameAs":["https:\/\/www.facebook.com\/groups\/165217837022391\/?ref=bookmarks","https:\/\/www.instagram.com\/_ivinio_\/?hl=fr"]}]}},"jetpack_sharing_enabled":true,"_links":{"self":[{"href":"https:\/\/www.ivinio.com\/fr\/wp-json\/wp\/v2\/product\/118933","targetHints":{"allow":["GET"]}}],"collection":[{"href":"https:\/\/www.ivinio.com\/fr\/wp-json\/wp\/v2\/product"}],"about":[{"href":"https:\/\/www.ivinio.com\/fr\/wp-json\/wp\/v2\/types\/product"}],"replies":[{"embeddable":true,"href":"https:\/\/www.ivinio.com\/fr\/wp-json\/wp\/v2\/comments?post=118933"}],"wp:featuredmedia":[{"embeddable":true,"href":"https:\/\/www.ivinio.com\/fr\/wp-json\/wp\/v2\/media\/130624"}],"wp:attachment":[{"href":"https:\/\/www.ivinio.com\/fr\/wp-json\/wp\/v2\/media?parent=118933"}],"wp:term":[{"taxonomy":"product_brand","embeddable":true,"href":"https:\/\/www.ivinio.com\/fr\/wp-json\/wp\/v2\/product_brand?post=118933"},{"taxonomy":"product_cat","embeddable":true,"href":"https:\/\/www.ivinio.com\/fr\/wp-json\/wp\/v2\/product_cat?post=118933"},{"taxonomy":"product_tag","embeddable":true,"href":"https:\/\/www.ivinio.com\/fr\/wp-json\/wp\/v2\/product_tag?post=118933"}],"curies":[{"name":"wp","href":"https:\/\/api.w.org\/{rel}","templated":true}]}}