{"id":118913,"date":"2014-11-25T13:05:20","date_gmt":"2014-11-25T13:05:20","guid":{"rendered":"https:\/\/henrik.www.ivinio.com\/?product=domaine-louis-brochet-pack-degustation-de-3x2-bouteilles"},"modified":"2022-08-03T19:30:51","modified_gmt":"2022-08-03T17:30:51","slug":"domaine-louis-brochet-pack-degustation-de-3x2-bouteilles","status":"publish","type":"product","link":"https:\/\/www.ivinio.com\/fr\/produit\/domaine-louis-brochet-pack-degustation-de-3x2-bouteilles\/","title":{"rendered":"Domaine Louis Brochet &#8211; Pack d\u00e9gustation de 3&#215;2 bouteilles"},"content":{"rendered":"<p>C&#8217;est un carton de\u00a0champagnes m\u00e9lang\u00e9s du\u00a0Domaine Louis Brochet. Ceci s&#8217;adresse aux\u00a0amateurs de champagne \u00e9clair\u00e9s qui d\u00e9sirent faire un vraie d\u00e9gustation des diff\u00e9rentes vari\u00e9t\u00e9s du Domaine Brochet.<\/p>\n","protected":false},"excerpt":{"rendered":"<p>Un carton d\u00e9gustation de trois Champagnes diff\u00e9rents du\u00a0Domaine Louis Brochet qui regroupent\u00a0toutes les occasions de d\u00e9guster les bulles magiques !<\/p>\n","protected":false},"featured_media":126522,"comment_status":"open","ping_status":"closed","template":"","meta":{"_monsterinsights_skip_tracking":false,"_monsterinsights_sitenote_active":false,"_monsterinsights_sitenote_note":"","_monsterinsights_sitenote_category":0,"_uf_show_specific_survey":0,"_uf_disable_surveys":false},"product_brand":[],"product_cat":[36643],"product_tag":[],"class_list":{"0":"post-118913","1":"product","2":"type-product","3":"status-publish","4":"has-post-thumbnail","6":"product_cat-ronde-des-vins","7":"pa_alcohol-degree-40057","8":"pa_classification-aop-champagne-fr","9":"pa_color-mousseux-fr","10":"pa_country-france-fr","11":"pa_grape-variety-chardonnay-fr","12":"pa_grape-variety-pinot-meunier-fr","13":"pa_grape-variety-pinot-noir-fr","14":"pa_package-1x1-fr","15":"pa_package-1x6-fr","16":"pa_region-champagne-fr","17":"pa_volume-75-cl-fr","19":"first","20":"instock","21":"taxable","22":"shipping-taxable","23":"purchasable","24":"product-type-bundle"},"bundled_by":[],"bundle_stock_status":"instock","bundle_stock_quantity":"","bundle_virtual":false,"bundle_layout":"grid","bundle_add_to_cart_form_location":"after_summary","bundle_editable_in_cart":false,"bundle_sold_individually_context":"product","bundle_item_grouping":"noindent","bundle_min_size":"","bundle_max_size":"","bundle_price":{"price":{"min":{"incl_tax":"190","excl_tax":"190"},"max":{"incl_tax":"190","excl_tax":"190"}},"regular_price":{"min":{"incl_tax":"190","excl_tax":"190"},"max":{"incl_tax":"190","excl_tax":"190"}}},"bundled_items":[{"bundled_item_id":8816,"product_id":117514,"menu_order":0,"quantity_min":2,"quantity_max":2,"quantity_default":2,"priced_individually":false,"shipped_individually":false,"override_title":false,"title":"Domaine Louis Brochet Brut 1er Cru &#8211; Blanc","override_description":false,"description":"Domaine Louis Brochet Brut 1er Cru &#8211; Blanc","optional":false,"hide_thumbnail":false,"discount":"","override_variations":true,"allowed_variations":[""],"override_default_variation_attributes":true,"default_variation_attributes":[],"single_product_visibility":"visible","cart_visibility":"hidden","order_visibility":"visible","single_product_price_visibility":"visible","cart_price_visibility":"visible","order_price_visibility":"visible","stock_status":"in_stock"},{"bundled_item_id":8817,"product_id":117532,"menu_order":1,"quantity_min":2,"quantity_max":2,"quantity_default":2,"priced_individually":false,"shipped_individually":false,"override_title":false,"title":"Champagne Louis Brochet &#8211; Brut Ros\u00e9","override_description":false,"description":"Champagne Louis Brochet &#8211; Brut Ros\u00e9","optional":false,"hide_thumbnail":false,"discount":"","override_variations":true,"allowed_variations":[122803],"override_default_variation_attributes":true,"default_variation_attributes":[{"id":223,"name":"Package :","option":"1x1-fr"}],"single_product_visibility":"visible","cart_visibility":"hidden","order_visibility":"visible","single_product_price_visibility":"visible","cart_price_visibility":"visible","order_price_visibility":"visible","stock_status":"in_stock"},{"bundled_item_id":8818,"product_id":117545,"menu_order":2,"quantity_min":2,"quantity_max":2,"quantity_default":2,"priced_individually":false,"shipped_individually":false,"override_title":false,"title":"Domaine Louis Brochet Mill\u00e9sime 2014","override_description":false,"description":"Domaine Louis Brochet Mill\u00e9sime 2014","optional":false,"hide_thumbnail":false,"discount":"","override_variations":true,"allowed_variations":[122807],"override_default_variation_attributes":true,"default_variation_attributes":[{"id":223,"name":"Package :","option":"1x1-fr"}],"single_product_visibility":"visible","cart_visibility":"hidden","order_visibility":"visible","single_product_price_visibility":"visible","cart_price_visibility":"visible","order_price_visibility":"visible","stock_status":"in_stock"}],"bundle_sell_ids":[],"yoast_head":"<!-- This site is optimized with the Yoast SEO plugin v27.5 - https:\/\/yoast.com\/product\/yoast-seo-wordpress\/ -->\n<title>Achat Domaine Louis Brochet - carton Champagne m\u00e9lang\u00e9 - IVINIO Caviste<\/title>\n<meta name=\"description\" content=\"Achat Domaine Louis Brochet - carton Champagne m\u00e9lang\u00e9. 3 champagnes diff\u00e9rents du Domaine Louis Brochet - livr\u00e9 rapidement \u00e0 votre porte !!!\" \/>\n<meta name=\"robots\" content=\"index, follow, max-snippet:-1, max-image-preview:large, max-video-preview:-1\" \/>\n<link rel=\"canonical\" href=\"https:\/\/www.ivinio.com\/fr\/produit\/domaine-louis-brochet-pack-degustation-de-3x2-bouteilles\/\" \/>\n<meta property=\"og:locale\" content=\"fr_FR\" \/>\n<meta property=\"og:type\" content=\"article\" \/>\n<meta property=\"og:title\" content=\"Achat Domaine Louis Brochet - carton Champagne m\u00e9lang\u00e9 - IVINIO Caviste\" \/>\n<meta property=\"og:description\" content=\"Achat Domaine Louis Brochet - carton Champagne m\u00e9lang\u00e9. 3 champagnes diff\u00e9rents du Domaine Louis Brochet - livr\u00e9 rapidement \u00e0 votre porte !!!\" \/>\n<meta property=\"og:url\" content=\"https:\/\/www.ivinio.com\/fr\/produit\/domaine-louis-brochet-pack-degustation-de-3x2-bouteilles\/\" \/>\n<meta property=\"og:site_name\" content=\"IVINIO Caviste\" \/>\n<meta property=\"article:publisher\" content=\"https:\/\/www.facebook.com\/groups\/165217837022391\/?ref=bookmarks\" \/>\n<meta property=\"article:modified_time\" content=\"2022-08-03T17:30:51+00:00\" \/>\n<meta property=\"og:image\" content=\"https:\/\/www.ivinio.com\/wp-content\/uploads\/nc\/public\/modules\/file\/pictures\/7141.Champagnes-louis-brochet-mix-IVINIO.jpg\" \/>\n\t<meta property=\"og:image:width\" content=\"500\" \/>\n\t<meta property=\"og:image:height\" content=\"500\" \/>\n\t<meta property=\"og:image:type\" content=\"image\/jpeg\" \/>\n<meta name=\"twitter:card\" content=\"summary_large_image\" \/>\n<script type=\"application\/ld+json\" class=\"yoast-schema-graph\">{\"@context\":\"https:\\\/\\\/schema.org\",\"@graph\":[{\"@type\":\"WebPage\",\"@id\":\"https:\\\/\\\/www.ivinio.com\\\/fr\\\/produit\\\/domaine-louis-brochet-pack-degustation-de-3x2-bouteilles\\\/\",\"url\":\"https:\\\/\\\/www.ivinio.com\\\/fr\\\/produit\\\/domaine-louis-brochet-pack-degustation-de-3x2-bouteilles\\\/\",\"name\":\"Achat Domaine Louis Brochet - carton Champagne m\u00e9lang\u00e9 - IVINIO Caviste\",\"isPartOf\":{\"@id\":\"https:\\\/\\\/www.ivinio.com\\\/fr\\\/#website\"},\"primaryImageOfPage\":{\"@id\":\"https:\\\/\\\/www.ivinio.com\\\/fr\\\/produit\\\/domaine-louis-brochet-pack-degustation-de-3x2-bouteilles\\\/#primaryimage\"},\"image\":{\"@id\":\"https:\\\/\\\/www.ivinio.com\\\/fr\\\/produit\\\/domaine-louis-brochet-pack-degustation-de-3x2-bouteilles\\\/#primaryimage\"},\"thumbnailUrl\":\"https:\\\/\\\/www.ivinio.com\\\/wp-content\\\/uploads\\\/nc\\\/public\\\/modules\\\/file\\\/pictures\\\/7141.Champagnes-louis-brochet-mix-IVINIO.jpg\",\"datePublished\":\"2014-11-25T13:05:20+00:00\",\"dateModified\":\"2022-08-03T17:30:51+00:00\",\"description\":\"Achat Domaine Louis Brochet - carton Champagne m\u00e9lang\u00e9. 3 champagnes diff\u00e9rents du Domaine Louis Brochet - livr\u00e9 rapidement \u00e0 votre porte !!!\",\"breadcrumb\":{\"@id\":\"https:\\\/\\\/www.ivinio.com\\\/fr\\\/produit\\\/domaine-louis-brochet-pack-degustation-de-3x2-bouteilles\\\/#breadcrumb\"},\"inLanguage\":\"fr-FR\",\"potentialAction\":[{\"@type\":\"ReadAction\",\"target\":[\"https:\\\/\\\/www.ivinio.com\\\/fr\\\/produit\\\/domaine-louis-brochet-pack-degustation-de-3x2-bouteilles\\\/\"]}]},{\"@type\":\"ImageObject\",\"inLanguage\":\"fr-FR\",\"@id\":\"https:\\\/\\\/www.ivinio.com\\\/fr\\\/produit\\\/domaine-louis-brochet-pack-degustation-de-3x2-bouteilles\\\/#primaryimage\",\"url\":\"https:\\\/\\\/www.ivinio.com\\\/wp-content\\\/uploads\\\/nc\\\/public\\\/modules\\\/file\\\/pictures\\\/7141.Champagnes-louis-brochet-mix-IVINIO.jpg\",\"contentUrl\":\"https:\\\/\\\/www.ivinio.com\\\/wp-content\\\/uploads\\\/nc\\\/public\\\/modules\\\/file\\\/pictures\\\/7141.Champagnes-louis-brochet-mix-IVINIO.jpg\",\"width\":500,\"height\":500},{\"@type\":\"BreadcrumbList\",\"@id\":\"https:\\\/\\\/www.ivinio.com\\\/fr\\\/produit\\\/domaine-louis-brochet-pack-degustation-de-3x2-bouteilles\\\/#breadcrumb\",\"itemListElement\":[{\"@type\":\"ListItem\",\"position\":1,\"name\":\"Home\",\"item\":\"https:\\\/\\\/www.ivinio.com\\\/fr\\\/\"},{\"@type\":\"ListItem\",\"position\":2,\"name\":\"Boutique de vin\",\"item\":\"https:\\\/\\\/www.ivinio.com\\\/fr\\\/boutique-de-vin\\\/\"},{\"@type\":\"ListItem\",\"position\":3,\"name\":\"Domaine Louis Brochet &#8211; Pack d\u00e9gustation de 3&#215;2 bouteilles\"}]},{\"@type\":\"WebSite\",\"@id\":\"https:\\\/\\\/www.ivinio.com\\\/fr\\\/#website\",\"url\":\"https:\\\/\\\/www.ivinio.com\\\/fr\\\/\",\"name\":\"IVINIO Caviste\",\"description\":\"Vins de France et d&#039;Italie avec livraison \u00e0 domicile\",\"publisher\":{\"@id\":\"https:\\\/\\\/www.ivinio.com\\\/fr\\\/#organization\"},\"potentialAction\":[{\"@type\":\"SearchAction\",\"target\":{\"@type\":\"EntryPoint\",\"urlTemplate\":\"https:\\\/\\\/www.ivinio.com\\\/fr\\\/?s={search_term_string}\"},\"query-input\":{\"@type\":\"PropertyValueSpecification\",\"valueRequired\":true,\"valueName\":\"search_term_string\"}}],\"inLanguage\":\"fr-FR\"},{\"@type\":\"Organization\",\"@id\":\"https:\\\/\\\/www.ivinio.com\\\/fr\\\/#organization\",\"name\":\"IVINIO\",\"url\":\"https:\\\/\\\/www.ivinio.com\\\/fr\\\/\",\"logo\":{\"@type\":\"ImageObject\",\"inLanguage\":\"fr-FR\",\"@id\":\"https:\\\/\\\/www.ivinio.com\\\/fr\\\/#\\\/schema\\\/logo\\\/image\\\/\",\"url\":\"https:\\\/\\\/www.ivinio.com\\\/wp-content\\\/uploads\\\/2021\\\/01\\\/Logo-Ivinio-v2.jpg\",\"contentUrl\":\"https:\\\/\\\/www.ivinio.com\\\/wp-content\\\/uploads\\\/2021\\\/01\\\/Logo-Ivinio-v2.jpg\",\"width\":1194,\"height\":1194,\"caption\":\"IVINIO\"},\"image\":{\"@id\":\"https:\\\/\\\/www.ivinio.com\\\/fr\\\/#\\\/schema\\\/logo\\\/image\\\/\"},\"sameAs\":[\"https:\\\/\\\/www.facebook.com\\\/groups\\\/165217837022391\\\/?ref=bookmarks\",\"https:\\\/\\\/www.instagram.com\\\/_ivinio_\\\/?hl=fr\"]}]}<\/script>\n<!-- \/ Yoast SEO plugin. -->","yoast_head_json":{"title":"Achat Domaine Louis Brochet - carton Champagne m\u00e9lang\u00e9 - IVINIO Caviste","description":"Achat Domaine Louis Brochet - carton Champagne m\u00e9lang\u00e9. 3 champagnes diff\u00e9rents du Domaine Louis Brochet - livr\u00e9 rapidement \u00e0 votre porte !!!","robots":{"index":"index","follow":"follow","max-snippet":"max-snippet:-1","max-image-preview":"max-image-preview:large","max-video-preview":"max-video-preview:-1"},"canonical":"https:\/\/www.ivinio.com\/fr\/produit\/domaine-louis-brochet-pack-degustation-de-3x2-bouteilles\/","og_locale":"fr_FR","og_type":"article","og_title":"Achat Domaine Louis Brochet - carton Champagne m\u00e9lang\u00e9 - IVINIO Caviste","og_description":"Achat Domaine Louis Brochet - carton Champagne m\u00e9lang\u00e9. 3 champagnes diff\u00e9rents du Domaine Louis Brochet - livr\u00e9 rapidement \u00e0 votre porte !!!","og_url":"https:\/\/www.ivinio.com\/fr\/produit\/domaine-louis-brochet-pack-degustation-de-3x2-bouteilles\/","og_site_name":"IVINIO Caviste","article_publisher":"https:\/\/www.facebook.com\/groups\/165217837022391\/?ref=bookmarks","article_modified_time":"2022-08-03T17:30:51+00:00","og_image":[{"width":500,"height":500,"url":"https:\/\/www.ivinio.com\/wp-content\/uploads\/nc\/public\/modules\/file\/pictures\/7141.Champagnes-louis-brochet-mix-IVINIO.jpg","type":"image\/jpeg"}],"twitter_card":"summary_large_image","schema":{"@context":"https:\/\/schema.org","@graph":[{"@type":"WebPage","@id":"https:\/\/www.ivinio.com\/fr\/produit\/domaine-louis-brochet-pack-degustation-de-3x2-bouteilles\/","url":"https:\/\/www.ivinio.com\/fr\/produit\/domaine-louis-brochet-pack-degustation-de-3x2-bouteilles\/","name":"Achat Domaine Louis Brochet - carton Champagne m\u00e9lang\u00e9 - IVINIO Caviste","isPartOf":{"@id":"https:\/\/www.ivinio.com\/fr\/#website"},"primaryImageOfPage":{"@id":"https:\/\/www.ivinio.com\/fr\/produit\/domaine-louis-brochet-pack-degustation-de-3x2-bouteilles\/#primaryimage"},"image":{"@id":"https:\/\/www.ivinio.com\/fr\/produit\/domaine-louis-brochet-pack-degustation-de-3x2-bouteilles\/#primaryimage"},"thumbnailUrl":"https:\/\/www.ivinio.com\/wp-content\/uploads\/nc\/public\/modules\/file\/pictures\/7141.Champagnes-louis-brochet-mix-IVINIO.jpg","datePublished":"2014-11-25T13:05:20+00:00","dateModified":"2022-08-03T17:30:51+00:00","description":"Achat Domaine Louis Brochet - carton Champagne m\u00e9lang\u00e9. 3 champagnes diff\u00e9rents du Domaine Louis Brochet - livr\u00e9 rapidement \u00e0 votre porte !!!","breadcrumb":{"@id":"https:\/\/www.ivinio.com\/fr\/produit\/domaine-louis-brochet-pack-degustation-de-3x2-bouteilles\/#breadcrumb"},"inLanguage":"fr-FR","potentialAction":[{"@type":"ReadAction","target":["https:\/\/www.ivinio.com\/fr\/produit\/domaine-louis-brochet-pack-degustation-de-3x2-bouteilles\/"]}]},{"@type":"ImageObject","inLanguage":"fr-FR","@id":"https:\/\/www.ivinio.com\/fr\/produit\/domaine-louis-brochet-pack-degustation-de-3x2-bouteilles\/#primaryimage","url":"https:\/\/www.ivinio.com\/wp-content\/uploads\/nc\/public\/modules\/file\/pictures\/7141.Champagnes-louis-brochet-mix-IVINIO.jpg","contentUrl":"https:\/\/www.ivinio.com\/wp-content\/uploads\/nc\/public\/modules\/file\/pictures\/7141.Champagnes-louis-brochet-mix-IVINIO.jpg","width":500,"height":500},{"@type":"BreadcrumbList","@id":"https:\/\/www.ivinio.com\/fr\/produit\/domaine-louis-brochet-pack-degustation-de-3x2-bouteilles\/#breadcrumb","itemListElement":[{"@type":"ListItem","position":1,"name":"Home","item":"https:\/\/www.ivinio.com\/fr\/"},{"@type":"ListItem","position":2,"name":"Boutique de vin","item":"https:\/\/www.ivinio.com\/fr\/boutique-de-vin\/"},{"@type":"ListItem","position":3,"name":"Domaine Louis Brochet &#8211; Pack d\u00e9gustation de 3&#215;2 bouteilles"}]},{"@type":"WebSite","@id":"https:\/\/www.ivinio.com\/fr\/#website","url":"https:\/\/www.ivinio.com\/fr\/","name":"IVINIO Caviste","description":"Vins de France et d&#039;Italie avec livraison \u00e0 domicile","publisher":{"@id":"https:\/\/www.ivinio.com\/fr\/#organization"},"potentialAction":[{"@type":"SearchAction","target":{"@type":"EntryPoint","urlTemplate":"https:\/\/www.ivinio.com\/fr\/?s={search_term_string}"},"query-input":{"@type":"PropertyValueSpecification","valueRequired":true,"valueName":"search_term_string"}}],"inLanguage":"fr-FR"},{"@type":"Organization","@id":"https:\/\/www.ivinio.com\/fr\/#organization","name":"IVINIO","url":"https:\/\/www.ivinio.com\/fr\/","logo":{"@type":"ImageObject","inLanguage":"fr-FR","@id":"https:\/\/www.ivinio.com\/fr\/#\/schema\/logo\/image\/","url":"https:\/\/www.ivinio.com\/wp-content\/uploads\/2021\/01\/Logo-Ivinio-v2.jpg","contentUrl":"https:\/\/www.ivinio.com\/wp-content\/uploads\/2021\/01\/Logo-Ivinio-v2.jpg","width":1194,"height":1194,"caption":"IVINIO"},"image":{"@id":"https:\/\/www.ivinio.com\/fr\/#\/schema\/logo\/image\/"},"sameAs":["https:\/\/www.facebook.com\/groups\/165217837022391\/?ref=bookmarks","https:\/\/www.instagram.com\/_ivinio_\/?hl=fr"]}]}},"jetpack_sharing_enabled":true,"_links":{"self":[{"href":"https:\/\/www.ivinio.com\/fr\/wp-json\/wp\/v2\/product\/118913","targetHints":{"allow":["GET"]}}],"collection":[{"href":"https:\/\/www.ivinio.com\/fr\/wp-json\/wp\/v2\/product"}],"about":[{"href":"https:\/\/www.ivinio.com\/fr\/wp-json\/wp\/v2\/types\/product"}],"replies":[{"embeddable":true,"href":"https:\/\/www.ivinio.com\/fr\/wp-json\/wp\/v2\/comments?post=118913"}],"wp:featuredmedia":[{"embeddable":true,"href":"https:\/\/www.ivinio.com\/fr\/wp-json\/wp\/v2\/media\/126522"}],"wp:attachment":[{"href":"https:\/\/www.ivinio.com\/fr\/wp-json\/wp\/v2\/media?parent=118913"}],"wp:term":[{"taxonomy":"product_brand","embeddable":true,"href":"https:\/\/www.ivinio.com\/fr\/wp-json\/wp\/v2\/product_brand?post=118913"},{"taxonomy":"product_cat","embeddable":true,"href":"https:\/\/www.ivinio.com\/fr\/wp-json\/wp\/v2\/product_cat?post=118913"},{"taxonomy":"product_tag","embeddable":true,"href":"https:\/\/www.ivinio.com\/fr\/wp-json\/wp\/v2\/product_tag?post=118913"}],"curies":[{"name":"wp","href":"https:\/\/api.w.org\/{rel}","templated":true}]}}