{"id":118814,"date":"2014-10-28T18:52:39","date_gmt":"2014-10-28T18:52:39","guid":{"rendered":"https:\/\/henrik.www.ivinio.com\/?product=chateau-la-mascaronne-carton-decouverte-3x2-bouteilles"},"modified":"2020-12-09T04:38:50","modified_gmt":"2020-12-09T04:38:50","slug":"chateau-la-mascaronne-carton-decouverte-3x2-bouteilles","status":"publish","type":"product","link":"https:\/\/www.ivinio.com\/fr\/produit\/chateau-la-mascaronne-carton-decouverte-3x2-bouteilles\/","title":{"rendered":"Chateau La Mascaronne &#8211; carton d\u00e9couverte 3&#215;2 bouteilles"},"content":{"rendered":"<p>Le domaine la Mascaronne est situ&eacute; au Luc dans le Var &agrave; environ 30 km de la c&ocirc;te m&eacute;diterran&eacute;enne.&nbsp;Le vignoble appartient &agrave; Tom Bove, un am&eacute;ricain de l&#39;Indiana qui &eacute;tait propri&eacute;taire du ch&acirc;teau Miraval, domaine viticole qu&rsquo;il a vendu au couple mythique Brad Pitt \/ Angelina Jolie il y a quelques ann&eacute;es.&nbsp;Avec le &nbsp;Domaine la Mascaronne, il a opt&eacute; pour la qualit&eacute; au d&eacute;triment de la quantit&eacute;.&nbsp;<\/p>\n","protected":false},"excerpt":{"rendered":"<p>D&eacute;couvrez toute la gamme &quot;Guy da Nine&quot; du Chateau La Mascaronne &agrave; travers son rouge, son blanc &amp; son ros&eacute; de garde!<\/p>\n","protected":false},"featured_media":118817,"comment_status":"open","ping_status":"closed","template":"","meta":{"_monsterinsights_skip_tracking":false,"_monsterinsights_sitenote_active":false,"_monsterinsights_sitenote_note":"","_monsterinsights_sitenote_category":0,"_uf_show_specific_survey":0,"_uf_disable_surveys":false},"product_brand":[],"product_cat":[36643],"product_tag":[],"class_list":{"0":"post-118814","1":"product","2":"type-product","3":"status-publish","4":"has-post-thumbnail","6":"product_cat-ronde-des-vins","7":"pa_classification-aop-cotes-de-provence-fr","8":"pa_package-1x1-fr","9":"pa_package-1x6-fr","10":"pa_vintage-2015-fr","11":"pa_vintage-2017-fr","13":"first","14":"outofstock","15":"taxable","16":"shipping-taxable","17":"purchasable","18":"product-type-bundle"},"bundled_by":[],"bundle_stock_status":"outofstock","bundle_stock_quantity":0,"bundle_virtual":false,"bundle_layout":"grid","bundle_add_to_cart_form_location":"after_summary","bundle_editable_in_cart":false,"bundle_sold_individually_context":"product","bundle_item_grouping":"noindent","bundle_min_size":"","bundle_max_size":"","bundle_price":{"price":{"min":{"incl_tax":"136.7","excl_tax":"136.666667"},"max":{"incl_tax":"136.7","excl_tax":"136.666667"}},"regular_price":{"min":{"incl_tax":"136.7","excl_tax":"136.666667"},"max":{"incl_tax":"136.7","excl_tax":"136.666667"}}},"bundled_items":[{"bundled_item_id":8548,"product_id":118789,"menu_order":0,"quantity_min":1,"quantity_max":1,"quantity_default":1,"priced_individually":false,"shipped_individually":false,"override_title":false,"title":"Ch\u00e2teau La Mascaronne &#8220;Cuv\u00e9e Guy da Nine&#8221; &#8211; Ros\u00e9","override_description":false,"description":"Ch\u00e2teau La Mascaronne &#8220;Cuv\u00e9e Guy da Nine&#8221; &#8211; Ros\u00e9","optional":false,"hide_thumbnail":false,"discount":"","override_variations":true,"allowed_variations":[""],"override_default_variation_attributes":true,"default_variation_attributes":[],"single_product_visibility":"visible","cart_visibility":"hidden","order_visibility":"visible","single_product_price_visibility":"visible","cart_price_visibility":"visible","order_price_visibility":"visible","stock_status":"out_of_stock"},{"bundled_item_id":8549,"product_id":118797,"menu_order":1,"quantity_min":1,"quantity_max":1,"quantity_default":1,"priced_individually":false,"shipped_individually":false,"override_title":false,"title":"Ch\u00e2teau La Mascaronne &#8220;Cuv\u00e9e Guy da Nine&#8221; &#8211; Rouge","override_description":false,"description":"Ch\u00e2teau La Mascaronne &#8220;Cuv\u00e9e Guy da Nine&#8221; &#8211; Rouge","optional":false,"hide_thumbnail":false,"discount":"","override_variations":true,"allowed_variations":[122867],"override_default_variation_attributes":true,"default_variation_attributes":[{"id":223,"name":"Package :","option":"1x1-fr"}],"single_product_visibility":"visible","cart_visibility":"hidden","order_visibility":"visible","single_product_price_visibility":"visible","cart_price_visibility":"visible","order_price_visibility":"visible","stock_status":"out_of_stock"},{"bundled_item_id":8550,"product_id":118793,"menu_order":2,"quantity_min":1,"quantity_max":1,"quantity_default":1,"priced_individually":false,"shipped_individually":false,"override_title":false,"title":"Ch\u00e2teau La Mascaronne &#8220;Cuv\u00e9e Guy da Nine&#8221; &#8211; Blanc","override_description":false,"description":"Ch\u00e2teau La Mascaronne &#8220;Cuv\u00e9e Guy da Nine&#8221; &#8211; Blanc","optional":false,"hide_thumbnail":false,"discount":"","override_variations":true,"allowed_variations":[""],"override_default_variation_attributes":true,"default_variation_attributes":[],"single_product_visibility":"visible","cart_visibility":"hidden","order_visibility":"visible","single_product_price_visibility":"visible","cart_price_visibility":"visible","order_price_visibility":"visible","stock_status":"out_of_stock"}],"bundle_sell_ids":[],"yoast_head":"<!-- This site is optimized with the Yoast SEO plugin v27.4 - https:\/\/yoast.com\/product\/yoast-seo-wordpress\/ -->\n<title>Chateau La Mascaronne - Guy da Nine - carton d\u00e9couverte - acheter du vin en ligne - boutique de vin en ligne Ivinio.com<\/title>\n<meta name=\"description\" content=\"Le domaine la Mascaronne est situ\u00e9 au Luc dans le Var \u00e0 environ 30 km de la c\u00f4te m\u00e9diterran\u00e9enne. Le vignoble appartient \u00e0 Tom Bove, un am\u00e9ricain de l&#039;Indiana qui \u00e9tait propri\u00e9taire du ch\u00e2teau Miraval.\" \/>\n<meta name=\"robots\" content=\"index, follow, max-snippet:-1, max-image-preview:large, max-video-preview:-1\" \/>\n<link rel=\"canonical\" href=\"https:\/\/www.ivinio.com\/fr\/produit\/chateau-la-mascaronne-carton-decouverte-3x2-bouteilles\/\" \/>\n<meta property=\"og:locale\" content=\"fr_FR\" \/>\n<meta property=\"og:type\" content=\"article\" \/>\n<meta property=\"og:title\" content=\"Chateau La Mascaronne - Guy da Nine - carton d\u00e9couverte - acheter du vin en ligne - boutique de vin en ligne Ivinio.com\" \/>\n<meta property=\"og:description\" content=\"Le domaine la Mascaronne est situ\u00e9 au Luc dans le Var \u00e0 environ 30 km de la c\u00f4te m\u00e9diterran\u00e9enne. Le vignoble appartient \u00e0 Tom Bove, un am\u00e9ricain de l&#039;Indiana qui \u00e9tait propri\u00e9taire du ch\u00e2teau Miraval.\" \/>\n<meta property=\"og:url\" content=\"https:\/\/www.ivinio.com\/fr\/produit\/chateau-la-mascaronne-carton-decouverte-3x2-bouteilles\/\" \/>\n<meta property=\"og:site_name\" content=\"IVINIO Caviste\" \/>\n<meta property=\"article:publisher\" content=\"https:\/\/www.facebook.com\/groups\/165217837022391\/?ref=bookmarks\" \/>\n<meta property=\"article:modified_time\" content=\"2020-12-09T04:38:50+00:00\" \/>\n<meta property=\"og:image\" content=\"https:\/\/www.ivinio.com\/wp-content\/uploads\/nc\/public\/modules\/file\/pictures\/5174.mascaronneguydaninegamme500.jpg\" \/>\n\t<meta property=\"og:image:width\" content=\"500\" \/>\n\t<meta property=\"og:image:height\" content=\"500\" \/>\n\t<meta property=\"og:image:type\" content=\"image\/jpeg\" \/>\n<meta name=\"twitter:card\" content=\"summary_large_image\" \/>\n<script type=\"application\/ld+json\" class=\"yoast-schema-graph\">{\"@context\":\"https:\\\/\\\/schema.org\",\"@graph\":[{\"@type\":\"WebPage\",\"@id\":\"https:\\\/\\\/www.ivinio.com\\\/fr\\\/produit\\\/chateau-la-mascaronne-carton-decouverte-3x2-bouteilles\\\/\",\"url\":\"https:\\\/\\\/www.ivinio.com\\\/fr\\\/produit\\\/chateau-la-mascaronne-carton-decouverte-3x2-bouteilles\\\/\",\"name\":\"Chateau La Mascaronne - Guy da Nine - carton d\u00e9couverte - acheter du vin en ligne - boutique de vin en ligne Ivinio.com\",\"isPartOf\":{\"@id\":\"https:\\\/\\\/www.ivinio.com\\\/fr\\\/#website\"},\"primaryImageOfPage\":{\"@id\":\"https:\\\/\\\/www.ivinio.com\\\/fr\\\/produit\\\/chateau-la-mascaronne-carton-decouverte-3x2-bouteilles\\\/#primaryimage\"},\"image\":{\"@id\":\"https:\\\/\\\/www.ivinio.com\\\/fr\\\/produit\\\/chateau-la-mascaronne-carton-decouverte-3x2-bouteilles\\\/#primaryimage\"},\"thumbnailUrl\":\"https:\\\/\\\/www.ivinio.com\\\/wp-content\\\/uploads\\\/nc\\\/public\\\/modules\\\/file\\\/pictures\\\/5174.mascaronneguydaninegamme500.jpg\",\"datePublished\":\"2014-10-28T18:52:39+00:00\",\"dateModified\":\"2020-12-09T04:38:50+00:00\",\"description\":\"Le domaine la Mascaronne est situ\u00e9 au Luc dans le Var \u00e0 environ 30 km de la c\u00f4te m\u00e9diterran\u00e9enne. Le vignoble appartient \u00e0 Tom Bove, un am\u00e9ricain de l'Indiana qui \u00e9tait propri\u00e9taire du ch\u00e2teau Miraval.\",\"breadcrumb\":{\"@id\":\"https:\\\/\\\/www.ivinio.com\\\/fr\\\/produit\\\/chateau-la-mascaronne-carton-decouverte-3x2-bouteilles\\\/#breadcrumb\"},\"inLanguage\":\"fr-FR\",\"potentialAction\":[{\"@type\":\"ReadAction\",\"target\":[\"https:\\\/\\\/www.ivinio.com\\\/fr\\\/produit\\\/chateau-la-mascaronne-carton-decouverte-3x2-bouteilles\\\/\"]}]},{\"@type\":\"ImageObject\",\"inLanguage\":\"fr-FR\",\"@id\":\"https:\\\/\\\/www.ivinio.com\\\/fr\\\/produit\\\/chateau-la-mascaronne-carton-decouverte-3x2-bouteilles\\\/#primaryimage\",\"url\":\"https:\\\/\\\/www.ivinio.com\\\/wp-content\\\/uploads\\\/nc\\\/public\\\/modules\\\/file\\\/pictures\\\/5174.mascaronneguydaninegamme500.jpg\",\"contentUrl\":\"https:\\\/\\\/www.ivinio.com\\\/wp-content\\\/uploads\\\/nc\\\/public\\\/modules\\\/file\\\/pictures\\\/5174.mascaronneguydaninegamme500.jpg\",\"width\":500,\"height\":500},{\"@type\":\"BreadcrumbList\",\"@id\":\"https:\\\/\\\/www.ivinio.com\\\/fr\\\/produit\\\/chateau-la-mascaronne-carton-decouverte-3x2-bouteilles\\\/#breadcrumb\",\"itemListElement\":[{\"@type\":\"ListItem\",\"position\":1,\"name\":\"Home\",\"item\":\"https:\\\/\\\/www.ivinio.com\\\/fr\\\/\"},{\"@type\":\"ListItem\",\"position\":2,\"name\":\"Boutique de vin\",\"item\":\"https:\\\/\\\/www.ivinio.com\\\/fr\\\/boutique-de-vin\\\/\"},{\"@type\":\"ListItem\",\"position\":3,\"name\":\"Chateau La Mascaronne &#8211; carton d\u00e9couverte 3&#215;2 bouteilles\"}]},{\"@type\":\"WebSite\",\"@id\":\"https:\\\/\\\/www.ivinio.com\\\/fr\\\/#website\",\"url\":\"https:\\\/\\\/www.ivinio.com\\\/fr\\\/\",\"name\":\"IVINIO Caviste\",\"description\":\"Vins de France et d&#039;Italie avec livraison \u00e0 domicile\",\"publisher\":{\"@id\":\"https:\\\/\\\/www.ivinio.com\\\/fr\\\/#organization\"},\"potentialAction\":[{\"@type\":\"SearchAction\",\"target\":{\"@type\":\"EntryPoint\",\"urlTemplate\":\"https:\\\/\\\/www.ivinio.com\\\/fr\\\/?s={search_term_string}\"},\"query-input\":{\"@type\":\"PropertyValueSpecification\",\"valueRequired\":true,\"valueName\":\"search_term_string\"}}],\"inLanguage\":\"fr-FR\"},{\"@type\":\"Organization\",\"@id\":\"https:\\\/\\\/www.ivinio.com\\\/fr\\\/#organization\",\"name\":\"IVINIO\",\"url\":\"https:\\\/\\\/www.ivinio.com\\\/fr\\\/\",\"logo\":{\"@type\":\"ImageObject\",\"inLanguage\":\"fr-FR\",\"@id\":\"https:\\\/\\\/www.ivinio.com\\\/fr\\\/#\\\/schema\\\/logo\\\/image\\\/\",\"url\":\"https:\\\/\\\/www.ivinio.com\\\/wp-content\\\/uploads\\\/2021\\\/01\\\/Logo-Ivinio-v2.jpg\",\"contentUrl\":\"https:\\\/\\\/www.ivinio.com\\\/wp-content\\\/uploads\\\/2021\\\/01\\\/Logo-Ivinio-v2.jpg\",\"width\":1194,\"height\":1194,\"caption\":\"IVINIO\"},\"image\":{\"@id\":\"https:\\\/\\\/www.ivinio.com\\\/fr\\\/#\\\/schema\\\/logo\\\/image\\\/\"},\"sameAs\":[\"https:\\\/\\\/www.facebook.com\\\/groups\\\/165217837022391\\\/?ref=bookmarks\",\"https:\\\/\\\/www.instagram.com\\\/_ivinio_\\\/?hl=fr\"]}]}<\/script>\n<!-- \/ Yoast SEO plugin. -->","yoast_head_json":{"title":"Chateau La Mascaronne - Guy da Nine - carton d\u00e9couverte - acheter du vin en ligne - boutique de vin en ligne Ivinio.com","description":"Le domaine la Mascaronne est situ\u00e9 au Luc dans le Var \u00e0 environ 30 km de la c\u00f4te m\u00e9diterran\u00e9enne. Le vignoble appartient \u00e0 Tom Bove, un am\u00e9ricain de l'Indiana qui \u00e9tait propri\u00e9taire du ch\u00e2teau Miraval.","robots":{"index":"index","follow":"follow","max-snippet":"max-snippet:-1","max-image-preview":"max-image-preview:large","max-video-preview":"max-video-preview:-1"},"canonical":"https:\/\/www.ivinio.com\/fr\/produit\/chateau-la-mascaronne-carton-decouverte-3x2-bouteilles\/","og_locale":"fr_FR","og_type":"article","og_title":"Chateau La Mascaronne - Guy da Nine - carton d\u00e9couverte - acheter du vin en ligne - boutique de vin en ligne Ivinio.com","og_description":"Le domaine la Mascaronne est situ\u00e9 au Luc dans le Var \u00e0 environ 30 km de la c\u00f4te m\u00e9diterran\u00e9enne. Le vignoble appartient \u00e0 Tom Bove, un am\u00e9ricain de l'Indiana qui \u00e9tait propri\u00e9taire du ch\u00e2teau Miraval.","og_url":"https:\/\/www.ivinio.com\/fr\/produit\/chateau-la-mascaronne-carton-decouverte-3x2-bouteilles\/","og_site_name":"IVINIO Caviste","article_publisher":"https:\/\/www.facebook.com\/groups\/165217837022391\/?ref=bookmarks","article_modified_time":"2020-12-09T04:38:50+00:00","og_image":[{"width":500,"height":500,"url":"https:\/\/www.ivinio.com\/wp-content\/uploads\/nc\/public\/modules\/file\/pictures\/5174.mascaronneguydaninegamme500.jpg","type":"image\/jpeg"}],"twitter_card":"summary_large_image","schema":{"@context":"https:\/\/schema.org","@graph":[{"@type":"WebPage","@id":"https:\/\/www.ivinio.com\/fr\/produit\/chateau-la-mascaronne-carton-decouverte-3x2-bouteilles\/","url":"https:\/\/www.ivinio.com\/fr\/produit\/chateau-la-mascaronne-carton-decouverte-3x2-bouteilles\/","name":"Chateau La Mascaronne - Guy da Nine - carton d\u00e9couverte - acheter du vin en ligne - boutique de vin en ligne Ivinio.com","isPartOf":{"@id":"https:\/\/www.ivinio.com\/fr\/#website"},"primaryImageOfPage":{"@id":"https:\/\/www.ivinio.com\/fr\/produit\/chateau-la-mascaronne-carton-decouverte-3x2-bouteilles\/#primaryimage"},"image":{"@id":"https:\/\/www.ivinio.com\/fr\/produit\/chateau-la-mascaronne-carton-decouverte-3x2-bouteilles\/#primaryimage"},"thumbnailUrl":"https:\/\/www.ivinio.com\/wp-content\/uploads\/nc\/public\/modules\/file\/pictures\/5174.mascaronneguydaninegamme500.jpg","datePublished":"2014-10-28T18:52:39+00:00","dateModified":"2020-12-09T04:38:50+00:00","description":"Le domaine la Mascaronne est situ\u00e9 au Luc dans le Var \u00e0 environ 30 km de la c\u00f4te m\u00e9diterran\u00e9enne. Le vignoble appartient \u00e0 Tom Bove, un am\u00e9ricain de l'Indiana qui \u00e9tait propri\u00e9taire du ch\u00e2teau Miraval.","breadcrumb":{"@id":"https:\/\/www.ivinio.com\/fr\/produit\/chateau-la-mascaronne-carton-decouverte-3x2-bouteilles\/#breadcrumb"},"inLanguage":"fr-FR","potentialAction":[{"@type":"ReadAction","target":["https:\/\/www.ivinio.com\/fr\/produit\/chateau-la-mascaronne-carton-decouverte-3x2-bouteilles\/"]}]},{"@type":"ImageObject","inLanguage":"fr-FR","@id":"https:\/\/www.ivinio.com\/fr\/produit\/chateau-la-mascaronne-carton-decouverte-3x2-bouteilles\/#primaryimage","url":"https:\/\/www.ivinio.com\/wp-content\/uploads\/nc\/public\/modules\/file\/pictures\/5174.mascaronneguydaninegamme500.jpg","contentUrl":"https:\/\/www.ivinio.com\/wp-content\/uploads\/nc\/public\/modules\/file\/pictures\/5174.mascaronneguydaninegamme500.jpg","width":500,"height":500},{"@type":"BreadcrumbList","@id":"https:\/\/www.ivinio.com\/fr\/produit\/chateau-la-mascaronne-carton-decouverte-3x2-bouteilles\/#breadcrumb","itemListElement":[{"@type":"ListItem","position":1,"name":"Home","item":"https:\/\/www.ivinio.com\/fr\/"},{"@type":"ListItem","position":2,"name":"Boutique de vin","item":"https:\/\/www.ivinio.com\/fr\/boutique-de-vin\/"},{"@type":"ListItem","position":3,"name":"Chateau La Mascaronne &#8211; carton d\u00e9couverte 3&#215;2 bouteilles"}]},{"@type":"WebSite","@id":"https:\/\/www.ivinio.com\/fr\/#website","url":"https:\/\/www.ivinio.com\/fr\/","name":"IVINIO Caviste","description":"Vins de France et d&#039;Italie avec livraison \u00e0 domicile","publisher":{"@id":"https:\/\/www.ivinio.com\/fr\/#organization"},"potentialAction":[{"@type":"SearchAction","target":{"@type":"EntryPoint","urlTemplate":"https:\/\/www.ivinio.com\/fr\/?s={search_term_string}"},"query-input":{"@type":"PropertyValueSpecification","valueRequired":true,"valueName":"search_term_string"}}],"inLanguage":"fr-FR"},{"@type":"Organization","@id":"https:\/\/www.ivinio.com\/fr\/#organization","name":"IVINIO","url":"https:\/\/www.ivinio.com\/fr\/","logo":{"@type":"ImageObject","inLanguage":"fr-FR","@id":"https:\/\/www.ivinio.com\/fr\/#\/schema\/logo\/image\/","url":"https:\/\/www.ivinio.com\/wp-content\/uploads\/2021\/01\/Logo-Ivinio-v2.jpg","contentUrl":"https:\/\/www.ivinio.com\/wp-content\/uploads\/2021\/01\/Logo-Ivinio-v2.jpg","width":1194,"height":1194,"caption":"IVINIO"},"image":{"@id":"https:\/\/www.ivinio.com\/fr\/#\/schema\/logo\/image\/"},"sameAs":["https:\/\/www.facebook.com\/groups\/165217837022391\/?ref=bookmarks","https:\/\/www.instagram.com\/_ivinio_\/?hl=fr"]}]}},"jetpack_sharing_enabled":true,"_links":{"self":[{"href":"https:\/\/www.ivinio.com\/fr\/wp-json\/wp\/v2\/product\/118814","targetHints":{"allow":["GET"]}}],"collection":[{"href":"https:\/\/www.ivinio.com\/fr\/wp-json\/wp\/v2\/product"}],"about":[{"href":"https:\/\/www.ivinio.com\/fr\/wp-json\/wp\/v2\/types\/product"}],"replies":[{"embeddable":true,"href":"https:\/\/www.ivinio.com\/fr\/wp-json\/wp\/v2\/comments?post=118814"}],"wp:featuredmedia":[{"embeddable":true,"href":"https:\/\/www.ivinio.com\/fr\/wp-json\/wp\/v2\/media\/118817"}],"wp:attachment":[{"href":"https:\/\/www.ivinio.com\/fr\/wp-json\/wp\/v2\/media?parent=118814"}],"wp:term":[{"taxonomy":"product_brand","embeddable":true,"href":"https:\/\/www.ivinio.com\/fr\/wp-json\/wp\/v2\/product_brand?post=118814"},{"taxonomy":"product_cat","embeddable":true,"href":"https:\/\/www.ivinio.com\/fr\/wp-json\/wp\/v2\/product_cat?post=118814"},{"taxonomy":"product_tag","embeddable":true,"href":"https:\/\/www.ivinio.com\/fr\/wp-json\/wp\/v2\/product_tag?post=118814"}],"curies":[{"name":"wp","href":"https:\/\/api.w.org\/{rel}","templated":true}]}}