{"id":118793,"date":"2014-05-21T10:20:34","date_gmt":"2014-05-21T10:20:34","guid":{"rendered":"https:\/\/henrik.www.ivinio.com\/?product=chateau-la-mascaronne-cuvee-guy-da-nine-blanc"},"modified":"2022-03-13T10:50:47","modified_gmt":"2022-03-13T09:50:47","slug":"chateau-la-mascaronne-cuvee-guy-da-nine-blanc-1","status":"publish","type":"product","link":"https:\/\/www.ivinio.com\/fr\/produit\/chateau-la-mascaronne-cuvee-guy-da-nine-blanc-1\/","title":{"rendered":"Ch\u00e2teau La Mascaronne &#8220;Cuv\u00e9e Guy da Nine&#8221; &#8211; Blanc"},"content":{"rendered":"<p>La &quot;Cuv&eacute;e Guy da Nine&quot; blanc du&nbsp;Ch&acirc;teau la Mascaronne est compos&eacute; des c&eacute;pages&nbsp;Ugni Blanc et Vermentino (&nbsp;Rolle )&nbsp;cultiv&eacute;s sur des terres argilo calcaires. La r&eacute;colte se fait manuellement dans des paniers de 25 kg. Les raisins sont press&eacute;s d&eacute;licatement apr&egrave;s la r&eacute;colte &agrave; l&#39;aide d&#39;une&nbsp;presse hydraulique. Le vin est ferment&eacute; en barriques neuves de ch&ecirc;ne fran&ccedil;ais.&nbsp;<\/p>\n<p>&nbsp;<\/p>\n","protected":false},"excerpt":{"rendered":"<p>&quot;Cuv&eacute;e Guy da Nine&quot; de Ch&acirc;teau La Mascaronne est un vin blanc tr&egrave;s aromatique et fruit&eacute; compos&eacute; des&nbsp;c&eacute;pages Ugni Blanc et Rolle. Un vin sec aux&nbsp;notes d&#39;abricot et de miel &agrave; d&eacute;guster sur&nbsp;une volaille&nbsp;&agrave; la cr&egrave;me, un gratin de poisson&nbsp;ou un fromage de ch&egrave;vre sec.&nbsp;<\/p>\n","protected":false},"featured_media":129228,"comment_status":"open","ping_status":"closed","template":"","meta":{"_monsterinsights_skip_tracking":false,"_monsterinsights_sitenote_active":false,"_monsterinsights_sitenote_note":"","_monsterinsights_sitenote_category":0,"_uf_show_specific_survey":0,"_uf_disable_surveys":false},"product_brand":[],"product_cat":[36622,36586],"product_tag":[],"class_list":{"0":"post-118793","1":"product","2":"type-product","3":"status-publish","4":"has-post-thumbnail","6":"product_cat-fr-provence","7":"product_cat-vins-francais","8":"pa_classification-aop-cotes-de-provence-fr","9":"pa_color-blanc-fr","10":"pa_country-france-fr","11":"pa_region-provence-fr","12":"pa_vintage-2016-fr","13":"pa_volume-75-cl-fr","15":"first","16":"outofstock","17":"taxable","18":"shipping-taxable","19":"purchasable","20":"product-type-simple"},"bundled_by":["118814"],"bundle_stock_status":"outofstock","bundle_stock_quantity":null,"bundle_virtual":false,"bundle_layout":"","bundle_add_to_cart_form_location":"","bundle_editable_in_cart":false,"bundle_sold_individually_context":"","bundle_item_grouping":"","bundle_min_size":"","bundle_max_size":"","bundle_price":[],"bundled_items":[],"bundle_sell_ids":[],"yoast_head":"<!-- This site is optimized with the Yoast SEO plugin v27.3 - https:\/\/yoast.com\/product\/yoast-seo-wordpress\/ -->\n<title>Ch\u00e2teau la Mascaronne - Cuv\u00e9e Guy da Nine - acheter du vin en ligne - boutique de vins www.ivinio.com<\/title>\n<meta name=\"description\" content=\"Vin blanc &quot;Cuv\u00e9e Guy da Nine&quot; de Chateau la Mascaronne. C\u00e9pges de Ugni Blanc et Rolle. La r\u00e9colte se fait manuellement. Les raisins sont press\u00e9s \u00e0 la presse hydraulique.\" \/>\n<meta name=\"robots\" content=\"index, follow, max-snippet:-1, max-image-preview:large, max-video-preview:-1\" \/>\n<link rel=\"canonical\" href=\"https:\/\/www.ivinio.com\/fr\/produit\/chateau-la-mascaronne-cuvee-guy-da-nine-blanc-1\/\" \/>\n<meta property=\"og:locale\" content=\"fr_FR\" \/>\n<meta property=\"og:type\" content=\"article\" \/>\n<meta property=\"og:title\" content=\"Ch\u00e2teau la Mascaronne - Cuv\u00e9e Guy da Nine - acheter du vin en ligne - boutique de vins www.ivinio.com\" \/>\n<meta property=\"og:description\" content=\"Vin blanc &quot;Cuv\u00e9e Guy da Nine&quot; de Chateau la Mascaronne. C\u00e9pges de Ugni Blanc et Rolle. La r\u00e9colte se fait manuellement. Les raisins sont press\u00e9s \u00e0 la presse hydraulique.\" \/>\n<meta property=\"og:url\" content=\"https:\/\/www.ivinio.com\/fr\/produit\/chateau-la-mascaronne-cuvee-guy-da-nine-blanc-1\/\" \/>\n<meta property=\"og:site_name\" content=\"IVINIO Wine Shop\" \/>\n<meta property=\"article:publisher\" content=\"https:\/\/www.facebook.com\/groups\/165217837022391\/?ref=bookmarks\" \/>\n<meta property=\"article:modified_time\" content=\"2022-03-13T09:50:47+00:00\" \/>\n<meta property=\"og:image\" content=\"https:\/\/www.ivinio.com\/wp-content\/uploads\/nc\/public\/modules\/file\/pictures\/5147.mascaronneblanc500x500.jpg\" \/>\n\t<meta property=\"og:image:width\" content=\"500\" \/>\n\t<meta property=\"og:image:height\" content=\"500\" \/>\n\t<meta property=\"og:image:type\" content=\"image\/jpeg\" \/>\n<meta name=\"twitter:card\" content=\"summary_large_image\" \/>\n<script type=\"application\/ld+json\" class=\"yoast-schema-graph\">{\"@context\":\"https:\\\/\\\/schema.org\",\"@graph\":[{\"@type\":\"WebPage\",\"@id\":\"https:\\\/\\\/www.ivinio.com\\\/fr\\\/produit\\\/chateau-la-mascaronne-cuvee-guy-da-nine-blanc-1\\\/\",\"url\":\"https:\\\/\\\/www.ivinio.com\\\/fr\\\/produit\\\/chateau-la-mascaronne-cuvee-guy-da-nine-blanc-1\\\/\",\"name\":\"Ch\u00e2teau la Mascaronne - Cuv\u00e9e Guy da Nine - acheter du vin en ligne - boutique de vins www.ivinio.com\",\"isPartOf\":{\"@id\":\"https:\\\/\\\/www.ivinio.com\\\/fr\\\/#website\"},\"primaryImageOfPage\":{\"@id\":\"https:\\\/\\\/www.ivinio.com\\\/fr\\\/produit\\\/chateau-la-mascaronne-cuvee-guy-da-nine-blanc-1\\\/#primaryimage\"},\"image\":{\"@id\":\"https:\\\/\\\/www.ivinio.com\\\/fr\\\/produit\\\/chateau-la-mascaronne-cuvee-guy-da-nine-blanc-1\\\/#primaryimage\"},\"thumbnailUrl\":\"https:\\\/\\\/www.ivinio.com\\\/wp-content\\\/uploads\\\/nc\\\/public\\\/modules\\\/file\\\/pictures\\\/5147.mascaronneblanc500x500.jpg\",\"datePublished\":\"2014-05-21T10:20:34+00:00\",\"dateModified\":\"2022-03-13T09:50:47+00:00\",\"description\":\"Vin blanc \\\"Cuv\u00e9e Guy da Nine\\\" de Chateau la Mascaronne. C\u00e9pges de Ugni Blanc et Rolle. La r\u00e9colte se fait manuellement. Les raisins sont press\u00e9s \u00e0 la presse hydraulique.\",\"breadcrumb\":{\"@id\":\"https:\\\/\\\/www.ivinio.com\\\/fr\\\/produit\\\/chateau-la-mascaronne-cuvee-guy-da-nine-blanc-1\\\/#breadcrumb\"},\"inLanguage\":\"fr-FR\",\"potentialAction\":[{\"@type\":\"ReadAction\",\"target\":[\"https:\\\/\\\/www.ivinio.com\\\/fr\\\/produit\\\/chateau-la-mascaronne-cuvee-guy-da-nine-blanc-1\\\/\"]}]},{\"@type\":\"ImageObject\",\"inLanguage\":\"fr-FR\",\"@id\":\"https:\\\/\\\/www.ivinio.com\\\/fr\\\/produit\\\/chateau-la-mascaronne-cuvee-guy-da-nine-blanc-1\\\/#primaryimage\",\"url\":\"https:\\\/\\\/www.ivinio.com\\\/wp-content\\\/uploads\\\/nc\\\/public\\\/modules\\\/file\\\/pictures\\\/5147.mascaronneblanc500x500.jpg\",\"contentUrl\":\"https:\\\/\\\/www.ivinio.com\\\/wp-content\\\/uploads\\\/nc\\\/public\\\/modules\\\/file\\\/pictures\\\/5147.mascaronneblanc500x500.jpg\",\"width\":500,\"height\":500},{\"@type\":\"BreadcrumbList\",\"@id\":\"https:\\\/\\\/www.ivinio.com\\\/fr\\\/produit\\\/chateau-la-mascaronne-cuvee-guy-da-nine-blanc-1\\\/#breadcrumb\",\"itemListElement\":[{\"@type\":\"ListItem\",\"position\":1,\"name\":\"Home\",\"item\":\"https:\\\/\\\/www.ivinio.com\\\/fr\\\/\"},{\"@type\":\"ListItem\",\"position\":2,\"name\":\"Boutique de vin\",\"item\":\"https:\\\/\\\/www.ivinio.com\\\/fr\\\/boutique-de-vin\\\/\"},{\"@type\":\"ListItem\",\"position\":3,\"name\":\"Ch\u00e2teau La Mascaronne &#8220;Cuv\u00e9e Guy da Nine&#8221; &#8211; Blanc\"}]},{\"@type\":\"WebSite\",\"@id\":\"https:\\\/\\\/www.ivinio.com\\\/fr\\\/#website\",\"url\":\"https:\\\/\\\/www.ivinio.com\\\/fr\\\/\",\"name\":\"IVINIO Wine Shop\",\"description\":\"French and Italian wines with delivery to your door\",\"publisher\":{\"@id\":\"https:\\\/\\\/www.ivinio.com\\\/fr\\\/#organization\"},\"potentialAction\":[{\"@type\":\"SearchAction\",\"target\":{\"@type\":\"EntryPoint\",\"urlTemplate\":\"https:\\\/\\\/www.ivinio.com\\\/fr\\\/?s={search_term_string}\"},\"query-input\":{\"@type\":\"PropertyValueSpecification\",\"valueRequired\":true,\"valueName\":\"search_term_string\"}}],\"inLanguage\":\"fr-FR\"},{\"@type\":\"Organization\",\"@id\":\"https:\\\/\\\/www.ivinio.com\\\/fr\\\/#organization\",\"name\":\"IVINIO\",\"url\":\"https:\\\/\\\/www.ivinio.com\\\/fr\\\/\",\"logo\":{\"@type\":\"ImageObject\",\"inLanguage\":\"fr-FR\",\"@id\":\"https:\\\/\\\/www.ivinio.com\\\/fr\\\/#\\\/schema\\\/logo\\\/image\\\/\",\"url\":\"https:\\\/\\\/www.ivinio.com\\\/wp-content\\\/uploads\\\/2021\\\/01\\\/Logo-Ivinio-v2.jpg\",\"contentUrl\":\"https:\\\/\\\/www.ivinio.com\\\/wp-content\\\/uploads\\\/2021\\\/01\\\/Logo-Ivinio-v2.jpg\",\"width\":1194,\"height\":1194,\"caption\":\"IVINIO\"},\"image\":{\"@id\":\"https:\\\/\\\/www.ivinio.com\\\/fr\\\/#\\\/schema\\\/logo\\\/image\\\/\"},\"sameAs\":[\"https:\\\/\\\/www.facebook.com\\\/groups\\\/165217837022391\\\/?ref=bookmarks\",\"https:\\\/\\\/www.instagram.com\\\/_ivinio_\\\/?hl=fr\"]}]}<\/script>\n<!-- \/ Yoast SEO plugin. -->","yoast_head_json":{"title":"Ch\u00e2teau la Mascaronne - Cuv\u00e9e Guy da Nine - acheter du vin en ligne - boutique de vins www.ivinio.com","description":"Vin blanc \"Cuv\u00e9e Guy da Nine\" de Chateau la Mascaronne. C\u00e9pges de Ugni Blanc et Rolle. La r\u00e9colte se fait manuellement. Les raisins sont press\u00e9s \u00e0 la presse hydraulique.","robots":{"index":"index","follow":"follow","max-snippet":"max-snippet:-1","max-image-preview":"max-image-preview:large","max-video-preview":"max-video-preview:-1"},"canonical":"https:\/\/www.ivinio.com\/fr\/produit\/chateau-la-mascaronne-cuvee-guy-da-nine-blanc-1\/","og_locale":"fr_FR","og_type":"article","og_title":"Ch\u00e2teau la Mascaronne - Cuv\u00e9e Guy da Nine - acheter du vin en ligne - boutique de vins www.ivinio.com","og_description":"Vin blanc \"Cuv\u00e9e Guy da Nine\" de Chateau la Mascaronne. C\u00e9pges de Ugni Blanc et Rolle. La r\u00e9colte se fait manuellement. Les raisins sont press\u00e9s \u00e0 la presse hydraulique.","og_url":"https:\/\/www.ivinio.com\/fr\/produit\/chateau-la-mascaronne-cuvee-guy-da-nine-blanc-1\/","og_site_name":"IVINIO Wine Shop","article_publisher":"https:\/\/www.facebook.com\/groups\/165217837022391\/?ref=bookmarks","article_modified_time":"2022-03-13T09:50:47+00:00","og_image":[{"width":500,"height":500,"url":"https:\/\/www.ivinio.com\/wp-content\/uploads\/nc\/public\/modules\/file\/pictures\/5147.mascaronneblanc500x500.jpg","type":"image\/jpeg"}],"twitter_card":"summary_large_image","schema":{"@context":"https:\/\/schema.org","@graph":[{"@type":"WebPage","@id":"https:\/\/www.ivinio.com\/fr\/produit\/chateau-la-mascaronne-cuvee-guy-da-nine-blanc-1\/","url":"https:\/\/www.ivinio.com\/fr\/produit\/chateau-la-mascaronne-cuvee-guy-da-nine-blanc-1\/","name":"Ch\u00e2teau la Mascaronne - Cuv\u00e9e Guy da Nine - acheter du vin en ligne - boutique de vins www.ivinio.com","isPartOf":{"@id":"https:\/\/www.ivinio.com\/fr\/#website"},"primaryImageOfPage":{"@id":"https:\/\/www.ivinio.com\/fr\/produit\/chateau-la-mascaronne-cuvee-guy-da-nine-blanc-1\/#primaryimage"},"image":{"@id":"https:\/\/www.ivinio.com\/fr\/produit\/chateau-la-mascaronne-cuvee-guy-da-nine-blanc-1\/#primaryimage"},"thumbnailUrl":"https:\/\/www.ivinio.com\/wp-content\/uploads\/nc\/public\/modules\/file\/pictures\/5147.mascaronneblanc500x500.jpg","datePublished":"2014-05-21T10:20:34+00:00","dateModified":"2022-03-13T09:50:47+00:00","description":"Vin blanc \"Cuv\u00e9e Guy da Nine\" de Chateau la Mascaronne. C\u00e9pges de Ugni Blanc et Rolle. La r\u00e9colte se fait manuellement. Les raisins sont press\u00e9s \u00e0 la presse hydraulique.","breadcrumb":{"@id":"https:\/\/www.ivinio.com\/fr\/produit\/chateau-la-mascaronne-cuvee-guy-da-nine-blanc-1\/#breadcrumb"},"inLanguage":"fr-FR","potentialAction":[{"@type":"ReadAction","target":["https:\/\/www.ivinio.com\/fr\/produit\/chateau-la-mascaronne-cuvee-guy-da-nine-blanc-1\/"]}]},{"@type":"ImageObject","inLanguage":"fr-FR","@id":"https:\/\/www.ivinio.com\/fr\/produit\/chateau-la-mascaronne-cuvee-guy-da-nine-blanc-1\/#primaryimage","url":"https:\/\/www.ivinio.com\/wp-content\/uploads\/nc\/public\/modules\/file\/pictures\/5147.mascaronneblanc500x500.jpg","contentUrl":"https:\/\/www.ivinio.com\/wp-content\/uploads\/nc\/public\/modules\/file\/pictures\/5147.mascaronneblanc500x500.jpg","width":500,"height":500},{"@type":"BreadcrumbList","@id":"https:\/\/www.ivinio.com\/fr\/produit\/chateau-la-mascaronne-cuvee-guy-da-nine-blanc-1\/#breadcrumb","itemListElement":[{"@type":"ListItem","position":1,"name":"Home","item":"https:\/\/www.ivinio.com\/fr\/"},{"@type":"ListItem","position":2,"name":"Boutique de vin","item":"https:\/\/www.ivinio.com\/fr\/boutique-de-vin\/"},{"@type":"ListItem","position":3,"name":"Ch\u00e2teau La Mascaronne &#8220;Cuv\u00e9e Guy da Nine&#8221; &#8211; Blanc"}]},{"@type":"WebSite","@id":"https:\/\/www.ivinio.com\/fr\/#website","url":"https:\/\/www.ivinio.com\/fr\/","name":"IVINIO Wine Shop","description":"French and Italian wines with delivery to your door","publisher":{"@id":"https:\/\/www.ivinio.com\/fr\/#organization"},"potentialAction":[{"@type":"SearchAction","target":{"@type":"EntryPoint","urlTemplate":"https:\/\/www.ivinio.com\/fr\/?s={search_term_string}"},"query-input":{"@type":"PropertyValueSpecification","valueRequired":true,"valueName":"search_term_string"}}],"inLanguage":"fr-FR"},{"@type":"Organization","@id":"https:\/\/www.ivinio.com\/fr\/#organization","name":"IVINIO","url":"https:\/\/www.ivinio.com\/fr\/","logo":{"@type":"ImageObject","inLanguage":"fr-FR","@id":"https:\/\/www.ivinio.com\/fr\/#\/schema\/logo\/image\/","url":"https:\/\/www.ivinio.com\/wp-content\/uploads\/2021\/01\/Logo-Ivinio-v2.jpg","contentUrl":"https:\/\/www.ivinio.com\/wp-content\/uploads\/2021\/01\/Logo-Ivinio-v2.jpg","width":1194,"height":1194,"caption":"IVINIO"},"image":{"@id":"https:\/\/www.ivinio.com\/fr\/#\/schema\/logo\/image\/"},"sameAs":["https:\/\/www.facebook.com\/groups\/165217837022391\/?ref=bookmarks","https:\/\/www.instagram.com\/_ivinio_\/?hl=fr"]}]}},"jetpack_sharing_enabled":true,"_links":{"self":[{"href":"https:\/\/www.ivinio.com\/fr\/wp-json\/wp\/v2\/product\/118793","targetHints":{"allow":["GET"]}}],"collection":[{"href":"https:\/\/www.ivinio.com\/fr\/wp-json\/wp\/v2\/product"}],"about":[{"href":"https:\/\/www.ivinio.com\/fr\/wp-json\/wp\/v2\/types\/product"}],"replies":[{"embeddable":true,"href":"https:\/\/www.ivinio.com\/fr\/wp-json\/wp\/v2\/comments?post=118793"}],"wp:featuredmedia":[{"embeddable":true,"href":"https:\/\/www.ivinio.com\/fr\/wp-json\/wp\/v2\/media\/129228"}],"wp:attachment":[{"href":"https:\/\/www.ivinio.com\/fr\/wp-json\/wp\/v2\/media?parent=118793"}],"wp:term":[{"taxonomy":"product_brand","embeddable":true,"href":"https:\/\/www.ivinio.com\/fr\/wp-json\/wp\/v2\/product_brand?post=118793"},{"taxonomy":"product_cat","embeddable":true,"href":"https:\/\/www.ivinio.com\/fr\/wp-json\/wp\/v2\/product_cat?post=118793"},{"taxonomy":"product_tag","embeddable":true,"href":"https:\/\/www.ivinio.com\/fr\/wp-json\/wp\/v2\/product_tag?post=118793"}],"curies":[{"name":"wp","href":"https:\/\/api.w.org\/{rel}","templated":true}]}}