{"id":118769,"date":"2014-10-18T12:49:41","date_gmt":"2014-10-18T12:49:41","guid":{"rendered":"https:\/\/henrik.www.ivinio.com\/?product=mas-de-tannes-reserve-blanc-blanc"},"modified":"2025-02-17T19:37:54","modified_gmt":"2025-02-17T18:37:54","slug":"mas-de-tannes-reserve-blanc-blanc","status":"publish","type":"product","link":"https:\/\/www.ivinio.com\/fr\/produit\/mas-de-tannes-reserve-blanc-blanc\/","title":{"rendered":"Mas de Tannes &#8211; R\u00e9serve Blanc &#8211; Blanc"},"content":{"rendered":"<p>&#8220;R\u00e9serve Blanc&#8221; du\u00a0Mas de Tannes est compos\u00e9 \u00e0 100% du c\u00e9page Grenache Blanc issu de vignes biologiques qui poussent sur un\u00a0sol calcaire et caillouteux\u00a0dont la moyenne d&#8217;\u00e2ge est de 18 ans. Les raisins sont s\u00e9par\u00e9s\u00a0imm\u00e9diatement apr\u00e8s la r\u00e9colte, puis press\u00e9s. La\u00a0fermentation s&#8217;effectue en\u00a0trois semaines dans des cuves d&#8217;acier et de ciment \u00e0 15-16 \u00b0 C\u00a0contr\u00f4l\u00e9s. 30% de\u00a0la r\u00e9colte est \u00e9lev\u00e9e\u00a0f\u00fbts de ch\u00eane pendant 4 mois et le vin fini est \u00e9lev\u00e9 sur\u00a0ses lies pendant 4 mois en cuves b\u00e9ton.<\/p>\n","protected":false},"excerpt":{"rendered":"<p>R\u00e9serve Blanc du Mas de Tannes est un vin blanc biologique compos\u00e9 \u00e0 100% de Grenache Blanc. Un vin tr\u00e8s aromatique qui peut accompagner tout un repas de l&#8217;ap\u00e9ritif jusqu&#8217;\u00e0 une tarte aux fraises en\u00a0dessert !<\/p>\n","protected":false},"featured_media":137019,"comment_status":"open","ping_status":"closed","template":"","meta":{"_monsterinsights_skip_tracking":false,"_monsterinsights_sitenote_active":false,"_monsterinsights_sitenote_note":"","_monsterinsights_sitenote_category":0,"_uf_show_specific_survey":0,"_uf_disable_surveys":false},"product_brand":[],"product_cat":[36625,36586],"product_tag":[],"class_list":{"0":"post-118769","1":"product","2":"type-product","3":"status-publish","4":"has-post-thumbnail","6":"product_cat-fr-languedoc","7":"product_cat-vins-francais","8":"pa_alcohol-degree-13-5","9":"pa_classification-igp-pays-doc","10":"pa_color-blanc-fr","11":"pa_country-france-fr","12":"pa_grape-variety-grenache-blanc-fr","13":"pa_region-languedoc-fr","14":"pa_storage-potential-4-ans-fr","15":"pa_vintage-2022-fr","16":"pa_volume-75-cl-fr","18":"first","19":"instock","20":"taxable","21":"shipping-taxable","22":"purchasable","23":"product-type-simple"},"bundled_by":["119078"],"bundle_stock_status":"instock","bundle_stock_quantity":null,"bundle_virtual":false,"bundle_layout":"","bundle_add_to_cart_form_location":"","bundle_editable_in_cart":false,"bundle_sold_individually_context":"","bundle_item_grouping":"","bundle_min_size":"","bundle_max_size":"","bundle_price":[],"bundled_items":[],"bundle_sell_ids":[],"yoast_head":"<!-- This site is optimized with the Yoast SEO plugin v27.5 - https:\/\/yoast.com\/product\/yoast-seo-wordpress\/ -->\n<title>Mas de Tannes - R\u00e9serve Blanc - Blanc - IVINIO Caviste<\/title>\n<meta name=\"description\" content=\"Mas de Tannes - R\u00e9serve Blanc - Blanc. Vin biologique fabriqu\u00e9 \u00e0 100 % de Grenache Blanc. Un vin blanc tr\u00e8s aromatique, id\u00e9al \u00e0 l&#039;ap\u00e9ritif,\" \/>\n<meta name=\"robots\" content=\"index, follow, max-snippet:-1, max-image-preview:large, max-video-preview:-1\" \/>\n<link rel=\"canonical\" href=\"https:\/\/www.ivinio.com\/fr\/produit\/mas-de-tannes-reserve-blanc-blanc\/\" \/>\n<meta property=\"og:locale\" content=\"fr_FR\" \/>\n<meta property=\"og:type\" content=\"article\" \/>\n<meta property=\"og:title\" content=\"Mas de Tannes - R\u00e9serve Blanc - Blanc - IVINIO Caviste\" \/>\n<meta property=\"og:description\" content=\"Mas de Tannes - R\u00e9serve Blanc - Blanc. Vin biologique fabriqu\u00e9 \u00e0 100 % de Grenache Blanc. Un vin blanc tr\u00e8s aromatique, id\u00e9al \u00e0 l&#039;ap\u00e9ritif,\" \/>\n<meta property=\"og:url\" content=\"https:\/\/www.ivinio.com\/fr\/produit\/mas-de-tannes-reserve-blanc-blanc\/\" \/>\n<meta property=\"og:site_name\" content=\"IVINIO Caviste\" \/>\n<meta property=\"article:publisher\" content=\"https:\/\/www.facebook.com\/groups\/165217837022391\/?ref=bookmarks\" \/>\n<meta property=\"article:modified_time\" content=\"2025-02-17T18:37:54+00:00\" \/>\n<meta property=\"og:image\" content=\"https:\/\/www.ivinio.com\/wp-content\/uploads\/2014\/10\/Mas-de-Tannes-Reserve-blanc-IVINIO-1.jpg\" \/>\n\t<meta property=\"og:image:width\" content=\"500\" \/>\n\t<meta property=\"og:image:height\" content=\"500\" \/>\n\t<meta property=\"og:image:type\" content=\"image\/jpeg\" \/>\n<meta name=\"twitter:card\" content=\"summary_large_image\" \/>\n<meta name=\"twitter:label1\" content=\"Dur\u00e9e de lecture estim\u00e9e\" \/>\n\t<meta name=\"twitter:data1\" content=\"1 minute\" \/>\n<script type=\"application\/ld+json\" class=\"yoast-schema-graph\">{\"@context\":\"https:\\\/\\\/schema.org\",\"@graph\":[{\"@type\":\"WebPage\",\"@id\":\"https:\\\/\\\/www.ivinio.com\\\/fr\\\/produit\\\/mas-de-tannes-reserve-blanc-blanc\\\/\",\"url\":\"https:\\\/\\\/www.ivinio.com\\\/fr\\\/produit\\\/mas-de-tannes-reserve-blanc-blanc\\\/\",\"name\":\"Mas de Tannes - R\u00e9serve Blanc - Blanc - IVINIO Caviste\",\"isPartOf\":{\"@id\":\"https:\\\/\\\/www.ivinio.com\\\/fr\\\/#website\"},\"primaryImageOfPage\":{\"@id\":\"https:\\\/\\\/www.ivinio.com\\\/fr\\\/produit\\\/mas-de-tannes-reserve-blanc-blanc\\\/#primaryimage\"},\"image\":{\"@id\":\"https:\\\/\\\/www.ivinio.com\\\/fr\\\/produit\\\/mas-de-tannes-reserve-blanc-blanc\\\/#primaryimage\"},\"thumbnailUrl\":\"https:\\\/\\\/www.ivinio.com\\\/wp-content\\\/uploads\\\/2014\\\/10\\\/Mas-de-Tannes-Reserve-blanc-IVINIO-1.jpg\",\"datePublished\":\"2014-10-18T12:49:41+00:00\",\"dateModified\":\"2025-02-17T18:37:54+00:00\",\"description\":\"Mas de Tannes - R\u00e9serve Blanc - Blanc. Vin biologique fabriqu\u00e9 \u00e0 100 % de Grenache Blanc. Un vin blanc tr\u00e8s aromatique, id\u00e9al \u00e0 l'ap\u00e9ritif,\",\"breadcrumb\":{\"@id\":\"https:\\\/\\\/www.ivinio.com\\\/fr\\\/produit\\\/mas-de-tannes-reserve-blanc-blanc\\\/#breadcrumb\"},\"inLanguage\":\"fr-FR\",\"potentialAction\":[{\"@type\":\"ReadAction\",\"target\":[\"https:\\\/\\\/www.ivinio.com\\\/fr\\\/produit\\\/mas-de-tannes-reserve-blanc-blanc\\\/\"]}]},{\"@type\":\"ImageObject\",\"inLanguage\":\"fr-FR\",\"@id\":\"https:\\\/\\\/www.ivinio.com\\\/fr\\\/produit\\\/mas-de-tannes-reserve-blanc-blanc\\\/#primaryimage\",\"url\":\"https:\\\/\\\/www.ivinio.com\\\/wp-content\\\/uploads\\\/2014\\\/10\\\/Mas-de-Tannes-Reserve-blanc-IVINIO-1.jpg\",\"contentUrl\":\"https:\\\/\\\/www.ivinio.com\\\/wp-content\\\/uploads\\\/2014\\\/10\\\/Mas-de-Tannes-Reserve-blanc-IVINIO-1.jpg\",\"width\":500,\"height\":500},{\"@type\":\"BreadcrumbList\",\"@id\":\"https:\\\/\\\/www.ivinio.com\\\/fr\\\/produit\\\/mas-de-tannes-reserve-blanc-blanc\\\/#breadcrumb\",\"itemListElement\":[{\"@type\":\"ListItem\",\"position\":1,\"name\":\"Home\",\"item\":\"https:\\\/\\\/www.ivinio.com\\\/fr\\\/\"},{\"@type\":\"ListItem\",\"position\":2,\"name\":\"Boutique de vin\",\"item\":\"https:\\\/\\\/www.ivinio.com\\\/fr\\\/boutique-de-vin\\\/\"},{\"@type\":\"ListItem\",\"position\":3,\"name\":\"Mas de Tannes &#8211; R\u00e9serve Blanc &#8211; Blanc\"}]},{\"@type\":\"WebSite\",\"@id\":\"https:\\\/\\\/www.ivinio.com\\\/fr\\\/#website\",\"url\":\"https:\\\/\\\/www.ivinio.com\\\/fr\\\/\",\"name\":\"IVINIO Caviste\",\"description\":\"Vins de France et d&#039;Italie avec livraison \u00e0 domicile\",\"publisher\":{\"@id\":\"https:\\\/\\\/www.ivinio.com\\\/fr\\\/#organization\"},\"potentialAction\":[{\"@type\":\"SearchAction\",\"target\":{\"@type\":\"EntryPoint\",\"urlTemplate\":\"https:\\\/\\\/www.ivinio.com\\\/fr\\\/?s={search_term_string}\"},\"query-input\":{\"@type\":\"PropertyValueSpecification\",\"valueRequired\":true,\"valueName\":\"search_term_string\"}}],\"inLanguage\":\"fr-FR\"},{\"@type\":\"Organization\",\"@id\":\"https:\\\/\\\/www.ivinio.com\\\/fr\\\/#organization\",\"name\":\"IVINIO\",\"url\":\"https:\\\/\\\/www.ivinio.com\\\/fr\\\/\",\"logo\":{\"@type\":\"ImageObject\",\"inLanguage\":\"fr-FR\",\"@id\":\"https:\\\/\\\/www.ivinio.com\\\/fr\\\/#\\\/schema\\\/logo\\\/image\\\/\",\"url\":\"https:\\\/\\\/www.ivinio.com\\\/wp-content\\\/uploads\\\/2021\\\/01\\\/Logo-Ivinio-v2.jpg\",\"contentUrl\":\"https:\\\/\\\/www.ivinio.com\\\/wp-content\\\/uploads\\\/2021\\\/01\\\/Logo-Ivinio-v2.jpg\",\"width\":1194,\"height\":1194,\"caption\":\"IVINIO\"},\"image\":{\"@id\":\"https:\\\/\\\/www.ivinio.com\\\/fr\\\/#\\\/schema\\\/logo\\\/image\\\/\"},\"sameAs\":[\"https:\\\/\\\/www.facebook.com\\\/groups\\\/165217837022391\\\/?ref=bookmarks\",\"https:\\\/\\\/www.instagram.com\\\/_ivinio_\\\/?hl=fr\"]}]}<\/script>\n<!-- \/ Yoast SEO plugin. -->","yoast_head_json":{"title":"Mas de Tannes - R\u00e9serve Blanc - Blanc - IVINIO Caviste","description":"Mas de Tannes - R\u00e9serve Blanc - Blanc. Vin biologique fabriqu\u00e9 \u00e0 100 % de Grenache Blanc. Un vin blanc tr\u00e8s aromatique, id\u00e9al \u00e0 l'ap\u00e9ritif,","robots":{"index":"index","follow":"follow","max-snippet":"max-snippet:-1","max-image-preview":"max-image-preview:large","max-video-preview":"max-video-preview:-1"},"canonical":"https:\/\/www.ivinio.com\/fr\/produit\/mas-de-tannes-reserve-blanc-blanc\/","og_locale":"fr_FR","og_type":"article","og_title":"Mas de Tannes - R\u00e9serve Blanc - Blanc - IVINIO Caviste","og_description":"Mas de Tannes - R\u00e9serve Blanc - Blanc. Vin biologique fabriqu\u00e9 \u00e0 100 % de Grenache Blanc. Un vin blanc tr\u00e8s aromatique, id\u00e9al \u00e0 l'ap\u00e9ritif,","og_url":"https:\/\/www.ivinio.com\/fr\/produit\/mas-de-tannes-reserve-blanc-blanc\/","og_site_name":"IVINIO Caviste","article_publisher":"https:\/\/www.facebook.com\/groups\/165217837022391\/?ref=bookmarks","article_modified_time":"2025-02-17T18:37:54+00:00","og_image":[{"width":500,"height":500,"url":"https:\/\/www.ivinio.com\/wp-content\/uploads\/2014\/10\/Mas-de-Tannes-Reserve-blanc-IVINIO-1.jpg","type":"image\/jpeg"}],"twitter_card":"summary_large_image","twitter_misc":{"Dur\u00e9e de lecture estim\u00e9e":"1 minute"},"schema":{"@context":"https:\/\/schema.org","@graph":[{"@type":"WebPage","@id":"https:\/\/www.ivinio.com\/fr\/produit\/mas-de-tannes-reserve-blanc-blanc\/","url":"https:\/\/www.ivinio.com\/fr\/produit\/mas-de-tannes-reserve-blanc-blanc\/","name":"Mas de Tannes - R\u00e9serve Blanc - Blanc - IVINIO Caviste","isPartOf":{"@id":"https:\/\/www.ivinio.com\/fr\/#website"},"primaryImageOfPage":{"@id":"https:\/\/www.ivinio.com\/fr\/produit\/mas-de-tannes-reserve-blanc-blanc\/#primaryimage"},"image":{"@id":"https:\/\/www.ivinio.com\/fr\/produit\/mas-de-tannes-reserve-blanc-blanc\/#primaryimage"},"thumbnailUrl":"https:\/\/www.ivinio.com\/wp-content\/uploads\/2014\/10\/Mas-de-Tannes-Reserve-blanc-IVINIO-1.jpg","datePublished":"2014-10-18T12:49:41+00:00","dateModified":"2025-02-17T18:37:54+00:00","description":"Mas de Tannes - R\u00e9serve Blanc - Blanc. Vin biologique fabriqu\u00e9 \u00e0 100 % de Grenache Blanc. Un vin blanc tr\u00e8s aromatique, id\u00e9al \u00e0 l'ap\u00e9ritif,","breadcrumb":{"@id":"https:\/\/www.ivinio.com\/fr\/produit\/mas-de-tannes-reserve-blanc-blanc\/#breadcrumb"},"inLanguage":"fr-FR","potentialAction":[{"@type":"ReadAction","target":["https:\/\/www.ivinio.com\/fr\/produit\/mas-de-tannes-reserve-blanc-blanc\/"]}]},{"@type":"ImageObject","inLanguage":"fr-FR","@id":"https:\/\/www.ivinio.com\/fr\/produit\/mas-de-tannes-reserve-blanc-blanc\/#primaryimage","url":"https:\/\/www.ivinio.com\/wp-content\/uploads\/2014\/10\/Mas-de-Tannes-Reserve-blanc-IVINIO-1.jpg","contentUrl":"https:\/\/www.ivinio.com\/wp-content\/uploads\/2014\/10\/Mas-de-Tannes-Reserve-blanc-IVINIO-1.jpg","width":500,"height":500},{"@type":"BreadcrumbList","@id":"https:\/\/www.ivinio.com\/fr\/produit\/mas-de-tannes-reserve-blanc-blanc\/#breadcrumb","itemListElement":[{"@type":"ListItem","position":1,"name":"Home","item":"https:\/\/www.ivinio.com\/fr\/"},{"@type":"ListItem","position":2,"name":"Boutique de vin","item":"https:\/\/www.ivinio.com\/fr\/boutique-de-vin\/"},{"@type":"ListItem","position":3,"name":"Mas de Tannes &#8211; R\u00e9serve Blanc &#8211; Blanc"}]},{"@type":"WebSite","@id":"https:\/\/www.ivinio.com\/fr\/#website","url":"https:\/\/www.ivinio.com\/fr\/","name":"IVINIO Caviste","description":"Vins de France et d&#039;Italie avec livraison \u00e0 domicile","publisher":{"@id":"https:\/\/www.ivinio.com\/fr\/#organization"},"potentialAction":[{"@type":"SearchAction","target":{"@type":"EntryPoint","urlTemplate":"https:\/\/www.ivinio.com\/fr\/?s={search_term_string}"},"query-input":{"@type":"PropertyValueSpecification","valueRequired":true,"valueName":"search_term_string"}}],"inLanguage":"fr-FR"},{"@type":"Organization","@id":"https:\/\/www.ivinio.com\/fr\/#organization","name":"IVINIO","url":"https:\/\/www.ivinio.com\/fr\/","logo":{"@type":"ImageObject","inLanguage":"fr-FR","@id":"https:\/\/www.ivinio.com\/fr\/#\/schema\/logo\/image\/","url":"https:\/\/www.ivinio.com\/wp-content\/uploads\/2021\/01\/Logo-Ivinio-v2.jpg","contentUrl":"https:\/\/www.ivinio.com\/wp-content\/uploads\/2021\/01\/Logo-Ivinio-v2.jpg","width":1194,"height":1194,"caption":"IVINIO"},"image":{"@id":"https:\/\/www.ivinio.com\/fr\/#\/schema\/logo\/image\/"},"sameAs":["https:\/\/www.facebook.com\/groups\/165217837022391\/?ref=bookmarks","https:\/\/www.instagram.com\/_ivinio_\/?hl=fr"]}]}},"jetpack_sharing_enabled":true,"_links":{"self":[{"href":"https:\/\/www.ivinio.com\/fr\/wp-json\/wp\/v2\/product\/118769","targetHints":{"allow":["GET"]}}],"collection":[{"href":"https:\/\/www.ivinio.com\/fr\/wp-json\/wp\/v2\/product"}],"about":[{"href":"https:\/\/www.ivinio.com\/fr\/wp-json\/wp\/v2\/types\/product"}],"replies":[{"embeddable":true,"href":"https:\/\/www.ivinio.com\/fr\/wp-json\/wp\/v2\/comments?post=118769"}],"wp:featuredmedia":[{"embeddable":true,"href":"https:\/\/www.ivinio.com\/fr\/wp-json\/wp\/v2\/media\/137019"}],"wp:attachment":[{"href":"https:\/\/www.ivinio.com\/fr\/wp-json\/wp\/v2\/media?parent=118769"}],"wp:term":[{"taxonomy":"product_brand","embeddable":true,"href":"https:\/\/www.ivinio.com\/fr\/wp-json\/wp\/v2\/product_brand?post=118769"},{"taxonomy":"product_cat","embeddable":true,"href":"https:\/\/www.ivinio.com\/fr\/wp-json\/wp\/v2\/product_cat?post=118769"},{"taxonomy":"product_tag","embeddable":true,"href":"https:\/\/www.ivinio.com\/fr\/wp-json\/wp\/v2\/product_tag?post=118769"}],"curies":[{"name":"wp","href":"https:\/\/api.w.org\/{rel}","templated":true}]}}