{"id":118674,"date":"2014-10-03T15:13:45","date_gmt":"2014-10-03T15:13:45","guid":{"rendered":"https:\/\/henrik.www.ivinio.com\/?product=tenuta-di-vaira-caccia-al-palazzo-vermentino-bolgheri-blanc"},"modified":"2023-05-23T18:47:08","modified_gmt":"2023-05-23T16:47:08","slug":"tenuta-di-vaira-caccia-al-palazzo-vermentino-bolgheri-blanc","status":"publish","type":"product","link":"https:\/\/www.ivinio.com\/fr\/produit\/tenuta-di-vaira-caccia-al-palazzo-vermentino-bolgheri-blanc\/","title":{"rendered":"Tenuta di Vaira &#8211; &#8220;Caccia al Palazzo&#8221; &#8211; Vermentino Bolgheri &#8211; Blanc"},"content":{"rendered":"<p>&#8220;Caccia al Palazzo&#8221; est un vin blanc\u00a0produit \u00e0 partir de 85% de vermentino (appel\u00e9 rolle en France)\u00a0et 15% de Malvasia. Les raisins sont r\u00e9colt\u00e9s dans des &#8220;cassettes&#8221; avec une capacit\u00e9 de 18 kg de raisins. Ces caisses favorisent le tri des raisins. Les\u00a0brindilles, feuilles et autres d\u00e9bris sont \u00e9limin\u00e9s. La fermentation se fait \u00e0 basse temp\u00e9rature dans des cuves en inox thermo-r\u00e9gul\u00e9es. Le vin fini est stock\u00e9 dans des r\u00e9servoirs en acier inoxydable pour quelques mois avant d&#8217;\u00eatre embouteill\u00e9.<\/p>\n","protected":false},"excerpt":{"rendered":"<p>&#8220;Caccia al Palazzo&#8221; est un vin blanc\u00a0produit \u00e0 partir de 85% de c\u00e9pages vermentino\u00a0et 15% de Malvasia. Un superbe vin d&#8217;ap\u00e9ritif\u00a0avec des notes aromatiques de citron et de p\u00eache.<\/p>\n","protected":false},"featured_media":118677,"comment_status":"open","ping_status":"closed","template":"","meta":{"_monsterinsights_skip_tracking":false,"_monsterinsights_sitenote_active":false,"_monsterinsights_sitenote_note":"","_monsterinsights_sitenote_category":0,"_uf_show_specific_survey":0,"_uf_disable_surveys":false},"product_brand":[],"product_cat":[36595,36589],"product_tag":[],"class_list":{"0":"post-118674","1":"product","2":"type-product","3":"status-publish","4":"has-post-thumbnail","6":"product_cat-fr-toscane","7":"product_cat-vins-italiens","8":"pa_alcohol-degree-13-fr","9":"pa_classification-doc-bolgheri-vermentino-fr","10":"pa_color-blanc-fr","11":"pa_country-italie-fr","12":"pa_grape-variety-vermentino-fr","13":"pa_region-toscane-fr","14":"pa_storage-potential-3-ans-fr","15":"pa_volume-75-cl-fr","17":"first","18":"instock","19":"taxable","20":"shipping-taxable","21":"purchasable","22":"product-type-simple"},"bundled_by":[],"bundle_stock_status":"instock","bundle_stock_quantity":null,"bundle_virtual":false,"bundle_layout":"","bundle_add_to_cart_form_location":"","bundle_editable_in_cart":false,"bundle_sold_individually_context":"","bundle_item_grouping":"","bundle_min_size":"","bundle_max_size":"","bundle_price":[],"bundled_items":[],"bundle_sell_ids":[],"yoast_head":"<!-- This site is optimized with the Yoast SEO plugin v27.5 - https:\/\/yoast.com\/product\/yoast-seo-wordpress\/ -->\n<title>Tenuta di Vaira - &quot;Caccia al Palazzo&quot; - Vermentino Bolgheri - IVINIO Caviste<\/title>\n<meta name=\"description\" content=\"Tenuta di Vaira - &quot;Caccia al Palazzo&quot; - Vermentino Bolgheri - vin blanc de Vermentino et Malvasia. Notes aromatiques citronn\u00e9es et de p\u00eache.\" \/>\n<meta name=\"robots\" content=\"index, follow, max-snippet:-1, max-image-preview:large, max-video-preview:-1\" \/>\n<link rel=\"canonical\" href=\"https:\/\/www.ivinio.com\/fr\/produit\/tenuta-di-vaira-caccia-al-palazzo-vermentino-bolgheri-blanc\/\" \/>\n<meta property=\"og:locale\" content=\"fr_FR\" \/>\n<meta property=\"og:type\" content=\"article\" \/>\n<meta property=\"og:title\" content=\"Tenuta di Vaira - &quot;Caccia al Palazzo&quot; - Vermentino Bolgheri - IVINIO Caviste\" \/>\n<meta property=\"og:description\" content=\"Tenuta di Vaira - &quot;Caccia al Palazzo&quot; - Vermentino Bolgheri - vin blanc de Vermentino et Malvasia. Notes aromatiques citronn\u00e9es et de p\u00eache.\" \/>\n<meta property=\"og:url\" content=\"https:\/\/www.ivinio.com\/fr\/produit\/tenuta-di-vaira-caccia-al-palazzo-vermentino-bolgheri-blanc\/\" \/>\n<meta property=\"og:site_name\" content=\"IVINIO Caviste\" \/>\n<meta property=\"article:publisher\" content=\"https:\/\/www.facebook.com\/groups\/165217837022391\/?ref=bookmarks\" \/>\n<meta property=\"article:modified_time\" content=\"2023-05-23T16:47:08+00:00\" \/>\n<meta property=\"og:image\" content=\"https:\/\/www.ivinio.com\/wp-content\/uploads\/nc\/public\/modules\/file\/pictures\/5126.divairacacciaalpalazzoblanc.jpg\" \/>\n\t<meta property=\"og:image:width\" content=\"500\" \/>\n\t<meta property=\"og:image:height\" content=\"500\" \/>\n\t<meta property=\"og:image:type\" content=\"image\/jpeg\" \/>\n<meta name=\"twitter:card\" content=\"summary_large_image\" \/>\n<script type=\"application\/ld+json\" class=\"yoast-schema-graph\">{\"@context\":\"https:\\\/\\\/schema.org\",\"@graph\":[{\"@type\":\"WebPage\",\"@id\":\"https:\\\/\\\/www.ivinio.com\\\/fr\\\/produit\\\/tenuta-di-vaira-caccia-al-palazzo-vermentino-bolgheri-blanc\\\/\",\"url\":\"https:\\\/\\\/www.ivinio.com\\\/fr\\\/produit\\\/tenuta-di-vaira-caccia-al-palazzo-vermentino-bolgheri-blanc\\\/\",\"name\":\"Tenuta di Vaira - \\\"Caccia al Palazzo\\\" - Vermentino Bolgheri - IVINIO Caviste\",\"isPartOf\":{\"@id\":\"https:\\\/\\\/www.ivinio.com\\\/fr\\\/#website\"},\"primaryImageOfPage\":{\"@id\":\"https:\\\/\\\/www.ivinio.com\\\/fr\\\/produit\\\/tenuta-di-vaira-caccia-al-palazzo-vermentino-bolgheri-blanc\\\/#primaryimage\"},\"image\":{\"@id\":\"https:\\\/\\\/www.ivinio.com\\\/fr\\\/produit\\\/tenuta-di-vaira-caccia-al-palazzo-vermentino-bolgheri-blanc\\\/#primaryimage\"},\"thumbnailUrl\":\"https:\\\/\\\/www.ivinio.com\\\/wp-content\\\/uploads\\\/nc\\\/public\\\/modules\\\/file\\\/pictures\\\/5126.divairacacciaalpalazzoblanc.jpg\",\"datePublished\":\"2014-10-03T15:13:45+00:00\",\"dateModified\":\"2023-05-23T16:47:08+00:00\",\"description\":\"Tenuta di Vaira - \\\"Caccia al Palazzo\\\" - Vermentino Bolgheri - vin blanc de Vermentino et Malvasia. Notes aromatiques citronn\u00e9es et de p\u00eache.\",\"breadcrumb\":{\"@id\":\"https:\\\/\\\/www.ivinio.com\\\/fr\\\/produit\\\/tenuta-di-vaira-caccia-al-palazzo-vermentino-bolgheri-blanc\\\/#breadcrumb\"},\"inLanguage\":\"fr-FR\",\"potentialAction\":[{\"@type\":\"ReadAction\",\"target\":[\"https:\\\/\\\/www.ivinio.com\\\/fr\\\/produit\\\/tenuta-di-vaira-caccia-al-palazzo-vermentino-bolgheri-blanc\\\/\"]}]},{\"@type\":\"ImageObject\",\"inLanguage\":\"fr-FR\",\"@id\":\"https:\\\/\\\/www.ivinio.com\\\/fr\\\/produit\\\/tenuta-di-vaira-caccia-al-palazzo-vermentino-bolgheri-blanc\\\/#primaryimage\",\"url\":\"https:\\\/\\\/www.ivinio.com\\\/wp-content\\\/uploads\\\/nc\\\/public\\\/modules\\\/file\\\/pictures\\\/5126.divairacacciaalpalazzoblanc.jpg\",\"contentUrl\":\"https:\\\/\\\/www.ivinio.com\\\/wp-content\\\/uploads\\\/nc\\\/public\\\/modules\\\/file\\\/pictures\\\/5126.divairacacciaalpalazzoblanc.jpg\",\"width\":500,\"height\":500,\"caption\":\"Tenuta di Vaira - \\\"Caccia al Palazzo\\\" - Vermentino Bolgheri\"},{\"@type\":\"BreadcrumbList\",\"@id\":\"https:\\\/\\\/www.ivinio.com\\\/fr\\\/produit\\\/tenuta-di-vaira-caccia-al-palazzo-vermentino-bolgheri-blanc\\\/#breadcrumb\",\"itemListElement\":[{\"@type\":\"ListItem\",\"position\":1,\"name\":\"Home\",\"item\":\"https:\\\/\\\/www.ivinio.com\\\/fr\\\/\"},{\"@type\":\"ListItem\",\"position\":2,\"name\":\"Boutique de vin\",\"item\":\"https:\\\/\\\/www.ivinio.com\\\/fr\\\/boutique-de-vin\\\/\"},{\"@type\":\"ListItem\",\"position\":3,\"name\":\"Tenuta di Vaira &#8211; &#8220;Caccia al Palazzo&#8221; &#8211; Vermentino Bolgheri &#8211; Blanc\"}]},{\"@type\":\"WebSite\",\"@id\":\"https:\\\/\\\/www.ivinio.com\\\/fr\\\/#website\",\"url\":\"https:\\\/\\\/www.ivinio.com\\\/fr\\\/\",\"name\":\"IVINIO Caviste\",\"description\":\"Vins de France et d&#039;Italie avec livraison \u00e0 domicile\",\"publisher\":{\"@id\":\"https:\\\/\\\/www.ivinio.com\\\/fr\\\/#organization\"},\"potentialAction\":[{\"@type\":\"SearchAction\",\"target\":{\"@type\":\"EntryPoint\",\"urlTemplate\":\"https:\\\/\\\/www.ivinio.com\\\/fr\\\/?s={search_term_string}\"},\"query-input\":{\"@type\":\"PropertyValueSpecification\",\"valueRequired\":true,\"valueName\":\"search_term_string\"}}],\"inLanguage\":\"fr-FR\"},{\"@type\":\"Organization\",\"@id\":\"https:\\\/\\\/www.ivinio.com\\\/fr\\\/#organization\",\"name\":\"IVINIO\",\"url\":\"https:\\\/\\\/www.ivinio.com\\\/fr\\\/\",\"logo\":{\"@type\":\"ImageObject\",\"inLanguage\":\"fr-FR\",\"@id\":\"https:\\\/\\\/www.ivinio.com\\\/fr\\\/#\\\/schema\\\/logo\\\/image\\\/\",\"url\":\"https:\\\/\\\/www.ivinio.com\\\/wp-content\\\/uploads\\\/2021\\\/01\\\/Logo-Ivinio-v2.jpg\",\"contentUrl\":\"https:\\\/\\\/www.ivinio.com\\\/wp-content\\\/uploads\\\/2021\\\/01\\\/Logo-Ivinio-v2.jpg\",\"width\":1194,\"height\":1194,\"caption\":\"IVINIO\"},\"image\":{\"@id\":\"https:\\\/\\\/www.ivinio.com\\\/fr\\\/#\\\/schema\\\/logo\\\/image\\\/\"},\"sameAs\":[\"https:\\\/\\\/www.facebook.com\\\/groups\\\/165217837022391\\\/?ref=bookmarks\",\"https:\\\/\\\/www.instagram.com\\\/_ivinio_\\\/?hl=fr\"]}]}<\/script>\n<!-- \/ Yoast SEO plugin. -->","yoast_head_json":{"title":"Tenuta di Vaira - \"Caccia al Palazzo\" - Vermentino Bolgheri - IVINIO Caviste","description":"Tenuta di Vaira - \"Caccia al Palazzo\" - Vermentino Bolgheri - vin blanc de Vermentino et Malvasia. Notes aromatiques citronn\u00e9es et de p\u00eache.","robots":{"index":"index","follow":"follow","max-snippet":"max-snippet:-1","max-image-preview":"max-image-preview:large","max-video-preview":"max-video-preview:-1"},"canonical":"https:\/\/www.ivinio.com\/fr\/produit\/tenuta-di-vaira-caccia-al-palazzo-vermentino-bolgheri-blanc\/","og_locale":"fr_FR","og_type":"article","og_title":"Tenuta di Vaira - \"Caccia al Palazzo\" - Vermentino Bolgheri - IVINIO Caviste","og_description":"Tenuta di Vaira - \"Caccia al Palazzo\" - Vermentino Bolgheri - vin blanc de Vermentino et Malvasia. Notes aromatiques citronn\u00e9es et de p\u00eache.","og_url":"https:\/\/www.ivinio.com\/fr\/produit\/tenuta-di-vaira-caccia-al-palazzo-vermentino-bolgheri-blanc\/","og_site_name":"IVINIO Caviste","article_publisher":"https:\/\/www.facebook.com\/groups\/165217837022391\/?ref=bookmarks","article_modified_time":"2023-05-23T16:47:08+00:00","og_image":[{"width":500,"height":500,"url":"https:\/\/www.ivinio.com\/wp-content\/uploads\/nc\/public\/modules\/file\/pictures\/5126.divairacacciaalpalazzoblanc.jpg","type":"image\/jpeg"}],"twitter_card":"summary_large_image","schema":{"@context":"https:\/\/schema.org","@graph":[{"@type":"WebPage","@id":"https:\/\/www.ivinio.com\/fr\/produit\/tenuta-di-vaira-caccia-al-palazzo-vermentino-bolgheri-blanc\/","url":"https:\/\/www.ivinio.com\/fr\/produit\/tenuta-di-vaira-caccia-al-palazzo-vermentino-bolgheri-blanc\/","name":"Tenuta di Vaira - \"Caccia al Palazzo\" - Vermentino Bolgheri - IVINIO Caviste","isPartOf":{"@id":"https:\/\/www.ivinio.com\/fr\/#website"},"primaryImageOfPage":{"@id":"https:\/\/www.ivinio.com\/fr\/produit\/tenuta-di-vaira-caccia-al-palazzo-vermentino-bolgheri-blanc\/#primaryimage"},"image":{"@id":"https:\/\/www.ivinio.com\/fr\/produit\/tenuta-di-vaira-caccia-al-palazzo-vermentino-bolgheri-blanc\/#primaryimage"},"thumbnailUrl":"https:\/\/www.ivinio.com\/wp-content\/uploads\/nc\/public\/modules\/file\/pictures\/5126.divairacacciaalpalazzoblanc.jpg","datePublished":"2014-10-03T15:13:45+00:00","dateModified":"2023-05-23T16:47:08+00:00","description":"Tenuta di Vaira - \"Caccia al Palazzo\" - Vermentino Bolgheri - vin blanc de Vermentino et Malvasia. Notes aromatiques citronn\u00e9es et de p\u00eache.","breadcrumb":{"@id":"https:\/\/www.ivinio.com\/fr\/produit\/tenuta-di-vaira-caccia-al-palazzo-vermentino-bolgheri-blanc\/#breadcrumb"},"inLanguage":"fr-FR","potentialAction":[{"@type":"ReadAction","target":["https:\/\/www.ivinio.com\/fr\/produit\/tenuta-di-vaira-caccia-al-palazzo-vermentino-bolgheri-blanc\/"]}]},{"@type":"ImageObject","inLanguage":"fr-FR","@id":"https:\/\/www.ivinio.com\/fr\/produit\/tenuta-di-vaira-caccia-al-palazzo-vermentino-bolgheri-blanc\/#primaryimage","url":"https:\/\/www.ivinio.com\/wp-content\/uploads\/nc\/public\/modules\/file\/pictures\/5126.divairacacciaalpalazzoblanc.jpg","contentUrl":"https:\/\/www.ivinio.com\/wp-content\/uploads\/nc\/public\/modules\/file\/pictures\/5126.divairacacciaalpalazzoblanc.jpg","width":500,"height":500,"caption":"Tenuta di Vaira - \"Caccia al Palazzo\" - Vermentino Bolgheri"},{"@type":"BreadcrumbList","@id":"https:\/\/www.ivinio.com\/fr\/produit\/tenuta-di-vaira-caccia-al-palazzo-vermentino-bolgheri-blanc\/#breadcrumb","itemListElement":[{"@type":"ListItem","position":1,"name":"Home","item":"https:\/\/www.ivinio.com\/fr\/"},{"@type":"ListItem","position":2,"name":"Boutique de vin","item":"https:\/\/www.ivinio.com\/fr\/boutique-de-vin\/"},{"@type":"ListItem","position":3,"name":"Tenuta di Vaira &#8211; &#8220;Caccia al Palazzo&#8221; &#8211; Vermentino Bolgheri &#8211; Blanc"}]},{"@type":"WebSite","@id":"https:\/\/www.ivinio.com\/fr\/#website","url":"https:\/\/www.ivinio.com\/fr\/","name":"IVINIO Caviste","description":"Vins de France et d&#039;Italie avec livraison \u00e0 domicile","publisher":{"@id":"https:\/\/www.ivinio.com\/fr\/#organization"},"potentialAction":[{"@type":"SearchAction","target":{"@type":"EntryPoint","urlTemplate":"https:\/\/www.ivinio.com\/fr\/?s={search_term_string}"},"query-input":{"@type":"PropertyValueSpecification","valueRequired":true,"valueName":"search_term_string"}}],"inLanguage":"fr-FR"},{"@type":"Organization","@id":"https:\/\/www.ivinio.com\/fr\/#organization","name":"IVINIO","url":"https:\/\/www.ivinio.com\/fr\/","logo":{"@type":"ImageObject","inLanguage":"fr-FR","@id":"https:\/\/www.ivinio.com\/fr\/#\/schema\/logo\/image\/","url":"https:\/\/www.ivinio.com\/wp-content\/uploads\/2021\/01\/Logo-Ivinio-v2.jpg","contentUrl":"https:\/\/www.ivinio.com\/wp-content\/uploads\/2021\/01\/Logo-Ivinio-v2.jpg","width":1194,"height":1194,"caption":"IVINIO"},"image":{"@id":"https:\/\/www.ivinio.com\/fr\/#\/schema\/logo\/image\/"},"sameAs":["https:\/\/www.facebook.com\/groups\/165217837022391\/?ref=bookmarks","https:\/\/www.instagram.com\/_ivinio_\/?hl=fr"]}]}},"jetpack_sharing_enabled":true,"_links":{"self":[{"href":"https:\/\/www.ivinio.com\/fr\/wp-json\/wp\/v2\/product\/118674","targetHints":{"allow":["GET"]}}],"collection":[{"href":"https:\/\/www.ivinio.com\/fr\/wp-json\/wp\/v2\/product"}],"about":[{"href":"https:\/\/www.ivinio.com\/fr\/wp-json\/wp\/v2\/types\/product"}],"replies":[{"embeddable":true,"href":"https:\/\/www.ivinio.com\/fr\/wp-json\/wp\/v2\/comments?post=118674"}],"wp:featuredmedia":[{"embeddable":true,"href":"https:\/\/www.ivinio.com\/fr\/wp-json\/wp\/v2\/media\/118677"}],"wp:attachment":[{"href":"https:\/\/www.ivinio.com\/fr\/wp-json\/wp\/v2\/media?parent=118674"}],"wp:term":[{"taxonomy":"product_brand","embeddable":true,"href":"https:\/\/www.ivinio.com\/fr\/wp-json\/wp\/v2\/product_brand?post=118674"},{"taxonomy":"product_cat","embeddable":true,"href":"https:\/\/www.ivinio.com\/fr\/wp-json\/wp\/v2\/product_cat?post=118674"},{"taxonomy":"product_tag","embeddable":true,"href":"https:\/\/www.ivinio.com\/fr\/wp-json\/wp\/v2\/product_tag?post=118674"}],"curies":[{"name":"wp","href":"https:\/\/api.w.org\/{rel}","templated":true}]}}