{"id":118663,"date":"2014-10-03T14:48:29","date_gmt":"2014-10-03T14:48:29","guid":{"rendered":"https:\/\/henrik.www.ivinio.com\/?product=tenuta-di-vaira-bolgherese-bolgheri-rosso-superiore-rouge"},"modified":"2023-05-23T18:41:51","modified_gmt":"2023-05-23T16:41:51","slug":"tenuta-di-vaira-bolgherese-bolgheri-rosso-superiore-rouge","status":"publish","type":"product","link":"https:\/\/www.ivinio.com\/fr\/produit\/tenuta-di-vaira-bolgherese-bolgheri-rosso-superiore-rouge\/","title":{"rendered":"Tenuta di Vaira &#8211; &#8220;Bolgherese&#8221; &#8211; Bolgheri Rosso Superiore &#8211; Rouge"},"content":{"rendered":"<p>&#8220;Bolgherese&#8221; est compos\u00e9 \u00e0\u00a0parts \u00e9gales de Cabernet Sauvignon et de Merlot. Les raisins sont r\u00e9colt\u00e9s au fur et \u00e0\u00a0mesure dans des &#8220;cassettes&#8221; d&#8217;une capacit\u00e9 de 18 kg. Ces caisses favorisent le tri des raisins. Les\u00a0brindilles, feuilles et autres d\u00e9bris sont \u00e9limin\u00e9s. Les raisins sont ferment\u00e9s dans des cuves en acier inoxydable \u00e0 temp\u00e9rature contr\u00f4l\u00e9e. Le vin est \u00e9lev\u00e9 en\u00a0f\u00fbts de ch\u00eane fran\u00e7ais (50% sont toujours nouveaux) pendant 16 mois, puis encore 6 mois en bouteille.<\/p>\n","protected":false},"excerpt":{"rendered":"<p>&#8220;Bolgherese&#8221; est constitu\u00e9 \u00e0\u00a0parts \u00e9gales de Cabernet Sauvignon et Merlot. Une qualit\u00e9 de vin de Bolgheri avec des notes aromatiques de r\u00e9glisse, de prune et de caf\u00e9.<\/p>\n","protected":false},"featured_media":118666,"comment_status":"open","ping_status":"closed","template":"","meta":{"_monsterinsights_skip_tracking":false,"_monsterinsights_sitenote_active":false,"_monsterinsights_sitenote_note":"","_monsterinsights_sitenote_category":0,"_uf_show_specific_survey":0,"_uf_disable_surveys":false},"product_brand":[],"product_cat":[36595,36589],"product_tag":[],"class_list":{"0":"post-118663","1":"product","2":"type-product","3":"status-publish","4":"has-post-thumbnail","6":"product_cat-fr-toscane","7":"product_cat-vins-italiens","8":"pa_alcohol-degree-145-fr","9":"pa_awards-wine-enthusiast-fr","10":"pa_classification-doc-bolgheri-rosso-superiore-fr","11":"pa_color-rouge-fr","12":"pa_country-italie-fr","13":"pa_grape-variety-cabernet-sauvignon-fr","14":"pa_grape-variety-merlot-fr","15":"pa_package-1x1-fr","16":"pa_package-1x6-fr","17":"pa_region-toscane-fr","18":"pa_storage-potential-10-ans-fr","19":"pa_vintage-2020-fr","20":"pa_volume-75-cl-fr","22":"first","23":"instock","24":"taxable","25":"shipping-taxable","26":"purchasable","27":"product-type-variable"},"bundled_by":[],"bundle_stock_status":"instock","bundle_stock_quantity":null,"bundle_virtual":false,"bundle_layout":"","bundle_add_to_cart_form_location":"","bundle_editable_in_cart":false,"bundle_sold_individually_context":"","bundle_item_grouping":"","bundle_min_size":"","bundle_max_size":"","bundle_price":[],"bundled_items":[],"bundle_sell_ids":[],"yoast_head":"<!-- This site is optimized with the Yoast SEO plugin v27.5 - https:\/\/yoast.com\/product\/yoast-seo-wordpress\/ -->\n<title>Tenuta di Vaira - &quot;Bolgherese&quot; - Bolgheri Rosso Superiore - vin rouge<\/title>\n<meta name=\"description\" content=\"Acheter Tenuta di Vaira - &quot;Bolgherese&quot; - Bolgheri Rosso Superiore - vin rouge. Bolgheri avec des notes de r\u00e9glisse, de prune et de caf\u00e9.\" \/>\n<meta name=\"robots\" content=\"index, follow, max-snippet:-1, max-image-preview:large, max-video-preview:-1\" \/>\n<link rel=\"canonical\" href=\"https:\/\/www.ivinio.com\/fr\/produit\/tenuta-di-vaira-bolgherese-bolgheri-rosso-superiore-rouge\/\" \/>\n<meta property=\"og:locale\" content=\"fr_FR\" \/>\n<meta property=\"og:type\" content=\"article\" \/>\n<meta property=\"og:title\" content=\"Tenuta di Vaira - &quot;Bolgherese&quot; - Bolgheri Rosso Superiore - vin rouge\" \/>\n<meta property=\"og:description\" content=\"Acheter Tenuta di Vaira - &quot;Bolgherese&quot; - Bolgheri Rosso Superiore - vin rouge. Bolgheri avec des notes de r\u00e9glisse, de prune et de caf\u00e9.\" \/>\n<meta property=\"og:url\" content=\"https:\/\/www.ivinio.com\/fr\/produit\/tenuta-di-vaira-bolgherese-bolgheri-rosso-superiore-rouge\/\" \/>\n<meta property=\"og:site_name\" content=\"IVINIO Caviste\" \/>\n<meta property=\"article:publisher\" content=\"https:\/\/www.facebook.com\/groups\/165217837022391\/?ref=bookmarks\" \/>\n<meta property=\"article:modified_time\" content=\"2023-05-23T16:41:51+00:00\" \/>\n<meta property=\"og:image\" content=\"https:\/\/www.ivinio.com\/wp-content\/uploads\/nc\/public\/modules\/file\/pictures\/5123.divairabolgherese500x500.jpg\" \/>\n\t<meta property=\"og:image:width\" content=\"500\" \/>\n\t<meta property=\"og:image:height\" content=\"500\" \/>\n\t<meta property=\"og:image:type\" content=\"image\/jpeg\" \/>\n<meta name=\"twitter:card\" content=\"summary_large_image\" \/>\n<script type=\"application\/ld+json\" class=\"yoast-schema-graph\">{\"@context\":\"https:\\\/\\\/schema.org\",\"@graph\":[{\"@type\":\"WebPage\",\"@id\":\"https:\\\/\\\/www.ivinio.com\\\/fr\\\/produit\\\/tenuta-di-vaira-bolgherese-bolgheri-rosso-superiore-rouge\\\/\",\"url\":\"https:\\\/\\\/www.ivinio.com\\\/fr\\\/produit\\\/tenuta-di-vaira-bolgherese-bolgheri-rosso-superiore-rouge\\\/\",\"name\":\"Tenuta di Vaira - \\\"Bolgherese\\\" - Bolgheri Rosso Superiore - vin rouge\",\"isPartOf\":{\"@id\":\"https:\\\/\\\/www.ivinio.com\\\/fr\\\/#website\"},\"primaryImageOfPage\":{\"@id\":\"https:\\\/\\\/www.ivinio.com\\\/fr\\\/produit\\\/tenuta-di-vaira-bolgherese-bolgheri-rosso-superiore-rouge\\\/#primaryimage\"},\"image\":{\"@id\":\"https:\\\/\\\/www.ivinio.com\\\/fr\\\/produit\\\/tenuta-di-vaira-bolgherese-bolgheri-rosso-superiore-rouge\\\/#primaryimage\"},\"thumbnailUrl\":\"https:\\\/\\\/www.ivinio.com\\\/wp-content\\\/uploads\\\/nc\\\/public\\\/modules\\\/file\\\/pictures\\\/5123.divairabolgherese500x500.jpg\",\"datePublished\":\"2014-10-03T14:48:29+00:00\",\"dateModified\":\"2023-05-23T16:41:51+00:00\",\"description\":\"Acheter Tenuta di Vaira - \\\"Bolgherese\\\" - Bolgheri Rosso Superiore - vin rouge. Bolgheri avec des notes de r\u00e9glisse, de prune et de caf\u00e9.\",\"breadcrumb\":{\"@id\":\"https:\\\/\\\/www.ivinio.com\\\/fr\\\/produit\\\/tenuta-di-vaira-bolgherese-bolgheri-rosso-superiore-rouge\\\/#breadcrumb\"},\"inLanguage\":\"fr-FR\",\"potentialAction\":[{\"@type\":\"ReadAction\",\"target\":[\"https:\\\/\\\/www.ivinio.com\\\/fr\\\/produit\\\/tenuta-di-vaira-bolgherese-bolgheri-rosso-superiore-rouge\\\/\"]}]},{\"@type\":\"ImageObject\",\"inLanguage\":\"fr-FR\",\"@id\":\"https:\\\/\\\/www.ivinio.com\\\/fr\\\/produit\\\/tenuta-di-vaira-bolgherese-bolgheri-rosso-superiore-rouge\\\/#primaryimage\",\"url\":\"https:\\\/\\\/www.ivinio.com\\\/wp-content\\\/uploads\\\/nc\\\/public\\\/modules\\\/file\\\/pictures\\\/5123.divairabolgherese500x500.jpg\",\"contentUrl\":\"https:\\\/\\\/www.ivinio.com\\\/wp-content\\\/uploads\\\/nc\\\/public\\\/modules\\\/file\\\/pictures\\\/5123.divairabolgherese500x500.jpg\",\"width\":500,\"height\":500,\"caption\":\"Tenuta di Vaira - \\\"Bolgherese\\\" - Bolgheri Rosso Superiore\"},{\"@type\":\"BreadcrumbList\",\"@id\":\"https:\\\/\\\/www.ivinio.com\\\/fr\\\/produit\\\/tenuta-di-vaira-bolgherese-bolgheri-rosso-superiore-rouge\\\/#breadcrumb\",\"itemListElement\":[{\"@type\":\"ListItem\",\"position\":1,\"name\":\"Home\",\"item\":\"https:\\\/\\\/www.ivinio.com\\\/fr\\\/\"},{\"@type\":\"ListItem\",\"position\":2,\"name\":\"Boutique de vin\",\"item\":\"https:\\\/\\\/www.ivinio.com\\\/fr\\\/boutique-de-vin\\\/\"},{\"@type\":\"ListItem\",\"position\":3,\"name\":\"Tenuta di Vaira &#8211; &#8220;Bolgherese&#8221; &#8211; Bolgheri Rosso Superiore &#8211; Rouge\"}]},{\"@type\":\"WebSite\",\"@id\":\"https:\\\/\\\/www.ivinio.com\\\/fr\\\/#website\",\"url\":\"https:\\\/\\\/www.ivinio.com\\\/fr\\\/\",\"name\":\"IVINIO Caviste\",\"description\":\"Vins de France et d&#039;Italie avec livraison \u00e0 domicile\",\"publisher\":{\"@id\":\"https:\\\/\\\/www.ivinio.com\\\/fr\\\/#organization\"},\"potentialAction\":[{\"@type\":\"SearchAction\",\"target\":{\"@type\":\"EntryPoint\",\"urlTemplate\":\"https:\\\/\\\/www.ivinio.com\\\/fr\\\/?s={search_term_string}\"},\"query-input\":{\"@type\":\"PropertyValueSpecification\",\"valueRequired\":true,\"valueName\":\"search_term_string\"}}],\"inLanguage\":\"fr-FR\"},{\"@type\":\"Organization\",\"@id\":\"https:\\\/\\\/www.ivinio.com\\\/fr\\\/#organization\",\"name\":\"IVINIO\",\"url\":\"https:\\\/\\\/www.ivinio.com\\\/fr\\\/\",\"logo\":{\"@type\":\"ImageObject\",\"inLanguage\":\"fr-FR\",\"@id\":\"https:\\\/\\\/www.ivinio.com\\\/fr\\\/#\\\/schema\\\/logo\\\/image\\\/\",\"url\":\"https:\\\/\\\/www.ivinio.com\\\/wp-content\\\/uploads\\\/2021\\\/01\\\/Logo-Ivinio-v2.jpg\",\"contentUrl\":\"https:\\\/\\\/www.ivinio.com\\\/wp-content\\\/uploads\\\/2021\\\/01\\\/Logo-Ivinio-v2.jpg\",\"width\":1194,\"height\":1194,\"caption\":\"IVINIO\"},\"image\":{\"@id\":\"https:\\\/\\\/www.ivinio.com\\\/fr\\\/#\\\/schema\\\/logo\\\/image\\\/\"},\"sameAs\":[\"https:\\\/\\\/www.facebook.com\\\/groups\\\/165217837022391\\\/?ref=bookmarks\",\"https:\\\/\\\/www.instagram.com\\\/_ivinio_\\\/?hl=fr\"]}]}<\/script>\n<!-- \/ Yoast SEO plugin. -->","yoast_head_json":{"title":"Tenuta di Vaira - \"Bolgherese\" - Bolgheri Rosso Superiore - vin rouge","description":"Acheter Tenuta di Vaira - \"Bolgherese\" - Bolgheri Rosso Superiore - vin rouge. Bolgheri avec des notes de r\u00e9glisse, de prune et de caf\u00e9.","robots":{"index":"index","follow":"follow","max-snippet":"max-snippet:-1","max-image-preview":"max-image-preview:large","max-video-preview":"max-video-preview:-1"},"canonical":"https:\/\/www.ivinio.com\/fr\/produit\/tenuta-di-vaira-bolgherese-bolgheri-rosso-superiore-rouge\/","og_locale":"fr_FR","og_type":"article","og_title":"Tenuta di Vaira - \"Bolgherese\" - Bolgheri Rosso Superiore - vin rouge","og_description":"Acheter Tenuta di Vaira - \"Bolgherese\" - Bolgheri Rosso Superiore - vin rouge. Bolgheri avec des notes de r\u00e9glisse, de prune et de caf\u00e9.","og_url":"https:\/\/www.ivinio.com\/fr\/produit\/tenuta-di-vaira-bolgherese-bolgheri-rosso-superiore-rouge\/","og_site_name":"IVINIO Caviste","article_publisher":"https:\/\/www.facebook.com\/groups\/165217837022391\/?ref=bookmarks","article_modified_time":"2023-05-23T16:41:51+00:00","og_image":[{"width":500,"height":500,"url":"https:\/\/www.ivinio.com\/wp-content\/uploads\/nc\/public\/modules\/file\/pictures\/5123.divairabolgherese500x500.jpg","type":"image\/jpeg"}],"twitter_card":"summary_large_image","schema":{"@context":"https:\/\/schema.org","@graph":[{"@type":"WebPage","@id":"https:\/\/www.ivinio.com\/fr\/produit\/tenuta-di-vaira-bolgherese-bolgheri-rosso-superiore-rouge\/","url":"https:\/\/www.ivinio.com\/fr\/produit\/tenuta-di-vaira-bolgherese-bolgheri-rosso-superiore-rouge\/","name":"Tenuta di Vaira - \"Bolgherese\" - Bolgheri Rosso Superiore - vin rouge","isPartOf":{"@id":"https:\/\/www.ivinio.com\/fr\/#website"},"primaryImageOfPage":{"@id":"https:\/\/www.ivinio.com\/fr\/produit\/tenuta-di-vaira-bolgherese-bolgheri-rosso-superiore-rouge\/#primaryimage"},"image":{"@id":"https:\/\/www.ivinio.com\/fr\/produit\/tenuta-di-vaira-bolgherese-bolgheri-rosso-superiore-rouge\/#primaryimage"},"thumbnailUrl":"https:\/\/www.ivinio.com\/wp-content\/uploads\/nc\/public\/modules\/file\/pictures\/5123.divairabolgherese500x500.jpg","datePublished":"2014-10-03T14:48:29+00:00","dateModified":"2023-05-23T16:41:51+00:00","description":"Acheter Tenuta di Vaira - \"Bolgherese\" - Bolgheri Rosso Superiore - vin rouge. Bolgheri avec des notes de r\u00e9glisse, de prune et de caf\u00e9.","breadcrumb":{"@id":"https:\/\/www.ivinio.com\/fr\/produit\/tenuta-di-vaira-bolgherese-bolgheri-rosso-superiore-rouge\/#breadcrumb"},"inLanguage":"fr-FR","potentialAction":[{"@type":"ReadAction","target":["https:\/\/www.ivinio.com\/fr\/produit\/tenuta-di-vaira-bolgherese-bolgheri-rosso-superiore-rouge\/"]}]},{"@type":"ImageObject","inLanguage":"fr-FR","@id":"https:\/\/www.ivinio.com\/fr\/produit\/tenuta-di-vaira-bolgherese-bolgheri-rosso-superiore-rouge\/#primaryimage","url":"https:\/\/www.ivinio.com\/wp-content\/uploads\/nc\/public\/modules\/file\/pictures\/5123.divairabolgherese500x500.jpg","contentUrl":"https:\/\/www.ivinio.com\/wp-content\/uploads\/nc\/public\/modules\/file\/pictures\/5123.divairabolgherese500x500.jpg","width":500,"height":500,"caption":"Tenuta di Vaira - \"Bolgherese\" - Bolgheri Rosso Superiore"},{"@type":"BreadcrumbList","@id":"https:\/\/www.ivinio.com\/fr\/produit\/tenuta-di-vaira-bolgherese-bolgheri-rosso-superiore-rouge\/#breadcrumb","itemListElement":[{"@type":"ListItem","position":1,"name":"Home","item":"https:\/\/www.ivinio.com\/fr\/"},{"@type":"ListItem","position":2,"name":"Boutique de vin","item":"https:\/\/www.ivinio.com\/fr\/boutique-de-vin\/"},{"@type":"ListItem","position":3,"name":"Tenuta di Vaira &#8211; &#8220;Bolgherese&#8221; &#8211; Bolgheri Rosso Superiore &#8211; Rouge"}]},{"@type":"WebSite","@id":"https:\/\/www.ivinio.com\/fr\/#website","url":"https:\/\/www.ivinio.com\/fr\/","name":"IVINIO Caviste","description":"Vins de France et d&#039;Italie avec livraison \u00e0 domicile","publisher":{"@id":"https:\/\/www.ivinio.com\/fr\/#organization"},"potentialAction":[{"@type":"SearchAction","target":{"@type":"EntryPoint","urlTemplate":"https:\/\/www.ivinio.com\/fr\/?s={search_term_string}"},"query-input":{"@type":"PropertyValueSpecification","valueRequired":true,"valueName":"search_term_string"}}],"inLanguage":"fr-FR"},{"@type":"Organization","@id":"https:\/\/www.ivinio.com\/fr\/#organization","name":"IVINIO","url":"https:\/\/www.ivinio.com\/fr\/","logo":{"@type":"ImageObject","inLanguage":"fr-FR","@id":"https:\/\/www.ivinio.com\/fr\/#\/schema\/logo\/image\/","url":"https:\/\/www.ivinio.com\/wp-content\/uploads\/2021\/01\/Logo-Ivinio-v2.jpg","contentUrl":"https:\/\/www.ivinio.com\/wp-content\/uploads\/2021\/01\/Logo-Ivinio-v2.jpg","width":1194,"height":1194,"caption":"IVINIO"},"image":{"@id":"https:\/\/www.ivinio.com\/fr\/#\/schema\/logo\/image\/"},"sameAs":["https:\/\/www.facebook.com\/groups\/165217837022391\/?ref=bookmarks","https:\/\/www.instagram.com\/_ivinio_\/?hl=fr"]}]}},"jetpack_sharing_enabled":true,"_links":{"self":[{"href":"https:\/\/www.ivinio.com\/fr\/wp-json\/wp\/v2\/product\/118663","targetHints":{"allow":["GET"]}}],"collection":[{"href":"https:\/\/www.ivinio.com\/fr\/wp-json\/wp\/v2\/product"}],"about":[{"href":"https:\/\/www.ivinio.com\/fr\/wp-json\/wp\/v2\/types\/product"}],"replies":[{"embeddable":true,"href":"https:\/\/www.ivinio.com\/fr\/wp-json\/wp\/v2\/comments?post=118663"}],"wp:featuredmedia":[{"embeddable":true,"href":"https:\/\/www.ivinio.com\/fr\/wp-json\/wp\/v2\/media\/118666"}],"wp:attachment":[{"href":"https:\/\/www.ivinio.com\/fr\/wp-json\/wp\/v2\/media?parent=118663"}],"wp:term":[{"taxonomy":"product_brand","embeddable":true,"href":"https:\/\/www.ivinio.com\/fr\/wp-json\/wp\/v2\/product_brand?post=118663"},{"taxonomy":"product_cat","embeddable":true,"href":"https:\/\/www.ivinio.com\/fr\/wp-json\/wp\/v2\/product_cat?post=118663"},{"taxonomy":"product_tag","embeddable":true,"href":"https:\/\/www.ivinio.com\/fr\/wp-json\/wp\/v2\/product_tag?post=118663"}],"curies":[{"name":"wp","href":"https:\/\/api.w.org\/{rel}","templated":true}]}}