{"id":118621,"date":"2014-10-02T13:08:55","date_gmt":"2014-10-02T13:08:55","guid":{"rendered":"https:\/\/henrik.www.ivinio.com\/?product=san-giusto-a-rentennano-chianti-classico-rouge"},"modified":"2024-08-01T11:58:25","modified_gmt":"2024-08-01T09:58:25","slug":"san-giusto-a-rentennano-chianti-classico-rouge","status":"publish","type":"product","link":"https:\/\/www.ivinio.com\/fr\/produit\/san-giusto-a-rentennano-chianti-classico-rouge\/","title":{"rendered":"San Giusto a Rentennano &#8211; Chianti Classico &#8211; Rouge"},"content":{"rendered":"<p>Le Chianti Classico est produit de 95% du c\u00e9page Sangiovese et 5% de\u00a0Canaiolo\u00a0qui sont tri\u00e9s sur le volet \u00e0 pleine maturit\u00e9 et ferment\u00e9 dans des cuves en ciment \u00e9maill\u00e9es et \/ ou dans des cuves en acier inoxydable pendant 14 jours. Le raisin est\u00a0r\u00e9guli\u00e8rement agit\u00e9. Le vin est press\u00e9 et la fermentation malolactique est r\u00e9alis\u00e9e dans une pi\u00e8ce chauff\u00e9e. Le vin est d\u00e9cant\u00e9 \u00e0 plusieurs reprises (sfecciature) puis est \u00e9lev\u00e9 en\u00a0f\u00fbts de ch\u00eane pour 10-12 mois. Le vin fini est stock\u00e9 plus de\u00a06 mois en bouteille avant sa mise en vente.<\/p>\n","protected":false},"excerpt":{"rendered":"<p>Un vin \u00e9quilibr\u00e9, bien fait et\u00a0souvent prim\u00e9, ce Chianti Classico a des notes complexes de fruits rouges, de violette, de bleuet et de cuir. A d\u00e9guster avec un plateau d&#8217;antipasti italiens ou sur une viande en sauce.<\/p>\n","protected":false},"featured_media":118624,"comment_status":"open","ping_status":"closed","template":"","meta":{"_monsterinsights_skip_tracking":false,"_monsterinsights_sitenote_active":false,"_monsterinsights_sitenote_note":"","_monsterinsights_sitenote_category":0,"_uf_show_specific_survey":0,"_uf_disable_surveys":false},"product_brand":[],"product_cat":[36595,36589],"product_tag":[],"class_list":{"0":"post-118621","1":"product","2":"type-product","3":"status-publish","4":"has-post-thumbnail","6":"product_cat-fr-toscane","7":"product_cat-vins-italiens","8":"pa_alcohol-degree-145-fr","9":"pa_awards-jancis-robinson-fr","10":"pa_awards-vinous-antonio-galloni-fr","11":"pa_awards-wine-enthusiast-fr","12":"pa_awards-wine-spectator-fr","13":"pa_classification-docg-chianti-classico-fr","14":"pa_color-rouge-fr","15":"pa_country-italie-fr","16":"pa_grape-variety-canaiolo-fr","17":"pa_grape-variety-sangiovese-fr","18":"pa_region-toscane-fr","19":"pa_storage-potential-6-ans-fr","20":"pa_vintage-2022-fr","21":"pa_volume-75-cl-fr","23":"first","24":"instock","25":"taxable","26":"shipping-taxable","27":"purchasable","28":"product-type-simple"},"bundled_by":[],"bundle_stock_status":"instock","bundle_stock_quantity":null,"bundle_virtual":false,"bundle_layout":"","bundle_add_to_cart_form_location":"","bundle_editable_in_cart":false,"bundle_sold_individually_context":"","bundle_item_grouping":"","bundle_min_size":"","bundle_max_size":"","bundle_price":[],"bundled_items":[],"bundle_sell_ids":[],"yoast_head":"<!-- This site is optimized with the Yoast SEO plugin v27.4 - https:\/\/yoast.com\/product\/yoast-seo-wordpress\/ -->\n<title>Acheter San Giusto a Rentennano - Chianti Classico - vin rouge - IVINIO Caviste<\/title>\n<meta name=\"description\" content=\"Acheter San Giusto a Rentennano - Chianti Classico - vin rouge. Prim\u00e9 avec des notes complexes de r\u00e9glisse, de violette, de bleuet et de cuir.\" \/>\n<meta name=\"robots\" content=\"index, follow, max-snippet:-1, max-image-preview:large, max-video-preview:-1\" \/>\n<link rel=\"canonical\" href=\"https:\/\/www.ivinio.com\/fr\/produit\/san-giusto-a-rentennano-chianti-classico-rouge\/\" \/>\n<meta property=\"og:locale\" content=\"fr_FR\" \/>\n<meta property=\"og:type\" content=\"article\" \/>\n<meta property=\"og:title\" content=\"Acheter San Giusto a Rentennano - Chianti Classico - vin rouge - IVINIO Caviste\" \/>\n<meta property=\"og:description\" content=\"Acheter San Giusto a Rentennano - Chianti Classico - vin rouge. Prim\u00e9 avec des notes complexes de r\u00e9glisse, de violette, de bleuet et de cuir.\" \/>\n<meta property=\"og:url\" content=\"https:\/\/www.ivinio.com\/fr\/produit\/san-giusto-a-rentennano-chianti-classico-rouge\/\" \/>\n<meta property=\"og:site_name\" content=\"IVINIO Caviste\" \/>\n<meta property=\"article:publisher\" content=\"https:\/\/www.facebook.com\/groups\/165217837022391\/?ref=bookmarks\" \/>\n<meta property=\"article:modified_time\" content=\"2024-08-01T09:58:25+00:00\" \/>\n<meta property=\"og:image\" content=\"https:\/\/www.ivinio.com\/wp-content\/uploads\/nc\/public\/modules\/file\/pictures\/5098.sangiustorentennanochiantic.jpg\" \/>\n\t<meta property=\"og:image:width\" content=\"500\" \/>\n\t<meta property=\"og:image:height\" content=\"500\" \/>\n\t<meta property=\"og:image:type\" content=\"image\/jpeg\" \/>\n<meta name=\"twitter:card\" content=\"summary_large_image\" \/>\n<meta name=\"twitter:label1\" content=\"Dur\u00e9e de lecture estim\u00e9e\" \/>\n\t<meta name=\"twitter:data1\" content=\"1 minute\" \/>\n<script type=\"application\/ld+json\" class=\"yoast-schema-graph\">{\"@context\":\"https:\\\/\\\/schema.org\",\"@graph\":[{\"@type\":\"WebPage\",\"@id\":\"https:\\\/\\\/www.ivinio.com\\\/fr\\\/produit\\\/san-giusto-a-rentennano-chianti-classico-rouge\\\/\",\"url\":\"https:\\\/\\\/www.ivinio.com\\\/fr\\\/produit\\\/san-giusto-a-rentennano-chianti-classico-rouge\\\/\",\"name\":\"Acheter San Giusto a Rentennano - Chianti Classico - vin rouge - IVINIO Caviste\",\"isPartOf\":{\"@id\":\"https:\\\/\\\/www.ivinio.com\\\/fr\\\/#website\"},\"primaryImageOfPage\":{\"@id\":\"https:\\\/\\\/www.ivinio.com\\\/fr\\\/produit\\\/san-giusto-a-rentennano-chianti-classico-rouge\\\/#primaryimage\"},\"image\":{\"@id\":\"https:\\\/\\\/www.ivinio.com\\\/fr\\\/produit\\\/san-giusto-a-rentennano-chianti-classico-rouge\\\/#primaryimage\"},\"thumbnailUrl\":\"https:\\\/\\\/www.ivinio.com\\\/wp-content\\\/uploads\\\/nc\\\/public\\\/modules\\\/file\\\/pictures\\\/5098.sangiustorentennanochiantic.jpg\",\"datePublished\":\"2014-10-02T13:08:55+00:00\",\"dateModified\":\"2024-08-01T09:58:25+00:00\",\"description\":\"Acheter San Giusto a Rentennano - Chianti Classico - vin rouge. Prim\u00e9 avec des notes complexes de r\u00e9glisse, de violette, de bleuet et de cuir.\",\"breadcrumb\":{\"@id\":\"https:\\\/\\\/www.ivinio.com\\\/fr\\\/produit\\\/san-giusto-a-rentennano-chianti-classico-rouge\\\/#breadcrumb\"},\"inLanguage\":\"fr-FR\",\"potentialAction\":[{\"@type\":\"ReadAction\",\"target\":[\"https:\\\/\\\/www.ivinio.com\\\/fr\\\/produit\\\/san-giusto-a-rentennano-chianti-classico-rouge\\\/\"]}]},{\"@type\":\"ImageObject\",\"inLanguage\":\"fr-FR\",\"@id\":\"https:\\\/\\\/www.ivinio.com\\\/fr\\\/produit\\\/san-giusto-a-rentennano-chianti-classico-rouge\\\/#primaryimage\",\"url\":\"https:\\\/\\\/www.ivinio.com\\\/wp-content\\\/uploads\\\/nc\\\/public\\\/modules\\\/file\\\/pictures\\\/5098.sangiustorentennanochiantic.jpg\",\"contentUrl\":\"https:\\\/\\\/www.ivinio.com\\\/wp-content\\\/uploads\\\/nc\\\/public\\\/modules\\\/file\\\/pictures\\\/5098.sangiustorentennanochiantic.jpg\",\"width\":500,\"height\":500,\"caption\":\"San Giusto a Rentennano - Chianti Classico\"},{\"@type\":\"BreadcrumbList\",\"@id\":\"https:\\\/\\\/www.ivinio.com\\\/fr\\\/produit\\\/san-giusto-a-rentennano-chianti-classico-rouge\\\/#breadcrumb\",\"itemListElement\":[{\"@type\":\"ListItem\",\"position\":1,\"name\":\"Home\",\"item\":\"https:\\\/\\\/www.ivinio.com\\\/fr\\\/\"},{\"@type\":\"ListItem\",\"position\":2,\"name\":\"Boutique de vin\",\"item\":\"https:\\\/\\\/www.ivinio.com\\\/fr\\\/boutique-de-vin\\\/\"},{\"@type\":\"ListItem\",\"position\":3,\"name\":\"San Giusto a Rentennano &#8211; Chianti Classico &#8211; Rouge\"}]},{\"@type\":\"WebSite\",\"@id\":\"https:\\\/\\\/www.ivinio.com\\\/fr\\\/#website\",\"url\":\"https:\\\/\\\/www.ivinio.com\\\/fr\\\/\",\"name\":\"IVINIO Caviste\",\"description\":\"Vins de France et d&#039;Italie avec livraison \u00e0 domicile\",\"publisher\":{\"@id\":\"https:\\\/\\\/www.ivinio.com\\\/fr\\\/#organization\"},\"potentialAction\":[{\"@type\":\"SearchAction\",\"target\":{\"@type\":\"EntryPoint\",\"urlTemplate\":\"https:\\\/\\\/www.ivinio.com\\\/fr\\\/?s={search_term_string}\"},\"query-input\":{\"@type\":\"PropertyValueSpecification\",\"valueRequired\":true,\"valueName\":\"search_term_string\"}}],\"inLanguage\":\"fr-FR\"},{\"@type\":\"Organization\",\"@id\":\"https:\\\/\\\/www.ivinio.com\\\/fr\\\/#organization\",\"name\":\"IVINIO\",\"url\":\"https:\\\/\\\/www.ivinio.com\\\/fr\\\/\",\"logo\":{\"@type\":\"ImageObject\",\"inLanguage\":\"fr-FR\",\"@id\":\"https:\\\/\\\/www.ivinio.com\\\/fr\\\/#\\\/schema\\\/logo\\\/image\\\/\",\"url\":\"https:\\\/\\\/www.ivinio.com\\\/wp-content\\\/uploads\\\/2021\\\/01\\\/Logo-Ivinio-v2.jpg\",\"contentUrl\":\"https:\\\/\\\/www.ivinio.com\\\/wp-content\\\/uploads\\\/2021\\\/01\\\/Logo-Ivinio-v2.jpg\",\"width\":1194,\"height\":1194,\"caption\":\"IVINIO\"},\"image\":{\"@id\":\"https:\\\/\\\/www.ivinio.com\\\/fr\\\/#\\\/schema\\\/logo\\\/image\\\/\"},\"sameAs\":[\"https:\\\/\\\/www.facebook.com\\\/groups\\\/165217837022391\\\/?ref=bookmarks\",\"https:\\\/\\\/www.instagram.com\\\/_ivinio_\\\/?hl=fr\"]}]}<\/script>\n<!-- \/ Yoast SEO plugin. -->","yoast_head_json":{"title":"Acheter San Giusto a Rentennano - Chianti Classico - vin rouge - IVINIO Caviste","description":"Acheter San Giusto a Rentennano - Chianti Classico - vin rouge. Prim\u00e9 avec des notes complexes de r\u00e9glisse, de violette, de bleuet et de cuir.","robots":{"index":"index","follow":"follow","max-snippet":"max-snippet:-1","max-image-preview":"max-image-preview:large","max-video-preview":"max-video-preview:-1"},"canonical":"https:\/\/www.ivinio.com\/fr\/produit\/san-giusto-a-rentennano-chianti-classico-rouge\/","og_locale":"fr_FR","og_type":"article","og_title":"Acheter San Giusto a Rentennano - Chianti Classico - vin rouge - IVINIO Caviste","og_description":"Acheter San Giusto a Rentennano - Chianti Classico - vin rouge. Prim\u00e9 avec des notes complexes de r\u00e9glisse, de violette, de bleuet et de cuir.","og_url":"https:\/\/www.ivinio.com\/fr\/produit\/san-giusto-a-rentennano-chianti-classico-rouge\/","og_site_name":"IVINIO Caviste","article_publisher":"https:\/\/www.facebook.com\/groups\/165217837022391\/?ref=bookmarks","article_modified_time":"2024-08-01T09:58:25+00:00","og_image":[{"width":500,"height":500,"url":"https:\/\/www.ivinio.com\/wp-content\/uploads\/nc\/public\/modules\/file\/pictures\/5098.sangiustorentennanochiantic.jpg","type":"image\/jpeg"}],"twitter_card":"summary_large_image","twitter_misc":{"Dur\u00e9e de lecture estim\u00e9e":"1 minute"},"schema":{"@context":"https:\/\/schema.org","@graph":[{"@type":"WebPage","@id":"https:\/\/www.ivinio.com\/fr\/produit\/san-giusto-a-rentennano-chianti-classico-rouge\/","url":"https:\/\/www.ivinio.com\/fr\/produit\/san-giusto-a-rentennano-chianti-classico-rouge\/","name":"Acheter San Giusto a Rentennano - Chianti Classico - vin rouge - IVINIO Caviste","isPartOf":{"@id":"https:\/\/www.ivinio.com\/fr\/#website"},"primaryImageOfPage":{"@id":"https:\/\/www.ivinio.com\/fr\/produit\/san-giusto-a-rentennano-chianti-classico-rouge\/#primaryimage"},"image":{"@id":"https:\/\/www.ivinio.com\/fr\/produit\/san-giusto-a-rentennano-chianti-classico-rouge\/#primaryimage"},"thumbnailUrl":"https:\/\/www.ivinio.com\/wp-content\/uploads\/nc\/public\/modules\/file\/pictures\/5098.sangiustorentennanochiantic.jpg","datePublished":"2014-10-02T13:08:55+00:00","dateModified":"2024-08-01T09:58:25+00:00","description":"Acheter San Giusto a Rentennano - Chianti Classico - vin rouge. Prim\u00e9 avec des notes complexes de r\u00e9glisse, de violette, de bleuet et de cuir.","breadcrumb":{"@id":"https:\/\/www.ivinio.com\/fr\/produit\/san-giusto-a-rentennano-chianti-classico-rouge\/#breadcrumb"},"inLanguage":"fr-FR","potentialAction":[{"@type":"ReadAction","target":["https:\/\/www.ivinio.com\/fr\/produit\/san-giusto-a-rentennano-chianti-classico-rouge\/"]}]},{"@type":"ImageObject","inLanguage":"fr-FR","@id":"https:\/\/www.ivinio.com\/fr\/produit\/san-giusto-a-rentennano-chianti-classico-rouge\/#primaryimage","url":"https:\/\/www.ivinio.com\/wp-content\/uploads\/nc\/public\/modules\/file\/pictures\/5098.sangiustorentennanochiantic.jpg","contentUrl":"https:\/\/www.ivinio.com\/wp-content\/uploads\/nc\/public\/modules\/file\/pictures\/5098.sangiustorentennanochiantic.jpg","width":500,"height":500,"caption":"San Giusto a Rentennano - Chianti Classico"},{"@type":"BreadcrumbList","@id":"https:\/\/www.ivinio.com\/fr\/produit\/san-giusto-a-rentennano-chianti-classico-rouge\/#breadcrumb","itemListElement":[{"@type":"ListItem","position":1,"name":"Home","item":"https:\/\/www.ivinio.com\/fr\/"},{"@type":"ListItem","position":2,"name":"Boutique de vin","item":"https:\/\/www.ivinio.com\/fr\/boutique-de-vin\/"},{"@type":"ListItem","position":3,"name":"San Giusto a Rentennano &#8211; Chianti Classico &#8211; Rouge"}]},{"@type":"WebSite","@id":"https:\/\/www.ivinio.com\/fr\/#website","url":"https:\/\/www.ivinio.com\/fr\/","name":"IVINIO Caviste","description":"Vins de France et d&#039;Italie avec livraison \u00e0 domicile","publisher":{"@id":"https:\/\/www.ivinio.com\/fr\/#organization"},"potentialAction":[{"@type":"SearchAction","target":{"@type":"EntryPoint","urlTemplate":"https:\/\/www.ivinio.com\/fr\/?s={search_term_string}"},"query-input":{"@type":"PropertyValueSpecification","valueRequired":true,"valueName":"search_term_string"}}],"inLanguage":"fr-FR"},{"@type":"Organization","@id":"https:\/\/www.ivinio.com\/fr\/#organization","name":"IVINIO","url":"https:\/\/www.ivinio.com\/fr\/","logo":{"@type":"ImageObject","inLanguage":"fr-FR","@id":"https:\/\/www.ivinio.com\/fr\/#\/schema\/logo\/image\/","url":"https:\/\/www.ivinio.com\/wp-content\/uploads\/2021\/01\/Logo-Ivinio-v2.jpg","contentUrl":"https:\/\/www.ivinio.com\/wp-content\/uploads\/2021\/01\/Logo-Ivinio-v2.jpg","width":1194,"height":1194,"caption":"IVINIO"},"image":{"@id":"https:\/\/www.ivinio.com\/fr\/#\/schema\/logo\/image\/"},"sameAs":["https:\/\/www.facebook.com\/groups\/165217837022391\/?ref=bookmarks","https:\/\/www.instagram.com\/_ivinio_\/?hl=fr"]}]}},"jetpack_sharing_enabled":true,"_links":{"self":[{"href":"https:\/\/www.ivinio.com\/fr\/wp-json\/wp\/v2\/product\/118621","targetHints":{"allow":["GET"]}}],"collection":[{"href":"https:\/\/www.ivinio.com\/fr\/wp-json\/wp\/v2\/product"}],"about":[{"href":"https:\/\/www.ivinio.com\/fr\/wp-json\/wp\/v2\/types\/product"}],"replies":[{"embeddable":true,"href":"https:\/\/www.ivinio.com\/fr\/wp-json\/wp\/v2\/comments?post=118621"}],"wp:featuredmedia":[{"embeddable":true,"href":"https:\/\/www.ivinio.com\/fr\/wp-json\/wp\/v2\/media\/118624"}],"wp:attachment":[{"href":"https:\/\/www.ivinio.com\/fr\/wp-json\/wp\/v2\/media?parent=118621"}],"wp:term":[{"taxonomy":"product_brand","embeddable":true,"href":"https:\/\/www.ivinio.com\/fr\/wp-json\/wp\/v2\/product_brand?post=118621"},{"taxonomy":"product_cat","embeddable":true,"href":"https:\/\/www.ivinio.com\/fr\/wp-json\/wp\/v2\/product_cat?post=118621"},{"taxonomy":"product_tag","embeddable":true,"href":"https:\/\/www.ivinio.com\/fr\/wp-json\/wp\/v2\/product_tag?post=118621"}],"curies":[{"name":"wp","href":"https:\/\/api.w.org\/{rel}","templated":true}]}}