{"id":118606,"date":"2014-10-02T09:15:11","date_gmt":"2014-10-02T09:15:11","guid":{"rendered":"https:\/\/henrik.www.ivinio.com\/?product=icario-rosso-icario-rouge"},"modified":"2021-02-10T14:21:18","modified_gmt":"2021-02-10T13:21:18","slug":"icario-rosso-icario-rouge-1","status":"publish","type":"product","link":"https:\/\/www.ivinio.com\/fr\/produit\/icario-rosso-icario-rouge-1\/","title":{"rendered":"Icario &#8211; Rosso Icario &#8211; Rouge"},"content":{"rendered":"<p>Rosso Icario est produit de\u00a0Sangiovese \u00e0\u00a070%, 20% de raisins Teroldego et 10% de\u00a0Merlot. Les raisins sont cueillis \u00e0 la main et plac\u00e9s dans des paniers personnalis\u00e9s pour faciliter le tri lorsque les rameaux sont supprim\u00e9s et les raisins sont s\u00e9par\u00e9s des grappes. Progr\u00e8s de la fermentation en 15 \u00e0 20 jours \u00e0 25-27 \u00b0 C, suivie d&#8217;une fermentation malolactique. Le vin est \u00e9lev\u00e9 en f\u00fbts de ch\u00eane pendant 10 mois avant d&#8217;\u00eatre embouteill\u00e9. le vin est ensuite stock\u00e9\u00a0encore 4 mois avant sa mise en vente.<\/p>\n","protected":false},"excerpt":{"rendered":"<p>Icario Rosso est un vin rouge cors\u00e9 des c\u00e9pages\u00a0Sangiovese, Teroldego\u00a0et Merlot. Ar\u00f4mes de cerises et de framboises fra\u00eeches, parfait pour l&#8217;agneau r\u00f4ti ou un plateau de fromages.<\/p>\n","protected":false},"featured_media":118609,"comment_status":"open","ping_status":"closed","template":"","meta":{"_monsterinsights_skip_tracking":false,"_monsterinsights_sitenote_active":false,"_monsterinsights_sitenote_note":"","_monsterinsights_sitenote_category":0,"_uf_show_specific_survey":0,"_uf_disable_surveys":false},"product_brand":[],"product_cat":[36595,36589],"product_tag":[],"class_list":{"0":"post-118606","1":"product","2":"type-product","3":"status-publish","4":"has-post-thumbnail","6":"product_cat-fr-toscane","7":"product_cat-vins-italiens","8":"pa_alcohol-degree-13-5","9":"pa_awards-gambero-rosso-fr","10":"pa_awards-le-guide-de-lespresso-fr","11":"pa_awards-the-wine-advocate-fr","12":"pa_awards-vini-di-veronelli-fr","13":"pa_color-rouge-fr","14":"pa_country-italie-fr","15":"pa_grape-variety-merlot-fr","16":"pa_grape-variety-sangiovese-fr","17":"pa_region-toscane-fr","18":"pa_storage-potential-5-ans-fr","19":"pa_vintage-2012-fr","20":"pa_volume-75-cl-fr","22":"first","23":"outofstock","24":"taxable","25":"shipping-taxable","26":"purchasable","27":"product-type-simple"},"bundled_by":[],"bundle_stock_status":"outofstock","bundle_stock_quantity":1,"bundle_virtual":false,"bundle_layout":"","bundle_add_to_cart_form_location":"","bundle_editable_in_cart":false,"bundle_sold_individually_context":"","bundle_item_grouping":"","bundle_min_size":"","bundle_max_size":"","bundle_price":[],"bundled_items":[],"bundle_sell_ids":[],"yoast_head":"<!-- This site is optimized with the Yoast SEO plugin v27.4 - https:\/\/yoast.com\/product\/yoast-seo-wordpress\/ -->\n<title>Icario - Rosso Icario - rosso toscano - Montepulciano - sangiovese - vins italiens - vin rouge - vin de toscane - Brunello di Montalcino<\/title>\n<meta name=\"description\" content=\"Icario Rosso est un vin rouge cors\u00e9 produit de Sangiovese-, Teroldego- et Merlot. Ar\u00f4mes de cerises et de framboises fra\u00eeches, parfait pour l&#039;agneau r\u00f4ti ou un plateau de fromages.\" \/>\n<meta name=\"robots\" content=\"index, follow, max-snippet:-1, max-image-preview:large, max-video-preview:-1\" \/>\n<link rel=\"canonical\" href=\"https:\/\/www.ivinio.com\/fr\/produit\/icario-rosso-icario-rouge-1\/\" \/>\n<meta property=\"og:locale\" content=\"fr_FR\" \/>\n<meta property=\"og:type\" content=\"article\" \/>\n<meta property=\"og:title\" content=\"Icario - Rosso Icario - rosso toscano - Montepulciano - sangiovese - vins italiens - vin rouge - vin de toscane - Brunello di Montalcino\" \/>\n<meta property=\"og:description\" content=\"Icario Rosso est un vin rouge cors\u00e9 produit de Sangiovese-, Teroldego- et Merlot. Ar\u00f4mes de cerises et de framboises fra\u00eeches, parfait pour l&#039;agneau r\u00f4ti ou un plateau de fromages.\" \/>\n<meta property=\"og:url\" content=\"https:\/\/www.ivinio.com\/fr\/produit\/icario-rosso-icario-rouge-1\/\" \/>\n<meta property=\"og:site_name\" content=\"IVINIO Caviste\" \/>\n<meta property=\"article:publisher\" content=\"https:\/\/www.facebook.com\/groups\/165217837022391\/?ref=bookmarks\" \/>\n<meta property=\"article:modified_time\" content=\"2021-02-10T13:21:18+00:00\" \/>\n<meta property=\"og:image\" content=\"https:\/\/www.ivinio.com\/wp-content\/uploads\/nc\/public\/modules\/file\/pictures\/5093.icariorosso500x500.jpg\" \/>\n\t<meta property=\"og:image:width\" content=\"500\" \/>\n\t<meta property=\"og:image:height\" content=\"500\" \/>\n\t<meta property=\"og:image:type\" content=\"image\/jpeg\" \/>\n<meta name=\"twitter:card\" content=\"summary_large_image\" \/>\n<script type=\"application\/ld+json\" class=\"yoast-schema-graph\">{\"@context\":\"https:\\\/\\\/schema.org\",\"@graph\":[{\"@type\":\"WebPage\",\"@id\":\"https:\\\/\\\/www.ivinio.com\\\/fr\\\/produit\\\/icario-rosso-icario-rouge-1\\\/\",\"url\":\"https:\\\/\\\/www.ivinio.com\\\/fr\\\/produit\\\/icario-rosso-icario-rouge-1\\\/\",\"name\":\"Icario - Rosso Icario - rosso toscano - Montepulciano - sangiovese - vins italiens - vin rouge - vin de toscane - Brunello di Montalcino\",\"isPartOf\":{\"@id\":\"https:\\\/\\\/www.ivinio.com\\\/fr\\\/#website\"},\"primaryImageOfPage\":{\"@id\":\"https:\\\/\\\/www.ivinio.com\\\/fr\\\/produit\\\/icario-rosso-icario-rouge-1\\\/#primaryimage\"},\"image\":{\"@id\":\"https:\\\/\\\/www.ivinio.com\\\/fr\\\/produit\\\/icario-rosso-icario-rouge-1\\\/#primaryimage\"},\"thumbnailUrl\":\"https:\\\/\\\/www.ivinio.com\\\/wp-content\\\/uploads\\\/nc\\\/public\\\/modules\\\/file\\\/pictures\\\/5093.icariorosso500x500.jpg\",\"datePublished\":\"2014-10-02T09:15:11+00:00\",\"dateModified\":\"2021-02-10T13:21:18+00:00\",\"description\":\"Icario Rosso est un vin rouge cors\u00e9 produit de Sangiovese-, Teroldego- et Merlot. Ar\u00f4mes de cerises et de framboises fra\u00eeches, parfait pour l'agneau r\u00f4ti ou un plateau de fromages.\",\"breadcrumb\":{\"@id\":\"https:\\\/\\\/www.ivinio.com\\\/fr\\\/produit\\\/icario-rosso-icario-rouge-1\\\/#breadcrumb\"},\"inLanguage\":\"fr-FR\",\"potentialAction\":[{\"@type\":\"ReadAction\",\"target\":[\"https:\\\/\\\/www.ivinio.com\\\/fr\\\/produit\\\/icario-rosso-icario-rouge-1\\\/\"]}]},{\"@type\":\"ImageObject\",\"inLanguage\":\"fr-FR\",\"@id\":\"https:\\\/\\\/www.ivinio.com\\\/fr\\\/produit\\\/icario-rosso-icario-rouge-1\\\/#primaryimage\",\"url\":\"https:\\\/\\\/www.ivinio.com\\\/wp-content\\\/uploads\\\/nc\\\/public\\\/modules\\\/file\\\/pictures\\\/5093.icariorosso500x500.jpg\",\"contentUrl\":\"https:\\\/\\\/www.ivinio.com\\\/wp-content\\\/uploads\\\/nc\\\/public\\\/modules\\\/file\\\/pictures\\\/5093.icariorosso500x500.jpg\",\"width\":500,\"height\":500},{\"@type\":\"BreadcrumbList\",\"@id\":\"https:\\\/\\\/www.ivinio.com\\\/fr\\\/produit\\\/icario-rosso-icario-rouge-1\\\/#breadcrumb\",\"itemListElement\":[{\"@type\":\"ListItem\",\"position\":1,\"name\":\"Home\",\"item\":\"https:\\\/\\\/www.ivinio.com\\\/fr\\\/\"},{\"@type\":\"ListItem\",\"position\":2,\"name\":\"Boutique de vin\",\"item\":\"https:\\\/\\\/www.ivinio.com\\\/fr\\\/boutique-de-vin\\\/\"},{\"@type\":\"ListItem\",\"position\":3,\"name\":\"Icario &#8211; Rosso Icario &#8211; Rouge\"}]},{\"@type\":\"WebSite\",\"@id\":\"https:\\\/\\\/www.ivinio.com\\\/fr\\\/#website\",\"url\":\"https:\\\/\\\/www.ivinio.com\\\/fr\\\/\",\"name\":\"IVINIO Caviste\",\"description\":\"Vins de France et d&#039;Italie avec livraison \u00e0 domicile\",\"publisher\":{\"@id\":\"https:\\\/\\\/www.ivinio.com\\\/fr\\\/#organization\"},\"potentialAction\":[{\"@type\":\"SearchAction\",\"target\":{\"@type\":\"EntryPoint\",\"urlTemplate\":\"https:\\\/\\\/www.ivinio.com\\\/fr\\\/?s={search_term_string}\"},\"query-input\":{\"@type\":\"PropertyValueSpecification\",\"valueRequired\":true,\"valueName\":\"search_term_string\"}}],\"inLanguage\":\"fr-FR\"},{\"@type\":\"Organization\",\"@id\":\"https:\\\/\\\/www.ivinio.com\\\/fr\\\/#organization\",\"name\":\"IVINIO\",\"url\":\"https:\\\/\\\/www.ivinio.com\\\/fr\\\/\",\"logo\":{\"@type\":\"ImageObject\",\"inLanguage\":\"fr-FR\",\"@id\":\"https:\\\/\\\/www.ivinio.com\\\/fr\\\/#\\\/schema\\\/logo\\\/image\\\/\",\"url\":\"https:\\\/\\\/www.ivinio.com\\\/wp-content\\\/uploads\\\/2021\\\/01\\\/Logo-Ivinio-v2.jpg\",\"contentUrl\":\"https:\\\/\\\/www.ivinio.com\\\/wp-content\\\/uploads\\\/2021\\\/01\\\/Logo-Ivinio-v2.jpg\",\"width\":1194,\"height\":1194,\"caption\":\"IVINIO\"},\"image\":{\"@id\":\"https:\\\/\\\/www.ivinio.com\\\/fr\\\/#\\\/schema\\\/logo\\\/image\\\/\"},\"sameAs\":[\"https:\\\/\\\/www.facebook.com\\\/groups\\\/165217837022391\\\/?ref=bookmarks\",\"https:\\\/\\\/www.instagram.com\\\/_ivinio_\\\/?hl=fr\"]}]}<\/script>\n<!-- \/ Yoast SEO plugin. -->","yoast_head_json":{"title":"Icario - Rosso Icario - rosso toscano - Montepulciano - sangiovese - vins italiens - vin rouge - vin de toscane - Brunello di Montalcino","description":"Icario Rosso est un vin rouge cors\u00e9 produit de Sangiovese-, Teroldego- et Merlot. Ar\u00f4mes de cerises et de framboises fra\u00eeches, parfait pour l'agneau r\u00f4ti ou un plateau de fromages.","robots":{"index":"index","follow":"follow","max-snippet":"max-snippet:-1","max-image-preview":"max-image-preview:large","max-video-preview":"max-video-preview:-1"},"canonical":"https:\/\/www.ivinio.com\/fr\/produit\/icario-rosso-icario-rouge-1\/","og_locale":"fr_FR","og_type":"article","og_title":"Icario - Rosso Icario - rosso toscano - Montepulciano - sangiovese - vins italiens - vin rouge - vin de toscane - Brunello di Montalcino","og_description":"Icario Rosso est un vin rouge cors\u00e9 produit de Sangiovese-, Teroldego- et Merlot. Ar\u00f4mes de cerises et de framboises fra\u00eeches, parfait pour l'agneau r\u00f4ti ou un plateau de fromages.","og_url":"https:\/\/www.ivinio.com\/fr\/produit\/icario-rosso-icario-rouge-1\/","og_site_name":"IVINIO Caviste","article_publisher":"https:\/\/www.facebook.com\/groups\/165217837022391\/?ref=bookmarks","article_modified_time":"2021-02-10T13:21:18+00:00","og_image":[{"width":500,"height":500,"url":"https:\/\/www.ivinio.com\/wp-content\/uploads\/nc\/public\/modules\/file\/pictures\/5093.icariorosso500x500.jpg","type":"image\/jpeg"}],"twitter_card":"summary_large_image","schema":{"@context":"https:\/\/schema.org","@graph":[{"@type":"WebPage","@id":"https:\/\/www.ivinio.com\/fr\/produit\/icario-rosso-icario-rouge-1\/","url":"https:\/\/www.ivinio.com\/fr\/produit\/icario-rosso-icario-rouge-1\/","name":"Icario - Rosso Icario - rosso toscano - Montepulciano - sangiovese - vins italiens - vin rouge - vin de toscane - Brunello di Montalcino","isPartOf":{"@id":"https:\/\/www.ivinio.com\/fr\/#website"},"primaryImageOfPage":{"@id":"https:\/\/www.ivinio.com\/fr\/produit\/icario-rosso-icario-rouge-1\/#primaryimage"},"image":{"@id":"https:\/\/www.ivinio.com\/fr\/produit\/icario-rosso-icario-rouge-1\/#primaryimage"},"thumbnailUrl":"https:\/\/www.ivinio.com\/wp-content\/uploads\/nc\/public\/modules\/file\/pictures\/5093.icariorosso500x500.jpg","datePublished":"2014-10-02T09:15:11+00:00","dateModified":"2021-02-10T13:21:18+00:00","description":"Icario Rosso est un vin rouge cors\u00e9 produit de Sangiovese-, Teroldego- et Merlot. Ar\u00f4mes de cerises et de framboises fra\u00eeches, parfait pour l'agneau r\u00f4ti ou un plateau de fromages.","breadcrumb":{"@id":"https:\/\/www.ivinio.com\/fr\/produit\/icario-rosso-icario-rouge-1\/#breadcrumb"},"inLanguage":"fr-FR","potentialAction":[{"@type":"ReadAction","target":["https:\/\/www.ivinio.com\/fr\/produit\/icario-rosso-icario-rouge-1\/"]}]},{"@type":"ImageObject","inLanguage":"fr-FR","@id":"https:\/\/www.ivinio.com\/fr\/produit\/icario-rosso-icario-rouge-1\/#primaryimage","url":"https:\/\/www.ivinio.com\/wp-content\/uploads\/nc\/public\/modules\/file\/pictures\/5093.icariorosso500x500.jpg","contentUrl":"https:\/\/www.ivinio.com\/wp-content\/uploads\/nc\/public\/modules\/file\/pictures\/5093.icariorosso500x500.jpg","width":500,"height":500},{"@type":"BreadcrumbList","@id":"https:\/\/www.ivinio.com\/fr\/produit\/icario-rosso-icario-rouge-1\/#breadcrumb","itemListElement":[{"@type":"ListItem","position":1,"name":"Home","item":"https:\/\/www.ivinio.com\/fr\/"},{"@type":"ListItem","position":2,"name":"Boutique de vin","item":"https:\/\/www.ivinio.com\/fr\/boutique-de-vin\/"},{"@type":"ListItem","position":3,"name":"Icario &#8211; Rosso Icario &#8211; Rouge"}]},{"@type":"WebSite","@id":"https:\/\/www.ivinio.com\/fr\/#website","url":"https:\/\/www.ivinio.com\/fr\/","name":"IVINIO Caviste","description":"Vins de France et d&#039;Italie avec livraison \u00e0 domicile","publisher":{"@id":"https:\/\/www.ivinio.com\/fr\/#organization"},"potentialAction":[{"@type":"SearchAction","target":{"@type":"EntryPoint","urlTemplate":"https:\/\/www.ivinio.com\/fr\/?s={search_term_string}"},"query-input":{"@type":"PropertyValueSpecification","valueRequired":true,"valueName":"search_term_string"}}],"inLanguage":"fr-FR"},{"@type":"Organization","@id":"https:\/\/www.ivinio.com\/fr\/#organization","name":"IVINIO","url":"https:\/\/www.ivinio.com\/fr\/","logo":{"@type":"ImageObject","inLanguage":"fr-FR","@id":"https:\/\/www.ivinio.com\/fr\/#\/schema\/logo\/image\/","url":"https:\/\/www.ivinio.com\/wp-content\/uploads\/2021\/01\/Logo-Ivinio-v2.jpg","contentUrl":"https:\/\/www.ivinio.com\/wp-content\/uploads\/2021\/01\/Logo-Ivinio-v2.jpg","width":1194,"height":1194,"caption":"IVINIO"},"image":{"@id":"https:\/\/www.ivinio.com\/fr\/#\/schema\/logo\/image\/"},"sameAs":["https:\/\/www.facebook.com\/groups\/165217837022391\/?ref=bookmarks","https:\/\/www.instagram.com\/_ivinio_\/?hl=fr"]}]}},"jetpack_sharing_enabled":true,"_links":{"self":[{"href":"https:\/\/www.ivinio.com\/fr\/wp-json\/wp\/v2\/product\/118606","targetHints":{"allow":["GET"]}}],"collection":[{"href":"https:\/\/www.ivinio.com\/fr\/wp-json\/wp\/v2\/product"}],"about":[{"href":"https:\/\/www.ivinio.com\/fr\/wp-json\/wp\/v2\/types\/product"}],"replies":[{"embeddable":true,"href":"https:\/\/www.ivinio.com\/fr\/wp-json\/wp\/v2\/comments?post=118606"}],"wp:featuredmedia":[{"embeddable":true,"href":"https:\/\/www.ivinio.com\/fr\/wp-json\/wp\/v2\/media\/118609"}],"wp:attachment":[{"href":"https:\/\/www.ivinio.com\/fr\/wp-json\/wp\/v2\/media?parent=118606"}],"wp:term":[{"taxonomy":"product_brand","embeddable":true,"href":"https:\/\/www.ivinio.com\/fr\/wp-json\/wp\/v2\/product_brand?post=118606"},{"taxonomy":"product_cat","embeddable":true,"href":"https:\/\/www.ivinio.com\/fr\/wp-json\/wp\/v2\/product_cat?post=118606"},{"taxonomy":"product_tag","embeddable":true,"href":"https:\/\/www.ivinio.com\/fr\/wp-json\/wp\/v2\/product_tag?post=118606"}],"curies":[{"name":"wp","href":"https:\/\/api.w.org\/{rel}","templated":true}]}}