{"id":118491,"date":"2014-09-19T16:22:12","date_gmt":"2014-09-19T16:22:12","guid":{"rendered":"https:\/\/henrik.www.ivinio.com\/?product=la-reserve-de-malartic-2015-rouge"},"modified":"2023-01-03T10:59:25","modified_gmt":"2023-01-03T09:59:25","slug":"la-reserve-de-malartic-rouge","status":"publish","type":"product","link":"https:\/\/www.ivinio.com\/fr\/produit\/la-reserve-de-malartic-rouge\/","title":{"rendered":"La R\u00e9serve de Malartic &#8211; Rouge"},"content":{"rendered":"<p>La R\u00e9serve de Malartic &#8211; Vin rouge est le second vin du c\u00e9l\u00e8bre Ch\u00e2teau Malartic-Lagravi\u00e8re en appellation Pessac-L\u00e9ognan. Le vin est compos\u00e9 de Merlot (82,6%), de Cabernet-Sauvignon (12,3%) et de Petit-Verdot (5,1%). Les raisins sont vendang\u00e9s \u00e0 la main et tri\u00e9s deux fois sur une table de trie. Le vin est ferment\u00e9 dans des cuves en acier \u00e0 temp\u00e9rature contr\u00f4l\u00e9e pendant 21 \u00e0 23 jours. Elevage traditionnel, dont 25% en barriques neuves de ch\u00eane fran\u00e7ais pendant 15 mois. Le vin est produit par l&#8217;oenologue Eric Boissenot.<\/p>\n","protected":false},"excerpt":{"rendered":"<p>Ceci est\u00a0le second vin du Ch\u00e2teau Malartic Lagravi\u00e8re, &#8220;Grand Cru Class\u00e9&#8221; Graves. L&#8217;un des meilleurs Pessac-L\u00e9ognan, fruit\u00e9 et cors\u00e9 avec beaucoup d&#8217;\u00e9l\u00e9gance!<\/p>\n<p>&nbsp;<\/p>\n","protected":false},"featured_media":132161,"comment_status":"open","ping_status":"closed","template":"","meta":{"_monsterinsights_skip_tracking":false,"_monsterinsights_sitenote_active":false,"_monsterinsights_sitenote_note":"","_monsterinsights_sitenote_category":0,"_uf_show_specific_survey":0,"_uf_disable_surveys":false},"product_brand":[],"product_cat":[36631,36586],"product_tag":[],"class_list":{"0":"post-118491","1":"product","2":"type-product","3":"status-publish","4":"has-post-thumbnail","6":"product_cat-fr-bordeaux","7":"product_cat-vins-francais","8":"pa_alcohol-degree-13-5","9":"pa_awards-decanter-fr","10":"pa_awards-james-suckling-fr","11":"pa_awards-jeb-dunnuck-fr","12":"pa_awards-the-wine-advocate-fr","13":"pa_awards-vinous-antonio-galloni-fr","14":"pa_classification-aop-pessac-leognan-fr","15":"pa_color-rouge-fr","16":"pa_country-france-fr","17":"pa_grape-variety-cabernet-sauvignon-fr","18":"pa_grape-variety-merlot-fr","19":"pa_grape-variety-petit-verdot-fr","20":"pa_region-bordeaux-fr","21":"pa_storage-potential-10-ans-fr","22":"pa_vintage-2019-fr","23":"pa_volume-75-cl-fr","25":"first","26":"instock","27":"taxable","28":"shipping-taxable","29":"purchasable","30":"product-type-simple"},"bundled_by":["118939"],"bundle_stock_status":"instock","bundle_stock_quantity":null,"bundle_virtual":false,"bundle_layout":"","bundle_add_to_cart_form_location":"","bundle_editable_in_cart":false,"bundle_sold_individually_context":"","bundle_item_grouping":"","bundle_min_size":"","bundle_max_size":"","bundle_price":[],"bundled_items":[],"bundle_sell_ids":[],"yoast_head":"<!-- This site is optimized with the Yoast SEO plugin v27.5 - https:\/\/yoast.com\/product\/yoast-seo-wordpress\/ -->\n<title>La R\u00e9serve de Malartic - Rouge - IVINIO Caviste<\/title>\n<meta name=\"description\" content=\"La R\u00e9serve de Malartic - Rouge. Le deuxi\u00e8me vin du Ch\u00e2teau Malartic Lagravi\u00e8re, &quot;Grand Cru Class\u00e9&quot; Graves. L&#039;un des meilleurs Pessac-L\u00e9ognanvinerna, fruit\u00e9 et cors\u00e9 avec beaucoup d&#039;\u00e9l\u00e9gance!\" \/>\n<meta name=\"robots\" content=\"index, follow, max-snippet:-1, max-image-preview:large, max-video-preview:-1\" \/>\n<link rel=\"canonical\" href=\"https:\/\/www.ivinio.com\/fr\/produit\/la-reserve-de-malartic-rouge\/\" \/>\n<meta property=\"og:locale\" content=\"fr_FR\" \/>\n<meta property=\"og:type\" content=\"article\" \/>\n<meta property=\"og:title\" content=\"La R\u00e9serve de Malartic - Rouge - IVINIO Caviste\" \/>\n<meta property=\"og:description\" content=\"La R\u00e9serve de Malartic - Rouge. Le deuxi\u00e8me vin du Ch\u00e2teau Malartic Lagravi\u00e8re, &quot;Grand Cru Class\u00e9&quot; Graves. L&#039;un des meilleurs Pessac-L\u00e9ognanvinerna, fruit\u00e9 et cors\u00e9 avec beaucoup d&#039;\u00e9l\u00e9gance!\" \/>\n<meta property=\"og:url\" content=\"https:\/\/www.ivinio.com\/fr\/produit\/la-reserve-de-malartic-rouge\/\" \/>\n<meta property=\"og:site_name\" content=\"IVINIO Caviste\" \/>\n<meta property=\"article:publisher\" content=\"https:\/\/www.facebook.com\/groups\/165217837022391\/?ref=bookmarks\" \/>\n<meta property=\"article:modified_time\" content=\"2023-01-03T09:59:25+00:00\" \/>\n<meta property=\"og:image\" content=\"https:\/\/www.ivinio.com\/wp-content\/uploads\/2014\/09\/La-reserve-de-Malartic-IVINIO.jpg\" \/>\n\t<meta property=\"og:image:width\" content=\"500\" \/>\n\t<meta property=\"og:image:height\" content=\"500\" \/>\n\t<meta property=\"og:image:type\" content=\"image\/jpeg\" \/>\n<meta name=\"twitter:card\" content=\"summary_large_image\" \/>\n<script type=\"application\/ld+json\" class=\"yoast-schema-graph\">{\"@context\":\"https:\\\/\\\/schema.org\",\"@graph\":[{\"@type\":\"WebPage\",\"@id\":\"https:\\\/\\\/www.ivinio.com\\\/fr\\\/produit\\\/la-reserve-de-malartic-rouge\\\/\",\"url\":\"https:\\\/\\\/www.ivinio.com\\\/fr\\\/produit\\\/la-reserve-de-malartic-rouge\\\/\",\"name\":\"La R\u00e9serve de Malartic - Rouge - IVINIO Caviste\",\"isPartOf\":{\"@id\":\"https:\\\/\\\/www.ivinio.com\\\/fr\\\/#website\"},\"primaryImageOfPage\":{\"@id\":\"https:\\\/\\\/www.ivinio.com\\\/fr\\\/produit\\\/la-reserve-de-malartic-rouge\\\/#primaryimage\"},\"image\":{\"@id\":\"https:\\\/\\\/www.ivinio.com\\\/fr\\\/produit\\\/la-reserve-de-malartic-rouge\\\/#primaryimage\"},\"thumbnailUrl\":\"https:\\\/\\\/www.ivinio.com\\\/wp-content\\\/uploads\\\/2014\\\/09\\\/La-reserve-de-Malartic-IVINIO.jpg\",\"datePublished\":\"2014-09-19T16:22:12+00:00\",\"dateModified\":\"2023-01-03T09:59:25+00:00\",\"description\":\"La R\u00e9serve de Malartic - Rouge. Le deuxi\u00e8me vin du Ch\u00e2teau Malartic Lagravi\u00e8re, \\\"Grand Cru Class\u00e9\\\" Graves. L'un des meilleurs Pessac-L\u00e9ognanvinerna, fruit\u00e9 et cors\u00e9 avec beaucoup d'\u00e9l\u00e9gance!\",\"breadcrumb\":{\"@id\":\"https:\\\/\\\/www.ivinio.com\\\/fr\\\/produit\\\/la-reserve-de-malartic-rouge\\\/#breadcrumb\"},\"inLanguage\":\"fr-FR\",\"potentialAction\":[{\"@type\":\"ReadAction\",\"target\":[\"https:\\\/\\\/www.ivinio.com\\\/fr\\\/produit\\\/la-reserve-de-malartic-rouge\\\/\"]}]},{\"@type\":\"ImageObject\",\"inLanguage\":\"fr-FR\",\"@id\":\"https:\\\/\\\/www.ivinio.com\\\/fr\\\/produit\\\/la-reserve-de-malartic-rouge\\\/#primaryimage\",\"url\":\"https:\\\/\\\/www.ivinio.com\\\/wp-content\\\/uploads\\\/2014\\\/09\\\/La-reserve-de-Malartic-IVINIO.jpg\",\"contentUrl\":\"https:\\\/\\\/www.ivinio.com\\\/wp-content\\\/uploads\\\/2014\\\/09\\\/La-reserve-de-Malartic-IVINIO.jpg\",\"width\":500,\"height\":500},{\"@type\":\"BreadcrumbList\",\"@id\":\"https:\\\/\\\/www.ivinio.com\\\/fr\\\/produit\\\/la-reserve-de-malartic-rouge\\\/#breadcrumb\",\"itemListElement\":[{\"@type\":\"ListItem\",\"position\":1,\"name\":\"Home\",\"item\":\"https:\\\/\\\/www.ivinio.com\\\/fr\\\/\"},{\"@type\":\"ListItem\",\"position\":2,\"name\":\"Boutique de vin\",\"item\":\"https:\\\/\\\/www.ivinio.com\\\/fr\\\/boutique-de-vin\\\/\"},{\"@type\":\"ListItem\",\"position\":3,\"name\":\"La R\u00e9serve de Malartic &#8211; Rouge\"}]},{\"@type\":\"WebSite\",\"@id\":\"https:\\\/\\\/www.ivinio.com\\\/fr\\\/#website\",\"url\":\"https:\\\/\\\/www.ivinio.com\\\/fr\\\/\",\"name\":\"IVINIO Caviste\",\"description\":\"Vins de France et d&#039;Italie avec livraison \u00e0 domicile\",\"publisher\":{\"@id\":\"https:\\\/\\\/www.ivinio.com\\\/fr\\\/#organization\"},\"potentialAction\":[{\"@type\":\"SearchAction\",\"target\":{\"@type\":\"EntryPoint\",\"urlTemplate\":\"https:\\\/\\\/www.ivinio.com\\\/fr\\\/?s={search_term_string}\"},\"query-input\":{\"@type\":\"PropertyValueSpecification\",\"valueRequired\":true,\"valueName\":\"search_term_string\"}}],\"inLanguage\":\"fr-FR\"},{\"@type\":\"Organization\",\"@id\":\"https:\\\/\\\/www.ivinio.com\\\/fr\\\/#organization\",\"name\":\"IVINIO\",\"url\":\"https:\\\/\\\/www.ivinio.com\\\/fr\\\/\",\"logo\":{\"@type\":\"ImageObject\",\"inLanguage\":\"fr-FR\",\"@id\":\"https:\\\/\\\/www.ivinio.com\\\/fr\\\/#\\\/schema\\\/logo\\\/image\\\/\",\"url\":\"https:\\\/\\\/www.ivinio.com\\\/wp-content\\\/uploads\\\/2021\\\/01\\\/Logo-Ivinio-v2.jpg\",\"contentUrl\":\"https:\\\/\\\/www.ivinio.com\\\/wp-content\\\/uploads\\\/2021\\\/01\\\/Logo-Ivinio-v2.jpg\",\"width\":1194,\"height\":1194,\"caption\":\"IVINIO\"},\"image\":{\"@id\":\"https:\\\/\\\/www.ivinio.com\\\/fr\\\/#\\\/schema\\\/logo\\\/image\\\/\"},\"sameAs\":[\"https:\\\/\\\/www.facebook.com\\\/groups\\\/165217837022391\\\/?ref=bookmarks\",\"https:\\\/\\\/www.instagram.com\\\/_ivinio_\\\/?hl=fr\"]}]}<\/script>\n<!-- \/ Yoast SEO plugin. -->","yoast_head_json":{"title":"La R\u00e9serve de Malartic - Rouge - IVINIO Caviste","description":"La R\u00e9serve de Malartic - Rouge. Le deuxi\u00e8me vin du Ch\u00e2teau Malartic Lagravi\u00e8re, \"Grand Cru Class\u00e9\" Graves. L'un des meilleurs Pessac-L\u00e9ognanvinerna, fruit\u00e9 et cors\u00e9 avec beaucoup d'\u00e9l\u00e9gance!","robots":{"index":"index","follow":"follow","max-snippet":"max-snippet:-1","max-image-preview":"max-image-preview:large","max-video-preview":"max-video-preview:-1"},"canonical":"https:\/\/www.ivinio.com\/fr\/produit\/la-reserve-de-malartic-rouge\/","og_locale":"fr_FR","og_type":"article","og_title":"La R\u00e9serve de Malartic - Rouge - IVINIO Caviste","og_description":"La R\u00e9serve de Malartic - Rouge. Le deuxi\u00e8me vin du Ch\u00e2teau Malartic Lagravi\u00e8re, \"Grand Cru Class\u00e9\" Graves. L'un des meilleurs Pessac-L\u00e9ognanvinerna, fruit\u00e9 et cors\u00e9 avec beaucoup d'\u00e9l\u00e9gance!","og_url":"https:\/\/www.ivinio.com\/fr\/produit\/la-reserve-de-malartic-rouge\/","og_site_name":"IVINIO Caviste","article_publisher":"https:\/\/www.facebook.com\/groups\/165217837022391\/?ref=bookmarks","article_modified_time":"2023-01-03T09:59:25+00:00","og_image":[{"width":500,"height":500,"url":"https:\/\/www.ivinio.com\/wp-content\/uploads\/2014\/09\/La-reserve-de-Malartic-IVINIO.jpg","type":"image\/jpeg"}],"twitter_card":"summary_large_image","schema":{"@context":"https:\/\/schema.org","@graph":[{"@type":"WebPage","@id":"https:\/\/www.ivinio.com\/fr\/produit\/la-reserve-de-malartic-rouge\/","url":"https:\/\/www.ivinio.com\/fr\/produit\/la-reserve-de-malartic-rouge\/","name":"La R\u00e9serve de Malartic - Rouge - IVINIO Caviste","isPartOf":{"@id":"https:\/\/www.ivinio.com\/fr\/#website"},"primaryImageOfPage":{"@id":"https:\/\/www.ivinio.com\/fr\/produit\/la-reserve-de-malartic-rouge\/#primaryimage"},"image":{"@id":"https:\/\/www.ivinio.com\/fr\/produit\/la-reserve-de-malartic-rouge\/#primaryimage"},"thumbnailUrl":"https:\/\/www.ivinio.com\/wp-content\/uploads\/2014\/09\/La-reserve-de-Malartic-IVINIO.jpg","datePublished":"2014-09-19T16:22:12+00:00","dateModified":"2023-01-03T09:59:25+00:00","description":"La R\u00e9serve de Malartic - Rouge. Le deuxi\u00e8me vin du Ch\u00e2teau Malartic Lagravi\u00e8re, \"Grand Cru Class\u00e9\" Graves. L'un des meilleurs Pessac-L\u00e9ognanvinerna, fruit\u00e9 et cors\u00e9 avec beaucoup d'\u00e9l\u00e9gance!","breadcrumb":{"@id":"https:\/\/www.ivinio.com\/fr\/produit\/la-reserve-de-malartic-rouge\/#breadcrumb"},"inLanguage":"fr-FR","potentialAction":[{"@type":"ReadAction","target":["https:\/\/www.ivinio.com\/fr\/produit\/la-reserve-de-malartic-rouge\/"]}]},{"@type":"ImageObject","inLanguage":"fr-FR","@id":"https:\/\/www.ivinio.com\/fr\/produit\/la-reserve-de-malartic-rouge\/#primaryimage","url":"https:\/\/www.ivinio.com\/wp-content\/uploads\/2014\/09\/La-reserve-de-Malartic-IVINIO.jpg","contentUrl":"https:\/\/www.ivinio.com\/wp-content\/uploads\/2014\/09\/La-reserve-de-Malartic-IVINIO.jpg","width":500,"height":500},{"@type":"BreadcrumbList","@id":"https:\/\/www.ivinio.com\/fr\/produit\/la-reserve-de-malartic-rouge\/#breadcrumb","itemListElement":[{"@type":"ListItem","position":1,"name":"Home","item":"https:\/\/www.ivinio.com\/fr\/"},{"@type":"ListItem","position":2,"name":"Boutique de vin","item":"https:\/\/www.ivinio.com\/fr\/boutique-de-vin\/"},{"@type":"ListItem","position":3,"name":"La R\u00e9serve de Malartic &#8211; Rouge"}]},{"@type":"WebSite","@id":"https:\/\/www.ivinio.com\/fr\/#website","url":"https:\/\/www.ivinio.com\/fr\/","name":"IVINIO Caviste","description":"Vins de France et d&#039;Italie avec livraison \u00e0 domicile","publisher":{"@id":"https:\/\/www.ivinio.com\/fr\/#organization"},"potentialAction":[{"@type":"SearchAction","target":{"@type":"EntryPoint","urlTemplate":"https:\/\/www.ivinio.com\/fr\/?s={search_term_string}"},"query-input":{"@type":"PropertyValueSpecification","valueRequired":true,"valueName":"search_term_string"}}],"inLanguage":"fr-FR"},{"@type":"Organization","@id":"https:\/\/www.ivinio.com\/fr\/#organization","name":"IVINIO","url":"https:\/\/www.ivinio.com\/fr\/","logo":{"@type":"ImageObject","inLanguage":"fr-FR","@id":"https:\/\/www.ivinio.com\/fr\/#\/schema\/logo\/image\/","url":"https:\/\/www.ivinio.com\/wp-content\/uploads\/2021\/01\/Logo-Ivinio-v2.jpg","contentUrl":"https:\/\/www.ivinio.com\/wp-content\/uploads\/2021\/01\/Logo-Ivinio-v2.jpg","width":1194,"height":1194,"caption":"IVINIO"},"image":{"@id":"https:\/\/www.ivinio.com\/fr\/#\/schema\/logo\/image\/"},"sameAs":["https:\/\/www.facebook.com\/groups\/165217837022391\/?ref=bookmarks","https:\/\/www.instagram.com\/_ivinio_\/?hl=fr"]}]}},"jetpack_sharing_enabled":true,"_links":{"self":[{"href":"https:\/\/www.ivinio.com\/fr\/wp-json\/wp\/v2\/product\/118491","targetHints":{"allow":["GET"]}}],"collection":[{"href":"https:\/\/www.ivinio.com\/fr\/wp-json\/wp\/v2\/product"}],"about":[{"href":"https:\/\/www.ivinio.com\/fr\/wp-json\/wp\/v2\/types\/product"}],"replies":[{"embeddable":true,"href":"https:\/\/www.ivinio.com\/fr\/wp-json\/wp\/v2\/comments?post=118491"}],"wp:featuredmedia":[{"embeddable":true,"href":"https:\/\/www.ivinio.com\/fr\/wp-json\/wp\/v2\/media\/132161"}],"wp:attachment":[{"href":"https:\/\/www.ivinio.com\/fr\/wp-json\/wp\/v2\/media?parent=118491"}],"wp:term":[{"taxonomy":"product_brand","embeddable":true,"href":"https:\/\/www.ivinio.com\/fr\/wp-json\/wp\/v2\/product_brand?post=118491"},{"taxonomy":"product_cat","embeddable":true,"href":"https:\/\/www.ivinio.com\/fr\/wp-json\/wp\/v2\/product_cat?post=118491"},{"taxonomy":"product_tag","embeddable":true,"href":"https:\/\/www.ivinio.com\/fr\/wp-json\/wp\/v2\/product_tag?post=118491"}],"curies":[{"name":"wp","href":"https:\/\/api.w.org\/{rel}","templated":true}]}}