{"id":118332,"date":"2014-08-30T15:45:24","date_gmt":"2014-08-30T15:45:24","guid":{"rendered":"https:\/\/henrik.www.ivinio.com\/?product=fontaine-du-clos-vacqueras-reflets-de-lame-rouge"},"modified":"2023-05-17T13:34:33","modified_gmt":"2023-05-17T11:34:33","slug":"fontaine-du-clos-vacqueyras-reflets-de-lame-rouge","status":"publish","type":"product","link":"https:\/\/www.ivinio.com\/fr\/produit\/fontaine-du-clos-vacqueyras-reflets-de-lame-rouge\/","title":{"rendered":"Fontaine du Clos &#8211; Vacqueyras &#8211; &#8220;Reflets de l&#8217;Ame&#8221; &#8211; Rouge"},"content":{"rendered":"<p>Fontaine du Clos &#8211; Vacqueyras &#8211; &#8220;Reflets de l&#8217;Ame&#8221; &#8211; Rouge est compos\u00e9 de Grenache et Syrah. Les vignes sont cultiv\u00e9s dans un sol riche en calcaire, compl\u00e8tement recouvert de galets. Le climat sec donne des raisins tr\u00e8s concentr\u00e9s avec une certaine min\u00e9ralit\u00e9, laissant des traces dans le vin fini.<\/p>\n","protected":false},"excerpt":{"rendered":"<p>&#8220;Reflets de l&#8217;Ame&#8221; est un vin rouge puissant, compos\u00e9 de grenache et de syrah. Ar\u00f4mes de groseilles\u00a0et de fruits m\u00fbrs avec un palais\u00a0rond et doux. Parfait pour accompagner un tajine.<\/p>\n<p>&nbsp;<\/p>\n","protected":false},"featured_media":118335,"comment_status":"open","ping_status":"closed","template":"","meta":{"_monsterinsights_skip_tracking":false,"_monsterinsights_sitenote_active":false,"_monsterinsights_sitenote_note":"","_monsterinsights_sitenote_category":0,"_uf_show_specific_survey":0,"_uf_disable_surveys":false},"product_brand":[],"product_cat":[36619,36586],"product_tag":[],"class_list":{"0":"post-118332","1":"product","2":"type-product","3":"status-publish","4":"has-post-thumbnail","6":"product_cat-fr-cotes-du-rhone","7":"product_cat-vins-francais","8":"pa_alcohol-degree-14-fr","9":"pa_awards-decanter-fr","10":"pa_awards-jancis-robinson-fr","11":"pa_classification-aop-vacqueyras-fr","12":"pa_color-rouge-fr","13":"pa_country-france-fr","14":"pa_grape-variety-grenache-fr","15":"pa_grape-variety-mourvedre-fr","16":"pa_grape-variety-syrah-fr","17":"pa_region-vallee-du-rhone-fr","18":"pa_storage-potential-5-ans-fr","19":"pa_vintage-2021-fr","20":"pa_volume-75-cl-fr","22":"first","23":"instock","24":"taxable","25":"shipping-taxable","26":"purchasable","27":"product-type-simple"},"bundled_by":["119489"],"bundle_stock_status":"instock","bundle_stock_quantity":null,"bundle_virtual":false,"bundle_layout":"","bundle_add_to_cart_form_location":"","bundle_editable_in_cart":false,"bundle_sold_individually_context":"","bundle_item_grouping":"","bundle_min_size":"","bundle_max_size":"","bundle_price":[],"bundled_items":[],"bundle_sell_ids":[],"yoast_head":"<!-- This site is optimized with the Yoast SEO plugin v27.5 - https:\/\/yoast.com\/product\/yoast-seo-wordpress\/ -->\n<title>Fontaine du Clos - Vacqueyras - &quot;Reflets de l&#039;Ame&quot; - vin rouge - IVINIO Caviste<\/title>\n<meta name=\"description\" content=\"Acheter Fontaine du Clos - Vacqueyras - &quot;Reflets de l&#039;Ame&quot; - vin rouge. Puissant, ar\u00f4mes de groseilles et de fruits m\u00fbrs avec un palais rond et doux.\" \/>\n<meta name=\"robots\" content=\"index, follow, max-snippet:-1, max-image-preview:large, max-video-preview:-1\" \/>\n<link rel=\"canonical\" href=\"https:\/\/www.ivinio.com\/fr\/produit\/fontaine-du-clos-vacqueyras-reflets-de-lame-rouge\/\" \/>\n<meta property=\"og:locale\" content=\"fr_FR\" \/>\n<meta property=\"og:type\" content=\"article\" \/>\n<meta property=\"og:title\" content=\"Fontaine du Clos - Vacqueyras - &quot;Reflets de l&#039;Ame&quot; - vin rouge - IVINIO Caviste\" \/>\n<meta property=\"og:description\" content=\"Acheter Fontaine du Clos - Vacqueyras - &quot;Reflets de l&#039;Ame&quot; - vin rouge. Puissant, ar\u00f4mes de groseilles et de fruits m\u00fbrs avec un palais rond et doux.\" \/>\n<meta property=\"og:url\" content=\"https:\/\/www.ivinio.com\/fr\/produit\/fontaine-du-clos-vacqueyras-reflets-de-lame-rouge\/\" \/>\n<meta property=\"og:site_name\" content=\"IVINIO Caviste\" \/>\n<meta property=\"article:publisher\" content=\"https:\/\/www.facebook.com\/groups\/165217837022391\/?ref=bookmarks\" \/>\n<meta property=\"article:modified_time\" content=\"2023-05-17T11:34:33+00:00\" \/>\n<meta property=\"og:image\" content=\"https:\/\/www.ivinio.com\/wp-content\/uploads\/nc\/public\/modules\/file\/pictures\/4946.fontaineduclosreflet500x500.jpg\" \/>\n\t<meta property=\"og:image:width\" content=\"500\" \/>\n\t<meta property=\"og:image:height\" content=\"500\" \/>\n\t<meta property=\"og:image:type\" content=\"image\/jpeg\" \/>\n<meta name=\"twitter:card\" content=\"summary_large_image\" \/>\n<meta name=\"twitter:label1\" content=\"Dur\u00e9e de lecture estim\u00e9e\" \/>\n\t<meta name=\"twitter:data1\" content=\"1 minute\" \/>\n<script type=\"application\/ld+json\" class=\"yoast-schema-graph\">{\"@context\":\"https:\\\/\\\/schema.org\",\"@graph\":[{\"@type\":\"WebPage\",\"@id\":\"https:\\\/\\\/www.ivinio.com\\\/fr\\\/produit\\\/fontaine-du-clos-vacqueyras-reflets-de-lame-rouge\\\/\",\"url\":\"https:\\\/\\\/www.ivinio.com\\\/fr\\\/produit\\\/fontaine-du-clos-vacqueyras-reflets-de-lame-rouge\\\/\",\"name\":\"Fontaine du Clos - Vacqueyras - \\\"Reflets de l'Ame\\\" - vin rouge - IVINIO Caviste\",\"isPartOf\":{\"@id\":\"https:\\\/\\\/www.ivinio.com\\\/fr\\\/#website\"},\"primaryImageOfPage\":{\"@id\":\"https:\\\/\\\/www.ivinio.com\\\/fr\\\/produit\\\/fontaine-du-clos-vacqueyras-reflets-de-lame-rouge\\\/#primaryimage\"},\"image\":{\"@id\":\"https:\\\/\\\/www.ivinio.com\\\/fr\\\/produit\\\/fontaine-du-clos-vacqueyras-reflets-de-lame-rouge\\\/#primaryimage\"},\"thumbnailUrl\":\"https:\\\/\\\/www.ivinio.com\\\/wp-content\\\/uploads\\\/nc\\\/public\\\/modules\\\/file\\\/pictures\\\/4946.fontaineduclosreflet500x500.jpg\",\"datePublished\":\"2014-08-30T15:45:24+00:00\",\"dateModified\":\"2023-05-17T11:34:33+00:00\",\"description\":\"Acheter Fontaine du Clos - Vacqueyras - \\\"Reflets de l'Ame\\\" - vin rouge. Puissant, ar\u00f4mes de groseilles et de fruits m\u00fbrs avec un palais rond et doux.\",\"breadcrumb\":{\"@id\":\"https:\\\/\\\/www.ivinio.com\\\/fr\\\/produit\\\/fontaine-du-clos-vacqueyras-reflets-de-lame-rouge\\\/#breadcrumb\"},\"inLanguage\":\"fr-FR\",\"potentialAction\":[{\"@type\":\"ReadAction\",\"target\":[\"https:\\\/\\\/www.ivinio.com\\\/fr\\\/produit\\\/fontaine-du-clos-vacqueyras-reflets-de-lame-rouge\\\/\"]}]},{\"@type\":\"ImageObject\",\"inLanguage\":\"fr-FR\",\"@id\":\"https:\\\/\\\/www.ivinio.com\\\/fr\\\/produit\\\/fontaine-du-clos-vacqueyras-reflets-de-lame-rouge\\\/#primaryimage\",\"url\":\"https:\\\/\\\/www.ivinio.com\\\/wp-content\\\/uploads\\\/nc\\\/public\\\/modules\\\/file\\\/pictures\\\/4946.fontaineduclosreflet500x500.jpg\",\"contentUrl\":\"https:\\\/\\\/www.ivinio.com\\\/wp-content\\\/uploads\\\/nc\\\/public\\\/modules\\\/file\\\/pictures\\\/4946.fontaineduclosreflet500x500.jpg\",\"width\":500,\"height\":500,\"caption\":\"Fontaine du Clos - Vacqueyras - \\\"Reflets de l'Ame\\\"\"},{\"@type\":\"BreadcrumbList\",\"@id\":\"https:\\\/\\\/www.ivinio.com\\\/fr\\\/produit\\\/fontaine-du-clos-vacqueyras-reflets-de-lame-rouge\\\/#breadcrumb\",\"itemListElement\":[{\"@type\":\"ListItem\",\"position\":1,\"name\":\"Home\",\"item\":\"https:\\\/\\\/www.ivinio.com\\\/fr\\\/\"},{\"@type\":\"ListItem\",\"position\":2,\"name\":\"Boutique de vin\",\"item\":\"https:\\\/\\\/www.ivinio.com\\\/fr\\\/boutique-de-vin\\\/\"},{\"@type\":\"ListItem\",\"position\":3,\"name\":\"Fontaine du Clos &#8211; Vacqueyras &#8211; &#8220;Reflets de l&#8217;Ame&#8221; &#8211; Rouge\"}]},{\"@type\":\"WebSite\",\"@id\":\"https:\\\/\\\/www.ivinio.com\\\/fr\\\/#website\",\"url\":\"https:\\\/\\\/www.ivinio.com\\\/fr\\\/\",\"name\":\"IVINIO Caviste\",\"description\":\"Vins de France et d&#039;Italie avec livraison \u00e0 domicile\",\"publisher\":{\"@id\":\"https:\\\/\\\/www.ivinio.com\\\/fr\\\/#organization\"},\"potentialAction\":[{\"@type\":\"SearchAction\",\"target\":{\"@type\":\"EntryPoint\",\"urlTemplate\":\"https:\\\/\\\/www.ivinio.com\\\/fr\\\/?s={search_term_string}\"},\"query-input\":{\"@type\":\"PropertyValueSpecification\",\"valueRequired\":true,\"valueName\":\"search_term_string\"}}],\"inLanguage\":\"fr-FR\"},{\"@type\":\"Organization\",\"@id\":\"https:\\\/\\\/www.ivinio.com\\\/fr\\\/#organization\",\"name\":\"IVINIO\",\"url\":\"https:\\\/\\\/www.ivinio.com\\\/fr\\\/\",\"logo\":{\"@type\":\"ImageObject\",\"inLanguage\":\"fr-FR\",\"@id\":\"https:\\\/\\\/www.ivinio.com\\\/fr\\\/#\\\/schema\\\/logo\\\/image\\\/\",\"url\":\"https:\\\/\\\/www.ivinio.com\\\/wp-content\\\/uploads\\\/2021\\\/01\\\/Logo-Ivinio-v2.jpg\",\"contentUrl\":\"https:\\\/\\\/www.ivinio.com\\\/wp-content\\\/uploads\\\/2021\\\/01\\\/Logo-Ivinio-v2.jpg\",\"width\":1194,\"height\":1194,\"caption\":\"IVINIO\"},\"image\":{\"@id\":\"https:\\\/\\\/www.ivinio.com\\\/fr\\\/#\\\/schema\\\/logo\\\/image\\\/\"},\"sameAs\":[\"https:\\\/\\\/www.facebook.com\\\/groups\\\/165217837022391\\\/?ref=bookmarks\",\"https:\\\/\\\/www.instagram.com\\\/_ivinio_\\\/?hl=fr\"]}]}<\/script>\n<!-- \/ Yoast SEO plugin. -->","yoast_head_json":{"title":"Fontaine du Clos - Vacqueyras - \"Reflets de l'Ame\" - vin rouge - IVINIO Caviste","description":"Acheter Fontaine du Clos - Vacqueyras - \"Reflets de l'Ame\" - vin rouge. Puissant, ar\u00f4mes de groseilles et de fruits m\u00fbrs avec un palais rond et doux.","robots":{"index":"index","follow":"follow","max-snippet":"max-snippet:-1","max-image-preview":"max-image-preview:large","max-video-preview":"max-video-preview:-1"},"canonical":"https:\/\/www.ivinio.com\/fr\/produit\/fontaine-du-clos-vacqueyras-reflets-de-lame-rouge\/","og_locale":"fr_FR","og_type":"article","og_title":"Fontaine du Clos - Vacqueyras - \"Reflets de l'Ame\" - vin rouge - IVINIO Caviste","og_description":"Acheter Fontaine du Clos - Vacqueyras - \"Reflets de l'Ame\" - vin rouge. Puissant, ar\u00f4mes de groseilles et de fruits m\u00fbrs avec un palais rond et doux.","og_url":"https:\/\/www.ivinio.com\/fr\/produit\/fontaine-du-clos-vacqueyras-reflets-de-lame-rouge\/","og_site_name":"IVINIO Caviste","article_publisher":"https:\/\/www.facebook.com\/groups\/165217837022391\/?ref=bookmarks","article_modified_time":"2023-05-17T11:34:33+00:00","og_image":[{"width":500,"height":500,"url":"https:\/\/www.ivinio.com\/wp-content\/uploads\/nc\/public\/modules\/file\/pictures\/4946.fontaineduclosreflet500x500.jpg","type":"image\/jpeg"}],"twitter_card":"summary_large_image","twitter_misc":{"Dur\u00e9e de lecture estim\u00e9e":"1 minute"},"schema":{"@context":"https:\/\/schema.org","@graph":[{"@type":"WebPage","@id":"https:\/\/www.ivinio.com\/fr\/produit\/fontaine-du-clos-vacqueyras-reflets-de-lame-rouge\/","url":"https:\/\/www.ivinio.com\/fr\/produit\/fontaine-du-clos-vacqueyras-reflets-de-lame-rouge\/","name":"Fontaine du Clos - Vacqueyras - \"Reflets de l'Ame\" - vin rouge - IVINIO Caviste","isPartOf":{"@id":"https:\/\/www.ivinio.com\/fr\/#website"},"primaryImageOfPage":{"@id":"https:\/\/www.ivinio.com\/fr\/produit\/fontaine-du-clos-vacqueyras-reflets-de-lame-rouge\/#primaryimage"},"image":{"@id":"https:\/\/www.ivinio.com\/fr\/produit\/fontaine-du-clos-vacqueyras-reflets-de-lame-rouge\/#primaryimage"},"thumbnailUrl":"https:\/\/www.ivinio.com\/wp-content\/uploads\/nc\/public\/modules\/file\/pictures\/4946.fontaineduclosreflet500x500.jpg","datePublished":"2014-08-30T15:45:24+00:00","dateModified":"2023-05-17T11:34:33+00:00","description":"Acheter Fontaine du Clos - Vacqueyras - \"Reflets de l'Ame\" - vin rouge. Puissant, ar\u00f4mes de groseilles et de fruits m\u00fbrs avec un palais rond et doux.","breadcrumb":{"@id":"https:\/\/www.ivinio.com\/fr\/produit\/fontaine-du-clos-vacqueyras-reflets-de-lame-rouge\/#breadcrumb"},"inLanguage":"fr-FR","potentialAction":[{"@type":"ReadAction","target":["https:\/\/www.ivinio.com\/fr\/produit\/fontaine-du-clos-vacqueyras-reflets-de-lame-rouge\/"]}]},{"@type":"ImageObject","inLanguage":"fr-FR","@id":"https:\/\/www.ivinio.com\/fr\/produit\/fontaine-du-clos-vacqueyras-reflets-de-lame-rouge\/#primaryimage","url":"https:\/\/www.ivinio.com\/wp-content\/uploads\/nc\/public\/modules\/file\/pictures\/4946.fontaineduclosreflet500x500.jpg","contentUrl":"https:\/\/www.ivinio.com\/wp-content\/uploads\/nc\/public\/modules\/file\/pictures\/4946.fontaineduclosreflet500x500.jpg","width":500,"height":500,"caption":"Fontaine du Clos - Vacqueyras - \"Reflets de l'Ame\""},{"@type":"BreadcrumbList","@id":"https:\/\/www.ivinio.com\/fr\/produit\/fontaine-du-clos-vacqueyras-reflets-de-lame-rouge\/#breadcrumb","itemListElement":[{"@type":"ListItem","position":1,"name":"Home","item":"https:\/\/www.ivinio.com\/fr\/"},{"@type":"ListItem","position":2,"name":"Boutique de vin","item":"https:\/\/www.ivinio.com\/fr\/boutique-de-vin\/"},{"@type":"ListItem","position":3,"name":"Fontaine du Clos &#8211; Vacqueyras &#8211; &#8220;Reflets de l&#8217;Ame&#8221; &#8211; Rouge"}]},{"@type":"WebSite","@id":"https:\/\/www.ivinio.com\/fr\/#website","url":"https:\/\/www.ivinio.com\/fr\/","name":"IVINIO Caviste","description":"Vins de France et d&#039;Italie avec livraison \u00e0 domicile","publisher":{"@id":"https:\/\/www.ivinio.com\/fr\/#organization"},"potentialAction":[{"@type":"SearchAction","target":{"@type":"EntryPoint","urlTemplate":"https:\/\/www.ivinio.com\/fr\/?s={search_term_string}"},"query-input":{"@type":"PropertyValueSpecification","valueRequired":true,"valueName":"search_term_string"}}],"inLanguage":"fr-FR"},{"@type":"Organization","@id":"https:\/\/www.ivinio.com\/fr\/#organization","name":"IVINIO","url":"https:\/\/www.ivinio.com\/fr\/","logo":{"@type":"ImageObject","inLanguage":"fr-FR","@id":"https:\/\/www.ivinio.com\/fr\/#\/schema\/logo\/image\/","url":"https:\/\/www.ivinio.com\/wp-content\/uploads\/2021\/01\/Logo-Ivinio-v2.jpg","contentUrl":"https:\/\/www.ivinio.com\/wp-content\/uploads\/2021\/01\/Logo-Ivinio-v2.jpg","width":1194,"height":1194,"caption":"IVINIO"},"image":{"@id":"https:\/\/www.ivinio.com\/fr\/#\/schema\/logo\/image\/"},"sameAs":["https:\/\/www.facebook.com\/groups\/165217837022391\/?ref=bookmarks","https:\/\/www.instagram.com\/_ivinio_\/?hl=fr"]}]}},"jetpack_sharing_enabled":true,"_links":{"self":[{"href":"https:\/\/www.ivinio.com\/fr\/wp-json\/wp\/v2\/product\/118332","targetHints":{"allow":["GET"]}}],"collection":[{"href":"https:\/\/www.ivinio.com\/fr\/wp-json\/wp\/v2\/product"}],"about":[{"href":"https:\/\/www.ivinio.com\/fr\/wp-json\/wp\/v2\/types\/product"}],"replies":[{"embeddable":true,"href":"https:\/\/www.ivinio.com\/fr\/wp-json\/wp\/v2\/comments?post=118332"}],"wp:featuredmedia":[{"embeddable":true,"href":"https:\/\/www.ivinio.com\/fr\/wp-json\/wp\/v2\/media\/118335"}],"wp:attachment":[{"href":"https:\/\/www.ivinio.com\/fr\/wp-json\/wp\/v2\/media?parent=118332"}],"wp:term":[{"taxonomy":"product_brand","embeddable":true,"href":"https:\/\/www.ivinio.com\/fr\/wp-json\/wp\/v2\/product_brand?post=118332"},{"taxonomy":"product_cat","embeddable":true,"href":"https:\/\/www.ivinio.com\/fr\/wp-json\/wp\/v2\/product_cat?post=118332"},{"taxonomy":"product_tag","embeddable":true,"href":"https:\/\/www.ivinio.com\/fr\/wp-json\/wp\/v2\/product_tag?post=118332"}],"curies":[{"name":"wp","href":"https:\/\/api.w.org\/{rel}","templated":true}]}}