{"id":118322,"date":"2014-08-29T09:19:02","date_gmt":"2014-08-29T09:19:02","guid":{"rendered":"https:\/\/henrik.www.ivinio.com\/?product=domaine-meyer-fonne-riesling-pfoeller-blanc"},"modified":"2022-03-13T09:46:49","modified_gmt":"2022-03-13T08:46:49","slug":"domaine-meyer-fonne-riesling-pfoeller-blanc","status":"publish","type":"product","link":"https:\/\/www.ivinio.com\/fr\/produit\/domaine-meyer-fonne-riesling-pfoeller-blanc\/","title":{"rendered":"Domaine Meyer-Fonn\u00e9 Riesling &#8220;Pfoeller&#8221; &#8211; Blanc"},"content":{"rendered":"<p>Le &#8220;Pfoeller&#8221; a \u00e9t\u00e9 nomm\u00e9 d&#8217;apr\u00e8s un\u00a0terroir calcaire de\u00a0Katzentahl, dite Munschelkalk. Les raisins de\u00a0Riesling sont cueillis manuellement et la vinification est\u00a0faite selon\u00a0la m\u00e9thode classique. Le vin fini est ensuite \u00e9lev\u00e9 sur ses lies avant la mise en bouteille. Un vin de garde par excellence !<\/p>\n","protected":false},"excerpt":{"rendered":"<p>Le &#8220;Pfoeller&#8221; du Domaine Meyer-Fonn\u00e9 est fabriqu\u00e9 \u00e0 partir de raisins Riesling du terroir &#8221; Pfoeller &#8220;\u00e0 Katzenthal. Un vin blanc \u00e9l\u00e9gant avec des notes aromatiques de citrons et une certaine\u00a0min\u00e9ralit\u00e9. Un vin sec avec une douceur subtile. A d\u00e9guster en\u00a0ap\u00e9ritif ou avec une bonne choucroute alsacienne !<\/p>\n","protected":false},"featured_media":118325,"comment_status":"open","ping_status":"closed","template":"","meta":{"_monsterinsights_skip_tracking":false,"_monsterinsights_sitenote_active":false,"_monsterinsights_sitenote_note":"","_monsterinsights_sitenote_category":0,"_uf_show_specific_survey":0,"_uf_disable_surveys":false},"product_brand":[],"product_cat":[36640,36586],"product_tag":[],"class_list":{"0":"post-118322","1":"product","2":"type-product","3":"status-publish","4":"has-post-thumbnail","6":"product_cat-fr-alsace","7":"product_cat-vins-francais","8":"pa_alcohol-degree-13-5","9":"pa_classification-aop-alsace-riesling-fr","10":"pa_color-blanc-fr","11":"pa_country-france-fr","12":"pa_grape-variety-riesling-fr","13":"pa_region-alsace-fr","14":"pa_storage-potential-plus-de-5-ans-fr","15":"pa_vintage-2016-fr","16":"pa_volume-75-cl-fr","18":"first","19":"instock","20":"taxable","21":"shipping-taxable","22":"purchasable","23":"product-type-simple"},"bundled_by":[],"bundle_stock_status":"instock","bundle_stock_quantity":null,"bundle_virtual":false,"bundle_layout":"","bundle_add_to_cart_form_location":"","bundle_editable_in_cart":false,"bundle_sold_individually_context":"","bundle_item_grouping":"","bundle_min_size":"","bundle_max_size":"","bundle_price":[],"bundled_items":[],"bundle_sell_ids":[],"yoast_head":"<!-- This site is optimized with the Yoast SEO plugin v27.5 - https:\/\/yoast.com\/product\/yoast-seo-wordpress\/ -->\n<title>Domaine Meyer-Fonn\u00e9 Riesling &quot;Pfoeller&quot; - Alsace grand cru - choucroute - Vin Blanc - vins fran\u00e7ais - Vins poissons<\/title>\n<meta name=\"description\" content=\"&quot;Pfoeller&quot; est un &quot;Grand Cru&quot; fabriqu\u00e9 \u00e0 partir de raisins Riesling. Un vin blanc \u00e9l\u00e9gant avec des notes aromatiques de citrons et une certaine min\u00e9ralit\u00e9. Un vin sec avec une douceur subtile qui ne va pas \u00e0 l&#039;extr\u00eame. Boire un ap\u00e9ritif ou une choucr\" \/>\n<meta name=\"robots\" content=\"index, follow, max-snippet:-1, max-image-preview:large, max-video-preview:-1\" \/>\n<link rel=\"canonical\" href=\"https:\/\/www.ivinio.com\/fr\/produit\/domaine-meyer-fonne-riesling-pfoeller-blanc\/\" \/>\n<meta property=\"og:locale\" content=\"fr_FR\" \/>\n<meta property=\"og:type\" content=\"article\" \/>\n<meta property=\"og:title\" content=\"Domaine Meyer-Fonn\u00e9 Riesling &quot;Pfoeller&quot; - Alsace grand cru - choucroute - Vin Blanc - vins fran\u00e7ais - Vins poissons\" \/>\n<meta property=\"og:description\" content=\"&quot;Pfoeller&quot; est un &quot;Grand Cru&quot; fabriqu\u00e9 \u00e0 partir de raisins Riesling. Un vin blanc \u00e9l\u00e9gant avec des notes aromatiques de citrons et une certaine min\u00e9ralit\u00e9. Un vin sec avec une douceur subtile qui ne va pas \u00e0 l&#039;extr\u00eame. Boire un ap\u00e9ritif ou une choucr\" \/>\n<meta property=\"og:url\" content=\"https:\/\/www.ivinio.com\/fr\/produit\/domaine-meyer-fonne-riesling-pfoeller-blanc\/\" \/>\n<meta property=\"og:site_name\" content=\"IVINIO Caviste\" \/>\n<meta property=\"article:publisher\" content=\"https:\/\/www.facebook.com\/groups\/165217837022391\/?ref=bookmarks\" \/>\n<meta property=\"article:modified_time\" content=\"2022-03-13T08:46:49+00:00\" \/>\n<meta property=\"og:image\" content=\"https:\/\/www.ivinio.com\/wp-content\/uploads\/nc\/public\/modules\/file\/pictures\/4959.meyerfonn-pfoeller.jpg\" \/>\n\t<meta property=\"og:image:width\" content=\"500\" \/>\n\t<meta property=\"og:image:height\" content=\"500\" \/>\n\t<meta property=\"og:image:type\" content=\"image\/jpeg\" \/>\n<meta name=\"twitter:card\" content=\"summary_large_image\" \/>\n<script type=\"application\/ld+json\" class=\"yoast-schema-graph\">{\"@context\":\"https:\\\/\\\/schema.org\",\"@graph\":[{\"@type\":\"WebPage\",\"@id\":\"https:\\\/\\\/www.ivinio.com\\\/fr\\\/produit\\\/domaine-meyer-fonne-riesling-pfoeller-blanc\\\/\",\"url\":\"https:\\\/\\\/www.ivinio.com\\\/fr\\\/produit\\\/domaine-meyer-fonne-riesling-pfoeller-blanc\\\/\",\"name\":\"Domaine Meyer-Fonn\u00e9 Riesling \\\"Pfoeller\\\" - Alsace grand cru - choucroute - Vin Blanc - vins fran\u00e7ais - Vins poissons\",\"isPartOf\":{\"@id\":\"https:\\\/\\\/www.ivinio.com\\\/fr\\\/#website\"},\"primaryImageOfPage\":{\"@id\":\"https:\\\/\\\/www.ivinio.com\\\/fr\\\/produit\\\/domaine-meyer-fonne-riesling-pfoeller-blanc\\\/#primaryimage\"},\"image\":{\"@id\":\"https:\\\/\\\/www.ivinio.com\\\/fr\\\/produit\\\/domaine-meyer-fonne-riesling-pfoeller-blanc\\\/#primaryimage\"},\"thumbnailUrl\":\"https:\\\/\\\/www.ivinio.com\\\/wp-content\\\/uploads\\\/nc\\\/public\\\/modules\\\/file\\\/pictures\\\/4959.meyerfonn-pfoeller.jpg\",\"datePublished\":\"2014-08-29T09:19:02+00:00\",\"dateModified\":\"2022-03-13T08:46:49+00:00\",\"description\":\"\\\"Pfoeller\\\" est un \\\"Grand Cru\\\" fabriqu\u00e9 \u00e0 partir de raisins Riesling. Un vin blanc \u00e9l\u00e9gant avec des notes aromatiques de citrons et une certaine min\u00e9ralit\u00e9. Un vin sec avec une douceur subtile qui ne va pas \u00e0 l'extr\u00eame. Boire un ap\u00e9ritif ou une choucr\",\"breadcrumb\":{\"@id\":\"https:\\\/\\\/www.ivinio.com\\\/fr\\\/produit\\\/domaine-meyer-fonne-riesling-pfoeller-blanc\\\/#breadcrumb\"},\"inLanguage\":\"fr-FR\",\"potentialAction\":[{\"@type\":\"ReadAction\",\"target\":[\"https:\\\/\\\/www.ivinio.com\\\/fr\\\/produit\\\/domaine-meyer-fonne-riesling-pfoeller-blanc\\\/\"]}]},{\"@type\":\"ImageObject\",\"inLanguage\":\"fr-FR\",\"@id\":\"https:\\\/\\\/www.ivinio.com\\\/fr\\\/produit\\\/domaine-meyer-fonne-riesling-pfoeller-blanc\\\/#primaryimage\",\"url\":\"https:\\\/\\\/www.ivinio.com\\\/wp-content\\\/uploads\\\/nc\\\/public\\\/modules\\\/file\\\/pictures\\\/4959.meyerfonn-pfoeller.jpg\",\"contentUrl\":\"https:\\\/\\\/www.ivinio.com\\\/wp-content\\\/uploads\\\/nc\\\/public\\\/modules\\\/file\\\/pictures\\\/4959.meyerfonn-pfoeller.jpg\",\"width\":500,\"height\":500},{\"@type\":\"BreadcrumbList\",\"@id\":\"https:\\\/\\\/www.ivinio.com\\\/fr\\\/produit\\\/domaine-meyer-fonne-riesling-pfoeller-blanc\\\/#breadcrumb\",\"itemListElement\":[{\"@type\":\"ListItem\",\"position\":1,\"name\":\"Home\",\"item\":\"https:\\\/\\\/www.ivinio.com\\\/fr\\\/\"},{\"@type\":\"ListItem\",\"position\":2,\"name\":\"Boutique de vin\",\"item\":\"https:\\\/\\\/www.ivinio.com\\\/fr\\\/boutique-de-vin\\\/\"},{\"@type\":\"ListItem\",\"position\":3,\"name\":\"Domaine Meyer-Fonn\u00e9 Riesling &#8220;Pfoeller&#8221; &#8211; Blanc\"}]},{\"@type\":\"WebSite\",\"@id\":\"https:\\\/\\\/www.ivinio.com\\\/fr\\\/#website\",\"url\":\"https:\\\/\\\/www.ivinio.com\\\/fr\\\/\",\"name\":\"IVINIO Caviste\",\"description\":\"Vins de France et d&#039;Italie avec livraison \u00e0 domicile\",\"publisher\":{\"@id\":\"https:\\\/\\\/www.ivinio.com\\\/fr\\\/#organization\"},\"potentialAction\":[{\"@type\":\"SearchAction\",\"target\":{\"@type\":\"EntryPoint\",\"urlTemplate\":\"https:\\\/\\\/www.ivinio.com\\\/fr\\\/?s={search_term_string}\"},\"query-input\":{\"@type\":\"PropertyValueSpecification\",\"valueRequired\":true,\"valueName\":\"search_term_string\"}}],\"inLanguage\":\"fr-FR\"},{\"@type\":\"Organization\",\"@id\":\"https:\\\/\\\/www.ivinio.com\\\/fr\\\/#organization\",\"name\":\"IVINIO\",\"url\":\"https:\\\/\\\/www.ivinio.com\\\/fr\\\/\",\"logo\":{\"@type\":\"ImageObject\",\"inLanguage\":\"fr-FR\",\"@id\":\"https:\\\/\\\/www.ivinio.com\\\/fr\\\/#\\\/schema\\\/logo\\\/image\\\/\",\"url\":\"https:\\\/\\\/www.ivinio.com\\\/wp-content\\\/uploads\\\/2021\\\/01\\\/Logo-Ivinio-v2.jpg\",\"contentUrl\":\"https:\\\/\\\/www.ivinio.com\\\/wp-content\\\/uploads\\\/2021\\\/01\\\/Logo-Ivinio-v2.jpg\",\"width\":1194,\"height\":1194,\"caption\":\"IVINIO\"},\"image\":{\"@id\":\"https:\\\/\\\/www.ivinio.com\\\/fr\\\/#\\\/schema\\\/logo\\\/image\\\/\"},\"sameAs\":[\"https:\\\/\\\/www.facebook.com\\\/groups\\\/165217837022391\\\/?ref=bookmarks\",\"https:\\\/\\\/www.instagram.com\\\/_ivinio_\\\/?hl=fr\"]}]}<\/script>\n<!-- \/ Yoast SEO plugin. -->","yoast_head_json":{"title":"Domaine Meyer-Fonn\u00e9 Riesling \"Pfoeller\" - Alsace grand cru - choucroute - Vin Blanc - vins fran\u00e7ais - Vins poissons","description":"\"Pfoeller\" est un \"Grand Cru\" fabriqu\u00e9 \u00e0 partir de raisins Riesling. Un vin blanc \u00e9l\u00e9gant avec des notes aromatiques de citrons et une certaine min\u00e9ralit\u00e9. Un vin sec avec une douceur subtile qui ne va pas \u00e0 l'extr\u00eame. Boire un ap\u00e9ritif ou une choucr","robots":{"index":"index","follow":"follow","max-snippet":"max-snippet:-1","max-image-preview":"max-image-preview:large","max-video-preview":"max-video-preview:-1"},"canonical":"https:\/\/www.ivinio.com\/fr\/produit\/domaine-meyer-fonne-riesling-pfoeller-blanc\/","og_locale":"fr_FR","og_type":"article","og_title":"Domaine Meyer-Fonn\u00e9 Riesling \"Pfoeller\" - Alsace grand cru - choucroute - Vin Blanc - vins fran\u00e7ais - Vins poissons","og_description":"\"Pfoeller\" est un \"Grand Cru\" fabriqu\u00e9 \u00e0 partir de raisins Riesling. Un vin blanc \u00e9l\u00e9gant avec des notes aromatiques de citrons et une certaine min\u00e9ralit\u00e9. Un vin sec avec une douceur subtile qui ne va pas \u00e0 l'extr\u00eame. Boire un ap\u00e9ritif ou une choucr","og_url":"https:\/\/www.ivinio.com\/fr\/produit\/domaine-meyer-fonne-riesling-pfoeller-blanc\/","og_site_name":"IVINIO Caviste","article_publisher":"https:\/\/www.facebook.com\/groups\/165217837022391\/?ref=bookmarks","article_modified_time":"2022-03-13T08:46:49+00:00","og_image":[{"width":500,"height":500,"url":"https:\/\/www.ivinio.com\/wp-content\/uploads\/nc\/public\/modules\/file\/pictures\/4959.meyerfonn-pfoeller.jpg","type":"image\/jpeg"}],"twitter_card":"summary_large_image","schema":{"@context":"https:\/\/schema.org","@graph":[{"@type":"WebPage","@id":"https:\/\/www.ivinio.com\/fr\/produit\/domaine-meyer-fonne-riesling-pfoeller-blanc\/","url":"https:\/\/www.ivinio.com\/fr\/produit\/domaine-meyer-fonne-riesling-pfoeller-blanc\/","name":"Domaine Meyer-Fonn\u00e9 Riesling \"Pfoeller\" - Alsace grand cru - choucroute - Vin Blanc - vins fran\u00e7ais - Vins poissons","isPartOf":{"@id":"https:\/\/www.ivinio.com\/fr\/#website"},"primaryImageOfPage":{"@id":"https:\/\/www.ivinio.com\/fr\/produit\/domaine-meyer-fonne-riesling-pfoeller-blanc\/#primaryimage"},"image":{"@id":"https:\/\/www.ivinio.com\/fr\/produit\/domaine-meyer-fonne-riesling-pfoeller-blanc\/#primaryimage"},"thumbnailUrl":"https:\/\/www.ivinio.com\/wp-content\/uploads\/nc\/public\/modules\/file\/pictures\/4959.meyerfonn-pfoeller.jpg","datePublished":"2014-08-29T09:19:02+00:00","dateModified":"2022-03-13T08:46:49+00:00","description":"\"Pfoeller\" est un \"Grand Cru\" fabriqu\u00e9 \u00e0 partir de raisins Riesling. Un vin blanc \u00e9l\u00e9gant avec des notes aromatiques de citrons et une certaine min\u00e9ralit\u00e9. Un vin sec avec une douceur subtile qui ne va pas \u00e0 l'extr\u00eame. Boire un ap\u00e9ritif ou une choucr","breadcrumb":{"@id":"https:\/\/www.ivinio.com\/fr\/produit\/domaine-meyer-fonne-riesling-pfoeller-blanc\/#breadcrumb"},"inLanguage":"fr-FR","potentialAction":[{"@type":"ReadAction","target":["https:\/\/www.ivinio.com\/fr\/produit\/domaine-meyer-fonne-riesling-pfoeller-blanc\/"]}]},{"@type":"ImageObject","inLanguage":"fr-FR","@id":"https:\/\/www.ivinio.com\/fr\/produit\/domaine-meyer-fonne-riesling-pfoeller-blanc\/#primaryimage","url":"https:\/\/www.ivinio.com\/wp-content\/uploads\/nc\/public\/modules\/file\/pictures\/4959.meyerfonn-pfoeller.jpg","contentUrl":"https:\/\/www.ivinio.com\/wp-content\/uploads\/nc\/public\/modules\/file\/pictures\/4959.meyerfonn-pfoeller.jpg","width":500,"height":500},{"@type":"BreadcrumbList","@id":"https:\/\/www.ivinio.com\/fr\/produit\/domaine-meyer-fonne-riesling-pfoeller-blanc\/#breadcrumb","itemListElement":[{"@type":"ListItem","position":1,"name":"Home","item":"https:\/\/www.ivinio.com\/fr\/"},{"@type":"ListItem","position":2,"name":"Boutique de vin","item":"https:\/\/www.ivinio.com\/fr\/boutique-de-vin\/"},{"@type":"ListItem","position":3,"name":"Domaine Meyer-Fonn\u00e9 Riesling &#8220;Pfoeller&#8221; &#8211; Blanc"}]},{"@type":"WebSite","@id":"https:\/\/www.ivinio.com\/fr\/#website","url":"https:\/\/www.ivinio.com\/fr\/","name":"IVINIO Caviste","description":"Vins de France et d&#039;Italie avec livraison \u00e0 domicile","publisher":{"@id":"https:\/\/www.ivinio.com\/fr\/#organization"},"potentialAction":[{"@type":"SearchAction","target":{"@type":"EntryPoint","urlTemplate":"https:\/\/www.ivinio.com\/fr\/?s={search_term_string}"},"query-input":{"@type":"PropertyValueSpecification","valueRequired":true,"valueName":"search_term_string"}}],"inLanguage":"fr-FR"},{"@type":"Organization","@id":"https:\/\/www.ivinio.com\/fr\/#organization","name":"IVINIO","url":"https:\/\/www.ivinio.com\/fr\/","logo":{"@type":"ImageObject","inLanguage":"fr-FR","@id":"https:\/\/www.ivinio.com\/fr\/#\/schema\/logo\/image\/","url":"https:\/\/www.ivinio.com\/wp-content\/uploads\/2021\/01\/Logo-Ivinio-v2.jpg","contentUrl":"https:\/\/www.ivinio.com\/wp-content\/uploads\/2021\/01\/Logo-Ivinio-v2.jpg","width":1194,"height":1194,"caption":"IVINIO"},"image":{"@id":"https:\/\/www.ivinio.com\/fr\/#\/schema\/logo\/image\/"},"sameAs":["https:\/\/www.facebook.com\/groups\/165217837022391\/?ref=bookmarks","https:\/\/www.instagram.com\/_ivinio_\/?hl=fr"]}]}},"jetpack_sharing_enabled":true,"_links":{"self":[{"href":"https:\/\/www.ivinio.com\/fr\/wp-json\/wp\/v2\/product\/118322","targetHints":{"allow":["GET"]}}],"collection":[{"href":"https:\/\/www.ivinio.com\/fr\/wp-json\/wp\/v2\/product"}],"about":[{"href":"https:\/\/www.ivinio.com\/fr\/wp-json\/wp\/v2\/types\/product"}],"replies":[{"embeddable":true,"href":"https:\/\/www.ivinio.com\/fr\/wp-json\/wp\/v2\/comments?post=118322"}],"wp:featuredmedia":[{"embeddable":true,"href":"https:\/\/www.ivinio.com\/fr\/wp-json\/wp\/v2\/media\/118325"}],"wp:attachment":[{"href":"https:\/\/www.ivinio.com\/fr\/wp-json\/wp\/v2\/media?parent=118322"}],"wp:term":[{"taxonomy":"product_brand","embeddable":true,"href":"https:\/\/www.ivinio.com\/fr\/wp-json\/wp\/v2\/product_brand?post=118322"},{"taxonomy":"product_cat","embeddable":true,"href":"https:\/\/www.ivinio.com\/fr\/wp-json\/wp\/v2\/product_cat?post=118322"},{"taxonomy":"product_tag","embeddable":true,"href":"https:\/\/www.ivinio.com\/fr\/wp-json\/wp\/v2\/product_tag?post=118322"}],"curies":[{"name":"wp","href":"https:\/\/api.w.org\/{rel}","templated":true}]}}