{"id":118298,"date":"2014-08-26T18:32:06","date_gmt":"2014-08-26T18:32:06","guid":{"rendered":"https:\/\/henrik.www.ivinio.com\/?product=albert-bichot-domaine-du-clos-frantin-gevrey-chambertin-les-murots-rouge"},"modified":"2026-01-09T16:46:31","modified_gmt":"2026-01-09T15:46:31","slug":"albert-bichot-domaine-du-clos-frantin-gevrey-chambertin-les-murots-rouge","status":"publish","type":"product","link":"https:\/\/www.ivinio.com\/fr\/produit\/albert-bichot-domaine-du-clos-frantin-gevrey-chambertin-les-murots-rouge\/","title":{"rendered":"Albert Bichot &#8211; Domaine du Clos Frantin &#8211; Gevrey Chambertin &#8220;Les Murots&#8221; &#8211; Rouge"},"content":{"rendered":"<p>Albert Bichot &#8211; Domaine du Clos Frantin &#8211; Gevrey Chambertin &#8220;Les Murots&#8221; est compos\u00e9 de 100% de Pinot noir r\u00e9colt\u00e9s manuellement dans des caisses \u00e0 vendange de 25 kilos. Les raisins sont achemin\u00e9s vers la cuverie du Domaine le plus rapidement possible afin de pr\u00e9server l&#8217;int\u00e9grit\u00e9 de ce fruit si d\u00e9licat. Les raisins passent ensuite sur une table de tri vibrante pour retirer d&#8217;\u00e9ventuels grains ou grappes ab\u00eem\u00e9s. La r\u00e9colte est \u00e9grapp\u00e9e pour \u00e9viter une amertume excessive d\u00fbe aux tanins des rafles. La mac\u00e9ration fermentaire dure ensuite 20 \u00e0 28 jours dans des cuves coniques en ch\u00eane thermor\u00e9gul\u00e9es. Cela permet de ma\u00eetriser les temp\u00e9ratures de fermentation influant directement sur l&#8217;extraction des ar\u00f4mes et de la couleur. Enfin, un pressurage doux et s\u00e9lectif met en valeur la noblesse et l&#8217;\u00e9l\u00e9gance du vin. Ce vin a \u00e9t\u00e9 \u00e9lev\u00e9 durant plus d&#8217;un an dans les caves du Domaine en f\u00fbts de ch\u00eane (30 \u00e0 35 % de f\u00fbts neufs). Les origines vari\u00e9es des f\u00fbts (for\u00eat de Tron\u00e7ais, Allier, Vosges), leur chauffe sp\u00e9cifique et leur \u00e2ge participent \u00e0 la recherche de complexit\u00e9 aromatique dans la r\u00e9v\u00e9lation de ce grand terroir.<\/p>\n","protected":false},"excerpt":{"rendered":"<p>Un vin entre profondeur et \u00e9l\u00e9gance qui d\u00e9ploie au nez d\u2019expressifs ar\u00f4mes de fruits rouges\u00a0et d\u2019\u00e9pices avec une touche min\u00e9rale. De la souplesse en bouche, une belle\u00a0concentration, du soyeux et des tanins fins. Un vin de garde tr\u00e8s long en bouche. Tr\u00e8s prometteur !<\/p>\n","protected":false},"featured_media":139300,"comment_status":"open","ping_status":"closed","template":"","meta":{"_monsterinsights_skip_tracking":false,"_monsterinsights_sitenote_active":false,"_monsterinsights_sitenote_note":"","_monsterinsights_sitenote_category":0,"_uf_show_specific_survey":0,"_uf_disable_surveys":false},"product_brand":[],"product_cat":[36610,36586],"product_tag":[],"class_list":{"0":"post-118298","1":"product","2":"type-product","3":"status-publish","4":"has-post-thumbnail","6":"product_cat-fr-bourgogne","7":"product_cat-vins-francais","8":"pa_alcohol-degree-13-5","9":"pa_awards-wine-enthusiast-fr","10":"pa_classification-aop-gevrey-chambertin-fr","11":"pa_color-rouge-fr","12":"pa_country-france-fr","13":"pa_grape-variety-pinot-noir-fr","14":"pa_package-1x1-fr","15":"pa_package-1x6-fr","16":"pa_region-bourgogne-fr","17":"pa_storage-potential-15-ans","18":"pa_vintage-2022-fr","19":"pa_volume-75-cl-fr","21":"first","22":"instock","23":"taxable","24":"shipping-taxable","25":"purchasable","26":"product-type-variable"},"bundled_by":[],"bundle_stock_status":"instock","bundle_stock_quantity":null,"bundle_virtual":false,"bundle_layout":"","bundle_add_to_cart_form_location":"","bundle_editable_in_cart":false,"bundle_sold_individually_context":"","bundle_item_grouping":"","bundle_min_size":"","bundle_max_size":"","bundle_price":[],"bundled_items":[],"bundle_sell_ids":[],"yoast_head":"<!-- This site is optimized with the Yoast SEO plugin v27.4 - https:\/\/yoast.com\/product\/yoast-seo-wordpress\/ -->\n<title>Albert Bichot - Domaine du Clos Frantin - Gevrey Chambertin &quot;Les Murots&quot;<\/title>\n<meta name=\"description\" content=\"Acheter Albert Bichot - Domaine du Clos Frantin - Gevrey Chambertin &quot;Les Murots&quot;. Un vin entre profondeur et \u00e9l\u00e9gance.\" \/>\n<meta name=\"robots\" content=\"index, follow, max-snippet:-1, max-image-preview:large, max-video-preview:-1\" \/>\n<link rel=\"canonical\" href=\"https:\/\/www.ivinio.com\/fr\/produit\/albert-bichot-domaine-du-clos-frantin-gevrey-chambertin-les-murots-rouge\/\" \/>\n<meta property=\"og:locale\" content=\"fr_FR\" \/>\n<meta property=\"og:type\" content=\"article\" \/>\n<meta property=\"og:title\" content=\"Albert Bichot - Domaine du Clos Frantin - Gevrey Chambertin &quot;Les Murots&quot;\" \/>\n<meta property=\"og:description\" content=\"Acheter Albert Bichot - Domaine du Clos Frantin - Gevrey Chambertin &quot;Les Murots&quot;. Un vin entre profondeur et \u00e9l\u00e9gance.\" \/>\n<meta property=\"og:url\" content=\"https:\/\/www.ivinio.com\/fr\/produit\/albert-bichot-domaine-du-clos-frantin-gevrey-chambertin-les-murots-rouge\/\" \/>\n<meta property=\"og:site_name\" content=\"IVINIO Caviste\" \/>\n<meta property=\"article:publisher\" content=\"https:\/\/www.facebook.com\/groups\/165217837022391\/?ref=bookmarks\" \/>\n<meta property=\"article:modified_time\" content=\"2026-01-09T15:46:31+00:00\" \/>\n<meta property=\"og:image\" content=\"https:\/\/www.ivinio.com\/wp-content\/uploads\/nc\/public\/modules\/file\/pictures\/4912.bichotgevrey500x500.jpg\" \/>\n\t<meta property=\"og:image:width\" content=\"500\" \/>\n\t<meta property=\"og:image:height\" content=\"500\" \/>\n\t<meta property=\"og:image:type\" content=\"image\/jpeg\" \/>\n<meta name=\"twitter:card\" content=\"summary_large_image\" \/>\n<meta name=\"twitter:label1\" content=\"Dur\u00e9e de lecture estim\u00e9e\" \/>\n\t<meta name=\"twitter:data1\" content=\"2 minutes\" \/>\n<script type=\"application\/ld+json\" class=\"yoast-schema-graph\">{\"@context\":\"https:\\\/\\\/schema.org\",\"@graph\":[{\"@type\":\"WebPage\",\"@id\":\"https:\\\/\\\/www.ivinio.com\\\/fr\\\/produit\\\/albert-bichot-domaine-du-clos-frantin-gevrey-chambertin-les-murots-rouge\\\/\",\"url\":\"https:\\\/\\\/www.ivinio.com\\\/fr\\\/produit\\\/albert-bichot-domaine-du-clos-frantin-gevrey-chambertin-les-murots-rouge\\\/\",\"name\":\"Albert Bichot - Domaine du Clos Frantin - Gevrey Chambertin \\\"Les Murots\\\"\",\"isPartOf\":{\"@id\":\"https:\\\/\\\/www.ivinio.com\\\/fr\\\/#website\"},\"primaryImageOfPage\":{\"@id\":\"https:\\\/\\\/www.ivinio.com\\\/fr\\\/produit\\\/albert-bichot-domaine-du-clos-frantin-gevrey-chambertin-les-murots-rouge\\\/#primaryimage\"},\"image\":{\"@id\":\"https:\\\/\\\/www.ivinio.com\\\/fr\\\/produit\\\/albert-bichot-domaine-du-clos-frantin-gevrey-chambertin-les-murots-rouge\\\/#primaryimage\"},\"thumbnailUrl\":\"https:\\\/\\\/www.ivinio.com\\\/wp-content\\\/uploads\\\/nc\\\/public\\\/modules\\\/file\\\/pictures\\\/4912.bichotgevrey500x500.jpg\",\"datePublished\":\"2014-08-26T18:32:06+00:00\",\"dateModified\":\"2026-01-09T15:46:31+00:00\",\"description\":\"Acheter Albert Bichot - Domaine du Clos Frantin - Gevrey Chambertin \\\"Les Murots\\\". Un vin entre profondeur et \u00e9l\u00e9gance.\",\"breadcrumb\":{\"@id\":\"https:\\\/\\\/www.ivinio.com\\\/fr\\\/produit\\\/albert-bichot-domaine-du-clos-frantin-gevrey-chambertin-les-murots-rouge\\\/#breadcrumb\"},\"inLanguage\":\"fr-FR\",\"potentialAction\":[{\"@type\":\"ReadAction\",\"target\":[\"https:\\\/\\\/www.ivinio.com\\\/fr\\\/produit\\\/albert-bichot-domaine-du-clos-frantin-gevrey-chambertin-les-murots-rouge\\\/\"]}]},{\"@type\":\"ImageObject\",\"inLanguage\":\"fr-FR\",\"@id\":\"https:\\\/\\\/www.ivinio.com\\\/fr\\\/produit\\\/albert-bichot-domaine-du-clos-frantin-gevrey-chambertin-les-murots-rouge\\\/#primaryimage\",\"url\":\"https:\\\/\\\/www.ivinio.com\\\/wp-content\\\/uploads\\\/nc\\\/public\\\/modules\\\/file\\\/pictures\\\/4912.bichotgevrey500x500.jpg\",\"contentUrl\":\"https:\\\/\\\/www.ivinio.com\\\/wp-content\\\/uploads\\\/nc\\\/public\\\/modules\\\/file\\\/pictures\\\/4912.bichotgevrey500x500.jpg\",\"width\":500,\"height\":500},{\"@type\":\"BreadcrumbList\",\"@id\":\"https:\\\/\\\/www.ivinio.com\\\/fr\\\/produit\\\/albert-bichot-domaine-du-clos-frantin-gevrey-chambertin-les-murots-rouge\\\/#breadcrumb\",\"itemListElement\":[{\"@type\":\"ListItem\",\"position\":1,\"name\":\"Home\",\"item\":\"https:\\\/\\\/www.ivinio.com\\\/fr\\\/\"},{\"@type\":\"ListItem\",\"position\":2,\"name\":\"Boutique de vin\",\"item\":\"https:\\\/\\\/www.ivinio.com\\\/fr\\\/boutique-de-vin\\\/\"},{\"@type\":\"ListItem\",\"position\":3,\"name\":\"Albert Bichot &#8211; Domaine du Clos Frantin &#8211; Gevrey Chambertin &#8220;Les Murots&#8221; &#8211; Rouge\"}]},{\"@type\":\"WebSite\",\"@id\":\"https:\\\/\\\/www.ivinio.com\\\/fr\\\/#website\",\"url\":\"https:\\\/\\\/www.ivinio.com\\\/fr\\\/\",\"name\":\"IVINIO Caviste\",\"description\":\"Vins de France et d&#039;Italie avec livraison \u00e0 domicile\",\"publisher\":{\"@id\":\"https:\\\/\\\/www.ivinio.com\\\/fr\\\/#organization\"},\"potentialAction\":[{\"@type\":\"SearchAction\",\"target\":{\"@type\":\"EntryPoint\",\"urlTemplate\":\"https:\\\/\\\/www.ivinio.com\\\/fr\\\/?s={search_term_string}\"},\"query-input\":{\"@type\":\"PropertyValueSpecification\",\"valueRequired\":true,\"valueName\":\"search_term_string\"}}],\"inLanguage\":\"fr-FR\"},{\"@type\":\"Organization\",\"@id\":\"https:\\\/\\\/www.ivinio.com\\\/fr\\\/#organization\",\"name\":\"IVINIO\",\"url\":\"https:\\\/\\\/www.ivinio.com\\\/fr\\\/\",\"logo\":{\"@type\":\"ImageObject\",\"inLanguage\":\"fr-FR\",\"@id\":\"https:\\\/\\\/www.ivinio.com\\\/fr\\\/#\\\/schema\\\/logo\\\/image\\\/\",\"url\":\"https:\\\/\\\/www.ivinio.com\\\/wp-content\\\/uploads\\\/2021\\\/01\\\/Logo-Ivinio-v2.jpg\",\"contentUrl\":\"https:\\\/\\\/www.ivinio.com\\\/wp-content\\\/uploads\\\/2021\\\/01\\\/Logo-Ivinio-v2.jpg\",\"width\":1194,\"height\":1194,\"caption\":\"IVINIO\"},\"image\":{\"@id\":\"https:\\\/\\\/www.ivinio.com\\\/fr\\\/#\\\/schema\\\/logo\\\/image\\\/\"},\"sameAs\":[\"https:\\\/\\\/www.facebook.com\\\/groups\\\/165217837022391\\\/?ref=bookmarks\",\"https:\\\/\\\/www.instagram.com\\\/_ivinio_\\\/?hl=fr\"]}]}<\/script>\n<!-- \/ Yoast SEO plugin. -->","yoast_head_json":{"title":"Albert Bichot - Domaine du Clos Frantin - Gevrey Chambertin \"Les Murots\"","description":"Acheter Albert Bichot - Domaine du Clos Frantin - Gevrey Chambertin \"Les Murots\". Un vin entre profondeur et \u00e9l\u00e9gance.","robots":{"index":"index","follow":"follow","max-snippet":"max-snippet:-1","max-image-preview":"max-image-preview:large","max-video-preview":"max-video-preview:-1"},"canonical":"https:\/\/www.ivinio.com\/fr\/produit\/albert-bichot-domaine-du-clos-frantin-gevrey-chambertin-les-murots-rouge\/","og_locale":"fr_FR","og_type":"article","og_title":"Albert Bichot - Domaine du Clos Frantin - Gevrey Chambertin \"Les Murots\"","og_description":"Acheter Albert Bichot - Domaine du Clos Frantin - Gevrey Chambertin \"Les Murots\". Un vin entre profondeur et \u00e9l\u00e9gance.","og_url":"https:\/\/www.ivinio.com\/fr\/produit\/albert-bichot-domaine-du-clos-frantin-gevrey-chambertin-les-murots-rouge\/","og_site_name":"IVINIO Caviste","article_publisher":"https:\/\/www.facebook.com\/groups\/165217837022391\/?ref=bookmarks","article_modified_time":"2026-01-09T15:46:31+00:00","og_image":[{"width":500,"height":500,"url":"https:\/\/www.ivinio.com\/wp-content\/uploads\/nc\/public\/modules\/file\/pictures\/4912.bichotgevrey500x500.jpg","type":"image\/jpeg"}],"twitter_card":"summary_large_image","twitter_misc":{"Dur\u00e9e de lecture estim\u00e9e":"2 minutes"},"schema":{"@context":"https:\/\/schema.org","@graph":[{"@type":"WebPage","@id":"https:\/\/www.ivinio.com\/fr\/produit\/albert-bichot-domaine-du-clos-frantin-gevrey-chambertin-les-murots-rouge\/","url":"https:\/\/www.ivinio.com\/fr\/produit\/albert-bichot-domaine-du-clos-frantin-gevrey-chambertin-les-murots-rouge\/","name":"Albert Bichot - Domaine du Clos Frantin - Gevrey Chambertin \"Les Murots\"","isPartOf":{"@id":"https:\/\/www.ivinio.com\/fr\/#website"},"primaryImageOfPage":{"@id":"https:\/\/www.ivinio.com\/fr\/produit\/albert-bichot-domaine-du-clos-frantin-gevrey-chambertin-les-murots-rouge\/#primaryimage"},"image":{"@id":"https:\/\/www.ivinio.com\/fr\/produit\/albert-bichot-domaine-du-clos-frantin-gevrey-chambertin-les-murots-rouge\/#primaryimage"},"thumbnailUrl":"https:\/\/www.ivinio.com\/wp-content\/uploads\/nc\/public\/modules\/file\/pictures\/4912.bichotgevrey500x500.jpg","datePublished":"2014-08-26T18:32:06+00:00","dateModified":"2026-01-09T15:46:31+00:00","description":"Acheter Albert Bichot - Domaine du Clos Frantin - Gevrey Chambertin \"Les Murots\". Un vin entre profondeur et \u00e9l\u00e9gance.","breadcrumb":{"@id":"https:\/\/www.ivinio.com\/fr\/produit\/albert-bichot-domaine-du-clos-frantin-gevrey-chambertin-les-murots-rouge\/#breadcrumb"},"inLanguage":"fr-FR","potentialAction":[{"@type":"ReadAction","target":["https:\/\/www.ivinio.com\/fr\/produit\/albert-bichot-domaine-du-clos-frantin-gevrey-chambertin-les-murots-rouge\/"]}]},{"@type":"ImageObject","inLanguage":"fr-FR","@id":"https:\/\/www.ivinio.com\/fr\/produit\/albert-bichot-domaine-du-clos-frantin-gevrey-chambertin-les-murots-rouge\/#primaryimage","url":"https:\/\/www.ivinio.com\/wp-content\/uploads\/nc\/public\/modules\/file\/pictures\/4912.bichotgevrey500x500.jpg","contentUrl":"https:\/\/www.ivinio.com\/wp-content\/uploads\/nc\/public\/modules\/file\/pictures\/4912.bichotgevrey500x500.jpg","width":500,"height":500},{"@type":"BreadcrumbList","@id":"https:\/\/www.ivinio.com\/fr\/produit\/albert-bichot-domaine-du-clos-frantin-gevrey-chambertin-les-murots-rouge\/#breadcrumb","itemListElement":[{"@type":"ListItem","position":1,"name":"Home","item":"https:\/\/www.ivinio.com\/fr\/"},{"@type":"ListItem","position":2,"name":"Boutique de vin","item":"https:\/\/www.ivinio.com\/fr\/boutique-de-vin\/"},{"@type":"ListItem","position":3,"name":"Albert Bichot &#8211; Domaine du Clos Frantin &#8211; Gevrey Chambertin &#8220;Les Murots&#8221; &#8211; Rouge"}]},{"@type":"WebSite","@id":"https:\/\/www.ivinio.com\/fr\/#website","url":"https:\/\/www.ivinio.com\/fr\/","name":"IVINIO Caviste","description":"Vins de France et d&#039;Italie avec livraison \u00e0 domicile","publisher":{"@id":"https:\/\/www.ivinio.com\/fr\/#organization"},"potentialAction":[{"@type":"SearchAction","target":{"@type":"EntryPoint","urlTemplate":"https:\/\/www.ivinio.com\/fr\/?s={search_term_string}"},"query-input":{"@type":"PropertyValueSpecification","valueRequired":true,"valueName":"search_term_string"}}],"inLanguage":"fr-FR"},{"@type":"Organization","@id":"https:\/\/www.ivinio.com\/fr\/#organization","name":"IVINIO","url":"https:\/\/www.ivinio.com\/fr\/","logo":{"@type":"ImageObject","inLanguage":"fr-FR","@id":"https:\/\/www.ivinio.com\/fr\/#\/schema\/logo\/image\/","url":"https:\/\/www.ivinio.com\/wp-content\/uploads\/2021\/01\/Logo-Ivinio-v2.jpg","contentUrl":"https:\/\/www.ivinio.com\/wp-content\/uploads\/2021\/01\/Logo-Ivinio-v2.jpg","width":1194,"height":1194,"caption":"IVINIO"},"image":{"@id":"https:\/\/www.ivinio.com\/fr\/#\/schema\/logo\/image\/"},"sameAs":["https:\/\/www.facebook.com\/groups\/165217837022391\/?ref=bookmarks","https:\/\/www.instagram.com\/_ivinio_\/?hl=fr"]}]}},"jetpack_sharing_enabled":true,"_links":{"self":[{"href":"https:\/\/www.ivinio.com\/fr\/wp-json\/wp\/v2\/product\/118298","targetHints":{"allow":["GET"]}}],"collection":[{"href":"https:\/\/www.ivinio.com\/fr\/wp-json\/wp\/v2\/product"}],"about":[{"href":"https:\/\/www.ivinio.com\/fr\/wp-json\/wp\/v2\/types\/product"}],"replies":[{"embeddable":true,"href":"https:\/\/www.ivinio.com\/fr\/wp-json\/wp\/v2\/comments?post=118298"}],"wp:featuredmedia":[{"embeddable":true,"href":"https:\/\/www.ivinio.com\/fr\/wp-json\/wp\/v2\/media\/139300"}],"wp:attachment":[{"href":"https:\/\/www.ivinio.com\/fr\/wp-json\/wp\/v2\/media?parent=118298"}],"wp:term":[{"taxonomy":"product_brand","embeddable":true,"href":"https:\/\/www.ivinio.com\/fr\/wp-json\/wp\/v2\/product_brand?post=118298"},{"taxonomy":"product_cat","embeddable":true,"href":"https:\/\/www.ivinio.com\/fr\/wp-json\/wp\/v2\/product_cat?post=118298"},{"taxonomy":"product_tag","embeddable":true,"href":"https:\/\/www.ivinio.com\/fr\/wp-json\/wp\/v2\/product_tag?post=118298"}],"curies":[{"name":"wp","href":"https:\/\/api.w.org\/{rel}","templated":true}]}}