{"id":118277,"date":"2014-08-22T18:14:44","date_gmt":"2014-08-22T18:14:44","guid":{"rendered":"https:\/\/henrik.www.ivinio.com\/?product=cantine-rosa-del-golfo-scaliere-rouge"},"modified":"2021-02-11T02:09:14","modified_gmt":"2021-02-11T01:09:14","slug":"cantine-rosa-del-golfo-scaliere-rouge","status":"publish","type":"product","link":"https:\/\/www.ivinio.com\/fr\/produit\/cantine-rosa-del-golfo-scaliere-rouge\/","title":{"rendered":"Cantine Rosa del Golfo &#8220;Scaliere&#8221; &#8211; Rouge"},"content":{"rendered":"<p>&#8220;Scaliere&#8221; est fabriqu\u00e9 \u00e0 partir de\u00a090% de Negroamaro et 10% de\u00a0Alglianico del Vulture qui sont\u00a0cultiv\u00e9s dans diff\u00e9rentes r\u00e9gions comme Sannicola Alezio, Campi Salentino et Barile. Le vin est produit selon\u00a0la technique classique,\u00a0il est \u00e9lev\u00e9\u00a0dans des cuves en acier.<\/p>\n","protected":false},"excerpt":{"rendered":"<p>&#8220;Scaliere&#8221; est un vin rouge de la r\u00e9gion des Pouilles, dans le talon de la botte italienne. Un vin rouge relativement l\u00e9ger \u00e0 d\u00e9guster\u00a0avec des viandes rouges, des plats de champignons ou un\u00a0plateau de fromages.<\/p>\n","protected":false},"featured_media":118280,"comment_status":"open","ping_status":"closed","template":"","meta":{"_monsterinsights_skip_tracking":false,"_monsterinsights_sitenote_active":false,"_monsterinsights_sitenote_note":"","_monsterinsights_sitenote_category":0,"_uf_show_specific_survey":0,"_uf_disable_surveys":false},"product_brand":[],"product_cat":[36604,36589],"product_tag":[],"class_list":{"0":"post-118277","1":"product","2":"type-product","3":"status-publish","4":"has-post-thumbnail","6":"product_cat-fr-les-pouilles-campania","7":"product_cat-vins-italiens","8":"pa_alcohol-degree-12-fr","9":"pa_color-rouge-fr","10":"pa_country-italie-fr","11":"pa_region-pouilles-fr-fr-2","12":"pa_storage-potential-4-ans-fr","13":"pa_vintage-2014-fr","14":"pa_volume-75-cl-fr","16":"first","17":"instock","18":"taxable","19":"shipping-taxable","20":"purchasable","21":"product-type-simple"},"bundled_by":["117342"],"bundle_stock_status":"instock","bundle_stock_quantity":null,"bundle_virtual":false,"bundle_layout":"","bundle_add_to_cart_form_location":"","bundle_editable_in_cart":false,"bundle_sold_individually_context":"","bundle_item_grouping":"","bundle_min_size":"","bundle_max_size":"","bundle_price":[],"bundled_items":[],"bundle_sell_ids":[],"yoast_head":"<!-- This site is optimized with the Yoast SEO plugin v27.5 - https:\/\/yoast.com\/product\/yoast-seo-wordpress\/ -->\n<title>Cantine Rosa del Golfo &quot;Scaliere&quot; - Rosso Salento - vin des Pouilles - Negroamaro - Primitivo - vins \u00e0 champignons<\/title>\n<meta name=\"description\" content=\"&quot;Scaliere&quot; est un Salento rouge du sud des Pouilles, dans le talon de la botte italienne. Un vin rouge relativement l\u00e9ger \u00e0 boire avec des viandes rouges, des plats de champignons ou un plateau de fromages.\" \/>\n<meta name=\"robots\" content=\"index, follow, max-snippet:-1, max-image-preview:large, max-video-preview:-1\" \/>\n<link rel=\"canonical\" href=\"https:\/\/www.ivinio.com\/fr\/produit\/cantine-rosa-del-golfo-scaliere-rouge\/\" \/>\n<meta property=\"og:locale\" content=\"fr_FR\" \/>\n<meta property=\"og:type\" content=\"article\" \/>\n<meta property=\"og:title\" content=\"Cantine Rosa del Golfo &quot;Scaliere&quot; - Rosso Salento - vin des Pouilles - Negroamaro - Primitivo - vins \u00e0 champignons\" \/>\n<meta property=\"og:description\" content=\"&quot;Scaliere&quot; est un Salento rouge du sud des Pouilles, dans le talon de la botte italienne. Un vin rouge relativement l\u00e9ger \u00e0 boire avec des viandes rouges, des plats de champignons ou un plateau de fromages.\" \/>\n<meta property=\"og:url\" content=\"https:\/\/www.ivinio.com\/fr\/produit\/cantine-rosa-del-golfo-scaliere-rouge\/\" \/>\n<meta property=\"og:site_name\" content=\"IVINIO Caviste\" \/>\n<meta property=\"article:publisher\" content=\"https:\/\/www.facebook.com\/groups\/165217837022391\/?ref=bookmarks\" \/>\n<meta property=\"article:modified_time\" content=\"2021-02-11T01:09:14+00:00\" \/>\n<meta property=\"og:image\" content=\"https:\/\/www.ivinio.com\/wp-content\/uploads\/nc\/public\/modules\/file\/pictures\/4855.scalierenegroamaro500x500.jpg\" \/>\n\t<meta property=\"og:image:width\" content=\"500\" \/>\n\t<meta property=\"og:image:height\" content=\"500\" \/>\n\t<meta property=\"og:image:type\" content=\"image\/jpeg\" \/>\n<meta name=\"twitter:card\" content=\"summary_large_image\" \/>\n<script type=\"application\/ld+json\" class=\"yoast-schema-graph\">{\"@context\":\"https:\\\/\\\/schema.org\",\"@graph\":[{\"@type\":\"WebPage\",\"@id\":\"https:\\\/\\\/www.ivinio.com\\\/fr\\\/produit\\\/cantine-rosa-del-golfo-scaliere-rouge\\\/\",\"url\":\"https:\\\/\\\/www.ivinio.com\\\/fr\\\/produit\\\/cantine-rosa-del-golfo-scaliere-rouge\\\/\",\"name\":\"Cantine Rosa del Golfo \\\"Scaliere\\\" - Rosso Salento - vin des Pouilles - Negroamaro - Primitivo - vins \u00e0 champignons\",\"isPartOf\":{\"@id\":\"https:\\\/\\\/www.ivinio.com\\\/fr\\\/#website\"},\"primaryImageOfPage\":{\"@id\":\"https:\\\/\\\/www.ivinio.com\\\/fr\\\/produit\\\/cantine-rosa-del-golfo-scaliere-rouge\\\/#primaryimage\"},\"image\":{\"@id\":\"https:\\\/\\\/www.ivinio.com\\\/fr\\\/produit\\\/cantine-rosa-del-golfo-scaliere-rouge\\\/#primaryimage\"},\"thumbnailUrl\":\"https:\\\/\\\/www.ivinio.com\\\/wp-content\\\/uploads\\\/nc\\\/public\\\/modules\\\/file\\\/pictures\\\/4855.scalierenegroamaro500x500.jpg\",\"datePublished\":\"2014-08-22T18:14:44+00:00\",\"dateModified\":\"2021-02-11T01:09:14+00:00\",\"description\":\"\\\"Scaliere\\\" est un Salento rouge du sud des Pouilles, dans le talon de la botte italienne. Un vin rouge relativement l\u00e9ger \u00e0 boire avec des viandes rouges, des plats de champignons ou un plateau de fromages.\",\"breadcrumb\":{\"@id\":\"https:\\\/\\\/www.ivinio.com\\\/fr\\\/produit\\\/cantine-rosa-del-golfo-scaliere-rouge\\\/#breadcrumb\"},\"inLanguage\":\"fr-FR\",\"potentialAction\":[{\"@type\":\"ReadAction\",\"target\":[\"https:\\\/\\\/www.ivinio.com\\\/fr\\\/produit\\\/cantine-rosa-del-golfo-scaliere-rouge\\\/\"]}]},{\"@type\":\"ImageObject\",\"inLanguage\":\"fr-FR\",\"@id\":\"https:\\\/\\\/www.ivinio.com\\\/fr\\\/produit\\\/cantine-rosa-del-golfo-scaliere-rouge\\\/#primaryimage\",\"url\":\"https:\\\/\\\/www.ivinio.com\\\/wp-content\\\/uploads\\\/nc\\\/public\\\/modules\\\/file\\\/pictures\\\/4855.scalierenegroamaro500x500.jpg\",\"contentUrl\":\"https:\\\/\\\/www.ivinio.com\\\/wp-content\\\/uploads\\\/nc\\\/public\\\/modules\\\/file\\\/pictures\\\/4855.scalierenegroamaro500x500.jpg\",\"width\":500,\"height\":500},{\"@type\":\"BreadcrumbList\",\"@id\":\"https:\\\/\\\/www.ivinio.com\\\/fr\\\/produit\\\/cantine-rosa-del-golfo-scaliere-rouge\\\/#breadcrumb\",\"itemListElement\":[{\"@type\":\"ListItem\",\"position\":1,\"name\":\"Home\",\"item\":\"https:\\\/\\\/www.ivinio.com\\\/fr\\\/\"},{\"@type\":\"ListItem\",\"position\":2,\"name\":\"Boutique de vin\",\"item\":\"https:\\\/\\\/www.ivinio.com\\\/fr\\\/boutique-de-vin\\\/\"},{\"@type\":\"ListItem\",\"position\":3,\"name\":\"Cantine Rosa del Golfo &#8220;Scaliere&#8221; &#8211; Rouge\"}]},{\"@type\":\"WebSite\",\"@id\":\"https:\\\/\\\/www.ivinio.com\\\/fr\\\/#website\",\"url\":\"https:\\\/\\\/www.ivinio.com\\\/fr\\\/\",\"name\":\"IVINIO Caviste\",\"description\":\"Vins de France et d&#039;Italie avec livraison \u00e0 domicile\",\"publisher\":{\"@id\":\"https:\\\/\\\/www.ivinio.com\\\/fr\\\/#organization\"},\"potentialAction\":[{\"@type\":\"SearchAction\",\"target\":{\"@type\":\"EntryPoint\",\"urlTemplate\":\"https:\\\/\\\/www.ivinio.com\\\/fr\\\/?s={search_term_string}\"},\"query-input\":{\"@type\":\"PropertyValueSpecification\",\"valueRequired\":true,\"valueName\":\"search_term_string\"}}],\"inLanguage\":\"fr-FR\"},{\"@type\":\"Organization\",\"@id\":\"https:\\\/\\\/www.ivinio.com\\\/fr\\\/#organization\",\"name\":\"IVINIO\",\"url\":\"https:\\\/\\\/www.ivinio.com\\\/fr\\\/\",\"logo\":{\"@type\":\"ImageObject\",\"inLanguage\":\"fr-FR\",\"@id\":\"https:\\\/\\\/www.ivinio.com\\\/fr\\\/#\\\/schema\\\/logo\\\/image\\\/\",\"url\":\"https:\\\/\\\/www.ivinio.com\\\/wp-content\\\/uploads\\\/2021\\\/01\\\/Logo-Ivinio-v2.jpg\",\"contentUrl\":\"https:\\\/\\\/www.ivinio.com\\\/wp-content\\\/uploads\\\/2021\\\/01\\\/Logo-Ivinio-v2.jpg\",\"width\":1194,\"height\":1194,\"caption\":\"IVINIO\"},\"image\":{\"@id\":\"https:\\\/\\\/www.ivinio.com\\\/fr\\\/#\\\/schema\\\/logo\\\/image\\\/\"},\"sameAs\":[\"https:\\\/\\\/www.facebook.com\\\/groups\\\/165217837022391\\\/?ref=bookmarks\",\"https:\\\/\\\/www.instagram.com\\\/_ivinio_\\\/?hl=fr\"]}]}<\/script>\n<!-- \/ Yoast SEO plugin. -->","yoast_head_json":{"title":"Cantine Rosa del Golfo \"Scaliere\" - Rosso Salento - vin des Pouilles - Negroamaro - Primitivo - vins \u00e0 champignons","description":"\"Scaliere\" est un Salento rouge du sud des Pouilles, dans le talon de la botte italienne. Un vin rouge relativement l\u00e9ger \u00e0 boire avec des viandes rouges, des plats de champignons ou un plateau de fromages.","robots":{"index":"index","follow":"follow","max-snippet":"max-snippet:-1","max-image-preview":"max-image-preview:large","max-video-preview":"max-video-preview:-1"},"canonical":"https:\/\/www.ivinio.com\/fr\/produit\/cantine-rosa-del-golfo-scaliere-rouge\/","og_locale":"fr_FR","og_type":"article","og_title":"Cantine Rosa del Golfo \"Scaliere\" - Rosso Salento - vin des Pouilles - Negroamaro - Primitivo - vins \u00e0 champignons","og_description":"\"Scaliere\" est un Salento rouge du sud des Pouilles, dans le talon de la botte italienne. Un vin rouge relativement l\u00e9ger \u00e0 boire avec des viandes rouges, des plats de champignons ou un plateau de fromages.","og_url":"https:\/\/www.ivinio.com\/fr\/produit\/cantine-rosa-del-golfo-scaliere-rouge\/","og_site_name":"IVINIO Caviste","article_publisher":"https:\/\/www.facebook.com\/groups\/165217837022391\/?ref=bookmarks","article_modified_time":"2021-02-11T01:09:14+00:00","og_image":[{"width":500,"height":500,"url":"https:\/\/www.ivinio.com\/wp-content\/uploads\/nc\/public\/modules\/file\/pictures\/4855.scalierenegroamaro500x500.jpg","type":"image\/jpeg"}],"twitter_card":"summary_large_image","schema":{"@context":"https:\/\/schema.org","@graph":[{"@type":"WebPage","@id":"https:\/\/www.ivinio.com\/fr\/produit\/cantine-rosa-del-golfo-scaliere-rouge\/","url":"https:\/\/www.ivinio.com\/fr\/produit\/cantine-rosa-del-golfo-scaliere-rouge\/","name":"Cantine Rosa del Golfo \"Scaliere\" - Rosso Salento - vin des Pouilles - Negroamaro - Primitivo - vins \u00e0 champignons","isPartOf":{"@id":"https:\/\/www.ivinio.com\/fr\/#website"},"primaryImageOfPage":{"@id":"https:\/\/www.ivinio.com\/fr\/produit\/cantine-rosa-del-golfo-scaliere-rouge\/#primaryimage"},"image":{"@id":"https:\/\/www.ivinio.com\/fr\/produit\/cantine-rosa-del-golfo-scaliere-rouge\/#primaryimage"},"thumbnailUrl":"https:\/\/www.ivinio.com\/wp-content\/uploads\/nc\/public\/modules\/file\/pictures\/4855.scalierenegroamaro500x500.jpg","datePublished":"2014-08-22T18:14:44+00:00","dateModified":"2021-02-11T01:09:14+00:00","description":"\"Scaliere\" est un Salento rouge du sud des Pouilles, dans le talon de la botte italienne. Un vin rouge relativement l\u00e9ger \u00e0 boire avec des viandes rouges, des plats de champignons ou un plateau de fromages.","breadcrumb":{"@id":"https:\/\/www.ivinio.com\/fr\/produit\/cantine-rosa-del-golfo-scaliere-rouge\/#breadcrumb"},"inLanguage":"fr-FR","potentialAction":[{"@type":"ReadAction","target":["https:\/\/www.ivinio.com\/fr\/produit\/cantine-rosa-del-golfo-scaliere-rouge\/"]}]},{"@type":"ImageObject","inLanguage":"fr-FR","@id":"https:\/\/www.ivinio.com\/fr\/produit\/cantine-rosa-del-golfo-scaliere-rouge\/#primaryimage","url":"https:\/\/www.ivinio.com\/wp-content\/uploads\/nc\/public\/modules\/file\/pictures\/4855.scalierenegroamaro500x500.jpg","contentUrl":"https:\/\/www.ivinio.com\/wp-content\/uploads\/nc\/public\/modules\/file\/pictures\/4855.scalierenegroamaro500x500.jpg","width":500,"height":500},{"@type":"BreadcrumbList","@id":"https:\/\/www.ivinio.com\/fr\/produit\/cantine-rosa-del-golfo-scaliere-rouge\/#breadcrumb","itemListElement":[{"@type":"ListItem","position":1,"name":"Home","item":"https:\/\/www.ivinio.com\/fr\/"},{"@type":"ListItem","position":2,"name":"Boutique de vin","item":"https:\/\/www.ivinio.com\/fr\/boutique-de-vin\/"},{"@type":"ListItem","position":3,"name":"Cantine Rosa del Golfo &#8220;Scaliere&#8221; &#8211; Rouge"}]},{"@type":"WebSite","@id":"https:\/\/www.ivinio.com\/fr\/#website","url":"https:\/\/www.ivinio.com\/fr\/","name":"IVINIO Caviste","description":"Vins de France et d&#039;Italie avec livraison \u00e0 domicile","publisher":{"@id":"https:\/\/www.ivinio.com\/fr\/#organization"},"potentialAction":[{"@type":"SearchAction","target":{"@type":"EntryPoint","urlTemplate":"https:\/\/www.ivinio.com\/fr\/?s={search_term_string}"},"query-input":{"@type":"PropertyValueSpecification","valueRequired":true,"valueName":"search_term_string"}}],"inLanguage":"fr-FR"},{"@type":"Organization","@id":"https:\/\/www.ivinio.com\/fr\/#organization","name":"IVINIO","url":"https:\/\/www.ivinio.com\/fr\/","logo":{"@type":"ImageObject","inLanguage":"fr-FR","@id":"https:\/\/www.ivinio.com\/fr\/#\/schema\/logo\/image\/","url":"https:\/\/www.ivinio.com\/wp-content\/uploads\/2021\/01\/Logo-Ivinio-v2.jpg","contentUrl":"https:\/\/www.ivinio.com\/wp-content\/uploads\/2021\/01\/Logo-Ivinio-v2.jpg","width":1194,"height":1194,"caption":"IVINIO"},"image":{"@id":"https:\/\/www.ivinio.com\/fr\/#\/schema\/logo\/image\/"},"sameAs":["https:\/\/www.facebook.com\/groups\/165217837022391\/?ref=bookmarks","https:\/\/www.instagram.com\/_ivinio_\/?hl=fr"]}]}},"jetpack_sharing_enabled":true,"_links":{"self":[{"href":"https:\/\/www.ivinio.com\/fr\/wp-json\/wp\/v2\/product\/118277","targetHints":{"allow":["GET"]}}],"collection":[{"href":"https:\/\/www.ivinio.com\/fr\/wp-json\/wp\/v2\/product"}],"about":[{"href":"https:\/\/www.ivinio.com\/fr\/wp-json\/wp\/v2\/types\/product"}],"replies":[{"embeddable":true,"href":"https:\/\/www.ivinio.com\/fr\/wp-json\/wp\/v2\/comments?post=118277"}],"wp:featuredmedia":[{"embeddable":true,"href":"https:\/\/www.ivinio.com\/fr\/wp-json\/wp\/v2\/media\/118280"}],"wp:attachment":[{"href":"https:\/\/www.ivinio.com\/fr\/wp-json\/wp\/v2\/media?parent=118277"}],"wp:term":[{"taxonomy":"product_brand","embeddable":true,"href":"https:\/\/www.ivinio.com\/fr\/wp-json\/wp\/v2\/product_brand?post=118277"},{"taxonomy":"product_cat","embeddable":true,"href":"https:\/\/www.ivinio.com\/fr\/wp-json\/wp\/v2\/product_cat?post=118277"},{"taxonomy":"product_tag","embeddable":true,"href":"https:\/\/www.ivinio.com\/fr\/wp-json\/wp\/v2\/product_tag?post=118277"}],"curies":[{"name":"wp","href":"https:\/\/api.w.org\/{rel}","templated":true}]}}