{"id":118227,"date":"2014-07-22T17:49:05","date_gmt":"2014-07-22T17:49:05","guid":{"rendered":"https:\/\/henrik.www.ivinio.com\/?product=domaine-gavoty-grand-classique-2018-rose"},"modified":"2026-04-14T18:58:44","modified_gmt":"2026-04-14T16:58:44","slug":"domaine-gavoty-grand-classique-rose","status":"publish","type":"product","link":"https:\/\/www.ivinio.com\/fr\/produit\/domaine-gavoty-grand-classique-rose\/","title":{"rendered":"Domaine Gavoty &#8211; Grand classique &#8211; Ros\u00e9"},"content":{"rendered":"<p>Le vin ros\u00e9 \u00abTradition\u00bb est compos\u00e9 des c\u00e9pages\u00a0Cinsault, Carignan, Syrah et Rolle. Les raisins mac\u00e8rent\u00a03 \u00e0\u00a06 heures apr\u00e8s la r\u00e9colte et sont ensuite press\u00e9s. Le jus de raisin est extrait des raisins mac\u00e9r\u00e9s (de saign\u00e9e) et est m\u00e9lang\u00e9 avec le jus de raisin l\u00e9ger de la premi\u00e8re presse. Le vin est ferment\u00e9 pendant 15 jours \u00e0 17 \u00b0 C. Puis le vin est filtr\u00e9 \u00e0 partir des diff\u00e9rentes vari\u00e9t\u00e9s de vin avant qu&#8217;ils ne soient m\u00e9lang\u00e9s ensemble. Le vin est \u00e9lev\u00e9 en cuves d&#8217;acier et mis\u00a0en bouteille tout au long de l&#8217;ann\u00e9e.<\/p>\n","protected":false},"excerpt":{"rendered":"<p>\u00abTradition\u00bb est un ros\u00e9 Domaine Gavoty standard. Il est fruit\u00e9 et compos\u00e9 de\u00a0Cinsault, Carignan, Syrah et rolle. Un tr\u00e8s bon ros\u00e9 pour\u00a0amateurs\u00a0!<\/p>\n","protected":false},"featured_media":129546,"comment_status":"open","ping_status":"closed","template":"","meta":{"_monsterinsights_skip_tracking":false,"_monsterinsights_sitenote_active":false,"_monsterinsights_sitenote_note":"","_monsterinsights_sitenote_category":0,"_uf_show_specific_survey":0,"_uf_disable_surveys":false},"product_brand":[],"product_cat":[36622,36586],"product_tag":[],"class_list":{"0":"post-118227","1":"product","2":"type-product","3":"status-publish","4":"has-post-thumbnail","6":"product_cat-fr-provence","7":"product_cat-vins-francais","8":"pa_alcohol-degree-13-fr","9":"pa_classification-aop-cotes-de-provence-fr","10":"pa_color-rose-fr","11":"pa_country-france-fr","12":"pa_grape-variety-carignan-fr","13":"pa_grape-variety-cinsault-fr","14":"pa_grape-variety-rolle-aussi-appele-vermentino-fr","15":"pa_grape-variety-syrah-fr","16":"pa_region-provence-fr","17":"pa_storage-potential-3-ans-fr","18":"pa_vintage-2024-fr","19":"pa_volume-75-cl-fr","21":"first","22":"instock","23":"taxable","24":"shipping-taxable","25":"purchasable","26":"product-type-simple"},"bundled_by":[],"bundle_stock_status":"instock","bundle_stock_quantity":null,"bundle_virtual":false,"bundle_layout":"","bundle_add_to_cart_form_location":"","bundle_editable_in_cart":false,"bundle_sold_individually_context":"","bundle_item_grouping":"","bundle_min_size":"","bundle_max_size":"","bundle_price":[],"bundled_items":[],"bundle_sell_ids":[],"yoast_head":"<!-- This site is optimized with the Yoast SEO plugin v27.4 - https:\/\/yoast.com\/product\/yoast-seo-wordpress\/ -->\n<title>Acheter Domaine Gavoty - Grand classique - vin ros\u00e9 - IVINIO Caviste<\/title>\n<meta name=\"description\" content=\"Acheter Domaine Gavoty - Grand classique - vin ros\u00e9. Un vin ros\u00e9 fruit\u00e9 et bien \u00e9quilibr\u00e9, compos\u00e9 de Cinsault, Carignan, Syrah et Rolle.\" \/>\n<meta name=\"robots\" content=\"index, follow, max-snippet:-1, max-image-preview:large, max-video-preview:-1\" \/>\n<link rel=\"canonical\" href=\"https:\/\/www.ivinio.com\/fr\/produit\/domaine-gavoty-grand-classique-rose\/\" \/>\n<meta property=\"og:locale\" content=\"fr_FR\" \/>\n<meta property=\"og:type\" content=\"article\" \/>\n<meta property=\"og:title\" content=\"Acheter Domaine Gavoty - Grand classique - vin ros\u00e9 - IVINIO Caviste\" \/>\n<meta property=\"og:description\" content=\"Acheter Domaine Gavoty - Grand classique - vin ros\u00e9. Un vin ros\u00e9 fruit\u00e9 et bien \u00e9quilibr\u00e9, compos\u00e9 de Cinsault, Carignan, Syrah et Rolle.\" \/>\n<meta property=\"og:url\" content=\"https:\/\/www.ivinio.com\/fr\/produit\/domaine-gavoty-grand-classique-rose\/\" \/>\n<meta property=\"og:site_name\" content=\"IVINIO Caviste\" \/>\n<meta property=\"article:publisher\" content=\"https:\/\/www.facebook.com\/groups\/165217837022391\/?ref=bookmarks\" \/>\n<meta property=\"article:modified_time\" content=\"2026-04-14T16:58:44+00:00\" \/>\n<meta property=\"og:image\" content=\"https:\/\/www.ivinio.com\/wp-content\/uploads\/nc\/public\/modules\/file\/pictures\/6402.domaine-gavoty-grand-classic-ros-ivinio.jpg\" \/>\n\t<meta property=\"og:image:width\" content=\"500\" \/>\n\t<meta property=\"og:image:height\" content=\"500\" \/>\n\t<meta property=\"og:image:type\" content=\"image\/jpeg\" \/>\n<meta name=\"twitter:card\" content=\"summary_large_image\" \/>\n<meta name=\"twitter:label1\" content=\"Dur\u00e9e de lecture estim\u00e9e\" \/>\n\t<meta name=\"twitter:data1\" content=\"1 minute\" \/>\n<script type=\"application\/ld+json\" class=\"yoast-schema-graph\">{\"@context\":\"https:\\\/\\\/schema.org\",\"@graph\":[{\"@type\":\"WebPage\",\"@id\":\"https:\\\/\\\/www.ivinio.com\\\/fr\\\/produit\\\/domaine-gavoty-grand-classique-rose\\\/\",\"url\":\"https:\\\/\\\/www.ivinio.com\\\/fr\\\/produit\\\/domaine-gavoty-grand-classique-rose\\\/\",\"name\":\"Acheter Domaine Gavoty - Grand classique - vin ros\u00e9 - IVINIO Caviste\",\"isPartOf\":{\"@id\":\"https:\\\/\\\/www.ivinio.com\\\/fr\\\/#website\"},\"primaryImageOfPage\":{\"@id\":\"https:\\\/\\\/www.ivinio.com\\\/fr\\\/produit\\\/domaine-gavoty-grand-classique-rose\\\/#primaryimage\"},\"image\":{\"@id\":\"https:\\\/\\\/www.ivinio.com\\\/fr\\\/produit\\\/domaine-gavoty-grand-classique-rose\\\/#primaryimage\"},\"thumbnailUrl\":\"https:\\\/\\\/www.ivinio.com\\\/wp-content\\\/uploads\\\/nc\\\/public\\\/modules\\\/file\\\/pictures\\\/6402.domaine-gavoty-grand-classic-ros-ivinio.jpg\",\"datePublished\":\"2014-07-22T17:49:05+00:00\",\"dateModified\":\"2026-04-14T16:58:44+00:00\",\"description\":\"Acheter Domaine Gavoty - Grand classique - vin ros\u00e9. Un vin ros\u00e9 fruit\u00e9 et bien \u00e9quilibr\u00e9, compos\u00e9 de Cinsault, Carignan, Syrah et Rolle.\",\"breadcrumb\":{\"@id\":\"https:\\\/\\\/www.ivinio.com\\\/fr\\\/produit\\\/domaine-gavoty-grand-classique-rose\\\/#breadcrumb\"},\"inLanguage\":\"fr-FR\",\"potentialAction\":[{\"@type\":\"ReadAction\",\"target\":[\"https:\\\/\\\/www.ivinio.com\\\/fr\\\/produit\\\/domaine-gavoty-grand-classique-rose\\\/\"]}]},{\"@type\":\"ImageObject\",\"inLanguage\":\"fr-FR\",\"@id\":\"https:\\\/\\\/www.ivinio.com\\\/fr\\\/produit\\\/domaine-gavoty-grand-classique-rose\\\/#primaryimage\",\"url\":\"https:\\\/\\\/www.ivinio.com\\\/wp-content\\\/uploads\\\/nc\\\/public\\\/modules\\\/file\\\/pictures\\\/6402.domaine-gavoty-grand-classic-ros-ivinio.jpg\",\"contentUrl\":\"https:\\\/\\\/www.ivinio.com\\\/wp-content\\\/uploads\\\/nc\\\/public\\\/modules\\\/file\\\/pictures\\\/6402.domaine-gavoty-grand-classic-ros-ivinio.jpg\",\"width\":500,\"height\":500,\"caption\":\"Domaine Gavoty - Grand classique - Ros\u00e9\"},{\"@type\":\"BreadcrumbList\",\"@id\":\"https:\\\/\\\/www.ivinio.com\\\/fr\\\/produit\\\/domaine-gavoty-grand-classique-rose\\\/#breadcrumb\",\"itemListElement\":[{\"@type\":\"ListItem\",\"position\":1,\"name\":\"Home\",\"item\":\"https:\\\/\\\/www.ivinio.com\\\/fr\\\/\"},{\"@type\":\"ListItem\",\"position\":2,\"name\":\"Boutique de vin\",\"item\":\"https:\\\/\\\/www.ivinio.com\\\/fr\\\/boutique-de-vin\\\/\"},{\"@type\":\"ListItem\",\"position\":3,\"name\":\"Domaine Gavoty &#8211; Grand classique &#8211; Ros\u00e9\"}]},{\"@type\":\"WebSite\",\"@id\":\"https:\\\/\\\/www.ivinio.com\\\/fr\\\/#website\",\"url\":\"https:\\\/\\\/www.ivinio.com\\\/fr\\\/\",\"name\":\"IVINIO Caviste\",\"description\":\"Vins de France et d&#039;Italie avec livraison \u00e0 domicile\",\"publisher\":{\"@id\":\"https:\\\/\\\/www.ivinio.com\\\/fr\\\/#organization\"},\"potentialAction\":[{\"@type\":\"SearchAction\",\"target\":{\"@type\":\"EntryPoint\",\"urlTemplate\":\"https:\\\/\\\/www.ivinio.com\\\/fr\\\/?s={search_term_string}\"},\"query-input\":{\"@type\":\"PropertyValueSpecification\",\"valueRequired\":true,\"valueName\":\"search_term_string\"}}],\"inLanguage\":\"fr-FR\"},{\"@type\":\"Organization\",\"@id\":\"https:\\\/\\\/www.ivinio.com\\\/fr\\\/#organization\",\"name\":\"IVINIO\",\"url\":\"https:\\\/\\\/www.ivinio.com\\\/fr\\\/\",\"logo\":{\"@type\":\"ImageObject\",\"inLanguage\":\"fr-FR\",\"@id\":\"https:\\\/\\\/www.ivinio.com\\\/fr\\\/#\\\/schema\\\/logo\\\/image\\\/\",\"url\":\"https:\\\/\\\/www.ivinio.com\\\/wp-content\\\/uploads\\\/2021\\\/01\\\/Logo-Ivinio-v2.jpg\",\"contentUrl\":\"https:\\\/\\\/www.ivinio.com\\\/wp-content\\\/uploads\\\/2021\\\/01\\\/Logo-Ivinio-v2.jpg\",\"width\":1194,\"height\":1194,\"caption\":\"IVINIO\"},\"image\":{\"@id\":\"https:\\\/\\\/www.ivinio.com\\\/fr\\\/#\\\/schema\\\/logo\\\/image\\\/\"},\"sameAs\":[\"https:\\\/\\\/www.facebook.com\\\/groups\\\/165217837022391\\\/?ref=bookmarks\",\"https:\\\/\\\/www.instagram.com\\\/_ivinio_\\\/?hl=fr\"]}]}<\/script>\n<!-- \/ Yoast SEO plugin. -->","yoast_head_json":{"title":"Acheter Domaine Gavoty - Grand classique - vin ros\u00e9 - IVINIO Caviste","description":"Acheter Domaine Gavoty - Grand classique - vin ros\u00e9. Un vin ros\u00e9 fruit\u00e9 et bien \u00e9quilibr\u00e9, compos\u00e9 de Cinsault, Carignan, Syrah et Rolle.","robots":{"index":"index","follow":"follow","max-snippet":"max-snippet:-1","max-image-preview":"max-image-preview:large","max-video-preview":"max-video-preview:-1"},"canonical":"https:\/\/www.ivinio.com\/fr\/produit\/domaine-gavoty-grand-classique-rose\/","og_locale":"fr_FR","og_type":"article","og_title":"Acheter Domaine Gavoty - Grand classique - vin ros\u00e9 - IVINIO Caviste","og_description":"Acheter Domaine Gavoty - Grand classique - vin ros\u00e9. Un vin ros\u00e9 fruit\u00e9 et bien \u00e9quilibr\u00e9, compos\u00e9 de Cinsault, Carignan, Syrah et Rolle.","og_url":"https:\/\/www.ivinio.com\/fr\/produit\/domaine-gavoty-grand-classique-rose\/","og_site_name":"IVINIO Caviste","article_publisher":"https:\/\/www.facebook.com\/groups\/165217837022391\/?ref=bookmarks","article_modified_time":"2026-04-14T16:58:44+00:00","og_image":[{"width":500,"height":500,"url":"https:\/\/www.ivinio.com\/wp-content\/uploads\/nc\/public\/modules\/file\/pictures\/6402.domaine-gavoty-grand-classic-ros-ivinio.jpg","type":"image\/jpeg"}],"twitter_card":"summary_large_image","twitter_misc":{"Dur\u00e9e de lecture estim\u00e9e":"1 minute"},"schema":{"@context":"https:\/\/schema.org","@graph":[{"@type":"WebPage","@id":"https:\/\/www.ivinio.com\/fr\/produit\/domaine-gavoty-grand-classique-rose\/","url":"https:\/\/www.ivinio.com\/fr\/produit\/domaine-gavoty-grand-classique-rose\/","name":"Acheter Domaine Gavoty - Grand classique - vin ros\u00e9 - IVINIO Caviste","isPartOf":{"@id":"https:\/\/www.ivinio.com\/fr\/#website"},"primaryImageOfPage":{"@id":"https:\/\/www.ivinio.com\/fr\/produit\/domaine-gavoty-grand-classique-rose\/#primaryimage"},"image":{"@id":"https:\/\/www.ivinio.com\/fr\/produit\/domaine-gavoty-grand-classique-rose\/#primaryimage"},"thumbnailUrl":"https:\/\/www.ivinio.com\/wp-content\/uploads\/nc\/public\/modules\/file\/pictures\/6402.domaine-gavoty-grand-classic-ros-ivinio.jpg","datePublished":"2014-07-22T17:49:05+00:00","dateModified":"2026-04-14T16:58:44+00:00","description":"Acheter Domaine Gavoty - Grand classique - vin ros\u00e9. Un vin ros\u00e9 fruit\u00e9 et bien \u00e9quilibr\u00e9, compos\u00e9 de Cinsault, Carignan, Syrah et Rolle.","breadcrumb":{"@id":"https:\/\/www.ivinio.com\/fr\/produit\/domaine-gavoty-grand-classique-rose\/#breadcrumb"},"inLanguage":"fr-FR","potentialAction":[{"@type":"ReadAction","target":["https:\/\/www.ivinio.com\/fr\/produit\/domaine-gavoty-grand-classique-rose\/"]}]},{"@type":"ImageObject","inLanguage":"fr-FR","@id":"https:\/\/www.ivinio.com\/fr\/produit\/domaine-gavoty-grand-classique-rose\/#primaryimage","url":"https:\/\/www.ivinio.com\/wp-content\/uploads\/nc\/public\/modules\/file\/pictures\/6402.domaine-gavoty-grand-classic-ros-ivinio.jpg","contentUrl":"https:\/\/www.ivinio.com\/wp-content\/uploads\/nc\/public\/modules\/file\/pictures\/6402.domaine-gavoty-grand-classic-ros-ivinio.jpg","width":500,"height":500,"caption":"Domaine Gavoty - Grand classique - Ros\u00e9"},{"@type":"BreadcrumbList","@id":"https:\/\/www.ivinio.com\/fr\/produit\/domaine-gavoty-grand-classique-rose\/#breadcrumb","itemListElement":[{"@type":"ListItem","position":1,"name":"Home","item":"https:\/\/www.ivinio.com\/fr\/"},{"@type":"ListItem","position":2,"name":"Boutique de vin","item":"https:\/\/www.ivinio.com\/fr\/boutique-de-vin\/"},{"@type":"ListItem","position":3,"name":"Domaine Gavoty &#8211; Grand classique &#8211; Ros\u00e9"}]},{"@type":"WebSite","@id":"https:\/\/www.ivinio.com\/fr\/#website","url":"https:\/\/www.ivinio.com\/fr\/","name":"IVINIO Caviste","description":"Vins de France et d&#039;Italie avec livraison \u00e0 domicile","publisher":{"@id":"https:\/\/www.ivinio.com\/fr\/#organization"},"potentialAction":[{"@type":"SearchAction","target":{"@type":"EntryPoint","urlTemplate":"https:\/\/www.ivinio.com\/fr\/?s={search_term_string}"},"query-input":{"@type":"PropertyValueSpecification","valueRequired":true,"valueName":"search_term_string"}}],"inLanguage":"fr-FR"},{"@type":"Organization","@id":"https:\/\/www.ivinio.com\/fr\/#organization","name":"IVINIO","url":"https:\/\/www.ivinio.com\/fr\/","logo":{"@type":"ImageObject","inLanguage":"fr-FR","@id":"https:\/\/www.ivinio.com\/fr\/#\/schema\/logo\/image\/","url":"https:\/\/www.ivinio.com\/wp-content\/uploads\/2021\/01\/Logo-Ivinio-v2.jpg","contentUrl":"https:\/\/www.ivinio.com\/wp-content\/uploads\/2021\/01\/Logo-Ivinio-v2.jpg","width":1194,"height":1194,"caption":"IVINIO"},"image":{"@id":"https:\/\/www.ivinio.com\/fr\/#\/schema\/logo\/image\/"},"sameAs":["https:\/\/www.facebook.com\/groups\/165217837022391\/?ref=bookmarks","https:\/\/www.instagram.com\/_ivinio_\/?hl=fr"]}]}},"jetpack_sharing_enabled":true,"_links":{"self":[{"href":"https:\/\/www.ivinio.com\/fr\/wp-json\/wp\/v2\/product\/118227","targetHints":{"allow":["GET"]}}],"collection":[{"href":"https:\/\/www.ivinio.com\/fr\/wp-json\/wp\/v2\/product"}],"about":[{"href":"https:\/\/www.ivinio.com\/fr\/wp-json\/wp\/v2\/types\/product"}],"replies":[{"embeddable":true,"href":"https:\/\/www.ivinio.com\/fr\/wp-json\/wp\/v2\/comments?post=118227"}],"wp:featuredmedia":[{"embeddable":true,"href":"https:\/\/www.ivinio.com\/fr\/wp-json\/wp\/v2\/media\/129546"}],"wp:attachment":[{"href":"https:\/\/www.ivinio.com\/fr\/wp-json\/wp\/v2\/media?parent=118227"}],"wp:term":[{"taxonomy":"product_brand","embeddable":true,"href":"https:\/\/www.ivinio.com\/fr\/wp-json\/wp\/v2\/product_brand?post=118227"},{"taxonomy":"product_cat","embeddable":true,"href":"https:\/\/www.ivinio.com\/fr\/wp-json\/wp\/v2\/product_cat?post=118227"},{"taxonomy":"product_tag","embeddable":true,"href":"https:\/\/www.ivinio.com\/fr\/wp-json\/wp\/v2\/product_tag?post=118227"}],"curies":[{"name":"wp","href":"https:\/\/api.w.org\/{rel}","templated":true}]}}