{"id":118094,"date":"2014-07-02T20:47:46","date_gmt":"2014-07-02T18:47:46","guid":{"rendered":"https:\/\/henrik.www.ivinio.com\/?product=anne-gros-jean-paul-tollot-la-50-50-rouge"},"modified":"2026-01-20T19:47:33","modified_gmt":"2026-01-20T18:47:33","slug":"anne-gros-jean-paul-tollot-la-50-50-rouge","status":"publish","type":"product","link":"https:\/\/www.ivinio.com\/fr\/produit\/anne-gros-jean-paul-tollot-la-50-50-rouge\/","title":{"rendered":"Anne Gros &#8211; Jean-Paul Tollot &#8211; La 50 \/ 50 &#8211; Rouge"},"content":{"rendered":"<p>Le &#8220;50\/50&#8221; est un vin rouge issu principalement de Grenache, Syrah avec certaines vignes qui ont\u00a08 ans d&#8217;\u00e2ge. Les raisins sont cueillis \u00e0 la main et le vin est produit \u00e0 la fa\u00e7on bourguignonne en cuves d&#8217;acier.<\/p>\n<p>Voici le commentaire de The Wine Advocate en mai 2014:<\/p>\n<p>Un m\u00e9lange de cuve \u00e2g\u00e9es de Grenache, Syrah et Carignan, le\u00a0Minervois 50\/50 2012 est remarquable, saveurs de\u00a0beaux fruits noirs, de\u00a0terre et\u00a0de sous-bois. L\u00e9g\u00e8rement\u00a0cors\u00e9, \u00e9l\u00e9gant, il est\u00a0riche en milieu de bouche.\u00a0Il s&#8217;affinera avec\u00a0une ann\u00e9e de garde suppl\u00e9mentaire et m\u00eame\u00a03 \u00e0\u00a05 ans.<\/p>\n","protected":false},"excerpt":{"rendered":"<p>Le &#8220;50\/50&#8221; est un Minervois\u00a0frais et fruit\u00e9 qui se d\u00e9guste entre amis. Un vrai vin d\u00e9salt\u00e9rant qui a obtenu un grand succ\u00e8s aupr\u00e8s de la presse sp\u00e9cialis\u00e9e\u00a0et remport\u00e9 de nombreux prix. A boire sur une entr\u00e9e, des tapas ou un barbecue !<\/p>\n","protected":false},"featured_media":132271,"comment_status":"open","ping_status":"closed","template":"","meta":{"_monsterinsights_skip_tracking":false,"_monsterinsights_sitenote_active":false,"_monsterinsights_sitenote_note":"","_monsterinsights_sitenote_category":0,"_uf_show_specific_survey":0,"_uf_disable_surveys":false},"product_brand":[],"product_cat":[36625,36586],"product_tag":[],"class_list":{"0":"post-118094","1":"product","2":"type-product","3":"status-publish","4":"has-post-thumbnail","6":"product_cat-fr-languedoc","7":"product_cat-vins-francais","8":"pa_alcohol-degree-145-fr","9":"pa_awards-the-wine-advocate-fr","10":"pa_classification-igp-pays-dherault","11":"pa_color-rouge-fr","12":"pa_country-france-fr","13":"pa_grape-variety-carignan-fr","14":"pa_grape-variety-grenache-fr","15":"pa_storage-potential-10-ans-fr","16":"pa_vintage-2018-fr","18":"first","19":"instock","20":"taxable","21":"shipping-taxable","22":"purchasable","23":"product-type-simple"},"bundled_by":[],"bundle_stock_status":"instock","bundle_stock_quantity":null,"bundle_virtual":false,"bundle_layout":"","bundle_add_to_cart_form_location":"","bundle_editable_in_cart":false,"bundle_sold_individually_context":"","bundle_item_grouping":"","bundle_min_size":"","bundle_max_size":"","bundle_price":[],"bundled_items":[],"bundle_sell_ids":[],"yoast_head":"<!-- This site is optimized with the Yoast SEO plugin v27.3 - https:\/\/yoast.com\/product\/yoast-seo-wordpress\/ -->\n<title>Anne Gros - Jean-Paul Tollot - La 50 \/ 50 - Rouge - IVINIO Caviste<\/title>\n<meta name=\"description\" content=\"Anne Gros - Jean-Paul Tollot - La 50 \/ 50 - Rouge. Vin rouge frais et fruit\u00e9 de Minervois. A d\u00e9guster sur des tapas ou charcuterie.\" \/>\n<meta name=\"robots\" content=\"index, follow, max-snippet:-1, max-image-preview:large, max-video-preview:-1\" \/>\n<link rel=\"canonical\" href=\"https:\/\/www.ivinio.com\/fr\/produit\/anne-gros-jean-paul-tollot-la-50-50-rouge\/\" \/>\n<meta property=\"og:locale\" content=\"fr_FR\" \/>\n<meta property=\"og:type\" content=\"article\" \/>\n<meta property=\"og:title\" content=\"Anne Gros - Jean-Paul Tollot - La 50 \/ 50 - Rouge - IVINIO Caviste\" \/>\n<meta property=\"og:description\" content=\"Anne Gros - Jean-Paul Tollot - La 50 \/ 50 - Rouge. Vin rouge frais et fruit\u00e9 de Minervois. A d\u00e9guster sur des tapas ou charcuterie.\" \/>\n<meta property=\"og:url\" content=\"https:\/\/www.ivinio.com\/fr\/produit\/anne-gros-jean-paul-tollot-la-50-50-rouge\/\" \/>\n<meta property=\"og:site_name\" content=\"IVINIO Caviste\" \/>\n<meta property=\"article:publisher\" content=\"https:\/\/www.facebook.com\/groups\/165217837022391\/?ref=bookmarks\" \/>\n<meta property=\"article:modified_time\" content=\"2026-01-20T18:47:33+00:00\" \/>\n<meta property=\"og:image\" content=\"https:\/\/www.ivinio.com\/wp-content\/uploads\/nc\/public\/modules\/file\/pictures\/4624.gros50-50-500x500.jpg\" \/>\n\t<meta property=\"og:image:width\" content=\"500\" \/>\n\t<meta property=\"og:image:height\" content=\"500\" \/>\n\t<meta property=\"og:image:type\" content=\"image\/jpeg\" \/>\n<meta name=\"twitter:card\" content=\"summary_large_image\" \/>\n<meta name=\"twitter:label1\" content=\"Dur\u00e9e de lecture estim\u00e9e\" \/>\n\t<meta name=\"twitter:data1\" content=\"1 minute\" \/>\n<script type=\"application\/ld+json\" class=\"yoast-schema-graph\">{\"@context\":\"https:\\\/\\\/schema.org\",\"@graph\":[{\"@type\":\"WebPage\",\"@id\":\"https:\\\/\\\/www.ivinio.com\\\/fr\\\/produit\\\/anne-gros-jean-paul-tollot-la-50-50-rouge\\\/\",\"url\":\"https:\\\/\\\/www.ivinio.com\\\/fr\\\/produit\\\/anne-gros-jean-paul-tollot-la-50-50-rouge\\\/\",\"name\":\"Anne Gros - Jean-Paul Tollot - La 50 \\\/ 50 - Rouge - IVINIO Caviste\",\"isPartOf\":{\"@id\":\"https:\\\/\\\/www.ivinio.com\\\/fr\\\/#website\"},\"primaryImageOfPage\":{\"@id\":\"https:\\\/\\\/www.ivinio.com\\\/fr\\\/produit\\\/anne-gros-jean-paul-tollot-la-50-50-rouge\\\/#primaryimage\"},\"image\":{\"@id\":\"https:\\\/\\\/www.ivinio.com\\\/fr\\\/produit\\\/anne-gros-jean-paul-tollot-la-50-50-rouge\\\/#primaryimage\"},\"thumbnailUrl\":\"https:\\\/\\\/www.ivinio.com\\\/wp-content\\\/uploads\\\/nc\\\/public\\\/modules\\\/file\\\/pictures\\\/4624.gros50-50-500x500.jpg\",\"datePublished\":\"2014-07-02T18:47:46+00:00\",\"dateModified\":\"2026-01-20T18:47:33+00:00\",\"description\":\"Anne Gros - Jean-Paul Tollot - La 50 \\\/ 50 - Rouge. Vin rouge frais et fruit\u00e9 de Minervois. A d\u00e9guster sur des tapas ou charcuterie.\",\"breadcrumb\":{\"@id\":\"https:\\\/\\\/www.ivinio.com\\\/fr\\\/produit\\\/anne-gros-jean-paul-tollot-la-50-50-rouge\\\/#breadcrumb\"},\"inLanguage\":\"fr-FR\",\"potentialAction\":[{\"@type\":\"ReadAction\",\"target\":[\"https:\\\/\\\/www.ivinio.com\\\/fr\\\/produit\\\/anne-gros-jean-paul-tollot-la-50-50-rouge\\\/\"]}]},{\"@type\":\"ImageObject\",\"inLanguage\":\"fr-FR\",\"@id\":\"https:\\\/\\\/www.ivinio.com\\\/fr\\\/produit\\\/anne-gros-jean-paul-tollot-la-50-50-rouge\\\/#primaryimage\",\"url\":\"https:\\\/\\\/www.ivinio.com\\\/wp-content\\\/uploads\\\/nc\\\/public\\\/modules\\\/file\\\/pictures\\\/4624.gros50-50-500x500.jpg\",\"contentUrl\":\"https:\\\/\\\/www.ivinio.com\\\/wp-content\\\/uploads\\\/nc\\\/public\\\/modules\\\/file\\\/pictures\\\/4624.gros50-50-500x500.jpg\",\"width\":500,\"height\":500,\"caption\":\"Anne Gros - Jean-Paul Tollot - La 50 \\\/ 50\"},{\"@type\":\"BreadcrumbList\",\"@id\":\"https:\\\/\\\/www.ivinio.com\\\/fr\\\/produit\\\/anne-gros-jean-paul-tollot-la-50-50-rouge\\\/#breadcrumb\",\"itemListElement\":[{\"@type\":\"ListItem\",\"position\":1,\"name\":\"Home\",\"item\":\"https:\\\/\\\/www.ivinio.com\\\/fr\\\/\"},{\"@type\":\"ListItem\",\"position\":2,\"name\":\"Boutique de vin\",\"item\":\"https:\\\/\\\/www.ivinio.com\\\/fr\\\/boutique-de-vin\\\/\"},{\"@type\":\"ListItem\",\"position\":3,\"name\":\"Anne Gros &#8211; Jean-Paul Tollot &#8211; La 50 \\\/ 50 &#8211; Rouge\"}]},{\"@type\":\"WebSite\",\"@id\":\"https:\\\/\\\/www.ivinio.com\\\/fr\\\/#website\",\"url\":\"https:\\\/\\\/www.ivinio.com\\\/fr\\\/\",\"name\":\"IVINIO Caviste\",\"description\":\"Vins de France et d&#039;Italie avec livraison \u00e0 domicile\",\"publisher\":{\"@id\":\"https:\\\/\\\/www.ivinio.com\\\/fr\\\/#organization\"},\"potentialAction\":[{\"@type\":\"SearchAction\",\"target\":{\"@type\":\"EntryPoint\",\"urlTemplate\":\"https:\\\/\\\/www.ivinio.com\\\/fr\\\/?s={search_term_string}\"},\"query-input\":{\"@type\":\"PropertyValueSpecification\",\"valueRequired\":true,\"valueName\":\"search_term_string\"}}],\"inLanguage\":\"fr-FR\"},{\"@type\":\"Organization\",\"@id\":\"https:\\\/\\\/www.ivinio.com\\\/fr\\\/#organization\",\"name\":\"IVINIO\",\"url\":\"https:\\\/\\\/www.ivinio.com\\\/fr\\\/\",\"logo\":{\"@type\":\"ImageObject\",\"inLanguage\":\"fr-FR\",\"@id\":\"https:\\\/\\\/www.ivinio.com\\\/fr\\\/#\\\/schema\\\/logo\\\/image\\\/\",\"url\":\"https:\\\/\\\/www.ivinio.com\\\/wp-content\\\/uploads\\\/2021\\\/01\\\/Logo-Ivinio-v2.jpg\",\"contentUrl\":\"https:\\\/\\\/www.ivinio.com\\\/wp-content\\\/uploads\\\/2021\\\/01\\\/Logo-Ivinio-v2.jpg\",\"width\":1194,\"height\":1194,\"caption\":\"IVINIO\"},\"image\":{\"@id\":\"https:\\\/\\\/www.ivinio.com\\\/fr\\\/#\\\/schema\\\/logo\\\/image\\\/\"},\"sameAs\":[\"https:\\\/\\\/www.facebook.com\\\/groups\\\/165217837022391\\\/?ref=bookmarks\",\"https:\\\/\\\/www.instagram.com\\\/_ivinio_\\\/?hl=fr\"]}]}<\/script>\n<!-- \/ Yoast SEO plugin. -->","yoast_head_json":{"title":"Anne Gros - Jean-Paul Tollot - La 50 \/ 50 - Rouge - IVINIO Caviste","description":"Anne Gros - Jean-Paul Tollot - La 50 \/ 50 - Rouge. Vin rouge frais et fruit\u00e9 de Minervois. A d\u00e9guster sur des tapas ou charcuterie.","robots":{"index":"index","follow":"follow","max-snippet":"max-snippet:-1","max-image-preview":"max-image-preview:large","max-video-preview":"max-video-preview:-1"},"canonical":"https:\/\/www.ivinio.com\/fr\/produit\/anne-gros-jean-paul-tollot-la-50-50-rouge\/","og_locale":"fr_FR","og_type":"article","og_title":"Anne Gros - Jean-Paul Tollot - La 50 \/ 50 - Rouge - IVINIO Caviste","og_description":"Anne Gros - Jean-Paul Tollot - La 50 \/ 50 - Rouge. Vin rouge frais et fruit\u00e9 de Minervois. A d\u00e9guster sur des tapas ou charcuterie.","og_url":"https:\/\/www.ivinio.com\/fr\/produit\/anne-gros-jean-paul-tollot-la-50-50-rouge\/","og_site_name":"IVINIO Caviste","article_publisher":"https:\/\/www.facebook.com\/groups\/165217837022391\/?ref=bookmarks","article_modified_time":"2026-01-20T18:47:33+00:00","og_image":[{"width":500,"height":500,"url":"https:\/\/www.ivinio.com\/wp-content\/uploads\/nc\/public\/modules\/file\/pictures\/4624.gros50-50-500x500.jpg","type":"image\/jpeg"}],"twitter_card":"summary_large_image","twitter_misc":{"Dur\u00e9e de lecture estim\u00e9e":"1 minute"},"schema":{"@context":"https:\/\/schema.org","@graph":[{"@type":"WebPage","@id":"https:\/\/www.ivinio.com\/fr\/produit\/anne-gros-jean-paul-tollot-la-50-50-rouge\/","url":"https:\/\/www.ivinio.com\/fr\/produit\/anne-gros-jean-paul-tollot-la-50-50-rouge\/","name":"Anne Gros - Jean-Paul Tollot - La 50 \/ 50 - Rouge - IVINIO Caviste","isPartOf":{"@id":"https:\/\/www.ivinio.com\/fr\/#website"},"primaryImageOfPage":{"@id":"https:\/\/www.ivinio.com\/fr\/produit\/anne-gros-jean-paul-tollot-la-50-50-rouge\/#primaryimage"},"image":{"@id":"https:\/\/www.ivinio.com\/fr\/produit\/anne-gros-jean-paul-tollot-la-50-50-rouge\/#primaryimage"},"thumbnailUrl":"https:\/\/www.ivinio.com\/wp-content\/uploads\/nc\/public\/modules\/file\/pictures\/4624.gros50-50-500x500.jpg","datePublished":"2014-07-02T18:47:46+00:00","dateModified":"2026-01-20T18:47:33+00:00","description":"Anne Gros - Jean-Paul Tollot - La 50 \/ 50 - Rouge. Vin rouge frais et fruit\u00e9 de Minervois. A d\u00e9guster sur des tapas ou charcuterie.","breadcrumb":{"@id":"https:\/\/www.ivinio.com\/fr\/produit\/anne-gros-jean-paul-tollot-la-50-50-rouge\/#breadcrumb"},"inLanguage":"fr-FR","potentialAction":[{"@type":"ReadAction","target":["https:\/\/www.ivinio.com\/fr\/produit\/anne-gros-jean-paul-tollot-la-50-50-rouge\/"]}]},{"@type":"ImageObject","inLanguage":"fr-FR","@id":"https:\/\/www.ivinio.com\/fr\/produit\/anne-gros-jean-paul-tollot-la-50-50-rouge\/#primaryimage","url":"https:\/\/www.ivinio.com\/wp-content\/uploads\/nc\/public\/modules\/file\/pictures\/4624.gros50-50-500x500.jpg","contentUrl":"https:\/\/www.ivinio.com\/wp-content\/uploads\/nc\/public\/modules\/file\/pictures\/4624.gros50-50-500x500.jpg","width":500,"height":500,"caption":"Anne Gros - Jean-Paul Tollot - La 50 \/ 50"},{"@type":"BreadcrumbList","@id":"https:\/\/www.ivinio.com\/fr\/produit\/anne-gros-jean-paul-tollot-la-50-50-rouge\/#breadcrumb","itemListElement":[{"@type":"ListItem","position":1,"name":"Home","item":"https:\/\/www.ivinio.com\/fr\/"},{"@type":"ListItem","position":2,"name":"Boutique de vin","item":"https:\/\/www.ivinio.com\/fr\/boutique-de-vin\/"},{"@type":"ListItem","position":3,"name":"Anne Gros &#8211; Jean-Paul Tollot &#8211; La 50 \/ 50 &#8211; Rouge"}]},{"@type":"WebSite","@id":"https:\/\/www.ivinio.com\/fr\/#website","url":"https:\/\/www.ivinio.com\/fr\/","name":"IVINIO Caviste","description":"Vins de France et d&#039;Italie avec livraison \u00e0 domicile","publisher":{"@id":"https:\/\/www.ivinio.com\/fr\/#organization"},"potentialAction":[{"@type":"SearchAction","target":{"@type":"EntryPoint","urlTemplate":"https:\/\/www.ivinio.com\/fr\/?s={search_term_string}"},"query-input":{"@type":"PropertyValueSpecification","valueRequired":true,"valueName":"search_term_string"}}],"inLanguage":"fr-FR"},{"@type":"Organization","@id":"https:\/\/www.ivinio.com\/fr\/#organization","name":"IVINIO","url":"https:\/\/www.ivinio.com\/fr\/","logo":{"@type":"ImageObject","inLanguage":"fr-FR","@id":"https:\/\/www.ivinio.com\/fr\/#\/schema\/logo\/image\/","url":"https:\/\/www.ivinio.com\/wp-content\/uploads\/2021\/01\/Logo-Ivinio-v2.jpg","contentUrl":"https:\/\/www.ivinio.com\/wp-content\/uploads\/2021\/01\/Logo-Ivinio-v2.jpg","width":1194,"height":1194,"caption":"IVINIO"},"image":{"@id":"https:\/\/www.ivinio.com\/fr\/#\/schema\/logo\/image\/"},"sameAs":["https:\/\/www.facebook.com\/groups\/165217837022391\/?ref=bookmarks","https:\/\/www.instagram.com\/_ivinio_\/?hl=fr"]}]}},"jetpack_sharing_enabled":true,"_links":{"self":[{"href":"https:\/\/www.ivinio.com\/fr\/wp-json\/wp\/v2\/product\/118094","targetHints":{"allow":["GET"]}}],"collection":[{"href":"https:\/\/www.ivinio.com\/fr\/wp-json\/wp\/v2\/product"}],"about":[{"href":"https:\/\/www.ivinio.com\/fr\/wp-json\/wp\/v2\/types\/product"}],"replies":[{"embeddable":true,"href":"https:\/\/www.ivinio.com\/fr\/wp-json\/wp\/v2\/comments?post=118094"}],"wp:featuredmedia":[{"embeddable":true,"href":"https:\/\/www.ivinio.com\/fr\/wp-json\/wp\/v2\/media\/132271"}],"wp:attachment":[{"href":"https:\/\/www.ivinio.com\/fr\/wp-json\/wp\/v2\/media?parent=118094"}],"wp:term":[{"taxonomy":"product_brand","embeddable":true,"href":"https:\/\/www.ivinio.com\/fr\/wp-json\/wp\/v2\/product_brand?post=118094"},{"taxonomy":"product_cat","embeddable":true,"href":"https:\/\/www.ivinio.com\/fr\/wp-json\/wp\/v2\/product_cat?post=118094"},{"taxonomy":"product_tag","embeddable":true,"href":"https:\/\/www.ivinio.com\/fr\/wp-json\/wp\/v2\/product_tag?post=118094"}],"curies":[{"name":"wp","href":"https:\/\/api.w.org\/{rel}","templated":true}]}}