{"id":118090,"date":"2014-07-01T18:58:57","date_gmt":"2014-07-01T18:58:57","guid":{"rendered":"https:\/\/henrik.www.ivinio.com\/?product=la-polenza-cinque-terre-2018-blanc"},"modified":"2022-03-22T19:31:59","modified_gmt":"2022-03-22T18:31:59","slug":"la-polenza-cinque-terre-blanc","status":"publish","type":"product","link":"https:\/\/www.ivinio.com\/fr\/produit\/la-polenza-cinque-terre-blanc\/","title":{"rendered":"La Polenza &#8211; Cinque Terre &#8211; Blanc"},"content":{"rendered":"<p>Cinque Terre est une partie de la c\u00f4te orientale de la Ligurie qui\u00a0se compose de cinq superbes villages m\u00e9di\u00e9vaux; Monterosso, Vernazza, Corniglia, Manarola et Riomaggiore. Ils sont\u00a0tr\u00e8s difficile d&#8217;acc\u00e8s, certains ne peuvent \u00eatre visit\u00e9s qu&#8217;en empruntant le train c\u00f4tier. Le vin a \u00e9t\u00e9 cultiv\u00e9 dans ces lieux magiques depuis plus de 1000 ans, mais les conditions de travail sur ces terres sont\u00a0presque inhumaines. Il est\u00a0impossible de travailler avec des machines ce qui a pouss\u00e9 certains vignerons \u00e0 abandonner leurs vignes. Aujourd&#8217;hui, des amateurs\u00a0ont repris le vignoble et propose des vins, essentiellement blancs de DOC de l&#8217;appellation &#8220;Cinque Terre&#8221; et\u00a0des vins de dessert plus haut de gamme comme le\u00a0&#8220;Sciacchetr\u00e0&#8221;.<\/p>\n","protected":false},"excerpt":{"rendered":"<p>Cinque Terre de La Polenza est un vin blanc issu du c\u00e9page\u00a0vermentino et\u00a0Bosco Albarola. Les vignes ont\u00a0\u00e9t\u00e9 cultiv\u00e9es en terrasse sur des terrains\u00a0inaccessibles au-dessus de la mer M\u00e9diterran\u00e9e le long de la c\u00f4te o\u00f9 se trouvent les magnifiques\u00a0villages de &#8220;Cinque Terre&#8221;. Un vin blanc tr\u00e8s sp\u00e9cial et int\u00e9ressant \u00e0 d\u00e9couvrir en\u00a0ap\u00e9ritif ou pour accompagner du\u00a0poisson.<\/p>\n","protected":false},"featured_media":118093,"comment_status":"open","ping_status":"closed","template":"","meta":{"_monsterinsights_skip_tracking":false,"_monsterinsights_sitenote_active":false,"_monsterinsights_sitenote_note":"","_monsterinsights_sitenote_category":0,"_uf_show_specific_survey":0,"_uf_disable_surveys":false},"product_brand":[],"product_cat":[36607,36589],"product_tag":[],"class_list":{"0":"post-118090","1":"product","2":"type-product","3":"status-publish","4":"has-post-thumbnail","6":"product_cat-fr-ligurie","7":"product_cat-vins-italiens","8":"pa_alcohol-degree-40057","9":"pa_classification-doc-cinque-terre-fr","10":"pa_color-blanc-fr","11":"pa_country-italie-fr","12":"pa_grape-variety-arbarola-fr","13":"pa_grape-variety-bosco-fr","14":"pa_grape-variety-vermentino-fr","15":"pa_region-ligurie-fr","16":"pa_storage-potential-4-ans-fr","17":"pa_vintage-2020-fr","18":"pa_volume-75-cl-fr","20":"first","21":"outofstock","22":"taxable","23":"shipping-taxable","24":"purchasable","25":"product-type-simple"},"bundled_by":[],"bundle_stock_status":"outofstock","bundle_stock_quantity":null,"bundle_virtual":false,"bundle_layout":"","bundle_add_to_cart_form_location":"","bundle_editable_in_cart":false,"bundle_sold_individually_context":"","bundle_item_grouping":"","bundle_min_size":"","bundle_max_size":"","bundle_price":[],"bundled_items":[],"bundle_sell_ids":[],"yoast_head":"<!-- This site is optimized with the Yoast SEO plugin v27.4 - https:\/\/yoast.com\/product\/yoast-seo-wordpress\/ -->\n<title>Acheter La Polenza - Cinque Terre - vin blanc - IVINIO Caviste<\/title>\n<meta name=\"description\" content=\"Acheter La Polenza - Cinque Terre - vin blanc. Compos\u00e9 de vermentino et Bosco Albarola. Les vignes ont \u00e9t\u00e9 cultiv\u00e9es en terrasse sur des terrains inaccessibles au-dessus de la mer.\" \/>\n<meta name=\"robots\" content=\"index, follow, max-snippet:-1, max-image-preview:large, max-video-preview:-1\" \/>\n<link rel=\"canonical\" href=\"https:\/\/www.ivinio.com\/fr\/produit\/la-polenza-cinque-terre-blanc\/\" \/>\n<meta property=\"og:locale\" content=\"fr_FR\" \/>\n<meta property=\"og:type\" content=\"article\" \/>\n<meta property=\"og:title\" content=\"Acheter La Polenza - Cinque Terre - vin blanc - IVINIO Caviste\" \/>\n<meta property=\"og:description\" content=\"Acheter La Polenza - Cinque Terre - vin blanc. Compos\u00e9 de vermentino et Bosco Albarola. Les vignes ont \u00e9t\u00e9 cultiv\u00e9es en terrasse sur des terrains inaccessibles au-dessus de la mer.\" \/>\n<meta property=\"og:url\" content=\"https:\/\/www.ivinio.com\/fr\/produit\/la-polenza-cinque-terre-blanc\/\" \/>\n<meta property=\"og:site_name\" content=\"IVINIO Caviste\" \/>\n<meta property=\"article:publisher\" content=\"https:\/\/www.facebook.com\/groups\/165217837022391\/?ref=bookmarks\" \/>\n<meta property=\"article:modified_time\" content=\"2022-03-22T18:31:59+00:00\" \/>\n<meta property=\"og:image\" content=\"https:\/\/www.ivinio.com\/wp-content\/uploads\/nc\/public\/modules\/file\/pictures\/4619.polenza5terre.jpg\" \/>\n\t<meta property=\"og:image:width\" content=\"500\" \/>\n\t<meta property=\"og:image:height\" content=\"500\" \/>\n\t<meta property=\"og:image:type\" content=\"image\/jpeg\" \/>\n<meta name=\"twitter:card\" content=\"summary_large_image\" \/>\n<meta name=\"twitter:label1\" content=\"Dur\u00e9e de lecture estim\u00e9e\" \/>\n\t<meta name=\"twitter:data1\" content=\"1 minute\" \/>\n<script type=\"application\/ld+json\" class=\"yoast-schema-graph\">{\"@context\":\"https:\\\/\\\/schema.org\",\"@graph\":[{\"@type\":\"WebPage\",\"@id\":\"https:\\\/\\\/www.ivinio.com\\\/fr\\\/produit\\\/la-polenza-cinque-terre-blanc\\\/\",\"url\":\"https:\\\/\\\/www.ivinio.com\\\/fr\\\/produit\\\/la-polenza-cinque-terre-blanc\\\/\",\"name\":\"Acheter La Polenza - Cinque Terre - vin blanc - IVINIO Caviste\",\"isPartOf\":{\"@id\":\"https:\\\/\\\/www.ivinio.com\\\/fr\\\/#website\"},\"primaryImageOfPage\":{\"@id\":\"https:\\\/\\\/www.ivinio.com\\\/fr\\\/produit\\\/la-polenza-cinque-terre-blanc\\\/#primaryimage\"},\"image\":{\"@id\":\"https:\\\/\\\/www.ivinio.com\\\/fr\\\/produit\\\/la-polenza-cinque-terre-blanc\\\/#primaryimage\"},\"thumbnailUrl\":\"https:\\\/\\\/www.ivinio.com\\\/wp-content\\\/uploads\\\/nc\\\/public\\\/modules\\\/file\\\/pictures\\\/4619.polenza5terre.jpg\",\"datePublished\":\"2014-07-01T18:58:57+00:00\",\"dateModified\":\"2022-03-22T18:31:59+00:00\",\"description\":\"Acheter La Polenza - Cinque Terre - vin blanc. Compos\u00e9 de vermentino et Bosco Albarola. Les vignes ont \u00e9t\u00e9 cultiv\u00e9es en terrasse sur des terrains inaccessibles au-dessus de la mer.\",\"breadcrumb\":{\"@id\":\"https:\\\/\\\/www.ivinio.com\\\/fr\\\/produit\\\/la-polenza-cinque-terre-blanc\\\/#breadcrumb\"},\"inLanguage\":\"fr-FR\",\"potentialAction\":[{\"@type\":\"ReadAction\",\"target\":[\"https:\\\/\\\/www.ivinio.com\\\/fr\\\/produit\\\/la-polenza-cinque-terre-blanc\\\/\"]}]},{\"@type\":\"ImageObject\",\"inLanguage\":\"fr-FR\",\"@id\":\"https:\\\/\\\/www.ivinio.com\\\/fr\\\/produit\\\/la-polenza-cinque-terre-blanc\\\/#primaryimage\",\"url\":\"https:\\\/\\\/www.ivinio.com\\\/wp-content\\\/uploads\\\/nc\\\/public\\\/modules\\\/file\\\/pictures\\\/4619.polenza5terre.jpg\",\"contentUrl\":\"https:\\\/\\\/www.ivinio.com\\\/wp-content\\\/uploads\\\/nc\\\/public\\\/modules\\\/file\\\/pictures\\\/4619.polenza5terre.jpg\",\"width\":500,\"height\":500,\"caption\":\"La Polenza - Cinque Terre\"},{\"@type\":\"BreadcrumbList\",\"@id\":\"https:\\\/\\\/www.ivinio.com\\\/fr\\\/produit\\\/la-polenza-cinque-terre-blanc\\\/#breadcrumb\",\"itemListElement\":[{\"@type\":\"ListItem\",\"position\":1,\"name\":\"Home\",\"item\":\"https:\\\/\\\/www.ivinio.com\\\/fr\\\/\"},{\"@type\":\"ListItem\",\"position\":2,\"name\":\"Boutique de vin\",\"item\":\"https:\\\/\\\/www.ivinio.com\\\/fr\\\/boutique-de-vin\\\/\"},{\"@type\":\"ListItem\",\"position\":3,\"name\":\"La Polenza &#8211; Cinque Terre &#8211; Blanc\"}]},{\"@type\":\"WebSite\",\"@id\":\"https:\\\/\\\/www.ivinio.com\\\/fr\\\/#website\",\"url\":\"https:\\\/\\\/www.ivinio.com\\\/fr\\\/\",\"name\":\"IVINIO Caviste\",\"description\":\"Vins de France et d&#039;Italie avec livraison \u00e0 domicile\",\"publisher\":{\"@id\":\"https:\\\/\\\/www.ivinio.com\\\/fr\\\/#organization\"},\"potentialAction\":[{\"@type\":\"SearchAction\",\"target\":{\"@type\":\"EntryPoint\",\"urlTemplate\":\"https:\\\/\\\/www.ivinio.com\\\/fr\\\/?s={search_term_string}\"},\"query-input\":{\"@type\":\"PropertyValueSpecification\",\"valueRequired\":true,\"valueName\":\"search_term_string\"}}],\"inLanguage\":\"fr-FR\"},{\"@type\":\"Organization\",\"@id\":\"https:\\\/\\\/www.ivinio.com\\\/fr\\\/#organization\",\"name\":\"IVINIO\",\"url\":\"https:\\\/\\\/www.ivinio.com\\\/fr\\\/\",\"logo\":{\"@type\":\"ImageObject\",\"inLanguage\":\"fr-FR\",\"@id\":\"https:\\\/\\\/www.ivinio.com\\\/fr\\\/#\\\/schema\\\/logo\\\/image\\\/\",\"url\":\"https:\\\/\\\/www.ivinio.com\\\/wp-content\\\/uploads\\\/2021\\\/01\\\/Logo-Ivinio-v2.jpg\",\"contentUrl\":\"https:\\\/\\\/www.ivinio.com\\\/wp-content\\\/uploads\\\/2021\\\/01\\\/Logo-Ivinio-v2.jpg\",\"width\":1194,\"height\":1194,\"caption\":\"IVINIO\"},\"image\":{\"@id\":\"https:\\\/\\\/www.ivinio.com\\\/fr\\\/#\\\/schema\\\/logo\\\/image\\\/\"},\"sameAs\":[\"https:\\\/\\\/www.facebook.com\\\/groups\\\/165217837022391\\\/?ref=bookmarks\",\"https:\\\/\\\/www.instagram.com\\\/_ivinio_\\\/?hl=fr\"]}]}<\/script>\n<!-- \/ Yoast SEO plugin. -->","yoast_head_json":{"title":"Acheter La Polenza - Cinque Terre - vin blanc - IVINIO Caviste","description":"Acheter La Polenza - Cinque Terre - vin blanc. Compos\u00e9 de vermentino et Bosco Albarola. Les vignes ont \u00e9t\u00e9 cultiv\u00e9es en terrasse sur des terrains inaccessibles au-dessus de la mer.","robots":{"index":"index","follow":"follow","max-snippet":"max-snippet:-1","max-image-preview":"max-image-preview:large","max-video-preview":"max-video-preview:-1"},"canonical":"https:\/\/www.ivinio.com\/fr\/produit\/la-polenza-cinque-terre-blanc\/","og_locale":"fr_FR","og_type":"article","og_title":"Acheter La Polenza - Cinque Terre - vin blanc - IVINIO Caviste","og_description":"Acheter La Polenza - Cinque Terre - vin blanc. Compos\u00e9 de vermentino et Bosco Albarola. Les vignes ont \u00e9t\u00e9 cultiv\u00e9es en terrasse sur des terrains inaccessibles au-dessus de la mer.","og_url":"https:\/\/www.ivinio.com\/fr\/produit\/la-polenza-cinque-terre-blanc\/","og_site_name":"IVINIO Caviste","article_publisher":"https:\/\/www.facebook.com\/groups\/165217837022391\/?ref=bookmarks","article_modified_time":"2022-03-22T18:31:59+00:00","og_image":[{"width":500,"height":500,"url":"https:\/\/www.ivinio.com\/wp-content\/uploads\/nc\/public\/modules\/file\/pictures\/4619.polenza5terre.jpg","type":"image\/jpeg"}],"twitter_card":"summary_large_image","twitter_misc":{"Dur\u00e9e de lecture estim\u00e9e":"1 minute"},"schema":{"@context":"https:\/\/schema.org","@graph":[{"@type":"WebPage","@id":"https:\/\/www.ivinio.com\/fr\/produit\/la-polenza-cinque-terre-blanc\/","url":"https:\/\/www.ivinio.com\/fr\/produit\/la-polenza-cinque-terre-blanc\/","name":"Acheter La Polenza - Cinque Terre - vin blanc - IVINIO Caviste","isPartOf":{"@id":"https:\/\/www.ivinio.com\/fr\/#website"},"primaryImageOfPage":{"@id":"https:\/\/www.ivinio.com\/fr\/produit\/la-polenza-cinque-terre-blanc\/#primaryimage"},"image":{"@id":"https:\/\/www.ivinio.com\/fr\/produit\/la-polenza-cinque-terre-blanc\/#primaryimage"},"thumbnailUrl":"https:\/\/www.ivinio.com\/wp-content\/uploads\/nc\/public\/modules\/file\/pictures\/4619.polenza5terre.jpg","datePublished":"2014-07-01T18:58:57+00:00","dateModified":"2022-03-22T18:31:59+00:00","description":"Acheter La Polenza - Cinque Terre - vin blanc. Compos\u00e9 de vermentino et Bosco Albarola. Les vignes ont \u00e9t\u00e9 cultiv\u00e9es en terrasse sur des terrains inaccessibles au-dessus de la mer.","breadcrumb":{"@id":"https:\/\/www.ivinio.com\/fr\/produit\/la-polenza-cinque-terre-blanc\/#breadcrumb"},"inLanguage":"fr-FR","potentialAction":[{"@type":"ReadAction","target":["https:\/\/www.ivinio.com\/fr\/produit\/la-polenza-cinque-terre-blanc\/"]}]},{"@type":"ImageObject","inLanguage":"fr-FR","@id":"https:\/\/www.ivinio.com\/fr\/produit\/la-polenza-cinque-terre-blanc\/#primaryimage","url":"https:\/\/www.ivinio.com\/wp-content\/uploads\/nc\/public\/modules\/file\/pictures\/4619.polenza5terre.jpg","contentUrl":"https:\/\/www.ivinio.com\/wp-content\/uploads\/nc\/public\/modules\/file\/pictures\/4619.polenza5terre.jpg","width":500,"height":500,"caption":"La Polenza - Cinque Terre"},{"@type":"BreadcrumbList","@id":"https:\/\/www.ivinio.com\/fr\/produit\/la-polenza-cinque-terre-blanc\/#breadcrumb","itemListElement":[{"@type":"ListItem","position":1,"name":"Home","item":"https:\/\/www.ivinio.com\/fr\/"},{"@type":"ListItem","position":2,"name":"Boutique de vin","item":"https:\/\/www.ivinio.com\/fr\/boutique-de-vin\/"},{"@type":"ListItem","position":3,"name":"La Polenza &#8211; Cinque Terre &#8211; Blanc"}]},{"@type":"WebSite","@id":"https:\/\/www.ivinio.com\/fr\/#website","url":"https:\/\/www.ivinio.com\/fr\/","name":"IVINIO Caviste","description":"Vins de France et d&#039;Italie avec livraison \u00e0 domicile","publisher":{"@id":"https:\/\/www.ivinio.com\/fr\/#organization"},"potentialAction":[{"@type":"SearchAction","target":{"@type":"EntryPoint","urlTemplate":"https:\/\/www.ivinio.com\/fr\/?s={search_term_string}"},"query-input":{"@type":"PropertyValueSpecification","valueRequired":true,"valueName":"search_term_string"}}],"inLanguage":"fr-FR"},{"@type":"Organization","@id":"https:\/\/www.ivinio.com\/fr\/#organization","name":"IVINIO","url":"https:\/\/www.ivinio.com\/fr\/","logo":{"@type":"ImageObject","inLanguage":"fr-FR","@id":"https:\/\/www.ivinio.com\/fr\/#\/schema\/logo\/image\/","url":"https:\/\/www.ivinio.com\/wp-content\/uploads\/2021\/01\/Logo-Ivinio-v2.jpg","contentUrl":"https:\/\/www.ivinio.com\/wp-content\/uploads\/2021\/01\/Logo-Ivinio-v2.jpg","width":1194,"height":1194,"caption":"IVINIO"},"image":{"@id":"https:\/\/www.ivinio.com\/fr\/#\/schema\/logo\/image\/"},"sameAs":["https:\/\/www.facebook.com\/groups\/165217837022391\/?ref=bookmarks","https:\/\/www.instagram.com\/_ivinio_\/?hl=fr"]}]}},"jetpack_sharing_enabled":true,"_links":{"self":[{"href":"https:\/\/www.ivinio.com\/fr\/wp-json\/wp\/v2\/product\/118090","targetHints":{"allow":["GET"]}}],"collection":[{"href":"https:\/\/www.ivinio.com\/fr\/wp-json\/wp\/v2\/product"}],"about":[{"href":"https:\/\/www.ivinio.com\/fr\/wp-json\/wp\/v2\/types\/product"}],"replies":[{"embeddable":true,"href":"https:\/\/www.ivinio.com\/fr\/wp-json\/wp\/v2\/comments?post=118090"}],"wp:featuredmedia":[{"embeddable":true,"href":"https:\/\/www.ivinio.com\/fr\/wp-json\/wp\/v2\/media\/118093"}],"wp:attachment":[{"href":"https:\/\/www.ivinio.com\/fr\/wp-json\/wp\/v2\/media?parent=118090"}],"wp:term":[{"taxonomy":"product_brand","embeddable":true,"href":"https:\/\/www.ivinio.com\/fr\/wp-json\/wp\/v2\/product_brand?post=118090"},{"taxonomy":"product_cat","embeddable":true,"href":"https:\/\/www.ivinio.com\/fr\/wp-json\/wp\/v2\/product_cat?post=118090"},{"taxonomy":"product_tag","embeddable":true,"href":"https:\/\/www.ivinio.com\/fr\/wp-json\/wp\/v2\/product_tag?post=118090"}],"curies":[{"name":"wp","href":"https:\/\/api.w.org\/{rel}","templated":true}]}}