{"id":118073,"date":"2014-06-30T11:10:30","date_gmt":"2014-06-30T11:10:30","guid":{"rendered":"https:\/\/henrik.www.ivinio.com\/?product=re-manfredi-aglianico-de-vulture-2015-rouge"},"modified":"2021-02-10T19:29:03","modified_gmt":"2021-02-10T18:29:03","slug":"re-manfredi-aglianico-de-vulture-2015-rouge","status":"publish","type":"product","link":"https:\/\/www.ivinio.com\/fr\/produit\/re-manfredi-aglianico-de-vulture-2015-rouge\/","title":{"rendered":"Re Manfredi &#8211; Aglianico de Vulture &#8211; Rouge"},"content":{"rendered":"<p>Taglio partie Tralcio est fait 100% du c\u00e9page Aglianico. Il s&#8217;agit d&#8217;un vin rond et souple trait\u00e9 selon la m\u00e9thode\u00a0&#8220;appassimento&#8221; assez sp\u00e9ciale o\u00f9 la branche de raisins continue sa maturation apr\u00e8s la coupe. Flux de nutriments entre la racine et rameau pression et le rameau toujours vert air plut\u00f4t fluide dans les raisins. Ce qui se passe pendant entre 7-10 jours et en cons\u00e9quence la concentration des ar\u00f4mes dans les raisins augmente et adoucir les tanins. Les raisins tri\u00e9s sur le volet sont alors kylmacerera 10 jours avant le d\u00e9but de la fermentation. Le vin fini est \u00e9lev\u00e9 six mois en f\u00fbts de ch\u00eane, puis encore 6 mois en bouteille avant sa commercialisation.<\/p>\n","protected":false},"excerpt":{"rendered":"<p>&#8220;Taglio partie Tralcio&#8221; de Re Manfredi est un vin rouge cors\u00e9 monoc\u00e9page de\u00a0Aglianico. Produit selon la m\u00e9thode\u00a0&#8220;appassimento&#8221; qui est peut-\u00eatre\u00a0plus connu parmi les vins Amarone, \u00a0un choix id\u00e9al pour la viande rouge, des lasagnes ou sur des fromages forts.<\/p>\n","protected":false},"featured_media":118076,"comment_status":"open","ping_status":"closed","template":"","meta":{"_monsterinsights_skip_tracking":false,"_monsterinsights_sitenote_active":false,"_monsterinsights_sitenote_note":"","_monsterinsights_sitenote_category":0,"_uf_show_specific_survey":0,"_uf_disable_surveys":false},"product_brand":[],"product_cat":[36658,36589],"product_tag":[],"class_list":{"0":"post-118073","1":"product","2":"type-product","3":"status-publish","4":"has-post-thumbnail","6":"product_cat-fr-basilicate","7":"product_cat-vins-italiens","8":"pa_alcohol-degree-14-fr","9":"pa_classification-doc-aglianico-del-vulture-fr","10":"pa_color-rouge-fr","11":"pa_country-italie-fr","12":"pa_region-basilicata-fr","13":"pa_storage-potential-5-ans-fr","14":"pa_vintage-2015-fr","15":"pa_volume-75-cl-fr","17":"first","18":"instock","19":"taxable","20":"shipping-taxable","21":"purchasable","22":"product-type-simple"},"bundled_by":["119489"],"bundle_stock_status":"instock","bundle_stock_quantity":null,"bundle_virtual":false,"bundle_layout":"","bundle_add_to_cart_form_location":"","bundle_editable_in_cart":false,"bundle_sold_individually_context":"","bundle_item_grouping":"","bundle_min_size":"","bundle_max_size":"","bundle_price":[],"bundled_items":[],"bundle_sell_ids":[],"yoast_head":"<!-- This site is optimized with the Yoast SEO plugin v27.5 - https:\/\/yoast.com\/product\/yoast-seo-wordpress\/ -->\n<title>Re Manfredi - aglianico del vulture - taglio del tralcio - acheter du vin italien de Basilicata - caviste en ligne Ivinio.com - caviste \u00e0 Nice<\/title>\n<meta name=\"description\" content=\"&quot;Taglio del Tralcio&quot; du Domaine Re Manfredi est fait \u00e0 100% du c\u00e9page Aglianico. Un vin doux et fruit\u00e9 au palais. Il est fait selon la m\u00e9thode&quot;appassito&quot; comme le tr\u00e8s connu Amarone, un vin rouge parfait pour la viande rouge, des lasagnes ou canellon\" \/>\n<meta name=\"robots\" content=\"index, follow, max-snippet:-1, max-image-preview:large, max-video-preview:-1\" \/>\n<link rel=\"canonical\" href=\"https:\/\/www.ivinio.com\/fr\/produit\/re-manfredi-aglianico-de-vulture-2015-rouge\/\" \/>\n<meta property=\"og:locale\" content=\"fr_FR\" \/>\n<meta property=\"og:type\" content=\"article\" \/>\n<meta property=\"og:title\" content=\"Re Manfredi - aglianico del vulture - taglio del tralcio - acheter du vin italien de Basilicata - caviste en ligne Ivinio.com - caviste \u00e0 Nice\" \/>\n<meta property=\"og:description\" content=\"&quot;Taglio del Tralcio&quot; du Domaine Re Manfredi est fait \u00e0 100% du c\u00e9page Aglianico. Un vin doux et fruit\u00e9 au palais. Il est fait selon la m\u00e9thode&quot;appassito&quot; comme le tr\u00e8s connu Amarone, un vin rouge parfait pour la viande rouge, des lasagnes ou canellon\" \/>\n<meta property=\"og:url\" content=\"https:\/\/www.ivinio.com\/fr\/produit\/re-manfredi-aglianico-de-vulture-2015-rouge\/\" \/>\n<meta property=\"og:site_name\" content=\"IVINIO Caviste\" \/>\n<meta property=\"article:publisher\" content=\"https:\/\/www.facebook.com\/groups\/165217837022391\/?ref=bookmarks\" \/>\n<meta property=\"article:modified_time\" content=\"2021-02-10T18:29:03+00:00\" \/>\n<meta property=\"og:image\" content=\"https:\/\/www.ivinio.com\/wp-content\/uploads\/nc\/public\/modules\/file\/pictures\/4623.alglianicobis500x500.jpg\" \/>\n\t<meta property=\"og:image:width\" content=\"500\" \/>\n\t<meta property=\"og:image:height\" content=\"500\" \/>\n\t<meta property=\"og:image:type\" content=\"image\/jpeg\" \/>\n<meta name=\"twitter:card\" content=\"summary_large_image\" \/>\n<meta name=\"twitter:label1\" content=\"Dur\u00e9e de lecture estim\u00e9e\" \/>\n\t<meta name=\"twitter:data1\" content=\"1 minute\" \/>\n<script type=\"application\/ld+json\" class=\"yoast-schema-graph\">{\"@context\":\"https:\\\/\\\/schema.org\",\"@graph\":[{\"@type\":\"WebPage\",\"@id\":\"https:\\\/\\\/www.ivinio.com\\\/fr\\\/produit\\\/re-manfredi-aglianico-de-vulture-2015-rouge\\\/\",\"url\":\"https:\\\/\\\/www.ivinio.com\\\/fr\\\/produit\\\/re-manfredi-aglianico-de-vulture-2015-rouge\\\/\",\"name\":\"Re Manfredi - aglianico del vulture - taglio del tralcio - acheter du vin italien de Basilicata - caviste en ligne Ivinio.com - caviste \u00e0 Nice\",\"isPartOf\":{\"@id\":\"https:\\\/\\\/www.ivinio.com\\\/fr\\\/#website\"},\"primaryImageOfPage\":{\"@id\":\"https:\\\/\\\/www.ivinio.com\\\/fr\\\/produit\\\/re-manfredi-aglianico-de-vulture-2015-rouge\\\/#primaryimage\"},\"image\":{\"@id\":\"https:\\\/\\\/www.ivinio.com\\\/fr\\\/produit\\\/re-manfredi-aglianico-de-vulture-2015-rouge\\\/#primaryimage\"},\"thumbnailUrl\":\"https:\\\/\\\/www.ivinio.com\\\/wp-content\\\/uploads\\\/nc\\\/public\\\/modules\\\/file\\\/pictures\\\/4623.alglianicobis500x500.jpg\",\"datePublished\":\"2014-06-30T11:10:30+00:00\",\"dateModified\":\"2021-02-10T18:29:03+00:00\",\"description\":\"\\\"Taglio del Tralcio\\\" du Domaine Re Manfredi est fait \u00e0 100% du c\u00e9page Aglianico. Un vin doux et fruit\u00e9 au palais. Il est fait selon la m\u00e9thode\\\"appassito\\\" comme le tr\u00e8s connu Amarone, un vin rouge parfait pour la viande rouge, des lasagnes ou canellon\",\"breadcrumb\":{\"@id\":\"https:\\\/\\\/www.ivinio.com\\\/fr\\\/produit\\\/re-manfredi-aglianico-de-vulture-2015-rouge\\\/#breadcrumb\"},\"inLanguage\":\"fr-FR\",\"potentialAction\":[{\"@type\":\"ReadAction\",\"target\":[\"https:\\\/\\\/www.ivinio.com\\\/fr\\\/produit\\\/re-manfredi-aglianico-de-vulture-2015-rouge\\\/\"]}]},{\"@type\":\"ImageObject\",\"inLanguage\":\"fr-FR\",\"@id\":\"https:\\\/\\\/www.ivinio.com\\\/fr\\\/produit\\\/re-manfredi-aglianico-de-vulture-2015-rouge\\\/#primaryimage\",\"url\":\"https:\\\/\\\/www.ivinio.com\\\/wp-content\\\/uploads\\\/nc\\\/public\\\/modules\\\/file\\\/pictures\\\/4623.alglianicobis500x500.jpg\",\"contentUrl\":\"https:\\\/\\\/www.ivinio.com\\\/wp-content\\\/uploads\\\/nc\\\/public\\\/modules\\\/file\\\/pictures\\\/4623.alglianicobis500x500.jpg\",\"width\":500,\"height\":500},{\"@type\":\"BreadcrumbList\",\"@id\":\"https:\\\/\\\/www.ivinio.com\\\/fr\\\/produit\\\/re-manfredi-aglianico-de-vulture-2015-rouge\\\/#breadcrumb\",\"itemListElement\":[{\"@type\":\"ListItem\",\"position\":1,\"name\":\"Home\",\"item\":\"https:\\\/\\\/www.ivinio.com\\\/fr\\\/\"},{\"@type\":\"ListItem\",\"position\":2,\"name\":\"Boutique de vin\",\"item\":\"https:\\\/\\\/www.ivinio.com\\\/fr\\\/boutique-de-vin\\\/\"},{\"@type\":\"ListItem\",\"position\":3,\"name\":\"Re Manfredi &#8211; Aglianico de Vulture &#8211; Rouge\"}]},{\"@type\":\"WebSite\",\"@id\":\"https:\\\/\\\/www.ivinio.com\\\/fr\\\/#website\",\"url\":\"https:\\\/\\\/www.ivinio.com\\\/fr\\\/\",\"name\":\"IVINIO Caviste\",\"description\":\"Vins de France et d&#039;Italie avec livraison \u00e0 domicile\",\"publisher\":{\"@id\":\"https:\\\/\\\/www.ivinio.com\\\/fr\\\/#organization\"},\"potentialAction\":[{\"@type\":\"SearchAction\",\"target\":{\"@type\":\"EntryPoint\",\"urlTemplate\":\"https:\\\/\\\/www.ivinio.com\\\/fr\\\/?s={search_term_string}\"},\"query-input\":{\"@type\":\"PropertyValueSpecification\",\"valueRequired\":true,\"valueName\":\"search_term_string\"}}],\"inLanguage\":\"fr-FR\"},{\"@type\":\"Organization\",\"@id\":\"https:\\\/\\\/www.ivinio.com\\\/fr\\\/#organization\",\"name\":\"IVINIO\",\"url\":\"https:\\\/\\\/www.ivinio.com\\\/fr\\\/\",\"logo\":{\"@type\":\"ImageObject\",\"inLanguage\":\"fr-FR\",\"@id\":\"https:\\\/\\\/www.ivinio.com\\\/fr\\\/#\\\/schema\\\/logo\\\/image\\\/\",\"url\":\"https:\\\/\\\/www.ivinio.com\\\/wp-content\\\/uploads\\\/2021\\\/01\\\/Logo-Ivinio-v2.jpg\",\"contentUrl\":\"https:\\\/\\\/www.ivinio.com\\\/wp-content\\\/uploads\\\/2021\\\/01\\\/Logo-Ivinio-v2.jpg\",\"width\":1194,\"height\":1194,\"caption\":\"IVINIO\"},\"image\":{\"@id\":\"https:\\\/\\\/www.ivinio.com\\\/fr\\\/#\\\/schema\\\/logo\\\/image\\\/\"},\"sameAs\":[\"https:\\\/\\\/www.facebook.com\\\/groups\\\/165217837022391\\\/?ref=bookmarks\",\"https:\\\/\\\/www.instagram.com\\\/_ivinio_\\\/?hl=fr\"]}]}<\/script>\n<!-- \/ Yoast SEO plugin. -->","yoast_head_json":{"title":"Re Manfredi - aglianico del vulture - taglio del tralcio - acheter du vin italien de Basilicata - caviste en ligne Ivinio.com - caviste \u00e0 Nice","description":"\"Taglio del Tralcio\" du Domaine Re Manfredi est fait \u00e0 100% du c\u00e9page Aglianico. Un vin doux et fruit\u00e9 au palais. Il est fait selon la m\u00e9thode\"appassito\" comme le tr\u00e8s connu Amarone, un vin rouge parfait pour la viande rouge, des lasagnes ou canellon","robots":{"index":"index","follow":"follow","max-snippet":"max-snippet:-1","max-image-preview":"max-image-preview:large","max-video-preview":"max-video-preview:-1"},"canonical":"https:\/\/www.ivinio.com\/fr\/produit\/re-manfredi-aglianico-de-vulture-2015-rouge\/","og_locale":"fr_FR","og_type":"article","og_title":"Re Manfredi - aglianico del vulture - taglio del tralcio - acheter du vin italien de Basilicata - caviste en ligne Ivinio.com - caviste \u00e0 Nice","og_description":"\"Taglio del Tralcio\" du Domaine Re Manfredi est fait \u00e0 100% du c\u00e9page Aglianico. Un vin doux et fruit\u00e9 au palais. Il est fait selon la m\u00e9thode\"appassito\" comme le tr\u00e8s connu Amarone, un vin rouge parfait pour la viande rouge, des lasagnes ou canellon","og_url":"https:\/\/www.ivinio.com\/fr\/produit\/re-manfredi-aglianico-de-vulture-2015-rouge\/","og_site_name":"IVINIO Caviste","article_publisher":"https:\/\/www.facebook.com\/groups\/165217837022391\/?ref=bookmarks","article_modified_time":"2021-02-10T18:29:03+00:00","og_image":[{"width":500,"height":500,"url":"https:\/\/www.ivinio.com\/wp-content\/uploads\/nc\/public\/modules\/file\/pictures\/4623.alglianicobis500x500.jpg","type":"image\/jpeg"}],"twitter_card":"summary_large_image","twitter_misc":{"Dur\u00e9e de lecture estim\u00e9e":"1 minute"},"schema":{"@context":"https:\/\/schema.org","@graph":[{"@type":"WebPage","@id":"https:\/\/www.ivinio.com\/fr\/produit\/re-manfredi-aglianico-de-vulture-2015-rouge\/","url":"https:\/\/www.ivinio.com\/fr\/produit\/re-manfredi-aglianico-de-vulture-2015-rouge\/","name":"Re Manfredi - aglianico del vulture - taglio del tralcio - acheter du vin italien de Basilicata - caviste en ligne Ivinio.com - caviste \u00e0 Nice","isPartOf":{"@id":"https:\/\/www.ivinio.com\/fr\/#website"},"primaryImageOfPage":{"@id":"https:\/\/www.ivinio.com\/fr\/produit\/re-manfredi-aglianico-de-vulture-2015-rouge\/#primaryimage"},"image":{"@id":"https:\/\/www.ivinio.com\/fr\/produit\/re-manfredi-aglianico-de-vulture-2015-rouge\/#primaryimage"},"thumbnailUrl":"https:\/\/www.ivinio.com\/wp-content\/uploads\/nc\/public\/modules\/file\/pictures\/4623.alglianicobis500x500.jpg","datePublished":"2014-06-30T11:10:30+00:00","dateModified":"2021-02-10T18:29:03+00:00","description":"\"Taglio del Tralcio\" du Domaine Re Manfredi est fait \u00e0 100% du c\u00e9page Aglianico. Un vin doux et fruit\u00e9 au palais. Il est fait selon la m\u00e9thode\"appassito\" comme le tr\u00e8s connu Amarone, un vin rouge parfait pour la viande rouge, des lasagnes ou canellon","breadcrumb":{"@id":"https:\/\/www.ivinio.com\/fr\/produit\/re-manfredi-aglianico-de-vulture-2015-rouge\/#breadcrumb"},"inLanguage":"fr-FR","potentialAction":[{"@type":"ReadAction","target":["https:\/\/www.ivinio.com\/fr\/produit\/re-manfredi-aglianico-de-vulture-2015-rouge\/"]}]},{"@type":"ImageObject","inLanguage":"fr-FR","@id":"https:\/\/www.ivinio.com\/fr\/produit\/re-manfredi-aglianico-de-vulture-2015-rouge\/#primaryimage","url":"https:\/\/www.ivinio.com\/wp-content\/uploads\/nc\/public\/modules\/file\/pictures\/4623.alglianicobis500x500.jpg","contentUrl":"https:\/\/www.ivinio.com\/wp-content\/uploads\/nc\/public\/modules\/file\/pictures\/4623.alglianicobis500x500.jpg","width":500,"height":500},{"@type":"BreadcrumbList","@id":"https:\/\/www.ivinio.com\/fr\/produit\/re-manfredi-aglianico-de-vulture-2015-rouge\/#breadcrumb","itemListElement":[{"@type":"ListItem","position":1,"name":"Home","item":"https:\/\/www.ivinio.com\/fr\/"},{"@type":"ListItem","position":2,"name":"Boutique de vin","item":"https:\/\/www.ivinio.com\/fr\/boutique-de-vin\/"},{"@type":"ListItem","position":3,"name":"Re Manfredi &#8211; Aglianico de Vulture &#8211; Rouge"}]},{"@type":"WebSite","@id":"https:\/\/www.ivinio.com\/fr\/#website","url":"https:\/\/www.ivinio.com\/fr\/","name":"IVINIO Caviste","description":"Vins de France et d&#039;Italie avec livraison \u00e0 domicile","publisher":{"@id":"https:\/\/www.ivinio.com\/fr\/#organization"},"potentialAction":[{"@type":"SearchAction","target":{"@type":"EntryPoint","urlTemplate":"https:\/\/www.ivinio.com\/fr\/?s={search_term_string}"},"query-input":{"@type":"PropertyValueSpecification","valueRequired":true,"valueName":"search_term_string"}}],"inLanguage":"fr-FR"},{"@type":"Organization","@id":"https:\/\/www.ivinio.com\/fr\/#organization","name":"IVINIO","url":"https:\/\/www.ivinio.com\/fr\/","logo":{"@type":"ImageObject","inLanguage":"fr-FR","@id":"https:\/\/www.ivinio.com\/fr\/#\/schema\/logo\/image\/","url":"https:\/\/www.ivinio.com\/wp-content\/uploads\/2021\/01\/Logo-Ivinio-v2.jpg","contentUrl":"https:\/\/www.ivinio.com\/wp-content\/uploads\/2021\/01\/Logo-Ivinio-v2.jpg","width":1194,"height":1194,"caption":"IVINIO"},"image":{"@id":"https:\/\/www.ivinio.com\/fr\/#\/schema\/logo\/image\/"},"sameAs":["https:\/\/www.facebook.com\/groups\/165217837022391\/?ref=bookmarks","https:\/\/www.instagram.com\/_ivinio_\/?hl=fr"]}]}},"jetpack_sharing_enabled":true,"_links":{"self":[{"href":"https:\/\/www.ivinio.com\/fr\/wp-json\/wp\/v2\/product\/118073","targetHints":{"allow":["GET"]}}],"collection":[{"href":"https:\/\/www.ivinio.com\/fr\/wp-json\/wp\/v2\/product"}],"about":[{"href":"https:\/\/www.ivinio.com\/fr\/wp-json\/wp\/v2\/types\/product"}],"replies":[{"embeddable":true,"href":"https:\/\/www.ivinio.com\/fr\/wp-json\/wp\/v2\/comments?post=118073"}],"wp:featuredmedia":[{"embeddable":true,"href":"https:\/\/www.ivinio.com\/fr\/wp-json\/wp\/v2\/media\/118076"}],"wp:attachment":[{"href":"https:\/\/www.ivinio.com\/fr\/wp-json\/wp\/v2\/media?parent=118073"}],"wp:term":[{"taxonomy":"product_brand","embeddable":true,"href":"https:\/\/www.ivinio.com\/fr\/wp-json\/wp\/v2\/product_brand?post=118073"},{"taxonomy":"product_cat","embeddable":true,"href":"https:\/\/www.ivinio.com\/fr\/wp-json\/wp\/v2\/product_cat?post=118073"},{"taxonomy":"product_tag","embeddable":true,"href":"https:\/\/www.ivinio.com\/fr\/wp-json\/wp\/v2\/product_tag?post=118073"}],"curies":[{"name":"wp","href":"https:\/\/api.w.org\/{rel}","templated":true}]}}