{"id":118059,"date":"2014-06-25T23:44:35","date_gmt":"2014-06-25T23:44:35","guid":{"rendered":"https:\/\/henrik.www.ivinio.com\/?product=xavier-thierry-amirault-st-nicolas-de-bourgueuil-les-quarterons-2018-rouge"},"modified":"2025-08-25T18:55:31","modified_gmt":"2025-08-25T16:55:31","slug":"agnes-xavier-amirault-st-nicolas-de-bourgueuil-les-quarterons-rouge","status":"publish","type":"product","link":"https:\/\/www.ivinio.com\/fr\/produit\/agnes-xavier-amirault-st-nicolas-de-bourgueuil-les-quarterons-rouge\/","title":{"rendered":"Agn\u00e8s &#038; Xavier Amirault &#8211; St-Nicolas-de-Bourgueuil &#8211; &#8220;Les Quarterons&#8221; &#8211; Rouge"},"content":{"rendered":"<p>\u00ab Les Quarterons \u00bb est un vin rouge issu de l&#8217;agriculture biologique, \u00e9labor\u00e9 \u00e0 partir de 100 % de Cabernet Franc, issu de vignes cultiv\u00e9es sur un sol sablonneux typique de la r\u00e9gion. Les raisins sont vendang\u00e9s \u00e0 la main et la vinification est naturelle, avec des levures indig\u00e8nes sans ajout, en cuves inox. La fermentation se d\u00e9roule \u00e0 basse temp\u00e9rature (15-17 \u00b0C) afin de pr\u00e9server les ar\u00f4mes fruit\u00e9s. L&#8217;\u00e9levage se d\u00e9roule en cuves inox sur lies fines pendant 12 mois. La micro-oxyg\u00e9nation affine les tanins et \u00e9limine les ar\u00f4mes fermentaires, r\u00e9v\u00e9lant des saveurs plus fruit\u00e9es. Enfin, en bouteille, son bouquet se d\u00e9veloppe et s&#8217;exprime pleinement.<\/p>\n","protected":false},"excerpt":{"rendered":"<p>&#8220;Les Quarterons&#8221;, St Nicolas de Bourgueuil est un vin rouge biologique produit \u00e0 100% de Cabernet Franc. Ce vin de Loire est frais et fruit\u00e9.<\/p>\n","protected":false},"featured_media":118062,"comment_status":"open","ping_status":"closed","template":"","meta":{"_monsterinsights_skip_tracking":false,"_monsterinsights_sitenote_active":false,"_monsterinsights_sitenote_note":"","_monsterinsights_sitenote_category":0,"_uf_show_specific_survey":0,"_uf_disable_surveys":false},"product_brand":[],"product_cat":[36628,36586],"product_tag":[],"class_list":{"0":"post-118059","1":"product","2":"type-product","3":"status-publish","4":"has-post-thumbnail","6":"product_cat-fr-loire","7":"product_cat-vins-francais","9":"first","10":"instock","11":"taxable","12":"shipping-taxable","13":"purchasable","14":"product-type-simple"},"bundled_by":[],"bundle_stock_status":"instock","bundle_stock_quantity":null,"bundle_virtual":false,"bundle_layout":"","bundle_add_to_cart_form_location":"","bundle_editable_in_cart":false,"bundle_sold_individually_context":"","bundle_item_grouping":"","bundle_min_size":"","bundle_max_size":"","bundle_price":[],"bundled_items":[],"bundle_sell_ids":[],"yoast_head":"<!-- This site is optimized with the Yoast SEO plugin v27.4 - https:\/\/yoast.com\/product\/yoast-seo-wordpress\/ -->\n<title>Agn\u00e8s &amp; Xavier Amirault - St-Nicolas-de-Bourgueuil - &quot;Les Quarterons&quot; - Rouge<\/title>\n<meta name=\"description\" content=\"Agn\u00e8s &amp; Xavier Amirault - St-Nicolas-de-Bourgueuil - &quot;Les Quarterons&quot; - Rouge bio 100% Cabernet Franc. L\u00e9ger de Loire parfait pour un barbecue ou poissons.\" \/>\n<meta name=\"robots\" content=\"index, follow, max-snippet:-1, max-image-preview:large, max-video-preview:-1\" \/>\n<link rel=\"canonical\" href=\"https:\/\/www.ivinio.com\/fr\/produit\/agnes-xavier-amirault-st-nicolas-de-bourgueuil-les-quarterons-rouge\/\" \/>\n<meta property=\"og:locale\" content=\"fr_FR\" \/>\n<meta property=\"og:type\" content=\"article\" \/>\n<meta property=\"og:title\" content=\"Agn\u00e8s &amp; Xavier Amirault - St-Nicolas-de-Bourgueuil - &quot;Les Quarterons&quot; - Rouge\" \/>\n<meta property=\"og:description\" content=\"Agn\u00e8s &amp; Xavier Amirault - St-Nicolas-de-Bourgueuil - &quot;Les Quarterons&quot; - Rouge bio 100% Cabernet Franc. L\u00e9ger de Loire parfait pour un barbecue ou poissons.\" \/>\n<meta property=\"og:url\" content=\"https:\/\/www.ivinio.com\/fr\/produit\/agnes-xavier-amirault-st-nicolas-de-bourgueuil-les-quarterons-rouge\/\" \/>\n<meta property=\"og:site_name\" content=\"IVINIO Caviste\" \/>\n<meta property=\"article:publisher\" content=\"https:\/\/www.facebook.com\/groups\/165217837022391\/?ref=bookmarks\" \/>\n<meta property=\"article:modified_time\" content=\"2025-08-25T16:55:31+00:00\" \/>\n<meta property=\"og:image\" content=\"https:\/\/www.ivinio.com\/wp-content\/uploads\/nc\/public\/modules\/file\/pictures\/4900.amiraultstnicolasbis500x500.jpg\" \/>\n\t<meta property=\"og:image:width\" content=\"500\" \/>\n\t<meta property=\"og:image:height\" content=\"500\" \/>\n\t<meta property=\"og:image:type\" content=\"image\/jpeg\" \/>\n<meta name=\"twitter:card\" content=\"summary_large_image\" \/>\n<meta name=\"twitter:label1\" content=\"Dur\u00e9e de lecture estim\u00e9e\" \/>\n\t<meta name=\"twitter:data1\" content=\"1 minute\" \/>\n<script type=\"application\/ld+json\" class=\"yoast-schema-graph\">{\"@context\":\"https:\\\/\\\/schema.org\",\"@graph\":[{\"@type\":\"WebPage\",\"@id\":\"https:\\\/\\\/www.ivinio.com\\\/fr\\\/produit\\\/agnes-xavier-amirault-st-nicolas-de-bourgueuil-les-quarterons-rouge\\\/\",\"url\":\"https:\\\/\\\/www.ivinio.com\\\/fr\\\/produit\\\/agnes-xavier-amirault-st-nicolas-de-bourgueuil-les-quarterons-rouge\\\/\",\"name\":\"Agn\u00e8s & Xavier Amirault - St-Nicolas-de-Bourgueuil - \\\"Les Quarterons\\\" - Rouge\",\"isPartOf\":{\"@id\":\"https:\\\/\\\/www.ivinio.com\\\/fr\\\/#website\"},\"primaryImageOfPage\":{\"@id\":\"https:\\\/\\\/www.ivinio.com\\\/fr\\\/produit\\\/agnes-xavier-amirault-st-nicolas-de-bourgueuil-les-quarterons-rouge\\\/#primaryimage\"},\"image\":{\"@id\":\"https:\\\/\\\/www.ivinio.com\\\/fr\\\/produit\\\/agnes-xavier-amirault-st-nicolas-de-bourgueuil-les-quarterons-rouge\\\/#primaryimage\"},\"thumbnailUrl\":\"https:\\\/\\\/www.ivinio.com\\\/wp-content\\\/uploads\\\/nc\\\/public\\\/modules\\\/file\\\/pictures\\\/4900.amiraultstnicolasbis500x500.jpg\",\"datePublished\":\"2014-06-25T23:44:35+00:00\",\"dateModified\":\"2025-08-25T16:55:31+00:00\",\"description\":\"Agn\u00e8s & Xavier Amirault - St-Nicolas-de-Bourgueuil - \\\"Les Quarterons\\\" - Rouge bio 100% Cabernet Franc. L\u00e9ger de Loire parfait pour un barbecue ou poissons.\",\"breadcrumb\":{\"@id\":\"https:\\\/\\\/www.ivinio.com\\\/fr\\\/produit\\\/agnes-xavier-amirault-st-nicolas-de-bourgueuil-les-quarterons-rouge\\\/#breadcrumb\"},\"inLanguage\":\"fr-FR\",\"potentialAction\":[{\"@type\":\"ReadAction\",\"target\":[\"https:\\\/\\\/www.ivinio.com\\\/fr\\\/produit\\\/agnes-xavier-amirault-st-nicolas-de-bourgueuil-les-quarterons-rouge\\\/\"]}]},{\"@type\":\"ImageObject\",\"inLanguage\":\"fr-FR\",\"@id\":\"https:\\\/\\\/www.ivinio.com\\\/fr\\\/produit\\\/agnes-xavier-amirault-st-nicolas-de-bourgueuil-les-quarterons-rouge\\\/#primaryimage\",\"url\":\"https:\\\/\\\/www.ivinio.com\\\/wp-content\\\/uploads\\\/nc\\\/public\\\/modules\\\/file\\\/pictures\\\/4900.amiraultstnicolasbis500x500.jpg\",\"contentUrl\":\"https:\\\/\\\/www.ivinio.com\\\/wp-content\\\/uploads\\\/nc\\\/public\\\/modules\\\/file\\\/pictures\\\/4900.amiraultstnicolasbis500x500.jpg\",\"width\":500,\"height\":500},{\"@type\":\"BreadcrumbList\",\"@id\":\"https:\\\/\\\/www.ivinio.com\\\/fr\\\/produit\\\/agnes-xavier-amirault-st-nicolas-de-bourgueuil-les-quarterons-rouge\\\/#breadcrumb\",\"itemListElement\":[{\"@type\":\"ListItem\",\"position\":1,\"name\":\"Home\",\"item\":\"https:\\\/\\\/www.ivinio.com\\\/fr\\\/\"},{\"@type\":\"ListItem\",\"position\":2,\"name\":\"Boutique de vin\",\"item\":\"https:\\\/\\\/www.ivinio.com\\\/fr\\\/boutique-de-vin\\\/\"},{\"@type\":\"ListItem\",\"position\":3,\"name\":\"Agn\u00e8s &#038; Xavier Amirault &#8211; St-Nicolas-de-Bourgueuil &#8211; &#8220;Les Quarterons&#8221; &#8211; Rouge\"}]},{\"@type\":\"WebSite\",\"@id\":\"https:\\\/\\\/www.ivinio.com\\\/fr\\\/#website\",\"url\":\"https:\\\/\\\/www.ivinio.com\\\/fr\\\/\",\"name\":\"IVINIO Caviste\",\"description\":\"Vins de France et d&#039;Italie avec livraison \u00e0 domicile\",\"publisher\":{\"@id\":\"https:\\\/\\\/www.ivinio.com\\\/fr\\\/#organization\"},\"potentialAction\":[{\"@type\":\"SearchAction\",\"target\":{\"@type\":\"EntryPoint\",\"urlTemplate\":\"https:\\\/\\\/www.ivinio.com\\\/fr\\\/?s={search_term_string}\"},\"query-input\":{\"@type\":\"PropertyValueSpecification\",\"valueRequired\":true,\"valueName\":\"search_term_string\"}}],\"inLanguage\":\"fr-FR\"},{\"@type\":\"Organization\",\"@id\":\"https:\\\/\\\/www.ivinio.com\\\/fr\\\/#organization\",\"name\":\"IVINIO\",\"url\":\"https:\\\/\\\/www.ivinio.com\\\/fr\\\/\",\"logo\":{\"@type\":\"ImageObject\",\"inLanguage\":\"fr-FR\",\"@id\":\"https:\\\/\\\/www.ivinio.com\\\/fr\\\/#\\\/schema\\\/logo\\\/image\\\/\",\"url\":\"https:\\\/\\\/www.ivinio.com\\\/wp-content\\\/uploads\\\/2021\\\/01\\\/Logo-Ivinio-v2.jpg\",\"contentUrl\":\"https:\\\/\\\/www.ivinio.com\\\/wp-content\\\/uploads\\\/2021\\\/01\\\/Logo-Ivinio-v2.jpg\",\"width\":1194,\"height\":1194,\"caption\":\"IVINIO\"},\"image\":{\"@id\":\"https:\\\/\\\/www.ivinio.com\\\/fr\\\/#\\\/schema\\\/logo\\\/image\\\/\"},\"sameAs\":[\"https:\\\/\\\/www.facebook.com\\\/groups\\\/165217837022391\\\/?ref=bookmarks\",\"https:\\\/\\\/www.instagram.com\\\/_ivinio_\\\/?hl=fr\"]}]}<\/script>\n<!-- \/ Yoast SEO plugin. -->","yoast_head_json":{"title":"Agn\u00e8s & Xavier Amirault - St-Nicolas-de-Bourgueuil - \"Les Quarterons\" - Rouge","description":"Agn\u00e8s & Xavier Amirault - St-Nicolas-de-Bourgueuil - \"Les Quarterons\" - Rouge bio 100% Cabernet Franc. L\u00e9ger de Loire parfait pour un barbecue ou poissons.","robots":{"index":"index","follow":"follow","max-snippet":"max-snippet:-1","max-image-preview":"max-image-preview:large","max-video-preview":"max-video-preview:-1"},"canonical":"https:\/\/www.ivinio.com\/fr\/produit\/agnes-xavier-amirault-st-nicolas-de-bourgueuil-les-quarterons-rouge\/","og_locale":"fr_FR","og_type":"article","og_title":"Agn\u00e8s & Xavier Amirault - St-Nicolas-de-Bourgueuil - \"Les Quarterons\" - Rouge","og_description":"Agn\u00e8s & Xavier Amirault - St-Nicolas-de-Bourgueuil - \"Les Quarterons\" - Rouge bio 100% Cabernet Franc. L\u00e9ger de Loire parfait pour un barbecue ou poissons.","og_url":"https:\/\/www.ivinio.com\/fr\/produit\/agnes-xavier-amirault-st-nicolas-de-bourgueuil-les-quarterons-rouge\/","og_site_name":"IVINIO Caviste","article_publisher":"https:\/\/www.facebook.com\/groups\/165217837022391\/?ref=bookmarks","article_modified_time":"2025-08-25T16:55:31+00:00","og_image":[{"width":500,"height":500,"url":"https:\/\/www.ivinio.com\/wp-content\/uploads\/nc\/public\/modules\/file\/pictures\/4900.amiraultstnicolasbis500x500.jpg","type":"image\/jpeg"}],"twitter_card":"summary_large_image","twitter_misc":{"Dur\u00e9e de lecture estim\u00e9e":"1 minute"},"schema":{"@context":"https:\/\/schema.org","@graph":[{"@type":"WebPage","@id":"https:\/\/www.ivinio.com\/fr\/produit\/agnes-xavier-amirault-st-nicolas-de-bourgueuil-les-quarterons-rouge\/","url":"https:\/\/www.ivinio.com\/fr\/produit\/agnes-xavier-amirault-st-nicolas-de-bourgueuil-les-quarterons-rouge\/","name":"Agn\u00e8s & Xavier Amirault - St-Nicolas-de-Bourgueuil - \"Les Quarterons\" - Rouge","isPartOf":{"@id":"https:\/\/www.ivinio.com\/fr\/#website"},"primaryImageOfPage":{"@id":"https:\/\/www.ivinio.com\/fr\/produit\/agnes-xavier-amirault-st-nicolas-de-bourgueuil-les-quarterons-rouge\/#primaryimage"},"image":{"@id":"https:\/\/www.ivinio.com\/fr\/produit\/agnes-xavier-amirault-st-nicolas-de-bourgueuil-les-quarterons-rouge\/#primaryimage"},"thumbnailUrl":"https:\/\/www.ivinio.com\/wp-content\/uploads\/nc\/public\/modules\/file\/pictures\/4900.amiraultstnicolasbis500x500.jpg","datePublished":"2014-06-25T23:44:35+00:00","dateModified":"2025-08-25T16:55:31+00:00","description":"Agn\u00e8s & Xavier Amirault - St-Nicolas-de-Bourgueuil - \"Les Quarterons\" - Rouge bio 100% Cabernet Franc. L\u00e9ger de Loire parfait pour un barbecue ou poissons.","breadcrumb":{"@id":"https:\/\/www.ivinio.com\/fr\/produit\/agnes-xavier-amirault-st-nicolas-de-bourgueuil-les-quarterons-rouge\/#breadcrumb"},"inLanguage":"fr-FR","potentialAction":[{"@type":"ReadAction","target":["https:\/\/www.ivinio.com\/fr\/produit\/agnes-xavier-amirault-st-nicolas-de-bourgueuil-les-quarterons-rouge\/"]}]},{"@type":"ImageObject","inLanguage":"fr-FR","@id":"https:\/\/www.ivinio.com\/fr\/produit\/agnes-xavier-amirault-st-nicolas-de-bourgueuil-les-quarterons-rouge\/#primaryimage","url":"https:\/\/www.ivinio.com\/wp-content\/uploads\/nc\/public\/modules\/file\/pictures\/4900.amiraultstnicolasbis500x500.jpg","contentUrl":"https:\/\/www.ivinio.com\/wp-content\/uploads\/nc\/public\/modules\/file\/pictures\/4900.amiraultstnicolasbis500x500.jpg","width":500,"height":500},{"@type":"BreadcrumbList","@id":"https:\/\/www.ivinio.com\/fr\/produit\/agnes-xavier-amirault-st-nicolas-de-bourgueuil-les-quarterons-rouge\/#breadcrumb","itemListElement":[{"@type":"ListItem","position":1,"name":"Home","item":"https:\/\/www.ivinio.com\/fr\/"},{"@type":"ListItem","position":2,"name":"Boutique de vin","item":"https:\/\/www.ivinio.com\/fr\/boutique-de-vin\/"},{"@type":"ListItem","position":3,"name":"Agn\u00e8s &#038; Xavier Amirault &#8211; St-Nicolas-de-Bourgueuil &#8211; &#8220;Les Quarterons&#8221; &#8211; Rouge"}]},{"@type":"WebSite","@id":"https:\/\/www.ivinio.com\/fr\/#website","url":"https:\/\/www.ivinio.com\/fr\/","name":"IVINIO Caviste","description":"Vins de France et d&#039;Italie avec livraison \u00e0 domicile","publisher":{"@id":"https:\/\/www.ivinio.com\/fr\/#organization"},"potentialAction":[{"@type":"SearchAction","target":{"@type":"EntryPoint","urlTemplate":"https:\/\/www.ivinio.com\/fr\/?s={search_term_string}"},"query-input":{"@type":"PropertyValueSpecification","valueRequired":true,"valueName":"search_term_string"}}],"inLanguage":"fr-FR"},{"@type":"Organization","@id":"https:\/\/www.ivinio.com\/fr\/#organization","name":"IVINIO","url":"https:\/\/www.ivinio.com\/fr\/","logo":{"@type":"ImageObject","inLanguage":"fr-FR","@id":"https:\/\/www.ivinio.com\/fr\/#\/schema\/logo\/image\/","url":"https:\/\/www.ivinio.com\/wp-content\/uploads\/2021\/01\/Logo-Ivinio-v2.jpg","contentUrl":"https:\/\/www.ivinio.com\/wp-content\/uploads\/2021\/01\/Logo-Ivinio-v2.jpg","width":1194,"height":1194,"caption":"IVINIO"},"image":{"@id":"https:\/\/www.ivinio.com\/fr\/#\/schema\/logo\/image\/"},"sameAs":["https:\/\/www.facebook.com\/groups\/165217837022391\/?ref=bookmarks","https:\/\/www.instagram.com\/_ivinio_\/?hl=fr"]}]}},"jetpack_sharing_enabled":true,"_links":{"self":[{"href":"https:\/\/www.ivinio.com\/fr\/wp-json\/wp\/v2\/product\/118059","targetHints":{"allow":["GET"]}}],"collection":[{"href":"https:\/\/www.ivinio.com\/fr\/wp-json\/wp\/v2\/product"}],"about":[{"href":"https:\/\/www.ivinio.com\/fr\/wp-json\/wp\/v2\/types\/product"}],"replies":[{"embeddable":true,"href":"https:\/\/www.ivinio.com\/fr\/wp-json\/wp\/v2\/comments?post=118059"}],"wp:featuredmedia":[{"embeddable":true,"href":"https:\/\/www.ivinio.com\/fr\/wp-json\/wp\/v2\/media\/118062"}],"wp:attachment":[{"href":"https:\/\/www.ivinio.com\/fr\/wp-json\/wp\/v2\/media?parent=118059"}],"wp:term":[{"taxonomy":"product_brand","embeddable":true,"href":"https:\/\/www.ivinio.com\/fr\/wp-json\/wp\/v2\/product_brand?post=118059"},{"taxonomy":"product_cat","embeddable":true,"href":"https:\/\/www.ivinio.com\/fr\/wp-json\/wp\/v2\/product_cat?post=118059"},{"taxonomy":"product_tag","embeddable":true,"href":"https:\/\/www.ivinio.com\/fr\/wp-json\/wp\/v2\/product_tag?post=118059"}],"curies":[{"name":"wp","href":"https:\/\/api.w.org\/{rel}","templated":true}]}}