{"id":118028,"date":"2014-05-21T10:20:34","date_gmt":"2014-05-21T08:20:34","guid":{"rendered":"https:\/\/henrik.www.ivinio.com\/?product=chateau-la-mascaronne-quat-saisons-rose"},"modified":"2026-04-14T19:29:18","modified_gmt":"2026-04-14T17:29:18","slug":"chateau-la-mascaronne-quat-saisons-rose","status":"publish","type":"product","link":"https:\/\/www.ivinio.com\/fr\/produit\/chateau-la-mascaronne-quat-saisons-rose\/","title":{"rendered":"Ch\u00e2teau la Mascaronne &#8211; Ros\u00e9"},"content":{"rendered":"<p>Ch\u00e2teau la Mascaronne &#8211; Ros\u00e9 de qualit\u00e9, rose clair de Provence, compos\u00e9 de Cinsault et Grenache, mais aussi de Syrah, Rolle et Mourv\u00e8dre cultiv\u00e9s sur un sol calcaire. Les raisins sont vendang\u00e9s \u00e0 la main et la philosophie du domaine est de limiter la production (40 hectolitres\/hectare) pour la vinification de seuls les meilleurs raisins. L&#8217;agriculture est biologique.<\/p>\n","protected":false},"excerpt":{"rendered":"<p>Ch\u00e2teau La Mascaronne est un vin ros\u00e9 l\u00e9ger et fruit\u00e9 aux notes aromatiques de p\u00eache et d&#8217;agrumes.<\/p>\n","protected":false},"featured_media":136173,"comment_status":"open","ping_status":"closed","template":"","meta":{"_monsterinsights_skip_tracking":false,"_monsterinsights_sitenote_active":false,"_monsterinsights_sitenote_note":"","_monsterinsights_sitenote_category":0,"_uf_show_specific_survey":0,"_uf_disable_surveys":false},"product_brand":[],"product_cat":[36622,36586],"product_tag":[],"class_list":{"0":"post-118028","1":"product","2":"type-product","3":"status-publish","4":"has-post-thumbnail","6":"product_cat-fr-provence","7":"product_cat-vins-francais","8":"pa_alcohol-degree-13-5","9":"pa_classification-aop-cotes-de-provence-fr","10":"pa_color-rose-fr","11":"pa_country-france-fr","12":"pa_grape-variety-cinsault-fr","13":"pa_grape-variety-grenache-fr","14":"pa_grape-variety-mourvedre-fr","15":"pa_grape-variety-rolle-aussi-appele-vermentino-fr","16":"pa_grape-variety-syrah-fr","17":"pa_region-provence-fr","18":"pa_storage-potential-5-ans-fr","19":"pa_volume-75-cl-fr","21":"first","22":"instock","23":"taxable","24":"shipping-taxable","25":"purchasable","26":"product-type-simple"},"bundled_by":["119559","136180"],"bundle_stock_status":"instock","bundle_stock_quantity":null,"bundle_virtual":false,"bundle_layout":"","bundle_add_to_cart_form_location":"","bundle_editable_in_cart":false,"bundle_sold_individually_context":"","bundle_item_grouping":"","bundle_min_size":"","bundle_max_size":"","bundle_price":[],"bundled_items":[],"bundle_sell_ids":[],"yoast_head":"<!-- This site is optimized with the Yoast SEO plugin v27.4 - https:\/\/yoast.com\/product\/yoast-seo-wordpress\/ -->\n<title>Ch\u00e2teau la Mascaronne - Ros\u00e9 - IVINIO Caviste<\/title>\n<meta name=\"description\" content=\"Ch\u00e2teau la Mascaronne - Ros\u00e9. Nez intense de p\u00eache et d&#039;agrumes. Belle profondeur de saveur avec des ar\u00f4mes de fruits \u00e9l\u00e9gants.\" \/>\n<meta name=\"robots\" content=\"index, follow, max-snippet:-1, max-image-preview:large, max-video-preview:-1\" \/>\n<link rel=\"canonical\" href=\"https:\/\/www.ivinio.com\/fr\/produit\/chateau-la-mascaronne-quat-saisons-rose\/\" \/>\n<meta property=\"og:locale\" content=\"fr_FR\" \/>\n<meta property=\"og:type\" content=\"article\" \/>\n<meta property=\"og:title\" content=\"Ch\u00e2teau la Mascaronne - Ros\u00e9 - IVINIO Caviste\" \/>\n<meta property=\"og:description\" content=\"Ch\u00e2teau la Mascaronne - Ros\u00e9. Nez intense de p\u00eache et d&#039;agrumes. Belle profondeur de saveur avec des ar\u00f4mes de fruits \u00e9l\u00e9gants.\" \/>\n<meta property=\"og:url\" content=\"https:\/\/www.ivinio.com\/fr\/produit\/chateau-la-mascaronne-quat-saisons-rose\/\" \/>\n<meta property=\"og:site_name\" content=\"IVINIO Caviste\" \/>\n<meta property=\"article:publisher\" content=\"https:\/\/www.facebook.com\/groups\/165217837022391\/?ref=bookmarks\" \/>\n<meta property=\"article:modified_time\" content=\"2026-04-14T17:29:18+00:00\" \/>\n<meta property=\"og:image\" content=\"https:\/\/www.ivinio.com\/wp-content\/uploads\/2024\/10\/Chateau-la-mascaronne-rose-IVINIO.jpg\" \/>\n\t<meta property=\"og:image:width\" content=\"500\" \/>\n\t<meta property=\"og:image:height\" content=\"500\" \/>\n\t<meta property=\"og:image:type\" content=\"image\/jpeg\" \/>\n<meta name=\"twitter:card\" content=\"summary_large_image\" \/>\n<meta name=\"twitter:label1\" content=\"Dur\u00e9e de lecture estim\u00e9e\" \/>\n\t<meta name=\"twitter:data1\" content=\"1 minute\" \/>\n<script type=\"application\/ld+json\" class=\"yoast-schema-graph\">{\"@context\":\"https:\\\/\\\/schema.org\",\"@graph\":[{\"@type\":\"WebPage\",\"@id\":\"https:\\\/\\\/www.ivinio.com\\\/fr\\\/produit\\\/chateau-la-mascaronne-quat-saisons-rose\\\/\",\"url\":\"https:\\\/\\\/www.ivinio.com\\\/fr\\\/produit\\\/chateau-la-mascaronne-quat-saisons-rose\\\/\",\"name\":\"Ch\u00e2teau la Mascaronne - Ros\u00e9 - IVINIO Caviste\",\"isPartOf\":{\"@id\":\"https:\\\/\\\/www.ivinio.com\\\/fr\\\/#website\"},\"primaryImageOfPage\":{\"@id\":\"https:\\\/\\\/www.ivinio.com\\\/fr\\\/produit\\\/chateau-la-mascaronne-quat-saisons-rose\\\/#primaryimage\"},\"image\":{\"@id\":\"https:\\\/\\\/www.ivinio.com\\\/fr\\\/produit\\\/chateau-la-mascaronne-quat-saisons-rose\\\/#primaryimage\"},\"thumbnailUrl\":\"https:\\\/\\\/www.ivinio.com\\\/wp-content\\\/uploads\\\/2024\\\/10\\\/Chateau-la-mascaronne-rose-IVINIO.jpg\",\"datePublished\":\"2014-05-21T08:20:34+00:00\",\"dateModified\":\"2026-04-14T17:29:18+00:00\",\"description\":\"Ch\u00e2teau la Mascaronne - Ros\u00e9. Nez intense de p\u00eache et d'agrumes. Belle profondeur de saveur avec des ar\u00f4mes de fruits \u00e9l\u00e9gants.\",\"breadcrumb\":{\"@id\":\"https:\\\/\\\/www.ivinio.com\\\/fr\\\/produit\\\/chateau-la-mascaronne-quat-saisons-rose\\\/#breadcrumb\"},\"inLanguage\":\"fr-FR\",\"potentialAction\":[{\"@type\":\"ReadAction\",\"target\":[\"https:\\\/\\\/www.ivinio.com\\\/fr\\\/produit\\\/chateau-la-mascaronne-quat-saisons-rose\\\/\"]}]},{\"@type\":\"ImageObject\",\"inLanguage\":\"fr-FR\",\"@id\":\"https:\\\/\\\/www.ivinio.com\\\/fr\\\/produit\\\/chateau-la-mascaronne-quat-saisons-rose\\\/#primaryimage\",\"url\":\"https:\\\/\\\/www.ivinio.com\\\/wp-content\\\/uploads\\\/2024\\\/10\\\/Chateau-la-mascaronne-rose-IVINIO.jpg\",\"contentUrl\":\"https:\\\/\\\/www.ivinio.com\\\/wp-content\\\/uploads\\\/2024\\\/10\\\/Chateau-la-mascaronne-rose-IVINIO.jpg\",\"width\":500,\"height\":500},{\"@type\":\"BreadcrumbList\",\"@id\":\"https:\\\/\\\/www.ivinio.com\\\/fr\\\/produit\\\/chateau-la-mascaronne-quat-saisons-rose\\\/#breadcrumb\",\"itemListElement\":[{\"@type\":\"ListItem\",\"position\":1,\"name\":\"Home\",\"item\":\"https:\\\/\\\/www.ivinio.com\\\/fr\\\/\"},{\"@type\":\"ListItem\",\"position\":2,\"name\":\"Boutique de vin\",\"item\":\"https:\\\/\\\/www.ivinio.com\\\/fr\\\/boutique-de-vin\\\/\"},{\"@type\":\"ListItem\",\"position\":3,\"name\":\"Ch\u00e2teau la Mascaronne &#8211; Ros\u00e9\"}]},{\"@type\":\"WebSite\",\"@id\":\"https:\\\/\\\/www.ivinio.com\\\/fr\\\/#website\",\"url\":\"https:\\\/\\\/www.ivinio.com\\\/fr\\\/\",\"name\":\"IVINIO Caviste\",\"description\":\"Vins de France et d&#039;Italie avec livraison \u00e0 domicile\",\"publisher\":{\"@id\":\"https:\\\/\\\/www.ivinio.com\\\/fr\\\/#organization\"},\"potentialAction\":[{\"@type\":\"SearchAction\",\"target\":{\"@type\":\"EntryPoint\",\"urlTemplate\":\"https:\\\/\\\/www.ivinio.com\\\/fr\\\/?s={search_term_string}\"},\"query-input\":{\"@type\":\"PropertyValueSpecification\",\"valueRequired\":true,\"valueName\":\"search_term_string\"}}],\"inLanguage\":\"fr-FR\"},{\"@type\":\"Organization\",\"@id\":\"https:\\\/\\\/www.ivinio.com\\\/fr\\\/#organization\",\"name\":\"IVINIO\",\"url\":\"https:\\\/\\\/www.ivinio.com\\\/fr\\\/\",\"logo\":{\"@type\":\"ImageObject\",\"inLanguage\":\"fr-FR\",\"@id\":\"https:\\\/\\\/www.ivinio.com\\\/fr\\\/#\\\/schema\\\/logo\\\/image\\\/\",\"url\":\"https:\\\/\\\/www.ivinio.com\\\/wp-content\\\/uploads\\\/2021\\\/01\\\/Logo-Ivinio-v2.jpg\",\"contentUrl\":\"https:\\\/\\\/www.ivinio.com\\\/wp-content\\\/uploads\\\/2021\\\/01\\\/Logo-Ivinio-v2.jpg\",\"width\":1194,\"height\":1194,\"caption\":\"IVINIO\"},\"image\":{\"@id\":\"https:\\\/\\\/www.ivinio.com\\\/fr\\\/#\\\/schema\\\/logo\\\/image\\\/\"},\"sameAs\":[\"https:\\\/\\\/www.facebook.com\\\/groups\\\/165217837022391\\\/?ref=bookmarks\",\"https:\\\/\\\/www.instagram.com\\\/_ivinio_\\\/?hl=fr\"]}]}<\/script>\n<!-- \/ Yoast SEO plugin. -->","yoast_head_json":{"title":"Ch\u00e2teau la Mascaronne - Ros\u00e9 - IVINIO Caviste","description":"Ch\u00e2teau la Mascaronne - Ros\u00e9. Nez intense de p\u00eache et d'agrumes. Belle profondeur de saveur avec des ar\u00f4mes de fruits \u00e9l\u00e9gants.","robots":{"index":"index","follow":"follow","max-snippet":"max-snippet:-1","max-image-preview":"max-image-preview:large","max-video-preview":"max-video-preview:-1"},"canonical":"https:\/\/www.ivinio.com\/fr\/produit\/chateau-la-mascaronne-quat-saisons-rose\/","og_locale":"fr_FR","og_type":"article","og_title":"Ch\u00e2teau la Mascaronne - Ros\u00e9 - IVINIO Caviste","og_description":"Ch\u00e2teau la Mascaronne - Ros\u00e9. Nez intense de p\u00eache et d'agrumes. Belle profondeur de saveur avec des ar\u00f4mes de fruits \u00e9l\u00e9gants.","og_url":"https:\/\/www.ivinio.com\/fr\/produit\/chateau-la-mascaronne-quat-saisons-rose\/","og_site_name":"IVINIO Caviste","article_publisher":"https:\/\/www.facebook.com\/groups\/165217837022391\/?ref=bookmarks","article_modified_time":"2026-04-14T17:29:18+00:00","og_image":[{"width":500,"height":500,"url":"https:\/\/www.ivinio.com\/wp-content\/uploads\/2024\/10\/Chateau-la-mascaronne-rose-IVINIO.jpg","type":"image\/jpeg"}],"twitter_card":"summary_large_image","twitter_misc":{"Dur\u00e9e de lecture estim\u00e9e":"1 minute"},"schema":{"@context":"https:\/\/schema.org","@graph":[{"@type":"WebPage","@id":"https:\/\/www.ivinio.com\/fr\/produit\/chateau-la-mascaronne-quat-saisons-rose\/","url":"https:\/\/www.ivinio.com\/fr\/produit\/chateau-la-mascaronne-quat-saisons-rose\/","name":"Ch\u00e2teau la Mascaronne - Ros\u00e9 - IVINIO Caviste","isPartOf":{"@id":"https:\/\/www.ivinio.com\/fr\/#website"},"primaryImageOfPage":{"@id":"https:\/\/www.ivinio.com\/fr\/produit\/chateau-la-mascaronne-quat-saisons-rose\/#primaryimage"},"image":{"@id":"https:\/\/www.ivinio.com\/fr\/produit\/chateau-la-mascaronne-quat-saisons-rose\/#primaryimage"},"thumbnailUrl":"https:\/\/www.ivinio.com\/wp-content\/uploads\/2024\/10\/Chateau-la-mascaronne-rose-IVINIO.jpg","datePublished":"2014-05-21T08:20:34+00:00","dateModified":"2026-04-14T17:29:18+00:00","description":"Ch\u00e2teau la Mascaronne - Ros\u00e9. Nez intense de p\u00eache et d'agrumes. Belle profondeur de saveur avec des ar\u00f4mes de fruits \u00e9l\u00e9gants.","breadcrumb":{"@id":"https:\/\/www.ivinio.com\/fr\/produit\/chateau-la-mascaronne-quat-saisons-rose\/#breadcrumb"},"inLanguage":"fr-FR","potentialAction":[{"@type":"ReadAction","target":["https:\/\/www.ivinio.com\/fr\/produit\/chateau-la-mascaronne-quat-saisons-rose\/"]}]},{"@type":"ImageObject","inLanguage":"fr-FR","@id":"https:\/\/www.ivinio.com\/fr\/produit\/chateau-la-mascaronne-quat-saisons-rose\/#primaryimage","url":"https:\/\/www.ivinio.com\/wp-content\/uploads\/2024\/10\/Chateau-la-mascaronne-rose-IVINIO.jpg","contentUrl":"https:\/\/www.ivinio.com\/wp-content\/uploads\/2024\/10\/Chateau-la-mascaronne-rose-IVINIO.jpg","width":500,"height":500},{"@type":"BreadcrumbList","@id":"https:\/\/www.ivinio.com\/fr\/produit\/chateau-la-mascaronne-quat-saisons-rose\/#breadcrumb","itemListElement":[{"@type":"ListItem","position":1,"name":"Home","item":"https:\/\/www.ivinio.com\/fr\/"},{"@type":"ListItem","position":2,"name":"Boutique de vin","item":"https:\/\/www.ivinio.com\/fr\/boutique-de-vin\/"},{"@type":"ListItem","position":3,"name":"Ch\u00e2teau la Mascaronne &#8211; Ros\u00e9"}]},{"@type":"WebSite","@id":"https:\/\/www.ivinio.com\/fr\/#website","url":"https:\/\/www.ivinio.com\/fr\/","name":"IVINIO Caviste","description":"Vins de France et d&#039;Italie avec livraison \u00e0 domicile","publisher":{"@id":"https:\/\/www.ivinio.com\/fr\/#organization"},"potentialAction":[{"@type":"SearchAction","target":{"@type":"EntryPoint","urlTemplate":"https:\/\/www.ivinio.com\/fr\/?s={search_term_string}"},"query-input":{"@type":"PropertyValueSpecification","valueRequired":true,"valueName":"search_term_string"}}],"inLanguage":"fr-FR"},{"@type":"Organization","@id":"https:\/\/www.ivinio.com\/fr\/#organization","name":"IVINIO","url":"https:\/\/www.ivinio.com\/fr\/","logo":{"@type":"ImageObject","inLanguage":"fr-FR","@id":"https:\/\/www.ivinio.com\/fr\/#\/schema\/logo\/image\/","url":"https:\/\/www.ivinio.com\/wp-content\/uploads\/2021\/01\/Logo-Ivinio-v2.jpg","contentUrl":"https:\/\/www.ivinio.com\/wp-content\/uploads\/2021\/01\/Logo-Ivinio-v2.jpg","width":1194,"height":1194,"caption":"IVINIO"},"image":{"@id":"https:\/\/www.ivinio.com\/fr\/#\/schema\/logo\/image\/"},"sameAs":["https:\/\/www.facebook.com\/groups\/165217837022391\/?ref=bookmarks","https:\/\/www.instagram.com\/_ivinio_\/?hl=fr"]}]}},"jetpack_sharing_enabled":true,"_links":{"self":[{"href":"https:\/\/www.ivinio.com\/fr\/wp-json\/wp\/v2\/product\/118028","targetHints":{"allow":["GET"]}}],"collection":[{"href":"https:\/\/www.ivinio.com\/fr\/wp-json\/wp\/v2\/product"}],"about":[{"href":"https:\/\/www.ivinio.com\/fr\/wp-json\/wp\/v2\/types\/product"}],"replies":[{"embeddable":true,"href":"https:\/\/www.ivinio.com\/fr\/wp-json\/wp\/v2\/comments?post=118028"}],"wp:featuredmedia":[{"embeddable":true,"href":"https:\/\/www.ivinio.com\/fr\/wp-json\/wp\/v2\/media\/136173"}],"wp:attachment":[{"href":"https:\/\/www.ivinio.com\/fr\/wp-json\/wp\/v2\/media?parent=118028"}],"wp:term":[{"taxonomy":"product_brand","embeddable":true,"href":"https:\/\/www.ivinio.com\/fr\/wp-json\/wp\/v2\/product_brand?post=118028"},{"taxonomy":"product_cat","embeddable":true,"href":"https:\/\/www.ivinio.com\/fr\/wp-json\/wp\/v2\/product_cat?post=118028"},{"taxonomy":"product_tag","embeddable":true,"href":"https:\/\/www.ivinio.com\/fr\/wp-json\/wp\/v2\/product_tag?post=118028"}],"curies":[{"name":"wp","href":"https:\/\/api.w.org\/{rel}","templated":true}]}}