{"id":118022,"date":"2014-05-21T10:20:34","date_gmt":"2014-05-21T10:20:34","guid":{"rendered":"https:\/\/henrik.www.ivinio.com\/?product=daldin-mesai-prosecco-doc-treviso-extradry-blanc-mousseux"},"modified":"2026-02-17T19:40:15","modified_gmt":"2026-02-17T18:40:15","slug":"daldin-mesai-prosecco-doc-treviso-extradry-blanc-mousseux","status":"publish","type":"product","link":"https:\/\/www.ivinio.com\/fr\/produit\/daldin-mesai-prosecco-doc-treviso-extradry-blanc-mousseux\/","title":{"rendered":"Dal din Mesai Brut Prosecco DOC Treviso &#8211; mousseux"},"content":{"rendered":"<p>Le Dal din Mesai Brut Prosecco DOC Treviso &#8211; mousseux est 100% du c\u00e9page Glera, cultiv\u00e9 sur les collines autour de Valdobbiadene et Conegliano. Les grappes sont \u00a0r\u00e9colt\u00e9es fin Septembre d\u00e9but Octobre. Ils utilisent la m\u00e9thode traditionnelle avec la seule diff\u00e9rence que les bulles de vin sont produites dans la cuve d&#8217;acier sous pression et pas dans la bouteille.<\/p>\n","protected":false},"excerpt":{"rendered":"<p>Dal din Mesai Brut Prosecco DOC Treviso &#8211; mousseux est sec et aromatique des collines alentours de Valdobbiadene et Conegliano.<\/p>\n<p>&nbsp;<\/p>\n","protected":false},"featured_media":130033,"comment_status":"open","ping_status":"closed","template":"","meta":{"_monsterinsights_skip_tracking":false,"_monsterinsights_sitenote_active":false,"_monsterinsights_sitenote_note":"","_monsterinsights_sitenote_category":0,"_uf_show_specific_survey":0,"_uf_disable_surveys":false},"product_brand":[],"product_cat":[36592,36589],"product_tag":[],"class_list":{"0":"post-118022","1":"product","2":"type-product","3":"status-publish","4":"has-post-thumbnail","6":"product_cat-fr-veneto-friuli","7":"product_cat-vins-italiens","8":"pa_alcohol-degree-11-fr","9":"pa_awards-falstaff-fr","10":"pa_classification-doc-prosecco-treviso-fr","11":"pa_color-mousseux-fr","12":"pa_country-italie-fr","13":"pa_grape-variety-glera-fr","14":"pa_region-veneto-fr","15":"pa_storage-potential-2-ans-fr","16":"pa_volume-75-cl-fr","18":"first","19":"instock","20":"taxable","21":"shipping-taxable","22":"purchasable","23":"product-type-simple"},"bundled_by":[],"bundle_stock_status":"instock","bundle_stock_quantity":null,"bundle_virtual":false,"bundle_layout":"","bundle_add_to_cart_form_location":"","bundle_editable_in_cart":false,"bundle_sold_individually_context":"","bundle_item_grouping":"","bundle_min_size":"","bundle_max_size":"","bundle_price":[],"bundled_items":[],"bundle_sell_ids":[],"yoast_head":"<!-- This site is optimized with the Yoast SEO plugin v27.4 - https:\/\/yoast.com\/product\/yoast-seo-wordpress\/ -->\n<title>Acheter Dal din Mesai Brut Prosecco DOC Treviso - mousseux - IVINIO Caviste<\/title>\n<meta name=\"description\" content=\"Dal din Mesai Brut Prosecco DOC Treviso - mousseux. Prosecco sec avec des ar\u00f4mes de pomme et poire. En ap\u00e9ritif, sur du poisson et de la volaille.\" \/>\n<meta name=\"robots\" content=\"index, follow, max-snippet:-1, max-image-preview:large, max-video-preview:-1\" \/>\n<link rel=\"canonical\" href=\"https:\/\/www.ivinio.com\/fr\/produit\/daldin-mesai-prosecco-doc-treviso-extradry-blanc-mousseux\/\" \/>\n<meta property=\"og:locale\" content=\"fr_FR\" \/>\n<meta property=\"og:type\" content=\"article\" \/>\n<meta property=\"og:title\" content=\"Acheter Dal din Mesai Brut Prosecco DOC Treviso - mousseux - IVINIO Caviste\" \/>\n<meta property=\"og:description\" content=\"Dal din Mesai Brut Prosecco DOC Treviso - mousseux. Prosecco sec avec des ar\u00f4mes de pomme et poire. En ap\u00e9ritif, sur du poisson et de la volaille.\" \/>\n<meta property=\"og:url\" content=\"https:\/\/www.ivinio.com\/fr\/produit\/daldin-mesai-prosecco-doc-treviso-extradry-blanc-mousseux\/\" \/>\n<meta property=\"og:site_name\" content=\"IVINIO Caviste\" \/>\n<meta property=\"article:publisher\" content=\"https:\/\/www.facebook.com\/groups\/165217837022391\/?ref=bookmarks\" \/>\n<meta property=\"article:modified_time\" content=\"2026-02-17T18:40:15+00:00\" \/>\n<meta property=\"og:image\" content=\"https:\/\/www.ivinio.com\/wp-content\/uploads\/nc\/public\/modules\/file\/pictures\/6276.daldin-mesai-prosecco-brut-ivinio.jpg\" \/>\n\t<meta property=\"og:image:width\" content=\"500\" \/>\n\t<meta property=\"og:image:height\" content=\"500\" \/>\n\t<meta property=\"og:image:type\" content=\"image\/jpeg\" \/>\n<meta name=\"twitter:card\" content=\"summary_large_image\" \/>\n<meta name=\"twitter:label1\" content=\"Dur\u00e9e de lecture estim\u00e9e\" \/>\n\t<meta name=\"twitter:data1\" content=\"1 minute\" \/>\n<script type=\"application\/ld+json\" class=\"yoast-schema-graph\">{\"@context\":\"https:\\\/\\\/schema.org\",\"@graph\":[{\"@type\":\"WebPage\",\"@id\":\"https:\\\/\\\/www.ivinio.com\\\/fr\\\/produit\\\/daldin-mesai-prosecco-doc-treviso-extradry-blanc-mousseux\\\/\",\"url\":\"https:\\\/\\\/www.ivinio.com\\\/fr\\\/produit\\\/daldin-mesai-prosecco-doc-treviso-extradry-blanc-mousseux\\\/\",\"name\":\"Acheter Dal din Mesai Brut Prosecco DOC Treviso - mousseux - IVINIO Caviste\",\"isPartOf\":{\"@id\":\"https:\\\/\\\/www.ivinio.com\\\/fr\\\/#website\"},\"primaryImageOfPage\":{\"@id\":\"https:\\\/\\\/www.ivinio.com\\\/fr\\\/produit\\\/daldin-mesai-prosecco-doc-treviso-extradry-blanc-mousseux\\\/#primaryimage\"},\"image\":{\"@id\":\"https:\\\/\\\/www.ivinio.com\\\/fr\\\/produit\\\/daldin-mesai-prosecco-doc-treviso-extradry-blanc-mousseux\\\/#primaryimage\"},\"thumbnailUrl\":\"https:\\\/\\\/www.ivinio.com\\\/wp-content\\\/uploads\\\/nc\\\/public\\\/modules\\\/file\\\/pictures\\\/6276.daldin-mesai-prosecco-brut-ivinio.jpg\",\"datePublished\":\"2014-05-21T10:20:34+00:00\",\"dateModified\":\"2026-02-17T18:40:15+00:00\",\"description\":\"Dal din Mesai Brut Prosecco DOC Treviso - mousseux. Prosecco sec avec des ar\u00f4mes de pomme et poire. En ap\u00e9ritif, sur du poisson et de la volaille.\",\"breadcrumb\":{\"@id\":\"https:\\\/\\\/www.ivinio.com\\\/fr\\\/produit\\\/daldin-mesai-prosecco-doc-treviso-extradry-blanc-mousseux\\\/#breadcrumb\"},\"inLanguage\":\"fr-FR\",\"potentialAction\":[{\"@type\":\"ReadAction\",\"target\":[\"https:\\\/\\\/www.ivinio.com\\\/fr\\\/produit\\\/daldin-mesai-prosecco-doc-treviso-extradry-blanc-mousseux\\\/\"]}]},{\"@type\":\"ImageObject\",\"inLanguage\":\"fr-FR\",\"@id\":\"https:\\\/\\\/www.ivinio.com\\\/fr\\\/produit\\\/daldin-mesai-prosecco-doc-treviso-extradry-blanc-mousseux\\\/#primaryimage\",\"url\":\"https:\\\/\\\/www.ivinio.com\\\/wp-content\\\/uploads\\\/nc\\\/public\\\/modules\\\/file\\\/pictures\\\/6276.daldin-mesai-prosecco-brut-ivinio.jpg\",\"contentUrl\":\"https:\\\/\\\/www.ivinio.com\\\/wp-content\\\/uploads\\\/nc\\\/public\\\/modules\\\/file\\\/pictures\\\/6276.daldin-mesai-prosecco-brut-ivinio.jpg\",\"width\":500,\"height\":500,\"caption\":\"Daldin Mesai Prosecco DOC Treviso Brut\"},{\"@type\":\"BreadcrumbList\",\"@id\":\"https:\\\/\\\/www.ivinio.com\\\/fr\\\/produit\\\/daldin-mesai-prosecco-doc-treviso-extradry-blanc-mousseux\\\/#breadcrumb\",\"itemListElement\":[{\"@type\":\"ListItem\",\"position\":1,\"name\":\"Home\",\"item\":\"https:\\\/\\\/www.ivinio.com\\\/fr\\\/\"},{\"@type\":\"ListItem\",\"position\":2,\"name\":\"Boutique de vin\",\"item\":\"https:\\\/\\\/www.ivinio.com\\\/fr\\\/boutique-de-vin\\\/\"},{\"@type\":\"ListItem\",\"position\":3,\"name\":\"Dal din Mesai Brut Prosecco DOC Treviso &#8211; mousseux\"}]},{\"@type\":\"WebSite\",\"@id\":\"https:\\\/\\\/www.ivinio.com\\\/fr\\\/#website\",\"url\":\"https:\\\/\\\/www.ivinio.com\\\/fr\\\/\",\"name\":\"IVINIO Caviste\",\"description\":\"Vins de France et d&#039;Italie avec livraison \u00e0 domicile\",\"publisher\":{\"@id\":\"https:\\\/\\\/www.ivinio.com\\\/fr\\\/#organization\"},\"potentialAction\":[{\"@type\":\"SearchAction\",\"target\":{\"@type\":\"EntryPoint\",\"urlTemplate\":\"https:\\\/\\\/www.ivinio.com\\\/fr\\\/?s={search_term_string}\"},\"query-input\":{\"@type\":\"PropertyValueSpecification\",\"valueRequired\":true,\"valueName\":\"search_term_string\"}}],\"inLanguage\":\"fr-FR\"},{\"@type\":\"Organization\",\"@id\":\"https:\\\/\\\/www.ivinio.com\\\/fr\\\/#organization\",\"name\":\"IVINIO\",\"url\":\"https:\\\/\\\/www.ivinio.com\\\/fr\\\/\",\"logo\":{\"@type\":\"ImageObject\",\"inLanguage\":\"fr-FR\",\"@id\":\"https:\\\/\\\/www.ivinio.com\\\/fr\\\/#\\\/schema\\\/logo\\\/image\\\/\",\"url\":\"https:\\\/\\\/www.ivinio.com\\\/wp-content\\\/uploads\\\/2021\\\/01\\\/Logo-Ivinio-v2.jpg\",\"contentUrl\":\"https:\\\/\\\/www.ivinio.com\\\/wp-content\\\/uploads\\\/2021\\\/01\\\/Logo-Ivinio-v2.jpg\",\"width\":1194,\"height\":1194,\"caption\":\"IVINIO\"},\"image\":{\"@id\":\"https:\\\/\\\/www.ivinio.com\\\/fr\\\/#\\\/schema\\\/logo\\\/image\\\/\"},\"sameAs\":[\"https:\\\/\\\/www.facebook.com\\\/groups\\\/165217837022391\\\/?ref=bookmarks\",\"https:\\\/\\\/www.instagram.com\\\/_ivinio_\\\/?hl=fr\"]}]}<\/script>\n<!-- \/ Yoast SEO plugin. -->","yoast_head_json":{"title":"Acheter Dal din Mesai Brut Prosecco DOC Treviso - mousseux - IVINIO Caviste","description":"Dal din Mesai Brut Prosecco DOC Treviso - mousseux. Prosecco sec avec des ar\u00f4mes de pomme et poire. En ap\u00e9ritif, sur du poisson et de la volaille.","robots":{"index":"index","follow":"follow","max-snippet":"max-snippet:-1","max-image-preview":"max-image-preview:large","max-video-preview":"max-video-preview:-1"},"canonical":"https:\/\/www.ivinio.com\/fr\/produit\/daldin-mesai-prosecco-doc-treviso-extradry-blanc-mousseux\/","og_locale":"fr_FR","og_type":"article","og_title":"Acheter Dal din Mesai Brut Prosecco DOC Treviso - mousseux - IVINIO Caviste","og_description":"Dal din Mesai Brut Prosecco DOC Treviso - mousseux. Prosecco sec avec des ar\u00f4mes de pomme et poire. En ap\u00e9ritif, sur du poisson et de la volaille.","og_url":"https:\/\/www.ivinio.com\/fr\/produit\/daldin-mesai-prosecco-doc-treviso-extradry-blanc-mousseux\/","og_site_name":"IVINIO Caviste","article_publisher":"https:\/\/www.facebook.com\/groups\/165217837022391\/?ref=bookmarks","article_modified_time":"2026-02-17T18:40:15+00:00","og_image":[{"width":500,"height":500,"url":"https:\/\/www.ivinio.com\/wp-content\/uploads\/nc\/public\/modules\/file\/pictures\/6276.daldin-mesai-prosecco-brut-ivinio.jpg","type":"image\/jpeg"}],"twitter_card":"summary_large_image","twitter_misc":{"Dur\u00e9e de lecture estim\u00e9e":"1 minute"},"schema":{"@context":"https:\/\/schema.org","@graph":[{"@type":"WebPage","@id":"https:\/\/www.ivinio.com\/fr\/produit\/daldin-mesai-prosecco-doc-treviso-extradry-blanc-mousseux\/","url":"https:\/\/www.ivinio.com\/fr\/produit\/daldin-mesai-prosecco-doc-treviso-extradry-blanc-mousseux\/","name":"Acheter Dal din Mesai Brut Prosecco DOC Treviso - mousseux - IVINIO Caviste","isPartOf":{"@id":"https:\/\/www.ivinio.com\/fr\/#website"},"primaryImageOfPage":{"@id":"https:\/\/www.ivinio.com\/fr\/produit\/daldin-mesai-prosecco-doc-treviso-extradry-blanc-mousseux\/#primaryimage"},"image":{"@id":"https:\/\/www.ivinio.com\/fr\/produit\/daldin-mesai-prosecco-doc-treviso-extradry-blanc-mousseux\/#primaryimage"},"thumbnailUrl":"https:\/\/www.ivinio.com\/wp-content\/uploads\/nc\/public\/modules\/file\/pictures\/6276.daldin-mesai-prosecco-brut-ivinio.jpg","datePublished":"2014-05-21T10:20:34+00:00","dateModified":"2026-02-17T18:40:15+00:00","description":"Dal din Mesai Brut Prosecco DOC Treviso - mousseux. Prosecco sec avec des ar\u00f4mes de pomme et poire. En ap\u00e9ritif, sur du poisson et de la volaille.","breadcrumb":{"@id":"https:\/\/www.ivinio.com\/fr\/produit\/daldin-mesai-prosecco-doc-treviso-extradry-blanc-mousseux\/#breadcrumb"},"inLanguage":"fr-FR","potentialAction":[{"@type":"ReadAction","target":["https:\/\/www.ivinio.com\/fr\/produit\/daldin-mesai-prosecco-doc-treviso-extradry-blanc-mousseux\/"]}]},{"@type":"ImageObject","inLanguage":"fr-FR","@id":"https:\/\/www.ivinio.com\/fr\/produit\/daldin-mesai-prosecco-doc-treviso-extradry-blanc-mousseux\/#primaryimage","url":"https:\/\/www.ivinio.com\/wp-content\/uploads\/nc\/public\/modules\/file\/pictures\/6276.daldin-mesai-prosecco-brut-ivinio.jpg","contentUrl":"https:\/\/www.ivinio.com\/wp-content\/uploads\/nc\/public\/modules\/file\/pictures\/6276.daldin-mesai-prosecco-brut-ivinio.jpg","width":500,"height":500,"caption":"Daldin Mesai Prosecco DOC Treviso Brut"},{"@type":"BreadcrumbList","@id":"https:\/\/www.ivinio.com\/fr\/produit\/daldin-mesai-prosecco-doc-treviso-extradry-blanc-mousseux\/#breadcrumb","itemListElement":[{"@type":"ListItem","position":1,"name":"Home","item":"https:\/\/www.ivinio.com\/fr\/"},{"@type":"ListItem","position":2,"name":"Boutique de vin","item":"https:\/\/www.ivinio.com\/fr\/boutique-de-vin\/"},{"@type":"ListItem","position":3,"name":"Dal din Mesai Brut Prosecco DOC Treviso &#8211; mousseux"}]},{"@type":"WebSite","@id":"https:\/\/www.ivinio.com\/fr\/#website","url":"https:\/\/www.ivinio.com\/fr\/","name":"IVINIO Caviste","description":"Vins de France et d&#039;Italie avec livraison \u00e0 domicile","publisher":{"@id":"https:\/\/www.ivinio.com\/fr\/#organization"},"potentialAction":[{"@type":"SearchAction","target":{"@type":"EntryPoint","urlTemplate":"https:\/\/www.ivinio.com\/fr\/?s={search_term_string}"},"query-input":{"@type":"PropertyValueSpecification","valueRequired":true,"valueName":"search_term_string"}}],"inLanguage":"fr-FR"},{"@type":"Organization","@id":"https:\/\/www.ivinio.com\/fr\/#organization","name":"IVINIO","url":"https:\/\/www.ivinio.com\/fr\/","logo":{"@type":"ImageObject","inLanguage":"fr-FR","@id":"https:\/\/www.ivinio.com\/fr\/#\/schema\/logo\/image\/","url":"https:\/\/www.ivinio.com\/wp-content\/uploads\/2021\/01\/Logo-Ivinio-v2.jpg","contentUrl":"https:\/\/www.ivinio.com\/wp-content\/uploads\/2021\/01\/Logo-Ivinio-v2.jpg","width":1194,"height":1194,"caption":"IVINIO"},"image":{"@id":"https:\/\/www.ivinio.com\/fr\/#\/schema\/logo\/image\/"},"sameAs":["https:\/\/www.facebook.com\/groups\/165217837022391\/?ref=bookmarks","https:\/\/www.instagram.com\/_ivinio_\/?hl=fr"]}]}},"jetpack_sharing_enabled":true,"_links":{"self":[{"href":"https:\/\/www.ivinio.com\/fr\/wp-json\/wp\/v2\/product\/118022","targetHints":{"allow":["GET"]}}],"collection":[{"href":"https:\/\/www.ivinio.com\/fr\/wp-json\/wp\/v2\/product"}],"about":[{"href":"https:\/\/www.ivinio.com\/fr\/wp-json\/wp\/v2\/types\/product"}],"replies":[{"embeddable":true,"href":"https:\/\/www.ivinio.com\/fr\/wp-json\/wp\/v2\/comments?post=118022"}],"wp:featuredmedia":[{"embeddable":true,"href":"https:\/\/www.ivinio.com\/fr\/wp-json\/wp\/v2\/media\/130033"}],"wp:attachment":[{"href":"https:\/\/www.ivinio.com\/fr\/wp-json\/wp\/v2\/media?parent=118022"}],"wp:term":[{"taxonomy":"product_brand","embeddable":true,"href":"https:\/\/www.ivinio.com\/fr\/wp-json\/wp\/v2\/product_brand?post=118022"},{"taxonomy":"product_cat","embeddable":true,"href":"https:\/\/www.ivinio.com\/fr\/wp-json\/wp\/v2\/product_cat?post=118022"},{"taxonomy":"product_tag","embeddable":true,"href":"https:\/\/www.ivinio.com\/fr\/wp-json\/wp\/v2\/product_tag?post=118022"}],"curies":[{"name":"wp","href":"https:\/\/api.w.org\/{rel}","templated":true}]}}