{"id":117988,"date":"2014-05-21T10:20:34","date_gmt":"2014-05-21T10:20:34","guid":{"rendered":"https:\/\/henrik.www.ivinio.com\/?product=carton-decouverte-du-domaine-canto-perlic"},"modified":"2021-11-26T14:59:49","modified_gmt":"2021-11-26T13:59:49","slug":"carton-decouverte-du-domaine-canto-perlic","status":"publish","type":"product","link":"https:\/\/www.ivinio.com\/fr\/produit\/carton-decouverte-du-domaine-canto-perlic\/","title":{"rendered":"Domaine Canto Perlic &#8211; Carton D\u00e9couverte"},"content":{"rendered":"<p>Le domaine Canto Perlic se situe aux alentours de Gaillac \u00e0 une vingtaine de kilom\u00e8tres d\u2019Albi.\u00a0Son nom &#8220;Canto Perlic\u00bb signifie \u00ab\u00a0chant du perdrix\u00a0\u00bb en occitan.\u00a0C\u2019est en 2000 que le couple su\u00e9dois \u00a0Sune et Ursula Sloge ont rachet\u00e9 ce domaine.\u00a0Ce couple r\u00eavait depuis longtemps d\u2019acqu\u00e9rir un domaine viticole en France. Ils ont enti\u00e8rement r\u00e9nov\u00e9 et modernis\u00e9 le domaine depuis l&#8217;achat. La qualit\u00e9 de leurs vins leur vaut la r\u00e9putation d&#8217;\u00eatre l&#8217;un des meilleurs producteurs de l&#8217;appellation Gaillac.\u00a0Ils travaillent 9 ha selon la tradition du sud-ouest et cultivent les vari\u00e9t\u00e9s locales tr\u00e8s vari\u00e9es de c\u00e9pages.\u00a0Les vins rouges repr\u00e9sentent 70% de la production avec des c\u00e9pages divers comme Servadou, syrah, duras, merlot, cabernet sauvignon et gamay.\u00a0Pour les vins blancs ce sont les Mauzac, Loin de l&#8217;Oeil, Sauvignon et Muscadelle qui sont cultiv\u00e9s.<\/p>\n","protected":false},"excerpt":{"rendered":"<p>Nous vous proposons de d\u00e9couvrir les vins de Gaillac du Domaine Canto Perlic \u00e0 travers deux sortes de vins blancs, un rouge et une demi bouteille du vin blanc doux\u00a0&#8220;Mona Lisa.<\/p>\n","protected":false},"featured_media":117991,"comment_status":"open","ping_status":"closed","template":"","meta":{"_monsterinsights_skip_tracking":false,"_monsterinsights_sitenote_active":false,"_monsterinsights_sitenote_note":"","_monsterinsights_sitenote_category":0,"_uf_show_specific_survey":0,"_uf_disable_surveys":false},"product_brand":[],"product_cat":[36643],"product_tag":[],"class_list":{"0":"post-117988","1":"product","2":"type-product","3":"status-publish","4":"has-post-thumbnail","6":"product_cat-ronde-des-vins","7":"pa_alcohol-degree-40057","8":"pa_classification-aop-gaillac-fr","9":"pa_classification-aop-gaillac-doux-fr","10":"pa_color-blanc-fr","11":"pa_color-rouge-fr","12":"pa_country-france-fr","13":"pa_package-1x1-fr","14":"pa_package-1x6-fr","15":"pa_region-sud-ouest-fr","16":"pa_volume-50-cl-fr","17":"pa_volume-75-cl-fr","19":"first","20":"instock","21":"taxable","22":"shipping-taxable","23":"purchasable","24":"product-type-bundle"},"bundled_by":[],"bundle_stock_status":"insufficientstock","bundle_stock_quantity":0,"bundle_virtual":false,"bundle_layout":"grid","bundle_add_to_cart_form_location":"after_summary","bundle_editable_in_cart":false,"bundle_sold_individually_context":"product","bundle_item_grouping":"noindent","bundle_min_size":"","bundle_max_size":"","bundle_price":{"price":{"min":{"incl_tax":"46.6","excl_tax":"46.583333"},"max":{"incl_tax":"46.6","excl_tax":"46.583333"}},"regular_price":{"min":{"incl_tax":"46.6","excl_tax":"46.583333"},"max":{"incl_tax":"46.6","excl_tax":"46.583333"}}},"bundled_items":[{"bundled_item_id":8578,"product_id":117982,"menu_order":0,"quantity_min":1,"quantity_max":1,"quantity_default":1,"priced_individually":false,"shipped_individually":false,"override_title":false,"title":"Domaine Canto Perlic &#8211; Monalisa &#8211; Blanc doux","override_description":false,"description":"Domaine Canto Perlic &#8211; Monalisa &#8211; Blanc doux","optional":false,"hide_thumbnail":false,"discount":"","override_variations":true,"allowed_variations":[""],"override_default_variation_attributes":true,"default_variation_attributes":[],"single_product_visibility":"visible","cart_visibility":"hidden","order_visibility":"visible","single_product_price_visibility":"visible","cart_price_visibility":"visible","order_price_visibility":"visible","stock_status":"in_stock"},{"bundled_item_id":8579,"product_id":117974,"menu_order":1,"quantity_min":2,"quantity_max":2,"quantity_default":2,"priced_individually":false,"shipped_individually":false,"override_title":false,"title":"Domaine Canto Perlic &#8211; Prestige &#8211; Rouge","override_description":false,"description":"Domaine Canto Perlic &#8211; Prestige &#8211; Rouge","optional":false,"hide_thumbnail":false,"discount":"","override_variations":true,"allowed_variations":[""],"override_default_variation_attributes":true,"default_variation_attributes":[],"single_product_visibility":"visible","cart_visibility":"hidden","order_visibility":"visible","single_product_price_visibility":"visible","cart_price_visibility":"visible","order_price_visibility":"visible","stock_status":"out_of_stock"},{"bundled_item_id":8580,"product_id":117968,"menu_order":2,"quantity_min":2,"quantity_max":2,"quantity_default":2,"priced_individually":false,"shipped_individually":false,"override_title":false,"title":"Domaine Canto Perlic &#8211; Bel Canto 2014 &#8211; Blanc","override_description":false,"description":"Domaine Canto Perlic &#8211; Bel Canto 2014 &#8211; Blanc","optional":false,"hide_thumbnail":false,"discount":"","override_variations":true,"allowed_variations":[""],"override_default_variation_attributes":true,"default_variation_attributes":[],"single_product_visibility":"visible","cart_visibility":"hidden","order_visibility":"visible","single_product_price_visibility":"visible","cart_price_visibility":"visible","order_price_visibility":"visible","stock_status":"out_of_stock"},{"bundled_item_id":8581,"product_id":117961,"menu_order":3,"quantity_min":1,"quantity_max":1,"quantity_default":1,"priced_individually":false,"shipped_individually":false,"override_title":false,"title":"Domaine Canto Perlic &#8211; Blanc sec 1\u00e8res C\u00f4tes &#8211; Blanc","override_description":false,"description":"Domaine Canto Perlic &#8211; Blanc sec 1\u00e8res C\u00f4tes &#8211; Blanc","optional":false,"hide_thumbnail":false,"discount":"","override_variations":true,"allowed_variations":[""],"override_default_variation_attributes":true,"default_variation_attributes":[],"single_product_visibility":"visible","cart_visibility":"hidden","order_visibility":"visible","single_product_price_visibility":"visible","cart_price_visibility":"visible","order_price_visibility":"visible","stock_status":"in_stock"}],"bundle_sell_ids":[],"yoast_head":"<!-- This site is optimized with the Yoast SEO plugin v27.5 - https:\/\/yoast.com\/product\/yoast-seo-wordpress\/ -->\n<title>Acheter - IVINIO Caviste Domaine Canto Perlic - Carton vin m\u00e9lang\u00e9<\/title>\n<meta name=\"description\" content=\"Acheter Domaine Canto Perlic - Carton vin m\u00e9lang\u00e9. Une s\u00e9lection de vins vari\u00e9s du domaine Canto perlic \u00e0 Gaillac.\" \/>\n<meta name=\"robots\" content=\"index, follow, max-snippet:-1, max-image-preview:large, max-video-preview:-1\" \/>\n<link rel=\"canonical\" href=\"https:\/\/www.ivinio.com\/fr\/produit\/carton-decouverte-du-domaine-canto-perlic\/\" \/>\n<meta property=\"og:locale\" content=\"fr_FR\" \/>\n<meta property=\"og:type\" content=\"article\" \/>\n<meta property=\"og:title\" content=\"Acheter - IVINIO Caviste Domaine Canto Perlic - Carton vin m\u00e9lang\u00e9\" \/>\n<meta property=\"og:description\" content=\"Acheter Domaine Canto Perlic - Carton vin m\u00e9lang\u00e9. Une s\u00e9lection de vins vari\u00e9s du domaine Canto perlic \u00e0 Gaillac.\" \/>\n<meta property=\"og:url\" content=\"https:\/\/www.ivinio.com\/fr\/produit\/carton-decouverte-du-domaine-canto-perlic\/\" \/>\n<meta property=\"og:site_name\" content=\"IVINIO Caviste\" \/>\n<meta property=\"article:publisher\" content=\"https:\/\/www.facebook.com\/groups\/165217837022391\/?ref=bookmarks\" \/>\n<meta property=\"article:modified_time\" content=\"2021-11-26T13:59:49+00:00\" \/>\n<meta property=\"og:image\" content=\"https:\/\/www.ivinio.com\/wp-content\/uploads\/nc\/public\/modules\/file\/pictures\/4580.packcantoperlic500x500.jpg\" \/>\n\t<meta property=\"og:image:width\" content=\"500\" \/>\n\t<meta property=\"og:image:height\" content=\"500\" \/>\n\t<meta property=\"og:image:type\" content=\"image\/jpeg\" \/>\n<meta name=\"twitter:card\" content=\"summary_large_image\" \/>\n<meta name=\"twitter:label1\" content=\"Dur\u00e9e de lecture estim\u00e9e\" \/>\n\t<meta name=\"twitter:data1\" content=\"1 minute\" \/>\n<script type=\"application\/ld+json\" class=\"yoast-schema-graph\">{\"@context\":\"https:\\\/\\\/schema.org\",\"@graph\":[{\"@type\":\"WebPage\",\"@id\":\"https:\\\/\\\/www.ivinio.com\\\/fr\\\/produit\\\/carton-decouverte-du-domaine-canto-perlic\\\/\",\"url\":\"https:\\\/\\\/www.ivinio.com\\\/fr\\\/produit\\\/carton-decouverte-du-domaine-canto-perlic\\\/\",\"name\":\"Acheter - IVINIO Caviste Domaine Canto Perlic - Carton vin m\u00e9lang\u00e9\",\"isPartOf\":{\"@id\":\"https:\\\/\\\/www.ivinio.com\\\/fr\\\/#website\"},\"primaryImageOfPage\":{\"@id\":\"https:\\\/\\\/www.ivinio.com\\\/fr\\\/produit\\\/carton-decouverte-du-domaine-canto-perlic\\\/#primaryimage\"},\"image\":{\"@id\":\"https:\\\/\\\/www.ivinio.com\\\/fr\\\/produit\\\/carton-decouverte-du-domaine-canto-perlic\\\/#primaryimage\"},\"thumbnailUrl\":\"https:\\\/\\\/www.ivinio.com\\\/wp-content\\\/uploads\\\/nc\\\/public\\\/modules\\\/file\\\/pictures\\\/4580.packcantoperlic500x500.jpg\",\"datePublished\":\"2014-05-21T10:20:34+00:00\",\"dateModified\":\"2021-11-26T13:59:49+00:00\",\"description\":\"Acheter Domaine Canto Perlic - Carton vin m\u00e9lang\u00e9. Une s\u00e9lection de vins vari\u00e9s du domaine Canto perlic \u00e0 Gaillac.\",\"breadcrumb\":{\"@id\":\"https:\\\/\\\/www.ivinio.com\\\/fr\\\/produit\\\/carton-decouverte-du-domaine-canto-perlic\\\/#breadcrumb\"},\"inLanguage\":\"fr-FR\",\"potentialAction\":[{\"@type\":\"ReadAction\",\"target\":[\"https:\\\/\\\/www.ivinio.com\\\/fr\\\/produit\\\/carton-decouverte-du-domaine-canto-perlic\\\/\"]}]},{\"@type\":\"ImageObject\",\"inLanguage\":\"fr-FR\",\"@id\":\"https:\\\/\\\/www.ivinio.com\\\/fr\\\/produit\\\/carton-decouverte-du-domaine-canto-perlic\\\/#primaryimage\",\"url\":\"https:\\\/\\\/www.ivinio.com\\\/wp-content\\\/uploads\\\/nc\\\/public\\\/modules\\\/file\\\/pictures\\\/4580.packcantoperlic500x500.jpg\",\"contentUrl\":\"https:\\\/\\\/www.ivinio.com\\\/wp-content\\\/uploads\\\/nc\\\/public\\\/modules\\\/file\\\/pictures\\\/4580.packcantoperlic500x500.jpg\",\"width\":500,\"height\":500},{\"@type\":\"BreadcrumbList\",\"@id\":\"https:\\\/\\\/www.ivinio.com\\\/fr\\\/produit\\\/carton-decouverte-du-domaine-canto-perlic\\\/#breadcrumb\",\"itemListElement\":[{\"@type\":\"ListItem\",\"position\":1,\"name\":\"Home\",\"item\":\"https:\\\/\\\/www.ivinio.com\\\/fr\\\/\"},{\"@type\":\"ListItem\",\"position\":2,\"name\":\"Boutique de vin\",\"item\":\"https:\\\/\\\/www.ivinio.com\\\/fr\\\/boutique-de-vin\\\/\"},{\"@type\":\"ListItem\",\"position\":3,\"name\":\"Domaine Canto Perlic &#8211; Carton D\u00e9couverte\"}]},{\"@type\":\"WebSite\",\"@id\":\"https:\\\/\\\/www.ivinio.com\\\/fr\\\/#website\",\"url\":\"https:\\\/\\\/www.ivinio.com\\\/fr\\\/\",\"name\":\"IVINIO Caviste\",\"description\":\"Vins de France et d&#039;Italie avec livraison \u00e0 domicile\",\"publisher\":{\"@id\":\"https:\\\/\\\/www.ivinio.com\\\/fr\\\/#organization\"},\"potentialAction\":[{\"@type\":\"SearchAction\",\"target\":{\"@type\":\"EntryPoint\",\"urlTemplate\":\"https:\\\/\\\/www.ivinio.com\\\/fr\\\/?s={search_term_string}\"},\"query-input\":{\"@type\":\"PropertyValueSpecification\",\"valueRequired\":true,\"valueName\":\"search_term_string\"}}],\"inLanguage\":\"fr-FR\"},{\"@type\":\"Organization\",\"@id\":\"https:\\\/\\\/www.ivinio.com\\\/fr\\\/#organization\",\"name\":\"IVINIO\",\"url\":\"https:\\\/\\\/www.ivinio.com\\\/fr\\\/\",\"logo\":{\"@type\":\"ImageObject\",\"inLanguage\":\"fr-FR\",\"@id\":\"https:\\\/\\\/www.ivinio.com\\\/fr\\\/#\\\/schema\\\/logo\\\/image\\\/\",\"url\":\"https:\\\/\\\/www.ivinio.com\\\/wp-content\\\/uploads\\\/2021\\\/01\\\/Logo-Ivinio-v2.jpg\",\"contentUrl\":\"https:\\\/\\\/www.ivinio.com\\\/wp-content\\\/uploads\\\/2021\\\/01\\\/Logo-Ivinio-v2.jpg\",\"width\":1194,\"height\":1194,\"caption\":\"IVINIO\"},\"image\":{\"@id\":\"https:\\\/\\\/www.ivinio.com\\\/fr\\\/#\\\/schema\\\/logo\\\/image\\\/\"},\"sameAs\":[\"https:\\\/\\\/www.facebook.com\\\/groups\\\/165217837022391\\\/?ref=bookmarks\",\"https:\\\/\\\/www.instagram.com\\\/_ivinio_\\\/?hl=fr\"]}]}<\/script>\n<!-- \/ Yoast SEO plugin. -->","yoast_head_json":{"title":"Acheter - IVINIO Caviste Domaine Canto Perlic - Carton vin m\u00e9lang\u00e9","description":"Acheter Domaine Canto Perlic - Carton vin m\u00e9lang\u00e9. Une s\u00e9lection de vins vari\u00e9s du domaine Canto perlic \u00e0 Gaillac.","robots":{"index":"index","follow":"follow","max-snippet":"max-snippet:-1","max-image-preview":"max-image-preview:large","max-video-preview":"max-video-preview:-1"},"canonical":"https:\/\/www.ivinio.com\/fr\/produit\/carton-decouverte-du-domaine-canto-perlic\/","og_locale":"fr_FR","og_type":"article","og_title":"Acheter - IVINIO Caviste Domaine Canto Perlic - Carton vin m\u00e9lang\u00e9","og_description":"Acheter Domaine Canto Perlic - Carton vin m\u00e9lang\u00e9. Une s\u00e9lection de vins vari\u00e9s du domaine Canto perlic \u00e0 Gaillac.","og_url":"https:\/\/www.ivinio.com\/fr\/produit\/carton-decouverte-du-domaine-canto-perlic\/","og_site_name":"IVINIO Caviste","article_publisher":"https:\/\/www.facebook.com\/groups\/165217837022391\/?ref=bookmarks","article_modified_time":"2021-11-26T13:59:49+00:00","og_image":[{"width":500,"height":500,"url":"https:\/\/www.ivinio.com\/wp-content\/uploads\/nc\/public\/modules\/file\/pictures\/4580.packcantoperlic500x500.jpg","type":"image\/jpeg"}],"twitter_card":"summary_large_image","twitter_misc":{"Dur\u00e9e de lecture estim\u00e9e":"1 minute"},"schema":{"@context":"https:\/\/schema.org","@graph":[{"@type":"WebPage","@id":"https:\/\/www.ivinio.com\/fr\/produit\/carton-decouverte-du-domaine-canto-perlic\/","url":"https:\/\/www.ivinio.com\/fr\/produit\/carton-decouverte-du-domaine-canto-perlic\/","name":"Acheter - IVINIO Caviste Domaine Canto Perlic - Carton vin m\u00e9lang\u00e9","isPartOf":{"@id":"https:\/\/www.ivinio.com\/fr\/#website"},"primaryImageOfPage":{"@id":"https:\/\/www.ivinio.com\/fr\/produit\/carton-decouverte-du-domaine-canto-perlic\/#primaryimage"},"image":{"@id":"https:\/\/www.ivinio.com\/fr\/produit\/carton-decouverte-du-domaine-canto-perlic\/#primaryimage"},"thumbnailUrl":"https:\/\/www.ivinio.com\/wp-content\/uploads\/nc\/public\/modules\/file\/pictures\/4580.packcantoperlic500x500.jpg","datePublished":"2014-05-21T10:20:34+00:00","dateModified":"2021-11-26T13:59:49+00:00","description":"Acheter Domaine Canto Perlic - Carton vin m\u00e9lang\u00e9. Une s\u00e9lection de vins vari\u00e9s du domaine Canto perlic \u00e0 Gaillac.","breadcrumb":{"@id":"https:\/\/www.ivinio.com\/fr\/produit\/carton-decouverte-du-domaine-canto-perlic\/#breadcrumb"},"inLanguage":"fr-FR","potentialAction":[{"@type":"ReadAction","target":["https:\/\/www.ivinio.com\/fr\/produit\/carton-decouverte-du-domaine-canto-perlic\/"]}]},{"@type":"ImageObject","inLanguage":"fr-FR","@id":"https:\/\/www.ivinio.com\/fr\/produit\/carton-decouverte-du-domaine-canto-perlic\/#primaryimage","url":"https:\/\/www.ivinio.com\/wp-content\/uploads\/nc\/public\/modules\/file\/pictures\/4580.packcantoperlic500x500.jpg","contentUrl":"https:\/\/www.ivinio.com\/wp-content\/uploads\/nc\/public\/modules\/file\/pictures\/4580.packcantoperlic500x500.jpg","width":500,"height":500},{"@type":"BreadcrumbList","@id":"https:\/\/www.ivinio.com\/fr\/produit\/carton-decouverte-du-domaine-canto-perlic\/#breadcrumb","itemListElement":[{"@type":"ListItem","position":1,"name":"Home","item":"https:\/\/www.ivinio.com\/fr\/"},{"@type":"ListItem","position":2,"name":"Boutique de vin","item":"https:\/\/www.ivinio.com\/fr\/boutique-de-vin\/"},{"@type":"ListItem","position":3,"name":"Domaine Canto Perlic &#8211; Carton D\u00e9couverte"}]},{"@type":"WebSite","@id":"https:\/\/www.ivinio.com\/fr\/#website","url":"https:\/\/www.ivinio.com\/fr\/","name":"IVINIO Caviste","description":"Vins de France et d&#039;Italie avec livraison \u00e0 domicile","publisher":{"@id":"https:\/\/www.ivinio.com\/fr\/#organization"},"potentialAction":[{"@type":"SearchAction","target":{"@type":"EntryPoint","urlTemplate":"https:\/\/www.ivinio.com\/fr\/?s={search_term_string}"},"query-input":{"@type":"PropertyValueSpecification","valueRequired":true,"valueName":"search_term_string"}}],"inLanguage":"fr-FR"},{"@type":"Organization","@id":"https:\/\/www.ivinio.com\/fr\/#organization","name":"IVINIO","url":"https:\/\/www.ivinio.com\/fr\/","logo":{"@type":"ImageObject","inLanguage":"fr-FR","@id":"https:\/\/www.ivinio.com\/fr\/#\/schema\/logo\/image\/","url":"https:\/\/www.ivinio.com\/wp-content\/uploads\/2021\/01\/Logo-Ivinio-v2.jpg","contentUrl":"https:\/\/www.ivinio.com\/wp-content\/uploads\/2021\/01\/Logo-Ivinio-v2.jpg","width":1194,"height":1194,"caption":"IVINIO"},"image":{"@id":"https:\/\/www.ivinio.com\/fr\/#\/schema\/logo\/image\/"},"sameAs":["https:\/\/www.facebook.com\/groups\/165217837022391\/?ref=bookmarks","https:\/\/www.instagram.com\/_ivinio_\/?hl=fr"]}]}},"jetpack_sharing_enabled":true,"_links":{"self":[{"href":"https:\/\/www.ivinio.com\/fr\/wp-json\/wp\/v2\/product\/117988","targetHints":{"allow":["GET"]}}],"collection":[{"href":"https:\/\/www.ivinio.com\/fr\/wp-json\/wp\/v2\/product"}],"about":[{"href":"https:\/\/www.ivinio.com\/fr\/wp-json\/wp\/v2\/types\/product"}],"replies":[{"embeddable":true,"href":"https:\/\/www.ivinio.com\/fr\/wp-json\/wp\/v2\/comments?post=117988"}],"wp:featuredmedia":[{"embeddable":true,"href":"https:\/\/www.ivinio.com\/fr\/wp-json\/wp\/v2\/media\/117991"}],"wp:attachment":[{"href":"https:\/\/www.ivinio.com\/fr\/wp-json\/wp\/v2\/media?parent=117988"}],"wp:term":[{"taxonomy":"product_brand","embeddable":true,"href":"https:\/\/www.ivinio.com\/fr\/wp-json\/wp\/v2\/product_brand?post=117988"},{"taxonomy":"product_cat","embeddable":true,"href":"https:\/\/www.ivinio.com\/fr\/wp-json\/wp\/v2\/product_cat?post=117988"},{"taxonomy":"product_tag","embeddable":true,"href":"https:\/\/www.ivinio.com\/fr\/wp-json\/wp\/v2\/product_tag?post=117988"}],"curies":[{"name":"wp","href":"https:\/\/api.w.org\/{rel}","templated":true}]}}