{"id":117968,"date":"2014-05-21T10:20:34","date_gmt":"2014-05-21T10:20:34","guid":{"rendered":"https:\/\/henrik.www.ivinio.com\/?product=domaine-canto-perlic-bel-canto-2014-blanc"},"modified":"2022-03-13T10:52:46","modified_gmt":"2022-03-13T09:52:46","slug":"domaine-canto-perlic-bel-canto-2014-blanc","status":"publish","type":"product","link":"https:\/\/www.ivinio.com\/fr\/produit\/domaine-canto-perlic-bel-canto-2014-blanc\/","title":{"rendered":"Domaine Canto Perlic &#8211; Bel Canto 2014 &#8211; Blanc"},"content":{"rendered":"<p>Le Bel Canto est fabriqu&eacute; &agrave; partir de vari&eacute;t&eacute;s de c&eacute;pages int&eacute;ressantes et tr&egrave;s locales&nbsp;: Loin de l&#39;&oelig;il, Mauzac et Sauvignon.&nbsp;Chaque c&eacute;page est ramass&eacute; s&eacute;par&eacute;ment et trait&eacute; s&eacute;par&eacute;ment l&rsquo;un de l&#39;autre.&nbsp;Les raisins sont press&eacute;s apr&egrave;s la r&eacute;colte et le jus de raisin mac&egrave;re pendant un certain temps avant d&rsquo;&ecirc;tre transf&eacute;r&eacute; dans&nbsp;des&nbsp;f&ucirc;ts de ch&ecirc;ne pour &ecirc;tre ferment&eacute; pendant 10 jours.&nbsp;Le vin fini est ensuite &eacute;lev&eacute; &agrave; nouveau dix mois en f&ucirc;ts de&nbsp;ch&ecirc;ne avant d&#39;&ecirc;tre mis en&nbsp;bouteille.<\/p>\n","protected":false},"excerpt":{"rendered":"<p>Bel Canto est un vin blanc sec &eacute;lev&eacute; en f&ucirc;ts de ch&ecirc;ne. Le vin a de subtils ar&ocirc;mes de fruits exotiques, de saveur d&#39;abricot. Il est rond et bien &eacute;quilibr&eacute;. Il s&#39;accorde avec des plats de poisson ou de la volaille en sauce &agrave; la cr&egrave;me.<\/p>\n","protected":false},"featured_media":117971,"comment_status":"open","ping_status":"closed","template":"","meta":{"_monsterinsights_skip_tracking":false,"_monsterinsights_sitenote_active":false,"_monsterinsights_sitenote_note":"","_monsterinsights_sitenote_category":0,"_uf_show_specific_survey":0,"_uf_disable_surveys":false},"product_brand":[],"product_cat":[36637,36586],"product_tag":[],"class_list":{"0":"post-117968","1":"product","2":"type-product","3":"status-publish","4":"has-post-thumbnail","6":"product_cat-fr-sud-ouest","7":"product_cat-vins-francais","8":"pa_alcohol-degree-40057","9":"pa_awards-guide-hachette-fr","10":"pa_classification-aop-gaillac-fr","11":"pa_color-blanc-fr","12":"pa_country-france-fr","13":"pa_grape-variety-loin-de-loeil-fr","14":"pa_grape-variety-sauvignon-fr","15":"pa_region-sud-ouest-fr","16":"pa_storage-potential-5-ans-fr","17":"pa_vintage-2014-fr","18":"pa_volume-75-cl-fr","20":"first","21":"outofstock","22":"taxable","23":"shipping-taxable","24":"purchasable","25":"product-type-simple"},"bundled_by":["117988"],"bundle_stock_status":"outofstock","bundle_stock_quantity":6,"bundle_virtual":false,"bundle_layout":"","bundle_add_to_cart_form_location":"","bundle_editable_in_cart":false,"bundle_sold_individually_context":"","bundle_item_grouping":"","bundle_min_size":"","bundle_max_size":"","bundle_price":[],"bundled_items":[],"bundle_sell_ids":[],"yoast_head":"<!-- This site is optimized with the Yoast SEO plugin v27.5 - https:\/\/yoast.com\/product\/yoast-seo-wordpress\/ -->\n<title>Domaine Canto Perlic - Bel Canto - Vin blanc du sud ouest - vin de Gaillac - poisson - Ivinio caviste \u00e0 Nice<\/title>\n<meta name=\"description\" content=\"Le bel canto du domaine canto perlic est un vin blanc sec \u00e9lev\u00e9 en f\u00fbts de ch\u00eane. Ar\u00f4mes de fruits exotiques et d&#039;abricots. Rond bien structur\u00e9, il s&#039;accorde au poisson et volaille \u00e0 la cr\u00e8me.\" \/>\n<meta name=\"robots\" content=\"index, follow, max-snippet:-1, max-image-preview:large, max-video-preview:-1\" \/>\n<link rel=\"canonical\" href=\"https:\/\/www.ivinio.com\/fr\/produit\/domaine-canto-perlic-bel-canto-2014-blanc\/\" \/>\n<meta property=\"og:locale\" content=\"fr_FR\" \/>\n<meta property=\"og:type\" content=\"article\" \/>\n<meta property=\"og:title\" content=\"Domaine Canto Perlic - Bel Canto - Vin blanc du sud ouest - vin de Gaillac - poisson - Ivinio caviste \u00e0 Nice\" \/>\n<meta property=\"og:description\" content=\"Le bel canto du domaine canto perlic est un vin blanc sec \u00e9lev\u00e9 en f\u00fbts de ch\u00eane. Ar\u00f4mes de fruits exotiques et d&#039;abricots. Rond bien structur\u00e9, il s&#039;accorde au poisson et volaille \u00e0 la cr\u00e8me.\" \/>\n<meta property=\"og:url\" content=\"https:\/\/www.ivinio.com\/fr\/produit\/domaine-canto-perlic-bel-canto-2014-blanc\/\" \/>\n<meta property=\"og:site_name\" content=\"IVINIO Caviste\" \/>\n<meta property=\"article:publisher\" content=\"https:\/\/www.facebook.com\/groups\/165217837022391\/?ref=bookmarks\" \/>\n<meta property=\"article:modified_time\" content=\"2022-03-13T09:52:46+00:00\" \/>\n<meta property=\"og:image\" content=\"https:\/\/www.ivinio.com\/wp-content\/uploads\/nc\/public\/modules\/file\/pictures\/4368.cantoperlicbelcanto500x500.jpg\" \/>\n\t<meta property=\"og:image:width\" content=\"500\" \/>\n\t<meta property=\"og:image:height\" content=\"500\" \/>\n\t<meta property=\"og:image:type\" content=\"image\/jpeg\" \/>\n<meta name=\"twitter:card\" content=\"summary_large_image\" \/>\n<meta name=\"twitter:label1\" content=\"Dur\u00e9e de lecture estim\u00e9e\" \/>\n\t<meta name=\"twitter:data1\" content=\"1 minute\" \/>\n<script type=\"application\/ld+json\" class=\"yoast-schema-graph\">{\"@context\":\"https:\\\/\\\/schema.org\",\"@graph\":[{\"@type\":\"WebPage\",\"@id\":\"https:\\\/\\\/www.ivinio.com\\\/fr\\\/produit\\\/domaine-canto-perlic-bel-canto-2014-blanc\\\/\",\"url\":\"https:\\\/\\\/www.ivinio.com\\\/fr\\\/produit\\\/domaine-canto-perlic-bel-canto-2014-blanc\\\/\",\"name\":\"Domaine Canto Perlic - Bel Canto - Vin blanc du sud ouest - vin de Gaillac - poisson - Ivinio caviste \u00e0 Nice\",\"isPartOf\":{\"@id\":\"https:\\\/\\\/www.ivinio.com\\\/fr\\\/#website\"},\"primaryImageOfPage\":{\"@id\":\"https:\\\/\\\/www.ivinio.com\\\/fr\\\/produit\\\/domaine-canto-perlic-bel-canto-2014-blanc\\\/#primaryimage\"},\"image\":{\"@id\":\"https:\\\/\\\/www.ivinio.com\\\/fr\\\/produit\\\/domaine-canto-perlic-bel-canto-2014-blanc\\\/#primaryimage\"},\"thumbnailUrl\":\"https:\\\/\\\/www.ivinio.com\\\/wp-content\\\/uploads\\\/nc\\\/public\\\/modules\\\/file\\\/pictures\\\/4368.cantoperlicbelcanto500x500.jpg\",\"datePublished\":\"2014-05-21T10:20:34+00:00\",\"dateModified\":\"2022-03-13T09:52:46+00:00\",\"description\":\"Le bel canto du domaine canto perlic est un vin blanc sec \u00e9lev\u00e9 en f\u00fbts de ch\u00eane. Ar\u00f4mes de fruits exotiques et d'abricots. Rond bien structur\u00e9, il s'accorde au poisson et volaille \u00e0 la cr\u00e8me.\",\"breadcrumb\":{\"@id\":\"https:\\\/\\\/www.ivinio.com\\\/fr\\\/produit\\\/domaine-canto-perlic-bel-canto-2014-blanc\\\/#breadcrumb\"},\"inLanguage\":\"fr-FR\",\"potentialAction\":[{\"@type\":\"ReadAction\",\"target\":[\"https:\\\/\\\/www.ivinio.com\\\/fr\\\/produit\\\/domaine-canto-perlic-bel-canto-2014-blanc\\\/\"]}]},{\"@type\":\"ImageObject\",\"inLanguage\":\"fr-FR\",\"@id\":\"https:\\\/\\\/www.ivinio.com\\\/fr\\\/produit\\\/domaine-canto-perlic-bel-canto-2014-blanc\\\/#primaryimage\",\"url\":\"https:\\\/\\\/www.ivinio.com\\\/wp-content\\\/uploads\\\/nc\\\/public\\\/modules\\\/file\\\/pictures\\\/4368.cantoperlicbelcanto500x500.jpg\",\"contentUrl\":\"https:\\\/\\\/www.ivinio.com\\\/wp-content\\\/uploads\\\/nc\\\/public\\\/modules\\\/file\\\/pictures\\\/4368.cantoperlicbelcanto500x500.jpg\",\"width\":500,\"height\":500},{\"@type\":\"BreadcrumbList\",\"@id\":\"https:\\\/\\\/www.ivinio.com\\\/fr\\\/produit\\\/domaine-canto-perlic-bel-canto-2014-blanc\\\/#breadcrumb\",\"itemListElement\":[{\"@type\":\"ListItem\",\"position\":1,\"name\":\"Home\",\"item\":\"https:\\\/\\\/www.ivinio.com\\\/fr\\\/\"},{\"@type\":\"ListItem\",\"position\":2,\"name\":\"Boutique de vin\",\"item\":\"https:\\\/\\\/www.ivinio.com\\\/fr\\\/boutique-de-vin\\\/\"},{\"@type\":\"ListItem\",\"position\":3,\"name\":\"Domaine Canto Perlic &#8211; Bel Canto 2014 &#8211; Blanc\"}]},{\"@type\":\"WebSite\",\"@id\":\"https:\\\/\\\/www.ivinio.com\\\/fr\\\/#website\",\"url\":\"https:\\\/\\\/www.ivinio.com\\\/fr\\\/\",\"name\":\"IVINIO Caviste\",\"description\":\"Vins de France et d&#039;Italie avec livraison \u00e0 domicile\",\"publisher\":{\"@id\":\"https:\\\/\\\/www.ivinio.com\\\/fr\\\/#organization\"},\"potentialAction\":[{\"@type\":\"SearchAction\",\"target\":{\"@type\":\"EntryPoint\",\"urlTemplate\":\"https:\\\/\\\/www.ivinio.com\\\/fr\\\/?s={search_term_string}\"},\"query-input\":{\"@type\":\"PropertyValueSpecification\",\"valueRequired\":true,\"valueName\":\"search_term_string\"}}],\"inLanguage\":\"fr-FR\"},{\"@type\":\"Organization\",\"@id\":\"https:\\\/\\\/www.ivinio.com\\\/fr\\\/#organization\",\"name\":\"IVINIO\",\"url\":\"https:\\\/\\\/www.ivinio.com\\\/fr\\\/\",\"logo\":{\"@type\":\"ImageObject\",\"inLanguage\":\"fr-FR\",\"@id\":\"https:\\\/\\\/www.ivinio.com\\\/fr\\\/#\\\/schema\\\/logo\\\/image\\\/\",\"url\":\"https:\\\/\\\/www.ivinio.com\\\/wp-content\\\/uploads\\\/2021\\\/01\\\/Logo-Ivinio-v2.jpg\",\"contentUrl\":\"https:\\\/\\\/www.ivinio.com\\\/wp-content\\\/uploads\\\/2021\\\/01\\\/Logo-Ivinio-v2.jpg\",\"width\":1194,\"height\":1194,\"caption\":\"IVINIO\"},\"image\":{\"@id\":\"https:\\\/\\\/www.ivinio.com\\\/fr\\\/#\\\/schema\\\/logo\\\/image\\\/\"},\"sameAs\":[\"https:\\\/\\\/www.facebook.com\\\/groups\\\/165217837022391\\\/?ref=bookmarks\",\"https:\\\/\\\/www.instagram.com\\\/_ivinio_\\\/?hl=fr\"]}]}<\/script>\n<!-- \/ Yoast SEO plugin. -->","yoast_head_json":{"title":"Domaine Canto Perlic - Bel Canto - Vin blanc du sud ouest - vin de Gaillac - poisson - Ivinio caviste \u00e0 Nice","description":"Le bel canto du domaine canto perlic est un vin blanc sec \u00e9lev\u00e9 en f\u00fbts de ch\u00eane. Ar\u00f4mes de fruits exotiques et d'abricots. Rond bien structur\u00e9, il s'accorde au poisson et volaille \u00e0 la cr\u00e8me.","robots":{"index":"index","follow":"follow","max-snippet":"max-snippet:-1","max-image-preview":"max-image-preview:large","max-video-preview":"max-video-preview:-1"},"canonical":"https:\/\/www.ivinio.com\/fr\/produit\/domaine-canto-perlic-bel-canto-2014-blanc\/","og_locale":"fr_FR","og_type":"article","og_title":"Domaine Canto Perlic - Bel Canto - Vin blanc du sud ouest - vin de Gaillac - poisson - Ivinio caviste \u00e0 Nice","og_description":"Le bel canto du domaine canto perlic est un vin blanc sec \u00e9lev\u00e9 en f\u00fbts de ch\u00eane. Ar\u00f4mes de fruits exotiques et d'abricots. Rond bien structur\u00e9, il s'accorde au poisson et volaille \u00e0 la cr\u00e8me.","og_url":"https:\/\/www.ivinio.com\/fr\/produit\/domaine-canto-perlic-bel-canto-2014-blanc\/","og_site_name":"IVINIO Caviste","article_publisher":"https:\/\/www.facebook.com\/groups\/165217837022391\/?ref=bookmarks","article_modified_time":"2022-03-13T09:52:46+00:00","og_image":[{"width":500,"height":500,"url":"https:\/\/www.ivinio.com\/wp-content\/uploads\/nc\/public\/modules\/file\/pictures\/4368.cantoperlicbelcanto500x500.jpg","type":"image\/jpeg"}],"twitter_card":"summary_large_image","twitter_misc":{"Dur\u00e9e de lecture estim\u00e9e":"1 minute"},"schema":{"@context":"https:\/\/schema.org","@graph":[{"@type":"WebPage","@id":"https:\/\/www.ivinio.com\/fr\/produit\/domaine-canto-perlic-bel-canto-2014-blanc\/","url":"https:\/\/www.ivinio.com\/fr\/produit\/domaine-canto-perlic-bel-canto-2014-blanc\/","name":"Domaine Canto Perlic - Bel Canto - Vin blanc du sud ouest - vin de Gaillac - poisson - Ivinio caviste \u00e0 Nice","isPartOf":{"@id":"https:\/\/www.ivinio.com\/fr\/#website"},"primaryImageOfPage":{"@id":"https:\/\/www.ivinio.com\/fr\/produit\/domaine-canto-perlic-bel-canto-2014-blanc\/#primaryimage"},"image":{"@id":"https:\/\/www.ivinio.com\/fr\/produit\/domaine-canto-perlic-bel-canto-2014-blanc\/#primaryimage"},"thumbnailUrl":"https:\/\/www.ivinio.com\/wp-content\/uploads\/nc\/public\/modules\/file\/pictures\/4368.cantoperlicbelcanto500x500.jpg","datePublished":"2014-05-21T10:20:34+00:00","dateModified":"2022-03-13T09:52:46+00:00","description":"Le bel canto du domaine canto perlic est un vin blanc sec \u00e9lev\u00e9 en f\u00fbts de ch\u00eane. Ar\u00f4mes de fruits exotiques et d'abricots. Rond bien structur\u00e9, il s'accorde au poisson et volaille \u00e0 la cr\u00e8me.","breadcrumb":{"@id":"https:\/\/www.ivinio.com\/fr\/produit\/domaine-canto-perlic-bel-canto-2014-blanc\/#breadcrumb"},"inLanguage":"fr-FR","potentialAction":[{"@type":"ReadAction","target":["https:\/\/www.ivinio.com\/fr\/produit\/domaine-canto-perlic-bel-canto-2014-blanc\/"]}]},{"@type":"ImageObject","inLanguage":"fr-FR","@id":"https:\/\/www.ivinio.com\/fr\/produit\/domaine-canto-perlic-bel-canto-2014-blanc\/#primaryimage","url":"https:\/\/www.ivinio.com\/wp-content\/uploads\/nc\/public\/modules\/file\/pictures\/4368.cantoperlicbelcanto500x500.jpg","contentUrl":"https:\/\/www.ivinio.com\/wp-content\/uploads\/nc\/public\/modules\/file\/pictures\/4368.cantoperlicbelcanto500x500.jpg","width":500,"height":500},{"@type":"BreadcrumbList","@id":"https:\/\/www.ivinio.com\/fr\/produit\/domaine-canto-perlic-bel-canto-2014-blanc\/#breadcrumb","itemListElement":[{"@type":"ListItem","position":1,"name":"Home","item":"https:\/\/www.ivinio.com\/fr\/"},{"@type":"ListItem","position":2,"name":"Boutique de vin","item":"https:\/\/www.ivinio.com\/fr\/boutique-de-vin\/"},{"@type":"ListItem","position":3,"name":"Domaine Canto Perlic &#8211; Bel Canto 2014 &#8211; Blanc"}]},{"@type":"WebSite","@id":"https:\/\/www.ivinio.com\/fr\/#website","url":"https:\/\/www.ivinio.com\/fr\/","name":"IVINIO Caviste","description":"Vins de France et d&#039;Italie avec livraison \u00e0 domicile","publisher":{"@id":"https:\/\/www.ivinio.com\/fr\/#organization"},"potentialAction":[{"@type":"SearchAction","target":{"@type":"EntryPoint","urlTemplate":"https:\/\/www.ivinio.com\/fr\/?s={search_term_string}"},"query-input":{"@type":"PropertyValueSpecification","valueRequired":true,"valueName":"search_term_string"}}],"inLanguage":"fr-FR"},{"@type":"Organization","@id":"https:\/\/www.ivinio.com\/fr\/#organization","name":"IVINIO","url":"https:\/\/www.ivinio.com\/fr\/","logo":{"@type":"ImageObject","inLanguage":"fr-FR","@id":"https:\/\/www.ivinio.com\/fr\/#\/schema\/logo\/image\/","url":"https:\/\/www.ivinio.com\/wp-content\/uploads\/2021\/01\/Logo-Ivinio-v2.jpg","contentUrl":"https:\/\/www.ivinio.com\/wp-content\/uploads\/2021\/01\/Logo-Ivinio-v2.jpg","width":1194,"height":1194,"caption":"IVINIO"},"image":{"@id":"https:\/\/www.ivinio.com\/fr\/#\/schema\/logo\/image\/"},"sameAs":["https:\/\/www.facebook.com\/groups\/165217837022391\/?ref=bookmarks","https:\/\/www.instagram.com\/_ivinio_\/?hl=fr"]}]}},"jetpack_sharing_enabled":true,"_links":{"self":[{"href":"https:\/\/www.ivinio.com\/fr\/wp-json\/wp\/v2\/product\/117968","targetHints":{"allow":["GET"]}}],"collection":[{"href":"https:\/\/www.ivinio.com\/fr\/wp-json\/wp\/v2\/product"}],"about":[{"href":"https:\/\/www.ivinio.com\/fr\/wp-json\/wp\/v2\/types\/product"}],"replies":[{"embeddable":true,"href":"https:\/\/www.ivinio.com\/fr\/wp-json\/wp\/v2\/comments?post=117968"}],"wp:featuredmedia":[{"embeddable":true,"href":"https:\/\/www.ivinio.com\/fr\/wp-json\/wp\/v2\/media\/117971"}],"wp:attachment":[{"href":"https:\/\/www.ivinio.com\/fr\/wp-json\/wp\/v2\/media?parent=117968"}],"wp:term":[{"taxonomy":"product_brand","embeddable":true,"href":"https:\/\/www.ivinio.com\/fr\/wp-json\/wp\/v2\/product_brand?post=117968"},{"taxonomy":"product_cat","embeddable":true,"href":"https:\/\/www.ivinio.com\/fr\/wp-json\/wp\/v2\/product_cat?post=117968"},{"taxonomy":"product_tag","embeddable":true,"href":"https:\/\/www.ivinio.com\/fr\/wp-json\/wp\/v2\/product_tag?post=117968"}],"curies":[{"name":"wp","href":"https:\/\/api.w.org\/{rel}","templated":true}]}}