{"id":117951,"date":"2014-05-21T10:20:34","date_gmt":"2014-05-21T10:20:34","guid":{"rendered":"https:\/\/henrik.www.ivinio.com\/?product=domaine-de-tanella-pack-decouverte-de-vins-corses"},"modified":"2021-11-26T19:40:07","modified_gmt":"2021-11-26T18:40:07","slug":"domaine-de-tanella-pack-decouverte-de-vins-corses","status":"publish","type":"product","link":"https:\/\/www.ivinio.com\/fr\/produit\/domaine-de-tanella-pack-decouverte-de-vins-corses\/","title":{"rendered":"Domaine de Tanella &#8211; Pack D\u00e9couverte de vins corses"},"content":{"rendered":"<p>Le Domaine de Tanella se situe au sud de la Corse et appartient \u00e0 la famille Peretti Della Rocca depuis 1855.\u00a0Il fait partie de la micro-appellation Figari. Il semble que ce soit l\u00e0 que la production de vin en Corse ait d\u00e9but\u00e9 autour de 500 avant J-C.\u00a0Le domaine se situe aux crois\u00e9es des vents violents entre la Corse et la Sardaigne. C\u2019est un sol d&#8217;argile, de granit et de calcaire qui oblige \u00e0 cultiver principalement des vari\u00e9t\u00e9s locales et bien adapt\u00e9es.\u00a0Le Domaine de Tanella est merveilleusement situ\u00e9 \u00e0 3 km de la mer, non loin de la ville de Porto-Vecchio. Les c\u00e9pages cultiv\u00e9s sont g\u00e9n\u00e9ralement corses Niellucciu, Sciaccarellu et Vermentino.\u00a0Ils cultivent aussi dans une certaine mesure de la Syrah.\u00a0Les vins sont subtils et d\u2019une grande finesse!<\/p>\n","protected":false},"excerpt":{"rendered":"<p>Dans ce carton d\u00e9couverte vous d\u00e9couvrirez 2 sortes de vins corses du Domaine Tanella; 3 bouteilles de rouge &#8220;Marc Aur\u00e8le&#8221; et\u00a03 blancs\u00a0&#8220;Cuv\u00e9e Alexandra&#8221;. Un superbe carton d\u00e9gustation de vins corses de qualit\u00e9 !<\/p>\n","protected":false},"featured_media":117954,"comment_status":"open","ping_status":"closed","template":"","meta":{"_monsterinsights_skip_tracking":false,"_monsterinsights_sitenote_active":false,"_monsterinsights_sitenote_note":"","_monsterinsights_sitenote_category":0,"_uf_show_specific_survey":0,"_uf_disable_surveys":false},"product_brand":[],"product_cat":[36643],"product_tag":[],"class_list":{"0":"post-117951","1":"product","2":"type-product","3":"status-publish","4":"has-post-thumbnail","6":"product_cat-ronde-des-vins","7":"pa_classification-aop-corse-figari-fr","8":"pa_color-blanc-fr","9":"pa_color-rouge-fr","10":"pa_country-france-fr","11":"pa_package-1x1-fr","12":"pa_package-1x6-fr","13":"pa_region-corse-fr","14":"pa_volume-75-cl-fr","16":"first","17":"instock","18":"taxable","19":"shipping-taxable","20":"purchasable","21":"product-type-bundle"},"bundled_by":[],"bundle_stock_status":"instock","bundle_stock_quantity":"","bundle_virtual":false,"bundle_layout":"grid","bundle_add_to_cart_form_location":"after_summary","bundle_editable_in_cart":false,"bundle_sold_individually_context":"product","bundle_item_grouping":"noindent","bundle_min_size":"","bundle_max_size":"","bundle_price":{"price":{"min":{"incl_tax":"110","excl_tax":"110"},"max":{"incl_tax":"110","excl_tax":"110"}},"regular_price":{"min":{"incl_tax":"110","excl_tax":"110"},"max":{"incl_tax":"110","excl_tax":"110"}}},"bundled_items":[{"bundled_item_id":8594,"product_id":117941,"menu_order":0,"quantity_min":1,"quantity_max":1,"quantity_default":1,"priced_individually":false,"shipped_individually":false,"override_title":false,"title":"Domaine de Tanella &#8211; Clos Marc Aur\u00e8le &#8211; Rouge","override_description":false,"description":"Domaine de Tanella &#8211; Clos Marc Aur\u00e8le &#8211; Rouge","optional":false,"hide_thumbnail":false,"discount":"","override_variations":true,"allowed_variations":[""],"override_default_variation_attributes":true,"default_variation_attributes":[],"single_product_visibility":"visible","cart_visibility":"hidden","order_visibility":"visible","single_product_price_visibility":"visible","cart_price_visibility":"visible","order_price_visibility":"visible","stock_status":"in_stock"},{"bundled_item_id":8595,"product_id":117946,"menu_order":0,"quantity_min":1,"quantity_max":1,"quantity_default":1,"priced_individually":false,"shipped_individually":false,"override_title":false,"title":"Domaine de Tanella &#8211; Cuv\u00e9e Alexandra &#8211; Blanc","override_description":false,"description":"Domaine de Tanella &#8211; Cuv\u00e9e Alexandra &#8211; Blanc","optional":false,"hide_thumbnail":false,"discount":"","override_variations":true,"allowed_variations":[""],"override_default_variation_attributes":true,"default_variation_attributes":[],"single_product_visibility":"visible","cart_visibility":"hidden","order_visibility":"visible","single_product_price_visibility":"visible","cart_price_visibility":"visible","order_price_visibility":"visible","stock_status":"in_stock"}],"bundle_sell_ids":[],"yoast_head":"<!-- This site is optimized with the Yoast SEO plugin v27.4 - https:\/\/yoast.com\/product\/yoast-seo-wordpress\/ -->\n<title>Acheter Domaine de Tanella - vins m\u00e9lang\u00e9s corses - IVINIO Caviste<\/title>\n<meta name=\"description\" content=\"Acheter Domaine de Tanella - vins m\u00e9lang\u00e9s corses. D\u00e9couverte de 3 bouteilles de rouge &quot;Marc Aur\u00e8le&quot; et\u00a03 blancs\u00a0&quot;Cuv\u00e9e Alexandra&quot;.\" \/>\n<meta name=\"robots\" content=\"index, follow, max-snippet:-1, max-image-preview:large, max-video-preview:-1\" \/>\n<link rel=\"canonical\" href=\"https:\/\/www.ivinio.com\/fr\/produit\/domaine-de-tanella-pack-decouverte-de-vins-corses\/\" \/>\n<meta property=\"og:locale\" content=\"fr_FR\" \/>\n<meta property=\"og:type\" content=\"article\" \/>\n<meta property=\"og:title\" content=\"Acheter Domaine de Tanella - vins m\u00e9lang\u00e9s corses - IVINIO Caviste\" \/>\n<meta property=\"og:description\" content=\"Acheter Domaine de Tanella - vins m\u00e9lang\u00e9s corses. D\u00e9couverte de 3 bouteilles de rouge &quot;Marc Aur\u00e8le&quot; et\u00a03 blancs\u00a0&quot;Cuv\u00e9e Alexandra&quot;.\" \/>\n<meta property=\"og:url\" content=\"https:\/\/www.ivinio.com\/fr\/produit\/domaine-de-tanella-pack-decouverte-de-vins-corses\/\" \/>\n<meta property=\"og:site_name\" content=\"IVINIO Caviste\" \/>\n<meta property=\"article:publisher\" content=\"https:\/\/www.facebook.com\/groups\/165217837022391\/?ref=bookmarks\" \/>\n<meta property=\"article:modified_time\" content=\"2021-11-26T18:40:07+00:00\" \/>\n<meta property=\"og:image\" content=\"https:\/\/www.ivinio.com\/wp-content\/uploads\/nc\/public\/modules\/file\/pictures\/4581.packtanella500x500.jpg\" \/>\n\t<meta property=\"og:image:width\" content=\"500\" \/>\n\t<meta property=\"og:image:height\" content=\"500\" \/>\n\t<meta property=\"og:image:type\" content=\"image\/jpeg\" \/>\n<meta name=\"twitter:card\" content=\"summary_large_image\" \/>\n<meta name=\"twitter:label1\" content=\"Dur\u00e9e de lecture estim\u00e9e\" \/>\n\t<meta name=\"twitter:data1\" content=\"1 minute\" \/>\n<script type=\"application\/ld+json\" class=\"yoast-schema-graph\">{\"@context\":\"https:\\\/\\\/schema.org\",\"@graph\":[{\"@type\":\"WebPage\",\"@id\":\"https:\\\/\\\/www.ivinio.com\\\/fr\\\/produit\\\/domaine-de-tanella-pack-decouverte-de-vins-corses\\\/\",\"url\":\"https:\\\/\\\/www.ivinio.com\\\/fr\\\/produit\\\/domaine-de-tanella-pack-decouverte-de-vins-corses\\\/\",\"name\":\"Acheter Domaine de Tanella - vins m\u00e9lang\u00e9s corses - IVINIO Caviste\",\"isPartOf\":{\"@id\":\"https:\\\/\\\/www.ivinio.com\\\/fr\\\/#website\"},\"primaryImageOfPage\":{\"@id\":\"https:\\\/\\\/www.ivinio.com\\\/fr\\\/produit\\\/domaine-de-tanella-pack-decouverte-de-vins-corses\\\/#primaryimage\"},\"image\":{\"@id\":\"https:\\\/\\\/www.ivinio.com\\\/fr\\\/produit\\\/domaine-de-tanella-pack-decouverte-de-vins-corses\\\/#primaryimage\"},\"thumbnailUrl\":\"https:\\\/\\\/www.ivinio.com\\\/wp-content\\\/uploads\\\/nc\\\/public\\\/modules\\\/file\\\/pictures\\\/4581.packtanella500x500.jpg\",\"datePublished\":\"2014-05-21T10:20:34+00:00\",\"dateModified\":\"2021-11-26T18:40:07+00:00\",\"description\":\"Acheter Domaine de Tanella - vins m\u00e9lang\u00e9s corses. D\u00e9couverte de 3 bouteilles de rouge \\\"Marc Aur\u00e8le\\\" et\u00a03 blancs\u00a0\\\"Cuv\u00e9e Alexandra\\\".\",\"breadcrumb\":{\"@id\":\"https:\\\/\\\/www.ivinio.com\\\/fr\\\/produit\\\/domaine-de-tanella-pack-decouverte-de-vins-corses\\\/#breadcrumb\"},\"inLanguage\":\"fr-FR\",\"potentialAction\":[{\"@type\":\"ReadAction\",\"target\":[\"https:\\\/\\\/www.ivinio.com\\\/fr\\\/produit\\\/domaine-de-tanella-pack-decouverte-de-vins-corses\\\/\"]}]},{\"@type\":\"ImageObject\",\"inLanguage\":\"fr-FR\",\"@id\":\"https:\\\/\\\/www.ivinio.com\\\/fr\\\/produit\\\/domaine-de-tanella-pack-decouverte-de-vins-corses\\\/#primaryimage\",\"url\":\"https:\\\/\\\/www.ivinio.com\\\/wp-content\\\/uploads\\\/nc\\\/public\\\/modules\\\/file\\\/pictures\\\/4581.packtanella500x500.jpg\",\"contentUrl\":\"https:\\\/\\\/www.ivinio.com\\\/wp-content\\\/uploads\\\/nc\\\/public\\\/modules\\\/file\\\/pictures\\\/4581.packtanella500x500.jpg\",\"width\":500,\"height\":500},{\"@type\":\"BreadcrumbList\",\"@id\":\"https:\\\/\\\/www.ivinio.com\\\/fr\\\/produit\\\/domaine-de-tanella-pack-decouverte-de-vins-corses\\\/#breadcrumb\",\"itemListElement\":[{\"@type\":\"ListItem\",\"position\":1,\"name\":\"Home\",\"item\":\"https:\\\/\\\/www.ivinio.com\\\/fr\\\/\"},{\"@type\":\"ListItem\",\"position\":2,\"name\":\"Boutique de vin\",\"item\":\"https:\\\/\\\/www.ivinio.com\\\/fr\\\/boutique-de-vin\\\/\"},{\"@type\":\"ListItem\",\"position\":3,\"name\":\"Domaine de Tanella &#8211; Pack D\u00e9couverte de vins corses\"}]},{\"@type\":\"WebSite\",\"@id\":\"https:\\\/\\\/www.ivinio.com\\\/fr\\\/#website\",\"url\":\"https:\\\/\\\/www.ivinio.com\\\/fr\\\/\",\"name\":\"IVINIO Caviste\",\"description\":\"Vins de France et d&#039;Italie avec livraison \u00e0 domicile\",\"publisher\":{\"@id\":\"https:\\\/\\\/www.ivinio.com\\\/fr\\\/#organization\"},\"potentialAction\":[{\"@type\":\"SearchAction\",\"target\":{\"@type\":\"EntryPoint\",\"urlTemplate\":\"https:\\\/\\\/www.ivinio.com\\\/fr\\\/?s={search_term_string}\"},\"query-input\":{\"@type\":\"PropertyValueSpecification\",\"valueRequired\":true,\"valueName\":\"search_term_string\"}}],\"inLanguage\":\"fr-FR\"},{\"@type\":\"Organization\",\"@id\":\"https:\\\/\\\/www.ivinio.com\\\/fr\\\/#organization\",\"name\":\"IVINIO\",\"url\":\"https:\\\/\\\/www.ivinio.com\\\/fr\\\/\",\"logo\":{\"@type\":\"ImageObject\",\"inLanguage\":\"fr-FR\",\"@id\":\"https:\\\/\\\/www.ivinio.com\\\/fr\\\/#\\\/schema\\\/logo\\\/image\\\/\",\"url\":\"https:\\\/\\\/www.ivinio.com\\\/wp-content\\\/uploads\\\/2021\\\/01\\\/Logo-Ivinio-v2.jpg\",\"contentUrl\":\"https:\\\/\\\/www.ivinio.com\\\/wp-content\\\/uploads\\\/2021\\\/01\\\/Logo-Ivinio-v2.jpg\",\"width\":1194,\"height\":1194,\"caption\":\"IVINIO\"},\"image\":{\"@id\":\"https:\\\/\\\/www.ivinio.com\\\/fr\\\/#\\\/schema\\\/logo\\\/image\\\/\"},\"sameAs\":[\"https:\\\/\\\/www.facebook.com\\\/groups\\\/165217837022391\\\/?ref=bookmarks\",\"https:\\\/\\\/www.instagram.com\\\/_ivinio_\\\/?hl=fr\"]}]}<\/script>\n<!-- \/ Yoast SEO plugin. -->","yoast_head_json":{"title":"Acheter Domaine de Tanella - vins m\u00e9lang\u00e9s corses - IVINIO Caviste","description":"Acheter Domaine de Tanella - vins m\u00e9lang\u00e9s corses. D\u00e9couverte de 3 bouteilles de rouge \"Marc Aur\u00e8le\" et\u00a03 blancs\u00a0\"Cuv\u00e9e Alexandra\".","robots":{"index":"index","follow":"follow","max-snippet":"max-snippet:-1","max-image-preview":"max-image-preview:large","max-video-preview":"max-video-preview:-1"},"canonical":"https:\/\/www.ivinio.com\/fr\/produit\/domaine-de-tanella-pack-decouverte-de-vins-corses\/","og_locale":"fr_FR","og_type":"article","og_title":"Acheter Domaine de Tanella - vins m\u00e9lang\u00e9s corses - IVINIO Caviste","og_description":"Acheter Domaine de Tanella - vins m\u00e9lang\u00e9s corses. D\u00e9couverte de 3 bouteilles de rouge \"Marc Aur\u00e8le\" et\u00a03 blancs\u00a0\"Cuv\u00e9e Alexandra\".","og_url":"https:\/\/www.ivinio.com\/fr\/produit\/domaine-de-tanella-pack-decouverte-de-vins-corses\/","og_site_name":"IVINIO Caviste","article_publisher":"https:\/\/www.facebook.com\/groups\/165217837022391\/?ref=bookmarks","article_modified_time":"2021-11-26T18:40:07+00:00","og_image":[{"width":500,"height":500,"url":"https:\/\/www.ivinio.com\/wp-content\/uploads\/nc\/public\/modules\/file\/pictures\/4581.packtanella500x500.jpg","type":"image\/jpeg"}],"twitter_card":"summary_large_image","twitter_misc":{"Dur\u00e9e de lecture estim\u00e9e":"1 minute"},"schema":{"@context":"https:\/\/schema.org","@graph":[{"@type":"WebPage","@id":"https:\/\/www.ivinio.com\/fr\/produit\/domaine-de-tanella-pack-decouverte-de-vins-corses\/","url":"https:\/\/www.ivinio.com\/fr\/produit\/domaine-de-tanella-pack-decouverte-de-vins-corses\/","name":"Acheter Domaine de Tanella - vins m\u00e9lang\u00e9s corses - IVINIO Caviste","isPartOf":{"@id":"https:\/\/www.ivinio.com\/fr\/#website"},"primaryImageOfPage":{"@id":"https:\/\/www.ivinio.com\/fr\/produit\/domaine-de-tanella-pack-decouverte-de-vins-corses\/#primaryimage"},"image":{"@id":"https:\/\/www.ivinio.com\/fr\/produit\/domaine-de-tanella-pack-decouverte-de-vins-corses\/#primaryimage"},"thumbnailUrl":"https:\/\/www.ivinio.com\/wp-content\/uploads\/nc\/public\/modules\/file\/pictures\/4581.packtanella500x500.jpg","datePublished":"2014-05-21T10:20:34+00:00","dateModified":"2021-11-26T18:40:07+00:00","description":"Acheter Domaine de Tanella - vins m\u00e9lang\u00e9s corses. D\u00e9couverte de 3 bouteilles de rouge \"Marc Aur\u00e8le\" et\u00a03 blancs\u00a0\"Cuv\u00e9e Alexandra\".","breadcrumb":{"@id":"https:\/\/www.ivinio.com\/fr\/produit\/domaine-de-tanella-pack-decouverte-de-vins-corses\/#breadcrumb"},"inLanguage":"fr-FR","potentialAction":[{"@type":"ReadAction","target":["https:\/\/www.ivinio.com\/fr\/produit\/domaine-de-tanella-pack-decouverte-de-vins-corses\/"]}]},{"@type":"ImageObject","inLanguage":"fr-FR","@id":"https:\/\/www.ivinio.com\/fr\/produit\/domaine-de-tanella-pack-decouverte-de-vins-corses\/#primaryimage","url":"https:\/\/www.ivinio.com\/wp-content\/uploads\/nc\/public\/modules\/file\/pictures\/4581.packtanella500x500.jpg","contentUrl":"https:\/\/www.ivinio.com\/wp-content\/uploads\/nc\/public\/modules\/file\/pictures\/4581.packtanella500x500.jpg","width":500,"height":500},{"@type":"BreadcrumbList","@id":"https:\/\/www.ivinio.com\/fr\/produit\/domaine-de-tanella-pack-decouverte-de-vins-corses\/#breadcrumb","itemListElement":[{"@type":"ListItem","position":1,"name":"Home","item":"https:\/\/www.ivinio.com\/fr\/"},{"@type":"ListItem","position":2,"name":"Boutique de vin","item":"https:\/\/www.ivinio.com\/fr\/boutique-de-vin\/"},{"@type":"ListItem","position":3,"name":"Domaine de Tanella &#8211; Pack D\u00e9couverte de vins corses"}]},{"@type":"WebSite","@id":"https:\/\/www.ivinio.com\/fr\/#website","url":"https:\/\/www.ivinio.com\/fr\/","name":"IVINIO Caviste","description":"Vins de France et d&#039;Italie avec livraison \u00e0 domicile","publisher":{"@id":"https:\/\/www.ivinio.com\/fr\/#organization"},"potentialAction":[{"@type":"SearchAction","target":{"@type":"EntryPoint","urlTemplate":"https:\/\/www.ivinio.com\/fr\/?s={search_term_string}"},"query-input":{"@type":"PropertyValueSpecification","valueRequired":true,"valueName":"search_term_string"}}],"inLanguage":"fr-FR"},{"@type":"Organization","@id":"https:\/\/www.ivinio.com\/fr\/#organization","name":"IVINIO","url":"https:\/\/www.ivinio.com\/fr\/","logo":{"@type":"ImageObject","inLanguage":"fr-FR","@id":"https:\/\/www.ivinio.com\/fr\/#\/schema\/logo\/image\/","url":"https:\/\/www.ivinio.com\/wp-content\/uploads\/2021\/01\/Logo-Ivinio-v2.jpg","contentUrl":"https:\/\/www.ivinio.com\/wp-content\/uploads\/2021\/01\/Logo-Ivinio-v2.jpg","width":1194,"height":1194,"caption":"IVINIO"},"image":{"@id":"https:\/\/www.ivinio.com\/fr\/#\/schema\/logo\/image\/"},"sameAs":["https:\/\/www.facebook.com\/groups\/165217837022391\/?ref=bookmarks","https:\/\/www.instagram.com\/_ivinio_\/?hl=fr"]}]}},"jetpack_sharing_enabled":true,"_links":{"self":[{"href":"https:\/\/www.ivinio.com\/fr\/wp-json\/wp\/v2\/product\/117951","targetHints":{"allow":["GET"]}}],"collection":[{"href":"https:\/\/www.ivinio.com\/fr\/wp-json\/wp\/v2\/product"}],"about":[{"href":"https:\/\/www.ivinio.com\/fr\/wp-json\/wp\/v2\/types\/product"}],"replies":[{"embeddable":true,"href":"https:\/\/www.ivinio.com\/fr\/wp-json\/wp\/v2\/comments?post=117951"}],"wp:featuredmedia":[{"embeddable":true,"href":"https:\/\/www.ivinio.com\/fr\/wp-json\/wp\/v2\/media\/117954"}],"wp:attachment":[{"href":"https:\/\/www.ivinio.com\/fr\/wp-json\/wp\/v2\/media?parent=117951"}],"wp:term":[{"taxonomy":"product_brand","embeddable":true,"href":"https:\/\/www.ivinio.com\/fr\/wp-json\/wp\/v2\/product_brand?post=117951"},{"taxonomy":"product_cat","embeddable":true,"href":"https:\/\/www.ivinio.com\/fr\/wp-json\/wp\/v2\/product_cat?post=117951"},{"taxonomy":"product_tag","embeddable":true,"href":"https:\/\/www.ivinio.com\/fr\/wp-json\/wp\/v2\/product_tag?post=117951"}],"curies":[{"name":"wp","href":"https:\/\/api.w.org\/{rel}","templated":true}]}}