{"id":117931,"date":"2014-05-21T10:20:34","date_gmt":"2014-05-21T10:20:34","guid":{"rendered":"https:\/\/henrik.www.ivinio.com\/?product=pack-decouverte-de-2-vins-x3-trassegum-chateau-dor-de-gueules"},"modified":"2021-11-27T19:08:19","modified_gmt":"2021-11-27T18:08:19","slug":"pack-decouverte-de-2-vins-x3-trassegum-chateau-dor-de-gueules","status":"publish","type":"product","link":"https:\/\/www.ivinio.com\/fr\/produit\/pack-decouverte-de-2-vins-x3-trassegum-chateau-dor-de-gueules\/","title":{"rendered":"Ch\u00e2teau d&#8217;Or &#038; de Gueules &#8211; &#8220;Trassegum&#8221; &#8211; carton d\u00e9couverte 2&#215;3 bouteilles"},"content":{"rendered":"<p>Ch\u00e2teau d&#8217;Or &amp; de Gueules &#8211; &#8220;Trassegum&#8221; &#8211; carton vin m\u00e9lang\u00e9. Le vignoble se situe entre St Gilles et G\u00e9n\u00e9rac, \u00e0 l\u2019ouest de la Camargue dans \u00a0la r\u00e9gion viticole appel\u00e9e \u00abCosti\u00e8res de N\u00eemes\u00bb.\u00a0 Le mot &#8220;Gueule&#8221; d\u00e9signe la couleur rouge en vieux fran\u00e7ais. Le nom vient de la tunique rouge de Diane de Puymorin. L&#8217;or repr\u00e9sente la puissance et la force du soleil et la couleur rouge symbolise le caract\u00e8re et la richesse. Ces vins les repr\u00e9sentent bien par leur grande personnalit\u00e9. En effet, ils sont \u00e0 la fois sophistiqu\u00e9s et \u00e9l\u00e9gants ! Les vignes sont cultiv\u00e9es sur des terres expos\u00e9es id\u00e9alement sud-sud\/est\u00a0 sur environ 50 hectares.<\/p>\n","protected":false},"excerpt":{"rendered":"<p>Dans ce carton d\u00e9gustation, vous d\u00e9couvrirez Trassegum du Domaine d&#8217;Or &amp; de Gueules blanc et rouge.<\/p>\n","protected":false},"featured_media":117934,"comment_status":"open","ping_status":"closed","template":"","meta":{"_monsterinsights_skip_tracking":false,"_monsterinsights_sitenote_active":false,"_monsterinsights_sitenote_note":"","_monsterinsights_sitenote_category":0,"_uf_show_specific_survey":0,"_uf_disable_surveys":false},"product_brand":[],"product_cat":[36643],"product_tag":[],"class_list":{"0":"post-117931","1":"product","2":"type-product","3":"status-publish","4":"has-post-thumbnail","6":"product_cat-ronde-des-vins","7":"pa_classification-aop-costieres-de-nimes-fr","8":"pa_color-blanc-fr","9":"pa_color-rouge-fr","10":"pa_country-france-fr","11":"pa_package-1x1-fr","12":"pa_package-1x6-fr","13":"pa_region-vallee-du-rhone-fr","14":"pa_storage-potential-5-ans-fr","15":"pa_storage-potential-7-ans","16":"pa_vintage-2021-fr","17":"pa_volume-75-cl-fr","19":"first","20":"instock","21":"taxable","22":"shipping-taxable","23":"purchasable","24":"product-type-bundle"},"bundled_by":[],"bundle_stock_status":"instock","bundle_stock_quantity":"","bundle_virtual":false,"bundle_layout":"grid","bundle_add_to_cart_form_location":"after_summary","bundle_editable_in_cart":false,"bundle_sold_individually_context":"product","bundle_item_grouping":"noindent","bundle_min_size":"","bundle_max_size":"","bundle_price":{"price":{"min":{"incl_tax":"74.9","excl_tax":"74.9166667"},"max":{"incl_tax":"74.9","excl_tax":"74.9166667"}},"regular_price":{"min":{"incl_tax":"74.9","excl_tax":"74.9166667"},"max":{"incl_tax":"74.9","excl_tax":"74.9166667"}}},"bundled_items":[{"bundled_item_id":8656,"product_id":117909,"menu_order":0,"quantity_min":3,"quantity_max":3,"quantity_default":3,"priced_individually":false,"shipped_individually":false,"override_title":false,"title":"Ch\u00e2teau d&#8217;Or &#038; de Gueules Trassegum &#8211; Blanc","override_description":false,"description":"Ch\u00e2teau d&#8217;Or &#038; de Gueules Trassegum &#8211; Blanc","optional":false,"hide_thumbnail":false,"discount":"","override_variations":true,"allowed_variations":[""],"override_default_variation_attributes":true,"default_variation_attributes":[],"single_product_visibility":"visible","cart_visibility":"hidden","order_visibility":"visible","single_product_price_visibility":"visible","cart_price_visibility":"visible","order_price_visibility":"visible","stock_status":"in_stock"},{"bundled_item_id":8657,"product_id":117914,"menu_order":1,"quantity_min":3,"quantity_max":3,"quantity_default":3,"priced_individually":false,"shipped_individually":false,"override_title":false,"title":"Ch\u00e2teau d&#8217;Or &#038; de Gueules &#8220;Trassegum&#8221; &#8211; Rouge","override_description":false,"description":"Ch\u00e2teau d&#8217;Or &#038; de Gueules &#8220;Trassegum&#8221; &#8211; Rouge","optional":false,"hide_thumbnail":false,"discount":"","override_variations":true,"allowed_variations":[""],"override_default_variation_attributes":true,"default_variation_attributes":[],"single_product_visibility":"visible","cart_visibility":"hidden","order_visibility":"visible","single_product_price_visibility":"visible","cart_price_visibility":"visible","order_price_visibility":"visible","stock_status":"in_stock"}],"bundle_sell_ids":[],"yoast_head":"<!-- This site is optimized with the Yoast SEO plugin v27.3 - https:\/\/yoast.com\/product\/yoast-seo-wordpress\/ -->\n<title>Acheter Ch\u00e2teau d&#039;Or &amp; de Gueules - &quot;Trassegum&quot; - carton vin m\u00e9lang\u00e9<\/title>\n<meta name=\"description\" content=\"Acheter Ch\u00e2teau d&#039;Or &amp; de Gueules - &quot;Trassegum&quot; - carton vin m\u00e9lang\u00e9. Ce cartons contient 3 vins rouges et 3 vins blancs. Carton d\u00e9gustation\" \/>\n<meta name=\"robots\" content=\"index, follow, max-snippet:-1, max-image-preview:large, max-video-preview:-1\" \/>\n<link rel=\"canonical\" href=\"https:\/\/www.ivinio.com\/fr\/produit\/pack-decouverte-de-2-vins-x3-trassegum-chateau-dor-de-gueules\/\" \/>\n<meta property=\"og:locale\" content=\"fr_FR\" \/>\n<meta property=\"og:type\" content=\"article\" \/>\n<meta property=\"og:title\" content=\"Acheter Ch\u00e2teau d&#039;Or &amp; de Gueules - &quot;Trassegum&quot; - carton vin m\u00e9lang\u00e9\" \/>\n<meta property=\"og:description\" content=\"Acheter Ch\u00e2teau d&#039;Or &amp; de Gueules - &quot;Trassegum&quot; - carton vin m\u00e9lang\u00e9. Ce cartons contient 3 vins rouges et 3 vins blancs. Carton d\u00e9gustation\" \/>\n<meta property=\"og:url\" content=\"https:\/\/www.ivinio.com\/fr\/produit\/pack-decouverte-de-2-vins-x3-trassegum-chateau-dor-de-gueules\/\" \/>\n<meta property=\"og:site_name\" content=\"IVINIO Caviste\" \/>\n<meta property=\"article:publisher\" content=\"https:\/\/www.facebook.com\/groups\/165217837022391\/?ref=bookmarks\" \/>\n<meta property=\"article:modified_time\" content=\"2021-11-27T18:08:19+00:00\" \/>\n<meta property=\"og:image\" content=\"https:\/\/www.ivinio.com\/wp-content\/uploads\/nc\/public\/modules\/file\/pictures\/4582.packtrassegum500x500.jpg\" \/>\n\t<meta property=\"og:image:width\" content=\"500\" \/>\n\t<meta property=\"og:image:height\" content=\"500\" \/>\n\t<meta property=\"og:image:type\" content=\"image\/jpeg\" \/>\n<meta name=\"twitter:card\" content=\"summary_large_image\" \/>\n<meta name=\"twitter:label1\" content=\"Dur\u00e9e de lecture estim\u00e9e\" \/>\n\t<meta name=\"twitter:data1\" content=\"1 minute\" \/>\n<script type=\"application\/ld+json\" class=\"yoast-schema-graph\">{\"@context\":\"https:\\\/\\\/schema.org\",\"@graph\":[{\"@type\":\"WebPage\",\"@id\":\"https:\\\/\\\/www.ivinio.com\\\/fr\\\/produit\\\/pack-decouverte-de-2-vins-x3-trassegum-chateau-dor-de-gueules\\\/\",\"url\":\"https:\\\/\\\/www.ivinio.com\\\/fr\\\/produit\\\/pack-decouverte-de-2-vins-x3-trassegum-chateau-dor-de-gueules\\\/\",\"name\":\"Acheter Ch\u00e2teau d'Or & de Gueules - \\\"Trassegum\\\" - carton vin m\u00e9lang\u00e9\",\"isPartOf\":{\"@id\":\"https:\\\/\\\/www.ivinio.com\\\/fr\\\/#website\"},\"primaryImageOfPage\":{\"@id\":\"https:\\\/\\\/www.ivinio.com\\\/fr\\\/produit\\\/pack-decouverte-de-2-vins-x3-trassegum-chateau-dor-de-gueules\\\/#primaryimage\"},\"image\":{\"@id\":\"https:\\\/\\\/www.ivinio.com\\\/fr\\\/produit\\\/pack-decouverte-de-2-vins-x3-trassegum-chateau-dor-de-gueules\\\/#primaryimage\"},\"thumbnailUrl\":\"https:\\\/\\\/www.ivinio.com\\\/wp-content\\\/uploads\\\/nc\\\/public\\\/modules\\\/file\\\/pictures\\\/4582.packtrassegum500x500.jpg\",\"datePublished\":\"2014-05-21T10:20:34+00:00\",\"dateModified\":\"2021-11-27T18:08:19+00:00\",\"description\":\"Acheter Ch\u00e2teau d'Or & de Gueules - \\\"Trassegum\\\" - carton vin m\u00e9lang\u00e9. Ce cartons contient 3 vins rouges et 3 vins blancs. Carton d\u00e9gustation\",\"breadcrumb\":{\"@id\":\"https:\\\/\\\/www.ivinio.com\\\/fr\\\/produit\\\/pack-decouverte-de-2-vins-x3-trassegum-chateau-dor-de-gueules\\\/#breadcrumb\"},\"inLanguage\":\"fr-FR\",\"potentialAction\":[{\"@type\":\"ReadAction\",\"target\":[\"https:\\\/\\\/www.ivinio.com\\\/fr\\\/produit\\\/pack-decouverte-de-2-vins-x3-trassegum-chateau-dor-de-gueules\\\/\"]}]},{\"@type\":\"ImageObject\",\"inLanguage\":\"fr-FR\",\"@id\":\"https:\\\/\\\/www.ivinio.com\\\/fr\\\/produit\\\/pack-decouverte-de-2-vins-x3-trassegum-chateau-dor-de-gueules\\\/#primaryimage\",\"url\":\"https:\\\/\\\/www.ivinio.com\\\/wp-content\\\/uploads\\\/nc\\\/public\\\/modules\\\/file\\\/pictures\\\/4582.packtrassegum500x500.jpg\",\"contentUrl\":\"https:\\\/\\\/www.ivinio.com\\\/wp-content\\\/uploads\\\/nc\\\/public\\\/modules\\\/file\\\/pictures\\\/4582.packtrassegum500x500.jpg\",\"width\":500,\"height\":500,\"caption\":\"Ch\u00e2teau d'Or & de Gueules - \\\"Trassegum\\\"\"},{\"@type\":\"BreadcrumbList\",\"@id\":\"https:\\\/\\\/www.ivinio.com\\\/fr\\\/produit\\\/pack-decouverte-de-2-vins-x3-trassegum-chateau-dor-de-gueules\\\/#breadcrumb\",\"itemListElement\":[{\"@type\":\"ListItem\",\"position\":1,\"name\":\"Home\",\"item\":\"https:\\\/\\\/www.ivinio.com\\\/fr\\\/\"},{\"@type\":\"ListItem\",\"position\":2,\"name\":\"Boutique de vin\",\"item\":\"https:\\\/\\\/www.ivinio.com\\\/fr\\\/boutique-de-vin\\\/\"},{\"@type\":\"ListItem\",\"position\":3,\"name\":\"Ch\u00e2teau d&#8217;Or &#038; de Gueules &#8211; &#8220;Trassegum&#8221; &#8211; carton d\u00e9couverte 2&#215;3 bouteilles\"}]},{\"@type\":\"WebSite\",\"@id\":\"https:\\\/\\\/www.ivinio.com\\\/fr\\\/#website\",\"url\":\"https:\\\/\\\/www.ivinio.com\\\/fr\\\/\",\"name\":\"IVINIO Caviste\",\"description\":\"Vins de France et d&#039;Italie avec livraison \u00e0 domicile\",\"publisher\":{\"@id\":\"https:\\\/\\\/www.ivinio.com\\\/fr\\\/#organization\"},\"potentialAction\":[{\"@type\":\"SearchAction\",\"target\":{\"@type\":\"EntryPoint\",\"urlTemplate\":\"https:\\\/\\\/www.ivinio.com\\\/fr\\\/?s={search_term_string}\"},\"query-input\":{\"@type\":\"PropertyValueSpecification\",\"valueRequired\":true,\"valueName\":\"search_term_string\"}}],\"inLanguage\":\"fr-FR\"},{\"@type\":\"Organization\",\"@id\":\"https:\\\/\\\/www.ivinio.com\\\/fr\\\/#organization\",\"name\":\"IVINIO\",\"url\":\"https:\\\/\\\/www.ivinio.com\\\/fr\\\/\",\"logo\":{\"@type\":\"ImageObject\",\"inLanguage\":\"fr-FR\",\"@id\":\"https:\\\/\\\/www.ivinio.com\\\/fr\\\/#\\\/schema\\\/logo\\\/image\\\/\",\"url\":\"https:\\\/\\\/www.ivinio.com\\\/wp-content\\\/uploads\\\/2021\\\/01\\\/Logo-Ivinio-v2.jpg\",\"contentUrl\":\"https:\\\/\\\/www.ivinio.com\\\/wp-content\\\/uploads\\\/2021\\\/01\\\/Logo-Ivinio-v2.jpg\",\"width\":1194,\"height\":1194,\"caption\":\"IVINIO\"},\"image\":{\"@id\":\"https:\\\/\\\/www.ivinio.com\\\/fr\\\/#\\\/schema\\\/logo\\\/image\\\/\"},\"sameAs\":[\"https:\\\/\\\/www.facebook.com\\\/groups\\\/165217837022391\\\/?ref=bookmarks\",\"https:\\\/\\\/www.instagram.com\\\/_ivinio_\\\/?hl=fr\"]}]}<\/script>\n<!-- \/ Yoast SEO plugin. -->","yoast_head_json":{"title":"Acheter Ch\u00e2teau d'Or & de Gueules - \"Trassegum\" - carton vin m\u00e9lang\u00e9","description":"Acheter Ch\u00e2teau d'Or & de Gueules - \"Trassegum\" - carton vin m\u00e9lang\u00e9. Ce cartons contient 3 vins rouges et 3 vins blancs. Carton d\u00e9gustation","robots":{"index":"index","follow":"follow","max-snippet":"max-snippet:-1","max-image-preview":"max-image-preview:large","max-video-preview":"max-video-preview:-1"},"canonical":"https:\/\/www.ivinio.com\/fr\/produit\/pack-decouverte-de-2-vins-x3-trassegum-chateau-dor-de-gueules\/","og_locale":"fr_FR","og_type":"article","og_title":"Acheter Ch\u00e2teau d'Or & de Gueules - \"Trassegum\" - carton vin m\u00e9lang\u00e9","og_description":"Acheter Ch\u00e2teau d'Or & de Gueules - \"Trassegum\" - carton vin m\u00e9lang\u00e9. Ce cartons contient 3 vins rouges et 3 vins blancs. Carton d\u00e9gustation","og_url":"https:\/\/www.ivinio.com\/fr\/produit\/pack-decouverte-de-2-vins-x3-trassegum-chateau-dor-de-gueules\/","og_site_name":"IVINIO Caviste","article_publisher":"https:\/\/www.facebook.com\/groups\/165217837022391\/?ref=bookmarks","article_modified_time":"2021-11-27T18:08:19+00:00","og_image":[{"width":500,"height":500,"url":"https:\/\/www.ivinio.com\/wp-content\/uploads\/nc\/public\/modules\/file\/pictures\/4582.packtrassegum500x500.jpg","type":"image\/jpeg"}],"twitter_card":"summary_large_image","twitter_misc":{"Dur\u00e9e de lecture estim\u00e9e":"1 minute"},"schema":{"@context":"https:\/\/schema.org","@graph":[{"@type":"WebPage","@id":"https:\/\/www.ivinio.com\/fr\/produit\/pack-decouverte-de-2-vins-x3-trassegum-chateau-dor-de-gueules\/","url":"https:\/\/www.ivinio.com\/fr\/produit\/pack-decouverte-de-2-vins-x3-trassegum-chateau-dor-de-gueules\/","name":"Acheter Ch\u00e2teau d'Or & de Gueules - \"Trassegum\" - carton vin m\u00e9lang\u00e9","isPartOf":{"@id":"https:\/\/www.ivinio.com\/fr\/#website"},"primaryImageOfPage":{"@id":"https:\/\/www.ivinio.com\/fr\/produit\/pack-decouverte-de-2-vins-x3-trassegum-chateau-dor-de-gueules\/#primaryimage"},"image":{"@id":"https:\/\/www.ivinio.com\/fr\/produit\/pack-decouverte-de-2-vins-x3-trassegum-chateau-dor-de-gueules\/#primaryimage"},"thumbnailUrl":"https:\/\/www.ivinio.com\/wp-content\/uploads\/nc\/public\/modules\/file\/pictures\/4582.packtrassegum500x500.jpg","datePublished":"2014-05-21T10:20:34+00:00","dateModified":"2021-11-27T18:08:19+00:00","description":"Acheter Ch\u00e2teau d'Or & de Gueules - \"Trassegum\" - carton vin m\u00e9lang\u00e9. Ce cartons contient 3 vins rouges et 3 vins blancs. Carton d\u00e9gustation","breadcrumb":{"@id":"https:\/\/www.ivinio.com\/fr\/produit\/pack-decouverte-de-2-vins-x3-trassegum-chateau-dor-de-gueules\/#breadcrumb"},"inLanguage":"fr-FR","potentialAction":[{"@type":"ReadAction","target":["https:\/\/www.ivinio.com\/fr\/produit\/pack-decouverte-de-2-vins-x3-trassegum-chateau-dor-de-gueules\/"]}]},{"@type":"ImageObject","inLanguage":"fr-FR","@id":"https:\/\/www.ivinio.com\/fr\/produit\/pack-decouverte-de-2-vins-x3-trassegum-chateau-dor-de-gueules\/#primaryimage","url":"https:\/\/www.ivinio.com\/wp-content\/uploads\/nc\/public\/modules\/file\/pictures\/4582.packtrassegum500x500.jpg","contentUrl":"https:\/\/www.ivinio.com\/wp-content\/uploads\/nc\/public\/modules\/file\/pictures\/4582.packtrassegum500x500.jpg","width":500,"height":500,"caption":"Ch\u00e2teau d'Or & de Gueules - \"Trassegum\""},{"@type":"BreadcrumbList","@id":"https:\/\/www.ivinio.com\/fr\/produit\/pack-decouverte-de-2-vins-x3-trassegum-chateau-dor-de-gueules\/#breadcrumb","itemListElement":[{"@type":"ListItem","position":1,"name":"Home","item":"https:\/\/www.ivinio.com\/fr\/"},{"@type":"ListItem","position":2,"name":"Boutique de vin","item":"https:\/\/www.ivinio.com\/fr\/boutique-de-vin\/"},{"@type":"ListItem","position":3,"name":"Ch\u00e2teau d&#8217;Or &#038; de Gueules &#8211; &#8220;Trassegum&#8221; &#8211; carton d\u00e9couverte 2&#215;3 bouteilles"}]},{"@type":"WebSite","@id":"https:\/\/www.ivinio.com\/fr\/#website","url":"https:\/\/www.ivinio.com\/fr\/","name":"IVINIO Caviste","description":"Vins de France et d&#039;Italie avec livraison \u00e0 domicile","publisher":{"@id":"https:\/\/www.ivinio.com\/fr\/#organization"},"potentialAction":[{"@type":"SearchAction","target":{"@type":"EntryPoint","urlTemplate":"https:\/\/www.ivinio.com\/fr\/?s={search_term_string}"},"query-input":{"@type":"PropertyValueSpecification","valueRequired":true,"valueName":"search_term_string"}}],"inLanguage":"fr-FR"},{"@type":"Organization","@id":"https:\/\/www.ivinio.com\/fr\/#organization","name":"IVINIO","url":"https:\/\/www.ivinio.com\/fr\/","logo":{"@type":"ImageObject","inLanguage":"fr-FR","@id":"https:\/\/www.ivinio.com\/fr\/#\/schema\/logo\/image\/","url":"https:\/\/www.ivinio.com\/wp-content\/uploads\/2021\/01\/Logo-Ivinio-v2.jpg","contentUrl":"https:\/\/www.ivinio.com\/wp-content\/uploads\/2021\/01\/Logo-Ivinio-v2.jpg","width":1194,"height":1194,"caption":"IVINIO"},"image":{"@id":"https:\/\/www.ivinio.com\/fr\/#\/schema\/logo\/image\/"},"sameAs":["https:\/\/www.facebook.com\/groups\/165217837022391\/?ref=bookmarks","https:\/\/www.instagram.com\/_ivinio_\/?hl=fr"]}]}},"jetpack_sharing_enabled":true,"_links":{"self":[{"href":"https:\/\/www.ivinio.com\/fr\/wp-json\/wp\/v2\/product\/117931","targetHints":{"allow":["GET"]}}],"collection":[{"href":"https:\/\/www.ivinio.com\/fr\/wp-json\/wp\/v2\/product"}],"about":[{"href":"https:\/\/www.ivinio.com\/fr\/wp-json\/wp\/v2\/types\/product"}],"replies":[{"embeddable":true,"href":"https:\/\/www.ivinio.com\/fr\/wp-json\/wp\/v2\/comments?post=117931"}],"wp:featuredmedia":[{"embeddable":true,"href":"https:\/\/www.ivinio.com\/fr\/wp-json\/wp\/v2\/media\/117934"}],"wp:attachment":[{"href":"https:\/\/www.ivinio.com\/fr\/wp-json\/wp\/v2\/media?parent=117931"}],"wp:term":[{"taxonomy":"product_brand","embeddable":true,"href":"https:\/\/www.ivinio.com\/fr\/wp-json\/wp\/v2\/product_brand?post=117931"},{"taxonomy":"product_cat","embeddable":true,"href":"https:\/\/www.ivinio.com\/fr\/wp-json\/wp\/v2\/product_cat?post=117931"},{"taxonomy":"product_tag","embeddable":true,"href":"https:\/\/www.ivinio.com\/fr\/wp-json\/wp\/v2\/product_tag?post=117931"}],"curies":[{"name":"wp","href":"https:\/\/api.w.org\/{rel}","templated":true}]}}