{"id":117871,"date":"2014-05-21T12:20:34","date_gmt":"2014-05-21T10:20:34","guid":{"rendered":"https:\/\/henrik.www.ivinio.com\/?product=masciarelli-villa-gemma-2006-rouge"},"modified":"2022-12-29T12:10:09","modified_gmt":"2022-12-29T11:10:09","slug":"masciarelli-villa-gemma-rouge","status":"publish","type":"product","link":"https:\/\/www.ivinio.com\/fr\/produit\/masciarelli-villa-gemma-rouge\/","title":{"rendered":"Masciarelli &#8220;Villa Gemma&#8221; &#8211; Rouge"},"content":{"rendered":"<p>Masciarelli &#8220;Villa Gemma&#8221; &#8211; Rouge est le vin phare du domaine Masciarelli. Il est produit \u00e0 partir de 100% du c\u00e9page Montepulciano d&#8217;Abruzzo. Les raisins sont r\u00e9colt\u00e9s \u00e0 la fin Octobre et vont ensuite mac\u00e9rer pendant 20 \u00e0 30 jours avant de commencer le processus de fermentation pendant 15 \u00e0 20 jours. Il Vieillit un an 1\/2 \u00e0 2 ans en f\u00fbts de ch\u00eane, puis une ann\u00e9e suppl\u00e9mentaire en bouteille.<\/p>\n","protected":false},"excerpt":{"rendered":"<p>Un vin rouge exclusif issu de raisins Montepulciano. Saveur intense et complexe avec des ar\u00f4mes pleins et \u00e9l\u00e9gants.<\/p>\n","protected":false},"featured_media":132117,"comment_status":"open","ping_status":"closed","template":"","meta":{"_monsterinsights_skip_tracking":false,"_monsterinsights_sitenote_active":false,"_monsterinsights_sitenote_note":"","_monsterinsights_sitenote_category":0,"_uf_show_specific_survey":0,"_uf_disable_surveys":false},"product_brand":[],"product_cat":[36646,36589],"product_tag":[],"class_list":{"0":"post-117871","1":"product","2":"type-product","3":"status-publish","4":"has-post-thumbnail","6":"product_cat-fr-abruzzo","7":"product_cat-vins-italiens","8":"pa_alcohol-degree-145-fr","9":"pa_classification-doc-montepulciano-dabruzzo-fr","10":"pa_color-rouge-fr","11":"pa_country-italie-fr","12":"pa_grape-variety-montepulciano-dabruzzo-fr","13":"pa_package-1x1-fr","14":"pa_package-1x6-fr","15":"pa_region-abruzzes-fr","16":"pa_storage-potential-plus-de-10-ans-fr","17":"pa_vintage-2017-fr","18":"pa_volume-75-cl-fr","20":"first","21":"instock","22":"taxable","23":"shipping-taxable","24":"purchasable","25":"product-type-variable"},"bundled_by":["117884"],"bundle_stock_status":"instock","bundle_stock_quantity":null,"bundle_virtual":false,"bundle_layout":"","bundle_add_to_cart_form_location":"","bundle_editable_in_cart":false,"bundle_sold_individually_context":"","bundle_item_grouping":"","bundle_min_size":"","bundle_max_size":"","bundle_price":[],"bundled_items":[],"bundle_sell_ids":[],"yoast_head":"<!-- This site is optimized with the Yoast SEO plugin v27.5 - https:\/\/yoast.com\/product\/yoast-seo-wordpress\/ -->\n<title>Acheter Masciarelli &quot;Villa Gemma&quot; - Rouge - IVINIO Caviste<\/title>\n<meta name=\"description\" content=\"Acheter Masciarelli &quot;Villa Gemma&quot; - Vin rouge exclusif issu de raisins Montepulciano. Saveur intense et complexe avec des ar\u00f4mes pleins et \u00e9l\u00e9gants.\" \/>\n<meta name=\"robots\" content=\"index, follow, max-snippet:-1, max-image-preview:large, max-video-preview:-1\" \/>\n<link rel=\"canonical\" href=\"https:\/\/www.ivinio.com\/fr\/produit\/masciarelli-villa-gemma-rouge\/\" \/>\n<meta property=\"og:locale\" content=\"fr_FR\" \/>\n<meta property=\"og:type\" content=\"article\" \/>\n<meta property=\"og:title\" content=\"Acheter Masciarelli &quot;Villa Gemma&quot; - Rouge - IVINIO Caviste\" \/>\n<meta property=\"og:description\" content=\"Acheter Masciarelli &quot;Villa Gemma&quot; - Vin rouge exclusif issu de raisins Montepulciano. Saveur intense et complexe avec des ar\u00f4mes pleins et \u00e9l\u00e9gants.\" \/>\n<meta property=\"og:url\" content=\"https:\/\/www.ivinio.com\/fr\/produit\/masciarelli-villa-gemma-rouge\/\" \/>\n<meta property=\"og:site_name\" content=\"IVINIO Caviste\" \/>\n<meta property=\"article:publisher\" content=\"https:\/\/www.facebook.com\/groups\/165217837022391\/?ref=bookmarks\" \/>\n<meta property=\"article:modified_time\" content=\"2022-12-29T11:10:09+00:00\" \/>\n<meta property=\"og:image\" content=\"https:\/\/www.ivinio.com\/wp-content\/uploads\/2014\/05\/Masciarelli-Villa-Gemma-IVINIO.jpg\" \/>\n\t<meta property=\"og:image:width\" content=\"500\" \/>\n\t<meta property=\"og:image:height\" content=\"500\" \/>\n\t<meta property=\"og:image:type\" content=\"image\/jpeg\" \/>\n<meta name=\"twitter:card\" content=\"summary_large_image\" \/>\n<script type=\"application\/ld+json\" class=\"yoast-schema-graph\">{\"@context\":\"https:\\\/\\\/schema.org\",\"@graph\":[{\"@type\":\"WebPage\",\"@id\":\"https:\\\/\\\/www.ivinio.com\\\/fr\\\/produit\\\/masciarelli-villa-gemma-rouge\\\/\",\"url\":\"https:\\\/\\\/www.ivinio.com\\\/fr\\\/produit\\\/masciarelli-villa-gemma-rouge\\\/\",\"name\":\"Acheter Masciarelli \\\"Villa Gemma\\\" - Rouge - IVINIO Caviste\",\"isPartOf\":{\"@id\":\"https:\\\/\\\/www.ivinio.com\\\/fr\\\/#website\"},\"primaryImageOfPage\":{\"@id\":\"https:\\\/\\\/www.ivinio.com\\\/fr\\\/produit\\\/masciarelli-villa-gemma-rouge\\\/#primaryimage\"},\"image\":{\"@id\":\"https:\\\/\\\/www.ivinio.com\\\/fr\\\/produit\\\/masciarelli-villa-gemma-rouge\\\/#primaryimage\"},\"thumbnailUrl\":\"https:\\\/\\\/www.ivinio.com\\\/wp-content\\\/uploads\\\/2014\\\/05\\\/Masciarelli-Villa-Gemma-IVINIO.jpg\",\"datePublished\":\"2014-05-21T10:20:34+00:00\",\"dateModified\":\"2022-12-29T11:10:09+00:00\",\"description\":\"Acheter Masciarelli \\\"Villa Gemma\\\" - Vin rouge exclusif issu de raisins Montepulciano. Saveur intense et complexe avec des ar\u00f4mes pleins et \u00e9l\u00e9gants.\",\"breadcrumb\":{\"@id\":\"https:\\\/\\\/www.ivinio.com\\\/fr\\\/produit\\\/masciarelli-villa-gemma-rouge\\\/#breadcrumb\"},\"inLanguage\":\"fr-FR\",\"potentialAction\":[{\"@type\":\"ReadAction\",\"target\":[\"https:\\\/\\\/www.ivinio.com\\\/fr\\\/produit\\\/masciarelli-villa-gemma-rouge\\\/\"]}]},{\"@type\":\"ImageObject\",\"inLanguage\":\"fr-FR\",\"@id\":\"https:\\\/\\\/www.ivinio.com\\\/fr\\\/produit\\\/masciarelli-villa-gemma-rouge\\\/#primaryimage\",\"url\":\"https:\\\/\\\/www.ivinio.com\\\/wp-content\\\/uploads\\\/2014\\\/05\\\/Masciarelli-Villa-Gemma-IVINIO.jpg\",\"contentUrl\":\"https:\\\/\\\/www.ivinio.com\\\/wp-content\\\/uploads\\\/2014\\\/05\\\/Masciarelli-Villa-Gemma-IVINIO.jpg\",\"width\":500,\"height\":500,\"caption\":\"Masciarelli - \\\"Villa Gemma\\\"\"},{\"@type\":\"BreadcrumbList\",\"@id\":\"https:\\\/\\\/www.ivinio.com\\\/fr\\\/produit\\\/masciarelli-villa-gemma-rouge\\\/#breadcrumb\",\"itemListElement\":[{\"@type\":\"ListItem\",\"position\":1,\"name\":\"Home\",\"item\":\"https:\\\/\\\/www.ivinio.com\\\/fr\\\/\"},{\"@type\":\"ListItem\",\"position\":2,\"name\":\"Boutique de vin\",\"item\":\"https:\\\/\\\/www.ivinio.com\\\/fr\\\/boutique-de-vin\\\/\"},{\"@type\":\"ListItem\",\"position\":3,\"name\":\"Masciarelli &#8220;Villa Gemma&#8221; &#8211; Rouge\"}]},{\"@type\":\"WebSite\",\"@id\":\"https:\\\/\\\/www.ivinio.com\\\/fr\\\/#website\",\"url\":\"https:\\\/\\\/www.ivinio.com\\\/fr\\\/\",\"name\":\"IVINIO Caviste\",\"description\":\"Vins de France et d&#039;Italie avec livraison \u00e0 domicile\",\"publisher\":{\"@id\":\"https:\\\/\\\/www.ivinio.com\\\/fr\\\/#organization\"},\"potentialAction\":[{\"@type\":\"SearchAction\",\"target\":{\"@type\":\"EntryPoint\",\"urlTemplate\":\"https:\\\/\\\/www.ivinio.com\\\/fr\\\/?s={search_term_string}\"},\"query-input\":{\"@type\":\"PropertyValueSpecification\",\"valueRequired\":true,\"valueName\":\"search_term_string\"}}],\"inLanguage\":\"fr-FR\"},{\"@type\":\"Organization\",\"@id\":\"https:\\\/\\\/www.ivinio.com\\\/fr\\\/#organization\",\"name\":\"IVINIO\",\"url\":\"https:\\\/\\\/www.ivinio.com\\\/fr\\\/\",\"logo\":{\"@type\":\"ImageObject\",\"inLanguage\":\"fr-FR\",\"@id\":\"https:\\\/\\\/www.ivinio.com\\\/fr\\\/#\\\/schema\\\/logo\\\/image\\\/\",\"url\":\"https:\\\/\\\/www.ivinio.com\\\/wp-content\\\/uploads\\\/2021\\\/01\\\/Logo-Ivinio-v2.jpg\",\"contentUrl\":\"https:\\\/\\\/www.ivinio.com\\\/wp-content\\\/uploads\\\/2021\\\/01\\\/Logo-Ivinio-v2.jpg\",\"width\":1194,\"height\":1194,\"caption\":\"IVINIO\"},\"image\":{\"@id\":\"https:\\\/\\\/www.ivinio.com\\\/fr\\\/#\\\/schema\\\/logo\\\/image\\\/\"},\"sameAs\":[\"https:\\\/\\\/www.facebook.com\\\/groups\\\/165217837022391\\\/?ref=bookmarks\",\"https:\\\/\\\/www.instagram.com\\\/_ivinio_\\\/?hl=fr\"]}]}<\/script>\n<!-- \/ Yoast SEO plugin. -->","yoast_head_json":{"title":"Acheter Masciarelli \"Villa Gemma\" - Rouge - IVINIO Caviste","description":"Acheter Masciarelli \"Villa Gemma\" - Vin rouge exclusif issu de raisins Montepulciano. Saveur intense et complexe avec des ar\u00f4mes pleins et \u00e9l\u00e9gants.","robots":{"index":"index","follow":"follow","max-snippet":"max-snippet:-1","max-image-preview":"max-image-preview:large","max-video-preview":"max-video-preview:-1"},"canonical":"https:\/\/www.ivinio.com\/fr\/produit\/masciarelli-villa-gemma-rouge\/","og_locale":"fr_FR","og_type":"article","og_title":"Acheter Masciarelli \"Villa Gemma\" - Rouge - IVINIO Caviste","og_description":"Acheter Masciarelli \"Villa Gemma\" - Vin rouge exclusif issu de raisins Montepulciano. Saveur intense et complexe avec des ar\u00f4mes pleins et \u00e9l\u00e9gants.","og_url":"https:\/\/www.ivinio.com\/fr\/produit\/masciarelli-villa-gemma-rouge\/","og_site_name":"IVINIO Caviste","article_publisher":"https:\/\/www.facebook.com\/groups\/165217837022391\/?ref=bookmarks","article_modified_time":"2022-12-29T11:10:09+00:00","og_image":[{"width":500,"height":500,"url":"https:\/\/www.ivinio.com\/wp-content\/uploads\/2014\/05\/Masciarelli-Villa-Gemma-IVINIO.jpg","type":"image\/jpeg"}],"twitter_card":"summary_large_image","schema":{"@context":"https:\/\/schema.org","@graph":[{"@type":"WebPage","@id":"https:\/\/www.ivinio.com\/fr\/produit\/masciarelli-villa-gemma-rouge\/","url":"https:\/\/www.ivinio.com\/fr\/produit\/masciarelli-villa-gemma-rouge\/","name":"Acheter Masciarelli \"Villa Gemma\" - Rouge - IVINIO Caviste","isPartOf":{"@id":"https:\/\/www.ivinio.com\/fr\/#website"},"primaryImageOfPage":{"@id":"https:\/\/www.ivinio.com\/fr\/produit\/masciarelli-villa-gemma-rouge\/#primaryimage"},"image":{"@id":"https:\/\/www.ivinio.com\/fr\/produit\/masciarelli-villa-gemma-rouge\/#primaryimage"},"thumbnailUrl":"https:\/\/www.ivinio.com\/wp-content\/uploads\/2014\/05\/Masciarelli-Villa-Gemma-IVINIO.jpg","datePublished":"2014-05-21T10:20:34+00:00","dateModified":"2022-12-29T11:10:09+00:00","description":"Acheter Masciarelli \"Villa Gemma\" - Vin rouge exclusif issu de raisins Montepulciano. Saveur intense et complexe avec des ar\u00f4mes pleins et \u00e9l\u00e9gants.","breadcrumb":{"@id":"https:\/\/www.ivinio.com\/fr\/produit\/masciarelli-villa-gemma-rouge\/#breadcrumb"},"inLanguage":"fr-FR","potentialAction":[{"@type":"ReadAction","target":["https:\/\/www.ivinio.com\/fr\/produit\/masciarelli-villa-gemma-rouge\/"]}]},{"@type":"ImageObject","inLanguage":"fr-FR","@id":"https:\/\/www.ivinio.com\/fr\/produit\/masciarelli-villa-gemma-rouge\/#primaryimage","url":"https:\/\/www.ivinio.com\/wp-content\/uploads\/2014\/05\/Masciarelli-Villa-Gemma-IVINIO.jpg","contentUrl":"https:\/\/www.ivinio.com\/wp-content\/uploads\/2014\/05\/Masciarelli-Villa-Gemma-IVINIO.jpg","width":500,"height":500,"caption":"Masciarelli - \"Villa Gemma\""},{"@type":"BreadcrumbList","@id":"https:\/\/www.ivinio.com\/fr\/produit\/masciarelli-villa-gemma-rouge\/#breadcrumb","itemListElement":[{"@type":"ListItem","position":1,"name":"Home","item":"https:\/\/www.ivinio.com\/fr\/"},{"@type":"ListItem","position":2,"name":"Boutique de vin","item":"https:\/\/www.ivinio.com\/fr\/boutique-de-vin\/"},{"@type":"ListItem","position":3,"name":"Masciarelli &#8220;Villa Gemma&#8221; &#8211; Rouge"}]},{"@type":"WebSite","@id":"https:\/\/www.ivinio.com\/fr\/#website","url":"https:\/\/www.ivinio.com\/fr\/","name":"IVINIO Caviste","description":"Vins de France et d&#039;Italie avec livraison \u00e0 domicile","publisher":{"@id":"https:\/\/www.ivinio.com\/fr\/#organization"},"potentialAction":[{"@type":"SearchAction","target":{"@type":"EntryPoint","urlTemplate":"https:\/\/www.ivinio.com\/fr\/?s={search_term_string}"},"query-input":{"@type":"PropertyValueSpecification","valueRequired":true,"valueName":"search_term_string"}}],"inLanguage":"fr-FR"},{"@type":"Organization","@id":"https:\/\/www.ivinio.com\/fr\/#organization","name":"IVINIO","url":"https:\/\/www.ivinio.com\/fr\/","logo":{"@type":"ImageObject","inLanguage":"fr-FR","@id":"https:\/\/www.ivinio.com\/fr\/#\/schema\/logo\/image\/","url":"https:\/\/www.ivinio.com\/wp-content\/uploads\/2021\/01\/Logo-Ivinio-v2.jpg","contentUrl":"https:\/\/www.ivinio.com\/wp-content\/uploads\/2021\/01\/Logo-Ivinio-v2.jpg","width":1194,"height":1194,"caption":"IVINIO"},"image":{"@id":"https:\/\/www.ivinio.com\/fr\/#\/schema\/logo\/image\/"},"sameAs":["https:\/\/www.facebook.com\/groups\/165217837022391\/?ref=bookmarks","https:\/\/www.instagram.com\/_ivinio_\/?hl=fr"]}]}},"jetpack_sharing_enabled":true,"_links":{"self":[{"href":"https:\/\/www.ivinio.com\/fr\/wp-json\/wp\/v2\/product\/117871","targetHints":{"allow":["GET"]}}],"collection":[{"href":"https:\/\/www.ivinio.com\/fr\/wp-json\/wp\/v2\/product"}],"about":[{"href":"https:\/\/www.ivinio.com\/fr\/wp-json\/wp\/v2\/types\/product"}],"replies":[{"embeddable":true,"href":"https:\/\/www.ivinio.com\/fr\/wp-json\/wp\/v2\/comments?post=117871"}],"wp:featuredmedia":[{"embeddable":true,"href":"https:\/\/www.ivinio.com\/fr\/wp-json\/wp\/v2\/media\/132117"}],"wp:attachment":[{"href":"https:\/\/www.ivinio.com\/fr\/wp-json\/wp\/v2\/media?parent=117871"}],"wp:term":[{"taxonomy":"product_brand","embeddable":true,"href":"https:\/\/www.ivinio.com\/fr\/wp-json\/wp\/v2\/product_brand?post=117871"},{"taxonomy":"product_cat","embeddable":true,"href":"https:\/\/www.ivinio.com\/fr\/wp-json\/wp\/v2\/product_cat?post=117871"},{"taxonomy":"product_tag","embeddable":true,"href":"https:\/\/www.ivinio.com\/fr\/wp-json\/wp\/v2\/product_tag?post=117871"}],"curies":[{"name":"wp","href":"https:\/\/api.w.org\/{rel}","templated":true}]}}