{"id":117859,"date":"2014-05-21T10:20:33","date_gmt":"2014-05-21T10:20:33","guid":{"rendered":"https:\/\/henrik.www.ivinio.com\/?product=masciarelli-montepulciano-dabruzzo-2014-rouge"},"modified":"2021-01-23T20:10:42","modified_gmt":"2021-01-23T19:10:42","slug":"masciarelli-montepulciano-dabruzzo-2014-rouge","status":"publish","type":"product","link":"https:\/\/www.ivinio.com\/fr\/produit\/masciarelli-montepulciano-dabruzzo-2014-rouge\/","title":{"rendered":"Masciarelli Montepulciano d&#8217;Abruzzo &#8211; Rouge"},"content":{"rendered":"<p>Montepulciano d&#8217;Abruzzo c\u00e9page unique\u00a0: Montepulciano.\u00a0La r\u00e9colte a lieu fin Septembre &#8211; d\u00e9but Octobre.\u00a0Les raisins sont s\u00e9par\u00e9s des tiges et des feuilles, mass\u00e8rent avec la peau une journ\u00e9e \u00e0 28 \u00b0degr\u00e9s. Le vin fini sa maturation dans des cuves en acier pendant 20 mois.<\/p>\n","protected":false},"excerpt":{"rendered":"<p>&#8220;Montepulciano d&#8217;Abruzzo&#8221; est un classique de Masciarelli. Ce\u00a0Montepulciano est un excellent rapport qualit\u00e9 \/ prix !<\/p>\n","protected":false},"featured_media":117862,"comment_status":"open","ping_status":"closed","template":"","meta":{"_monsterinsights_skip_tracking":false,"_monsterinsights_sitenote_active":false,"_monsterinsights_sitenote_note":"","_monsterinsights_sitenote_category":0,"_uf_show_specific_survey":0,"_uf_disable_surveys":false},"product_brand":[],"product_cat":[36646,36589],"product_tag":[],"class_list":{"0":"post-117859","1":"product","2":"type-product","3":"status-publish","4":"has-post-thumbnail","6":"product_cat-fr-abruzzo","7":"product_cat-vins-italiens","8":"pa_alcohol-degree-13-fr","9":"pa_classification-aop-montepulciano-dabruzzo-fr","10":"pa_color-rouge-fr","11":"pa_country-italie-fr","12":"pa_grape-variety-montepulciano-fr","13":"pa_region-abruzzes-fr","14":"pa_storage-potential-3-ans-fr","15":"pa_vintage-2014-fr","16":"pa_volume-75-cl-fr","18":"first","19":"instock","20":"taxable","21":"shipping-taxable","22":"purchasable","23":"product-type-simple"},"bundled_by":["124168","117884"],"bundle_stock_status":"instock","bundle_stock_quantity":6,"bundle_virtual":false,"bundle_layout":"","bundle_add_to_cart_form_location":"","bundle_editable_in_cart":false,"bundle_sold_individually_context":"","bundle_item_grouping":"","bundle_min_size":"","bundle_max_size":"","bundle_price":[],"bundled_items":[],"bundle_sell_ids":[],"yoast_head":"<!-- This site is optimized with the Yoast SEO plugin v27.5 - https:\/\/yoast.com\/product\/yoast-seo-wordpress\/ -->\n<title>Masciarelli Montepulciano d&#039;Abruzzo - acheter vin italiens en ligne - caviste en ligne Ivinio.com<\/title>\n<meta name=\"description\" content=\"Masciarelli Montepulciano d&#039;Abruzzo est un vin rouge classique du domaine Masciarelli. C&#039;est un c\u00e9page unique : montepulciano. Un tr\u00e8s bon rapport qualit\u00e9 \/ prix !\" \/>\n<meta name=\"robots\" content=\"index, follow, max-snippet:-1, max-image-preview:large, max-video-preview:-1\" \/>\n<link rel=\"canonical\" href=\"https:\/\/www.ivinio.com\/fr\/produit\/masciarelli-montepulciano-dabruzzo-2014-rouge\/\" \/>\n<meta property=\"og:locale\" content=\"fr_FR\" \/>\n<meta property=\"og:type\" content=\"article\" \/>\n<meta property=\"og:title\" content=\"Masciarelli Montepulciano d&#039;Abruzzo - acheter vin italiens en ligne - caviste en ligne Ivinio.com\" \/>\n<meta property=\"og:description\" content=\"Masciarelli Montepulciano d&#039;Abruzzo est un vin rouge classique du domaine Masciarelli. C&#039;est un c\u00e9page unique : montepulciano. Un tr\u00e8s bon rapport qualit\u00e9 \/ prix !\" \/>\n<meta property=\"og:url\" content=\"https:\/\/www.ivinio.com\/fr\/produit\/masciarelli-montepulciano-dabruzzo-2014-rouge\/\" \/>\n<meta property=\"og:site_name\" content=\"IVINIO Caviste\" \/>\n<meta property=\"article:publisher\" content=\"https:\/\/www.facebook.com\/groups\/165217837022391\/?ref=bookmarks\" \/>\n<meta property=\"article:modified_time\" content=\"2021-01-23T19:10:42+00:00\" \/>\n<meta property=\"og:image\" content=\"https:\/\/www.ivinio.com\/wp-content\/uploads\/nc\/public\/modules\/file\/pictures\/4901.masciarellimontepul500x500.jpg\" \/>\n\t<meta property=\"og:image:width\" content=\"500\" \/>\n\t<meta property=\"og:image:height\" content=\"500\" \/>\n\t<meta property=\"og:image:type\" content=\"image\/jpeg\" \/>\n<meta name=\"twitter:card\" content=\"summary_large_image\" \/>\n<script type=\"application\/ld+json\" class=\"yoast-schema-graph\">{\"@context\":\"https:\\\/\\\/schema.org\",\"@graph\":[{\"@type\":\"WebPage\",\"@id\":\"https:\\\/\\\/www.ivinio.com\\\/fr\\\/produit\\\/masciarelli-montepulciano-dabruzzo-2014-rouge\\\/\",\"url\":\"https:\\\/\\\/www.ivinio.com\\\/fr\\\/produit\\\/masciarelli-montepulciano-dabruzzo-2014-rouge\\\/\",\"name\":\"Masciarelli Montepulciano d'Abruzzo - acheter vin italiens en ligne - caviste en ligne Ivinio.com\",\"isPartOf\":{\"@id\":\"https:\\\/\\\/www.ivinio.com\\\/fr\\\/#website\"},\"primaryImageOfPage\":{\"@id\":\"https:\\\/\\\/www.ivinio.com\\\/fr\\\/produit\\\/masciarelli-montepulciano-dabruzzo-2014-rouge\\\/#primaryimage\"},\"image\":{\"@id\":\"https:\\\/\\\/www.ivinio.com\\\/fr\\\/produit\\\/masciarelli-montepulciano-dabruzzo-2014-rouge\\\/#primaryimage\"},\"thumbnailUrl\":\"https:\\\/\\\/www.ivinio.com\\\/wp-content\\\/uploads\\\/nc\\\/public\\\/modules\\\/file\\\/pictures\\\/4901.masciarellimontepul500x500.jpg\",\"datePublished\":\"2014-05-21T10:20:33+00:00\",\"dateModified\":\"2021-01-23T19:10:42+00:00\",\"description\":\"Masciarelli Montepulciano d'Abruzzo est un vin rouge classique du domaine Masciarelli. C'est un c\u00e9page unique : montepulciano. Un tr\u00e8s bon rapport qualit\u00e9 \\\/ prix !\",\"breadcrumb\":{\"@id\":\"https:\\\/\\\/www.ivinio.com\\\/fr\\\/produit\\\/masciarelli-montepulciano-dabruzzo-2014-rouge\\\/#breadcrumb\"},\"inLanguage\":\"fr-FR\",\"potentialAction\":[{\"@type\":\"ReadAction\",\"target\":[\"https:\\\/\\\/www.ivinio.com\\\/fr\\\/produit\\\/masciarelli-montepulciano-dabruzzo-2014-rouge\\\/\"]}]},{\"@type\":\"ImageObject\",\"inLanguage\":\"fr-FR\",\"@id\":\"https:\\\/\\\/www.ivinio.com\\\/fr\\\/produit\\\/masciarelli-montepulciano-dabruzzo-2014-rouge\\\/#primaryimage\",\"url\":\"https:\\\/\\\/www.ivinio.com\\\/wp-content\\\/uploads\\\/nc\\\/public\\\/modules\\\/file\\\/pictures\\\/4901.masciarellimontepul500x500.jpg\",\"contentUrl\":\"https:\\\/\\\/www.ivinio.com\\\/wp-content\\\/uploads\\\/nc\\\/public\\\/modules\\\/file\\\/pictures\\\/4901.masciarellimontepul500x500.jpg\",\"width\":500,\"height\":500},{\"@type\":\"BreadcrumbList\",\"@id\":\"https:\\\/\\\/www.ivinio.com\\\/fr\\\/produit\\\/masciarelli-montepulciano-dabruzzo-2014-rouge\\\/#breadcrumb\",\"itemListElement\":[{\"@type\":\"ListItem\",\"position\":1,\"name\":\"Home\",\"item\":\"https:\\\/\\\/www.ivinio.com\\\/fr\\\/\"},{\"@type\":\"ListItem\",\"position\":2,\"name\":\"Boutique de vin\",\"item\":\"https:\\\/\\\/www.ivinio.com\\\/fr\\\/boutique-de-vin\\\/\"},{\"@type\":\"ListItem\",\"position\":3,\"name\":\"Masciarelli Montepulciano d&#8217;Abruzzo &#8211; Rouge\"}]},{\"@type\":\"WebSite\",\"@id\":\"https:\\\/\\\/www.ivinio.com\\\/fr\\\/#website\",\"url\":\"https:\\\/\\\/www.ivinio.com\\\/fr\\\/\",\"name\":\"IVINIO Caviste\",\"description\":\"Vins de France et d&#039;Italie avec livraison \u00e0 domicile\",\"publisher\":{\"@id\":\"https:\\\/\\\/www.ivinio.com\\\/fr\\\/#organization\"},\"potentialAction\":[{\"@type\":\"SearchAction\",\"target\":{\"@type\":\"EntryPoint\",\"urlTemplate\":\"https:\\\/\\\/www.ivinio.com\\\/fr\\\/?s={search_term_string}\"},\"query-input\":{\"@type\":\"PropertyValueSpecification\",\"valueRequired\":true,\"valueName\":\"search_term_string\"}}],\"inLanguage\":\"fr-FR\"},{\"@type\":\"Organization\",\"@id\":\"https:\\\/\\\/www.ivinio.com\\\/fr\\\/#organization\",\"name\":\"IVINIO\",\"url\":\"https:\\\/\\\/www.ivinio.com\\\/fr\\\/\",\"logo\":{\"@type\":\"ImageObject\",\"inLanguage\":\"fr-FR\",\"@id\":\"https:\\\/\\\/www.ivinio.com\\\/fr\\\/#\\\/schema\\\/logo\\\/image\\\/\",\"url\":\"https:\\\/\\\/www.ivinio.com\\\/wp-content\\\/uploads\\\/2021\\\/01\\\/Logo-Ivinio-v2.jpg\",\"contentUrl\":\"https:\\\/\\\/www.ivinio.com\\\/wp-content\\\/uploads\\\/2021\\\/01\\\/Logo-Ivinio-v2.jpg\",\"width\":1194,\"height\":1194,\"caption\":\"IVINIO\"},\"image\":{\"@id\":\"https:\\\/\\\/www.ivinio.com\\\/fr\\\/#\\\/schema\\\/logo\\\/image\\\/\"},\"sameAs\":[\"https:\\\/\\\/www.facebook.com\\\/groups\\\/165217837022391\\\/?ref=bookmarks\",\"https:\\\/\\\/www.instagram.com\\\/_ivinio_\\\/?hl=fr\"]}]}<\/script>\n<!-- \/ Yoast SEO plugin. -->","yoast_head_json":{"title":"Masciarelli Montepulciano d'Abruzzo - acheter vin italiens en ligne - caviste en ligne Ivinio.com","description":"Masciarelli Montepulciano d'Abruzzo est un vin rouge classique du domaine Masciarelli. C'est un c\u00e9page unique : montepulciano. Un tr\u00e8s bon rapport qualit\u00e9 \/ prix !","robots":{"index":"index","follow":"follow","max-snippet":"max-snippet:-1","max-image-preview":"max-image-preview:large","max-video-preview":"max-video-preview:-1"},"canonical":"https:\/\/www.ivinio.com\/fr\/produit\/masciarelli-montepulciano-dabruzzo-2014-rouge\/","og_locale":"fr_FR","og_type":"article","og_title":"Masciarelli Montepulciano d'Abruzzo - acheter vin italiens en ligne - caviste en ligne Ivinio.com","og_description":"Masciarelli Montepulciano d'Abruzzo est un vin rouge classique du domaine Masciarelli. C'est un c\u00e9page unique : montepulciano. Un tr\u00e8s bon rapport qualit\u00e9 \/ prix !","og_url":"https:\/\/www.ivinio.com\/fr\/produit\/masciarelli-montepulciano-dabruzzo-2014-rouge\/","og_site_name":"IVINIO Caviste","article_publisher":"https:\/\/www.facebook.com\/groups\/165217837022391\/?ref=bookmarks","article_modified_time":"2021-01-23T19:10:42+00:00","og_image":[{"width":500,"height":500,"url":"https:\/\/www.ivinio.com\/wp-content\/uploads\/nc\/public\/modules\/file\/pictures\/4901.masciarellimontepul500x500.jpg","type":"image\/jpeg"}],"twitter_card":"summary_large_image","schema":{"@context":"https:\/\/schema.org","@graph":[{"@type":"WebPage","@id":"https:\/\/www.ivinio.com\/fr\/produit\/masciarelli-montepulciano-dabruzzo-2014-rouge\/","url":"https:\/\/www.ivinio.com\/fr\/produit\/masciarelli-montepulciano-dabruzzo-2014-rouge\/","name":"Masciarelli Montepulciano d'Abruzzo - acheter vin italiens en ligne - caviste en ligne Ivinio.com","isPartOf":{"@id":"https:\/\/www.ivinio.com\/fr\/#website"},"primaryImageOfPage":{"@id":"https:\/\/www.ivinio.com\/fr\/produit\/masciarelli-montepulciano-dabruzzo-2014-rouge\/#primaryimage"},"image":{"@id":"https:\/\/www.ivinio.com\/fr\/produit\/masciarelli-montepulciano-dabruzzo-2014-rouge\/#primaryimage"},"thumbnailUrl":"https:\/\/www.ivinio.com\/wp-content\/uploads\/nc\/public\/modules\/file\/pictures\/4901.masciarellimontepul500x500.jpg","datePublished":"2014-05-21T10:20:33+00:00","dateModified":"2021-01-23T19:10:42+00:00","description":"Masciarelli Montepulciano d'Abruzzo est un vin rouge classique du domaine Masciarelli. C'est un c\u00e9page unique : montepulciano. Un tr\u00e8s bon rapport qualit\u00e9 \/ prix !","breadcrumb":{"@id":"https:\/\/www.ivinio.com\/fr\/produit\/masciarelli-montepulciano-dabruzzo-2014-rouge\/#breadcrumb"},"inLanguage":"fr-FR","potentialAction":[{"@type":"ReadAction","target":["https:\/\/www.ivinio.com\/fr\/produit\/masciarelli-montepulciano-dabruzzo-2014-rouge\/"]}]},{"@type":"ImageObject","inLanguage":"fr-FR","@id":"https:\/\/www.ivinio.com\/fr\/produit\/masciarelli-montepulciano-dabruzzo-2014-rouge\/#primaryimage","url":"https:\/\/www.ivinio.com\/wp-content\/uploads\/nc\/public\/modules\/file\/pictures\/4901.masciarellimontepul500x500.jpg","contentUrl":"https:\/\/www.ivinio.com\/wp-content\/uploads\/nc\/public\/modules\/file\/pictures\/4901.masciarellimontepul500x500.jpg","width":500,"height":500},{"@type":"BreadcrumbList","@id":"https:\/\/www.ivinio.com\/fr\/produit\/masciarelli-montepulciano-dabruzzo-2014-rouge\/#breadcrumb","itemListElement":[{"@type":"ListItem","position":1,"name":"Home","item":"https:\/\/www.ivinio.com\/fr\/"},{"@type":"ListItem","position":2,"name":"Boutique de vin","item":"https:\/\/www.ivinio.com\/fr\/boutique-de-vin\/"},{"@type":"ListItem","position":3,"name":"Masciarelli Montepulciano d&#8217;Abruzzo &#8211; Rouge"}]},{"@type":"WebSite","@id":"https:\/\/www.ivinio.com\/fr\/#website","url":"https:\/\/www.ivinio.com\/fr\/","name":"IVINIO Caviste","description":"Vins de France et d&#039;Italie avec livraison \u00e0 domicile","publisher":{"@id":"https:\/\/www.ivinio.com\/fr\/#organization"},"potentialAction":[{"@type":"SearchAction","target":{"@type":"EntryPoint","urlTemplate":"https:\/\/www.ivinio.com\/fr\/?s={search_term_string}"},"query-input":{"@type":"PropertyValueSpecification","valueRequired":true,"valueName":"search_term_string"}}],"inLanguage":"fr-FR"},{"@type":"Organization","@id":"https:\/\/www.ivinio.com\/fr\/#organization","name":"IVINIO","url":"https:\/\/www.ivinio.com\/fr\/","logo":{"@type":"ImageObject","inLanguage":"fr-FR","@id":"https:\/\/www.ivinio.com\/fr\/#\/schema\/logo\/image\/","url":"https:\/\/www.ivinio.com\/wp-content\/uploads\/2021\/01\/Logo-Ivinio-v2.jpg","contentUrl":"https:\/\/www.ivinio.com\/wp-content\/uploads\/2021\/01\/Logo-Ivinio-v2.jpg","width":1194,"height":1194,"caption":"IVINIO"},"image":{"@id":"https:\/\/www.ivinio.com\/fr\/#\/schema\/logo\/image\/"},"sameAs":["https:\/\/www.facebook.com\/groups\/165217837022391\/?ref=bookmarks","https:\/\/www.instagram.com\/_ivinio_\/?hl=fr"]}]}},"jetpack_sharing_enabled":true,"_links":{"self":[{"href":"https:\/\/www.ivinio.com\/fr\/wp-json\/wp\/v2\/product\/117859","targetHints":{"allow":["GET"]}}],"collection":[{"href":"https:\/\/www.ivinio.com\/fr\/wp-json\/wp\/v2\/product"}],"about":[{"href":"https:\/\/www.ivinio.com\/fr\/wp-json\/wp\/v2\/types\/product"}],"replies":[{"embeddable":true,"href":"https:\/\/www.ivinio.com\/fr\/wp-json\/wp\/v2\/comments?post=117859"}],"wp:featuredmedia":[{"embeddable":true,"href":"https:\/\/www.ivinio.com\/fr\/wp-json\/wp\/v2\/media\/117862"}],"wp:attachment":[{"href":"https:\/\/www.ivinio.com\/fr\/wp-json\/wp\/v2\/media?parent=117859"}],"wp:term":[{"taxonomy":"product_brand","embeddable":true,"href":"https:\/\/www.ivinio.com\/fr\/wp-json\/wp\/v2\/product_brand?post=117859"},{"taxonomy":"product_cat","embeddable":true,"href":"https:\/\/www.ivinio.com\/fr\/wp-json\/wp\/v2\/product_cat?post=117859"},{"taxonomy":"product_tag","embeddable":true,"href":"https:\/\/www.ivinio.com\/fr\/wp-json\/wp\/v2\/product_tag?post=117859"}],"curies":[{"name":"wp","href":"https:\/\/api.w.org\/{rel}","templated":true}]}}