{"id":117826,"date":"2014-05-21T12:20:33","date_gmt":"2014-05-21T10:20:33","guid":{"rendered":"https:\/\/henrik.www.ivinio.com\/?product=brezza-barolo-sarmassa-2014-rouge"},"modified":"2022-01-21T17:19:15","modified_gmt":"2022-01-21T16:19:15","slug":"brezza-barolo-sarmassa-rouge","status":"publish","type":"product","link":"https:\/\/www.ivinio.com\/fr\/produit\/brezza-barolo-sarmassa-rouge\/","title":{"rendered":"Brezza &#8211; Barolo &#8211; Sarmassa &#8211; rouge"},"content":{"rendered":"<p>Le Barolo a commenc\u00e9 \u00e0 acqu\u00e9rir son statut royal d\u00e8s le Moyen Age, et sa r\u00e9putation a continuellement grandi au cours des ages.\u00a0Il a \u00e9t\u00e9 rapport\u00e9 que le Barolo \u00e9tait souvent \u00e0 la table de Louis XIV.<\/p>\n<p>Ce Barolo a des vignes qui poussent sur le sol ou\u00a0<em>\u00abterroir\u00bb<\/em>\u00a0en bordure de La Morra dans le nord du village de Barolo appel\u00e9\u00a0<em>&#8220;Marne di Santa&#8217;Agata Fossili&#8221;<\/em>\u00a0(de l&#8217;argile calcaire).\u00a0Les meilleurs vins sont produits ici\u00a0et c&#8217;est lorsque le temps est sec que les vignes donnent le meilleur vin; une meilleure concentration d&#8217;ar\u00f4mes dans les raisins. Le Barolo Sarmassa du Domaine Brezza est fabriqu\u00e9 de la m\u00eame mani\u00e8re que le\u00a0Barolo classique\u00a0avec la seule diff\u00e9rence que processus de mac\u00e9ration\u00a0est un peu plus long.<\/p>\n","protected":false},"excerpt":{"rendered":"<p>Le Barolo, \u00abroi des vins et vin des rois\u00bb.\u00a0Ce Barolo du Domaine\u00a0Brezza est produit \u00e0 partir du\u00a0c\u00e9page italien le\u00a0Nebbiolo dont les vignes sont\u00a0cultiv\u00e9es sur les collines de Sarmassa. Il est LE Barolo des amateurs et des connaisseurs de Barolo !<\/p>\n<p>&nbsp;<\/p>\n","protected":false},"featured_media":130069,"comment_status":"open","ping_status":"closed","template":"","meta":{"_monsterinsights_skip_tracking":false,"_monsterinsights_sitenote_active":false,"_monsterinsights_sitenote_note":"","_monsterinsights_sitenote_category":0,"_uf_show_specific_survey":0,"_uf_disable_surveys":false},"product_brand":[],"product_cat":[36598,36589],"product_tag":[],"class_list":{"0":"post-117826","1":"product","2":"type-product","3":"status-publish","4":"has-post-thumbnail","6":"product_cat-fr-piemont","7":"product_cat-vins-italiens","8":"pa_alcohol-degree-13-5","9":"pa_classification-docg-barolo-fr","10":"pa_color-rouge-fr","11":"pa_country-italie-fr","12":"pa_grape-variety-nebbiolo","13":"pa_package-1x1-fr","14":"pa_package-1x6-fr","15":"pa_region-piemont-fr","16":"pa_storage-potential-plus-de-10-ans-fr","17":"pa_vintage-2020-fr","18":"pa_volume-75-cl-fr","20":"first","21":"instock","22":"taxable","23":"shipping-taxable","24":"purchasable","25":"product-type-variable"},"bundled_by":["117844"],"bundle_stock_status":"instock","bundle_stock_quantity":null,"bundle_virtual":false,"bundle_layout":"","bundle_add_to_cart_form_location":"","bundle_editable_in_cart":false,"bundle_sold_individually_context":"","bundle_item_grouping":"","bundle_min_size":"","bundle_max_size":"","bundle_price":[],"bundled_items":[],"bundle_sell_ids":[],"yoast_head":"<!-- This site is optimized with the Yoast SEO plugin v27.5 - https:\/\/yoast.com\/product\/yoast-seo-wordpress\/ -->\n<title>Acheter Brezza - Barolo - Sarmassa - vin rouge - IVINIO Caviste<\/title>\n<meta name=\"description\" content=\"Acheter Brezza - Barolo - Sarmassa - vin rouge fabuleux de la r\u00e9gion du Pi\u00e9mont. C&#039;est un c\u00e9page unique de Nebbiolo. Vin de garde \u00e0 d\u00e9guster pour les grandes occasions.\" \/>\n<meta name=\"robots\" content=\"index, follow, max-snippet:-1, max-image-preview:large, max-video-preview:-1\" \/>\n<link rel=\"canonical\" href=\"https:\/\/www.ivinio.com\/fr\/produit\/brezza-barolo-sarmassa-rouge\/\" \/>\n<meta property=\"og:locale\" content=\"fr_FR\" \/>\n<meta property=\"og:type\" content=\"article\" \/>\n<meta property=\"og:title\" content=\"Acheter Brezza - Barolo - Sarmassa - vin rouge - IVINIO Caviste\" \/>\n<meta property=\"og:description\" content=\"Acheter Brezza - Barolo - Sarmassa - vin rouge fabuleux de la r\u00e9gion du Pi\u00e9mont. C&#039;est un c\u00e9page unique de Nebbiolo. Vin de garde \u00e0 d\u00e9guster pour les grandes occasions.\" \/>\n<meta property=\"og:url\" content=\"https:\/\/www.ivinio.com\/fr\/produit\/brezza-barolo-sarmassa-rouge\/\" \/>\n<meta property=\"og:site_name\" content=\"IVINIO Caviste\" \/>\n<meta property=\"article:publisher\" content=\"https:\/\/www.facebook.com\/groups\/165217837022391\/?ref=bookmarks\" \/>\n<meta property=\"article:modified_time\" content=\"2022-01-21T16:19:15+00:00\" \/>\n<meta property=\"og:image\" content=\"https:\/\/www.ivinio.com\/wp-content\/uploads\/nc\/public\/modules\/file\/pictures\/4398.brezzasarmassa500x500.jpg\" \/>\n\t<meta property=\"og:image:width\" content=\"500\" \/>\n\t<meta property=\"og:image:height\" content=\"500\" \/>\n\t<meta property=\"og:image:type\" content=\"image\/jpeg\" \/>\n<meta name=\"twitter:card\" content=\"summary_large_image\" \/>\n<meta name=\"twitter:label1\" content=\"Dur\u00e9e de lecture estim\u00e9e\" \/>\n\t<meta name=\"twitter:data1\" content=\"1 minute\" \/>\n<script type=\"application\/ld+json\" class=\"yoast-schema-graph\">{\"@context\":\"https:\\\/\\\/schema.org\",\"@graph\":[{\"@type\":\"WebPage\",\"@id\":\"https:\\\/\\\/www.ivinio.com\\\/fr\\\/produit\\\/brezza-barolo-sarmassa-rouge\\\/\",\"url\":\"https:\\\/\\\/www.ivinio.com\\\/fr\\\/produit\\\/brezza-barolo-sarmassa-rouge\\\/\",\"name\":\"Acheter Brezza - Barolo - Sarmassa - vin rouge - IVINIO Caviste\",\"isPartOf\":{\"@id\":\"https:\\\/\\\/www.ivinio.com\\\/fr\\\/#website\"},\"primaryImageOfPage\":{\"@id\":\"https:\\\/\\\/www.ivinio.com\\\/fr\\\/produit\\\/brezza-barolo-sarmassa-rouge\\\/#primaryimage\"},\"image\":{\"@id\":\"https:\\\/\\\/www.ivinio.com\\\/fr\\\/produit\\\/brezza-barolo-sarmassa-rouge\\\/#primaryimage\"},\"thumbnailUrl\":\"https:\\\/\\\/www.ivinio.com\\\/wp-content\\\/uploads\\\/nc\\\/public\\\/modules\\\/file\\\/pictures\\\/4398.brezzasarmassa500x500.jpg\",\"datePublished\":\"2014-05-21T10:20:33+00:00\",\"dateModified\":\"2022-01-21T16:19:15+00:00\",\"description\":\"Acheter Brezza - Barolo - Sarmassa - vin rouge fabuleux de la r\u00e9gion du Pi\u00e9mont. C'est un c\u00e9page unique de Nebbiolo. Vin de garde \u00e0 d\u00e9guster pour les grandes occasions.\",\"breadcrumb\":{\"@id\":\"https:\\\/\\\/www.ivinio.com\\\/fr\\\/produit\\\/brezza-barolo-sarmassa-rouge\\\/#breadcrumb\"},\"inLanguage\":\"fr-FR\",\"potentialAction\":[{\"@type\":\"ReadAction\",\"target\":[\"https:\\\/\\\/www.ivinio.com\\\/fr\\\/produit\\\/brezza-barolo-sarmassa-rouge\\\/\"]}]},{\"@type\":\"ImageObject\",\"inLanguage\":\"fr-FR\",\"@id\":\"https:\\\/\\\/www.ivinio.com\\\/fr\\\/produit\\\/brezza-barolo-sarmassa-rouge\\\/#primaryimage\",\"url\":\"https:\\\/\\\/www.ivinio.com\\\/wp-content\\\/uploads\\\/nc\\\/public\\\/modules\\\/file\\\/pictures\\\/4398.brezzasarmassa500x500.jpg\",\"contentUrl\":\"https:\\\/\\\/www.ivinio.com\\\/wp-content\\\/uploads\\\/nc\\\/public\\\/modules\\\/file\\\/pictures\\\/4398.brezzasarmassa500x500.jpg\",\"width\":500,\"height\":500,\"caption\":\"Brezza Barolo Sarmassa\"},{\"@type\":\"BreadcrumbList\",\"@id\":\"https:\\\/\\\/www.ivinio.com\\\/fr\\\/produit\\\/brezza-barolo-sarmassa-rouge\\\/#breadcrumb\",\"itemListElement\":[{\"@type\":\"ListItem\",\"position\":1,\"name\":\"Home\",\"item\":\"https:\\\/\\\/www.ivinio.com\\\/fr\\\/\"},{\"@type\":\"ListItem\",\"position\":2,\"name\":\"Boutique de vin\",\"item\":\"https:\\\/\\\/www.ivinio.com\\\/fr\\\/boutique-de-vin\\\/\"},{\"@type\":\"ListItem\",\"position\":3,\"name\":\"Brezza &#8211; Barolo &#8211; Sarmassa &#8211; rouge\"}]},{\"@type\":\"WebSite\",\"@id\":\"https:\\\/\\\/www.ivinio.com\\\/fr\\\/#website\",\"url\":\"https:\\\/\\\/www.ivinio.com\\\/fr\\\/\",\"name\":\"IVINIO Caviste\",\"description\":\"Vins de France et d&#039;Italie avec livraison \u00e0 domicile\",\"publisher\":{\"@id\":\"https:\\\/\\\/www.ivinio.com\\\/fr\\\/#organization\"},\"potentialAction\":[{\"@type\":\"SearchAction\",\"target\":{\"@type\":\"EntryPoint\",\"urlTemplate\":\"https:\\\/\\\/www.ivinio.com\\\/fr\\\/?s={search_term_string}\"},\"query-input\":{\"@type\":\"PropertyValueSpecification\",\"valueRequired\":true,\"valueName\":\"search_term_string\"}}],\"inLanguage\":\"fr-FR\"},{\"@type\":\"Organization\",\"@id\":\"https:\\\/\\\/www.ivinio.com\\\/fr\\\/#organization\",\"name\":\"IVINIO\",\"url\":\"https:\\\/\\\/www.ivinio.com\\\/fr\\\/\",\"logo\":{\"@type\":\"ImageObject\",\"inLanguage\":\"fr-FR\",\"@id\":\"https:\\\/\\\/www.ivinio.com\\\/fr\\\/#\\\/schema\\\/logo\\\/image\\\/\",\"url\":\"https:\\\/\\\/www.ivinio.com\\\/wp-content\\\/uploads\\\/2021\\\/01\\\/Logo-Ivinio-v2.jpg\",\"contentUrl\":\"https:\\\/\\\/www.ivinio.com\\\/wp-content\\\/uploads\\\/2021\\\/01\\\/Logo-Ivinio-v2.jpg\",\"width\":1194,\"height\":1194,\"caption\":\"IVINIO\"},\"image\":{\"@id\":\"https:\\\/\\\/www.ivinio.com\\\/fr\\\/#\\\/schema\\\/logo\\\/image\\\/\"},\"sameAs\":[\"https:\\\/\\\/www.facebook.com\\\/groups\\\/165217837022391\\\/?ref=bookmarks\",\"https:\\\/\\\/www.instagram.com\\\/_ivinio_\\\/?hl=fr\"]}]}<\/script>\n<!-- \/ Yoast SEO plugin. -->","yoast_head_json":{"title":"Acheter Brezza - Barolo - Sarmassa - vin rouge - IVINIO Caviste","description":"Acheter Brezza - Barolo - Sarmassa - vin rouge fabuleux de la r\u00e9gion du Pi\u00e9mont. C'est un c\u00e9page unique de Nebbiolo. Vin de garde \u00e0 d\u00e9guster pour les grandes occasions.","robots":{"index":"index","follow":"follow","max-snippet":"max-snippet:-1","max-image-preview":"max-image-preview:large","max-video-preview":"max-video-preview:-1"},"canonical":"https:\/\/www.ivinio.com\/fr\/produit\/brezza-barolo-sarmassa-rouge\/","og_locale":"fr_FR","og_type":"article","og_title":"Acheter Brezza - Barolo - Sarmassa - vin rouge - IVINIO Caviste","og_description":"Acheter Brezza - Barolo - Sarmassa - vin rouge fabuleux de la r\u00e9gion du Pi\u00e9mont. C'est un c\u00e9page unique de Nebbiolo. Vin de garde \u00e0 d\u00e9guster pour les grandes occasions.","og_url":"https:\/\/www.ivinio.com\/fr\/produit\/brezza-barolo-sarmassa-rouge\/","og_site_name":"IVINIO Caviste","article_publisher":"https:\/\/www.facebook.com\/groups\/165217837022391\/?ref=bookmarks","article_modified_time":"2022-01-21T16:19:15+00:00","og_image":[{"width":500,"height":500,"url":"https:\/\/www.ivinio.com\/wp-content\/uploads\/nc\/public\/modules\/file\/pictures\/4398.brezzasarmassa500x500.jpg","type":"image\/jpeg"}],"twitter_card":"summary_large_image","twitter_misc":{"Dur\u00e9e de lecture estim\u00e9e":"1 minute"},"schema":{"@context":"https:\/\/schema.org","@graph":[{"@type":"WebPage","@id":"https:\/\/www.ivinio.com\/fr\/produit\/brezza-barolo-sarmassa-rouge\/","url":"https:\/\/www.ivinio.com\/fr\/produit\/brezza-barolo-sarmassa-rouge\/","name":"Acheter Brezza - Barolo - Sarmassa - vin rouge - IVINIO Caviste","isPartOf":{"@id":"https:\/\/www.ivinio.com\/fr\/#website"},"primaryImageOfPage":{"@id":"https:\/\/www.ivinio.com\/fr\/produit\/brezza-barolo-sarmassa-rouge\/#primaryimage"},"image":{"@id":"https:\/\/www.ivinio.com\/fr\/produit\/brezza-barolo-sarmassa-rouge\/#primaryimage"},"thumbnailUrl":"https:\/\/www.ivinio.com\/wp-content\/uploads\/nc\/public\/modules\/file\/pictures\/4398.brezzasarmassa500x500.jpg","datePublished":"2014-05-21T10:20:33+00:00","dateModified":"2022-01-21T16:19:15+00:00","description":"Acheter Brezza - Barolo - Sarmassa - vin rouge fabuleux de la r\u00e9gion du Pi\u00e9mont. C'est un c\u00e9page unique de Nebbiolo. Vin de garde \u00e0 d\u00e9guster pour les grandes occasions.","breadcrumb":{"@id":"https:\/\/www.ivinio.com\/fr\/produit\/brezza-barolo-sarmassa-rouge\/#breadcrumb"},"inLanguage":"fr-FR","potentialAction":[{"@type":"ReadAction","target":["https:\/\/www.ivinio.com\/fr\/produit\/brezza-barolo-sarmassa-rouge\/"]}]},{"@type":"ImageObject","inLanguage":"fr-FR","@id":"https:\/\/www.ivinio.com\/fr\/produit\/brezza-barolo-sarmassa-rouge\/#primaryimage","url":"https:\/\/www.ivinio.com\/wp-content\/uploads\/nc\/public\/modules\/file\/pictures\/4398.brezzasarmassa500x500.jpg","contentUrl":"https:\/\/www.ivinio.com\/wp-content\/uploads\/nc\/public\/modules\/file\/pictures\/4398.brezzasarmassa500x500.jpg","width":500,"height":500,"caption":"Brezza Barolo Sarmassa"},{"@type":"BreadcrumbList","@id":"https:\/\/www.ivinio.com\/fr\/produit\/brezza-barolo-sarmassa-rouge\/#breadcrumb","itemListElement":[{"@type":"ListItem","position":1,"name":"Home","item":"https:\/\/www.ivinio.com\/fr\/"},{"@type":"ListItem","position":2,"name":"Boutique de vin","item":"https:\/\/www.ivinio.com\/fr\/boutique-de-vin\/"},{"@type":"ListItem","position":3,"name":"Brezza &#8211; Barolo &#8211; Sarmassa &#8211; rouge"}]},{"@type":"WebSite","@id":"https:\/\/www.ivinio.com\/fr\/#website","url":"https:\/\/www.ivinio.com\/fr\/","name":"IVINIO Caviste","description":"Vins de France et d&#039;Italie avec livraison \u00e0 domicile","publisher":{"@id":"https:\/\/www.ivinio.com\/fr\/#organization"},"potentialAction":[{"@type":"SearchAction","target":{"@type":"EntryPoint","urlTemplate":"https:\/\/www.ivinio.com\/fr\/?s={search_term_string}"},"query-input":{"@type":"PropertyValueSpecification","valueRequired":true,"valueName":"search_term_string"}}],"inLanguage":"fr-FR"},{"@type":"Organization","@id":"https:\/\/www.ivinio.com\/fr\/#organization","name":"IVINIO","url":"https:\/\/www.ivinio.com\/fr\/","logo":{"@type":"ImageObject","inLanguage":"fr-FR","@id":"https:\/\/www.ivinio.com\/fr\/#\/schema\/logo\/image\/","url":"https:\/\/www.ivinio.com\/wp-content\/uploads\/2021\/01\/Logo-Ivinio-v2.jpg","contentUrl":"https:\/\/www.ivinio.com\/wp-content\/uploads\/2021\/01\/Logo-Ivinio-v2.jpg","width":1194,"height":1194,"caption":"IVINIO"},"image":{"@id":"https:\/\/www.ivinio.com\/fr\/#\/schema\/logo\/image\/"},"sameAs":["https:\/\/www.facebook.com\/groups\/165217837022391\/?ref=bookmarks","https:\/\/www.instagram.com\/_ivinio_\/?hl=fr"]}]}},"jetpack_sharing_enabled":true,"_links":{"self":[{"href":"https:\/\/www.ivinio.com\/fr\/wp-json\/wp\/v2\/product\/117826","targetHints":{"allow":["GET"]}}],"collection":[{"href":"https:\/\/www.ivinio.com\/fr\/wp-json\/wp\/v2\/product"}],"about":[{"href":"https:\/\/www.ivinio.com\/fr\/wp-json\/wp\/v2\/types\/product"}],"replies":[{"embeddable":true,"href":"https:\/\/www.ivinio.com\/fr\/wp-json\/wp\/v2\/comments?post=117826"}],"wp:featuredmedia":[{"embeddable":true,"href":"https:\/\/www.ivinio.com\/fr\/wp-json\/wp\/v2\/media\/130069"}],"wp:attachment":[{"href":"https:\/\/www.ivinio.com\/fr\/wp-json\/wp\/v2\/media?parent=117826"}],"wp:term":[{"taxonomy":"product_brand","embeddable":true,"href":"https:\/\/www.ivinio.com\/fr\/wp-json\/wp\/v2\/product_brand?post=117826"},{"taxonomy":"product_cat","embeddable":true,"href":"https:\/\/www.ivinio.com\/fr\/wp-json\/wp\/v2\/product_cat?post=117826"},{"taxonomy":"product_tag","embeddable":true,"href":"https:\/\/www.ivinio.com\/fr\/wp-json\/wp\/v2\/product_tag?post=117826"}],"curies":[{"name":"wp","href":"https:\/\/api.w.org\/{rel}","templated":true}]}}