{"id":117786,"date":"2014-05-21T10:20:33","date_gmt":"2014-05-21T10:20:33","guid":{"rendered":"https:\/\/henrik.www.ivinio.com\/?product=gulfi-rossojbleo-2017-rouge"},"modified":"2020-12-09T04:33:14","modified_gmt":"2020-12-09T04:33:14","slug":"gulfi-rossojbleo-2017-rouge","status":"publish","type":"product","link":"https:\/\/www.ivinio.com\/fr\/produit\/gulfi-rossojbleo-2017-rouge\/","title":{"rendered":"Gulfi Rossojbleo 2017 &#8211; Rouge"},"content":{"rendered":"<p>Rossojbleo est un vin rouge jeune et relativement l&eacute;ger issu du c&eacute;page Nero d&#39;Avola de la c&ocirc;te orientale sud de la Sicile.&nbsp;Les vignes sont cultiv&eacute;es &agrave; 450 m&egrave;tres d&#39;altitude, dans le Licodia Eub&eacute;e dont le climat est frais, au pied des montagnes Ibleiska. La r&eacute;colte a lieu fin Septembre et les raisins sont mac&eacute;r&eacute;s peu de temps avant le d&eacute;but du processus de fermentation.&nbsp;Ils sont ensuite plac&eacute;s 6-8 mois dans des cuves en acier.<\/p>\n","protected":false},"excerpt":{"rendered":"<p>Rossojbleo du Domaine Gulfi est un vin fruit&eacute; de Sicile (framboises et cassis), il est subtil et surtout produit en&nbsp;agriculture biologique en c&eacute;page unique ; le&nbsp;Nero d&#39;Avola. A d&eacute;guster sur la cuisine italienne; antipasti, p&acirc;tes, pizza, risotto et m&ecirc;me du poisson !<\/p>\n","protected":false},"featured_media":117789,"comment_status":"open","ping_status":"closed","template":"","meta":{"_monsterinsights_skip_tracking":false,"_monsterinsights_sitenote_active":false,"_monsterinsights_sitenote_note":"","_monsterinsights_sitenote_category":0,"_uf_show_specific_survey":0,"_uf_disable_surveys":false},"product_brand":[],"product_cat":[36601,36589],"product_tag":[],"class_list":{"0":"post-117786","1":"product","2":"type-product","3":"status-publish","4":"has-post-thumbnail","6":"product_cat-fr-sicile","7":"product_cat-vins-italiens","8":"pa_alcohol-degree-13-fr","9":"pa_color-rouge-fr","10":"pa_country-italie-fr","11":"pa_grape-variety-nero-davola-fr","12":"pa_region-sicile-fr","13":"pa_storage-potential-3-ans-fr","14":"pa_vintage-2017-fr","15":"pa_volume-75-cl-fr","17":"first","18":"instock","19":"taxable","20":"shipping-taxable","21":"purchasable","22":"product-type-simple"},"bundled_by":["117804"],"bundle_stock_status":"instock","bundle_stock_quantity":6,"bundle_virtual":false,"bundle_layout":"","bundle_add_to_cart_form_location":"","bundle_editable_in_cart":false,"bundle_sold_individually_context":"","bundle_item_grouping":"","bundle_min_size":"","bundle_max_size":"","bundle_price":[],"bundled_items":[],"bundle_sell_ids":[],"yoast_head":"<!-- This site is optimized with the Yoast SEO plugin v27.4 - https:\/\/yoast.com\/product\/yoast-seo-wordpress\/ -->\n<title>Gulfi Rossojbleo - vin rouge de Sicile - vin Sicile - nero d&#039;avola - caviste Nice - cuisine m\u00e9diterran\u00e9enne - vin biologique<\/title>\n<meta name=\"description\" content=\"Gulfi Rossojbleo 2012 est un vin rouge de Sicile produit du c\u00e9page unique le nero d&#039;avola. Il est subtil et bio. A d\u00e9guster sur la cuisine italienne !\" \/>\n<meta name=\"robots\" content=\"index, follow, max-snippet:-1, max-image-preview:large, max-video-preview:-1\" \/>\n<link rel=\"canonical\" href=\"https:\/\/www.ivinio.com\/fr\/produit\/gulfi-rossojbleo-2017-rouge\/\" \/>\n<meta property=\"og:locale\" content=\"fr_FR\" \/>\n<meta property=\"og:type\" content=\"article\" \/>\n<meta property=\"og:title\" content=\"Gulfi Rossojbleo - vin rouge de Sicile - vin Sicile - nero d&#039;avola - caviste Nice - cuisine m\u00e9diterran\u00e9enne - vin biologique\" \/>\n<meta property=\"og:description\" content=\"Gulfi Rossojbleo 2012 est un vin rouge de Sicile produit du c\u00e9page unique le nero d&#039;avola. Il est subtil et bio. A d\u00e9guster sur la cuisine italienne !\" \/>\n<meta property=\"og:url\" content=\"https:\/\/www.ivinio.com\/fr\/produit\/gulfi-rossojbleo-2017-rouge\/\" \/>\n<meta property=\"og:site_name\" content=\"IVINIO Caviste\" \/>\n<meta property=\"article:publisher\" content=\"https:\/\/www.facebook.com\/groups\/165217837022391\/?ref=bookmarks\" \/>\n<meta property=\"article:modified_time\" content=\"2020-12-09T04:33:14+00:00\" \/>\n<meta property=\"og:image\" content=\"https:\/\/www.ivinio.com\/wp-content\/uploads\/nc\/public\/modules\/file\/pictures\/4826.gulfirossojbleo500x500.jpg\" \/>\n\t<meta property=\"og:image:width\" content=\"500\" \/>\n\t<meta property=\"og:image:height\" content=\"500\" \/>\n\t<meta property=\"og:image:type\" content=\"image\/jpeg\" \/>\n<meta name=\"twitter:card\" content=\"summary_large_image\" \/>\n<meta name=\"twitter:label1\" content=\"Dur\u00e9e de lecture estim\u00e9e\" \/>\n\t<meta name=\"twitter:data1\" content=\"1 minute\" \/>\n<script type=\"application\/ld+json\" class=\"yoast-schema-graph\">{\"@context\":\"https:\\\/\\\/schema.org\",\"@graph\":[{\"@type\":\"WebPage\",\"@id\":\"https:\\\/\\\/www.ivinio.com\\\/fr\\\/produit\\\/gulfi-rossojbleo-2017-rouge\\\/\",\"url\":\"https:\\\/\\\/www.ivinio.com\\\/fr\\\/produit\\\/gulfi-rossojbleo-2017-rouge\\\/\",\"name\":\"Gulfi Rossojbleo - vin rouge de Sicile - vin Sicile - nero d'avola - caviste Nice - cuisine m\u00e9diterran\u00e9enne - vin biologique\",\"isPartOf\":{\"@id\":\"https:\\\/\\\/www.ivinio.com\\\/fr\\\/#website\"},\"primaryImageOfPage\":{\"@id\":\"https:\\\/\\\/www.ivinio.com\\\/fr\\\/produit\\\/gulfi-rossojbleo-2017-rouge\\\/#primaryimage\"},\"image\":{\"@id\":\"https:\\\/\\\/www.ivinio.com\\\/fr\\\/produit\\\/gulfi-rossojbleo-2017-rouge\\\/#primaryimage\"},\"thumbnailUrl\":\"https:\\\/\\\/www.ivinio.com\\\/wp-content\\\/uploads\\\/nc\\\/public\\\/modules\\\/file\\\/pictures\\\/4826.gulfirossojbleo500x500.jpg\",\"datePublished\":\"2014-05-21T10:20:33+00:00\",\"dateModified\":\"2020-12-09T04:33:14+00:00\",\"description\":\"Gulfi Rossojbleo 2012 est un vin rouge de Sicile produit du c\u00e9page unique le nero d'avola. Il est subtil et bio. A d\u00e9guster sur la cuisine italienne !\",\"breadcrumb\":{\"@id\":\"https:\\\/\\\/www.ivinio.com\\\/fr\\\/produit\\\/gulfi-rossojbleo-2017-rouge\\\/#breadcrumb\"},\"inLanguage\":\"fr-FR\",\"potentialAction\":[{\"@type\":\"ReadAction\",\"target\":[\"https:\\\/\\\/www.ivinio.com\\\/fr\\\/produit\\\/gulfi-rossojbleo-2017-rouge\\\/\"]}]},{\"@type\":\"ImageObject\",\"inLanguage\":\"fr-FR\",\"@id\":\"https:\\\/\\\/www.ivinio.com\\\/fr\\\/produit\\\/gulfi-rossojbleo-2017-rouge\\\/#primaryimage\",\"url\":\"https:\\\/\\\/www.ivinio.com\\\/wp-content\\\/uploads\\\/nc\\\/public\\\/modules\\\/file\\\/pictures\\\/4826.gulfirossojbleo500x500.jpg\",\"contentUrl\":\"https:\\\/\\\/www.ivinio.com\\\/wp-content\\\/uploads\\\/nc\\\/public\\\/modules\\\/file\\\/pictures\\\/4826.gulfirossojbleo500x500.jpg\",\"width\":500,\"height\":500},{\"@type\":\"BreadcrumbList\",\"@id\":\"https:\\\/\\\/www.ivinio.com\\\/fr\\\/produit\\\/gulfi-rossojbleo-2017-rouge\\\/#breadcrumb\",\"itemListElement\":[{\"@type\":\"ListItem\",\"position\":1,\"name\":\"Home\",\"item\":\"https:\\\/\\\/www.ivinio.com\\\/fr\\\/\"},{\"@type\":\"ListItem\",\"position\":2,\"name\":\"Boutique de vin\",\"item\":\"https:\\\/\\\/www.ivinio.com\\\/fr\\\/boutique-de-vin\\\/\"},{\"@type\":\"ListItem\",\"position\":3,\"name\":\"Gulfi Rossojbleo 2017 &#8211; Rouge\"}]},{\"@type\":\"WebSite\",\"@id\":\"https:\\\/\\\/www.ivinio.com\\\/fr\\\/#website\",\"url\":\"https:\\\/\\\/www.ivinio.com\\\/fr\\\/\",\"name\":\"IVINIO Caviste\",\"description\":\"Vins de France et d&#039;Italie avec livraison \u00e0 domicile\",\"publisher\":{\"@id\":\"https:\\\/\\\/www.ivinio.com\\\/fr\\\/#organization\"},\"potentialAction\":[{\"@type\":\"SearchAction\",\"target\":{\"@type\":\"EntryPoint\",\"urlTemplate\":\"https:\\\/\\\/www.ivinio.com\\\/fr\\\/?s={search_term_string}\"},\"query-input\":{\"@type\":\"PropertyValueSpecification\",\"valueRequired\":true,\"valueName\":\"search_term_string\"}}],\"inLanguage\":\"fr-FR\"},{\"@type\":\"Organization\",\"@id\":\"https:\\\/\\\/www.ivinio.com\\\/fr\\\/#organization\",\"name\":\"IVINIO\",\"url\":\"https:\\\/\\\/www.ivinio.com\\\/fr\\\/\",\"logo\":{\"@type\":\"ImageObject\",\"inLanguage\":\"fr-FR\",\"@id\":\"https:\\\/\\\/www.ivinio.com\\\/fr\\\/#\\\/schema\\\/logo\\\/image\\\/\",\"url\":\"https:\\\/\\\/www.ivinio.com\\\/wp-content\\\/uploads\\\/2021\\\/01\\\/Logo-Ivinio-v2.jpg\",\"contentUrl\":\"https:\\\/\\\/www.ivinio.com\\\/wp-content\\\/uploads\\\/2021\\\/01\\\/Logo-Ivinio-v2.jpg\",\"width\":1194,\"height\":1194,\"caption\":\"IVINIO\"},\"image\":{\"@id\":\"https:\\\/\\\/www.ivinio.com\\\/fr\\\/#\\\/schema\\\/logo\\\/image\\\/\"},\"sameAs\":[\"https:\\\/\\\/www.facebook.com\\\/groups\\\/165217837022391\\\/?ref=bookmarks\",\"https:\\\/\\\/www.instagram.com\\\/_ivinio_\\\/?hl=fr\"]}]}<\/script>\n<!-- \/ Yoast SEO plugin. -->","yoast_head_json":{"title":"Gulfi Rossojbleo - vin rouge de Sicile - vin Sicile - nero d'avola - caviste Nice - cuisine m\u00e9diterran\u00e9enne - vin biologique","description":"Gulfi Rossojbleo 2012 est un vin rouge de Sicile produit du c\u00e9page unique le nero d'avola. Il est subtil et bio. A d\u00e9guster sur la cuisine italienne !","robots":{"index":"index","follow":"follow","max-snippet":"max-snippet:-1","max-image-preview":"max-image-preview:large","max-video-preview":"max-video-preview:-1"},"canonical":"https:\/\/www.ivinio.com\/fr\/produit\/gulfi-rossojbleo-2017-rouge\/","og_locale":"fr_FR","og_type":"article","og_title":"Gulfi Rossojbleo - vin rouge de Sicile - vin Sicile - nero d'avola - caviste Nice - cuisine m\u00e9diterran\u00e9enne - vin biologique","og_description":"Gulfi Rossojbleo 2012 est un vin rouge de Sicile produit du c\u00e9page unique le nero d'avola. Il est subtil et bio. A d\u00e9guster sur la cuisine italienne !","og_url":"https:\/\/www.ivinio.com\/fr\/produit\/gulfi-rossojbleo-2017-rouge\/","og_site_name":"IVINIO Caviste","article_publisher":"https:\/\/www.facebook.com\/groups\/165217837022391\/?ref=bookmarks","article_modified_time":"2020-12-09T04:33:14+00:00","og_image":[{"width":500,"height":500,"url":"https:\/\/www.ivinio.com\/wp-content\/uploads\/nc\/public\/modules\/file\/pictures\/4826.gulfirossojbleo500x500.jpg","type":"image\/jpeg"}],"twitter_card":"summary_large_image","twitter_misc":{"Dur\u00e9e de lecture estim\u00e9e":"1 minute"},"schema":{"@context":"https:\/\/schema.org","@graph":[{"@type":"WebPage","@id":"https:\/\/www.ivinio.com\/fr\/produit\/gulfi-rossojbleo-2017-rouge\/","url":"https:\/\/www.ivinio.com\/fr\/produit\/gulfi-rossojbleo-2017-rouge\/","name":"Gulfi Rossojbleo - vin rouge de Sicile - vin Sicile - nero d'avola - caviste Nice - cuisine m\u00e9diterran\u00e9enne - vin biologique","isPartOf":{"@id":"https:\/\/www.ivinio.com\/fr\/#website"},"primaryImageOfPage":{"@id":"https:\/\/www.ivinio.com\/fr\/produit\/gulfi-rossojbleo-2017-rouge\/#primaryimage"},"image":{"@id":"https:\/\/www.ivinio.com\/fr\/produit\/gulfi-rossojbleo-2017-rouge\/#primaryimage"},"thumbnailUrl":"https:\/\/www.ivinio.com\/wp-content\/uploads\/nc\/public\/modules\/file\/pictures\/4826.gulfirossojbleo500x500.jpg","datePublished":"2014-05-21T10:20:33+00:00","dateModified":"2020-12-09T04:33:14+00:00","description":"Gulfi Rossojbleo 2012 est un vin rouge de Sicile produit du c\u00e9page unique le nero d'avola. Il est subtil et bio. A d\u00e9guster sur la cuisine italienne !","breadcrumb":{"@id":"https:\/\/www.ivinio.com\/fr\/produit\/gulfi-rossojbleo-2017-rouge\/#breadcrumb"},"inLanguage":"fr-FR","potentialAction":[{"@type":"ReadAction","target":["https:\/\/www.ivinio.com\/fr\/produit\/gulfi-rossojbleo-2017-rouge\/"]}]},{"@type":"ImageObject","inLanguage":"fr-FR","@id":"https:\/\/www.ivinio.com\/fr\/produit\/gulfi-rossojbleo-2017-rouge\/#primaryimage","url":"https:\/\/www.ivinio.com\/wp-content\/uploads\/nc\/public\/modules\/file\/pictures\/4826.gulfirossojbleo500x500.jpg","contentUrl":"https:\/\/www.ivinio.com\/wp-content\/uploads\/nc\/public\/modules\/file\/pictures\/4826.gulfirossojbleo500x500.jpg","width":500,"height":500},{"@type":"BreadcrumbList","@id":"https:\/\/www.ivinio.com\/fr\/produit\/gulfi-rossojbleo-2017-rouge\/#breadcrumb","itemListElement":[{"@type":"ListItem","position":1,"name":"Home","item":"https:\/\/www.ivinio.com\/fr\/"},{"@type":"ListItem","position":2,"name":"Boutique de vin","item":"https:\/\/www.ivinio.com\/fr\/boutique-de-vin\/"},{"@type":"ListItem","position":3,"name":"Gulfi Rossojbleo 2017 &#8211; Rouge"}]},{"@type":"WebSite","@id":"https:\/\/www.ivinio.com\/fr\/#website","url":"https:\/\/www.ivinio.com\/fr\/","name":"IVINIO Caviste","description":"Vins de France et d&#039;Italie avec livraison \u00e0 domicile","publisher":{"@id":"https:\/\/www.ivinio.com\/fr\/#organization"},"potentialAction":[{"@type":"SearchAction","target":{"@type":"EntryPoint","urlTemplate":"https:\/\/www.ivinio.com\/fr\/?s={search_term_string}"},"query-input":{"@type":"PropertyValueSpecification","valueRequired":true,"valueName":"search_term_string"}}],"inLanguage":"fr-FR"},{"@type":"Organization","@id":"https:\/\/www.ivinio.com\/fr\/#organization","name":"IVINIO","url":"https:\/\/www.ivinio.com\/fr\/","logo":{"@type":"ImageObject","inLanguage":"fr-FR","@id":"https:\/\/www.ivinio.com\/fr\/#\/schema\/logo\/image\/","url":"https:\/\/www.ivinio.com\/wp-content\/uploads\/2021\/01\/Logo-Ivinio-v2.jpg","contentUrl":"https:\/\/www.ivinio.com\/wp-content\/uploads\/2021\/01\/Logo-Ivinio-v2.jpg","width":1194,"height":1194,"caption":"IVINIO"},"image":{"@id":"https:\/\/www.ivinio.com\/fr\/#\/schema\/logo\/image\/"},"sameAs":["https:\/\/www.facebook.com\/groups\/165217837022391\/?ref=bookmarks","https:\/\/www.instagram.com\/_ivinio_\/?hl=fr"]}]}},"jetpack_sharing_enabled":true,"_links":{"self":[{"href":"https:\/\/www.ivinio.com\/fr\/wp-json\/wp\/v2\/product\/117786","targetHints":{"allow":["GET"]}}],"collection":[{"href":"https:\/\/www.ivinio.com\/fr\/wp-json\/wp\/v2\/product"}],"about":[{"href":"https:\/\/www.ivinio.com\/fr\/wp-json\/wp\/v2\/types\/product"}],"replies":[{"embeddable":true,"href":"https:\/\/www.ivinio.com\/fr\/wp-json\/wp\/v2\/comments?post=117786"}],"wp:featuredmedia":[{"embeddable":true,"href":"https:\/\/www.ivinio.com\/fr\/wp-json\/wp\/v2\/media\/117789"}],"wp:attachment":[{"href":"https:\/\/www.ivinio.com\/fr\/wp-json\/wp\/v2\/media?parent=117786"}],"wp:term":[{"taxonomy":"product_brand","embeddable":true,"href":"https:\/\/www.ivinio.com\/fr\/wp-json\/wp\/v2\/product_brand?post=117786"},{"taxonomy":"product_cat","embeddable":true,"href":"https:\/\/www.ivinio.com\/fr\/wp-json\/wp\/v2\/product_cat?post=117786"},{"taxonomy":"product_tag","embeddable":true,"href":"https:\/\/www.ivinio.com\/fr\/wp-json\/wp\/v2\/product_tag?post=117786"}],"curies":[{"name":"wp","href":"https:\/\/api.w.org\/{rel}","templated":true}]}}