{"id":117562,"date":"2014-05-21T10:20:32","date_gmt":"2014-05-21T10:20:32","guid":{"rendered":"https:\/\/henrik.www.ivinio.com\/?product=domaine-des-hautes-collines-de-la-cote-dazur-cuvee-du-pressoir-romain-2017-rouge"},"modified":"2022-03-13T10:50:56","modified_gmt":"2022-03-13T09:50:56","slug":"domaine-des-hautes-collines-de-la-cote-dazur-cuvee-du-pressoir-romain-2017-rouge","status":"publish","type":"product","link":"https:\/\/www.ivinio.com\/fr\/produit\/domaine-des-hautes-collines-de-la-cote-dazur-cuvee-du-pressoir-romain-2017-rouge\/","title":{"rendered":"Domaine des hautes Collines de la C\u00f4te d&#8217;Azur, Cuv\u00e9e du Pressoir Romain &#8211; Rouge"},"content":{"rendered":"<p>La Cuv\u00e9e du Pressoir Romain est faite \u00e0 partir de 6 c\u00e9pages diff\u00e9rents ; Mourv\u00e8dre, Merlot, Cabernet Sauvignon, Syrah, Grenache et Braquet.\u00a0Le vin est fait de la m\u00eame mani\u00e8re qu\u2019au cours des deux derniers mill\u00e9naires.\u00a0Le degr\u00e9 de maturit\u00e9 des grappes de chaque vari\u00e9t\u00e9 est \u00e9valu\u00e9 chaque ann\u00e9e avant la r\u00e9colte, puis il est d\u00e9termin\u00e9 quelle proportion de chaque c\u00e9page sera utilis\u00e9e pour le vin de l\u2019ann\u00e9e en cours.\u00a0Apr\u00e8s la fermentation, le jus est mis dans des bonbonnes de verre qui sont alors expos\u00e9es \u00e0 l&#8217;ext\u00e9rieur sur des murs en pierres pour arriver \u00e0 maturation et se stabiliser pendant 3 mois.\u00a0Le vin est ensuite \u00e9lev\u00e9 pendant 12 mois dans des f\u00fbts de ch\u00eane de qualit\u00e9 de Bordeaux avant d&#8217;\u00eatre embouteill\u00e9.\u00a0Le vin est parfaitement naturel. Aucun additif n\u2019est ajout\u00e9 et le vin n&#8217;est pas filtr\u00e9.<\/p>\n","protected":false},"excerpt":{"rendered":"<p>Cuv\u00e9e du Pressoir Romain est un vin fruit\u00e9 et \u00e9pic\u00e9 qui s&#8217;est &#8220;fait&#8221; dans des bonbonnes en verre \u00e0 l&#8217;ext\u00e9rieur pendant 3 mois, puis \u00e9lev\u00e9 en f\u00fbts de ch\u00eane pendant 12 mois.<\/p>\n<p>Un vin naturel, surprenant ! Une petite \u00a0merveille !<\/p>\n","protected":false},"featured_media":117565,"comment_status":"open","ping_status":"closed","template":"","meta":{"_monsterinsights_skip_tracking":false,"_monsterinsights_sitenote_active":false,"_monsterinsights_sitenote_note":"","_monsterinsights_sitenote_category":0,"_uf_show_specific_survey":0,"_uf_disable_surveys":false},"product_brand":[],"product_cat":[36622,36586],"product_tag":[],"class_list":{"0":"post-117562","1":"product","2":"type-product","3":"status-publish","4":"has-post-thumbnail","6":"product_cat-fr-provence","7":"product_cat-vins-francais","8":"pa_color-rouge-fr","9":"pa_country-france-fr","10":"pa_grape-variety-braquet-fr","11":"pa_grape-variety-cabernet-sauvignon-fr","12":"pa_grape-variety-grenache-fr","13":"pa_grape-variety-merlot-fr","14":"pa_grape-variety-mourvedre-fr","15":"pa_grape-variety-syrah-fr","16":"pa_region-cote-dazur-fr","17":"pa_storage-potential-8-ans","18":"pa_vintage-2018-fr","19":"pa_volume-75-cl-fr","21":"first","22":"instock","23":"taxable","24":"shipping-taxable","25":"purchasable","26":"product-type-simple"},"bundled_by":["117567"],"bundle_stock_status":"instock","bundle_stock_quantity":null,"bundle_virtual":false,"bundle_layout":"","bundle_add_to_cart_form_location":"","bundle_editable_in_cart":false,"bundle_sold_individually_context":"","bundle_item_grouping":"","bundle_min_size":"","bundle_max_size":"","bundle_price":[],"bundled_items":[],"bundle_sell_ids":[],"yoast_head":"<!-- This site is optimized with the Yoast SEO plugin v27.6 - https:\/\/yoast.com\/product\/yoast-seo-wordpress\/ -->\n<title>Domaine des hautes Collines de la C\u00f4te d&#039;Azur, Cuv\u00e9e du Pressoir Romain - vin rouge de provence - cuir - tanins - f\u00fbts de ch\u00eane - vin de nice - vin biologique - grace kelly - la main au collet - hitchcock<\/title>\n<meta name=\"description\" content=\"Domaine des hautes Collines de la C\u00f4te d&#039;Azur, Cuv\u00e9e du Pressoir Romain est un vin rouge exceptionnel \u00e9lev\u00e9 en f\u00fbts de ch\u00eane. Vin sur les hauteurs de nice.\" \/>\n<meta name=\"robots\" content=\"index, follow, max-snippet:-1, max-image-preview:large, max-video-preview:-1\" \/>\n<link rel=\"canonical\" href=\"https:\/\/www.ivinio.com\/fr\/produit\/domaine-des-hautes-collines-de-la-cote-dazur-cuvee-du-pressoir-romain-2017-rouge\/\" \/>\n<meta property=\"og:locale\" content=\"fr_FR\" \/>\n<meta property=\"og:type\" content=\"article\" \/>\n<meta property=\"og:title\" content=\"Domaine des hautes Collines de la C\u00f4te d&#039;Azur, Cuv\u00e9e du Pressoir Romain - vin rouge de provence - cuir - tanins - f\u00fbts de ch\u00eane - vin de nice - vin biologique - grace kelly - la main au collet - hitchcock\" \/>\n<meta property=\"og:description\" content=\"Domaine des hautes Collines de la C\u00f4te d&#039;Azur, Cuv\u00e9e du Pressoir Romain est un vin rouge exceptionnel \u00e9lev\u00e9 en f\u00fbts de ch\u00eane. Vin sur les hauteurs de nice.\" \/>\n<meta property=\"og:url\" content=\"https:\/\/www.ivinio.com\/fr\/produit\/domaine-des-hautes-collines-de-la-cote-dazur-cuvee-du-pressoir-romain-2017-rouge\/\" \/>\n<meta property=\"og:site_name\" content=\"IVINIO Caviste\" \/>\n<meta property=\"article:publisher\" content=\"https:\/\/www.facebook.com\/groups\/165217837022391\/?ref=bookmarks\" \/>\n<meta property=\"article:modified_time\" content=\"2022-03-13T09:50:56+00:00\" \/>\n<meta property=\"og:image\" content=\"https:\/\/www.ivinio.com\/wp-content\/uploads\/nc\/public\/modules\/file\/pictures\/6516.domaine-des-hautes-collines-de-la-c-te-d-azur-cuv-e-du-pressoir-romain-rouge-ivinio.jpg\" \/>\n\t<meta property=\"og:image:width\" content=\"500\" \/>\n\t<meta property=\"og:image:height\" content=\"500\" \/>\n\t<meta property=\"og:image:type\" content=\"image\/jpeg\" \/>\n<meta name=\"twitter:card\" content=\"summary_large_image\" \/>\n<meta name=\"twitter:label1\" content=\"Dur\u00e9e de lecture estim\u00e9e\" \/>\n\t<meta name=\"twitter:data1\" content=\"1 minute\" \/>\n<script type=\"application\/ld+json\" class=\"yoast-schema-graph\">{\"@context\":\"https:\\\/\\\/schema.org\",\"@graph\":[{\"@type\":\"WebPage\",\"@id\":\"https:\\\/\\\/www.ivinio.com\\\/fr\\\/produit\\\/domaine-des-hautes-collines-de-la-cote-dazur-cuvee-du-pressoir-romain-2017-rouge\\\/\",\"url\":\"https:\\\/\\\/www.ivinio.com\\\/fr\\\/produit\\\/domaine-des-hautes-collines-de-la-cote-dazur-cuvee-du-pressoir-romain-2017-rouge\\\/\",\"name\":\"Domaine des hautes Collines de la C\u00f4te d'Azur, Cuv\u00e9e du Pressoir Romain - vin rouge de provence - cuir - tanins - f\u00fbts de ch\u00eane - vin de nice - vin biologique - grace kelly - la main au collet - hitchcock\",\"isPartOf\":{\"@id\":\"https:\\\/\\\/www.ivinio.com\\\/fr\\\/#website\"},\"primaryImageOfPage\":{\"@id\":\"https:\\\/\\\/www.ivinio.com\\\/fr\\\/produit\\\/domaine-des-hautes-collines-de-la-cote-dazur-cuvee-du-pressoir-romain-2017-rouge\\\/#primaryimage\"},\"image\":{\"@id\":\"https:\\\/\\\/www.ivinio.com\\\/fr\\\/produit\\\/domaine-des-hautes-collines-de-la-cote-dazur-cuvee-du-pressoir-romain-2017-rouge\\\/#primaryimage\"},\"thumbnailUrl\":\"https:\\\/\\\/www.ivinio.com\\\/wp-content\\\/uploads\\\/nc\\\/public\\\/modules\\\/file\\\/pictures\\\/6516.domaine-des-hautes-collines-de-la-c-te-d-azur-cuv-e-du-pressoir-romain-rouge-ivinio.jpg\",\"datePublished\":\"2014-05-21T10:20:32+00:00\",\"dateModified\":\"2022-03-13T09:50:56+00:00\",\"description\":\"Domaine des hautes Collines de la C\u00f4te d'Azur, Cuv\u00e9e du Pressoir Romain est un vin rouge exceptionnel \u00e9lev\u00e9 en f\u00fbts de ch\u00eane. Vin sur les hauteurs de nice.\",\"breadcrumb\":{\"@id\":\"https:\\\/\\\/www.ivinio.com\\\/fr\\\/produit\\\/domaine-des-hautes-collines-de-la-cote-dazur-cuvee-du-pressoir-romain-2017-rouge\\\/#breadcrumb\"},\"inLanguage\":\"fr-FR\",\"potentialAction\":[{\"@type\":\"ReadAction\",\"target\":[\"https:\\\/\\\/www.ivinio.com\\\/fr\\\/produit\\\/domaine-des-hautes-collines-de-la-cote-dazur-cuvee-du-pressoir-romain-2017-rouge\\\/\"]}]},{\"@type\":\"ImageObject\",\"inLanguage\":\"fr-FR\",\"@id\":\"https:\\\/\\\/www.ivinio.com\\\/fr\\\/produit\\\/domaine-des-hautes-collines-de-la-cote-dazur-cuvee-du-pressoir-romain-2017-rouge\\\/#primaryimage\",\"url\":\"https:\\\/\\\/www.ivinio.com\\\/wp-content\\\/uploads\\\/nc\\\/public\\\/modules\\\/file\\\/pictures\\\/6516.domaine-des-hautes-collines-de-la-c-te-d-azur-cuv-e-du-pressoir-romain-rouge-ivinio.jpg\",\"contentUrl\":\"https:\\\/\\\/www.ivinio.com\\\/wp-content\\\/uploads\\\/nc\\\/public\\\/modules\\\/file\\\/pictures\\\/6516.domaine-des-hautes-collines-de-la-c-te-d-azur-cuv-e-du-pressoir-romain-rouge-ivinio.jpg\",\"width\":500,\"height\":500},{\"@type\":\"BreadcrumbList\",\"@id\":\"https:\\\/\\\/www.ivinio.com\\\/fr\\\/produit\\\/domaine-des-hautes-collines-de-la-cote-dazur-cuvee-du-pressoir-romain-2017-rouge\\\/#breadcrumb\",\"itemListElement\":[{\"@type\":\"ListItem\",\"position\":1,\"name\":\"Home\",\"item\":\"https:\\\/\\\/www.ivinio.com\\\/fr\\\/\"},{\"@type\":\"ListItem\",\"position\":2,\"name\":\"Boutique de vin\",\"item\":\"https:\\\/\\\/www.ivinio.com\\\/fr\\\/boutique-de-vin\\\/\"},{\"@type\":\"ListItem\",\"position\":3,\"name\":\"Domaine des hautes Collines de la C\u00f4te d&#8217;Azur, Cuv\u00e9e du Pressoir Romain &#8211; Rouge\"}]},{\"@type\":\"WebSite\",\"@id\":\"https:\\\/\\\/www.ivinio.com\\\/fr\\\/#website\",\"url\":\"https:\\\/\\\/www.ivinio.com\\\/fr\\\/\",\"name\":\"IVINIO Caviste\",\"description\":\"Vins de France et d&#039;Italie avec livraison \u00e0 domicile\",\"publisher\":{\"@id\":\"https:\\\/\\\/www.ivinio.com\\\/fr\\\/#organization\"},\"potentialAction\":[{\"@type\":\"SearchAction\",\"target\":{\"@type\":\"EntryPoint\",\"urlTemplate\":\"https:\\\/\\\/www.ivinio.com\\\/fr\\\/?s={search_term_string}\"},\"query-input\":{\"@type\":\"PropertyValueSpecification\",\"valueRequired\":true,\"valueName\":\"search_term_string\"}}],\"inLanguage\":\"fr-FR\"},{\"@type\":\"Organization\",\"@id\":\"https:\\\/\\\/www.ivinio.com\\\/fr\\\/#organization\",\"name\":\"IVINIO\",\"url\":\"https:\\\/\\\/www.ivinio.com\\\/fr\\\/\",\"logo\":{\"@type\":\"ImageObject\",\"inLanguage\":\"fr-FR\",\"@id\":\"https:\\\/\\\/www.ivinio.com\\\/fr\\\/#\\\/schema\\\/logo\\\/image\\\/\",\"url\":\"https:\\\/\\\/www.ivinio.com\\\/wp-content\\\/uploads\\\/2021\\\/01\\\/Logo-Ivinio-v2.jpg\",\"contentUrl\":\"https:\\\/\\\/www.ivinio.com\\\/wp-content\\\/uploads\\\/2021\\\/01\\\/Logo-Ivinio-v2.jpg\",\"width\":1194,\"height\":1194,\"caption\":\"IVINIO\"},\"image\":{\"@id\":\"https:\\\/\\\/www.ivinio.com\\\/fr\\\/#\\\/schema\\\/logo\\\/image\\\/\"},\"sameAs\":[\"https:\\\/\\\/www.facebook.com\\\/groups\\\/165217837022391\\\/?ref=bookmarks\",\"https:\\\/\\\/www.instagram.com\\\/_ivinio_\\\/?hl=fr\"]}]}<\/script>\n<!-- \/ Yoast SEO plugin. -->","yoast_head_json":{"title":"Domaine des hautes Collines de la C\u00f4te d'Azur, Cuv\u00e9e du Pressoir Romain - vin rouge de provence - cuir - tanins - f\u00fbts de ch\u00eane - vin de nice - vin biologique - grace kelly - la main au collet - hitchcock","description":"Domaine des hautes Collines de la C\u00f4te d'Azur, Cuv\u00e9e du Pressoir Romain est un vin rouge exceptionnel \u00e9lev\u00e9 en f\u00fbts de ch\u00eane. Vin sur les hauteurs de nice.","robots":{"index":"index","follow":"follow","max-snippet":"max-snippet:-1","max-image-preview":"max-image-preview:large","max-video-preview":"max-video-preview:-1"},"canonical":"https:\/\/www.ivinio.com\/fr\/produit\/domaine-des-hautes-collines-de-la-cote-dazur-cuvee-du-pressoir-romain-2017-rouge\/","og_locale":"fr_FR","og_type":"article","og_title":"Domaine des hautes Collines de la C\u00f4te d'Azur, Cuv\u00e9e du Pressoir Romain - vin rouge de provence - cuir - tanins - f\u00fbts de ch\u00eane - vin de nice - vin biologique - grace kelly - la main au collet - hitchcock","og_description":"Domaine des hautes Collines de la C\u00f4te d'Azur, Cuv\u00e9e du Pressoir Romain est un vin rouge exceptionnel \u00e9lev\u00e9 en f\u00fbts de ch\u00eane. Vin sur les hauteurs de nice.","og_url":"https:\/\/www.ivinio.com\/fr\/produit\/domaine-des-hautes-collines-de-la-cote-dazur-cuvee-du-pressoir-romain-2017-rouge\/","og_site_name":"IVINIO Caviste","article_publisher":"https:\/\/www.facebook.com\/groups\/165217837022391\/?ref=bookmarks","article_modified_time":"2022-03-13T09:50:56+00:00","og_image":[{"width":500,"height":500,"url":"https:\/\/www.ivinio.com\/wp-content\/uploads\/nc\/public\/modules\/file\/pictures\/6516.domaine-des-hautes-collines-de-la-c-te-d-azur-cuv-e-du-pressoir-romain-rouge-ivinio.jpg","type":"image\/jpeg"}],"twitter_card":"summary_large_image","twitter_misc":{"Dur\u00e9e de lecture estim\u00e9e":"1 minute"},"schema":{"@context":"https:\/\/schema.org","@graph":[{"@type":"WebPage","@id":"https:\/\/www.ivinio.com\/fr\/produit\/domaine-des-hautes-collines-de-la-cote-dazur-cuvee-du-pressoir-romain-2017-rouge\/","url":"https:\/\/www.ivinio.com\/fr\/produit\/domaine-des-hautes-collines-de-la-cote-dazur-cuvee-du-pressoir-romain-2017-rouge\/","name":"Domaine des hautes Collines de la C\u00f4te d'Azur, Cuv\u00e9e du Pressoir Romain - vin rouge de provence - cuir - tanins - f\u00fbts de ch\u00eane - vin de nice - vin biologique - grace kelly - la main au collet - hitchcock","isPartOf":{"@id":"https:\/\/www.ivinio.com\/fr\/#website"},"primaryImageOfPage":{"@id":"https:\/\/www.ivinio.com\/fr\/produit\/domaine-des-hautes-collines-de-la-cote-dazur-cuvee-du-pressoir-romain-2017-rouge\/#primaryimage"},"image":{"@id":"https:\/\/www.ivinio.com\/fr\/produit\/domaine-des-hautes-collines-de-la-cote-dazur-cuvee-du-pressoir-romain-2017-rouge\/#primaryimage"},"thumbnailUrl":"https:\/\/www.ivinio.com\/wp-content\/uploads\/nc\/public\/modules\/file\/pictures\/6516.domaine-des-hautes-collines-de-la-c-te-d-azur-cuv-e-du-pressoir-romain-rouge-ivinio.jpg","datePublished":"2014-05-21T10:20:32+00:00","dateModified":"2022-03-13T09:50:56+00:00","description":"Domaine des hautes Collines de la C\u00f4te d'Azur, Cuv\u00e9e du Pressoir Romain est un vin rouge exceptionnel \u00e9lev\u00e9 en f\u00fbts de ch\u00eane. Vin sur les hauteurs de nice.","breadcrumb":{"@id":"https:\/\/www.ivinio.com\/fr\/produit\/domaine-des-hautes-collines-de-la-cote-dazur-cuvee-du-pressoir-romain-2017-rouge\/#breadcrumb"},"inLanguage":"fr-FR","potentialAction":[{"@type":"ReadAction","target":["https:\/\/www.ivinio.com\/fr\/produit\/domaine-des-hautes-collines-de-la-cote-dazur-cuvee-du-pressoir-romain-2017-rouge\/"]}]},{"@type":"ImageObject","inLanguage":"fr-FR","@id":"https:\/\/www.ivinio.com\/fr\/produit\/domaine-des-hautes-collines-de-la-cote-dazur-cuvee-du-pressoir-romain-2017-rouge\/#primaryimage","url":"https:\/\/www.ivinio.com\/wp-content\/uploads\/nc\/public\/modules\/file\/pictures\/6516.domaine-des-hautes-collines-de-la-c-te-d-azur-cuv-e-du-pressoir-romain-rouge-ivinio.jpg","contentUrl":"https:\/\/www.ivinio.com\/wp-content\/uploads\/nc\/public\/modules\/file\/pictures\/6516.domaine-des-hautes-collines-de-la-c-te-d-azur-cuv-e-du-pressoir-romain-rouge-ivinio.jpg","width":500,"height":500},{"@type":"BreadcrumbList","@id":"https:\/\/www.ivinio.com\/fr\/produit\/domaine-des-hautes-collines-de-la-cote-dazur-cuvee-du-pressoir-romain-2017-rouge\/#breadcrumb","itemListElement":[{"@type":"ListItem","position":1,"name":"Home","item":"https:\/\/www.ivinio.com\/fr\/"},{"@type":"ListItem","position":2,"name":"Boutique de vin","item":"https:\/\/www.ivinio.com\/fr\/boutique-de-vin\/"},{"@type":"ListItem","position":3,"name":"Domaine des hautes Collines de la C\u00f4te d&#8217;Azur, Cuv\u00e9e du Pressoir Romain &#8211; Rouge"}]},{"@type":"WebSite","@id":"https:\/\/www.ivinio.com\/fr\/#website","url":"https:\/\/www.ivinio.com\/fr\/","name":"IVINIO Caviste","description":"Vins de France et d&#039;Italie avec livraison \u00e0 domicile","publisher":{"@id":"https:\/\/www.ivinio.com\/fr\/#organization"},"potentialAction":[{"@type":"SearchAction","target":{"@type":"EntryPoint","urlTemplate":"https:\/\/www.ivinio.com\/fr\/?s={search_term_string}"},"query-input":{"@type":"PropertyValueSpecification","valueRequired":true,"valueName":"search_term_string"}}],"inLanguage":"fr-FR"},{"@type":"Organization","@id":"https:\/\/www.ivinio.com\/fr\/#organization","name":"IVINIO","url":"https:\/\/www.ivinio.com\/fr\/","logo":{"@type":"ImageObject","inLanguage":"fr-FR","@id":"https:\/\/www.ivinio.com\/fr\/#\/schema\/logo\/image\/","url":"https:\/\/www.ivinio.com\/wp-content\/uploads\/2021\/01\/Logo-Ivinio-v2.jpg","contentUrl":"https:\/\/www.ivinio.com\/wp-content\/uploads\/2021\/01\/Logo-Ivinio-v2.jpg","width":1194,"height":1194,"caption":"IVINIO"},"image":{"@id":"https:\/\/www.ivinio.com\/fr\/#\/schema\/logo\/image\/"},"sameAs":["https:\/\/www.facebook.com\/groups\/165217837022391\/?ref=bookmarks","https:\/\/www.instagram.com\/_ivinio_\/?hl=fr"]}]}},"jetpack_sharing_enabled":true,"_links":{"self":[{"href":"https:\/\/www.ivinio.com\/fr\/wp-json\/wp\/v2\/product\/117562","targetHints":{"allow":["GET"]}}],"collection":[{"href":"https:\/\/www.ivinio.com\/fr\/wp-json\/wp\/v2\/product"}],"about":[{"href":"https:\/\/www.ivinio.com\/fr\/wp-json\/wp\/v2\/types\/product"}],"replies":[{"embeddable":true,"href":"https:\/\/www.ivinio.com\/fr\/wp-json\/wp\/v2\/comments?post=117562"}],"wp:featuredmedia":[{"embeddable":true,"href":"https:\/\/www.ivinio.com\/fr\/wp-json\/wp\/v2\/media\/117565"}],"wp:attachment":[{"href":"https:\/\/www.ivinio.com\/fr\/wp-json\/wp\/v2\/media?parent=117562"}],"wp:term":[{"taxonomy":"product_brand","embeddable":true,"href":"https:\/\/www.ivinio.com\/fr\/wp-json\/wp\/v2\/product_brand?post=117562"},{"taxonomy":"product_cat","embeddable":true,"href":"https:\/\/www.ivinio.com\/fr\/wp-json\/wp\/v2\/product_cat?post=117562"},{"taxonomy":"product_tag","embeddable":true,"href":"https:\/\/www.ivinio.com\/fr\/wp-json\/wp\/v2\/product_tag?post=117562"}],"curies":[{"name":"wp","href":"https:\/\/api.w.org\/{rel}","templated":true}]}}