{"id":117514,"date":"2014-05-21T10:20:31","date_gmt":"2014-05-21T10:20:31","guid":{"rendered":"https:\/\/henrik.www.ivinio.com\/?product=domaine-louis-brochet-brut-1er-cru-blanc"},"modified":"2025-09-25T12:42:37","modified_gmt":"2025-09-25T10:42:37","slug":"champagne-louis-brochet-heritage-brut-1er-cru","status":"publish","type":"product","link":"https:\/\/www.ivinio.com\/fr\/produit\/champagne-louis-brochet-heritage-brut-1er-cru\/","title":{"rendered":"Champagne Louis Brochet H\u00e9ritage Brut &#8211; 1er Cru"},"content":{"rendered":"<p>Champagne Louis Brochet H\u00e9ritage Brut &#8211; 1er Cru est le fruit d&#8217;ann\u00e9es d&#8217;exp\u00e9rimentation, il est le savant m\u00e9lange de Pinot Noir, de Chardonnay et de Pinot Meunier. 50% du Champagne est fait de &#8220;vin de r\u00e9serve\u00bb ce qui permet, ann\u00e9e apr\u00e8s ann\u00e9e, d\u2019obtenir un Champagne de go\u00fbt et de qualit\u00e9 constante. Chez les Brochet, ce sont les deux \u0153nologues de la famille qui cr\u00e9ent le Champagne chaque ann\u00e9e. Apr\u00e8s la fermentation et la stabilisation il est mis en bouteille en Avril de l&#8217;ann\u00e9e suivant la r\u00e9colte.<\/p>\n","protected":false},"excerpt":{"rendered":"<p>Champagne Louis Brochet H\u00e9ritage Brut &#8211; 1er Cru se d\u00e9guste \u00e0 toutes les occasions, r\u00e9compens\u00e9 \u00e0 plusieurs concours de vins!<\/p>\n","protected":false},"featured_media":138819,"comment_status":"open","ping_status":"closed","template":"","meta":{"_monsterinsights_skip_tracking":false,"_monsterinsights_sitenote_active":false,"_monsterinsights_sitenote_note":"","_monsterinsights_sitenote_category":0,"_uf_show_specific_survey":0,"_uf_disable_surveys":false},"product_brand":[],"product_cat":[36613,36586],"product_tag":[],"class_list":{"0":"post-117514","1":"product","2":"type-product","3":"status-publish","4":"has-post-thumbnail","6":"product_cat-fr-champagne","7":"product_cat-vins-francais","8":"pa_alcohol-degree-12-fr","9":"pa_awards-concours-des-vignerons-independants-fr","10":"pa_awards-concours-general-agricole-de-paris-fr","11":"pa_awards-guide-hachette","12":"pa_awards-les-vinalies-fr","13":"pa_classification-aop-champagne-fr","14":"pa_color-mousseux-fr","15":"pa_country-france-fr","16":"pa_grape-variety-chardonnay-fr","17":"pa_grape-variety-pinot-meunier-fr","18":"pa_grape-variety-pinot-noir-fr","19":"pa_region-champagne-fr","21":"first","22":"instock","23":"taxable","24":"shipping-taxable","25":"purchasable","26":"product-type-simple"},"bundled_by":["118939","120050","121114","118913"],"bundle_stock_status":"instock","bundle_stock_quantity":null,"bundle_virtual":false,"bundle_layout":"","bundle_add_to_cart_form_location":"","bundle_editable_in_cart":false,"bundle_sold_individually_context":"","bundle_item_grouping":"","bundle_min_size":"","bundle_max_size":"","bundle_price":[],"bundled_items":[],"bundle_sell_ids":[],"yoast_head":"<!-- This site is optimized with the Yoast SEO plugin v27.4 - https:\/\/yoast.com\/product\/yoast-seo-wordpress\/ -->\n<title>Champagne Louis Brochet H\u00e9ritage Brut - 1er Cru - IVINIO Caviste<\/title>\n<meta name=\"description\" content=\"Champagne Louis Brochet H\u00e9ritage Brut - 1er Cru est un Champagne \u00e9l\u00e9gant. A d\u00e9guster sur carpaccio ou tartare de saumon ou ap\u00e9ritif\" \/>\n<meta name=\"robots\" content=\"index, follow, max-snippet:-1, max-image-preview:large, max-video-preview:-1\" \/>\n<link rel=\"canonical\" href=\"https:\/\/www.ivinio.com\/fr\/produit\/champagne-louis-brochet-heritage-brut-1er-cru\/\" \/>\n<meta property=\"og:locale\" content=\"fr_FR\" \/>\n<meta property=\"og:type\" content=\"article\" \/>\n<meta property=\"og:title\" content=\"Champagne Louis Brochet H\u00e9ritage Brut - 1er Cru - IVINIO Caviste\" \/>\n<meta property=\"og:description\" content=\"Champagne Louis Brochet H\u00e9ritage Brut - 1er Cru est un Champagne \u00e9l\u00e9gant. A d\u00e9guster sur carpaccio ou tartare de saumon ou ap\u00e9ritif\" \/>\n<meta property=\"og:url\" content=\"https:\/\/www.ivinio.com\/fr\/produit\/champagne-louis-brochet-heritage-brut-1er-cru\/\" \/>\n<meta property=\"og:site_name\" content=\"IVINIO Caviste\" \/>\n<meta property=\"article:publisher\" content=\"https:\/\/www.facebook.com\/groups\/165217837022391\/?ref=bookmarks\" \/>\n<meta property=\"article:modified_time\" content=\"2025-09-25T10:42:37+00:00\" \/>\n<meta property=\"og:image\" content=\"https:\/\/www.ivinio.com\/wp-content\/uploads\/2014\/05\/Champagne-Louis-Brochet-Heritage-Brut-IVINIO.jpg\" \/>\n\t<meta property=\"og:image:width\" content=\"500\" \/>\n\t<meta property=\"og:image:height\" content=\"500\" \/>\n\t<meta property=\"og:image:type\" content=\"image\/jpeg\" \/>\n<meta name=\"twitter:card\" content=\"summary_large_image\" \/>\n<meta name=\"twitter:label1\" content=\"Dur\u00e9e de lecture estim\u00e9e\" \/>\n\t<meta name=\"twitter:data1\" content=\"1 minute\" \/>\n<script type=\"application\/ld+json\" class=\"yoast-schema-graph\">{\"@context\":\"https:\\\/\\\/schema.org\",\"@graph\":[{\"@type\":\"WebPage\",\"@id\":\"https:\\\/\\\/www.ivinio.com\\\/fr\\\/produit\\\/champagne-louis-brochet-heritage-brut-1er-cru\\\/\",\"url\":\"https:\\\/\\\/www.ivinio.com\\\/fr\\\/produit\\\/champagne-louis-brochet-heritage-brut-1er-cru\\\/\",\"name\":\"Champagne Louis Brochet H\u00e9ritage Brut - 1er Cru - IVINIO Caviste\",\"isPartOf\":{\"@id\":\"https:\\\/\\\/www.ivinio.com\\\/fr\\\/#website\"},\"primaryImageOfPage\":{\"@id\":\"https:\\\/\\\/www.ivinio.com\\\/fr\\\/produit\\\/champagne-louis-brochet-heritage-brut-1er-cru\\\/#primaryimage\"},\"image\":{\"@id\":\"https:\\\/\\\/www.ivinio.com\\\/fr\\\/produit\\\/champagne-louis-brochet-heritage-brut-1er-cru\\\/#primaryimage\"},\"thumbnailUrl\":\"https:\\\/\\\/www.ivinio.com\\\/wp-content\\\/uploads\\\/2014\\\/05\\\/Champagne-Louis-Brochet-Heritage-Brut-IVINIO.jpg\",\"datePublished\":\"2014-05-21T10:20:31+00:00\",\"dateModified\":\"2025-09-25T10:42:37+00:00\",\"description\":\"Champagne Louis Brochet H\u00e9ritage Brut - 1er Cru est un Champagne \u00e9l\u00e9gant. A d\u00e9guster sur carpaccio ou tartare de saumon ou ap\u00e9ritif\",\"breadcrumb\":{\"@id\":\"https:\\\/\\\/www.ivinio.com\\\/fr\\\/produit\\\/champagne-louis-brochet-heritage-brut-1er-cru\\\/#breadcrumb\"},\"inLanguage\":\"fr-FR\",\"potentialAction\":[{\"@type\":\"ReadAction\",\"target\":[\"https:\\\/\\\/www.ivinio.com\\\/fr\\\/produit\\\/champagne-louis-brochet-heritage-brut-1er-cru\\\/\"]}]},{\"@type\":\"ImageObject\",\"inLanguage\":\"fr-FR\",\"@id\":\"https:\\\/\\\/www.ivinio.com\\\/fr\\\/produit\\\/champagne-louis-brochet-heritage-brut-1er-cru\\\/#primaryimage\",\"url\":\"https:\\\/\\\/www.ivinio.com\\\/wp-content\\\/uploads\\\/2014\\\/05\\\/Champagne-Louis-Brochet-Heritage-Brut-IVINIO.jpg\",\"contentUrl\":\"https:\\\/\\\/www.ivinio.com\\\/wp-content\\\/uploads\\\/2014\\\/05\\\/Champagne-Louis-Brochet-Heritage-Brut-IVINIO.jpg\",\"width\":500,\"height\":500},{\"@type\":\"BreadcrumbList\",\"@id\":\"https:\\\/\\\/www.ivinio.com\\\/fr\\\/produit\\\/champagne-louis-brochet-heritage-brut-1er-cru\\\/#breadcrumb\",\"itemListElement\":[{\"@type\":\"ListItem\",\"position\":1,\"name\":\"Home\",\"item\":\"https:\\\/\\\/www.ivinio.com\\\/fr\\\/\"},{\"@type\":\"ListItem\",\"position\":2,\"name\":\"Boutique de vin\",\"item\":\"https:\\\/\\\/www.ivinio.com\\\/fr\\\/boutique-de-vin\\\/\"},{\"@type\":\"ListItem\",\"position\":3,\"name\":\"Champagne Louis Brochet H\u00e9ritage Brut &#8211; 1er Cru\"}]},{\"@type\":\"WebSite\",\"@id\":\"https:\\\/\\\/www.ivinio.com\\\/fr\\\/#website\",\"url\":\"https:\\\/\\\/www.ivinio.com\\\/fr\\\/\",\"name\":\"IVINIO Caviste\",\"description\":\"Vins de France et d&#039;Italie avec livraison \u00e0 domicile\",\"publisher\":{\"@id\":\"https:\\\/\\\/www.ivinio.com\\\/fr\\\/#organization\"},\"potentialAction\":[{\"@type\":\"SearchAction\",\"target\":{\"@type\":\"EntryPoint\",\"urlTemplate\":\"https:\\\/\\\/www.ivinio.com\\\/fr\\\/?s={search_term_string}\"},\"query-input\":{\"@type\":\"PropertyValueSpecification\",\"valueRequired\":true,\"valueName\":\"search_term_string\"}}],\"inLanguage\":\"fr-FR\"},{\"@type\":\"Organization\",\"@id\":\"https:\\\/\\\/www.ivinio.com\\\/fr\\\/#organization\",\"name\":\"IVINIO\",\"url\":\"https:\\\/\\\/www.ivinio.com\\\/fr\\\/\",\"logo\":{\"@type\":\"ImageObject\",\"inLanguage\":\"fr-FR\",\"@id\":\"https:\\\/\\\/www.ivinio.com\\\/fr\\\/#\\\/schema\\\/logo\\\/image\\\/\",\"url\":\"https:\\\/\\\/www.ivinio.com\\\/wp-content\\\/uploads\\\/2021\\\/01\\\/Logo-Ivinio-v2.jpg\",\"contentUrl\":\"https:\\\/\\\/www.ivinio.com\\\/wp-content\\\/uploads\\\/2021\\\/01\\\/Logo-Ivinio-v2.jpg\",\"width\":1194,\"height\":1194,\"caption\":\"IVINIO\"},\"image\":{\"@id\":\"https:\\\/\\\/www.ivinio.com\\\/fr\\\/#\\\/schema\\\/logo\\\/image\\\/\"},\"sameAs\":[\"https:\\\/\\\/www.facebook.com\\\/groups\\\/165217837022391\\\/?ref=bookmarks\",\"https:\\\/\\\/www.instagram.com\\\/_ivinio_\\\/?hl=fr\"]}]}<\/script>\n<!-- \/ Yoast SEO plugin. -->","yoast_head_json":{"title":"Champagne Louis Brochet H\u00e9ritage Brut - 1er Cru - IVINIO Caviste","description":"Champagne Louis Brochet H\u00e9ritage Brut - 1er Cru est un Champagne \u00e9l\u00e9gant. A d\u00e9guster sur carpaccio ou tartare de saumon ou ap\u00e9ritif","robots":{"index":"index","follow":"follow","max-snippet":"max-snippet:-1","max-image-preview":"max-image-preview:large","max-video-preview":"max-video-preview:-1"},"canonical":"https:\/\/www.ivinio.com\/fr\/produit\/champagne-louis-brochet-heritage-brut-1er-cru\/","og_locale":"fr_FR","og_type":"article","og_title":"Champagne Louis Brochet H\u00e9ritage Brut - 1er Cru - IVINIO Caviste","og_description":"Champagne Louis Brochet H\u00e9ritage Brut - 1er Cru est un Champagne \u00e9l\u00e9gant. A d\u00e9guster sur carpaccio ou tartare de saumon ou ap\u00e9ritif","og_url":"https:\/\/www.ivinio.com\/fr\/produit\/champagne-louis-brochet-heritage-brut-1er-cru\/","og_site_name":"IVINIO Caviste","article_publisher":"https:\/\/www.facebook.com\/groups\/165217837022391\/?ref=bookmarks","article_modified_time":"2025-09-25T10:42:37+00:00","og_image":[{"width":500,"height":500,"url":"https:\/\/www.ivinio.com\/wp-content\/uploads\/2014\/05\/Champagne-Louis-Brochet-Heritage-Brut-IVINIO.jpg","type":"image\/jpeg"}],"twitter_card":"summary_large_image","twitter_misc":{"Dur\u00e9e de lecture estim\u00e9e":"1 minute"},"schema":{"@context":"https:\/\/schema.org","@graph":[{"@type":"WebPage","@id":"https:\/\/www.ivinio.com\/fr\/produit\/champagne-louis-brochet-heritage-brut-1er-cru\/","url":"https:\/\/www.ivinio.com\/fr\/produit\/champagne-louis-brochet-heritage-brut-1er-cru\/","name":"Champagne Louis Brochet H\u00e9ritage Brut - 1er Cru - IVINIO Caviste","isPartOf":{"@id":"https:\/\/www.ivinio.com\/fr\/#website"},"primaryImageOfPage":{"@id":"https:\/\/www.ivinio.com\/fr\/produit\/champagne-louis-brochet-heritage-brut-1er-cru\/#primaryimage"},"image":{"@id":"https:\/\/www.ivinio.com\/fr\/produit\/champagne-louis-brochet-heritage-brut-1er-cru\/#primaryimage"},"thumbnailUrl":"https:\/\/www.ivinio.com\/wp-content\/uploads\/2014\/05\/Champagne-Louis-Brochet-Heritage-Brut-IVINIO.jpg","datePublished":"2014-05-21T10:20:31+00:00","dateModified":"2025-09-25T10:42:37+00:00","description":"Champagne Louis Brochet H\u00e9ritage Brut - 1er Cru est un Champagne \u00e9l\u00e9gant. A d\u00e9guster sur carpaccio ou tartare de saumon ou ap\u00e9ritif","breadcrumb":{"@id":"https:\/\/www.ivinio.com\/fr\/produit\/champagne-louis-brochet-heritage-brut-1er-cru\/#breadcrumb"},"inLanguage":"fr-FR","potentialAction":[{"@type":"ReadAction","target":["https:\/\/www.ivinio.com\/fr\/produit\/champagne-louis-brochet-heritage-brut-1er-cru\/"]}]},{"@type":"ImageObject","inLanguage":"fr-FR","@id":"https:\/\/www.ivinio.com\/fr\/produit\/champagne-louis-brochet-heritage-brut-1er-cru\/#primaryimage","url":"https:\/\/www.ivinio.com\/wp-content\/uploads\/2014\/05\/Champagne-Louis-Brochet-Heritage-Brut-IVINIO.jpg","contentUrl":"https:\/\/www.ivinio.com\/wp-content\/uploads\/2014\/05\/Champagne-Louis-Brochet-Heritage-Brut-IVINIO.jpg","width":500,"height":500},{"@type":"BreadcrumbList","@id":"https:\/\/www.ivinio.com\/fr\/produit\/champagne-louis-brochet-heritage-brut-1er-cru\/#breadcrumb","itemListElement":[{"@type":"ListItem","position":1,"name":"Home","item":"https:\/\/www.ivinio.com\/fr\/"},{"@type":"ListItem","position":2,"name":"Boutique de vin","item":"https:\/\/www.ivinio.com\/fr\/boutique-de-vin\/"},{"@type":"ListItem","position":3,"name":"Champagne Louis Brochet H\u00e9ritage Brut &#8211; 1er Cru"}]},{"@type":"WebSite","@id":"https:\/\/www.ivinio.com\/fr\/#website","url":"https:\/\/www.ivinio.com\/fr\/","name":"IVINIO Caviste","description":"Vins de France et d&#039;Italie avec livraison \u00e0 domicile","publisher":{"@id":"https:\/\/www.ivinio.com\/fr\/#organization"},"potentialAction":[{"@type":"SearchAction","target":{"@type":"EntryPoint","urlTemplate":"https:\/\/www.ivinio.com\/fr\/?s={search_term_string}"},"query-input":{"@type":"PropertyValueSpecification","valueRequired":true,"valueName":"search_term_string"}}],"inLanguage":"fr-FR"},{"@type":"Organization","@id":"https:\/\/www.ivinio.com\/fr\/#organization","name":"IVINIO","url":"https:\/\/www.ivinio.com\/fr\/","logo":{"@type":"ImageObject","inLanguage":"fr-FR","@id":"https:\/\/www.ivinio.com\/fr\/#\/schema\/logo\/image\/","url":"https:\/\/www.ivinio.com\/wp-content\/uploads\/2021\/01\/Logo-Ivinio-v2.jpg","contentUrl":"https:\/\/www.ivinio.com\/wp-content\/uploads\/2021\/01\/Logo-Ivinio-v2.jpg","width":1194,"height":1194,"caption":"IVINIO"},"image":{"@id":"https:\/\/www.ivinio.com\/fr\/#\/schema\/logo\/image\/"},"sameAs":["https:\/\/www.facebook.com\/groups\/165217837022391\/?ref=bookmarks","https:\/\/www.instagram.com\/_ivinio_\/?hl=fr"]}]}},"jetpack_sharing_enabled":true,"_links":{"self":[{"href":"https:\/\/www.ivinio.com\/fr\/wp-json\/wp\/v2\/product\/117514","targetHints":{"allow":["GET"]}}],"collection":[{"href":"https:\/\/www.ivinio.com\/fr\/wp-json\/wp\/v2\/product"}],"about":[{"href":"https:\/\/www.ivinio.com\/fr\/wp-json\/wp\/v2\/types\/product"}],"replies":[{"embeddable":true,"href":"https:\/\/www.ivinio.com\/fr\/wp-json\/wp\/v2\/comments?post=117514"}],"wp:featuredmedia":[{"embeddable":true,"href":"https:\/\/www.ivinio.com\/fr\/wp-json\/wp\/v2\/media\/138819"}],"wp:attachment":[{"href":"https:\/\/www.ivinio.com\/fr\/wp-json\/wp\/v2\/media?parent=117514"}],"wp:term":[{"taxonomy":"product_brand","embeddable":true,"href":"https:\/\/www.ivinio.com\/fr\/wp-json\/wp\/v2\/product_brand?post=117514"},{"taxonomy":"product_cat","embeddable":true,"href":"https:\/\/www.ivinio.com\/fr\/wp-json\/wp\/v2\/product_cat?post=117514"},{"taxonomy":"product_tag","embeddable":true,"href":"https:\/\/www.ivinio.com\/fr\/wp-json\/wp\/v2\/product_tag?post=117514"}],"curies":[{"name":"wp","href":"https:\/\/api.w.org\/{rel}","templated":true}]}}