{"id":117504,"date":"2014-05-21T10:20:31","date_gmt":"2014-05-21T10:20:31","guid":{"rendered":"https:\/\/henrik.www.ivinio.com\/?product=3x2-vinosia-orus-primitivo-och-negroamaro-salento-igt"},"modified":"2022-03-17T05:24:26","modified_gmt":"2022-03-17T04:24:26","slug":"vinosia-carton-decouverte-primitivo-et-negroamaro-2x3-bouteilles","status":"publish","type":"product","link":"https:\/\/www.ivinio.com\/fr\/produit\/vinosia-carton-decouverte-primitivo-et-negroamaro-2x3-bouteilles\/","title":{"rendered":"Carton d\u00e9couverte de Vinosia &#8211; 3&#215;2 Vinosia Orus Primitivo et Negroamaro Salento IGT"},"content":{"rendered":"<p>Le vignoble &#8220;Vinosia&#8221; est relativement jeune ; il a \u00e9t\u00e9 le projet de deux fr\u00e8res Mario et Luciano Ercolino. Ils ne sont pas novices dans le milieu du vin car Ercolino a travaill\u00e9 dans le vignoble \u00ab Feudi di San Gregorio \u00bb dans la r\u00e9gion de Campanie &#8211; et Mario y \u00e9tait responsable de la vinification. C\u2019est en 2003 qu\u2019ils ont d\u00e9but\u00e9 l\u2019aventure &#8220;Vinosia\u00bb qui signifie \u00abUne nouvelle source pour le vin.&#8221; Le vignoble est situ\u00e9 dans le Luogosano, entre la mer M\u00e9diterran\u00e9e et la c\u00f4te adriatique proche de Naples. Mario est responsable de la vinification et produit des vins du sud de l\u2019Italie de qualit\u00e9 qui ont une grande personnalit\u00e9.<\/p>\n","protected":false},"excerpt":{"rendered":"<p>Nous vous proposons un carton d\u00e9gustation de 3 bouteilles d&#8217;Orus Negroamaro et 3 bouteilles d&#8217;Orus Primitivo.<\/p>\n","protected":false},"featured_media":117507,"comment_status":"open","ping_status":"closed","template":"","meta":{"_monsterinsights_skip_tracking":false,"_monsterinsights_sitenote_active":false,"_monsterinsights_sitenote_note":"","_monsterinsights_sitenote_category":0,"_uf_show_specific_survey":0,"_uf_disable_surveys":false},"product_brand":[],"product_cat":[36643],"product_tag":[],"class_list":{"0":"post-117504","1":"product","2":"type-product","3":"status-publish","4":"has-post-thumbnail","6":"product_cat-ronde-des-vins","7":"pa_classification-igt-salento-fr","8":"pa_color-rouge-fr","9":"pa_country-italie-fr","10":"pa_grape-variety-primitivo-fr","11":"pa_package-1x6-fr","12":"pa_region-pouilles-fr-fr-2","13":"pa_storage-potential-4-ans-fr","14":"pa_vintage-2019-fr","15":"pa_vintage-2020-fr","16":"pa_volume-75-cl-fr","18":"first","19":"instock","20":"taxable","21":"shipping-taxable","22":"purchasable","23":"product-type-bundle"},"bundled_by":[],"bundle_stock_status":"instock","bundle_stock_quantity":"","bundle_virtual":false,"bundle_layout":"grid","bundle_add_to_cart_form_location":"after_summary","bundle_editable_in_cart":false,"bundle_sold_individually_context":"product","bundle_item_grouping":"noindent","bundle_min_size":"","bundle_max_size":"","bundle_price":{"price":{"min":{"incl_tax":"49.5","excl_tax":"49.5"},"max":{"incl_tax":"49.5","excl_tax":"49.5"}},"regular_price":{"min":{"incl_tax":"49.5","excl_tax":"49.5"},"max":{"incl_tax":"49.5","excl_tax":"49.5"}}},"bundled_items":[{"bundled_item_id":8389,"product_id":117498,"menu_order":0,"quantity_min":1,"quantity_max":1,"quantity_default":1,"priced_individually":false,"shipped_individually":false,"override_title":false,"title":"Vinosia Orus Primitivo Salento IGT &#8211; Rouge","override_description":false,"description":"Vinosia Orus Primitivo Salento IGT &#8211; Rouge","optional":false,"hide_thumbnail":false,"discount":"","override_variations":true,"allowed_variations":[""],"override_default_variation_attributes":true,"default_variation_attributes":[],"single_product_visibility":"visible","cart_visibility":"hidden","order_visibility":"visible","single_product_price_visibility":"visible","cart_price_visibility":"visible","order_price_visibility":"visible","stock_status":"in_stock"},{"bundled_item_id":8390,"product_id":117492,"menu_order":1,"quantity_min":1,"quantity_max":1,"quantity_default":1,"priced_individually":false,"shipped_individually":false,"override_title":false,"title":"Vinosia Orus Negroamaro Salento IGT &#8211; Rouge","override_description":false,"description":"Vinosia Orus Negroamaro Salento IGT &#8211; Rouge","optional":false,"hide_thumbnail":false,"discount":"","override_variations":true,"allowed_variations":[""],"override_default_variation_attributes":true,"default_variation_attributes":[],"single_product_visibility":"visible","cart_visibility":"hidden","order_visibility":"visible","single_product_price_visibility":"visible","cart_price_visibility":"visible","order_price_visibility":"visible","stock_status":"in_stock"}],"bundle_sell_ids":[],"yoast_head":"<!-- This site is optimized with the Yoast SEO plugin v27.3 - https:\/\/yoast.com\/product\/yoast-seo-wordpress\/ -->\n<title>Carton d\u00e9couverte de Vinosia - 3x2 Vinosia Orus Primitivo &amp; Negroamaro<\/title>\n<meta name=\"description\" content=\"Acheter Carton d\u00e9couverte de Vinosia - 3x2 Vinosia Orus Primitivo &amp; Negroamaro . Coffret de 3 bouteilles d&#039;Orus Negroamaro et 3 bouteilles d&#039;Orus Primitivo.\" \/>\n<meta name=\"robots\" content=\"index, follow, max-snippet:-1, max-image-preview:large, max-video-preview:-1\" \/>\n<link rel=\"canonical\" href=\"https:\/\/www.ivinio.com\/fr\/produit\/vinosia-carton-decouverte-primitivo-et-negroamaro-2x3-bouteilles\/\" \/>\n<meta property=\"og:locale\" content=\"fr_FR\" \/>\n<meta property=\"og:type\" content=\"article\" \/>\n<meta property=\"og:title\" content=\"Carton d\u00e9couverte de Vinosia - 3x2 Vinosia Orus Primitivo &amp; Negroamaro\" \/>\n<meta property=\"og:description\" content=\"Acheter Carton d\u00e9couverte de Vinosia - 3x2 Vinosia Orus Primitivo &amp; Negroamaro . Coffret de 3 bouteilles d&#039;Orus Negroamaro et 3 bouteilles d&#039;Orus Primitivo.\" \/>\n<meta property=\"og:url\" content=\"https:\/\/www.ivinio.com\/fr\/produit\/vinosia-carton-decouverte-primitivo-et-negroamaro-2x3-bouteilles\/\" \/>\n<meta property=\"og:site_name\" content=\"IVINIO Wine Shop\" \/>\n<meta property=\"article:publisher\" content=\"https:\/\/www.facebook.com\/groups\/165217837022391\/?ref=bookmarks\" \/>\n<meta property=\"article:modified_time\" content=\"2022-03-17T04:24:26+00:00\" \/>\n<meta property=\"og:image\" content=\"https:\/\/www.ivinio.com\/wp-content\/uploads\/nc\/public\/modules\/file\/pictures\/4879.vinosiapack500x500.jpg\" \/>\n\t<meta property=\"og:image:width\" content=\"500\" \/>\n\t<meta property=\"og:image:height\" content=\"500\" \/>\n\t<meta property=\"og:image:type\" content=\"image\/jpeg\" \/>\n<meta name=\"twitter:card\" content=\"summary_large_image\" \/>\n<meta name=\"twitter:label1\" content=\"Dur\u00e9e de lecture estim\u00e9e\" \/>\n\t<meta name=\"twitter:data1\" content=\"1 minute\" \/>\n<script type=\"application\/ld+json\" class=\"yoast-schema-graph\">{\"@context\":\"https:\\\/\\\/schema.org\",\"@graph\":[{\"@type\":\"WebPage\",\"@id\":\"https:\\\/\\\/www.ivinio.com\\\/fr\\\/produit\\\/vinosia-carton-decouverte-primitivo-et-negroamaro-2x3-bouteilles\\\/\",\"url\":\"https:\\\/\\\/www.ivinio.com\\\/fr\\\/produit\\\/vinosia-carton-decouverte-primitivo-et-negroamaro-2x3-bouteilles\\\/\",\"name\":\"Carton d\u00e9couverte de Vinosia - 3x2 Vinosia Orus Primitivo & Negroamaro\",\"isPartOf\":{\"@id\":\"https:\\\/\\\/www.ivinio.com\\\/fr\\\/#website\"},\"primaryImageOfPage\":{\"@id\":\"https:\\\/\\\/www.ivinio.com\\\/fr\\\/produit\\\/vinosia-carton-decouverte-primitivo-et-negroamaro-2x3-bouteilles\\\/#primaryimage\"},\"image\":{\"@id\":\"https:\\\/\\\/www.ivinio.com\\\/fr\\\/produit\\\/vinosia-carton-decouverte-primitivo-et-negroamaro-2x3-bouteilles\\\/#primaryimage\"},\"thumbnailUrl\":\"https:\\\/\\\/www.ivinio.com\\\/wp-content\\\/uploads\\\/nc\\\/public\\\/modules\\\/file\\\/pictures\\\/4879.vinosiapack500x500.jpg\",\"datePublished\":\"2014-05-21T10:20:31+00:00\",\"dateModified\":\"2022-03-17T04:24:26+00:00\",\"description\":\"Acheter Carton d\u00e9couverte de Vinosia - 3x2 Vinosia Orus Primitivo & Negroamaro . Coffret de 3 bouteilles d'Orus Negroamaro et 3 bouteilles d'Orus Primitivo.\",\"breadcrumb\":{\"@id\":\"https:\\\/\\\/www.ivinio.com\\\/fr\\\/produit\\\/vinosia-carton-decouverte-primitivo-et-negroamaro-2x3-bouteilles\\\/#breadcrumb\"},\"inLanguage\":\"fr-FR\",\"potentialAction\":[{\"@type\":\"ReadAction\",\"target\":[\"https:\\\/\\\/www.ivinio.com\\\/fr\\\/produit\\\/vinosia-carton-decouverte-primitivo-et-negroamaro-2x3-bouteilles\\\/\"]}]},{\"@type\":\"ImageObject\",\"inLanguage\":\"fr-FR\",\"@id\":\"https:\\\/\\\/www.ivinio.com\\\/fr\\\/produit\\\/vinosia-carton-decouverte-primitivo-et-negroamaro-2x3-bouteilles\\\/#primaryimage\",\"url\":\"https:\\\/\\\/www.ivinio.com\\\/wp-content\\\/uploads\\\/nc\\\/public\\\/modules\\\/file\\\/pictures\\\/4879.vinosiapack500x500.jpg\",\"contentUrl\":\"https:\\\/\\\/www.ivinio.com\\\/wp-content\\\/uploads\\\/nc\\\/public\\\/modules\\\/file\\\/pictures\\\/4879.vinosiapack500x500.jpg\",\"width\":500,\"height\":500,\"caption\":\"Vinosia Orus\"},{\"@type\":\"BreadcrumbList\",\"@id\":\"https:\\\/\\\/www.ivinio.com\\\/fr\\\/produit\\\/vinosia-carton-decouverte-primitivo-et-negroamaro-2x3-bouteilles\\\/#breadcrumb\",\"itemListElement\":[{\"@type\":\"ListItem\",\"position\":1,\"name\":\"Home\",\"item\":\"https:\\\/\\\/www.ivinio.com\\\/fr\\\/\"},{\"@type\":\"ListItem\",\"position\":2,\"name\":\"Boutique de vin\",\"item\":\"https:\\\/\\\/www.ivinio.com\\\/fr\\\/boutique-de-vin\\\/\"},{\"@type\":\"ListItem\",\"position\":3,\"name\":\"Carton d\u00e9couverte de Vinosia &#8211; 3&#215;2 Vinosia Orus Primitivo et Negroamaro Salento IGT\"}]},{\"@type\":\"WebSite\",\"@id\":\"https:\\\/\\\/www.ivinio.com\\\/fr\\\/#website\",\"url\":\"https:\\\/\\\/www.ivinio.com\\\/fr\\\/\",\"name\":\"IVINIO Wine Shop\",\"description\":\"French and Italian wines with delivery to your door\",\"publisher\":{\"@id\":\"https:\\\/\\\/www.ivinio.com\\\/fr\\\/#organization\"},\"potentialAction\":[{\"@type\":\"SearchAction\",\"target\":{\"@type\":\"EntryPoint\",\"urlTemplate\":\"https:\\\/\\\/www.ivinio.com\\\/fr\\\/?s={search_term_string}\"},\"query-input\":{\"@type\":\"PropertyValueSpecification\",\"valueRequired\":true,\"valueName\":\"search_term_string\"}}],\"inLanguage\":\"fr-FR\"},{\"@type\":\"Organization\",\"@id\":\"https:\\\/\\\/www.ivinio.com\\\/fr\\\/#organization\",\"name\":\"IVINIO\",\"url\":\"https:\\\/\\\/www.ivinio.com\\\/fr\\\/\",\"logo\":{\"@type\":\"ImageObject\",\"inLanguage\":\"fr-FR\",\"@id\":\"https:\\\/\\\/www.ivinio.com\\\/fr\\\/#\\\/schema\\\/logo\\\/image\\\/\",\"url\":\"https:\\\/\\\/www.ivinio.com\\\/wp-content\\\/uploads\\\/2021\\\/01\\\/Logo-Ivinio-v2.jpg\",\"contentUrl\":\"https:\\\/\\\/www.ivinio.com\\\/wp-content\\\/uploads\\\/2021\\\/01\\\/Logo-Ivinio-v2.jpg\",\"width\":1194,\"height\":1194,\"caption\":\"IVINIO\"},\"image\":{\"@id\":\"https:\\\/\\\/www.ivinio.com\\\/fr\\\/#\\\/schema\\\/logo\\\/image\\\/\"},\"sameAs\":[\"https:\\\/\\\/www.facebook.com\\\/groups\\\/165217837022391\\\/?ref=bookmarks\",\"https:\\\/\\\/www.instagram.com\\\/_ivinio_\\\/?hl=fr\"]}]}<\/script>\n<!-- \/ Yoast SEO plugin. -->","yoast_head_json":{"title":"Carton d\u00e9couverte de Vinosia - 3x2 Vinosia Orus Primitivo & Negroamaro","description":"Acheter Carton d\u00e9couverte de Vinosia - 3x2 Vinosia Orus Primitivo & Negroamaro . Coffret de 3 bouteilles d'Orus Negroamaro et 3 bouteilles d'Orus Primitivo.","robots":{"index":"index","follow":"follow","max-snippet":"max-snippet:-1","max-image-preview":"max-image-preview:large","max-video-preview":"max-video-preview:-1"},"canonical":"https:\/\/www.ivinio.com\/fr\/produit\/vinosia-carton-decouverte-primitivo-et-negroamaro-2x3-bouteilles\/","og_locale":"fr_FR","og_type":"article","og_title":"Carton d\u00e9couverte de Vinosia - 3x2 Vinosia Orus Primitivo & Negroamaro","og_description":"Acheter Carton d\u00e9couverte de Vinosia - 3x2 Vinosia Orus Primitivo & Negroamaro . Coffret de 3 bouteilles d'Orus Negroamaro et 3 bouteilles d'Orus Primitivo.","og_url":"https:\/\/www.ivinio.com\/fr\/produit\/vinosia-carton-decouverte-primitivo-et-negroamaro-2x3-bouteilles\/","og_site_name":"IVINIO Wine Shop","article_publisher":"https:\/\/www.facebook.com\/groups\/165217837022391\/?ref=bookmarks","article_modified_time":"2022-03-17T04:24:26+00:00","og_image":[{"width":500,"height":500,"url":"https:\/\/www.ivinio.com\/wp-content\/uploads\/nc\/public\/modules\/file\/pictures\/4879.vinosiapack500x500.jpg","type":"image\/jpeg"}],"twitter_card":"summary_large_image","twitter_misc":{"Dur\u00e9e de lecture estim\u00e9e":"1 minute"},"schema":{"@context":"https:\/\/schema.org","@graph":[{"@type":"WebPage","@id":"https:\/\/www.ivinio.com\/fr\/produit\/vinosia-carton-decouverte-primitivo-et-negroamaro-2x3-bouteilles\/","url":"https:\/\/www.ivinio.com\/fr\/produit\/vinosia-carton-decouverte-primitivo-et-negroamaro-2x3-bouteilles\/","name":"Carton d\u00e9couverte de Vinosia - 3x2 Vinosia Orus Primitivo & Negroamaro","isPartOf":{"@id":"https:\/\/www.ivinio.com\/fr\/#website"},"primaryImageOfPage":{"@id":"https:\/\/www.ivinio.com\/fr\/produit\/vinosia-carton-decouverte-primitivo-et-negroamaro-2x3-bouteilles\/#primaryimage"},"image":{"@id":"https:\/\/www.ivinio.com\/fr\/produit\/vinosia-carton-decouverte-primitivo-et-negroamaro-2x3-bouteilles\/#primaryimage"},"thumbnailUrl":"https:\/\/www.ivinio.com\/wp-content\/uploads\/nc\/public\/modules\/file\/pictures\/4879.vinosiapack500x500.jpg","datePublished":"2014-05-21T10:20:31+00:00","dateModified":"2022-03-17T04:24:26+00:00","description":"Acheter Carton d\u00e9couverte de Vinosia - 3x2 Vinosia Orus Primitivo & Negroamaro . Coffret de 3 bouteilles d'Orus Negroamaro et 3 bouteilles d'Orus Primitivo.","breadcrumb":{"@id":"https:\/\/www.ivinio.com\/fr\/produit\/vinosia-carton-decouverte-primitivo-et-negroamaro-2x3-bouteilles\/#breadcrumb"},"inLanguage":"fr-FR","potentialAction":[{"@type":"ReadAction","target":["https:\/\/www.ivinio.com\/fr\/produit\/vinosia-carton-decouverte-primitivo-et-negroamaro-2x3-bouteilles\/"]}]},{"@type":"ImageObject","inLanguage":"fr-FR","@id":"https:\/\/www.ivinio.com\/fr\/produit\/vinosia-carton-decouverte-primitivo-et-negroamaro-2x3-bouteilles\/#primaryimage","url":"https:\/\/www.ivinio.com\/wp-content\/uploads\/nc\/public\/modules\/file\/pictures\/4879.vinosiapack500x500.jpg","contentUrl":"https:\/\/www.ivinio.com\/wp-content\/uploads\/nc\/public\/modules\/file\/pictures\/4879.vinosiapack500x500.jpg","width":500,"height":500,"caption":"Vinosia Orus"},{"@type":"BreadcrumbList","@id":"https:\/\/www.ivinio.com\/fr\/produit\/vinosia-carton-decouverte-primitivo-et-negroamaro-2x3-bouteilles\/#breadcrumb","itemListElement":[{"@type":"ListItem","position":1,"name":"Home","item":"https:\/\/www.ivinio.com\/fr\/"},{"@type":"ListItem","position":2,"name":"Boutique de vin","item":"https:\/\/www.ivinio.com\/fr\/boutique-de-vin\/"},{"@type":"ListItem","position":3,"name":"Carton d\u00e9couverte de Vinosia &#8211; 3&#215;2 Vinosia Orus Primitivo et Negroamaro Salento IGT"}]},{"@type":"WebSite","@id":"https:\/\/www.ivinio.com\/fr\/#website","url":"https:\/\/www.ivinio.com\/fr\/","name":"IVINIO Wine Shop","description":"French and Italian wines with delivery to your door","publisher":{"@id":"https:\/\/www.ivinio.com\/fr\/#organization"},"potentialAction":[{"@type":"SearchAction","target":{"@type":"EntryPoint","urlTemplate":"https:\/\/www.ivinio.com\/fr\/?s={search_term_string}"},"query-input":{"@type":"PropertyValueSpecification","valueRequired":true,"valueName":"search_term_string"}}],"inLanguage":"fr-FR"},{"@type":"Organization","@id":"https:\/\/www.ivinio.com\/fr\/#organization","name":"IVINIO","url":"https:\/\/www.ivinio.com\/fr\/","logo":{"@type":"ImageObject","inLanguage":"fr-FR","@id":"https:\/\/www.ivinio.com\/fr\/#\/schema\/logo\/image\/","url":"https:\/\/www.ivinio.com\/wp-content\/uploads\/2021\/01\/Logo-Ivinio-v2.jpg","contentUrl":"https:\/\/www.ivinio.com\/wp-content\/uploads\/2021\/01\/Logo-Ivinio-v2.jpg","width":1194,"height":1194,"caption":"IVINIO"},"image":{"@id":"https:\/\/www.ivinio.com\/fr\/#\/schema\/logo\/image\/"},"sameAs":["https:\/\/www.facebook.com\/groups\/165217837022391\/?ref=bookmarks","https:\/\/www.instagram.com\/_ivinio_\/?hl=fr"]}]}},"jetpack_sharing_enabled":true,"_links":{"self":[{"href":"https:\/\/www.ivinio.com\/fr\/wp-json\/wp\/v2\/product\/117504","targetHints":{"allow":["GET"]}}],"collection":[{"href":"https:\/\/www.ivinio.com\/fr\/wp-json\/wp\/v2\/product"}],"about":[{"href":"https:\/\/www.ivinio.com\/fr\/wp-json\/wp\/v2\/types\/product"}],"replies":[{"embeddable":true,"href":"https:\/\/www.ivinio.com\/fr\/wp-json\/wp\/v2\/comments?post=117504"}],"wp:featuredmedia":[{"embeddable":true,"href":"https:\/\/www.ivinio.com\/fr\/wp-json\/wp\/v2\/media\/117507"}],"wp:attachment":[{"href":"https:\/\/www.ivinio.com\/fr\/wp-json\/wp\/v2\/media?parent=117504"}],"wp:term":[{"taxonomy":"product_brand","embeddable":true,"href":"https:\/\/www.ivinio.com\/fr\/wp-json\/wp\/v2\/product_brand?post=117504"},{"taxonomy":"product_cat","embeddable":true,"href":"https:\/\/www.ivinio.com\/fr\/wp-json\/wp\/v2\/product_cat?post=117504"},{"taxonomy":"product_tag","embeddable":true,"href":"https:\/\/www.ivinio.com\/fr\/wp-json\/wp\/v2\/product_tag?post=117504"}],"curies":[{"name":"wp","href":"https:\/\/api.w.org\/{rel}","templated":true}]}}