{"id":117486,"date":"2014-05-21T10:20:31","date_gmt":"2014-05-21T10:20:31","guid":{"rendered":"https:\/\/henrik.www.ivinio.com\/?product=tenuta-olim-bauda-barbera-dasti-superiore-le-rocchette-doc-2012-rouge"},"modified":"2022-12-08T18:38:10","modified_gmt":"2022-12-08T17:38:10","slug":"tenuta-olim-bauda-barbera-dasti-superiore-le-rocchette-doc-rouge","status":"publish","type":"product","link":"https:\/\/www.ivinio.com\/fr\/produit\/tenuta-olim-bauda-barbera-dasti-superiore-le-rocchette-doc-rouge\/","title":{"rendered":"Tenuta Olim bauda &#8211; Barbera d&#8217;Asti Superiore DOCG &#8220;Le Rocchette &#8211; rouge"},"content":{"rendered":"<p>Tenuta Olim bauda &#8211; Barbera d&#8217;Asti Superiore DOCG &#8220;Le Rocchette, compos\u00e9 de 100 % de Barbera. Pour ce vin, sont s\u00e9lectionn\u00e9es les meilleures grappes &#8211; seulement 5-6 tonnes de raisins sont extraits par hectare et la r\u00e9colte se fait \u00e0 la main. Apr\u00e8s la r\u00e9colte, qui a lieu d\u00e9but Octobre, les raisins sont vinifi\u00e9s en cuves d&#8217;acier pendant 12 jours. Le vin est ensuite transf\u00e9r\u00e9 dans des f\u00fbts de ch\u00eane et \u00e9lev\u00e9 18 mois en barriques. Apr\u00e8s la mise en bouteilles, il est gard\u00e9 encore 6 mois avant sa commercialisation.<\/p>\n","protected":false},"excerpt":{"rendered":"<p>&#8220;Le Rocchette&#8221; est un Barbera d&#8217;Asti Superiore qui a \u00e9t\u00e9 \u00e9lev\u00e9 18 mois en f\u00fbts de ch\u00eane. Ce vin est d&#8217;une qualit\u00e9 excellente pour les amateurs de Barbera !<\/p>\n","protected":false},"featured_media":117489,"comment_status":"open","ping_status":"closed","template":"","meta":{"_monsterinsights_skip_tracking":false,"_monsterinsights_sitenote_active":false,"_monsterinsights_sitenote_note":"","_monsterinsights_sitenote_category":0,"_uf_show_specific_survey":0,"_uf_disable_surveys":false},"product_brand":[],"product_cat":[36589],"product_tag":[],"class_list":{"0":"post-117486","1":"product","2":"type-product","3":"status-publish","4":"has-post-thumbnail","6":"product_cat-vins-italiens","7":"pa_alcohol-degree-145-fr","8":"pa_classification-docg-barbera-dasti-superiore-fr","9":"pa_color-rouge-fr","10":"pa_country-italie-fr","11":"pa_grape-variety-barbera-fr","12":"pa_region-piemont-fr","13":"pa_storage-potential-10-ans-fr","14":"pa_volume-75-cl-fr","16":"first","17":"instock","18":"taxable","19":"shipping-taxable","20":"purchasable","21":"product-type-simple"},"bundled_by":[],"bundle_stock_status":"instock","bundle_stock_quantity":null,"bundle_virtual":false,"bundle_layout":"","bundle_add_to_cart_form_location":"","bundle_editable_in_cart":false,"bundle_sold_individually_context":"","bundle_item_grouping":"","bundle_min_size":"","bundle_max_size":"","bundle_price":[],"bundled_items":[],"bundle_sell_ids":[],"yoast_head":"<!-- This site is optimized with the Yoast SEO plugin v27.4 - https:\/\/yoast.com\/product\/yoast-seo-wordpress\/ -->\n<title>Tenuta Olim bauda - Barbera d&#039;Asti Superiore DOCG &quot;Le Rocchette<\/title>\n<meta name=\"description\" content=\"Acheter Tenuta Olim bauda - Barbera d&#039;Asti Superiore DOCG &quot;Le Rocchette. Elev\u00e9 18 mois en f\u00fbts de ch\u00eane. Excellente pour les amateurs de Barbera !\" \/>\n<meta name=\"robots\" content=\"index, follow, max-snippet:-1, max-image-preview:large, max-video-preview:-1\" \/>\n<link rel=\"canonical\" href=\"https:\/\/www.ivinio.com\/fr\/produit\/tenuta-olim-bauda-barbera-dasti-superiore-le-rocchette-doc-rouge\/\" \/>\n<meta property=\"og:locale\" content=\"fr_FR\" \/>\n<meta property=\"og:type\" content=\"article\" \/>\n<meta property=\"og:title\" content=\"Tenuta Olim bauda - Barbera d&#039;Asti Superiore DOCG &quot;Le Rocchette\" \/>\n<meta property=\"og:description\" content=\"Acheter Tenuta Olim bauda - Barbera d&#039;Asti Superiore DOCG &quot;Le Rocchette. Elev\u00e9 18 mois en f\u00fbts de ch\u00eane. Excellente pour les amateurs de Barbera !\" \/>\n<meta property=\"og:url\" content=\"https:\/\/www.ivinio.com\/fr\/produit\/tenuta-olim-bauda-barbera-dasti-superiore-le-rocchette-doc-rouge\/\" \/>\n<meta property=\"og:site_name\" content=\"IVINIO Caviste\" \/>\n<meta property=\"article:publisher\" content=\"https:\/\/www.facebook.com\/groups\/165217837022391\/?ref=bookmarks\" \/>\n<meta property=\"article:modified_time\" content=\"2022-12-08T17:38:10+00:00\" \/>\n<meta property=\"og:image\" content=\"https:\/\/www.ivinio.com\/wp-content\/uploads\/nc\/public\/modules\/file\/pictures\/4482.olimbaudalerochette500x500.jpg\" \/>\n\t<meta property=\"og:image:width\" content=\"500\" \/>\n\t<meta property=\"og:image:height\" content=\"500\" \/>\n\t<meta property=\"og:image:type\" content=\"image\/jpeg\" \/>\n<meta name=\"twitter:card\" content=\"summary_large_image\" \/>\n<meta name=\"twitter:label1\" content=\"Dur\u00e9e de lecture estim\u00e9e\" \/>\n\t<meta name=\"twitter:data1\" content=\"1 minute\" \/>\n<script type=\"application\/ld+json\" class=\"yoast-schema-graph\">{\"@context\":\"https:\\\/\\\/schema.org\",\"@graph\":[{\"@type\":\"WebPage\",\"@id\":\"https:\\\/\\\/www.ivinio.com\\\/fr\\\/produit\\\/tenuta-olim-bauda-barbera-dasti-superiore-le-rocchette-doc-rouge\\\/\",\"url\":\"https:\\\/\\\/www.ivinio.com\\\/fr\\\/produit\\\/tenuta-olim-bauda-barbera-dasti-superiore-le-rocchette-doc-rouge\\\/\",\"name\":\"Tenuta Olim bauda - Barbera d'Asti Superiore DOCG \\\"Le Rocchette\",\"isPartOf\":{\"@id\":\"https:\\\/\\\/www.ivinio.com\\\/fr\\\/#website\"},\"primaryImageOfPage\":{\"@id\":\"https:\\\/\\\/www.ivinio.com\\\/fr\\\/produit\\\/tenuta-olim-bauda-barbera-dasti-superiore-le-rocchette-doc-rouge\\\/#primaryimage\"},\"image\":{\"@id\":\"https:\\\/\\\/www.ivinio.com\\\/fr\\\/produit\\\/tenuta-olim-bauda-barbera-dasti-superiore-le-rocchette-doc-rouge\\\/#primaryimage\"},\"thumbnailUrl\":\"https:\\\/\\\/www.ivinio.com\\\/wp-content\\\/uploads\\\/nc\\\/public\\\/modules\\\/file\\\/pictures\\\/4482.olimbaudalerochette500x500.jpg\",\"datePublished\":\"2014-05-21T10:20:31+00:00\",\"dateModified\":\"2022-12-08T17:38:10+00:00\",\"description\":\"Acheter Tenuta Olim bauda - Barbera d'Asti Superiore DOCG \\\"Le Rocchette. Elev\u00e9 18 mois en f\u00fbts de ch\u00eane. Excellente pour les amateurs de Barbera !\",\"breadcrumb\":{\"@id\":\"https:\\\/\\\/www.ivinio.com\\\/fr\\\/produit\\\/tenuta-olim-bauda-barbera-dasti-superiore-le-rocchette-doc-rouge\\\/#breadcrumb\"},\"inLanguage\":\"fr-FR\",\"potentialAction\":[{\"@type\":\"ReadAction\",\"target\":[\"https:\\\/\\\/www.ivinio.com\\\/fr\\\/produit\\\/tenuta-olim-bauda-barbera-dasti-superiore-le-rocchette-doc-rouge\\\/\"]}]},{\"@type\":\"ImageObject\",\"inLanguage\":\"fr-FR\",\"@id\":\"https:\\\/\\\/www.ivinio.com\\\/fr\\\/produit\\\/tenuta-olim-bauda-barbera-dasti-superiore-le-rocchette-doc-rouge\\\/#primaryimage\",\"url\":\"https:\\\/\\\/www.ivinio.com\\\/wp-content\\\/uploads\\\/nc\\\/public\\\/modules\\\/file\\\/pictures\\\/4482.olimbaudalerochette500x500.jpg\",\"contentUrl\":\"https:\\\/\\\/www.ivinio.com\\\/wp-content\\\/uploads\\\/nc\\\/public\\\/modules\\\/file\\\/pictures\\\/4482.olimbaudalerochette500x500.jpg\",\"width\":500,\"height\":500,\"caption\":\"Tenuta Olim Bauda Barbera d'Asti Superiore \\\"Le Rocchette\\\" DOCG\"},{\"@type\":\"BreadcrumbList\",\"@id\":\"https:\\\/\\\/www.ivinio.com\\\/fr\\\/produit\\\/tenuta-olim-bauda-barbera-dasti-superiore-le-rocchette-doc-rouge\\\/#breadcrumb\",\"itemListElement\":[{\"@type\":\"ListItem\",\"position\":1,\"name\":\"Home\",\"item\":\"https:\\\/\\\/www.ivinio.com\\\/fr\\\/\"},{\"@type\":\"ListItem\",\"position\":2,\"name\":\"Boutique de vin\",\"item\":\"https:\\\/\\\/www.ivinio.com\\\/fr\\\/boutique-de-vin\\\/\"},{\"@type\":\"ListItem\",\"position\":3,\"name\":\"Tenuta Olim bauda &#8211; Barbera d&#8217;Asti Superiore DOCG &#8220;Le Rocchette &#8211; rouge\"}]},{\"@type\":\"WebSite\",\"@id\":\"https:\\\/\\\/www.ivinio.com\\\/fr\\\/#website\",\"url\":\"https:\\\/\\\/www.ivinio.com\\\/fr\\\/\",\"name\":\"IVINIO Caviste\",\"description\":\"Vins de France et d&#039;Italie avec livraison \u00e0 domicile\",\"publisher\":{\"@id\":\"https:\\\/\\\/www.ivinio.com\\\/fr\\\/#organization\"},\"potentialAction\":[{\"@type\":\"SearchAction\",\"target\":{\"@type\":\"EntryPoint\",\"urlTemplate\":\"https:\\\/\\\/www.ivinio.com\\\/fr\\\/?s={search_term_string}\"},\"query-input\":{\"@type\":\"PropertyValueSpecification\",\"valueRequired\":true,\"valueName\":\"search_term_string\"}}],\"inLanguage\":\"fr-FR\"},{\"@type\":\"Organization\",\"@id\":\"https:\\\/\\\/www.ivinio.com\\\/fr\\\/#organization\",\"name\":\"IVINIO\",\"url\":\"https:\\\/\\\/www.ivinio.com\\\/fr\\\/\",\"logo\":{\"@type\":\"ImageObject\",\"inLanguage\":\"fr-FR\",\"@id\":\"https:\\\/\\\/www.ivinio.com\\\/fr\\\/#\\\/schema\\\/logo\\\/image\\\/\",\"url\":\"https:\\\/\\\/www.ivinio.com\\\/wp-content\\\/uploads\\\/2021\\\/01\\\/Logo-Ivinio-v2.jpg\",\"contentUrl\":\"https:\\\/\\\/www.ivinio.com\\\/wp-content\\\/uploads\\\/2021\\\/01\\\/Logo-Ivinio-v2.jpg\",\"width\":1194,\"height\":1194,\"caption\":\"IVINIO\"},\"image\":{\"@id\":\"https:\\\/\\\/www.ivinio.com\\\/fr\\\/#\\\/schema\\\/logo\\\/image\\\/\"},\"sameAs\":[\"https:\\\/\\\/www.facebook.com\\\/groups\\\/165217837022391\\\/?ref=bookmarks\",\"https:\\\/\\\/www.instagram.com\\\/_ivinio_\\\/?hl=fr\"]}]}<\/script>\n<!-- \/ Yoast SEO plugin. -->","yoast_head_json":{"title":"Tenuta Olim bauda - Barbera d'Asti Superiore DOCG \"Le Rocchette","description":"Acheter Tenuta Olim bauda - Barbera d'Asti Superiore DOCG \"Le Rocchette. Elev\u00e9 18 mois en f\u00fbts de ch\u00eane. Excellente pour les amateurs de Barbera !","robots":{"index":"index","follow":"follow","max-snippet":"max-snippet:-1","max-image-preview":"max-image-preview:large","max-video-preview":"max-video-preview:-1"},"canonical":"https:\/\/www.ivinio.com\/fr\/produit\/tenuta-olim-bauda-barbera-dasti-superiore-le-rocchette-doc-rouge\/","og_locale":"fr_FR","og_type":"article","og_title":"Tenuta Olim bauda - Barbera d'Asti Superiore DOCG \"Le Rocchette","og_description":"Acheter Tenuta Olim bauda - Barbera d'Asti Superiore DOCG \"Le Rocchette. Elev\u00e9 18 mois en f\u00fbts de ch\u00eane. Excellente pour les amateurs de Barbera !","og_url":"https:\/\/www.ivinio.com\/fr\/produit\/tenuta-olim-bauda-barbera-dasti-superiore-le-rocchette-doc-rouge\/","og_site_name":"IVINIO Caviste","article_publisher":"https:\/\/www.facebook.com\/groups\/165217837022391\/?ref=bookmarks","article_modified_time":"2022-12-08T17:38:10+00:00","og_image":[{"width":500,"height":500,"url":"https:\/\/www.ivinio.com\/wp-content\/uploads\/nc\/public\/modules\/file\/pictures\/4482.olimbaudalerochette500x500.jpg","type":"image\/jpeg"}],"twitter_card":"summary_large_image","twitter_misc":{"Dur\u00e9e de lecture estim\u00e9e":"1 minute"},"schema":{"@context":"https:\/\/schema.org","@graph":[{"@type":"WebPage","@id":"https:\/\/www.ivinio.com\/fr\/produit\/tenuta-olim-bauda-barbera-dasti-superiore-le-rocchette-doc-rouge\/","url":"https:\/\/www.ivinio.com\/fr\/produit\/tenuta-olim-bauda-barbera-dasti-superiore-le-rocchette-doc-rouge\/","name":"Tenuta Olim bauda - Barbera d'Asti Superiore DOCG \"Le Rocchette","isPartOf":{"@id":"https:\/\/www.ivinio.com\/fr\/#website"},"primaryImageOfPage":{"@id":"https:\/\/www.ivinio.com\/fr\/produit\/tenuta-olim-bauda-barbera-dasti-superiore-le-rocchette-doc-rouge\/#primaryimage"},"image":{"@id":"https:\/\/www.ivinio.com\/fr\/produit\/tenuta-olim-bauda-barbera-dasti-superiore-le-rocchette-doc-rouge\/#primaryimage"},"thumbnailUrl":"https:\/\/www.ivinio.com\/wp-content\/uploads\/nc\/public\/modules\/file\/pictures\/4482.olimbaudalerochette500x500.jpg","datePublished":"2014-05-21T10:20:31+00:00","dateModified":"2022-12-08T17:38:10+00:00","description":"Acheter Tenuta Olim bauda - Barbera d'Asti Superiore DOCG \"Le Rocchette. Elev\u00e9 18 mois en f\u00fbts de ch\u00eane. Excellente pour les amateurs de Barbera !","breadcrumb":{"@id":"https:\/\/www.ivinio.com\/fr\/produit\/tenuta-olim-bauda-barbera-dasti-superiore-le-rocchette-doc-rouge\/#breadcrumb"},"inLanguage":"fr-FR","potentialAction":[{"@type":"ReadAction","target":["https:\/\/www.ivinio.com\/fr\/produit\/tenuta-olim-bauda-barbera-dasti-superiore-le-rocchette-doc-rouge\/"]}]},{"@type":"ImageObject","inLanguage":"fr-FR","@id":"https:\/\/www.ivinio.com\/fr\/produit\/tenuta-olim-bauda-barbera-dasti-superiore-le-rocchette-doc-rouge\/#primaryimage","url":"https:\/\/www.ivinio.com\/wp-content\/uploads\/nc\/public\/modules\/file\/pictures\/4482.olimbaudalerochette500x500.jpg","contentUrl":"https:\/\/www.ivinio.com\/wp-content\/uploads\/nc\/public\/modules\/file\/pictures\/4482.olimbaudalerochette500x500.jpg","width":500,"height":500,"caption":"Tenuta Olim Bauda Barbera d'Asti Superiore \"Le Rocchette\" DOCG"},{"@type":"BreadcrumbList","@id":"https:\/\/www.ivinio.com\/fr\/produit\/tenuta-olim-bauda-barbera-dasti-superiore-le-rocchette-doc-rouge\/#breadcrumb","itemListElement":[{"@type":"ListItem","position":1,"name":"Home","item":"https:\/\/www.ivinio.com\/fr\/"},{"@type":"ListItem","position":2,"name":"Boutique de vin","item":"https:\/\/www.ivinio.com\/fr\/boutique-de-vin\/"},{"@type":"ListItem","position":3,"name":"Tenuta Olim bauda &#8211; Barbera d&#8217;Asti Superiore DOCG &#8220;Le Rocchette &#8211; rouge"}]},{"@type":"WebSite","@id":"https:\/\/www.ivinio.com\/fr\/#website","url":"https:\/\/www.ivinio.com\/fr\/","name":"IVINIO Caviste","description":"Vins de France et d&#039;Italie avec livraison \u00e0 domicile","publisher":{"@id":"https:\/\/www.ivinio.com\/fr\/#organization"},"potentialAction":[{"@type":"SearchAction","target":{"@type":"EntryPoint","urlTemplate":"https:\/\/www.ivinio.com\/fr\/?s={search_term_string}"},"query-input":{"@type":"PropertyValueSpecification","valueRequired":true,"valueName":"search_term_string"}}],"inLanguage":"fr-FR"},{"@type":"Organization","@id":"https:\/\/www.ivinio.com\/fr\/#organization","name":"IVINIO","url":"https:\/\/www.ivinio.com\/fr\/","logo":{"@type":"ImageObject","inLanguage":"fr-FR","@id":"https:\/\/www.ivinio.com\/fr\/#\/schema\/logo\/image\/","url":"https:\/\/www.ivinio.com\/wp-content\/uploads\/2021\/01\/Logo-Ivinio-v2.jpg","contentUrl":"https:\/\/www.ivinio.com\/wp-content\/uploads\/2021\/01\/Logo-Ivinio-v2.jpg","width":1194,"height":1194,"caption":"IVINIO"},"image":{"@id":"https:\/\/www.ivinio.com\/fr\/#\/schema\/logo\/image\/"},"sameAs":["https:\/\/www.facebook.com\/groups\/165217837022391\/?ref=bookmarks","https:\/\/www.instagram.com\/_ivinio_\/?hl=fr"]}]}},"jetpack_sharing_enabled":true,"_links":{"self":[{"href":"https:\/\/www.ivinio.com\/fr\/wp-json\/wp\/v2\/product\/117486","targetHints":{"allow":["GET"]}}],"collection":[{"href":"https:\/\/www.ivinio.com\/fr\/wp-json\/wp\/v2\/product"}],"about":[{"href":"https:\/\/www.ivinio.com\/fr\/wp-json\/wp\/v2\/types\/product"}],"replies":[{"embeddable":true,"href":"https:\/\/www.ivinio.com\/fr\/wp-json\/wp\/v2\/comments?post=117486"}],"wp:featuredmedia":[{"embeddable":true,"href":"https:\/\/www.ivinio.com\/fr\/wp-json\/wp\/v2\/media\/117489"}],"wp:attachment":[{"href":"https:\/\/www.ivinio.com\/fr\/wp-json\/wp\/v2\/media?parent=117486"}],"wp:term":[{"taxonomy":"product_brand","embeddable":true,"href":"https:\/\/www.ivinio.com\/fr\/wp-json\/wp\/v2\/product_brand?post=117486"},{"taxonomy":"product_cat","embeddable":true,"href":"https:\/\/www.ivinio.com\/fr\/wp-json\/wp\/v2\/product_cat?post=117486"},{"taxonomy":"product_tag","embeddable":true,"href":"https:\/\/www.ivinio.com\/fr\/wp-json\/wp\/v2\/product_tag?post=117486"}],"curies":[{"name":"wp","href":"https:\/\/api.w.org\/{rel}","templated":true}]}}