{"id":117481,"date":"2014-05-21T10:20:31","date_gmt":"2014-05-21T10:20:31","guid":{"rendered":"https:\/\/henrik.www.ivinio.com\/?product=tenuta-olim-bauda-moscato-dasti-centivedocg-2018-blanc"},"modified":"2024-04-03T11:46:13","modified_gmt":"2024-04-03T09:46:13","slug":"tenuta-olim-bauda-moscato-dasti-centive","status":"publish","type":"product","link":"https:\/\/www.ivinio.com\/fr\/produit\/tenuta-olim-bauda-moscato-dasti-centive\/","title":{"rendered":"Tenuta Olim Bauda &#8211; Moscato d&#8217;Asti &#8211; &#8220;Centive&#8221;"},"content":{"rendered":"<p>Tenuta Olim Bauda &#8211; Moscato d&#8217;Asti &#8211; &#8220;Centive&#8221; est un vin doux, aromatique et p\u00e9tillant compos\u00e9 \u00e0 100% du c\u00e9page Moscato. &#8220;Centive&#8221; est le nom de l&#8217;exploitation viticole o\u00f9 poussent les vignes, \u00e0 Fontanile. La r\u00e9colte a lieu la deuxi\u00e8me semaine de Septembre et les raisins, nouvellement press\u00e9s, mac\u00e8rent quelques heures avec la peau avant d&#8217;\u00eatre s\u00e9par\u00e9s du jus. La fermentation se produit dans des cuves en acier. Le vin est mis en bouteille en Novembre, deux mois apr\u00e8s la r\u00e9colte et sa commercialisation peut d\u00e9buter \u00e0 la fin du m\u00eame mois. Comme bon nombre de vins du Pi\u00e9mont, le Moscato d&#8217;Asti est \u00e0 faible teneur en alcool, il est ainsi id\u00e9al en fin de repas, pour accompagner un bon dessert !<\/p>\n","protected":false},"excerpt":{"rendered":"<p>Moscato d&#8217;Asti est un mousseux italien l\u00e9ger, aromatique et festif qui s&#8217;accorde merveilleusement bien avec de bons desserts en fin de repas !<\/p>\n","protected":false},"featured_media":131977,"comment_status":"open","ping_status":"closed","template":"","meta":{"_monsterinsights_skip_tracking":false,"_monsterinsights_sitenote_active":false,"_monsterinsights_sitenote_note":"","_monsterinsights_sitenote_category":0,"_uf_show_specific_survey":0,"_uf_disable_surveys":false},"product_brand":[],"product_cat":[36598,36589],"product_tag":[],"class_list":{"0":"post-117481","1":"product","2":"type-product","3":"status-publish","4":"has-post-thumbnail","6":"product_cat-fr-piemont","7":"product_cat-vins-italiens","8":"pa_classification-docg-moscato-dasti-fr","9":"pa_color-mousseux-fr","10":"pa_country-italie-fr","11":"pa_region-piemont-fr","12":"pa_storage-potential-4-ans-fr","13":"pa_vintage-2022-fr","14":"pa_volume-75-cl-fr","16":"first","17":"instock","18":"taxable","19":"shipping-taxable","20":"purchasable","21":"product-type-simple"},"bundled_by":[],"bundle_stock_status":"instock","bundle_stock_quantity":null,"bundle_virtual":false,"bundle_layout":"","bundle_add_to_cart_form_location":"","bundle_editable_in_cart":false,"bundle_sold_individually_context":"","bundle_item_grouping":"","bundle_min_size":"","bundle_max_size":"","bundle_price":[],"bundled_items":[],"bundle_sell_ids":[],"yoast_head":"<!-- This site is optimized with the Yoast SEO plugin v27.3 - https:\/\/yoast.com\/product\/yoast-seo-wordpress\/ -->\n<title>Acheter Tenuta Olim Bauda - Moscato d&#039;Asti - &quot;Centive&quot; - IVINIO Caviste<\/title>\n<meta name=\"description\" content=\"Acheter Tenuta Olim Bauda - Moscato d&#039;Asti - &quot;Centive&quot;. Vin peu alcoolis\u00e9 , l\u00e9ger pour dessert. Monoc\u00e9page de moscato . Mousseux du Pi\u00e9mont\" \/>\n<meta name=\"robots\" content=\"index, follow, max-snippet:-1, max-image-preview:large, max-video-preview:-1\" \/>\n<link rel=\"canonical\" href=\"https:\/\/www.ivinio.com\/fr\/produit\/tenuta-olim-bauda-moscato-dasti-centive\/\" \/>\n<meta property=\"og:locale\" content=\"fr_FR\" \/>\n<meta property=\"og:type\" content=\"article\" \/>\n<meta property=\"og:title\" content=\"Acheter Tenuta Olim Bauda - Moscato d&#039;Asti - &quot;Centive&quot; - IVINIO Caviste\" \/>\n<meta property=\"og:description\" content=\"Acheter Tenuta Olim Bauda - Moscato d&#039;Asti - &quot;Centive&quot;. Vin peu alcoolis\u00e9 , l\u00e9ger pour dessert. Monoc\u00e9page de moscato . Mousseux du Pi\u00e9mont\" \/>\n<meta property=\"og:url\" content=\"https:\/\/www.ivinio.com\/fr\/produit\/tenuta-olim-bauda-moscato-dasti-centive\/\" \/>\n<meta property=\"og:site_name\" content=\"IVINIO Caviste\" \/>\n<meta property=\"article:publisher\" content=\"https:\/\/www.facebook.com\/groups\/165217837022391\/?ref=bookmarks\" \/>\n<meta property=\"article:modified_time\" content=\"2024-04-03T09:46:13+00:00\" \/>\n<meta property=\"og:image\" content=\"https:\/\/www.ivinio.com\/wp-content\/uploads\/2014\/05\/olim-bauda-moscato-dasti-centive-IVINIO.jpg\" \/>\n\t<meta property=\"og:image:width\" content=\"500\" \/>\n\t<meta property=\"og:image:height\" content=\"500\" \/>\n\t<meta property=\"og:image:type\" content=\"image\/jpeg\" \/>\n<meta name=\"twitter:card\" content=\"summary_large_image\" \/>\n<meta name=\"twitter:label1\" content=\"Dur\u00e9e de lecture estim\u00e9e\" \/>\n\t<meta name=\"twitter:data1\" content=\"1 minute\" \/>\n<script type=\"application\/ld+json\" class=\"yoast-schema-graph\">{\"@context\":\"https:\\\/\\\/schema.org\",\"@graph\":[{\"@type\":\"WebPage\",\"@id\":\"https:\\\/\\\/www.ivinio.com\\\/fr\\\/produit\\\/tenuta-olim-bauda-moscato-dasti-centive\\\/\",\"url\":\"https:\\\/\\\/www.ivinio.com\\\/fr\\\/produit\\\/tenuta-olim-bauda-moscato-dasti-centive\\\/\",\"name\":\"Acheter Tenuta Olim Bauda - Moscato d'Asti - \\\"Centive\\\" - IVINIO Caviste\",\"isPartOf\":{\"@id\":\"https:\\\/\\\/www.ivinio.com\\\/fr\\\/#website\"},\"primaryImageOfPage\":{\"@id\":\"https:\\\/\\\/www.ivinio.com\\\/fr\\\/produit\\\/tenuta-olim-bauda-moscato-dasti-centive\\\/#primaryimage\"},\"image\":{\"@id\":\"https:\\\/\\\/www.ivinio.com\\\/fr\\\/produit\\\/tenuta-olim-bauda-moscato-dasti-centive\\\/#primaryimage\"},\"thumbnailUrl\":\"https:\\\/\\\/www.ivinio.com\\\/wp-content\\\/uploads\\\/2014\\\/05\\\/olim-bauda-moscato-dasti-centive-IVINIO.jpg\",\"datePublished\":\"2014-05-21T10:20:31+00:00\",\"dateModified\":\"2024-04-03T09:46:13+00:00\",\"description\":\"Acheter Tenuta Olim Bauda - Moscato d'Asti - \\\"Centive\\\". Vin peu alcoolis\u00e9 , l\u00e9ger pour dessert. Monoc\u00e9page de moscato . Mousseux du Pi\u00e9mont\",\"breadcrumb\":{\"@id\":\"https:\\\/\\\/www.ivinio.com\\\/fr\\\/produit\\\/tenuta-olim-bauda-moscato-dasti-centive\\\/#breadcrumb\"},\"inLanguage\":\"fr-FR\",\"potentialAction\":[{\"@type\":\"ReadAction\",\"target\":[\"https:\\\/\\\/www.ivinio.com\\\/fr\\\/produit\\\/tenuta-olim-bauda-moscato-dasti-centive\\\/\"]}]},{\"@type\":\"ImageObject\",\"inLanguage\":\"fr-FR\",\"@id\":\"https:\\\/\\\/www.ivinio.com\\\/fr\\\/produit\\\/tenuta-olim-bauda-moscato-dasti-centive\\\/#primaryimage\",\"url\":\"https:\\\/\\\/www.ivinio.com\\\/wp-content\\\/uploads\\\/2014\\\/05\\\/olim-bauda-moscato-dasti-centive-IVINIO.jpg\",\"contentUrl\":\"https:\\\/\\\/www.ivinio.com\\\/wp-content\\\/uploads\\\/2014\\\/05\\\/olim-bauda-moscato-dasti-centive-IVINIO.jpg\",\"width\":500,\"height\":500,\"caption\":\"Olim bauda moscato d'asti centive\"},{\"@type\":\"BreadcrumbList\",\"@id\":\"https:\\\/\\\/www.ivinio.com\\\/fr\\\/produit\\\/tenuta-olim-bauda-moscato-dasti-centive\\\/#breadcrumb\",\"itemListElement\":[{\"@type\":\"ListItem\",\"position\":1,\"name\":\"Home\",\"item\":\"https:\\\/\\\/www.ivinio.com\\\/fr\\\/\"},{\"@type\":\"ListItem\",\"position\":2,\"name\":\"Boutique de vin\",\"item\":\"https:\\\/\\\/www.ivinio.com\\\/fr\\\/boutique-de-vin\\\/\"},{\"@type\":\"ListItem\",\"position\":3,\"name\":\"Tenuta Olim Bauda &#8211; Moscato d&#8217;Asti &#8211; &#8220;Centive&#8221;\"}]},{\"@type\":\"WebSite\",\"@id\":\"https:\\\/\\\/www.ivinio.com\\\/fr\\\/#website\",\"url\":\"https:\\\/\\\/www.ivinio.com\\\/fr\\\/\",\"name\":\"IVINIO Caviste\",\"description\":\"Vins de France et d&#039;Italie avec livraison \u00e0 domicile\",\"publisher\":{\"@id\":\"https:\\\/\\\/www.ivinio.com\\\/fr\\\/#organization\"},\"potentialAction\":[{\"@type\":\"SearchAction\",\"target\":{\"@type\":\"EntryPoint\",\"urlTemplate\":\"https:\\\/\\\/www.ivinio.com\\\/fr\\\/?s={search_term_string}\"},\"query-input\":{\"@type\":\"PropertyValueSpecification\",\"valueRequired\":true,\"valueName\":\"search_term_string\"}}],\"inLanguage\":\"fr-FR\"},{\"@type\":\"Organization\",\"@id\":\"https:\\\/\\\/www.ivinio.com\\\/fr\\\/#organization\",\"name\":\"IVINIO\",\"url\":\"https:\\\/\\\/www.ivinio.com\\\/fr\\\/\",\"logo\":{\"@type\":\"ImageObject\",\"inLanguage\":\"fr-FR\",\"@id\":\"https:\\\/\\\/www.ivinio.com\\\/fr\\\/#\\\/schema\\\/logo\\\/image\\\/\",\"url\":\"https:\\\/\\\/www.ivinio.com\\\/wp-content\\\/uploads\\\/2021\\\/01\\\/Logo-Ivinio-v2.jpg\",\"contentUrl\":\"https:\\\/\\\/www.ivinio.com\\\/wp-content\\\/uploads\\\/2021\\\/01\\\/Logo-Ivinio-v2.jpg\",\"width\":1194,\"height\":1194,\"caption\":\"IVINIO\"},\"image\":{\"@id\":\"https:\\\/\\\/www.ivinio.com\\\/fr\\\/#\\\/schema\\\/logo\\\/image\\\/\"},\"sameAs\":[\"https:\\\/\\\/www.facebook.com\\\/groups\\\/165217837022391\\\/?ref=bookmarks\",\"https:\\\/\\\/www.instagram.com\\\/_ivinio_\\\/?hl=fr\"]}]}<\/script>\n<!-- \/ Yoast SEO plugin. -->","yoast_head_json":{"title":"Acheter Tenuta Olim Bauda - Moscato d'Asti - \"Centive\" - IVINIO Caviste","description":"Acheter Tenuta Olim Bauda - Moscato d'Asti - \"Centive\". Vin peu alcoolis\u00e9 , l\u00e9ger pour dessert. Monoc\u00e9page de moscato . Mousseux du Pi\u00e9mont","robots":{"index":"index","follow":"follow","max-snippet":"max-snippet:-1","max-image-preview":"max-image-preview:large","max-video-preview":"max-video-preview:-1"},"canonical":"https:\/\/www.ivinio.com\/fr\/produit\/tenuta-olim-bauda-moscato-dasti-centive\/","og_locale":"fr_FR","og_type":"article","og_title":"Acheter Tenuta Olim Bauda - Moscato d'Asti - \"Centive\" - IVINIO Caviste","og_description":"Acheter Tenuta Olim Bauda - Moscato d'Asti - \"Centive\". Vin peu alcoolis\u00e9 , l\u00e9ger pour dessert. Monoc\u00e9page de moscato . Mousseux du Pi\u00e9mont","og_url":"https:\/\/www.ivinio.com\/fr\/produit\/tenuta-olim-bauda-moscato-dasti-centive\/","og_site_name":"IVINIO Caviste","article_publisher":"https:\/\/www.facebook.com\/groups\/165217837022391\/?ref=bookmarks","article_modified_time":"2024-04-03T09:46:13+00:00","og_image":[{"width":500,"height":500,"url":"https:\/\/www.ivinio.com\/wp-content\/uploads\/2014\/05\/olim-bauda-moscato-dasti-centive-IVINIO.jpg","type":"image\/jpeg"}],"twitter_card":"summary_large_image","twitter_misc":{"Dur\u00e9e de lecture estim\u00e9e":"1 minute"},"schema":{"@context":"https:\/\/schema.org","@graph":[{"@type":"WebPage","@id":"https:\/\/www.ivinio.com\/fr\/produit\/tenuta-olim-bauda-moscato-dasti-centive\/","url":"https:\/\/www.ivinio.com\/fr\/produit\/tenuta-olim-bauda-moscato-dasti-centive\/","name":"Acheter Tenuta Olim Bauda - Moscato d'Asti - \"Centive\" - IVINIO Caviste","isPartOf":{"@id":"https:\/\/www.ivinio.com\/fr\/#website"},"primaryImageOfPage":{"@id":"https:\/\/www.ivinio.com\/fr\/produit\/tenuta-olim-bauda-moscato-dasti-centive\/#primaryimage"},"image":{"@id":"https:\/\/www.ivinio.com\/fr\/produit\/tenuta-olim-bauda-moscato-dasti-centive\/#primaryimage"},"thumbnailUrl":"https:\/\/www.ivinio.com\/wp-content\/uploads\/2014\/05\/olim-bauda-moscato-dasti-centive-IVINIO.jpg","datePublished":"2014-05-21T10:20:31+00:00","dateModified":"2024-04-03T09:46:13+00:00","description":"Acheter Tenuta Olim Bauda - Moscato d'Asti - \"Centive\". Vin peu alcoolis\u00e9 , l\u00e9ger pour dessert. Monoc\u00e9page de moscato . Mousseux du Pi\u00e9mont","breadcrumb":{"@id":"https:\/\/www.ivinio.com\/fr\/produit\/tenuta-olim-bauda-moscato-dasti-centive\/#breadcrumb"},"inLanguage":"fr-FR","potentialAction":[{"@type":"ReadAction","target":["https:\/\/www.ivinio.com\/fr\/produit\/tenuta-olim-bauda-moscato-dasti-centive\/"]}]},{"@type":"ImageObject","inLanguage":"fr-FR","@id":"https:\/\/www.ivinio.com\/fr\/produit\/tenuta-olim-bauda-moscato-dasti-centive\/#primaryimage","url":"https:\/\/www.ivinio.com\/wp-content\/uploads\/2014\/05\/olim-bauda-moscato-dasti-centive-IVINIO.jpg","contentUrl":"https:\/\/www.ivinio.com\/wp-content\/uploads\/2014\/05\/olim-bauda-moscato-dasti-centive-IVINIO.jpg","width":500,"height":500,"caption":"Olim bauda moscato d'asti centive"},{"@type":"BreadcrumbList","@id":"https:\/\/www.ivinio.com\/fr\/produit\/tenuta-olim-bauda-moscato-dasti-centive\/#breadcrumb","itemListElement":[{"@type":"ListItem","position":1,"name":"Home","item":"https:\/\/www.ivinio.com\/fr\/"},{"@type":"ListItem","position":2,"name":"Boutique de vin","item":"https:\/\/www.ivinio.com\/fr\/boutique-de-vin\/"},{"@type":"ListItem","position":3,"name":"Tenuta Olim Bauda &#8211; Moscato d&#8217;Asti &#8211; &#8220;Centive&#8221;"}]},{"@type":"WebSite","@id":"https:\/\/www.ivinio.com\/fr\/#website","url":"https:\/\/www.ivinio.com\/fr\/","name":"IVINIO Caviste","description":"Vins de France et d&#039;Italie avec livraison \u00e0 domicile","publisher":{"@id":"https:\/\/www.ivinio.com\/fr\/#organization"},"potentialAction":[{"@type":"SearchAction","target":{"@type":"EntryPoint","urlTemplate":"https:\/\/www.ivinio.com\/fr\/?s={search_term_string}"},"query-input":{"@type":"PropertyValueSpecification","valueRequired":true,"valueName":"search_term_string"}}],"inLanguage":"fr-FR"},{"@type":"Organization","@id":"https:\/\/www.ivinio.com\/fr\/#organization","name":"IVINIO","url":"https:\/\/www.ivinio.com\/fr\/","logo":{"@type":"ImageObject","inLanguage":"fr-FR","@id":"https:\/\/www.ivinio.com\/fr\/#\/schema\/logo\/image\/","url":"https:\/\/www.ivinio.com\/wp-content\/uploads\/2021\/01\/Logo-Ivinio-v2.jpg","contentUrl":"https:\/\/www.ivinio.com\/wp-content\/uploads\/2021\/01\/Logo-Ivinio-v2.jpg","width":1194,"height":1194,"caption":"IVINIO"},"image":{"@id":"https:\/\/www.ivinio.com\/fr\/#\/schema\/logo\/image\/"},"sameAs":["https:\/\/www.facebook.com\/groups\/165217837022391\/?ref=bookmarks","https:\/\/www.instagram.com\/_ivinio_\/?hl=fr"]}]}},"jetpack_sharing_enabled":true,"_links":{"self":[{"href":"https:\/\/www.ivinio.com\/fr\/wp-json\/wp\/v2\/product\/117481","targetHints":{"allow":["GET"]}}],"collection":[{"href":"https:\/\/www.ivinio.com\/fr\/wp-json\/wp\/v2\/product"}],"about":[{"href":"https:\/\/www.ivinio.com\/fr\/wp-json\/wp\/v2\/types\/product"}],"replies":[{"embeddable":true,"href":"https:\/\/www.ivinio.com\/fr\/wp-json\/wp\/v2\/comments?post=117481"}],"wp:featuredmedia":[{"embeddable":true,"href":"https:\/\/www.ivinio.com\/fr\/wp-json\/wp\/v2\/media\/131977"}],"wp:attachment":[{"href":"https:\/\/www.ivinio.com\/fr\/wp-json\/wp\/v2\/media?parent=117481"}],"wp:term":[{"taxonomy":"product_brand","embeddable":true,"href":"https:\/\/www.ivinio.com\/fr\/wp-json\/wp\/v2\/product_brand?post=117481"},{"taxonomy":"product_cat","embeddable":true,"href":"https:\/\/www.ivinio.com\/fr\/wp-json\/wp\/v2\/product_cat?post=117481"},{"taxonomy":"product_tag","embeddable":true,"href":"https:\/\/www.ivinio.com\/fr\/wp-json\/wp\/v2\/product_tag?post=117481"}],"curies":[{"name":"wp","href":"https:\/\/api.w.org\/{rel}","templated":true}]}}