{"id":117476,"date":"2014-05-21T10:20:31","date_gmt":"2014-05-21T10:20:31","guid":{"rendered":"https:\/\/henrik.www.ivinio.com\/?product=tenuta-olim-bauda-grignolino-dasti-isolavilla-doc-2016-rouge"},"modified":"2022-12-08T18:12:04","modified_gmt":"2022-12-08T17:12:04","slug":"tenuta-olim-bauda-grignolino-dasti-isolavilla-rouge","status":"publish","type":"product","link":"https:\/\/www.ivinio.com\/fr\/produit\/tenuta-olim-bauda-grignolino-dasti-isolavilla-rouge\/","title":{"rendered":"Tenuta Olim Bauda &#8211; Grignolino d&#8217;Asti &#8211; &#8220;Isolavilla&#8221; &#8211; Rouge"},"content":{"rendered":"<p>Le Grignolino est un c\u00e9page du Pi\u00e9mont comme le Dolcetto. Longtemps n\u00e9glig\u00e9, ce sont les Barbera et Nebbiolo qui ont pris toute la\u00a0r\u00e9putation du Pi\u00e9mont.\u00a0La culture du Grignolino est relativement complexe ainsi que sa vinification.\u00a0Les vignes ne donnent pas non plus autant de raisins que de nombreuses autres vari\u00e9t\u00e9s. Cela explique la raison pour laquelle le Grignolino n\u2019a \u00a0pas encore atteint une telle popularit\u00e9.\u00a0Il a presque toujours \u00e9t\u00e9 cultiv\u00e9 dans le Pi\u00e9mont.\u00a0On le retrouve seulement \u00e0 Napa et Santa Clara, aux \u00c9tats-Unis.\u00a0Quoi qu&#8217;il en soit, Olim Bauda nous pr\u00e9sente un excellent Grignolino d&#8217;Asti qui est tr\u00e8s int\u00e9ressant \u00e0 tester.\u00a0Le vin est relativement facile \u00e0 d\u00e9guster, un peu frais.<\/p>\n","protected":false},"excerpt":{"rendered":"<p>Grignolino est un c\u00e9page int\u00e9ressant du\u00a0Piemont,\u00a0assez unique !\u00a0Ce vin d&#8217;Olim Bauda est un incontournables pour les curieux, passionn\u00e9s de vin! Une vraie d\u00e9couverte\u00a0!<\/p>\n","protected":false},"featured_media":117479,"comment_status":"open","ping_status":"closed","template":"","meta":{"_monsterinsights_skip_tracking":false,"_monsterinsights_sitenote_active":false,"_monsterinsights_sitenote_note":"","_monsterinsights_sitenote_category":0,"_uf_show_specific_survey":0,"_uf_disable_surveys":false},"product_brand":[],"product_cat":[36598,36589],"product_tag":[],"class_list":{"0":"post-117476","1":"product","2":"type-product","3":"status-publish","4":"has-post-thumbnail","6":"product_cat-fr-piemont","7":"product_cat-vins-italiens","8":"pa_alcohol-degree-13-5","9":"pa_classification-doc-grignolino-dasti-fr","10":"pa_color-rouge-fr","11":"pa_country-italie-fr","12":"pa_region-piemont-fr","13":"pa_storage-potential-10-ans-fr","14":"pa_vintage-2018-fr","15":"pa_volume-75-cl-fr","17":"first","18":"instock","19":"taxable","20":"shipping-taxable","21":"purchasable","22":"product-type-simple"},"bundled_by":[],"bundle_stock_status":"instock","bundle_stock_quantity":null,"bundle_virtual":false,"bundle_layout":"","bundle_add_to_cart_form_location":"","bundle_editable_in_cart":false,"bundle_sold_individually_context":"","bundle_item_grouping":"","bundle_min_size":"","bundle_max_size":"","bundle_price":[],"bundled_items":[],"bundle_sell_ids":[],"yoast_head":"<!-- This site is optimized with the Yoast SEO plugin v27.4 - https:\/\/yoast.com\/product\/yoast-seo-wordpress\/ -->\n<title>Tenuta Olim Bauda - Grignolino d&#039;Asti - &quot;Isolavilla&quot; - Rouge - IVINIO Caviste<\/title>\n<meta name=\"description\" content=\"Acheter Tenuta Olim Bauda - Grignolino d&#039;Asti - &quot;Isolavilla&quot; - Rouge. Un vin italien du Pi\u00e9mont. Monoc\u00e9page de grignolino.\" \/>\n<meta name=\"robots\" content=\"index, follow, max-snippet:-1, max-image-preview:large, max-video-preview:-1\" \/>\n<link rel=\"canonical\" href=\"https:\/\/www.ivinio.com\/fr\/produit\/tenuta-olim-bauda-grignolino-dasti-isolavilla-rouge\/\" \/>\n<meta property=\"og:locale\" content=\"fr_FR\" \/>\n<meta property=\"og:type\" content=\"article\" \/>\n<meta property=\"og:title\" content=\"Tenuta Olim Bauda - Grignolino d&#039;Asti - &quot;Isolavilla&quot; - Rouge - IVINIO Caviste\" \/>\n<meta property=\"og:description\" content=\"Acheter Tenuta Olim Bauda - Grignolino d&#039;Asti - &quot;Isolavilla&quot; - Rouge. Un vin italien du Pi\u00e9mont. Monoc\u00e9page de grignolino.\" \/>\n<meta property=\"og:url\" content=\"https:\/\/www.ivinio.com\/fr\/produit\/tenuta-olim-bauda-grignolino-dasti-isolavilla-rouge\/\" \/>\n<meta property=\"og:site_name\" content=\"IVINIO Caviste\" \/>\n<meta property=\"article:publisher\" content=\"https:\/\/www.facebook.com\/groups\/165217837022391\/?ref=bookmarks\" \/>\n<meta property=\"article:modified_time\" content=\"2022-12-08T17:12:04+00:00\" \/>\n<meta property=\"og:image\" content=\"https:\/\/www.ivinio.com\/wp-content\/uploads\/nc\/public\/modules\/file\/pictures\/4483.olimbaudagrignolino500x500.jpg\" \/>\n\t<meta property=\"og:image:width\" content=\"500\" \/>\n\t<meta property=\"og:image:height\" content=\"500\" \/>\n\t<meta property=\"og:image:type\" content=\"image\/jpeg\" \/>\n<meta name=\"twitter:card\" content=\"summary_large_image\" \/>\n<meta name=\"twitter:label1\" content=\"Dur\u00e9e de lecture estim\u00e9e\" \/>\n\t<meta name=\"twitter:data1\" content=\"1 minute\" \/>\n<script type=\"application\/ld+json\" class=\"yoast-schema-graph\">{\"@context\":\"https:\\\/\\\/schema.org\",\"@graph\":[{\"@type\":\"WebPage\",\"@id\":\"https:\\\/\\\/www.ivinio.com\\\/fr\\\/produit\\\/tenuta-olim-bauda-grignolino-dasti-isolavilla-rouge\\\/\",\"url\":\"https:\\\/\\\/www.ivinio.com\\\/fr\\\/produit\\\/tenuta-olim-bauda-grignolino-dasti-isolavilla-rouge\\\/\",\"name\":\"Tenuta Olim Bauda - Grignolino d'Asti - \\\"Isolavilla\\\" - Rouge - IVINIO Caviste\",\"isPartOf\":{\"@id\":\"https:\\\/\\\/www.ivinio.com\\\/fr\\\/#website\"},\"primaryImageOfPage\":{\"@id\":\"https:\\\/\\\/www.ivinio.com\\\/fr\\\/produit\\\/tenuta-olim-bauda-grignolino-dasti-isolavilla-rouge\\\/#primaryimage\"},\"image\":{\"@id\":\"https:\\\/\\\/www.ivinio.com\\\/fr\\\/produit\\\/tenuta-olim-bauda-grignolino-dasti-isolavilla-rouge\\\/#primaryimage\"},\"thumbnailUrl\":\"https:\\\/\\\/www.ivinio.com\\\/wp-content\\\/uploads\\\/nc\\\/public\\\/modules\\\/file\\\/pictures\\\/4483.olimbaudagrignolino500x500.jpg\",\"datePublished\":\"2014-05-21T10:20:31+00:00\",\"dateModified\":\"2022-12-08T17:12:04+00:00\",\"description\":\"Acheter Tenuta Olim Bauda - Grignolino d'Asti - \\\"Isolavilla\\\" - Rouge. Un vin italien du Pi\u00e9mont. Monoc\u00e9page de grignolino.\",\"breadcrumb\":{\"@id\":\"https:\\\/\\\/www.ivinio.com\\\/fr\\\/produit\\\/tenuta-olim-bauda-grignolino-dasti-isolavilla-rouge\\\/#breadcrumb\"},\"inLanguage\":\"fr-FR\",\"potentialAction\":[{\"@type\":\"ReadAction\",\"target\":[\"https:\\\/\\\/www.ivinio.com\\\/fr\\\/produit\\\/tenuta-olim-bauda-grignolino-dasti-isolavilla-rouge\\\/\"]}]},{\"@type\":\"ImageObject\",\"inLanguage\":\"fr-FR\",\"@id\":\"https:\\\/\\\/www.ivinio.com\\\/fr\\\/produit\\\/tenuta-olim-bauda-grignolino-dasti-isolavilla-rouge\\\/#primaryimage\",\"url\":\"https:\\\/\\\/www.ivinio.com\\\/wp-content\\\/uploads\\\/nc\\\/public\\\/modules\\\/file\\\/pictures\\\/4483.olimbaudagrignolino500x500.jpg\",\"contentUrl\":\"https:\\\/\\\/www.ivinio.com\\\/wp-content\\\/uploads\\\/nc\\\/public\\\/modules\\\/file\\\/pictures\\\/4483.olimbaudagrignolino500x500.jpg\",\"width\":500,\"height\":500},{\"@type\":\"BreadcrumbList\",\"@id\":\"https:\\\/\\\/www.ivinio.com\\\/fr\\\/produit\\\/tenuta-olim-bauda-grignolino-dasti-isolavilla-rouge\\\/#breadcrumb\",\"itemListElement\":[{\"@type\":\"ListItem\",\"position\":1,\"name\":\"Home\",\"item\":\"https:\\\/\\\/www.ivinio.com\\\/fr\\\/\"},{\"@type\":\"ListItem\",\"position\":2,\"name\":\"Boutique de vin\",\"item\":\"https:\\\/\\\/www.ivinio.com\\\/fr\\\/boutique-de-vin\\\/\"},{\"@type\":\"ListItem\",\"position\":3,\"name\":\"Tenuta Olim Bauda &#8211; Grignolino d&#8217;Asti &#8211; &#8220;Isolavilla&#8221; &#8211; Rouge\"}]},{\"@type\":\"WebSite\",\"@id\":\"https:\\\/\\\/www.ivinio.com\\\/fr\\\/#website\",\"url\":\"https:\\\/\\\/www.ivinio.com\\\/fr\\\/\",\"name\":\"IVINIO Caviste\",\"description\":\"Vins de France et d&#039;Italie avec livraison \u00e0 domicile\",\"publisher\":{\"@id\":\"https:\\\/\\\/www.ivinio.com\\\/fr\\\/#organization\"},\"potentialAction\":[{\"@type\":\"SearchAction\",\"target\":{\"@type\":\"EntryPoint\",\"urlTemplate\":\"https:\\\/\\\/www.ivinio.com\\\/fr\\\/?s={search_term_string}\"},\"query-input\":{\"@type\":\"PropertyValueSpecification\",\"valueRequired\":true,\"valueName\":\"search_term_string\"}}],\"inLanguage\":\"fr-FR\"},{\"@type\":\"Organization\",\"@id\":\"https:\\\/\\\/www.ivinio.com\\\/fr\\\/#organization\",\"name\":\"IVINIO\",\"url\":\"https:\\\/\\\/www.ivinio.com\\\/fr\\\/\",\"logo\":{\"@type\":\"ImageObject\",\"inLanguage\":\"fr-FR\",\"@id\":\"https:\\\/\\\/www.ivinio.com\\\/fr\\\/#\\\/schema\\\/logo\\\/image\\\/\",\"url\":\"https:\\\/\\\/www.ivinio.com\\\/wp-content\\\/uploads\\\/2021\\\/01\\\/Logo-Ivinio-v2.jpg\",\"contentUrl\":\"https:\\\/\\\/www.ivinio.com\\\/wp-content\\\/uploads\\\/2021\\\/01\\\/Logo-Ivinio-v2.jpg\",\"width\":1194,\"height\":1194,\"caption\":\"IVINIO\"},\"image\":{\"@id\":\"https:\\\/\\\/www.ivinio.com\\\/fr\\\/#\\\/schema\\\/logo\\\/image\\\/\"},\"sameAs\":[\"https:\\\/\\\/www.facebook.com\\\/groups\\\/165217837022391\\\/?ref=bookmarks\",\"https:\\\/\\\/www.instagram.com\\\/_ivinio_\\\/?hl=fr\"]}]}<\/script>\n<!-- \/ Yoast SEO plugin. -->","yoast_head_json":{"title":"Tenuta Olim Bauda - Grignolino d'Asti - \"Isolavilla\" - Rouge - IVINIO Caviste","description":"Acheter Tenuta Olim Bauda - Grignolino d'Asti - \"Isolavilla\" - Rouge. Un vin italien du Pi\u00e9mont. Monoc\u00e9page de grignolino.","robots":{"index":"index","follow":"follow","max-snippet":"max-snippet:-1","max-image-preview":"max-image-preview:large","max-video-preview":"max-video-preview:-1"},"canonical":"https:\/\/www.ivinio.com\/fr\/produit\/tenuta-olim-bauda-grignolino-dasti-isolavilla-rouge\/","og_locale":"fr_FR","og_type":"article","og_title":"Tenuta Olim Bauda - Grignolino d'Asti - \"Isolavilla\" - Rouge - IVINIO Caviste","og_description":"Acheter Tenuta Olim Bauda - Grignolino d'Asti - \"Isolavilla\" - Rouge. Un vin italien du Pi\u00e9mont. Monoc\u00e9page de grignolino.","og_url":"https:\/\/www.ivinio.com\/fr\/produit\/tenuta-olim-bauda-grignolino-dasti-isolavilla-rouge\/","og_site_name":"IVINIO Caviste","article_publisher":"https:\/\/www.facebook.com\/groups\/165217837022391\/?ref=bookmarks","article_modified_time":"2022-12-08T17:12:04+00:00","og_image":[{"width":500,"height":500,"url":"https:\/\/www.ivinio.com\/wp-content\/uploads\/nc\/public\/modules\/file\/pictures\/4483.olimbaudagrignolino500x500.jpg","type":"image\/jpeg"}],"twitter_card":"summary_large_image","twitter_misc":{"Dur\u00e9e de lecture estim\u00e9e":"1 minute"},"schema":{"@context":"https:\/\/schema.org","@graph":[{"@type":"WebPage","@id":"https:\/\/www.ivinio.com\/fr\/produit\/tenuta-olim-bauda-grignolino-dasti-isolavilla-rouge\/","url":"https:\/\/www.ivinio.com\/fr\/produit\/tenuta-olim-bauda-grignolino-dasti-isolavilla-rouge\/","name":"Tenuta Olim Bauda - Grignolino d'Asti - \"Isolavilla\" - Rouge - IVINIO Caviste","isPartOf":{"@id":"https:\/\/www.ivinio.com\/fr\/#website"},"primaryImageOfPage":{"@id":"https:\/\/www.ivinio.com\/fr\/produit\/tenuta-olim-bauda-grignolino-dasti-isolavilla-rouge\/#primaryimage"},"image":{"@id":"https:\/\/www.ivinio.com\/fr\/produit\/tenuta-olim-bauda-grignolino-dasti-isolavilla-rouge\/#primaryimage"},"thumbnailUrl":"https:\/\/www.ivinio.com\/wp-content\/uploads\/nc\/public\/modules\/file\/pictures\/4483.olimbaudagrignolino500x500.jpg","datePublished":"2014-05-21T10:20:31+00:00","dateModified":"2022-12-08T17:12:04+00:00","description":"Acheter Tenuta Olim Bauda - Grignolino d'Asti - \"Isolavilla\" - Rouge. Un vin italien du Pi\u00e9mont. Monoc\u00e9page de grignolino.","breadcrumb":{"@id":"https:\/\/www.ivinio.com\/fr\/produit\/tenuta-olim-bauda-grignolino-dasti-isolavilla-rouge\/#breadcrumb"},"inLanguage":"fr-FR","potentialAction":[{"@type":"ReadAction","target":["https:\/\/www.ivinio.com\/fr\/produit\/tenuta-olim-bauda-grignolino-dasti-isolavilla-rouge\/"]}]},{"@type":"ImageObject","inLanguage":"fr-FR","@id":"https:\/\/www.ivinio.com\/fr\/produit\/tenuta-olim-bauda-grignolino-dasti-isolavilla-rouge\/#primaryimage","url":"https:\/\/www.ivinio.com\/wp-content\/uploads\/nc\/public\/modules\/file\/pictures\/4483.olimbaudagrignolino500x500.jpg","contentUrl":"https:\/\/www.ivinio.com\/wp-content\/uploads\/nc\/public\/modules\/file\/pictures\/4483.olimbaudagrignolino500x500.jpg","width":500,"height":500},{"@type":"BreadcrumbList","@id":"https:\/\/www.ivinio.com\/fr\/produit\/tenuta-olim-bauda-grignolino-dasti-isolavilla-rouge\/#breadcrumb","itemListElement":[{"@type":"ListItem","position":1,"name":"Home","item":"https:\/\/www.ivinio.com\/fr\/"},{"@type":"ListItem","position":2,"name":"Boutique de vin","item":"https:\/\/www.ivinio.com\/fr\/boutique-de-vin\/"},{"@type":"ListItem","position":3,"name":"Tenuta Olim Bauda &#8211; Grignolino d&#8217;Asti &#8211; &#8220;Isolavilla&#8221; &#8211; Rouge"}]},{"@type":"WebSite","@id":"https:\/\/www.ivinio.com\/fr\/#website","url":"https:\/\/www.ivinio.com\/fr\/","name":"IVINIO Caviste","description":"Vins de France et d&#039;Italie avec livraison \u00e0 domicile","publisher":{"@id":"https:\/\/www.ivinio.com\/fr\/#organization"},"potentialAction":[{"@type":"SearchAction","target":{"@type":"EntryPoint","urlTemplate":"https:\/\/www.ivinio.com\/fr\/?s={search_term_string}"},"query-input":{"@type":"PropertyValueSpecification","valueRequired":true,"valueName":"search_term_string"}}],"inLanguage":"fr-FR"},{"@type":"Organization","@id":"https:\/\/www.ivinio.com\/fr\/#organization","name":"IVINIO","url":"https:\/\/www.ivinio.com\/fr\/","logo":{"@type":"ImageObject","inLanguage":"fr-FR","@id":"https:\/\/www.ivinio.com\/fr\/#\/schema\/logo\/image\/","url":"https:\/\/www.ivinio.com\/wp-content\/uploads\/2021\/01\/Logo-Ivinio-v2.jpg","contentUrl":"https:\/\/www.ivinio.com\/wp-content\/uploads\/2021\/01\/Logo-Ivinio-v2.jpg","width":1194,"height":1194,"caption":"IVINIO"},"image":{"@id":"https:\/\/www.ivinio.com\/fr\/#\/schema\/logo\/image\/"},"sameAs":["https:\/\/www.facebook.com\/groups\/165217837022391\/?ref=bookmarks","https:\/\/www.instagram.com\/_ivinio_\/?hl=fr"]}]}},"jetpack_sharing_enabled":true,"_links":{"self":[{"href":"https:\/\/www.ivinio.com\/fr\/wp-json\/wp\/v2\/product\/117476","targetHints":{"allow":["GET"]}}],"collection":[{"href":"https:\/\/www.ivinio.com\/fr\/wp-json\/wp\/v2\/product"}],"about":[{"href":"https:\/\/www.ivinio.com\/fr\/wp-json\/wp\/v2\/types\/product"}],"replies":[{"embeddable":true,"href":"https:\/\/www.ivinio.com\/fr\/wp-json\/wp\/v2\/comments?post=117476"}],"wp:featuredmedia":[{"embeddable":true,"href":"https:\/\/www.ivinio.com\/fr\/wp-json\/wp\/v2\/media\/117479"}],"wp:attachment":[{"href":"https:\/\/www.ivinio.com\/fr\/wp-json\/wp\/v2\/media?parent=117476"}],"wp:term":[{"taxonomy":"product_brand","embeddable":true,"href":"https:\/\/www.ivinio.com\/fr\/wp-json\/wp\/v2\/product_brand?post=117476"},{"taxonomy":"product_cat","embeddable":true,"href":"https:\/\/www.ivinio.com\/fr\/wp-json\/wp\/v2\/product_cat?post=117476"},{"taxonomy":"product_tag","embeddable":true,"href":"https:\/\/www.ivinio.com\/fr\/wp-json\/wp\/v2\/product_tag?post=117476"}],"curies":[{"name":"wp","href":"https:\/\/api.w.org\/{rel}","templated":true}]}}